{"id":9220,"date":"2022-03-30T16:25:19","date_gmt":"2022-03-30T14:25:19","guid":{"rendered":"https:\/\/stage.nordtec.se\/produkter\/okategoriserad\/ca1510-co2-inneklimatmatare\/"},"modified":"2025-12-12T12:18:19","modified_gmt":"2025-12-12T10:18:19","slug":"ca1510-klimatlogger-for-luftkvalitet","status":"publish","type":"product","link":"https:\/\/stage.nordtec.se\/fi\/tuote\/matinstrument\/ventilationsinstrument\/klimatinstrument\/ca1510-klimatlogger-for-luftkvalitet\/","title":{"rendered":"CA 1510 \u2013 klimatlogger f\u00f6r luftkvalitet"},"content":{"rendered":"<h2>CA 1510 \u2013 klimatlogger f\u00f6r m\u00e4tning av luftkvalitet<\/h2>\n<p>Datalogger som m\u00e4ter och loggar tre fysiska storheter, CO2 (koldioxid), temperatur samt relativ luftfuktighet. CA 1510 ber\u00e4knar sedan luftkvaliteten baserat p\u00e5 antingen CO2-niv\u00e5n eller en kombination av de tre storheterna. Enligt Socialstyrelsen, Boverket samt Arbetarskyddsstyrelsen \u00e4r en koldioxidhalt p\u00e5 1000 ppm ett riktv\u00e4rde som inte b\u00f6r \u00f6verstigas i lokaler med stillasittande arbete. Utomhus \u00e4r en typisk niv\u00e5 runt 400 ppm och inomhus i bra ventilerade utrymmen 600\u2026800 ppm.<\/p>\n<p>Eftersom den \u00e4r enkel att anv\u00e4nda kan den b\u00e5de anv\u00e4ndas som ett portabelt eller fast instrument uppsatt p\u00e5 en v\u00e4gg. Loggningsintervallet v\u00e4ljs mellan 15 s och 2 h och minnet med 8 MB r\u00e4cker till f\u00f6r 1 miljon m\u00e4tv\u00e4rden. Med 10 minuters loggningsintervall r\u00e4cker den l\u00e5nga batteritiden till upp till 45 dagars loggning. Det \u00e4r \u00e4ven m\u00f6jligt att l\u00e5sa instrumentet under loggning, d\u00e5 heller inga m\u00e4tv\u00e4rden i displayen visas.<\/p>\n<p>Med Bluetooth-kommunikation kan antingen en PC eller en Android-enhet anslutas f\u00f6r att konfigurera, ladda ner m\u00e4tdata samt g\u00f6ra rapporter. PC-mjukvaran \u00e4r p\u00e5 svenska. CA 1510 har en magnet p\u00e5 baksidan f\u00f6r enkel och snabb upps\u00e4ttning. Dessutom finns en v\u00e4ggh\u00e5llare och b\u00e4nkst\u00f6d som tillbeh\u00f6r.<\/p>\n<h2>Ing\u00e5r i leverans<\/h2>\n<p>Datalogger CA 1510, inkl. n\u00e4taggregat<\/p>\n","protected":false},"excerpt":{"rendered":"<p>Inneklimatm\u00e4tare f\u00f6r bed\u00f6mning av inomhusluftens kvalitet<\/p>\n<ul>\n<li>M\u00e4tomr\u00e5de 0&#8230;5000 ppm CO2<\/li>\n<li>M\u00e4tomr\u00e5de temperatur -10&#8230;60 \u00b0C<\/li>\n<li>M\u00e4tomr\u00e5de fukt 5&#8230;95% RH<\/li>\n<li>Minne f\u00f6r 1 miljon m\u00e4tv\u00e4rden<\/li>\n<\/ul>\n","protected":false},"featured_media":22682,"template":"","meta":{"_kad_blocks_custom_css":"","_kad_blocks_head_custom_js":"","_kad_blocks_body_custom_js":"","_kad_blocks_footer_custom_js":"","footnotes":""},"product_brand":[1442],"product_cat":[289,54,164,287,49,324,332,163],"product_tag":[703,700],"class_list":{"0":"post-9220","1":"product","2":"type-product","3":"status-publish","4":"has-post-thumbnail","6":"product_brand-ca-matsystem","7":"product_cat-co2-loggrar","8":"product_cat-dataloggrar","9":"product_cat-inneklimat-arbetsmiljo","10":"product_cat-klimatinstrument","11":"product_cat-matinstrument","12":"product_cat-miljoinstrument","13":"product_cat-ventilationsinstrument","14":"product_cat-vvs-fastighet","15":"product_tag-co2","16":"product_tag-fukt","18":"first","19":"onbackorder","20":"taxable","21":"shipping-taxable","22":"purchasable","23":"product-type-simple"},"yoast_head":"<!-- This site is optimized with the Yoast SEO Premium plugin v25.8 (Yoast SEO v27.4) - https:\/\/yoast.com\/product\/yoast-seo-premium-wordpress\/ -->\n<title>CA 1510 \u2013 klimatlogger f\u00f6r luftkvalitet | Nordtec<\/title>\n<meta name=\"description\" content=\"Inneklimatm\u00e4tare f\u00f6r bed\u00f6mning av inomhusluftens kvalitet \u1405 CA1510 \u2713 0...5000 ppm CO2 \u2713-10...60 \u00b0C - \u2713 5...95% RH \u2713 Minne f\u00f6r 1 miljon m\u00e4tv\u00e4rden\" \/>\n<meta name=\"robots\" content=\"noindex, follow, max-snippet:-1, max-image-preview:large, max-video-preview:-1\" \/>\n<meta property=\"og:locale\" content=\"fi_FI\" \/>\n<meta property=\"og:type\" content=\"article\" \/>\n<meta property=\"og:title\" content=\"CA 1510 \u2013 klimatlogger f\u00f6r luftkvalitet\" \/>\n<meta property=\"og:description\" content=\"Inneklimatm\u00e4tare f\u00f6r bed\u00f6mning av inomhusluftens kvalitet \u1405 CA1510 \u2713 0...5000 ppm CO2 \u2713-10...60 \u00b0C - \u2713 5...95% RH \u2713 Minne f\u00f6r 1 miljon m\u00e4tv\u00e4rden\" \/>\n<meta property=\"og:url\" content=\"https:\/\/stage.nordtec.se\/fi\/tuote\/matinstrument\/ventilationsinstrument\/klimatinstrument\/ca1510-klimatlogger-for-luftkvalitet\/\" \/>\n<meta property=\"og:site_name\" content=\"Nordtec\" \/>\n<meta property=\"article:publisher\" content=\"https:\/\/www.facebook.com\/nordtecinstrument\" \/>\n<meta property=\"article:modified_time\" content=\"2025-12-12T10:18:19+00:00\" \/>\n<meta property=\"og:image\" content=\"https:\/\/stage.nordtec.se\/wp-content\/uploads\/2022\/03\/6010-1511-FRI_800px.png\" \/>\n\t<meta property=\"og:image:width\" content=\"800\" \/>\n\t<meta property=\"og:image:height\" content=\"800\" \/>\n\t<meta property=\"og:image:type\" content=\"image\/png\" \/>\n<meta name=\"twitter:card\" content=\"summary_large_image\" \/>\n<meta name=\"twitter:label1\" content=\"Arvioitu lukuaika\" \/>\n\t<meta name=\"twitter:data1\" content=\"2 minuuttia\" \/>\n<script type=\"application\/ld+json\" class=\"yoast-schema-graph\">{\"@context\":\"https:\\\/\\\/schema.org\",\"@graph\":[{\"@type\":[\"WebPage\",\"ItemPage\"],\"@id\":\"https:\\\/\\\/stage.nordtec.se\\\/fi\\\/tuote\\\/matinstrument\\\/ventilationsinstrument\\\/klimatinstrument\\\/ca1510-klimatlogger-for-luftkvalitet\\\/\",\"url\":\"https:\\\/\\\/stage.nordtec.se\\\/fi\\\/tuote\\\/matinstrument\\\/ventilationsinstrument\\\/klimatinstrument\\\/ca1510-klimatlogger-for-luftkvalitet\\\/\",\"name\":\"CA 1510 \u2013 klimatlogger f\u00f6r luftkvalitet | Nordtec\",\"isPartOf\":{\"@id\":\"https:\\\/\\\/stage.nordtec.se\\\/fi\\\/#website\"},\"primaryImageOfPage\":{\"@id\":\"https:\\\/\\\/stage.nordtec.se\\\/fi\\\/tuote\\\/matinstrument\\\/ventilationsinstrument\\\/klimatinstrument\\\/ca1510-klimatlogger-for-luftkvalitet\\\/#primaryimage\"},\"image\":{\"@id\":\"https:\\\/\\\/stage.nordtec.se\\\/fi\\\/tuote\\\/matinstrument\\\/ventilationsinstrument\\\/klimatinstrument\\\/ca1510-klimatlogger-for-luftkvalitet\\\/#primaryimage\"},\"thumbnailUrl\":\"https:\\\/\\\/stage.nordtec.se\\\/wp-content\\\/uploads\\\/2022\\\/03\\\/6010-1511-FRI_800px.png\",\"datePublished\":\"2022-03-30T14:25:19+00:00\",\"dateModified\":\"2025-12-12T10:18:19+00:00\",\"description\":\"Inneklimatm\u00e4tare f\u00f6r bed\u00f6mning av inomhusluftens kvalitet \u1405 CA1510 \u2713 0...5000 ppm CO2 \u2713-10...60 \u00b0C - \u2713 5...95% RH \u2713 Minne f\u00f6r 1 miljon m\u00e4tv\u00e4rden\",\"breadcrumb\":{\"@id\":\"https:\\\/\\\/stage.nordtec.se\\\/fi\\\/tuote\\\/matinstrument\\\/ventilationsinstrument\\\/klimatinstrument\\\/ca1510-klimatlogger-for-luftkvalitet\\\/#breadcrumb\"},\"inLanguage\":\"fi\",\"potentialAction\":[{\"@type\":\"ReadAction\",\"target\":[\"https:\\\/\\\/stage.nordtec.se\\\/fi\\\/tuote\\\/matinstrument\\\/ventilationsinstrument\\\/klimatinstrument\\\/ca1510-klimatlogger-for-luftkvalitet\\\/\"]}]},{\"@type\":\"ImageObject\",\"inLanguage\":\"fi\",\"@id\":\"https:\\\/\\\/stage.nordtec.se\\\/fi\\\/tuote\\\/matinstrument\\\/ventilationsinstrument\\\/klimatinstrument\\\/ca1510-klimatlogger-for-luftkvalitet\\\/#primaryimage\",\"url\":\"https:\\\/\\\/stage.nordtec.se\\\/wp-content\\\/uploads\\\/2022\\\/03\\\/6010-1511-FRI_800px.png\",\"contentUrl\":\"https:\\\/\\\/stage.nordtec.se\\\/wp-content\\\/uploads\\\/2022\\\/03\\\/6010-1511-FRI_800px.png\",\"width\":800,\"height\":800,\"caption\":\"Klimatm\u00e4tare CA1510\"},{\"@type\":\"BreadcrumbList\",\"@id\":\"https:\\\/\\\/stage.nordtec.se\\\/fi\\\/tuote\\\/matinstrument\\\/ventilationsinstrument\\\/klimatinstrument\\\/ca1510-klimatlogger-for-luftkvalitet\\\/#breadcrumb\",\"itemListElement\":[{\"@type\":\"ListItem\",\"position\":1,\"name\":\"Hem\",\"item\":\"https:\\\/\\\/stage.nordtec.se\\\/fi\\\/\"},{\"@type\":\"ListItem\",\"position\":2,\"name\":\"Kauppa\",\"item\":\"https:\\\/\\\/stage.nordtec.se\\\/produkter\\\/\"},{\"@type\":\"ListItem\",\"position\":3,\"name\":\"CA 1510 \u2013 klimatlogger f\u00f6r luftkvalitet\"}]},{\"@type\":\"WebSite\",\"@id\":\"https:\\\/\\\/stage.nordtec.se\\\/fi\\\/#website\",\"url\":\"https:\\\/\\\/stage.nordtec.se\\\/fi\\\/\",\"name\":\"Nordtec\",\"description\":\"Din partner inom m\u00e4tteknik\",\"publisher\":{\"@id\":\"https:\\\/\\\/stage.nordtec.se\\\/fi\\\/#organization\"},\"potentialAction\":[{\"@type\":\"SearchAction\",\"target\":{\"@type\":\"EntryPoint\",\"urlTemplate\":\"https:\\\/\\\/stage.nordtec.se\\\/fi\\\/?s={search_term_string}\"},\"query-input\":{\"@type\":\"PropertyValueSpecification\",\"valueRequired\":true,\"valueName\":\"search_term_string\"}}],\"inLanguage\":\"fi\"},{\"@type\":\"Organization\",\"@id\":\"https:\\\/\\\/stage.nordtec.se\\\/fi\\\/#organization\",\"name\":\"Nordtec Instrument AB\",\"url\":\"https:\\\/\\\/stage.nordtec.se\\\/fi\\\/\",\"logo\":{\"@type\":\"ImageObject\",\"inLanguage\":\"fi\",\"@id\":\"https:\\\/\\\/stage.nordtec.se\\\/fi\\\/#\\\/schema\\\/logo\\\/image\\\/\",\"url\":\"https:\\\/\\\/stage.nordtec.se\\\/wp-content\\\/uploads\\\/2021\\\/08\\\/nordtec_logo_rgb-340px.png\",\"contentUrl\":\"https:\\\/\\\/stage.nordtec.se\\\/wp-content\\\/uploads\\\/2021\\\/08\\\/nordtec_logo_rgb-340px.png\",\"width\":340,\"height\":75,\"caption\":\"Nordtec Instrument AB\"},\"image\":{\"@id\":\"https:\\\/\\\/stage.nordtec.se\\\/fi\\\/#\\\/schema\\\/logo\\\/image\\\/\"},\"sameAs\":[\"https:\\\/\\\/www.facebook.com\\\/nordtecinstrument\",\"https:\\\/\\\/www.instagram.com\\\/nordtec_instrument\\\/\",\"https:\\\/\\\/www.linkedin.com\\\/company\\\/nordtec-instrument-ab\\\/\",\"https:\\\/\\\/www.youtube.com\\\/channel\\\/UCbmAq3ZmfBKOGg7_igFURng\"]}]}<\/script>\n<!-- \/ Yoast SEO Premium plugin. -->","yoast_head_json":{"title":"CA 1510 \u2013 klimatlogger f\u00f6r luftkvalitet | Nordtec","description":"Inneklimatm\u00e4tare f\u00f6r bed\u00f6mning av inomhusluftens kvalitet \u1405 CA1510 \u2713 0...5000 ppm CO2 \u2713-10...60 \u00b0C - \u2713 5...95% RH \u2713 Minne f\u00f6r 1 miljon m\u00e4tv\u00e4rden","robots":{"index":"noindex","follow":"follow","max-snippet":"max-snippet:-1","max-image-preview":"max-image-preview:large","max-video-preview":"max-video-preview:-1"},"og_locale":"fi_FI","og_type":"article","og_title":"CA 1510 \u2013 klimatlogger f\u00f6r luftkvalitet","og_description":"Inneklimatm\u00e4tare f\u00f6r bed\u00f6mning av inomhusluftens kvalitet \u1405 CA1510 \u2713 0...5000 ppm CO2 \u2713-10...60 \u00b0C - \u2713 5...95% RH \u2713 Minne f\u00f6r 1 miljon m\u00e4tv\u00e4rden","og_url":"https:\/\/stage.nordtec.se\/fi\/tuote\/matinstrument\/ventilationsinstrument\/klimatinstrument\/ca1510-klimatlogger-for-luftkvalitet\/","og_site_name":"Nordtec","article_publisher":"https:\/\/www.facebook.com\/nordtecinstrument","article_modified_time":"2025-12-12T10:18:19+00:00","og_image":[{"width":800,"height":800,"url":"https:\/\/stage.nordtec.se\/wp-content\/uploads\/2022\/03\/6010-1511-FRI_800px.png","type":"image\/png"}],"twitter_card":"summary_large_image","twitter_misc":{"Arvioitu lukuaika":"2 minuuttia"},"schema":{"@context":"https:\/\/schema.org","@graph":[{"@type":["WebPage","ItemPage"],"@id":"https:\/\/stage.nordtec.se\/fi\/tuote\/matinstrument\/ventilationsinstrument\/klimatinstrument\/ca1510-klimatlogger-for-luftkvalitet\/","url":"https:\/\/stage.nordtec.se\/fi\/tuote\/matinstrument\/ventilationsinstrument\/klimatinstrument\/ca1510-klimatlogger-for-luftkvalitet\/","name":"CA 1510 \u2013 klimatlogger f\u00f6r luftkvalitet | Nordtec","isPartOf":{"@id":"https:\/\/stage.nordtec.se\/fi\/#website"},"primaryImageOfPage":{"@id":"https:\/\/stage.nordtec.se\/fi\/tuote\/matinstrument\/ventilationsinstrument\/klimatinstrument\/ca1510-klimatlogger-for-luftkvalitet\/#primaryimage"},"image":{"@id":"https:\/\/stage.nordtec.se\/fi\/tuote\/matinstrument\/ventilationsinstrument\/klimatinstrument\/ca1510-klimatlogger-for-luftkvalitet\/#primaryimage"},"thumbnailUrl":"https:\/\/stage.nordtec.se\/wp-content\/uploads\/2022\/03\/6010-1511-FRI_800px.png","datePublished":"2022-03-30T14:25:19+00:00","dateModified":"2025-12-12T10:18:19+00:00","description":"Inneklimatm\u00e4tare f\u00f6r bed\u00f6mning av inomhusluftens kvalitet \u1405 CA1510 \u2713 0...5000 ppm CO2 \u2713-10...60 \u00b0C - \u2713 5...95% RH \u2713 Minne f\u00f6r 1 miljon m\u00e4tv\u00e4rden","breadcrumb":{"@id":"https:\/\/stage.nordtec.se\/fi\/tuote\/matinstrument\/ventilationsinstrument\/klimatinstrument\/ca1510-klimatlogger-for-luftkvalitet\/#breadcrumb"},"inLanguage":"fi","potentialAction":[{"@type":"ReadAction","target":["https:\/\/stage.nordtec.se\/fi\/tuote\/matinstrument\/ventilationsinstrument\/klimatinstrument\/ca1510-klimatlogger-for-luftkvalitet\/"]}]},{"@type":"ImageObject","inLanguage":"fi","@id":"https:\/\/stage.nordtec.se\/fi\/tuote\/matinstrument\/ventilationsinstrument\/klimatinstrument\/ca1510-klimatlogger-for-luftkvalitet\/#primaryimage","url":"https:\/\/stage.nordtec.se\/wp-content\/uploads\/2022\/03\/6010-1511-FRI_800px.png","contentUrl":"https:\/\/stage.nordtec.se\/wp-content\/uploads\/2022\/03\/6010-1511-FRI_800px.png","width":800,"height":800,"caption":"Klimatm\u00e4tare CA1510"},{"@type":"BreadcrumbList","@id":"https:\/\/stage.nordtec.se\/fi\/tuote\/matinstrument\/ventilationsinstrument\/klimatinstrument\/ca1510-klimatlogger-for-luftkvalitet\/#breadcrumb","itemListElement":[{"@type":"ListItem","position":1,"name":"Hem","item":"https:\/\/stage.nordtec.se\/fi\/"},{"@type":"ListItem","position":2,"name":"Kauppa","item":"https:\/\/stage.nordtec.se\/produkter\/"},{"@type":"ListItem","position":3,"name":"CA 1510 \u2013 klimatlogger f\u00f6r luftkvalitet"}]},{"@type":"WebSite","@id":"https:\/\/stage.nordtec.se\/fi\/#website","url":"https:\/\/stage.nordtec.se\/fi\/","name":"Nordtec","description":"Din partner inom m\u00e4tteknik","publisher":{"@id":"https:\/\/stage.nordtec.se\/fi\/#organization"},"potentialAction":[{"@type":"SearchAction","target":{"@type":"EntryPoint","urlTemplate":"https:\/\/stage.nordtec.se\/fi\/?s={search_term_string}"},"query-input":{"@type":"PropertyValueSpecification","valueRequired":true,"valueName":"search_term_string"}}],"inLanguage":"fi"},{"@type":"Organization","@id":"https:\/\/stage.nordtec.se\/fi\/#organization","name":"Nordtec Instrument AB","url":"https:\/\/stage.nordtec.se\/fi\/","logo":{"@type":"ImageObject","inLanguage":"fi","@id":"https:\/\/stage.nordtec.se\/fi\/#\/schema\/logo\/image\/","url":"https:\/\/stage.nordtec.se\/wp-content\/uploads\/2021\/08\/nordtec_logo_rgb-340px.png","contentUrl":"https:\/\/stage.nordtec.se\/wp-content\/uploads\/2021\/08\/nordtec_logo_rgb-340px.png","width":340,"height":75,"caption":"Nordtec Instrument AB"},"image":{"@id":"https:\/\/stage.nordtec.se\/fi\/#\/schema\/logo\/image\/"},"sameAs":["https:\/\/www.facebook.com\/nordtecinstrument","https:\/\/www.instagram.com\/nordtec_instrument\/","https:\/\/www.linkedin.com\/company\/nordtec-instrument-ab\/","https:\/\/www.youtube.com\/channel\/UCbmAq3ZmfBKOGg7_igFURng"]}]}},"taxonomy_info":{"product_brand":[{"value":1442,"label":"CA M\u00e4tsystem"}],"product_cat":[{"value":289,"label":"CO2-loggrar"},{"value":54,"label":"Dataloggrar"},{"value":164,"label":"Inneklimat &amp; Arbetsmilj\u00f6"},{"value":287,"label":"Klimatinstrument"},{"value":49,"label":"M\u00e4tinstrument"},{"value":324,"label":"Milj\u00f6instrument"},{"value":332,"label":"Ventilationsinstrument"},{"value":163,"label":"VVS &amp; Fastighet"}],"product_tag":[{"value":703,"label":"CO2"},{"value":700,"label":"Fukt"}]},"featured_image_src_large":["https:\/\/stage.nordtec.se\/wp-content\/uploads\/2022\/03\/6010-1511-FRI_800px.png",800,800,false],"author_info":[],"comment_info":"","_links":{"self":[{"href":"https:\/\/stage.nordtec.se\/fi\/wp-json\/wp\/v2\/product\/9220","targetHints":{"allow":["GET"]}}],"collection":[{"href":"https:\/\/stage.nordtec.se\/fi\/wp-json\/wp\/v2\/product"}],"about":[{"href":"https:\/\/stage.nordtec.se\/fi\/wp-json\/wp\/v2\/types\/product"}],"version-history":[{"count":11,"href":"https:\/\/stage.nordtec.se\/fi\/wp-json\/wp\/v2\/product\/9220\/revisions"}],"predecessor-version":[{"id":51389,"href":"https:\/\/stage.nordtec.se\/fi\/wp-json\/wp\/v2\/product\/9220\/revisions\/51389"}],"wp:featuredmedia":[{"embeddable":true,"href":"https:\/\/stage.nordtec.se\/fi\/wp-json\/wp\/v2\/media\/22682"}],"wp:attachment":[{"href":"https:\/\/stage.nordtec.se\/fi\/wp-json\/wp\/v2\/media?parent=9220"}],"wp:term":[{"taxonomy":"product_brand","embeddable":true,"href":"https:\/\/stage.nordtec.se\/fi\/wp-json\/wp\/v2\/product_brand?post=9220"},{"taxonomy":"product_cat","embeddable":true,"href":"https:\/\/stage.nordtec.se\/fi\/wp-json\/wp\/v2\/product_cat?post=9220"},{"taxonomy":"product_tag","embeddable":true,"href":"https:\/\/stage.nordtec.se\/fi\/wp-json\/wp\/v2\/product_tag?post=9220"}],"curies":[{"name":"wp","href":"https:\/\/api.w.org\/{rel}","templated":true}]}}