{"id":9133,"date":"2022-03-30T16:15:42","date_gmt":"2022-03-30T14:15:42","guid":{"rendered":"https:\/\/stage.nordtec.se\/produkter\/okategoriserad\/testo-417\/"},"modified":"2025-12-05T13:18:15","modified_gmt":"2025-12-05T11:18:15","slug":"testo-417-vinghjulsgivare-100-mm","status":"publish","type":"product","link":"https:\/\/stage.nordtec.se\/fi\/tuote\/mittauslaitteet\/ilmanvaihtolaite\/ilmavirtausmittari\/testo-417-vinghjulsgivare-100-mm\/","title":{"rendered":"testo 417 \u2013 vinghjulsgivare 100 mm"},"content":{"rendered":"<h2>testo 417 \u2013 luftfl\u00f6desm\u00e4tare med 100 mm vinghjul<\/h2>\n<p>Den kompakta vinghjulsanemometern testo 417 har utvecklats f\u00f6r att du s\u00e5 enkelt som m\u00f6jligt ska kunna g\u00f6ra m\u00e4tningar p\u00e5 till- och fr\u00e5nluftsdon i luftkonditionerings- och ventilationssystem. Det integrerade 100 mm vinghjulet s\u00e4kerst\u00e4ller snabba och noggranna resultat. Tids- och punktmedelv\u00e4rden samt volymfl\u00f6de ber\u00e4knas automatiskt i instrumentet och visas p\u00e5 displayen. Detta m\u00f6jligg\u00f6r effektiv injustering av ventilationssystem i bost\u00e4der \u2013 inklusive snabb dokumentering med testo Smart-appen.<\/p>\n<h2>S\u00e5 h\u00e4r underl\u00e4ttar testo Smart-appen f\u00f6r dig:<\/h2>\r\n<ul>\r\n<li>Enkel inst\u00e4llning av m\u00e4tinstrumentet<\/li>\r\n<li>Effektiv kund- och m\u00e4tplatshantering<\/li>\r\n<li>P\u00e5litlig lagring av alla m\u00e4tdata<\/li>\r\n<li>F\u00f6rvandlar mobilen till en andra sk\u00e4rm<\/li>\r\n<li>Visning av grafiska m\u00e4tv\u00e4rdeskurvor<\/li>\r\n<li>Enkel dokumentering av allt arbete<\/li>\r\n<li>Skicka rapporter direkt fr\u00e5n m\u00e4tplatsen via e-post<\/li>\r\n<\/ul>\r\n<p>testo Smart-appen finns p\u00e5 Google Play och App Store. Den \u00e4r gratis att b\u00e5de ladda ned och anv\u00e4nda.<\/p>\r\n<p><a href=\"https:\/\/play.google.com\/store\/apps\/details?id=de.testo.smartprobesappgen2\" target=\"_blank\" rel=\"noopener\"><img loading=\"lazy\" decoding=\"async\" class=\"alignleft wp-image-30738\" title=\"testo Smart App - Google Play\" src=\"https:\/\/stage.nordtec.se\/wp-content\/uploads\/2023\/01\/google-play-badge-300x116.png\" alt=\"google play badge\" width=\"120\" height=\"46\" srcset=\"https:\/\/stage.nordtec.se\/wp-content\/uploads\/2023\/01\/google-play-badge-300x116.png 300w, https:\/\/stage.nordtec.se\/wp-content\/uploads\/2023\/01\/google-play-badge-416x161.png 416w, https:\/\/stage.nordtec.se\/wp-content\/uploads\/2023\/01\/google-play-badge-64x25.png 64w, https:\/\/stage.nordtec.se\/wp-content\/uploads\/2023\/01\/google-play-badge.png 646w\" sizes=\"auto, (max-width: 120px) 100vw, 120px\" \/><\/a><\/p>\r\n<p><a href=\"https:\/\/apps.apple.com\/se\/app\/testo-smart\/id1482139629\" target=\"_blank\" rel=\"noopener\"><img loading=\"lazy\" decoding=\"async\" class=\"alignleft wp-image-30740\" title=\"testo Smart app - App Store\" src=\"https:\/\/stage.nordtec.se\/wp-content\/uploads\/2023\/01\/app-store-badge-300x116.png\" alt=\"App Store Badge\" width=\"120\" height=\"46\" srcset=\"https:\/\/stage.nordtec.se\/wp-content\/uploads\/2023\/01\/app-store-badge-300x116.png 300w, https:\/\/stage.nordtec.se\/wp-content\/uploads\/2023\/01\/app-store-badge-416x161.png 416w, https:\/\/stage.nordtec.se\/wp-content\/uploads\/2023\/01\/app-store-badge-64x25.png 64w, https:\/\/stage.nordtec.se\/wp-content\/uploads\/2023\/01\/app-store-badge.png 646w\" sizes=\"auto, (max-width: 120px) 100vw, 120px\" \/><\/a><\/p>\r\n<p>&nbsp;<\/p>\n<h2>Praktiskt m\u00e4tset<\/h2>\n<p>testo 417 finns ocks\u00e5 tillg\u00e4ngligt som ett <a href=\"https:\/\/stage.nordtec.se\/produkt\/matinstrument\/ventilationsinstrument\/luftflodesmatare\/testo-417-matset-med-instrument-och-tva-stosar\/\">praktiskt m\u00e4tset med tv\u00e5 olika m\u00e4tstosar (art. nr. 0563 1417)<\/a><\/p>\n<h2>Ing\u00e5r i leverans<\/h2>\n<ul>\n<li>testo 417 &#8211; 100 mm vinghjulsanemometer med app<\/li>\n<li>Transportv\u00e4ska<\/li>\n<li>Kalibreringsprotokoll<\/li>\n<li>3 AA-batterier<\/li>\n<\/ul>\n","protected":false},"excerpt":{"rendered":"<p>Perfekt instrument f\u00f6r noggranna m\u00e4tningar p\u00e5 luftkonditionerings- och ventilationssystem.<\/p>\n<ul>\n<li>Snabb m\u00e4tning av lufthastighet, luftfl\u00f6de och temperatur vid till- och fr\u00e5nluftsdon.<\/li>\n<li>Effektiv injustering av ventilationssystem med testo Smart-appen.<\/li>\n<li>Inst\u00e4llningar, m\u00e4tdata, grafer och mobilen som andra sk\u00e4rm i appen.<\/li>\n<li>Automatisk ber\u00e4kning av tids- och punktmedelv\u00e4rde.<\/li>\n<\/ul>\n","protected":false},"featured_media":23997,"template":"","meta":{"_kad_blocks_custom_css":"","_kad_blocks_head_custom_js":"","_kad_blocks_body_custom_js":"","_kad_blocks_footer_custom_js":"","footnotes":""},"product_brand":[1435],"product_cat":[162,164,597,286,49,1425,332,163],"product_tag":[666,207],"class_list":{"0":"post-9133","1":"product","2":"type-product","3":"status-publish","4":"has-post-thumbnail","6":"product_brand-testo","7":"product_cat-industri","8":"product_cat-inneklimat-arbetsmiljo","9":"product_cat-kompaktklassen","10":"product_cat-luftflodesmatare","11":"product_cat-matinstrument","12":"product_cat-testo-smart-app","13":"product_cat-ventilationsinstrument","14":"product_cat-vvs-fastighet","15":"product_tag-bluetooth","16":"product_tag-vinghjul","18":"first","19":"instock","20":"taxable","21":"shipping-taxable","22":"purchasable","23":"product-type-simple"},"yoast_head":"<!-- This site is optimized with the Yoast SEO Premium plugin v25.8 (Yoast SEO v27.4) - https:\/\/yoast.com\/product\/yoast-seo-premium-wordpress\/ -->\n<title>testo 417 \u2013 vinghjulsgivare 100 mm | Nordtec<\/title>\n<meta name=\"description\" content=\"M\u00e4tinstrument f\u00f6r noggranna m\u00e4tningar p\u00e5 luftkonditionerings- och ventilationssystem \u1405 testo 417 \u2713 Effektiv injustering med testo Smart-appen\" \/>\n<meta name=\"robots\" content=\"noindex, follow, max-snippet:-1, max-image-preview:large, max-video-preview:-1\" \/>\n<meta property=\"og:locale\" content=\"fi_FI\" \/>\n<meta property=\"og:type\" content=\"article\" \/>\n<meta property=\"og:title\" content=\"testo 417 \u2013 vinghjulsgivare 100 mm\" \/>\n<meta property=\"og:description\" content=\"M\u00e4tinstrument f\u00f6r noggranna m\u00e4tningar p\u00e5 luftkonditionerings- och ventilationssystem \u1405 testo 417 \u2713 Effektiv injustering med testo Smart-appen\" \/>\n<meta property=\"og:url\" content=\"https:\/\/stage.nordtec.se\/fi\/tuote\/mittauslaitteet\/ilmanvaihtolaite\/ilmavirtausmittari\/testo-417-vinghjulsgivare-100-mm\/\" \/>\n<meta property=\"og:site_name\" content=\"Nordtec\" \/>\n<meta property=\"article:publisher\" content=\"https:\/\/www.facebook.com\/nordtecinstrument\" \/>\n<meta property=\"article:modified_time\" content=\"2025-12-05T11:18:15+00:00\" \/>\n<meta property=\"og:image\" content=\"https:\/\/stage.nordtec.se\/wp-content\/uploads\/2022\/03\/testo-417-front-SE_800px.png\" \/>\n\t<meta property=\"og:image:width\" content=\"800\" \/>\n\t<meta property=\"og:image:height\" content=\"800\" \/>\n\t<meta property=\"og:image:type\" content=\"image\/png\" \/>\n<meta name=\"twitter:card\" content=\"summary_large_image\" \/>\n<meta name=\"twitter:label1\" content=\"Arvioitu lukuaika\" \/>\n\t<meta name=\"twitter:data1\" content=\"1 minuutti\" \/>\n<script type=\"application\/ld+json\" class=\"yoast-schema-graph\">{\"@context\":\"https:\\\/\\\/schema.org\",\"@graph\":[{\"@type\":[\"WebPage\",\"ItemPage\"],\"@id\":\"https:\\\/\\\/stage.nordtec.se\\\/fi\\\/tuote\\\/mittauslaitteet\\\/ilmanvaihtolaite\\\/ilmavirtausmittari\\\/testo-417-vinghjulsgivare-100-mm\\\/\",\"url\":\"https:\\\/\\\/stage.nordtec.se\\\/fi\\\/tuote\\\/mittauslaitteet\\\/ilmanvaihtolaite\\\/ilmavirtausmittari\\\/testo-417-vinghjulsgivare-100-mm\\\/\",\"name\":\"testo 417 \u2013 vinghjulsgivare 100 mm | Nordtec\",\"isPartOf\":{\"@id\":\"https:\\\/\\\/stage.nordtec.se\\\/fi\\\/#website\"},\"primaryImageOfPage\":{\"@id\":\"https:\\\/\\\/stage.nordtec.se\\\/fi\\\/tuote\\\/mittauslaitteet\\\/ilmanvaihtolaite\\\/ilmavirtausmittari\\\/testo-417-vinghjulsgivare-100-mm\\\/#primaryimage\"},\"image\":{\"@id\":\"https:\\\/\\\/stage.nordtec.se\\\/fi\\\/tuote\\\/mittauslaitteet\\\/ilmanvaihtolaite\\\/ilmavirtausmittari\\\/testo-417-vinghjulsgivare-100-mm\\\/#primaryimage\"},\"thumbnailUrl\":\"https:\\\/\\\/stage.nordtec.se\\\/wp-content\\\/uploads\\\/2022\\\/03\\\/testo-417-front-SE_800px.png\",\"datePublished\":\"2022-03-30T14:15:42+00:00\",\"dateModified\":\"2025-12-05T11:18:15+00:00\",\"description\":\"M\u00e4tinstrument f\u00f6r noggranna m\u00e4tningar p\u00e5 luftkonditionerings- och ventilationssystem \u1405 testo 417 \u2713 Effektiv injustering med testo Smart-appen\",\"breadcrumb\":{\"@id\":\"https:\\\/\\\/stage.nordtec.se\\\/fi\\\/tuote\\\/mittauslaitteet\\\/ilmanvaihtolaite\\\/ilmavirtausmittari\\\/testo-417-vinghjulsgivare-100-mm\\\/#breadcrumb\"},\"inLanguage\":\"fi\",\"potentialAction\":[{\"@type\":\"ReadAction\",\"target\":[\"https:\\\/\\\/stage.nordtec.se\\\/fi\\\/tuote\\\/mittauslaitteet\\\/ilmanvaihtolaite\\\/ilmavirtausmittari\\\/testo-417-vinghjulsgivare-100-mm\\\/\"]}]},{\"@type\":\"ImageObject\",\"inLanguage\":\"fi\",\"@id\":\"https:\\\/\\\/stage.nordtec.se\\\/fi\\\/tuote\\\/mittauslaitteet\\\/ilmanvaihtolaite\\\/ilmavirtausmittari\\\/testo-417-vinghjulsgivare-100-mm\\\/#primaryimage\",\"url\":\"https:\\\/\\\/stage.nordtec.se\\\/wp-content\\\/uploads\\\/2022\\\/03\\\/testo-417-front-SE_800px.png\",\"contentUrl\":\"https:\\\/\\\/stage.nordtec.se\\\/wp-content\\\/uploads\\\/2022\\\/03\\\/testo-417-front-SE_800px.png\",\"width\":800,\"height\":800,\"caption\":\"testo 417 fram svensk\"},{\"@type\":\"BreadcrumbList\",\"@id\":\"https:\\\/\\\/stage.nordtec.se\\\/fi\\\/tuote\\\/mittauslaitteet\\\/ilmanvaihtolaite\\\/ilmavirtausmittari\\\/testo-417-vinghjulsgivare-100-mm\\\/#breadcrumb\",\"itemListElement\":[{\"@type\":\"ListItem\",\"position\":1,\"name\":\"Hem\",\"item\":\"https:\\\/\\\/stage.nordtec.se\\\/fi\\\/\"},{\"@type\":\"ListItem\",\"position\":2,\"name\":\"Kauppa\",\"item\":\"https:\\\/\\\/stage.nordtec.se\\\/produkter\\\/\"},{\"@type\":\"ListItem\",\"position\":3,\"name\":\"testo 417 \u2013 vinghjulsgivare 100 mm\"}]},{\"@type\":\"WebSite\",\"@id\":\"https:\\\/\\\/stage.nordtec.se\\\/fi\\\/#website\",\"url\":\"https:\\\/\\\/stage.nordtec.se\\\/fi\\\/\",\"name\":\"Nordtec\",\"description\":\"Din partner inom m\u00e4tteknik\",\"publisher\":{\"@id\":\"https:\\\/\\\/stage.nordtec.se\\\/fi\\\/#organization\"},\"potentialAction\":[{\"@type\":\"SearchAction\",\"target\":{\"@type\":\"EntryPoint\",\"urlTemplate\":\"https:\\\/\\\/stage.nordtec.se\\\/fi\\\/?s={search_term_string}\"},\"query-input\":{\"@type\":\"PropertyValueSpecification\",\"valueRequired\":true,\"valueName\":\"search_term_string\"}}],\"inLanguage\":\"fi\"},{\"@type\":\"Organization\",\"@id\":\"https:\\\/\\\/stage.nordtec.se\\\/fi\\\/#organization\",\"name\":\"Nordtec Instrument AB\",\"url\":\"https:\\\/\\\/stage.nordtec.se\\\/fi\\\/\",\"logo\":{\"@type\":\"ImageObject\",\"inLanguage\":\"fi\",\"@id\":\"https:\\\/\\\/stage.nordtec.se\\\/fi\\\/#\\\/schema\\\/logo\\\/image\\\/\",\"url\":\"https:\\\/\\\/stage.nordtec.se\\\/wp-content\\\/uploads\\\/2021\\\/08\\\/nordtec_logo_rgb-340px.png\",\"contentUrl\":\"https:\\\/\\\/stage.nordtec.se\\\/wp-content\\\/uploads\\\/2021\\\/08\\\/nordtec_logo_rgb-340px.png\",\"width\":340,\"height\":75,\"caption\":\"Nordtec Instrument AB\"},\"image\":{\"@id\":\"https:\\\/\\\/stage.nordtec.se\\\/fi\\\/#\\\/schema\\\/logo\\\/image\\\/\"},\"sameAs\":[\"https:\\\/\\\/www.facebook.com\\\/nordtecinstrument\",\"https:\\\/\\\/www.instagram.com\\\/nordtec_instrument\\\/\",\"https:\\\/\\\/www.linkedin.com\\\/company\\\/nordtec-instrument-ab\\\/\",\"https:\\\/\\\/www.youtube.com\\\/channel\\\/UCbmAq3ZmfBKOGg7_igFURng\"]}]}<\/script>\n<!-- \/ Yoast SEO Premium plugin. -->","yoast_head_json":{"title":"testo 417 \u2013 vinghjulsgivare 100 mm | Nordtec","description":"M\u00e4tinstrument f\u00f6r noggranna m\u00e4tningar p\u00e5 luftkonditionerings- och ventilationssystem \u1405 testo 417 \u2713 Effektiv injustering med testo Smart-appen","robots":{"index":"noindex","follow":"follow","max-snippet":"max-snippet:-1","max-image-preview":"max-image-preview:large","max-video-preview":"max-video-preview:-1"},"og_locale":"fi_FI","og_type":"article","og_title":"testo 417 \u2013 vinghjulsgivare 100 mm","og_description":"M\u00e4tinstrument f\u00f6r noggranna m\u00e4tningar p\u00e5 luftkonditionerings- och ventilationssystem \u1405 testo 417 \u2713 Effektiv injustering med testo Smart-appen","og_url":"https:\/\/stage.nordtec.se\/fi\/tuote\/mittauslaitteet\/ilmanvaihtolaite\/ilmavirtausmittari\/testo-417-vinghjulsgivare-100-mm\/","og_site_name":"Nordtec","article_publisher":"https:\/\/www.facebook.com\/nordtecinstrument","article_modified_time":"2025-12-05T11:18:15+00:00","og_image":[{"width":800,"height":800,"url":"https:\/\/stage.nordtec.se\/wp-content\/uploads\/2022\/03\/testo-417-front-SE_800px.png","type":"image\/png"}],"twitter_card":"summary_large_image","twitter_misc":{"Arvioitu lukuaika":"1 minuutti"},"schema":{"@context":"https:\/\/schema.org","@graph":[{"@type":["WebPage","ItemPage"],"@id":"https:\/\/stage.nordtec.se\/fi\/tuote\/mittauslaitteet\/ilmanvaihtolaite\/ilmavirtausmittari\/testo-417-vinghjulsgivare-100-mm\/","url":"https:\/\/stage.nordtec.se\/fi\/tuote\/mittauslaitteet\/ilmanvaihtolaite\/ilmavirtausmittari\/testo-417-vinghjulsgivare-100-mm\/","name":"testo 417 \u2013 vinghjulsgivare 100 mm | Nordtec","isPartOf":{"@id":"https:\/\/stage.nordtec.se\/fi\/#website"},"primaryImageOfPage":{"@id":"https:\/\/stage.nordtec.se\/fi\/tuote\/mittauslaitteet\/ilmanvaihtolaite\/ilmavirtausmittari\/testo-417-vinghjulsgivare-100-mm\/#primaryimage"},"image":{"@id":"https:\/\/stage.nordtec.se\/fi\/tuote\/mittauslaitteet\/ilmanvaihtolaite\/ilmavirtausmittari\/testo-417-vinghjulsgivare-100-mm\/#primaryimage"},"thumbnailUrl":"https:\/\/stage.nordtec.se\/wp-content\/uploads\/2022\/03\/testo-417-front-SE_800px.png","datePublished":"2022-03-30T14:15:42+00:00","dateModified":"2025-12-05T11:18:15+00:00","description":"M\u00e4tinstrument f\u00f6r noggranna m\u00e4tningar p\u00e5 luftkonditionerings- och ventilationssystem \u1405 testo 417 \u2713 Effektiv injustering med testo Smart-appen","breadcrumb":{"@id":"https:\/\/stage.nordtec.se\/fi\/tuote\/mittauslaitteet\/ilmanvaihtolaite\/ilmavirtausmittari\/testo-417-vinghjulsgivare-100-mm\/#breadcrumb"},"inLanguage":"fi","potentialAction":[{"@type":"ReadAction","target":["https:\/\/stage.nordtec.se\/fi\/tuote\/mittauslaitteet\/ilmanvaihtolaite\/ilmavirtausmittari\/testo-417-vinghjulsgivare-100-mm\/"]}]},{"@type":"ImageObject","inLanguage":"fi","@id":"https:\/\/stage.nordtec.se\/fi\/tuote\/mittauslaitteet\/ilmanvaihtolaite\/ilmavirtausmittari\/testo-417-vinghjulsgivare-100-mm\/#primaryimage","url":"https:\/\/stage.nordtec.se\/wp-content\/uploads\/2022\/03\/testo-417-front-SE_800px.png","contentUrl":"https:\/\/stage.nordtec.se\/wp-content\/uploads\/2022\/03\/testo-417-front-SE_800px.png","width":800,"height":800,"caption":"testo 417 fram svensk"},{"@type":"BreadcrumbList","@id":"https:\/\/stage.nordtec.se\/fi\/tuote\/mittauslaitteet\/ilmanvaihtolaite\/ilmavirtausmittari\/testo-417-vinghjulsgivare-100-mm\/#breadcrumb","itemListElement":[{"@type":"ListItem","position":1,"name":"Hem","item":"https:\/\/stage.nordtec.se\/fi\/"},{"@type":"ListItem","position":2,"name":"Kauppa","item":"https:\/\/stage.nordtec.se\/produkter\/"},{"@type":"ListItem","position":3,"name":"testo 417 \u2013 vinghjulsgivare 100 mm"}]},{"@type":"WebSite","@id":"https:\/\/stage.nordtec.se\/fi\/#website","url":"https:\/\/stage.nordtec.se\/fi\/","name":"Nordtec","description":"Din partner inom m\u00e4tteknik","publisher":{"@id":"https:\/\/stage.nordtec.se\/fi\/#organization"},"potentialAction":[{"@type":"SearchAction","target":{"@type":"EntryPoint","urlTemplate":"https:\/\/stage.nordtec.se\/fi\/?s={search_term_string}"},"query-input":{"@type":"PropertyValueSpecification","valueRequired":true,"valueName":"search_term_string"}}],"inLanguage":"fi"},{"@type":"Organization","@id":"https:\/\/stage.nordtec.se\/fi\/#organization","name":"Nordtec Instrument AB","url":"https:\/\/stage.nordtec.se\/fi\/","logo":{"@type":"ImageObject","inLanguage":"fi","@id":"https:\/\/stage.nordtec.se\/fi\/#\/schema\/logo\/image\/","url":"https:\/\/stage.nordtec.se\/wp-content\/uploads\/2021\/08\/nordtec_logo_rgb-340px.png","contentUrl":"https:\/\/stage.nordtec.se\/wp-content\/uploads\/2021\/08\/nordtec_logo_rgb-340px.png","width":340,"height":75,"caption":"Nordtec Instrument AB"},"image":{"@id":"https:\/\/stage.nordtec.se\/fi\/#\/schema\/logo\/image\/"},"sameAs":["https:\/\/www.facebook.com\/nordtecinstrument","https:\/\/www.instagram.com\/nordtec_instrument\/","https:\/\/www.linkedin.com\/company\/nordtec-instrument-ab\/","https:\/\/www.youtube.com\/channel\/UCbmAq3ZmfBKOGg7_igFURng"]}]}},"taxonomy_info":{"product_brand":[{"value":1435,"label":"Testo"}],"product_cat":[{"value":162,"label":"Industri"},{"value":164,"label":"Inneklimat &amp; Arbetsmilj\u00f6"},{"value":597,"label":"Kompaktklassen"},{"value":286,"label":"Luftfl\u00f6desm\u00e4tare"},{"value":49,"label":"M\u00e4tinstrument"},{"value":1425,"label":"testo Smart App"},{"value":332,"label":"Ventilationsinstrument"},{"value":163,"label":"VVS &amp; Fastighet"}],"product_tag":[{"value":666,"label":"Bluetooth"},{"value":207,"label":"Vinghjul"}]},"featured_image_src_large":["https:\/\/stage.nordtec.se\/wp-content\/uploads\/2022\/03\/testo-417-front-SE_800px.png",800,800,false],"author_info":[],"comment_info":"","_links":{"self":[{"href":"https:\/\/stage.nordtec.se\/fi\/wp-json\/wp\/v2\/product\/9133","targetHints":{"allow":["GET"]}}],"collection":[{"href":"https:\/\/stage.nordtec.se\/fi\/wp-json\/wp\/v2\/product"}],"about":[{"href":"https:\/\/stage.nordtec.se\/fi\/wp-json\/wp\/v2\/types\/product"}],"version-history":[{"count":12,"href":"https:\/\/stage.nordtec.se\/fi\/wp-json\/wp\/v2\/product\/9133\/revisions"}],"predecessor-version":[{"id":56503,"href":"https:\/\/stage.nordtec.se\/fi\/wp-json\/wp\/v2\/product\/9133\/revisions\/56503"}],"wp:featuredmedia":[{"embeddable":true,"href":"https:\/\/stage.nordtec.se\/fi\/wp-json\/wp\/v2\/media\/23997"}],"wp:attachment":[{"href":"https:\/\/stage.nordtec.se\/fi\/wp-json\/wp\/v2\/media?parent=9133"}],"wp:term":[{"taxonomy":"product_brand","embeddable":true,"href":"https:\/\/stage.nordtec.se\/fi\/wp-json\/wp\/v2\/product_brand?post=9133"},{"taxonomy":"product_cat","embeddable":true,"href":"https:\/\/stage.nordtec.se\/fi\/wp-json\/wp\/v2\/product_cat?post=9133"},{"taxonomy":"product_tag","embeddable":true,"href":"https:\/\/stage.nordtec.se\/fi\/wp-json\/wp\/v2\/product_tag?post=9133"}],"curies":[{"name":"wp","href":"https:\/\/api.w.org\/{rel}","templated":true}]}}