{"id":9124,"date":"2022-03-30T16:15:42","date_gmt":"2022-03-30T14:15:42","guid":{"rendered":"https:\/\/stage.nordtec.se\/produkter\/okategoriserad\/testo-405\/"},"modified":"2025-12-12T11:18:10","modified_gmt":"2025-12-12T09:18:10","slug":"testo-405-varmtradsanemometer","status":"publish","type":"product","link":"https:\/\/stage.nordtec.se\/fi\/tuote\/mittauslaitteet\/ilmanvaihtolaite\/ilmavirtausmittari\/testo-405-varmtradsanemometer\/","title":{"rendered":"testo 405 \u2013 varmtr\u00e5dsanemometer"},"content":{"rendered":"<h2>testo 405 \u2013 varmtr\u00e5dsanemometer<\/h2>\n<p>Om du vill utf\u00f6ra snabba kontrollm\u00e4tningar i ventilationskanaler eller i rum \u00e4r varmtr\u00e5dsanemometern testo 405 det perfekta instrumentet. Anemometern har en fast monterad utdragbar teleskopsond och kan m\u00e4ta lufthastighet, luftfl\u00f6de och lufttemperatur och \u00e4r s\u00e4rskilt l\u00e4mplig f\u00f6r fl\u00f6desm\u00e4tningar i ventilationskanaler. M\u00e4tomr\u00e5det f\u00f6r lufthastighet \u00e4r mellan 0 och 10 m\/s, luftfl\u00f6det ber\u00e4knas upp till 99 990 m\u00b3\/h. Eftersom varmtr\u00e5dsanemometern testo 405 m\u00e4ter s\u00e4rskilt exakt i intervallet 0 till 2 m\/s kan du ocks\u00e5 anv\u00e4nda den f\u00f6r att m\u00e4ta lufthastigheter i rum som t.ex. drag vid f\u00f6nster och d\u00f6rrar m.m.<\/p>\n<h2>F\u00f6rdelar med testo 405<\/h2>\n<ul>\n<li>M\u00e4ter lufthastighet och temperatur samt ber\u00e4knar luftfl\u00f6det<\/li>\n<li>F\u00f6r m\u00e4tning i ventilationskanaler och i rum<\/li>\n<li>Speciellt noggrann i omr\u00e5det mellan 0 och 2 m\/s<\/li>\n<li>Teleskopsond utdragbar till 300 mm<\/li>\n<\/ul>\n<p>Den belysta displayen kan vridas i olika positioner f\u00f6r bekv\u00e4m avl\u00e4sning i alla vinklar. Kanalf\u00e4stet (ing\u00e5r i leverans) erbjuder viktiga praktiska f\u00f6rdelar som att teleskopsonden kan fixeras optimalt i ventilationskanalen f\u00f6r b\u00e4sta m\u00e4tresultat.<\/p>\n<p>Integrerat sensorskydd: n\u00e4r du inte anv\u00e4nder varmtr\u00e5dsanemomtern skyddar ett vridbart skyddslock den k\u00e4nsliga sensorn fr\u00e5n mekanisk p\u00e5verkan.<\/p>\n<h2>Ing\u00e5r i leverans<\/h2>\n<p>Varmtr\u00e5dsanemometern testo 405, kanalf\u00e4ste, f\u00e4stkl\u00e4mma, manual och batterier.<\/p>\n","protected":false},"excerpt":{"rendered":"<p>M\u00e4ter lufthastighet och temperatur samt ber\u00e4knar luftfl\u00f6det<\/p>\n<ul>\n<li>F\u00f6r m\u00e4tning i ventilationskanaler och rum<\/li>\n<li>Speciellt noggrann i omr\u00e5det mellan 0 och 2 m\/s<\/li>\n<li>Teleskopsond utdragbar till 300 mm<\/li>\n<\/ul>\n","protected":false},"featured_media":17126,"template":"","meta":{"_kad_blocks_custom_css":"","_kad_blocks_head_custom_js":"","_kad_blocks_body_custom_js":"","_kad_blocks_footer_custom_js":"","footnotes":""},"product_brand":[1435],"product_cat":[162,164,286,49,332,163],"product_tag":[],"class_list":{"0":"post-9124","1":"product","2":"type-product","3":"status-publish","4":"has-post-thumbnail","6":"product_brand-testo","7":"product_cat-industri","8":"product_cat-inneklimat-arbetsmiljo","9":"product_cat-luftflodesmatare","10":"product_cat-matinstrument","11":"product_cat-ventilationsinstrument","12":"product_cat-vvs-fastighet","14":"first","15":"instock","16":"taxable","17":"shipping-taxable","18":"purchasable","19":"product-type-simple"},"yoast_head":"<!-- This site is optimized with the Yoast SEO Premium plugin v25.8 (Yoast SEO v27.4) - https:\/\/yoast.com\/product\/yoast-seo-premium-wordpress\/ -->\n<title>testo 405 \u2013 varmtr\u00e5dsanemometer | Nordtec<\/title>\n<meta name=\"description\" content=\"M\u00e4ter lufthastighet och temperatur samt ber\u00e4knar luftfl\u00f6det \u1405 testo 405 \u2713 F\u00f6r m\u00e4tning i ventilationskanaler och rum \u2713 Teleskopsond utdragbar till 300 mm\" \/>\n<meta name=\"robots\" content=\"noindex, follow, max-snippet:-1, max-image-preview:large, max-video-preview:-1\" \/>\n<meta property=\"og:locale\" content=\"fi_FI\" \/>\n<meta property=\"og:type\" content=\"article\" \/>\n<meta property=\"og:title\" content=\"testo 405 \u2013 varmtr\u00e5dsanemometer\" \/>\n<meta property=\"og:description\" content=\"M\u00e4ter lufthastighet och temperatur samt ber\u00e4knar luftfl\u00f6det \u1405 testo 405 \u2713 F\u00f6r m\u00e4tning i ventilationskanaler och rum \u2713 Teleskopsond utdragbar till 300 mm\" \/>\n<meta property=\"og:url\" content=\"https:\/\/stage.nordtec.se\/fi\/tuote\/mittauslaitteet\/ilmanvaihtolaite\/ilmavirtausmittari\/testo-405-varmtradsanemometer\/\" \/>\n<meta property=\"og:site_name\" content=\"Nordtec\" \/>\n<meta property=\"article:publisher\" content=\"https:\/\/www.facebook.com\/nordtecinstrument\" \/>\n<meta property=\"article:modified_time\" content=\"2025-12-12T09:18:10+00:00\" \/>\n<meta property=\"og:image\" content=\"https:\/\/stage.nordtec.se\/wp-content\/uploads\/2022\/03\/405_ms_blue-screen_800px.png\" \/>\n\t<meta property=\"og:image:width\" content=\"800\" \/>\n\t<meta property=\"og:image:height\" content=\"800\" \/>\n\t<meta property=\"og:image:type\" content=\"image\/png\" \/>\n<meta name=\"twitter:card\" content=\"summary_large_image\" \/>\n<meta name=\"twitter:label1\" content=\"Arvioitu lukuaika\" \/>\n\t<meta name=\"twitter:data1\" content=\"1 minuutti\" \/>\n<script type=\"application\/ld+json\" class=\"yoast-schema-graph\">{\"@context\":\"https:\\\/\\\/schema.org\",\"@graph\":[{\"@type\":[\"WebPage\",\"ItemPage\"],\"@id\":\"https:\\\/\\\/stage.nordtec.se\\\/fi\\\/tuote\\\/mittauslaitteet\\\/ilmanvaihtolaite\\\/ilmavirtausmittari\\\/testo-405-varmtradsanemometer\\\/\",\"url\":\"https:\\\/\\\/stage.nordtec.se\\\/fi\\\/tuote\\\/mittauslaitteet\\\/ilmanvaihtolaite\\\/ilmavirtausmittari\\\/testo-405-varmtradsanemometer\\\/\",\"name\":\"testo 405 \u2013 varmtr\u00e5dsanemometer | Nordtec\",\"isPartOf\":{\"@id\":\"https:\\\/\\\/stage.nordtec.se\\\/fi\\\/#website\"},\"primaryImageOfPage\":{\"@id\":\"https:\\\/\\\/stage.nordtec.se\\\/fi\\\/tuote\\\/mittauslaitteet\\\/ilmanvaihtolaite\\\/ilmavirtausmittari\\\/testo-405-varmtradsanemometer\\\/#primaryimage\"},\"image\":{\"@id\":\"https:\\\/\\\/stage.nordtec.se\\\/fi\\\/tuote\\\/mittauslaitteet\\\/ilmanvaihtolaite\\\/ilmavirtausmittari\\\/testo-405-varmtradsanemometer\\\/#primaryimage\"},\"thumbnailUrl\":\"https:\\\/\\\/stage.nordtec.se\\\/wp-content\\\/uploads\\\/2022\\\/03\\\/405_ms_blue-screen_800px.png\",\"datePublished\":\"2022-03-30T14:15:42+00:00\",\"dateModified\":\"2025-12-12T09:18:10+00:00\",\"description\":\"M\u00e4ter lufthastighet och temperatur samt ber\u00e4knar luftfl\u00f6det \u1405 testo 405 \u2713 F\u00f6r m\u00e4tning i ventilationskanaler och rum \u2713 Teleskopsond utdragbar till 300 mm\",\"breadcrumb\":{\"@id\":\"https:\\\/\\\/stage.nordtec.se\\\/fi\\\/tuote\\\/mittauslaitteet\\\/ilmanvaihtolaite\\\/ilmavirtausmittari\\\/testo-405-varmtradsanemometer\\\/#breadcrumb\"},\"inLanguage\":\"fi\",\"potentialAction\":[{\"@type\":\"ReadAction\",\"target\":[\"https:\\\/\\\/stage.nordtec.se\\\/fi\\\/tuote\\\/mittauslaitteet\\\/ilmanvaihtolaite\\\/ilmavirtausmittari\\\/testo-405-varmtradsanemometer\\\/\"]}]},{\"@type\":\"ImageObject\",\"inLanguage\":\"fi\",\"@id\":\"https:\\\/\\\/stage.nordtec.se\\\/fi\\\/tuote\\\/mittauslaitteet\\\/ilmanvaihtolaite\\\/ilmavirtausmittari\\\/testo-405-varmtradsanemometer\\\/#primaryimage\",\"url\":\"https:\\\/\\\/stage.nordtec.se\\\/wp-content\\\/uploads\\\/2022\\\/03\\\/405_ms_blue-screen_800px.png\",\"contentUrl\":\"https:\\\/\\\/stage.nordtec.se\\\/wp-content\\\/uploads\\\/2022\\\/03\\\/405_ms_blue-screen_800px.png\",\"width\":800,\"height\":800,\"caption\":\"Varmtr\u00e5dsanemometer testo 405\"},{\"@type\":\"BreadcrumbList\",\"@id\":\"https:\\\/\\\/stage.nordtec.se\\\/fi\\\/tuote\\\/mittauslaitteet\\\/ilmanvaihtolaite\\\/ilmavirtausmittari\\\/testo-405-varmtradsanemometer\\\/#breadcrumb\",\"itemListElement\":[{\"@type\":\"ListItem\",\"position\":1,\"name\":\"Hem\",\"item\":\"https:\\\/\\\/stage.nordtec.se\\\/fi\\\/\"},{\"@type\":\"ListItem\",\"position\":2,\"name\":\"Kauppa\",\"item\":\"https:\\\/\\\/stage.nordtec.se\\\/produkter\\\/\"},{\"@type\":\"ListItem\",\"position\":3,\"name\":\"testo 405 \u2013 varmtr\u00e5dsanemometer\"}]},{\"@type\":\"WebSite\",\"@id\":\"https:\\\/\\\/stage.nordtec.se\\\/fi\\\/#website\",\"url\":\"https:\\\/\\\/stage.nordtec.se\\\/fi\\\/\",\"name\":\"Nordtec\",\"description\":\"Din partner inom m\u00e4tteknik\",\"publisher\":{\"@id\":\"https:\\\/\\\/stage.nordtec.se\\\/fi\\\/#organization\"},\"potentialAction\":[{\"@type\":\"SearchAction\",\"target\":{\"@type\":\"EntryPoint\",\"urlTemplate\":\"https:\\\/\\\/stage.nordtec.se\\\/fi\\\/?s={search_term_string}\"},\"query-input\":{\"@type\":\"PropertyValueSpecification\",\"valueRequired\":true,\"valueName\":\"search_term_string\"}}],\"inLanguage\":\"fi\"},{\"@type\":\"Organization\",\"@id\":\"https:\\\/\\\/stage.nordtec.se\\\/fi\\\/#organization\",\"name\":\"Nordtec Instrument AB\",\"url\":\"https:\\\/\\\/stage.nordtec.se\\\/fi\\\/\",\"logo\":{\"@type\":\"ImageObject\",\"inLanguage\":\"fi\",\"@id\":\"https:\\\/\\\/stage.nordtec.se\\\/fi\\\/#\\\/schema\\\/logo\\\/image\\\/\",\"url\":\"https:\\\/\\\/stage.nordtec.se\\\/wp-content\\\/uploads\\\/2021\\\/08\\\/nordtec_logo_rgb-340px.png\",\"contentUrl\":\"https:\\\/\\\/stage.nordtec.se\\\/wp-content\\\/uploads\\\/2021\\\/08\\\/nordtec_logo_rgb-340px.png\",\"width\":340,\"height\":75,\"caption\":\"Nordtec Instrument AB\"},\"image\":{\"@id\":\"https:\\\/\\\/stage.nordtec.se\\\/fi\\\/#\\\/schema\\\/logo\\\/image\\\/\"},\"sameAs\":[\"https:\\\/\\\/www.facebook.com\\\/nordtecinstrument\",\"https:\\\/\\\/www.instagram.com\\\/nordtec_instrument\\\/\",\"https:\\\/\\\/www.linkedin.com\\\/company\\\/nordtec-instrument-ab\\\/\",\"https:\\\/\\\/www.youtube.com\\\/channel\\\/UCbmAq3ZmfBKOGg7_igFURng\"]}]}<\/script>\n<!-- \/ Yoast SEO Premium plugin. -->","yoast_head_json":{"title":"testo 405 \u2013 varmtr\u00e5dsanemometer | Nordtec","description":"M\u00e4ter lufthastighet och temperatur samt ber\u00e4knar luftfl\u00f6det \u1405 testo 405 \u2713 F\u00f6r m\u00e4tning i ventilationskanaler och rum \u2713 Teleskopsond utdragbar till 300 mm","robots":{"index":"noindex","follow":"follow","max-snippet":"max-snippet:-1","max-image-preview":"max-image-preview:large","max-video-preview":"max-video-preview:-1"},"og_locale":"fi_FI","og_type":"article","og_title":"testo 405 \u2013 varmtr\u00e5dsanemometer","og_description":"M\u00e4ter lufthastighet och temperatur samt ber\u00e4knar luftfl\u00f6det \u1405 testo 405 \u2713 F\u00f6r m\u00e4tning i ventilationskanaler och rum \u2713 Teleskopsond utdragbar till 300 mm","og_url":"https:\/\/stage.nordtec.se\/fi\/tuote\/mittauslaitteet\/ilmanvaihtolaite\/ilmavirtausmittari\/testo-405-varmtradsanemometer\/","og_site_name":"Nordtec","article_publisher":"https:\/\/www.facebook.com\/nordtecinstrument","article_modified_time":"2025-12-12T09:18:10+00:00","og_image":[{"width":800,"height":800,"url":"https:\/\/stage.nordtec.se\/wp-content\/uploads\/2022\/03\/405_ms_blue-screen_800px.png","type":"image\/png"}],"twitter_card":"summary_large_image","twitter_misc":{"Arvioitu lukuaika":"1 minuutti"},"schema":{"@context":"https:\/\/schema.org","@graph":[{"@type":["WebPage","ItemPage"],"@id":"https:\/\/stage.nordtec.se\/fi\/tuote\/mittauslaitteet\/ilmanvaihtolaite\/ilmavirtausmittari\/testo-405-varmtradsanemometer\/","url":"https:\/\/stage.nordtec.se\/fi\/tuote\/mittauslaitteet\/ilmanvaihtolaite\/ilmavirtausmittari\/testo-405-varmtradsanemometer\/","name":"testo 405 \u2013 varmtr\u00e5dsanemometer | Nordtec","isPartOf":{"@id":"https:\/\/stage.nordtec.se\/fi\/#website"},"primaryImageOfPage":{"@id":"https:\/\/stage.nordtec.se\/fi\/tuote\/mittauslaitteet\/ilmanvaihtolaite\/ilmavirtausmittari\/testo-405-varmtradsanemometer\/#primaryimage"},"image":{"@id":"https:\/\/stage.nordtec.se\/fi\/tuote\/mittauslaitteet\/ilmanvaihtolaite\/ilmavirtausmittari\/testo-405-varmtradsanemometer\/#primaryimage"},"thumbnailUrl":"https:\/\/stage.nordtec.se\/wp-content\/uploads\/2022\/03\/405_ms_blue-screen_800px.png","datePublished":"2022-03-30T14:15:42+00:00","dateModified":"2025-12-12T09:18:10+00:00","description":"M\u00e4ter lufthastighet och temperatur samt ber\u00e4knar luftfl\u00f6det \u1405 testo 405 \u2713 F\u00f6r m\u00e4tning i ventilationskanaler och rum \u2713 Teleskopsond utdragbar till 300 mm","breadcrumb":{"@id":"https:\/\/stage.nordtec.se\/fi\/tuote\/mittauslaitteet\/ilmanvaihtolaite\/ilmavirtausmittari\/testo-405-varmtradsanemometer\/#breadcrumb"},"inLanguage":"fi","potentialAction":[{"@type":"ReadAction","target":["https:\/\/stage.nordtec.se\/fi\/tuote\/mittauslaitteet\/ilmanvaihtolaite\/ilmavirtausmittari\/testo-405-varmtradsanemometer\/"]}]},{"@type":"ImageObject","inLanguage":"fi","@id":"https:\/\/stage.nordtec.se\/fi\/tuote\/mittauslaitteet\/ilmanvaihtolaite\/ilmavirtausmittari\/testo-405-varmtradsanemometer\/#primaryimage","url":"https:\/\/stage.nordtec.se\/wp-content\/uploads\/2022\/03\/405_ms_blue-screen_800px.png","contentUrl":"https:\/\/stage.nordtec.se\/wp-content\/uploads\/2022\/03\/405_ms_blue-screen_800px.png","width":800,"height":800,"caption":"Varmtr\u00e5dsanemometer testo 405"},{"@type":"BreadcrumbList","@id":"https:\/\/stage.nordtec.se\/fi\/tuote\/mittauslaitteet\/ilmanvaihtolaite\/ilmavirtausmittari\/testo-405-varmtradsanemometer\/#breadcrumb","itemListElement":[{"@type":"ListItem","position":1,"name":"Hem","item":"https:\/\/stage.nordtec.se\/fi\/"},{"@type":"ListItem","position":2,"name":"Kauppa","item":"https:\/\/stage.nordtec.se\/produkter\/"},{"@type":"ListItem","position":3,"name":"testo 405 \u2013 varmtr\u00e5dsanemometer"}]},{"@type":"WebSite","@id":"https:\/\/stage.nordtec.se\/fi\/#website","url":"https:\/\/stage.nordtec.se\/fi\/","name":"Nordtec","description":"Din partner inom m\u00e4tteknik","publisher":{"@id":"https:\/\/stage.nordtec.se\/fi\/#organization"},"potentialAction":[{"@type":"SearchAction","target":{"@type":"EntryPoint","urlTemplate":"https:\/\/stage.nordtec.se\/fi\/?s={search_term_string}"},"query-input":{"@type":"PropertyValueSpecification","valueRequired":true,"valueName":"search_term_string"}}],"inLanguage":"fi"},{"@type":"Organization","@id":"https:\/\/stage.nordtec.se\/fi\/#organization","name":"Nordtec Instrument AB","url":"https:\/\/stage.nordtec.se\/fi\/","logo":{"@type":"ImageObject","inLanguage":"fi","@id":"https:\/\/stage.nordtec.se\/fi\/#\/schema\/logo\/image\/","url":"https:\/\/stage.nordtec.se\/wp-content\/uploads\/2021\/08\/nordtec_logo_rgb-340px.png","contentUrl":"https:\/\/stage.nordtec.se\/wp-content\/uploads\/2021\/08\/nordtec_logo_rgb-340px.png","width":340,"height":75,"caption":"Nordtec Instrument AB"},"image":{"@id":"https:\/\/stage.nordtec.se\/fi\/#\/schema\/logo\/image\/"},"sameAs":["https:\/\/www.facebook.com\/nordtecinstrument","https:\/\/www.instagram.com\/nordtec_instrument\/","https:\/\/www.linkedin.com\/company\/nordtec-instrument-ab\/","https:\/\/www.youtube.com\/channel\/UCbmAq3ZmfBKOGg7_igFURng"]}]}},"taxonomy_info":{"product_brand":[{"value":1435,"label":"Testo"}],"product_cat":[{"value":162,"label":"Industri"},{"value":164,"label":"Inneklimat &amp; Arbetsmilj\u00f6"},{"value":286,"label":"Luftfl\u00f6desm\u00e4tare"},{"value":49,"label":"M\u00e4tinstrument"},{"value":332,"label":"Ventilationsinstrument"},{"value":163,"label":"VVS &amp; Fastighet"}]},"featured_image_src_large":["https:\/\/stage.nordtec.se\/wp-content\/uploads\/2022\/03\/405_ms_blue-screen_800px.png",800,800,false],"author_info":[],"comment_info":"","_links":{"self":[{"href":"https:\/\/stage.nordtec.se\/fi\/wp-json\/wp\/v2\/product\/9124","targetHints":{"allow":["GET"]}}],"collection":[{"href":"https:\/\/stage.nordtec.se\/fi\/wp-json\/wp\/v2\/product"}],"about":[{"href":"https:\/\/stage.nordtec.se\/fi\/wp-json\/wp\/v2\/types\/product"}],"version-history":[{"count":6,"href":"https:\/\/stage.nordtec.se\/fi\/wp-json\/wp\/v2\/product\/9124\/revisions"}],"predecessor-version":[{"id":22808,"href":"https:\/\/stage.nordtec.se\/fi\/wp-json\/wp\/v2\/product\/9124\/revisions\/22808"}],"wp:featuredmedia":[{"embeddable":true,"href":"https:\/\/stage.nordtec.se\/fi\/wp-json\/wp\/v2\/media\/17126"}],"wp:attachment":[{"href":"https:\/\/stage.nordtec.se\/fi\/wp-json\/wp\/v2\/media?parent=9124"}],"wp:term":[{"taxonomy":"product_brand","embeddable":true,"href":"https:\/\/stage.nordtec.se\/fi\/wp-json\/wp\/v2\/product_brand?post=9124"},{"taxonomy":"product_cat","embeddable":true,"href":"https:\/\/stage.nordtec.se\/fi\/wp-json\/wp\/v2\/product_cat?post=9124"},{"taxonomy":"product_tag","embeddable":true,"href":"https:\/\/stage.nordtec.se\/fi\/wp-json\/wp\/v2\/product_tag?post=9124"}],"curies":[{"name":"wp","href":"https:\/\/api.w.org\/{rel}","templated":true}]}}