{"id":9106,"date":"2022-03-30T16:14:55","date_gmt":"2022-03-30T14:14:55","guid":{"rendered":"https:\/\/stage.nordtec.se\/produkter\/okategoriserad\/testo-405i-smartprobes\/"},"modified":"2025-12-12T16:18:09","modified_gmt":"2025-12-12T14:18:09","slug":"testo-405i-tradlos-varmtradsgivare","status":"publish","type":"product","link":"https:\/\/stage.nordtec.se\/fi\/tuote\/mittauslaitteet\/ilmanvaihtolaite\/ilmavirtausmittari\/testo-405i-tradlos-varmtradsgivare\/","title":{"rendered":"testo 405i \u2013 tr\u00e5dl\u00f6s varmtr\u00e5dsgivare"},"content":{"rendered":"<h2>testo 405i SmartProbes \u2013 Tr\u00e5dl\u00f6s varmtr\u00e5dsgivare<\/h2>\n<p>Varmtr\u00e5dsgivaren testo 405i ing\u00e5r i Testos\u00a0<strong>SmartProbes-serie<\/strong> och anv\u00e4nds i kombination med en smartphone eller surfplatta. Den \u00e4r en kompakt givare f\u00f6r lufthastighet, temperatur och luftfl\u00f6de. testo 405i har ett teleskopr\u00f6r som kan f\u00f6rl\u00e4ngas till 400 mm, f\u00f6r flexibel anv\u00e4ndning i lokaler och kanaler. Med hj\u00e4lp av den kostnadsfria appen som laddas ned till telefonen eller surfplattan, kan anv\u00e4ndaren bekv\u00e4mt l\u00e4sa av sina m\u00e4tv\u00e4rden, konfigurera luftfl\u00f6desm\u00e4tningarna snabbt och enkelt samt m\u00e4ta tids- och punktmedelv\u00e4rden p\u00e5 ett tillf\u00f6rlitligt s\u00e4tt.<\/p>\n<h2>Ing\u00e5r i leverans<\/h2>\n<p>Tr\u00e5dl\u00f6sa varmtr\u00e5dsgivaren testo 405i\u00a0med batterier och fabriksprotokoll.<\/p>\n<p><span class=\"ui-provider ed ayd aye ayf ayg ayh ayi ayj ayk ayl aym ayn ayo ayp ayq ayr ays ayt ayu ayv ayw ayx ayy ayz aza azb azc azd aze azf azg azh azi azj azk\" dir=\"ltr\"><strong>Fabriksprotokoll:<\/strong>\u00a0utf\u00e4rdas p\u00e5 fabriken efter en kontroll av att produkten fungerar och uppfyller angiven m\u00e4tnoggrannhet. L\u00e4s om <a href=\"https:\/\/stage.nordtec.se\/kalibrering\/iso-9001-kraver-kalibrerad-matutrustning\/\"><u>skillnaden mellan fabriksprotokoll och ackrediterad kalibrering<\/u><\/a>.<\/span><\/p>\n<p><strong>Viktig info!<\/strong> testo SmartProbes kr\u00e4ver Android 4.3 eller senare \/ IOS 8.3 eller senare samt Bluetooth 4.0.<\/p>\n<p>&nbsp;<\/p>\n","protected":false},"excerpt":{"rendered":"<p style=\"text-align: left;\">Kompakt givare f\u00f6r lufthastighet, temperatur och luftfl\u00f6de<\/p>\n<ul>\n<li style=\"text-align: left;\">0&#8230; 30 m\/s (varmtr\u00e5d)<\/li>\n<li style=\"text-align: left;\">-20&#8230; +60 \u00b0C (NTC)<\/li>\n<li style=\"text-align: left;\">Teleskopr\u00f6r, kan f\u00f6rl\u00e4ngas till 400 mm<\/li>\n<\/ul>\n","protected":false},"featured_media":17090,"template":"","meta":{"_kad_blocks_custom_css":"","_kad_blocks_head_custom_js":"","_kad_blocks_body_custom_js":"","_kad_blocks_footer_custom_js":"","footnotes":""},"product_brand":[1435],"product_cat":[162,164,286,49,526,1425,332,163],"product_tag":[666,191],"class_list":{"0":"post-9106","1":"product","2":"type-product","3":"status-publish","4":"has-post-thumbnail","6":"product_brand-testo","7":"product_cat-industri","8":"product_cat-inneklimat-arbetsmiljo","9":"product_cat-luftflodesmatare","10":"product_cat-matinstrument","11":"product_cat-smartprobes","12":"product_cat-testo-smart-app","13":"product_cat-ventilationsinstrument","14":"product_cat-vvs-fastighet","15":"product_tag-bluetooth","16":"product_tag-varmtrad","18":"first","19":"instock","20":"taxable","21":"shipping-taxable","22":"purchasable","23":"product-type-simple"},"yoast_head":"<!-- This site is optimized with the Yoast SEO Premium plugin v25.8 (Yoast SEO v27.4) - https:\/\/yoast.com\/product\/yoast-seo-premium-wordpress\/ -->\n<title>testo 405i \u2013 tr\u00e5dl\u00f6s varmtr\u00e5dsgivare | Nordtec<\/title>\n<meta name=\"description\" content=\"Kompakt givare f\u00f6r lufthastighet, temperatur och luftfl\u00f6de \u1405 testo 405i \u2713 0... 30 m\/s (varmtr\u00e5d) \u2713 -20... +60 \u00b0C (NTC) \u2713 Teleskop kan f\u00f6rl\u00e4ngas till 400 mm\" \/>\n<meta name=\"robots\" content=\"noindex, follow, max-snippet:-1, max-image-preview:large, max-video-preview:-1\" \/>\n<meta property=\"og:locale\" content=\"fi_FI\" \/>\n<meta property=\"og:type\" content=\"article\" \/>\n<meta property=\"og:title\" content=\"testo 405i \u2013 tr\u00e5dl\u00f6s varmtr\u00e5dsgivare\" \/>\n<meta property=\"og:description\" content=\"Kompakt givare f\u00f6r lufthastighet, temperatur och luftfl\u00f6de \u1405 testo 405i \u2713 0... 30 m\/s (varmtr\u00e5d) \u2713 -20... +60 \u00b0C (NTC) \u2713 Teleskop kan f\u00f6rl\u00e4ngas till 400 mm\" \/>\n<meta property=\"og:url\" content=\"https:\/\/stage.nordtec.se\/fi\/tuote\/mittauslaitteet\/ilmanvaihtolaite\/ilmavirtausmittari\/testo-405i-tradlos-varmtradsgivare\/\" \/>\n<meta property=\"og:site_name\" content=\"Nordtec\" \/>\n<meta property=\"article:publisher\" content=\"https:\/\/www.facebook.com\/nordtecinstrument\" \/>\n<meta property=\"article:modified_time\" content=\"2025-12-12T14:18:09+00:00\" \/>\n<meta property=\"og:image\" content=\"https:\/\/stage.nordtec.se\/wp-content\/uploads\/2022\/03\/testo-405i-velocity-front-V2_800px.png\" \/>\n\t<meta property=\"og:image:width\" content=\"800\" \/>\n\t<meta property=\"og:image:height\" content=\"800\" \/>\n\t<meta property=\"og:image:type\" content=\"image\/png\" \/>\n<meta name=\"twitter:card\" content=\"summary_large_image\" \/>\n<meta name=\"twitter:label1\" content=\"Arvioitu lukuaika\" \/>\n\t<meta name=\"twitter:data1\" content=\"1 minuutti\" \/>\n<script type=\"application\/ld+json\" class=\"yoast-schema-graph\">{\"@context\":\"https:\\\/\\\/schema.org\",\"@graph\":[{\"@type\":[\"WebPage\",\"ItemPage\"],\"@id\":\"https:\\\/\\\/stage.nordtec.se\\\/fi\\\/tuote\\\/mittauslaitteet\\\/ilmanvaihtolaite\\\/ilmavirtausmittari\\\/testo-405i-tradlos-varmtradsgivare\\\/\",\"url\":\"https:\\\/\\\/stage.nordtec.se\\\/fi\\\/tuote\\\/mittauslaitteet\\\/ilmanvaihtolaite\\\/ilmavirtausmittari\\\/testo-405i-tradlos-varmtradsgivare\\\/\",\"name\":\"testo 405i \u2013 tr\u00e5dl\u00f6s varmtr\u00e5dsgivare | Nordtec\",\"isPartOf\":{\"@id\":\"https:\\\/\\\/stage.nordtec.se\\\/fi\\\/#website\"},\"primaryImageOfPage\":{\"@id\":\"https:\\\/\\\/stage.nordtec.se\\\/fi\\\/tuote\\\/mittauslaitteet\\\/ilmanvaihtolaite\\\/ilmavirtausmittari\\\/testo-405i-tradlos-varmtradsgivare\\\/#primaryimage\"},\"image\":{\"@id\":\"https:\\\/\\\/stage.nordtec.se\\\/fi\\\/tuote\\\/mittauslaitteet\\\/ilmanvaihtolaite\\\/ilmavirtausmittari\\\/testo-405i-tradlos-varmtradsgivare\\\/#primaryimage\"},\"thumbnailUrl\":\"https:\\\/\\\/stage.nordtec.se\\\/wp-content\\\/uploads\\\/2022\\\/03\\\/testo-405i-velocity-front-V2_800px.png\",\"datePublished\":\"2022-03-30T14:14:55+00:00\",\"dateModified\":\"2025-12-12T14:18:09+00:00\",\"description\":\"Kompakt givare f\u00f6r lufthastighet, temperatur och luftfl\u00f6de \u1405 testo 405i \u2713 0... 30 m\\\/s (varmtr\u00e5d) \u2713 -20... +60 \u00b0C (NTC) \u2713 Teleskop kan f\u00f6rl\u00e4ngas till 400 mm\",\"breadcrumb\":{\"@id\":\"https:\\\/\\\/stage.nordtec.se\\\/fi\\\/tuote\\\/mittauslaitteet\\\/ilmanvaihtolaite\\\/ilmavirtausmittari\\\/testo-405i-tradlos-varmtradsgivare\\\/#breadcrumb\"},\"inLanguage\":\"fi\",\"potentialAction\":[{\"@type\":\"ReadAction\",\"target\":[\"https:\\\/\\\/stage.nordtec.se\\\/fi\\\/tuote\\\/mittauslaitteet\\\/ilmanvaihtolaite\\\/ilmavirtausmittari\\\/testo-405i-tradlos-varmtradsgivare\\\/\"]}]},{\"@type\":\"ImageObject\",\"inLanguage\":\"fi\",\"@id\":\"https:\\\/\\\/stage.nordtec.se\\\/fi\\\/tuote\\\/mittauslaitteet\\\/ilmanvaihtolaite\\\/ilmavirtausmittari\\\/testo-405i-tradlos-varmtradsgivare\\\/#primaryimage\",\"url\":\"https:\\\/\\\/stage.nordtec.se\\\/wp-content\\\/uploads\\\/2022\\\/03\\\/testo-405i-velocity-front-V2_800px.png\",\"contentUrl\":\"https:\\\/\\\/stage.nordtec.se\\\/wp-content\\\/uploads\\\/2022\\\/03\\\/testo-405i-velocity-front-V2_800px.png\",\"width\":800,\"height\":800,\"caption\":\"SmartProbe testo 405i\"},{\"@type\":\"BreadcrumbList\",\"@id\":\"https:\\\/\\\/stage.nordtec.se\\\/fi\\\/tuote\\\/mittauslaitteet\\\/ilmanvaihtolaite\\\/ilmavirtausmittari\\\/testo-405i-tradlos-varmtradsgivare\\\/#breadcrumb\",\"itemListElement\":[{\"@type\":\"ListItem\",\"position\":1,\"name\":\"Hem\",\"item\":\"https:\\\/\\\/stage.nordtec.se\\\/fi\\\/\"},{\"@type\":\"ListItem\",\"position\":2,\"name\":\"Kauppa\",\"item\":\"https:\\\/\\\/stage.nordtec.se\\\/produkter\\\/\"},{\"@type\":\"ListItem\",\"position\":3,\"name\":\"testo 405i \u2013 tr\u00e5dl\u00f6s varmtr\u00e5dsgivare\"}]},{\"@type\":\"WebSite\",\"@id\":\"https:\\\/\\\/stage.nordtec.se\\\/fi\\\/#website\",\"url\":\"https:\\\/\\\/stage.nordtec.se\\\/fi\\\/\",\"name\":\"Nordtec\",\"description\":\"Din partner inom m\u00e4tteknik\",\"publisher\":{\"@id\":\"https:\\\/\\\/stage.nordtec.se\\\/fi\\\/#organization\"},\"potentialAction\":[{\"@type\":\"SearchAction\",\"target\":{\"@type\":\"EntryPoint\",\"urlTemplate\":\"https:\\\/\\\/stage.nordtec.se\\\/fi\\\/?s={search_term_string}\"},\"query-input\":{\"@type\":\"PropertyValueSpecification\",\"valueRequired\":true,\"valueName\":\"search_term_string\"}}],\"inLanguage\":\"fi\"},{\"@type\":\"Organization\",\"@id\":\"https:\\\/\\\/stage.nordtec.se\\\/fi\\\/#organization\",\"name\":\"Nordtec Instrument AB\",\"url\":\"https:\\\/\\\/stage.nordtec.se\\\/fi\\\/\",\"logo\":{\"@type\":\"ImageObject\",\"inLanguage\":\"fi\",\"@id\":\"https:\\\/\\\/stage.nordtec.se\\\/fi\\\/#\\\/schema\\\/logo\\\/image\\\/\",\"url\":\"https:\\\/\\\/stage.nordtec.se\\\/wp-content\\\/uploads\\\/2021\\\/08\\\/nordtec_logo_rgb-340px.png\",\"contentUrl\":\"https:\\\/\\\/stage.nordtec.se\\\/wp-content\\\/uploads\\\/2021\\\/08\\\/nordtec_logo_rgb-340px.png\",\"width\":340,\"height\":75,\"caption\":\"Nordtec Instrument AB\"},\"image\":{\"@id\":\"https:\\\/\\\/stage.nordtec.se\\\/fi\\\/#\\\/schema\\\/logo\\\/image\\\/\"},\"sameAs\":[\"https:\\\/\\\/www.facebook.com\\\/nordtecinstrument\",\"https:\\\/\\\/www.instagram.com\\\/nordtec_instrument\\\/\",\"https:\\\/\\\/www.linkedin.com\\\/company\\\/nordtec-instrument-ab\\\/\",\"https:\\\/\\\/www.youtube.com\\\/channel\\\/UCbmAq3ZmfBKOGg7_igFURng\"]}]}<\/script>\n<!-- \/ Yoast SEO Premium plugin. -->","yoast_head_json":{"title":"testo 405i \u2013 tr\u00e5dl\u00f6s varmtr\u00e5dsgivare | Nordtec","description":"Kompakt givare f\u00f6r lufthastighet, temperatur och luftfl\u00f6de \u1405 testo 405i \u2713 0... 30 m\/s (varmtr\u00e5d) \u2713 -20... +60 \u00b0C (NTC) \u2713 Teleskop kan f\u00f6rl\u00e4ngas till 400 mm","robots":{"index":"noindex","follow":"follow","max-snippet":"max-snippet:-1","max-image-preview":"max-image-preview:large","max-video-preview":"max-video-preview:-1"},"og_locale":"fi_FI","og_type":"article","og_title":"testo 405i \u2013 tr\u00e5dl\u00f6s varmtr\u00e5dsgivare","og_description":"Kompakt givare f\u00f6r lufthastighet, temperatur och luftfl\u00f6de \u1405 testo 405i \u2713 0... 30 m\/s (varmtr\u00e5d) \u2713 -20... +60 \u00b0C (NTC) \u2713 Teleskop kan f\u00f6rl\u00e4ngas till 400 mm","og_url":"https:\/\/stage.nordtec.se\/fi\/tuote\/mittauslaitteet\/ilmanvaihtolaite\/ilmavirtausmittari\/testo-405i-tradlos-varmtradsgivare\/","og_site_name":"Nordtec","article_publisher":"https:\/\/www.facebook.com\/nordtecinstrument","article_modified_time":"2025-12-12T14:18:09+00:00","og_image":[{"width":800,"height":800,"url":"https:\/\/stage.nordtec.se\/wp-content\/uploads\/2022\/03\/testo-405i-velocity-front-V2_800px.png","type":"image\/png"}],"twitter_card":"summary_large_image","twitter_misc":{"Arvioitu lukuaika":"1 minuutti"},"schema":{"@context":"https:\/\/schema.org","@graph":[{"@type":["WebPage","ItemPage"],"@id":"https:\/\/stage.nordtec.se\/fi\/tuote\/mittauslaitteet\/ilmanvaihtolaite\/ilmavirtausmittari\/testo-405i-tradlos-varmtradsgivare\/","url":"https:\/\/stage.nordtec.se\/fi\/tuote\/mittauslaitteet\/ilmanvaihtolaite\/ilmavirtausmittari\/testo-405i-tradlos-varmtradsgivare\/","name":"testo 405i \u2013 tr\u00e5dl\u00f6s varmtr\u00e5dsgivare | Nordtec","isPartOf":{"@id":"https:\/\/stage.nordtec.se\/fi\/#website"},"primaryImageOfPage":{"@id":"https:\/\/stage.nordtec.se\/fi\/tuote\/mittauslaitteet\/ilmanvaihtolaite\/ilmavirtausmittari\/testo-405i-tradlos-varmtradsgivare\/#primaryimage"},"image":{"@id":"https:\/\/stage.nordtec.se\/fi\/tuote\/mittauslaitteet\/ilmanvaihtolaite\/ilmavirtausmittari\/testo-405i-tradlos-varmtradsgivare\/#primaryimage"},"thumbnailUrl":"https:\/\/stage.nordtec.se\/wp-content\/uploads\/2022\/03\/testo-405i-velocity-front-V2_800px.png","datePublished":"2022-03-30T14:14:55+00:00","dateModified":"2025-12-12T14:18:09+00:00","description":"Kompakt givare f\u00f6r lufthastighet, temperatur och luftfl\u00f6de \u1405 testo 405i \u2713 0... 30 m\/s (varmtr\u00e5d) \u2713 -20... +60 \u00b0C (NTC) \u2713 Teleskop kan f\u00f6rl\u00e4ngas till 400 mm","breadcrumb":{"@id":"https:\/\/stage.nordtec.se\/fi\/tuote\/mittauslaitteet\/ilmanvaihtolaite\/ilmavirtausmittari\/testo-405i-tradlos-varmtradsgivare\/#breadcrumb"},"inLanguage":"fi","potentialAction":[{"@type":"ReadAction","target":["https:\/\/stage.nordtec.se\/fi\/tuote\/mittauslaitteet\/ilmanvaihtolaite\/ilmavirtausmittari\/testo-405i-tradlos-varmtradsgivare\/"]}]},{"@type":"ImageObject","inLanguage":"fi","@id":"https:\/\/stage.nordtec.se\/fi\/tuote\/mittauslaitteet\/ilmanvaihtolaite\/ilmavirtausmittari\/testo-405i-tradlos-varmtradsgivare\/#primaryimage","url":"https:\/\/stage.nordtec.se\/wp-content\/uploads\/2022\/03\/testo-405i-velocity-front-V2_800px.png","contentUrl":"https:\/\/stage.nordtec.se\/wp-content\/uploads\/2022\/03\/testo-405i-velocity-front-V2_800px.png","width":800,"height":800,"caption":"SmartProbe testo 405i"},{"@type":"BreadcrumbList","@id":"https:\/\/stage.nordtec.se\/fi\/tuote\/mittauslaitteet\/ilmanvaihtolaite\/ilmavirtausmittari\/testo-405i-tradlos-varmtradsgivare\/#breadcrumb","itemListElement":[{"@type":"ListItem","position":1,"name":"Hem","item":"https:\/\/stage.nordtec.se\/fi\/"},{"@type":"ListItem","position":2,"name":"Kauppa","item":"https:\/\/stage.nordtec.se\/produkter\/"},{"@type":"ListItem","position":3,"name":"testo 405i \u2013 tr\u00e5dl\u00f6s varmtr\u00e5dsgivare"}]},{"@type":"WebSite","@id":"https:\/\/stage.nordtec.se\/fi\/#website","url":"https:\/\/stage.nordtec.se\/fi\/","name":"Nordtec","description":"Din partner inom m\u00e4tteknik","publisher":{"@id":"https:\/\/stage.nordtec.se\/fi\/#organization"},"potentialAction":[{"@type":"SearchAction","target":{"@type":"EntryPoint","urlTemplate":"https:\/\/stage.nordtec.se\/fi\/?s={search_term_string}"},"query-input":{"@type":"PropertyValueSpecification","valueRequired":true,"valueName":"search_term_string"}}],"inLanguage":"fi"},{"@type":"Organization","@id":"https:\/\/stage.nordtec.se\/fi\/#organization","name":"Nordtec Instrument AB","url":"https:\/\/stage.nordtec.se\/fi\/","logo":{"@type":"ImageObject","inLanguage":"fi","@id":"https:\/\/stage.nordtec.se\/fi\/#\/schema\/logo\/image\/","url":"https:\/\/stage.nordtec.se\/wp-content\/uploads\/2021\/08\/nordtec_logo_rgb-340px.png","contentUrl":"https:\/\/stage.nordtec.se\/wp-content\/uploads\/2021\/08\/nordtec_logo_rgb-340px.png","width":340,"height":75,"caption":"Nordtec Instrument AB"},"image":{"@id":"https:\/\/stage.nordtec.se\/fi\/#\/schema\/logo\/image\/"},"sameAs":["https:\/\/www.facebook.com\/nordtecinstrument","https:\/\/www.instagram.com\/nordtec_instrument\/","https:\/\/www.linkedin.com\/company\/nordtec-instrument-ab\/","https:\/\/www.youtube.com\/channel\/UCbmAq3ZmfBKOGg7_igFURng"]}]}},"taxonomy_info":{"product_brand":[{"value":1435,"label":"Testo"}],"product_cat":[{"value":162,"label":"Industri"},{"value":164,"label":"Inneklimat &amp; Arbetsmilj\u00f6"},{"value":286,"label":"Luftfl\u00f6desm\u00e4tare"},{"value":49,"label":"M\u00e4tinstrument"},{"value":526,"label":"SmartProbes"},{"value":1425,"label":"testo Smart App"},{"value":332,"label":"Ventilationsinstrument"},{"value":163,"label":"VVS &amp; Fastighet"}],"product_tag":[{"value":666,"label":"Bluetooth"},{"value":191,"label":"Varmtr\u00e5d"}]},"featured_image_src_large":["https:\/\/stage.nordtec.se\/wp-content\/uploads\/2022\/03\/testo-405i-velocity-front-V2_800px.png",800,800,false],"author_info":[],"comment_info":"","_links":{"self":[{"href":"https:\/\/stage.nordtec.se\/fi\/wp-json\/wp\/v2\/product\/9106","targetHints":{"allow":["GET"]}}],"collection":[{"href":"https:\/\/stage.nordtec.se\/fi\/wp-json\/wp\/v2\/product"}],"about":[{"href":"https:\/\/stage.nordtec.se\/fi\/wp-json\/wp\/v2\/types\/product"}],"version-history":[{"count":8,"href":"https:\/\/stage.nordtec.se\/fi\/wp-json\/wp\/v2\/product\/9106\/revisions"}],"predecessor-version":[{"id":22817,"href":"https:\/\/stage.nordtec.se\/fi\/wp-json\/wp\/v2\/product\/9106\/revisions\/22817"}],"wp:featuredmedia":[{"embeddable":true,"href":"https:\/\/stage.nordtec.se\/fi\/wp-json\/wp\/v2\/media\/17090"}],"wp:attachment":[{"href":"https:\/\/stage.nordtec.se\/fi\/wp-json\/wp\/v2\/media?parent=9106"}],"wp:term":[{"taxonomy":"product_brand","embeddable":true,"href":"https:\/\/stage.nordtec.se\/fi\/wp-json\/wp\/v2\/product_brand?post=9106"},{"taxonomy":"product_cat","embeddable":true,"href":"https:\/\/stage.nordtec.se\/fi\/wp-json\/wp\/v2\/product_cat?post=9106"},{"taxonomy":"product_tag","embeddable":true,"href":"https:\/\/stage.nordtec.se\/fi\/wp-json\/wp\/v2\/product_tag?post=9106"}],"curies":[{"name":"wp","href":"https:\/\/api.w.org\/{rel}","templated":true}]}}