{"id":9103,"date":"2022-03-30T16:14:55","date_gmt":"2022-03-30T14:14:55","guid":{"rendered":"https:\/\/stage.nordtec.se\/produkter\/okategoriserad\/testo-410i-smartprobes\/"},"modified":"2025-12-12T16:18:10","modified_gmt":"2025-12-12T14:18:10","slug":"testo-410i-tradlos-vinghjulsgivare","status":"publish","type":"product","link":"https:\/\/stage.nordtec.se\/fi\/tuote\/mittauslaitteet\/ilmanvaihtolaite\/ilmavirtausmittari\/testo-410i-tradlos-vinghjulsgivare\/","title":{"rendered":"testo 410i \u2013 tr\u00e5dl\u00f6s vinghjulsgivare"},"content":{"rendered":"<h2>testo 410i SmartProbes \u2013 Tr\u00e5dl\u00f6s vinghjulsgivare<\/h2>\n<p>Den kompakta vinghjulsgivaren testo 410i ing\u00e5r i Testos nya serie SmartProbes och anv\u00e4nds i kombination med en smartphone eller surfplatta. Den anv\u00e4nds f\u00f6r m\u00e4tning av lufthastighet, luftfl\u00f6de och temperatur vid luftdon.<\/p>\n<p>Med hj\u00e4lp av den kostnadsfria appen som laddas ned till telefonen eller surfplattan, kan anv\u00e4ndaren bekv\u00e4mt l\u00e4sa av sina m\u00e4tv\u00e4rden, konfigurera luftfl\u00f6desm\u00e4tningarna snabbt och enkelt samt m\u00e4ta tids- och punktmedelv\u00e4rden p\u00e5 ett tillf\u00f6rlitligt s\u00e4tt. M\u00e4tresultaten kan sedan skickas direkt som PDF- eller Excel-filer.<\/p>\n<h2>Ing\u00e5r i leverans<\/h2>\n<p>Tr\u00e5dl\u00f6sa vinghjulsgivaren testo 410i\u00a0med fabriksprotokoll och batterier.<\/p>\n<p><strong>Viktig info!<\/strong> testo SmartProbes kr\u00e4ver Android 4.3 eller senare \/ IOS 8.3 eller senare samt Bluetooth 4.0.<\/p>\n","protected":false},"excerpt":{"rendered":"<p style=\"text-align: left;\">F\u00f6r m\u00e4tning av lufthastighet, luftfl\u00f6de och temperatur vid luftdon<\/p>\n<ul>\n<li style=\"text-align: left;\">0,4 &#8230; 30 m\/s (vinghjul)<\/li>\n<li style=\"text-align: left;\">-20 &#8230; +60 \u00b0C (NTC)<\/li>\n<li style=\"text-align: left;\">M\u00e4tning av lufthastighet, luftfl\u00f6de och temperatur<\/li>\n<\/ul>\n","protected":false},"featured_media":17097,"template":"","meta":{"_kad_blocks_custom_css":"","_kad_blocks_head_custom_js":"","_kad_blocks_body_custom_js":"","_kad_blocks_footer_custom_js":"","footnotes":""},"product_brand":[1435],"product_cat":[164,286,49,526,1425,332,163],"product_tag":[666,207],"class_list":{"0":"post-9103","1":"product","2":"type-product","3":"status-publish","4":"has-post-thumbnail","6":"product_brand-testo","7":"product_cat-inneklimat-arbetsmiljo","8":"product_cat-luftflodesmatare","9":"product_cat-matinstrument","10":"product_cat-smartprobes","11":"product_cat-testo-smart-app","12":"product_cat-ventilationsinstrument","13":"product_cat-vvs-fastighet","14":"product_tag-bluetooth","15":"product_tag-vinghjul","17":"first","18":"instock","19":"taxable","20":"shipping-taxable","21":"purchasable","22":"product-type-simple"},"yoast_head":"<!-- This site is optimized with the Yoast SEO Premium plugin v25.8 (Yoast SEO v27.4) - https:\/\/yoast.com\/product\/yoast-seo-premium-wordpress\/ -->\n<title>testo 410i \u2013 tr\u00e5dl\u00f6s vinghjulsgivare | Nordtec<\/title>\n<meta name=\"description\" content=\"F\u00f6r m\u00e4tning av lufthastighet, luftfl\u00f6de och temperatur vid luftdon \u1405 testo 410i \u2713 0,4 ... 30 m\/s (vinghjul) \u2713 -20 ... +60 \u00b0C (NTC)\" \/>\n<meta name=\"robots\" content=\"noindex, follow, max-snippet:-1, max-image-preview:large, max-video-preview:-1\" \/>\n<meta property=\"og:locale\" content=\"fi_FI\" \/>\n<meta property=\"og:type\" content=\"article\" \/>\n<meta property=\"og:title\" content=\"testo 410i \u2013 tr\u00e5dl\u00f6s vinghjulsgivare\" \/>\n<meta property=\"og:description\" content=\"F\u00f6r m\u00e4tning av lufthastighet, luftfl\u00f6de och temperatur vid luftdon \u1405 testo 410i \u2713 0,4 ... 30 m\/s (vinghjul) \u2713 -20 ... +60 \u00b0C (NTC)\" \/>\n<meta property=\"og:url\" content=\"https:\/\/stage.nordtec.se\/fi\/tuote\/mittauslaitteet\/ilmanvaihtolaite\/ilmavirtausmittari\/testo-410i-tradlos-vinghjulsgivare\/\" \/>\n<meta property=\"og:site_name\" content=\"Nordtec\" \/>\n<meta property=\"article:publisher\" content=\"https:\/\/www.facebook.com\/nordtecinstrument\" \/>\n<meta property=\"article:modified_time\" content=\"2025-12-12T14:18:10+00:00\" \/>\n<meta property=\"og:image\" content=\"https:\/\/stage.nordtec.se\/wp-content\/uploads\/2022\/03\/testo-410i-velocity-front_800px.png\" \/>\n\t<meta property=\"og:image:width\" content=\"800\" \/>\n\t<meta property=\"og:image:height\" content=\"800\" \/>\n\t<meta property=\"og:image:type\" content=\"image\/png\" \/>\n<meta name=\"twitter:card\" content=\"summary_large_image\" \/>\n<meta name=\"twitter:label1\" content=\"Arvioitu lukuaika\" \/>\n\t<meta name=\"twitter:data1\" content=\"1 minuutti\" \/>\n<script type=\"application\/ld+json\" class=\"yoast-schema-graph\">{\"@context\":\"https:\\\/\\\/schema.org\",\"@graph\":[{\"@type\":[\"WebPage\",\"ItemPage\"],\"@id\":\"https:\\\/\\\/stage.nordtec.se\\\/fi\\\/tuote\\\/mittauslaitteet\\\/ilmanvaihtolaite\\\/ilmavirtausmittari\\\/testo-410i-tradlos-vinghjulsgivare\\\/\",\"url\":\"https:\\\/\\\/stage.nordtec.se\\\/fi\\\/tuote\\\/mittauslaitteet\\\/ilmanvaihtolaite\\\/ilmavirtausmittari\\\/testo-410i-tradlos-vinghjulsgivare\\\/\",\"name\":\"testo 410i \u2013 tr\u00e5dl\u00f6s vinghjulsgivare | Nordtec\",\"isPartOf\":{\"@id\":\"https:\\\/\\\/stage.nordtec.se\\\/fi\\\/#website\"},\"primaryImageOfPage\":{\"@id\":\"https:\\\/\\\/stage.nordtec.se\\\/fi\\\/tuote\\\/mittauslaitteet\\\/ilmanvaihtolaite\\\/ilmavirtausmittari\\\/testo-410i-tradlos-vinghjulsgivare\\\/#primaryimage\"},\"image\":{\"@id\":\"https:\\\/\\\/stage.nordtec.se\\\/fi\\\/tuote\\\/mittauslaitteet\\\/ilmanvaihtolaite\\\/ilmavirtausmittari\\\/testo-410i-tradlos-vinghjulsgivare\\\/#primaryimage\"},\"thumbnailUrl\":\"https:\\\/\\\/stage.nordtec.se\\\/wp-content\\\/uploads\\\/2022\\\/03\\\/testo-410i-velocity-front_800px.png\",\"datePublished\":\"2022-03-30T14:14:55+00:00\",\"dateModified\":\"2025-12-12T14:18:10+00:00\",\"description\":\"F\u00f6r m\u00e4tning av lufthastighet, luftfl\u00f6de och temperatur vid luftdon \u1405 testo 410i \u2713 0,4 ... 30 m\\\/s (vinghjul) \u2713 -20 ... +60 \u00b0C (NTC)\",\"breadcrumb\":{\"@id\":\"https:\\\/\\\/stage.nordtec.se\\\/fi\\\/tuote\\\/mittauslaitteet\\\/ilmanvaihtolaite\\\/ilmavirtausmittari\\\/testo-410i-tradlos-vinghjulsgivare\\\/#breadcrumb\"},\"inLanguage\":\"fi\",\"potentialAction\":[{\"@type\":\"ReadAction\",\"target\":[\"https:\\\/\\\/stage.nordtec.se\\\/fi\\\/tuote\\\/mittauslaitteet\\\/ilmanvaihtolaite\\\/ilmavirtausmittari\\\/testo-410i-tradlos-vinghjulsgivare\\\/\"]}]},{\"@type\":\"ImageObject\",\"inLanguage\":\"fi\",\"@id\":\"https:\\\/\\\/stage.nordtec.se\\\/fi\\\/tuote\\\/mittauslaitteet\\\/ilmanvaihtolaite\\\/ilmavirtausmittari\\\/testo-410i-tradlos-vinghjulsgivare\\\/#primaryimage\",\"url\":\"https:\\\/\\\/stage.nordtec.se\\\/wp-content\\\/uploads\\\/2022\\\/03\\\/testo-410i-velocity-front_800px.png\",\"contentUrl\":\"https:\\\/\\\/stage.nordtec.se\\\/wp-content\\\/uploads\\\/2022\\\/03\\\/testo-410i-velocity-front_800px.png\",\"width\":800,\"height\":800,\"caption\":\"SmartProbe testo 410i\"},{\"@type\":\"BreadcrumbList\",\"@id\":\"https:\\\/\\\/stage.nordtec.se\\\/fi\\\/tuote\\\/mittauslaitteet\\\/ilmanvaihtolaite\\\/ilmavirtausmittari\\\/testo-410i-tradlos-vinghjulsgivare\\\/#breadcrumb\",\"itemListElement\":[{\"@type\":\"ListItem\",\"position\":1,\"name\":\"Hem\",\"item\":\"https:\\\/\\\/stage.nordtec.se\\\/fi\\\/\"},{\"@type\":\"ListItem\",\"position\":2,\"name\":\"Kauppa\",\"item\":\"https:\\\/\\\/stage.nordtec.se\\\/produkter\\\/\"},{\"@type\":\"ListItem\",\"position\":3,\"name\":\"testo 410i \u2013 tr\u00e5dl\u00f6s vinghjulsgivare\"}]},{\"@type\":\"WebSite\",\"@id\":\"https:\\\/\\\/stage.nordtec.se\\\/fi\\\/#website\",\"url\":\"https:\\\/\\\/stage.nordtec.se\\\/fi\\\/\",\"name\":\"Nordtec\",\"description\":\"Din partner inom m\u00e4tteknik\",\"publisher\":{\"@id\":\"https:\\\/\\\/stage.nordtec.se\\\/fi\\\/#organization\"},\"potentialAction\":[{\"@type\":\"SearchAction\",\"target\":{\"@type\":\"EntryPoint\",\"urlTemplate\":\"https:\\\/\\\/stage.nordtec.se\\\/fi\\\/?s={search_term_string}\"},\"query-input\":{\"@type\":\"PropertyValueSpecification\",\"valueRequired\":true,\"valueName\":\"search_term_string\"}}],\"inLanguage\":\"fi\"},{\"@type\":\"Organization\",\"@id\":\"https:\\\/\\\/stage.nordtec.se\\\/fi\\\/#organization\",\"name\":\"Nordtec Instrument AB\",\"url\":\"https:\\\/\\\/stage.nordtec.se\\\/fi\\\/\",\"logo\":{\"@type\":\"ImageObject\",\"inLanguage\":\"fi\",\"@id\":\"https:\\\/\\\/stage.nordtec.se\\\/fi\\\/#\\\/schema\\\/logo\\\/image\\\/\",\"url\":\"https:\\\/\\\/stage.nordtec.se\\\/wp-content\\\/uploads\\\/2021\\\/08\\\/nordtec_logo_rgb-340px.png\",\"contentUrl\":\"https:\\\/\\\/stage.nordtec.se\\\/wp-content\\\/uploads\\\/2021\\\/08\\\/nordtec_logo_rgb-340px.png\",\"width\":340,\"height\":75,\"caption\":\"Nordtec Instrument AB\"},\"image\":{\"@id\":\"https:\\\/\\\/stage.nordtec.se\\\/fi\\\/#\\\/schema\\\/logo\\\/image\\\/\"},\"sameAs\":[\"https:\\\/\\\/www.facebook.com\\\/nordtecinstrument\",\"https:\\\/\\\/www.instagram.com\\\/nordtec_instrument\\\/\",\"https:\\\/\\\/www.linkedin.com\\\/company\\\/nordtec-instrument-ab\\\/\",\"https:\\\/\\\/www.youtube.com\\\/channel\\\/UCbmAq3ZmfBKOGg7_igFURng\"]}]}<\/script>\n<!-- \/ Yoast SEO Premium plugin. -->","yoast_head_json":{"title":"testo 410i \u2013 tr\u00e5dl\u00f6s vinghjulsgivare | Nordtec","description":"F\u00f6r m\u00e4tning av lufthastighet, luftfl\u00f6de och temperatur vid luftdon \u1405 testo 410i \u2713 0,4 ... 30 m\/s (vinghjul) \u2713 -20 ... +60 \u00b0C (NTC)","robots":{"index":"noindex","follow":"follow","max-snippet":"max-snippet:-1","max-image-preview":"max-image-preview:large","max-video-preview":"max-video-preview:-1"},"og_locale":"fi_FI","og_type":"article","og_title":"testo 410i \u2013 tr\u00e5dl\u00f6s vinghjulsgivare","og_description":"F\u00f6r m\u00e4tning av lufthastighet, luftfl\u00f6de och temperatur vid luftdon \u1405 testo 410i \u2713 0,4 ... 30 m\/s (vinghjul) \u2713 -20 ... +60 \u00b0C (NTC)","og_url":"https:\/\/stage.nordtec.se\/fi\/tuote\/mittauslaitteet\/ilmanvaihtolaite\/ilmavirtausmittari\/testo-410i-tradlos-vinghjulsgivare\/","og_site_name":"Nordtec","article_publisher":"https:\/\/www.facebook.com\/nordtecinstrument","article_modified_time":"2025-12-12T14:18:10+00:00","og_image":[{"width":800,"height":800,"url":"https:\/\/stage.nordtec.se\/wp-content\/uploads\/2022\/03\/testo-410i-velocity-front_800px.png","type":"image\/png"}],"twitter_card":"summary_large_image","twitter_misc":{"Arvioitu lukuaika":"1 minuutti"},"schema":{"@context":"https:\/\/schema.org","@graph":[{"@type":["WebPage","ItemPage"],"@id":"https:\/\/stage.nordtec.se\/fi\/tuote\/mittauslaitteet\/ilmanvaihtolaite\/ilmavirtausmittari\/testo-410i-tradlos-vinghjulsgivare\/","url":"https:\/\/stage.nordtec.se\/fi\/tuote\/mittauslaitteet\/ilmanvaihtolaite\/ilmavirtausmittari\/testo-410i-tradlos-vinghjulsgivare\/","name":"testo 410i \u2013 tr\u00e5dl\u00f6s vinghjulsgivare | Nordtec","isPartOf":{"@id":"https:\/\/stage.nordtec.se\/fi\/#website"},"primaryImageOfPage":{"@id":"https:\/\/stage.nordtec.se\/fi\/tuote\/mittauslaitteet\/ilmanvaihtolaite\/ilmavirtausmittari\/testo-410i-tradlos-vinghjulsgivare\/#primaryimage"},"image":{"@id":"https:\/\/stage.nordtec.se\/fi\/tuote\/mittauslaitteet\/ilmanvaihtolaite\/ilmavirtausmittari\/testo-410i-tradlos-vinghjulsgivare\/#primaryimage"},"thumbnailUrl":"https:\/\/stage.nordtec.se\/wp-content\/uploads\/2022\/03\/testo-410i-velocity-front_800px.png","datePublished":"2022-03-30T14:14:55+00:00","dateModified":"2025-12-12T14:18:10+00:00","description":"F\u00f6r m\u00e4tning av lufthastighet, luftfl\u00f6de och temperatur vid luftdon \u1405 testo 410i \u2713 0,4 ... 30 m\/s (vinghjul) \u2713 -20 ... +60 \u00b0C (NTC)","breadcrumb":{"@id":"https:\/\/stage.nordtec.se\/fi\/tuote\/mittauslaitteet\/ilmanvaihtolaite\/ilmavirtausmittari\/testo-410i-tradlos-vinghjulsgivare\/#breadcrumb"},"inLanguage":"fi","potentialAction":[{"@type":"ReadAction","target":["https:\/\/stage.nordtec.se\/fi\/tuote\/mittauslaitteet\/ilmanvaihtolaite\/ilmavirtausmittari\/testo-410i-tradlos-vinghjulsgivare\/"]}]},{"@type":"ImageObject","inLanguage":"fi","@id":"https:\/\/stage.nordtec.se\/fi\/tuote\/mittauslaitteet\/ilmanvaihtolaite\/ilmavirtausmittari\/testo-410i-tradlos-vinghjulsgivare\/#primaryimage","url":"https:\/\/stage.nordtec.se\/wp-content\/uploads\/2022\/03\/testo-410i-velocity-front_800px.png","contentUrl":"https:\/\/stage.nordtec.se\/wp-content\/uploads\/2022\/03\/testo-410i-velocity-front_800px.png","width":800,"height":800,"caption":"SmartProbe testo 410i"},{"@type":"BreadcrumbList","@id":"https:\/\/stage.nordtec.se\/fi\/tuote\/mittauslaitteet\/ilmanvaihtolaite\/ilmavirtausmittari\/testo-410i-tradlos-vinghjulsgivare\/#breadcrumb","itemListElement":[{"@type":"ListItem","position":1,"name":"Hem","item":"https:\/\/stage.nordtec.se\/fi\/"},{"@type":"ListItem","position":2,"name":"Kauppa","item":"https:\/\/stage.nordtec.se\/produkter\/"},{"@type":"ListItem","position":3,"name":"testo 410i \u2013 tr\u00e5dl\u00f6s vinghjulsgivare"}]},{"@type":"WebSite","@id":"https:\/\/stage.nordtec.se\/fi\/#website","url":"https:\/\/stage.nordtec.se\/fi\/","name":"Nordtec","description":"Din partner inom m\u00e4tteknik","publisher":{"@id":"https:\/\/stage.nordtec.se\/fi\/#organization"},"potentialAction":[{"@type":"SearchAction","target":{"@type":"EntryPoint","urlTemplate":"https:\/\/stage.nordtec.se\/fi\/?s={search_term_string}"},"query-input":{"@type":"PropertyValueSpecification","valueRequired":true,"valueName":"search_term_string"}}],"inLanguage":"fi"},{"@type":"Organization","@id":"https:\/\/stage.nordtec.se\/fi\/#organization","name":"Nordtec Instrument AB","url":"https:\/\/stage.nordtec.se\/fi\/","logo":{"@type":"ImageObject","inLanguage":"fi","@id":"https:\/\/stage.nordtec.se\/fi\/#\/schema\/logo\/image\/","url":"https:\/\/stage.nordtec.se\/wp-content\/uploads\/2021\/08\/nordtec_logo_rgb-340px.png","contentUrl":"https:\/\/stage.nordtec.se\/wp-content\/uploads\/2021\/08\/nordtec_logo_rgb-340px.png","width":340,"height":75,"caption":"Nordtec Instrument AB"},"image":{"@id":"https:\/\/stage.nordtec.se\/fi\/#\/schema\/logo\/image\/"},"sameAs":["https:\/\/www.facebook.com\/nordtecinstrument","https:\/\/www.instagram.com\/nordtec_instrument\/","https:\/\/www.linkedin.com\/company\/nordtec-instrument-ab\/","https:\/\/www.youtube.com\/channel\/UCbmAq3ZmfBKOGg7_igFURng"]}]}},"taxonomy_info":{"product_brand":[{"value":1435,"label":"Testo"}],"product_cat":[{"value":164,"label":"Inneklimat &amp; Arbetsmilj\u00f6"},{"value":286,"label":"Luftfl\u00f6desm\u00e4tare"},{"value":49,"label":"M\u00e4tinstrument"},{"value":526,"label":"SmartProbes"},{"value":1425,"label":"testo Smart App"},{"value":332,"label":"Ventilationsinstrument"},{"value":163,"label":"VVS &amp; Fastighet"}],"product_tag":[{"value":666,"label":"Bluetooth"},{"value":207,"label":"Vinghjul"}]},"featured_image_src_large":["https:\/\/stage.nordtec.se\/wp-content\/uploads\/2022\/03\/testo-410i-velocity-front_800px.png",800,800,false],"author_info":[],"comment_info":"","_links":{"self":[{"href":"https:\/\/stage.nordtec.se\/fi\/wp-json\/wp\/v2\/product\/9103","targetHints":{"allow":["GET"]}}],"collection":[{"href":"https:\/\/stage.nordtec.se\/fi\/wp-json\/wp\/v2\/product"}],"about":[{"href":"https:\/\/stage.nordtec.se\/fi\/wp-json\/wp\/v2\/types\/product"}],"version-history":[{"count":7,"href":"https:\/\/stage.nordtec.se\/fi\/wp-json\/wp\/v2\/product\/9103\/revisions"}],"predecessor-version":[{"id":22837,"href":"https:\/\/stage.nordtec.se\/fi\/wp-json\/wp\/v2\/product\/9103\/revisions\/22837"}],"wp:featuredmedia":[{"embeddable":true,"href":"https:\/\/stage.nordtec.se\/fi\/wp-json\/wp\/v2\/media\/17097"}],"wp:attachment":[{"href":"https:\/\/stage.nordtec.se\/fi\/wp-json\/wp\/v2\/media?parent=9103"}],"wp:term":[{"taxonomy":"product_brand","embeddable":true,"href":"https:\/\/stage.nordtec.se\/fi\/wp-json\/wp\/v2\/product_brand?post=9103"},{"taxonomy":"product_cat","embeddable":true,"href":"https:\/\/stage.nordtec.se\/fi\/wp-json\/wp\/v2\/product_cat?post=9103"},{"taxonomy":"product_tag","embeddable":true,"href":"https:\/\/stage.nordtec.se\/fi\/wp-json\/wp\/v2\/product_tag?post=9103"}],"curies":[{"name":"wp","href":"https:\/\/api.w.org\/{rel}","templated":true}]}}