{"id":9100,"date":"2022-03-30T16:14:55","date_gmt":"2022-03-30T14:14:55","guid":{"rendered":"https:\/\/stage.nordtec.se\/produkter\/okategoriserad\/blower-door-retrotec-5100\/"},"modified":"2025-12-09T14:55:42","modified_gmt":"2025-12-09T12:55:42","slug":"blower-door-retrotec-5100","status":"publish","type":"product","link":"https:\/\/stage.nordtec.se\/fi\/tuote\/matinstrument\/ventilationsinstrument\/tathetsprovning\/blower-door-retrotec-5100\/","title":{"rendered":"Blower Door \u2013 retrotec 5100"},"content":{"rendered":"<h2>Blower Door \u2013 retrotec 5100<\/h2>\n<p><strong>Tryckm\u00e4taren DM32X<br \/>\n<\/strong>DM32X har en mer slimmad och ergonomisk utformning \u00e4n f\u00f6reg\u00e5ngaren DM32. Den har f\u00e4rgkodade anslutningar och en h\u00f6guppl\u00f6st peksk\u00e4rm med realtidsvisning av tryckv\u00e4rdeskurvor, vilket ger en b\u00e4ttre bild av f\u00f6rloppet. Du kan ocks\u00e5 v\u00e4lja mellan flera loggningsalternativ. M\u00e4taren har snabb 3 A-laddning och data\u00f6verf\u00f6ring via USB-C samt kan kopplas upp via wifi och Ethernet. I m\u00e4taren finns dessutom integrerade appar f\u00f6r t\u00e4thetsprovning och \u00f6vning. P\u00e5 displayen visas fotorealistiska bilder av alla enheter och m\u00e4tomr\u00e5den.<\/p>\n<p><strong>Fl\u00e4kten<br \/>\n<\/strong>Den robusta fl\u00e4kten (med tio \u00e5rs garanti p\u00e5 skalet) \u00e4r precisionskalibrerad, har stora och greppv\u00e4nliga vridreglage samt formgjutna handtag och t\u00e5l h\u00f6ga lufttryck utan att deformeras eller spricka. Tack vare sin utformning omvandlar den mer av effekten till ett effektivt luftfl\u00f6de, vilket resulterar i l\u00e4gre drifttemperaturer. Vid m\u00e4tning av l\u00e5ga luftfl\u00f6den kan en s\u00e4rskild h\u00e5lplatta monteras i den yttre fl\u00e4ktringen. Det g\u00e5r ocks\u00e5 att montera luftfl\u00f6despluggar i h\u00e5lplattan, f\u00f6r att s\u00e4nka m\u00e4tomr\u00e5det ytterligare. F\u00e4rgm\u00e4rkta anslutningar underl\u00e4ttar inkopplingen.<\/p>\n<p><strong>Aluminiumramen<br \/>\n<\/strong>Aluminiumramen konstruerades f\u00f6r luftt\u00e4thetsprovning i extremt t\u00e4ta passivhus och har fyrkantiga h\u00f6rn som ger full t\u00e4tning i d\u00f6rr\u00f6ppningens fyra h\u00f6rn. Delarna \u00e4r sifferm\u00e4rkta f\u00f6r enkel installation p\u00e5 kortast m\u00f6jliga tid.<\/p>\n<p><strong>SmartCloth \u2013 ny d\u00f6rrduk<br \/>\n<\/strong>Retrotec SmartCloth \u00e4r ett verkligt branschgenombrott. Det \u00e4r en uppgradering av Retrotecs vanliga d\u00f6rrduk med inbyggd f\u00f6rsp\u00e4nningsslang som d\u00e4mpar vindens inverkan. SmartCloth g\u00f6r det m\u00f6jligt att f\u00e5 ett mer exakt tryckv\u00e4rde i bl\u00e5siga f\u00f6rh\u00e5llanden. Detta ger f\u00f6rdelar j\u00e4mf\u00f6rt med traditionella metoder d\u00e4r ett referensr\u00f6r placeras utomhus p\u00e5 marken.<\/p>\n<p><strong>Mjukvara<br \/>\n<\/strong>I leveransen ing\u00e5r PC-mjukvaran Fantestic Pro f\u00f6r Windows som kan anv\u00e4ndas f\u00f6r att fj\u00e4rrstyra tryckm\u00e4taren fr\u00e5n en dator och utf\u00f6ra s\u00e5v\u00e4l automatiska som halv\u00adautomatiska luftt\u00e4thetsprovningar, generera automatiska testrapporter, uppdatera mjukvaran i tryckm\u00e4taren etc.<\/p>\n<h2>Ing\u00e5r i leverans<\/h2>\n<p>Blower Door \u2013 retrotec 5100. Mjukvaran Fantestic Pro. Kurs i luftt\u00e4thetsprovning. Se baksidan i pdf-broschyr under fliken Nedladdning f\u00f6r detaljerad info om alla ing\u00e5ende delar. <strong>OBS! S\u00e4rskild fraktkostnad fr\u00e5n Nederl\u00e4nderna tillkommer.<\/strong><\/p>\n","protected":false},"excerpt":{"rendered":"<p>Blower Door med textilpanel, aluminiumram och fl\u00e4kt i 5000-serien med digital tryckm\u00e4tare.<\/p>\n<ul>\n<li>Ackrediterad fl\u00e4ktkalibrering enligt ISO 17025<\/li>\n<li>L\u00e4tt att montera, enkel att anv\u00e4nda<\/li>\n<li><a href=\"https:\/\/stage.nordtec.se\/kurser\/lufttathetsprovning\/\">Kurs i t\u00e4thetsprovning ing\u00e5r!<\/a><\/li>\n<\/ul>\n","protected":false},"featured_media":44300,"template":"","meta":{"_kad_blocks_custom_css":"","_kad_blocks_head_custom_js":"","_kad_blocks_body_custom_js":"","_kad_blocks_footer_custom_js":"","footnotes":""},"product_brand":[1437],"product_cat":[170,164,287,49,56,332,163],"product_tag":[],"class_list":{"0":"post-9100","1":"product","2":"type-product","3":"status-publish","4":"has-post-thumbnail","6":"product_brand-retrotec","7":"product_cat-byggteknik","8":"product_cat-inneklimat-arbetsmiljo","9":"product_cat-klimatinstrument","10":"product_cat-matinstrument","11":"product_cat-tathetsprovning","12":"product_cat-ventilationsinstrument","13":"product_cat-vvs-fastighet","15":"first","16":"onbackorder","17":"taxable","18":"shipping-taxable","19":"purchasable","20":"product-type-simple"},"yoast_head":"<!-- This site is optimized with the Yoast SEO Premium plugin v25.8 (Yoast SEO v27.4) - https:\/\/yoast.com\/product\/yoast-seo-premium-wordpress\/ -->\n<title>Blower Door \u2013 retrotec 5100 | Nordtec<\/title>\n<meta name=\"description\" content=\"Blower Door med textilpanel, aluminiumram och\u00a0 fl\u00e4kt i 5000-serien \u1405 retrotec 5100 \u2713 Digital tryckm\u00e4tare \u2713 Kurs i t\u00e4thetsprovning ing\u00e5r\" \/>\n<meta name=\"robots\" content=\"noindex, follow, max-snippet:-1, max-image-preview:large, max-video-preview:-1\" \/>\n<meta property=\"og:locale\" content=\"fi_FI\" \/>\n<meta property=\"og:type\" content=\"article\" \/>\n<meta property=\"og:title\" content=\"Blower Door \u2013 retrotec 5100\" \/>\n<meta property=\"og:description\" content=\"Blower Door med textilpanel, aluminiumram och\u00a0 fl\u00e4kt i 5000-serien \u1405 retrotec 5100 \u2713 Digital tryckm\u00e4tare \u2713 Kurs i t\u00e4thetsprovning ing\u00e5r\" \/>\n<meta property=\"og:url\" content=\"https:\/\/stage.nordtec.se\/fi\/tuote\/matinstrument\/ventilationsinstrument\/tathetsprovning\/blower-door-retrotec-5100\/\" \/>\n<meta property=\"og:site_name\" content=\"Nordtec\" \/>\n<meta property=\"article:publisher\" content=\"https:\/\/www.facebook.com\/nordtecinstrument\" \/>\n<meta property=\"article:modified_time\" content=\"2025-12-09T12:55:42+00:00\" \/>\n<meta property=\"og:image\" content=\"https:\/\/stage.nordtec.se\/wp-content\/uploads\/2022\/03\/Retrotec-BlowerDoor-5000-components_med-DM32x-kurs-ingar_800px.png\" \/>\n\t<meta property=\"og:image:width\" content=\"800\" \/>\n\t<meta property=\"og:image:height\" content=\"800\" \/>\n\t<meta property=\"og:image:type\" content=\"image\/png\" \/>\n<meta name=\"twitter:card\" content=\"summary_large_image\" \/>\n<meta name=\"twitter:label1\" content=\"Arvioitu lukuaika\" \/>\n\t<meta name=\"twitter:data1\" content=\"2 minuuttia\" \/>\n<script type=\"application\/ld+json\" class=\"yoast-schema-graph\">{\"@context\":\"https:\\\/\\\/schema.org\",\"@graph\":[{\"@type\":[\"WebPage\",\"ItemPage\"],\"@id\":\"https:\\\/\\\/stage.nordtec.se\\\/fi\\\/tuote\\\/matinstrument\\\/ventilationsinstrument\\\/tathetsprovning\\\/blower-door-retrotec-5100\\\/\",\"url\":\"https:\\\/\\\/stage.nordtec.se\\\/fi\\\/tuote\\\/matinstrument\\\/ventilationsinstrument\\\/tathetsprovning\\\/blower-door-retrotec-5100\\\/\",\"name\":\"Blower Door \u2013 retrotec 5100 | Nordtec\",\"isPartOf\":{\"@id\":\"https:\\\/\\\/stage.nordtec.se\\\/fi\\\/#website\"},\"primaryImageOfPage\":{\"@id\":\"https:\\\/\\\/stage.nordtec.se\\\/fi\\\/tuote\\\/matinstrument\\\/ventilationsinstrument\\\/tathetsprovning\\\/blower-door-retrotec-5100\\\/#primaryimage\"},\"image\":{\"@id\":\"https:\\\/\\\/stage.nordtec.se\\\/fi\\\/tuote\\\/matinstrument\\\/ventilationsinstrument\\\/tathetsprovning\\\/blower-door-retrotec-5100\\\/#primaryimage\"},\"thumbnailUrl\":\"https:\\\/\\\/stage.nordtec.se\\\/wp-content\\\/uploads\\\/2022\\\/03\\\/Retrotec-BlowerDoor-5000-components_med-DM32x-kurs-ingar_800px.png\",\"datePublished\":\"2022-03-30T14:14:55+00:00\",\"dateModified\":\"2025-12-09T12:55:42+00:00\",\"description\":\"Blower Door med textilpanel, aluminiumram och\u00a0 fl\u00e4kt i 5000-serien \u1405 retrotec 5100 \u2713 Digital tryckm\u00e4tare \u2713 Kurs i t\u00e4thetsprovning ing\u00e5r\",\"breadcrumb\":{\"@id\":\"https:\\\/\\\/stage.nordtec.se\\\/fi\\\/tuote\\\/matinstrument\\\/ventilationsinstrument\\\/tathetsprovning\\\/blower-door-retrotec-5100\\\/#breadcrumb\"},\"inLanguage\":\"fi\",\"potentialAction\":[{\"@type\":\"ReadAction\",\"target\":[\"https:\\\/\\\/stage.nordtec.se\\\/fi\\\/tuote\\\/matinstrument\\\/ventilationsinstrument\\\/tathetsprovning\\\/blower-door-retrotec-5100\\\/\"]}]},{\"@type\":\"ImageObject\",\"inLanguage\":\"fi\",\"@id\":\"https:\\\/\\\/stage.nordtec.se\\\/fi\\\/tuote\\\/matinstrument\\\/ventilationsinstrument\\\/tathetsprovning\\\/blower-door-retrotec-5100\\\/#primaryimage\",\"url\":\"https:\\\/\\\/stage.nordtec.se\\\/wp-content\\\/uploads\\\/2022\\\/03\\\/Retrotec-BlowerDoor-5000-components_med-DM32x-kurs-ingar_800px.png\",\"contentUrl\":\"https:\\\/\\\/stage.nordtec.se\\\/wp-content\\\/uploads\\\/2022\\\/03\\\/Retrotec-BlowerDoor-5000-components_med-DM32x-kurs-ingar_800px.png\",\"width\":800,\"height\":800,\"caption\":\"Retrotec BlowerDoor 5100 med DM32x och kurs p\u00e5 k\u00f6pet\"},{\"@type\":\"BreadcrumbList\",\"@id\":\"https:\\\/\\\/stage.nordtec.se\\\/fi\\\/tuote\\\/matinstrument\\\/ventilationsinstrument\\\/tathetsprovning\\\/blower-door-retrotec-5100\\\/#breadcrumb\",\"itemListElement\":[{\"@type\":\"ListItem\",\"position\":1,\"name\":\"Hem\",\"item\":\"https:\\\/\\\/stage.nordtec.se\\\/fi\\\/\"},{\"@type\":\"ListItem\",\"position\":2,\"name\":\"Kauppa\",\"item\":\"https:\\\/\\\/stage.nordtec.se\\\/produkter\\\/\"},{\"@type\":\"ListItem\",\"position\":3,\"name\":\"Blower Door \u2013 retrotec 5100\"}]},{\"@type\":\"WebSite\",\"@id\":\"https:\\\/\\\/stage.nordtec.se\\\/fi\\\/#website\",\"url\":\"https:\\\/\\\/stage.nordtec.se\\\/fi\\\/\",\"name\":\"Nordtec\",\"description\":\"Din partner inom m\u00e4tteknik\",\"publisher\":{\"@id\":\"https:\\\/\\\/stage.nordtec.se\\\/fi\\\/#organization\"},\"potentialAction\":[{\"@type\":\"SearchAction\",\"target\":{\"@type\":\"EntryPoint\",\"urlTemplate\":\"https:\\\/\\\/stage.nordtec.se\\\/fi\\\/?s={search_term_string}\"},\"query-input\":{\"@type\":\"PropertyValueSpecification\",\"valueRequired\":true,\"valueName\":\"search_term_string\"}}],\"inLanguage\":\"fi\"},{\"@type\":\"Organization\",\"@id\":\"https:\\\/\\\/stage.nordtec.se\\\/fi\\\/#organization\",\"name\":\"Nordtec Instrument AB\",\"url\":\"https:\\\/\\\/stage.nordtec.se\\\/fi\\\/\",\"logo\":{\"@type\":\"ImageObject\",\"inLanguage\":\"fi\",\"@id\":\"https:\\\/\\\/stage.nordtec.se\\\/fi\\\/#\\\/schema\\\/logo\\\/image\\\/\",\"url\":\"https:\\\/\\\/stage.nordtec.se\\\/wp-content\\\/uploads\\\/2021\\\/08\\\/nordtec_logo_rgb-340px.png\",\"contentUrl\":\"https:\\\/\\\/stage.nordtec.se\\\/wp-content\\\/uploads\\\/2021\\\/08\\\/nordtec_logo_rgb-340px.png\",\"width\":340,\"height\":75,\"caption\":\"Nordtec Instrument AB\"},\"image\":{\"@id\":\"https:\\\/\\\/stage.nordtec.se\\\/fi\\\/#\\\/schema\\\/logo\\\/image\\\/\"},\"sameAs\":[\"https:\\\/\\\/www.facebook.com\\\/nordtecinstrument\",\"https:\\\/\\\/www.instagram.com\\\/nordtec_instrument\\\/\",\"https:\\\/\\\/www.linkedin.com\\\/company\\\/nordtec-instrument-ab\\\/\",\"https:\\\/\\\/www.youtube.com\\\/channel\\\/UCbmAq3ZmfBKOGg7_igFURng\"]}]}<\/script>\n<!-- \/ Yoast SEO Premium plugin. -->","yoast_head_json":{"title":"Blower Door \u2013 retrotec 5100 | Nordtec","description":"Blower Door med textilpanel, aluminiumram och\u00a0 fl\u00e4kt i 5000-serien \u1405 retrotec 5100 \u2713 Digital tryckm\u00e4tare \u2713 Kurs i t\u00e4thetsprovning ing\u00e5r","robots":{"index":"noindex","follow":"follow","max-snippet":"max-snippet:-1","max-image-preview":"max-image-preview:large","max-video-preview":"max-video-preview:-1"},"og_locale":"fi_FI","og_type":"article","og_title":"Blower Door \u2013 retrotec 5100","og_description":"Blower Door med textilpanel, aluminiumram och\u00a0 fl\u00e4kt i 5000-serien \u1405 retrotec 5100 \u2713 Digital tryckm\u00e4tare \u2713 Kurs i t\u00e4thetsprovning ing\u00e5r","og_url":"https:\/\/stage.nordtec.se\/fi\/tuote\/matinstrument\/ventilationsinstrument\/tathetsprovning\/blower-door-retrotec-5100\/","og_site_name":"Nordtec","article_publisher":"https:\/\/www.facebook.com\/nordtecinstrument","article_modified_time":"2025-12-09T12:55:42+00:00","og_image":[{"width":800,"height":800,"url":"https:\/\/stage.nordtec.se\/wp-content\/uploads\/2022\/03\/Retrotec-BlowerDoor-5000-components_med-DM32x-kurs-ingar_800px.png","type":"image\/png"}],"twitter_card":"summary_large_image","twitter_misc":{"Arvioitu lukuaika":"2 minuuttia"},"schema":{"@context":"https:\/\/schema.org","@graph":[{"@type":["WebPage","ItemPage"],"@id":"https:\/\/stage.nordtec.se\/fi\/tuote\/matinstrument\/ventilationsinstrument\/tathetsprovning\/blower-door-retrotec-5100\/","url":"https:\/\/stage.nordtec.se\/fi\/tuote\/matinstrument\/ventilationsinstrument\/tathetsprovning\/blower-door-retrotec-5100\/","name":"Blower Door \u2013 retrotec 5100 | Nordtec","isPartOf":{"@id":"https:\/\/stage.nordtec.se\/fi\/#website"},"primaryImageOfPage":{"@id":"https:\/\/stage.nordtec.se\/fi\/tuote\/matinstrument\/ventilationsinstrument\/tathetsprovning\/blower-door-retrotec-5100\/#primaryimage"},"image":{"@id":"https:\/\/stage.nordtec.se\/fi\/tuote\/matinstrument\/ventilationsinstrument\/tathetsprovning\/blower-door-retrotec-5100\/#primaryimage"},"thumbnailUrl":"https:\/\/stage.nordtec.se\/wp-content\/uploads\/2022\/03\/Retrotec-BlowerDoor-5000-components_med-DM32x-kurs-ingar_800px.png","datePublished":"2022-03-30T14:14:55+00:00","dateModified":"2025-12-09T12:55:42+00:00","description":"Blower Door med textilpanel, aluminiumram och\u00a0 fl\u00e4kt i 5000-serien \u1405 retrotec 5100 \u2713 Digital tryckm\u00e4tare \u2713 Kurs i t\u00e4thetsprovning ing\u00e5r","breadcrumb":{"@id":"https:\/\/stage.nordtec.se\/fi\/tuote\/matinstrument\/ventilationsinstrument\/tathetsprovning\/blower-door-retrotec-5100\/#breadcrumb"},"inLanguage":"fi","potentialAction":[{"@type":"ReadAction","target":["https:\/\/stage.nordtec.se\/fi\/tuote\/matinstrument\/ventilationsinstrument\/tathetsprovning\/blower-door-retrotec-5100\/"]}]},{"@type":"ImageObject","inLanguage":"fi","@id":"https:\/\/stage.nordtec.se\/fi\/tuote\/matinstrument\/ventilationsinstrument\/tathetsprovning\/blower-door-retrotec-5100\/#primaryimage","url":"https:\/\/stage.nordtec.se\/wp-content\/uploads\/2022\/03\/Retrotec-BlowerDoor-5000-components_med-DM32x-kurs-ingar_800px.png","contentUrl":"https:\/\/stage.nordtec.se\/wp-content\/uploads\/2022\/03\/Retrotec-BlowerDoor-5000-components_med-DM32x-kurs-ingar_800px.png","width":800,"height":800,"caption":"Retrotec BlowerDoor 5100 med DM32x och kurs p\u00e5 k\u00f6pet"},{"@type":"BreadcrumbList","@id":"https:\/\/stage.nordtec.se\/fi\/tuote\/matinstrument\/ventilationsinstrument\/tathetsprovning\/blower-door-retrotec-5100\/#breadcrumb","itemListElement":[{"@type":"ListItem","position":1,"name":"Hem","item":"https:\/\/stage.nordtec.se\/fi\/"},{"@type":"ListItem","position":2,"name":"Kauppa","item":"https:\/\/stage.nordtec.se\/produkter\/"},{"@type":"ListItem","position":3,"name":"Blower Door \u2013 retrotec 5100"}]},{"@type":"WebSite","@id":"https:\/\/stage.nordtec.se\/fi\/#website","url":"https:\/\/stage.nordtec.se\/fi\/","name":"Nordtec","description":"Din partner inom m\u00e4tteknik","publisher":{"@id":"https:\/\/stage.nordtec.se\/fi\/#organization"},"potentialAction":[{"@type":"SearchAction","target":{"@type":"EntryPoint","urlTemplate":"https:\/\/stage.nordtec.se\/fi\/?s={search_term_string}"},"query-input":{"@type":"PropertyValueSpecification","valueRequired":true,"valueName":"search_term_string"}}],"inLanguage":"fi"},{"@type":"Organization","@id":"https:\/\/stage.nordtec.se\/fi\/#organization","name":"Nordtec Instrument AB","url":"https:\/\/stage.nordtec.se\/fi\/","logo":{"@type":"ImageObject","inLanguage":"fi","@id":"https:\/\/stage.nordtec.se\/fi\/#\/schema\/logo\/image\/","url":"https:\/\/stage.nordtec.se\/wp-content\/uploads\/2021\/08\/nordtec_logo_rgb-340px.png","contentUrl":"https:\/\/stage.nordtec.se\/wp-content\/uploads\/2021\/08\/nordtec_logo_rgb-340px.png","width":340,"height":75,"caption":"Nordtec Instrument AB"},"image":{"@id":"https:\/\/stage.nordtec.se\/fi\/#\/schema\/logo\/image\/"},"sameAs":["https:\/\/www.facebook.com\/nordtecinstrument","https:\/\/www.instagram.com\/nordtec_instrument\/","https:\/\/www.linkedin.com\/company\/nordtec-instrument-ab\/","https:\/\/www.youtube.com\/channel\/UCbmAq3ZmfBKOGg7_igFURng"]}]}},"taxonomy_info":{"product_brand":[{"value":1437,"label":"Retrotec"}],"product_cat":[{"value":170,"label":"Byggteknik"},{"value":164,"label":"Inneklimat &amp; Arbetsmilj\u00f6"},{"value":287,"label":"Klimatinstrument"},{"value":49,"label":"M\u00e4tinstrument"},{"value":56,"label":"T\u00e4thetsprovning"},{"value":332,"label":"Ventilationsinstrument"},{"value":163,"label":"VVS &amp; Fastighet"}]},"featured_image_src_large":["https:\/\/stage.nordtec.se\/wp-content\/uploads\/2022\/03\/Retrotec-BlowerDoor-5000-components_med-DM32x-kurs-ingar_800px.png",800,800,false],"author_info":[],"comment_info":"","_links":{"self":[{"href":"https:\/\/stage.nordtec.se\/fi\/wp-json\/wp\/v2\/product\/9100","targetHints":{"allow":["GET"]}}],"collection":[{"href":"https:\/\/stage.nordtec.se\/fi\/wp-json\/wp\/v2\/product"}],"about":[{"href":"https:\/\/stage.nordtec.se\/fi\/wp-json\/wp\/v2\/types\/product"}],"version-history":[{"count":17,"href":"https:\/\/stage.nordtec.se\/fi\/wp-json\/wp\/v2\/product\/9100\/revisions"}],"predecessor-version":[{"id":53316,"href":"https:\/\/stage.nordtec.se\/fi\/wp-json\/wp\/v2\/product\/9100\/revisions\/53316"}],"wp:featuredmedia":[{"embeddable":true,"href":"https:\/\/stage.nordtec.se\/fi\/wp-json\/wp\/v2\/media\/44300"}],"wp:attachment":[{"href":"https:\/\/stage.nordtec.se\/fi\/wp-json\/wp\/v2\/media?parent=9100"}],"wp:term":[{"taxonomy":"product_brand","embeddable":true,"href":"https:\/\/stage.nordtec.se\/fi\/wp-json\/wp\/v2\/product_brand?post=9100"},{"taxonomy":"product_cat","embeddable":true,"href":"https:\/\/stage.nordtec.se\/fi\/wp-json\/wp\/v2\/product_cat?post=9100"},{"taxonomy":"product_tag","embeddable":true,"href":"https:\/\/stage.nordtec.se\/fi\/wp-json\/wp\/v2\/product_tag?post=9100"}],"curies":[{"name":"wp","href":"https:\/\/api.w.org\/{rel}","templated":true}]}}