{"id":9097,"date":"2022-03-30T16:14:55","date_gmt":"2022-03-30T14:14:55","guid":{"rendered":"https:\/\/stage.nordtec.se\/produkter\/okategoriserad\/matset-for-ventilation-inneklimat-smartprobes\/"},"modified":"2025-11-25T17:02:33","modified_gmt":"2025-11-25T15:02:33","slug":"tradlost-matset-for-ventilation-inneklimat","status":"publish","type":"product","link":"https:\/\/stage.nordtec.se\/fi\/tuote\/mittauslaitteet\/ilmanvaihtolaite\/ilmavirtausmittari\/tradlost-matset-for-ventilation-inneklimat\/","title":{"rendered":"Tr\u00e5dl\u00f6st m\u00e4tset f\u00f6r ventilation och inneklimat"},"content":{"rendered":"<h2>SmartProbes-m\u00e4tset f\u00f6r service p\u00e5 ventilationsanl\u00e4ggningar<\/h2>\n<p><strong>I kombination med en smartphone<\/strong> eller surfplatta kan m\u00e4tsetet anv\u00e4ndas f\u00f6r att m\u00e4ta luft- och yttemperatur, fukt, differenstryck, lufthastighet och luftfl\u00f6de, p\u00e5 och runt ventilationsanl\u00e4ggningar. Anv\u00e4ndare kan enkelt visa sina m\u00e4tv\u00e4rden via den s\u00e4rskilda appen som f\u00f6rst beh\u00f6ver laddas ned. I appen kan m\u00e4tparametrar (t.ex. luftfuktighet eller temperatur) raderas, l\u00e4ggas till, eller sorteras i en annan ordning, med bara ett klick.<\/p>\n<p>Det \u00e4r ocks\u00e5 m\u00f6jligt att snabbt \u00e4ndra vilka m\u00e4tparametrar som ska visas. Dessutom har appen applikationsspecifika menyer inkl. identifiering av omr\u00e5den med risk f\u00f6r fuktskador, automatisk ber\u00e4kning av luftfl\u00f6de genom luftdon\/kanaler, genom enkel inst\u00e4llning av luftdonets m\u00e5tt och kanalens tv\u00e4rsnittsarea (m\u00e5tt och geometri). M\u00e4tresultaten kan sedan e-postas direkt som en PDF- eller Excel-fil.<\/p>\n<p>I den praktiska v\u00e4skan SmartCase kan givarna bekv\u00e4mt transporteras och finns alltid till hands n\u00e4r de beh\u00f6vs.<\/p>\n<h2>F\u00f6rdelar med detta SmartProbes-m\u00e4tset<\/h2>\n<ul>\n<li>-150 &#8230; +150 hPa<\/li>\n<li>0 &#8230; 100 %RH<\/li>\n<li>-30 &#8230; +250 \u00b0C<\/li>\n<li>M\u00e4tning av luft- och yttemperatur, fukt, differenstryck,\u00a0lufthastighet och luftfl\u00f6de<\/li>\n<li>Applikationsspecifika menyer<\/li>\n<li>Kostnadsfri Bluetooth-app<\/li>\n<li>L\u00e4s av m\u00e4tv\u00e4rden i telefonen<\/li>\n<li>SmartCase \u2013 en praktisk servicev\u00e4ska<\/li>\n<\/ul>\n<h2>Ing\u00e5r i m\u00e4tsetet<\/h2>\n<ul>\n<li>Varmtr\u00e5dsgivaren testo 405i<\/li>\n<li>Differenstryckgivaren testo 510i<\/li>\n<li>Fukt-\/temperaturgivaren testo 605i<\/li>\n<li>IR-temperaturgivaren testo 805i<\/li>\n<li>Servicev\u00e4skan SmartCase<\/li>\n<li>Batterier<\/li>\n<li>Fabriksprotokoll<\/li>\n<\/ul>\n<p><span class=\"ui-provider ed ayd aye ayf ayg ayh ayi ayj ayk ayl aym ayn ayo ayp ayq ayr ays ayt ayu ayv ayw ayx ayy ayz aza azb azc azd aze azf azg azh azi azj azk\" dir=\"ltr\"><strong>Fabriksprotokoll:<\/strong>\u00a0utf\u00e4rdas p\u00e5 fabriken efter en kontroll av att produkten fungerar och uppfyller angiven m\u00e4tnoggrannhet. L\u00e4s om <a href=\"https:\/\/stage.nordtec.se\/kalibrering\/iso-9001-kraver-kalibrerad-matutrustning\/\"><u>skillnaden mellan fabriksprotokoll och ackrediterad kalibrering<\/u><\/a>.<\/span><\/p>\n<p>&nbsp;<\/p>\n","protected":false},"excerpt":{"rendered":"<p style=\"text-align: left;\">F\u00f6r service p\u00e5 ventilationsanl\u00e4ggningar<\/p>\n<ul>\n<li style=\"text-align: left;\">-150 &#8230; +150 hPa<\/li>\n<li style=\"text-align: left;\">0 &#8230; 100 %RH<\/li>\n<li style=\"text-align: left;\">-30 &#8230; +250 \u00b0C<\/li>\n<\/ul>\n","protected":false},"featured_media":30053,"template":"","meta":{"_kad_blocks_custom_css":"","_kad_blocks_head_custom_js":"","_kad_blocks_body_custom_js":"","_kad_blocks_footer_custom_js":"","footnotes":""},"product_brand":[],"product_cat":[164,286,49,526,1425,332,163],"product_tag":[666,683,191,684],"class_list":{"0":"post-9097","1":"product","2":"type-product","3":"status-publish","4":"has-post-thumbnail","6":"product_cat-inneklimat-arbetsmiljo","7":"product_cat-luftflodesmatare","8":"product_cat-matinstrument","9":"product_cat-smartprobes","10":"product_cat-testo-smart-app","11":"product_cat-ventilationsinstrument","12":"product_cat-vvs-fastighet","13":"product_tag-bluetooth","14":"product_tag-inneklimat","15":"product_tag-varmtrad","16":"product_tag-ventilation","18":"first","19":"onbackorder","20":"taxable","21":"shipping-taxable","22":"purchasable","23":"product-type-simple"},"yoast_head":"<!-- This site is optimized with the Yoast SEO Premium plugin v25.8 (Yoast SEO v27.4) - https:\/\/yoast.com\/product\/yoast-seo-premium-wordpress\/ -->\n<title>Tr\u00e5dl\u00f6st m\u00e4tset f\u00f6r ventilation och inneklimat | Nordtec<\/title>\n<meta name=\"description\" content=\"Tr\u00e5dl\u00f6st m\u00e4tset f\u00f6r service p\u00e5 ventilationsanl\u00e4ggningar \u1405 Smartprobes \u2713 -150 ... +150 hPa \u2713 0 ... 100 %RH \u2713 -30 ... +250 \u00b0C\" \/>\n<meta name=\"robots\" content=\"noindex, follow, max-snippet:-1, max-image-preview:large, max-video-preview:-1\" \/>\n<meta property=\"og:locale\" content=\"fi_FI\" \/>\n<meta property=\"og:type\" content=\"article\" \/>\n<meta property=\"og:title\" content=\"Tr\u00e5dl\u00f6st m\u00e4tset f\u00f6r ventilation och inneklimat\" \/>\n<meta property=\"og:description\" content=\"Tr\u00e5dl\u00f6st m\u00e4tset f\u00f6r service p\u00e5 ventilationsanl\u00e4ggningar \u1405 Smartprobes \u2713 -150 ... +150 hPa \u2713 0 ... 100 %RH \u2713 -30 ... +250 \u00b0C\" \/>\n<meta property=\"og:url\" content=\"https:\/\/stage.nordtec.se\/fi\/tuote\/mittauslaitteet\/ilmanvaihtolaite\/ilmavirtausmittari\/tradlost-matset-for-ventilation-inneklimat\/\" \/>\n<meta property=\"og:site_name\" content=\"Nordtec\" \/>\n<meta property=\"article:publisher\" content=\"https:\/\/www.facebook.com\/nordtecinstrument\" \/>\n<meta property=\"article:modified_time\" content=\"2025-11-25T15:02:33+00:00\" \/>\n<meta property=\"og:image\" content=\"https:\/\/stage.nordtec.se\/wp-content\/uploads\/2022\/03\/0140-0003-testo-smart-probes-set_800px.png\" \/>\n\t<meta property=\"og:image:width\" content=\"800\" \/>\n\t<meta property=\"og:image:height\" content=\"800\" \/>\n\t<meta property=\"og:image:type\" content=\"image\/png\" \/>\n<meta name=\"twitter:card\" content=\"summary_large_image\" \/>\n<meta name=\"twitter:label1\" content=\"Arvioitu lukuaika\" \/>\n\t<meta name=\"twitter:data1\" content=\"2 minuuttia\" \/>\n<script type=\"application\/ld+json\" class=\"yoast-schema-graph\">{\"@context\":\"https:\\\/\\\/schema.org\",\"@graph\":[{\"@type\":[\"WebPage\",\"ItemPage\"],\"@id\":\"https:\\\/\\\/stage.nordtec.se\\\/fi\\\/tuote\\\/mittauslaitteet\\\/ilmanvaihtolaite\\\/ilmavirtausmittari\\\/tradlost-matset-for-ventilation-inneklimat\\\/\",\"url\":\"https:\\\/\\\/stage.nordtec.se\\\/fi\\\/tuote\\\/mittauslaitteet\\\/ilmanvaihtolaite\\\/ilmavirtausmittari\\\/tradlost-matset-for-ventilation-inneklimat\\\/\",\"name\":\"Tr\u00e5dl\u00f6st m\u00e4tset f\u00f6r ventilation och inneklimat | Nordtec\",\"isPartOf\":{\"@id\":\"https:\\\/\\\/stage.nordtec.se\\\/fi\\\/#website\"},\"primaryImageOfPage\":{\"@id\":\"https:\\\/\\\/stage.nordtec.se\\\/fi\\\/tuote\\\/mittauslaitteet\\\/ilmanvaihtolaite\\\/ilmavirtausmittari\\\/tradlost-matset-for-ventilation-inneklimat\\\/#primaryimage\"},\"image\":{\"@id\":\"https:\\\/\\\/stage.nordtec.se\\\/fi\\\/tuote\\\/mittauslaitteet\\\/ilmanvaihtolaite\\\/ilmavirtausmittari\\\/tradlost-matset-for-ventilation-inneklimat\\\/#primaryimage\"},\"thumbnailUrl\":\"https:\\\/\\\/stage.nordtec.se\\\/wp-content\\\/uploads\\\/2022\\\/03\\\/0140-0003-testo-smart-probes-set_800px.png\",\"datePublished\":\"2022-03-30T14:14:55+00:00\",\"dateModified\":\"2025-11-25T15:02:33+00:00\",\"description\":\"Tr\u00e5dl\u00f6st m\u00e4tset f\u00f6r service p\u00e5 ventilationsanl\u00e4ggningar \u1405 Smartprobes \u2713 -150 ... +150 hPa \u2713 0 ... 100 %RH \u2713 -30 ... +250 \u00b0C\",\"breadcrumb\":{\"@id\":\"https:\\\/\\\/stage.nordtec.se\\\/fi\\\/tuote\\\/mittauslaitteet\\\/ilmanvaihtolaite\\\/ilmavirtausmittari\\\/tradlost-matset-for-ventilation-inneklimat\\\/#breadcrumb\"},\"inLanguage\":\"fi\",\"potentialAction\":[{\"@type\":\"ReadAction\",\"target\":[\"https:\\\/\\\/stage.nordtec.se\\\/fi\\\/tuote\\\/mittauslaitteet\\\/ilmanvaihtolaite\\\/ilmavirtausmittari\\\/tradlost-matset-for-ventilation-inneklimat\\\/\"]}]},{\"@type\":\"ImageObject\",\"inLanguage\":\"fi\",\"@id\":\"https:\\\/\\\/stage.nordtec.se\\\/fi\\\/tuote\\\/mittauslaitteet\\\/ilmanvaihtolaite\\\/ilmavirtausmittari\\\/tradlost-matset-for-ventilation-inneklimat\\\/#primaryimage\",\"url\":\"https:\\\/\\\/stage.nordtec.se\\\/wp-content\\\/uploads\\\/2022\\\/03\\\/0140-0003-testo-smart-probes-set_800px.png\",\"contentUrl\":\"https:\\\/\\\/stage.nordtec.se\\\/wp-content\\\/uploads\\\/2022\\\/03\\\/0140-0003-testo-smart-probes-set_800px.png\",\"width\":800,\"height\":800,\"caption\":\"testo SmartProbes m\u00e4tset 0140 0003\"},{\"@type\":\"BreadcrumbList\",\"@id\":\"https:\\\/\\\/stage.nordtec.se\\\/fi\\\/tuote\\\/mittauslaitteet\\\/ilmanvaihtolaite\\\/ilmavirtausmittari\\\/tradlost-matset-for-ventilation-inneklimat\\\/#breadcrumb\",\"itemListElement\":[{\"@type\":\"ListItem\",\"position\":1,\"name\":\"Hem\",\"item\":\"https:\\\/\\\/stage.nordtec.se\\\/fi\\\/\"},{\"@type\":\"ListItem\",\"position\":2,\"name\":\"Kauppa\",\"item\":\"https:\\\/\\\/stage.nordtec.se\\\/produkter\\\/\"},{\"@type\":\"ListItem\",\"position\":3,\"name\":\"Tr\u00e5dl\u00f6st m\u00e4tset f\u00f6r ventilation och inneklimat\"}]},{\"@type\":\"WebSite\",\"@id\":\"https:\\\/\\\/stage.nordtec.se\\\/fi\\\/#website\",\"url\":\"https:\\\/\\\/stage.nordtec.se\\\/fi\\\/\",\"name\":\"Nordtec\",\"description\":\"Din partner inom m\u00e4tteknik\",\"publisher\":{\"@id\":\"https:\\\/\\\/stage.nordtec.se\\\/fi\\\/#organization\"},\"potentialAction\":[{\"@type\":\"SearchAction\",\"target\":{\"@type\":\"EntryPoint\",\"urlTemplate\":\"https:\\\/\\\/stage.nordtec.se\\\/fi\\\/?s={search_term_string}\"},\"query-input\":{\"@type\":\"PropertyValueSpecification\",\"valueRequired\":true,\"valueName\":\"search_term_string\"}}],\"inLanguage\":\"fi\"},{\"@type\":\"Organization\",\"@id\":\"https:\\\/\\\/stage.nordtec.se\\\/fi\\\/#organization\",\"name\":\"Nordtec Instrument AB\",\"url\":\"https:\\\/\\\/stage.nordtec.se\\\/fi\\\/\",\"logo\":{\"@type\":\"ImageObject\",\"inLanguage\":\"fi\",\"@id\":\"https:\\\/\\\/stage.nordtec.se\\\/fi\\\/#\\\/schema\\\/logo\\\/image\\\/\",\"url\":\"https:\\\/\\\/stage.nordtec.se\\\/wp-content\\\/uploads\\\/2021\\\/08\\\/nordtec_logo_rgb-340px.png\",\"contentUrl\":\"https:\\\/\\\/stage.nordtec.se\\\/wp-content\\\/uploads\\\/2021\\\/08\\\/nordtec_logo_rgb-340px.png\",\"width\":340,\"height\":75,\"caption\":\"Nordtec Instrument AB\"},\"image\":{\"@id\":\"https:\\\/\\\/stage.nordtec.se\\\/fi\\\/#\\\/schema\\\/logo\\\/image\\\/\"},\"sameAs\":[\"https:\\\/\\\/www.facebook.com\\\/nordtecinstrument\",\"https:\\\/\\\/www.instagram.com\\\/nordtec_instrument\\\/\",\"https:\\\/\\\/www.linkedin.com\\\/company\\\/nordtec-instrument-ab\\\/\",\"https:\\\/\\\/www.youtube.com\\\/channel\\\/UCbmAq3ZmfBKOGg7_igFURng\"]}]}<\/script>\n<!-- \/ Yoast SEO Premium plugin. -->","yoast_head_json":{"title":"Tr\u00e5dl\u00f6st m\u00e4tset f\u00f6r ventilation och inneklimat | Nordtec","description":"Tr\u00e5dl\u00f6st m\u00e4tset f\u00f6r service p\u00e5 ventilationsanl\u00e4ggningar \u1405 Smartprobes \u2713 -150 ... +150 hPa \u2713 0 ... 100 %RH \u2713 -30 ... +250 \u00b0C","robots":{"index":"noindex","follow":"follow","max-snippet":"max-snippet:-1","max-image-preview":"max-image-preview:large","max-video-preview":"max-video-preview:-1"},"og_locale":"fi_FI","og_type":"article","og_title":"Tr\u00e5dl\u00f6st m\u00e4tset f\u00f6r ventilation och inneklimat","og_description":"Tr\u00e5dl\u00f6st m\u00e4tset f\u00f6r service p\u00e5 ventilationsanl\u00e4ggningar \u1405 Smartprobes \u2713 -150 ... +150 hPa \u2713 0 ... 100 %RH \u2713 -30 ... +250 \u00b0C","og_url":"https:\/\/stage.nordtec.se\/fi\/tuote\/mittauslaitteet\/ilmanvaihtolaite\/ilmavirtausmittari\/tradlost-matset-for-ventilation-inneklimat\/","og_site_name":"Nordtec","article_publisher":"https:\/\/www.facebook.com\/nordtecinstrument","article_modified_time":"2025-11-25T15:02:33+00:00","og_image":[{"width":800,"height":800,"url":"https:\/\/stage.nordtec.se\/wp-content\/uploads\/2022\/03\/0140-0003-testo-smart-probes-set_800px.png","type":"image\/png"}],"twitter_card":"summary_large_image","twitter_misc":{"Arvioitu lukuaika":"2 minuuttia"},"schema":{"@context":"https:\/\/schema.org","@graph":[{"@type":["WebPage","ItemPage"],"@id":"https:\/\/stage.nordtec.se\/fi\/tuote\/mittauslaitteet\/ilmanvaihtolaite\/ilmavirtausmittari\/tradlost-matset-for-ventilation-inneklimat\/","url":"https:\/\/stage.nordtec.se\/fi\/tuote\/mittauslaitteet\/ilmanvaihtolaite\/ilmavirtausmittari\/tradlost-matset-for-ventilation-inneklimat\/","name":"Tr\u00e5dl\u00f6st m\u00e4tset f\u00f6r ventilation och inneklimat | Nordtec","isPartOf":{"@id":"https:\/\/stage.nordtec.se\/fi\/#website"},"primaryImageOfPage":{"@id":"https:\/\/stage.nordtec.se\/fi\/tuote\/mittauslaitteet\/ilmanvaihtolaite\/ilmavirtausmittari\/tradlost-matset-for-ventilation-inneklimat\/#primaryimage"},"image":{"@id":"https:\/\/stage.nordtec.se\/fi\/tuote\/mittauslaitteet\/ilmanvaihtolaite\/ilmavirtausmittari\/tradlost-matset-for-ventilation-inneklimat\/#primaryimage"},"thumbnailUrl":"https:\/\/stage.nordtec.se\/wp-content\/uploads\/2022\/03\/0140-0003-testo-smart-probes-set_800px.png","datePublished":"2022-03-30T14:14:55+00:00","dateModified":"2025-11-25T15:02:33+00:00","description":"Tr\u00e5dl\u00f6st m\u00e4tset f\u00f6r service p\u00e5 ventilationsanl\u00e4ggningar \u1405 Smartprobes \u2713 -150 ... +150 hPa \u2713 0 ... 100 %RH \u2713 -30 ... +250 \u00b0C","breadcrumb":{"@id":"https:\/\/stage.nordtec.se\/fi\/tuote\/mittauslaitteet\/ilmanvaihtolaite\/ilmavirtausmittari\/tradlost-matset-for-ventilation-inneklimat\/#breadcrumb"},"inLanguage":"fi","potentialAction":[{"@type":"ReadAction","target":["https:\/\/stage.nordtec.se\/fi\/tuote\/mittauslaitteet\/ilmanvaihtolaite\/ilmavirtausmittari\/tradlost-matset-for-ventilation-inneklimat\/"]}]},{"@type":"ImageObject","inLanguage":"fi","@id":"https:\/\/stage.nordtec.se\/fi\/tuote\/mittauslaitteet\/ilmanvaihtolaite\/ilmavirtausmittari\/tradlost-matset-for-ventilation-inneklimat\/#primaryimage","url":"https:\/\/stage.nordtec.se\/wp-content\/uploads\/2022\/03\/0140-0003-testo-smart-probes-set_800px.png","contentUrl":"https:\/\/stage.nordtec.se\/wp-content\/uploads\/2022\/03\/0140-0003-testo-smart-probes-set_800px.png","width":800,"height":800,"caption":"testo SmartProbes m\u00e4tset 0140 0003"},{"@type":"BreadcrumbList","@id":"https:\/\/stage.nordtec.se\/fi\/tuote\/mittauslaitteet\/ilmanvaihtolaite\/ilmavirtausmittari\/tradlost-matset-for-ventilation-inneklimat\/#breadcrumb","itemListElement":[{"@type":"ListItem","position":1,"name":"Hem","item":"https:\/\/stage.nordtec.se\/fi\/"},{"@type":"ListItem","position":2,"name":"Kauppa","item":"https:\/\/stage.nordtec.se\/produkter\/"},{"@type":"ListItem","position":3,"name":"Tr\u00e5dl\u00f6st m\u00e4tset f\u00f6r ventilation och inneklimat"}]},{"@type":"WebSite","@id":"https:\/\/stage.nordtec.se\/fi\/#website","url":"https:\/\/stage.nordtec.se\/fi\/","name":"Nordtec","description":"Din partner inom m\u00e4tteknik","publisher":{"@id":"https:\/\/stage.nordtec.se\/fi\/#organization"},"potentialAction":[{"@type":"SearchAction","target":{"@type":"EntryPoint","urlTemplate":"https:\/\/stage.nordtec.se\/fi\/?s={search_term_string}"},"query-input":{"@type":"PropertyValueSpecification","valueRequired":true,"valueName":"search_term_string"}}],"inLanguage":"fi"},{"@type":"Organization","@id":"https:\/\/stage.nordtec.se\/fi\/#organization","name":"Nordtec Instrument AB","url":"https:\/\/stage.nordtec.se\/fi\/","logo":{"@type":"ImageObject","inLanguage":"fi","@id":"https:\/\/stage.nordtec.se\/fi\/#\/schema\/logo\/image\/","url":"https:\/\/stage.nordtec.se\/wp-content\/uploads\/2021\/08\/nordtec_logo_rgb-340px.png","contentUrl":"https:\/\/stage.nordtec.se\/wp-content\/uploads\/2021\/08\/nordtec_logo_rgb-340px.png","width":340,"height":75,"caption":"Nordtec Instrument AB"},"image":{"@id":"https:\/\/stage.nordtec.se\/fi\/#\/schema\/logo\/image\/"},"sameAs":["https:\/\/www.facebook.com\/nordtecinstrument","https:\/\/www.instagram.com\/nordtec_instrument\/","https:\/\/www.linkedin.com\/company\/nordtec-instrument-ab\/","https:\/\/www.youtube.com\/channel\/UCbmAq3ZmfBKOGg7_igFURng"]}]}},"taxonomy_info":{"product_cat":[{"value":164,"label":"Inneklimat &amp; Arbetsmilj\u00f6"},{"value":286,"label":"Luftfl\u00f6desm\u00e4tare"},{"value":49,"label":"M\u00e4tinstrument"},{"value":526,"label":"SmartProbes"},{"value":1425,"label":"testo Smart App"},{"value":332,"label":"Ventilationsinstrument"},{"value":163,"label":"VVS &amp; Fastighet"}],"product_tag":[{"value":666,"label":"Bluetooth"},{"value":683,"label":"Inneklimat"},{"value":191,"label":"Varmtr\u00e5d"},{"value":684,"label":"Ventilation"}]},"featured_image_src_large":["https:\/\/stage.nordtec.se\/wp-content\/uploads\/2022\/03\/0140-0003-testo-smart-probes-set_800px.png",800,800,false],"author_info":[],"comment_info":"","_links":{"self":[{"href":"https:\/\/stage.nordtec.se\/fi\/wp-json\/wp\/v2\/product\/9097","targetHints":{"allow":["GET"]}}],"collection":[{"href":"https:\/\/stage.nordtec.se\/fi\/wp-json\/wp\/v2\/product"}],"about":[{"href":"https:\/\/stage.nordtec.se\/fi\/wp-json\/wp\/v2\/types\/product"}],"version-history":[{"count":15,"href":"https:\/\/stage.nordtec.se\/fi\/wp-json\/wp\/v2\/product\/9097\/revisions"}],"predecessor-version":[{"id":24117,"href":"https:\/\/stage.nordtec.se\/fi\/wp-json\/wp\/v2\/product\/9097\/revisions\/24117"}],"wp:featuredmedia":[{"embeddable":true,"href":"https:\/\/stage.nordtec.se\/fi\/wp-json\/wp\/v2\/media\/30053"}],"wp:attachment":[{"href":"https:\/\/stage.nordtec.se\/fi\/wp-json\/wp\/v2\/media?parent=9097"}],"wp:term":[{"taxonomy":"product_brand","embeddable":true,"href":"https:\/\/stage.nordtec.se\/fi\/wp-json\/wp\/v2\/product_brand?post=9097"},{"taxonomy":"product_cat","embeddable":true,"href":"https:\/\/stage.nordtec.se\/fi\/wp-json\/wp\/v2\/product_cat?post=9097"},{"taxonomy":"product_tag","embeddable":true,"href":"https:\/\/stage.nordtec.se\/fi\/wp-json\/wp\/v2\/product_tag?post=9097"}],"curies":[{"name":"wp","href":"https:\/\/api.w.org\/{rel}","templated":true}]}}