{"id":9094,"date":"2022-03-30T16:14:55","date_gmt":"2022-03-30T14:14:55","guid":{"rendered":"https:\/\/stage.nordtec.se\/produkter\/okategoriserad\/testo-440\/"},"modified":"2025-12-15T17:18:20","modified_gmt":"2025-12-15T15:18:20","slug":"testo-440-multi-instrument-for-ventilation-och-inneklimat","status":"publish","type":"product","link":"https:\/\/stage.nordtec.se\/fi\/tuote\/mittauslaitteet\/ilmanvaihtolaite\/ilmavirtausmittari\/testo-440-multi-instrument-for-ventilation-och-inneklimat\/","title":{"rendered":"testo 440 \u2013 multiinstrument f\u00f6r ventilation och inneklimat"},"content":{"rendered":"<h2>testo 440 \u2013 Multiinstrument f\u00f6r ventilation och inneklimat<\/h2>\n<p>Anv\u00e4nd luftfl\u00f6des- och inneklimatm\u00e4taren testo 440 i kombination med h\u00f6gklassiga givare (och \u00e4ven testo SmartProbes) f\u00f6r att m\u00e4ta och spara alla ventilations- och inneklimatparametrar\u00a0(givare best\u00e4lls separat). Upp till 3 givare kan anslutas samtidigt: en\u00a0Bluetooth-givare, en kabelgivare och en temperatugivare med termoelementkontakt typ K. Tack vare automatisk detektering av givare och tydligt strukturerade m\u00e4tmenyer \u00e4r instrumentet mycket enkelt att anv\u00e4nda och kommer att g\u00f6ra dina dagliga m\u00e4tuppgifter betydligt enklare.<\/p>\n<p><a href=\"\/produkt\/matinstrument\/ventilationsinstrument\/luftflodesmatare\/testo-440-dp-multi-instrument-med-differenstryck\/\">Se ocks\u00e5 modellen med integrerad difftrycksensor &gt;&gt;<\/a><\/p>\n<p><strong>M\u00e4t med bara n\u00e5gra f\u00e5 klick<br \/>\n<\/strong>Det ska g\u00e5 enkelt och snabbt att m\u00e4ta \u2013 luftfl\u00f6des- och inneklimatm\u00e4taren testo 440 k\u00e4nner automatiskt igen alla anslutna givare. Det betyder att du aldrig beh\u00f6ver \u00e5terst\u00e4lla n\u00e5gra m\u00e4tparametrar manuellt n\u00e4r du byter till en annan givare. Tydligt strukturerade m\u00e4tmenyer f\u00f6r volymfl\u00f6de i kanaler\/luftdon, k-faktor, turbulensgrad, kyl-\/v\u00e4rmelast, indikering av fuktskaderisk och loggningsfunktion. Med dessa menyer kan du g\u00f6ra klart m\u00e4tuppgifterna snabbare, effektivare och tillf\u00f6rlitligare. Rapporter kan exporteras som Excel-filer via USB-gr\u00e4nssnittet eller skrivas ut p\u00e5 plats.<\/p>\n<p><strong>Tr\u00e5dl\u00f6s och kompakt \u2013 fler applikationer, mindre utrustning<br \/>\n<\/strong>Mycket m\u00e5ngsidig: med universalhandtag som kan anslutas till alla givare klarar\u00a0du fler applikationer med mindre utrusting och f\u00e5r samtidigt plats \u00f6ver i verkstygsl\u00e5dan.<br \/>\nBluetooth-handtaget kan \u00f6verf\u00f6ra m\u00e4tv\u00e4rden upp till 20 meter och g\u00f6r att du slipper kabeltrassel och f\u00e5r mer plats i verktygsv\u00e4skan. Som ett praktiskt alternativ finns ocks\u00e5 ett kabelhandtag. Det \u00e4r en stor f\u00f6rdel om Bluetooth-signaler\u00a0inte \u00e4r till\u00e5tna.<\/p>\n<p><strong>Praktisk datahantering<br \/>\n<\/strong>Multi-instrumentet kan spara upp till max\u00a07 500 m\u00e4tblock\u00a0som kan l\u00e4sas ut via en USB-port och bearbetas ytterligare som en CSV-fil p\u00e5 din dator (t.ex. med Excel). Med Testos BLUETOOTH\/IRDA-skrivare (best\u00e4lls separat), kan du skriva ut en rapport med dina m\u00e4tdata direkt p\u00e5 platsen.<\/p>\n<p><strong>Intelligent kalibreringskoncept f\u00f6r maximal noggrannhet<br \/>\n<\/strong>Du kan lita p\u00e5 att f\u00e5 noggranna m\u00e4tresultat\u00a0n\u00e4r du anv\u00e4nder v\u00e5ra digitala givare, eftersom m\u00e4tos\u00e4kerheten i instrumentet nu \u00e4r eliminerad. Du beh\u00f6ver bara skicka in givardelen f\u00f6r kalibrering och forts\u00e4tta anv\u00e4nda sj\u00e4lva multi-instrumentet.<\/p>\n<h2>F\u00f6rdelar och funktioner med luftfl\u00f6des- och inneklimatm\u00e4taren\u00a0testo 440<\/h2>\n<p><strong>Noggrann och p\u00e5litlig i kanaler och don<\/strong><\/p>\n<ul>\n<li>Det finns ett stort sortiment att givare att v\u00e4lja bland: varmtr\u00e5ds- och vinghjulsgivare f\u00f6r m\u00e4tningar i kanaler, stora vinghjulsgivare p\u00e5 \u00d8 100 mm f\u00f6r m\u00e4tningar p\u00e5 don i v\u00e4ggar och tak.<\/li>\n<li>Snabb ber\u00e4kning av luftfl\u00f6det: i m\u00e4tmenyn anger du enkelt m\u00e5tt och form p\u00e5 kanalen. Luftfl\u00f6det visas direkt p\u00e5 instrumentdisplayen i antingen l\/s eller m3\/h.<\/li>\n<li>Du kommer ocks\u00e5 att uppt\u00e4cka hur enkelt det \u00e4r att m\u00e4ta p\u00e5 riktigt stora don. Det beror p\u00e5 att teleskopet p\u00e5 vamtr\u00e5ds- och vinghjulsgivare kan f\u00f6rl\u00e4ngas ytterligare med teleskoptillbeh\u00f6ret \u2013 vilket g\u00f6r att du totalt kan dra ut givaren till 2 meters l\u00e4ngd.<\/li>\n<li>Utf\u00f6r m\u00e4tningar p\u00e5 h\u00f6g h\u00f6jd utan att anv\u00e4nda n\u00e5gon stege. Anslut den utdragbara teleskopgivaren med 90\u00b0 vinkel till givaren och vid behov ocks\u00e5 teleskoptillbeh\u00f6ret (b\u00e5da best\u00e4lls separat).<\/li>\n<li>Anv\u00e4nd vinghjulen i kombination med Testos m\u00e4tstosar \u00f6ver luftdon och ventilationsgaller.<\/li>\n<li>Praktiskt Bluetooth-interface: anv\u00e4nd luftfl\u00f6desgivarna utan en massa kr\u00e5ngel med kablar. Trycka bara p\u00e5 knappen p\u00e5 handtaget f\u00f6r att exempelvis starta och stoppa en ber\u00e4kning av tidsmedelv\u00e4rdet i en viss m\u00e4tpunkt.<\/li>\n<li>Anv\u00e4nd de praktiska magneterna f\u00f6r att s\u00e4tta fast multi-instrumentet p\u00e5 en metallyta (t.ex. en ventilationskanal)<\/li>\n<\/ul>\n<p><strong>L\u00e5ngtidsm\u00e4tning av inomhusluftens kvalitet<\/strong><\/p>\n<ul>\n<li>R\u00e4tt givare f\u00f6r dina krav: givare f\u00f6r CO2, CO, lufttemperatur och luftfuktighet finns med Bluetooth eller med fast kabel.<\/li>\n<li>Enkel att anv\u00e4nda: ange m\u00e4ttiden och m\u00e4tintervallet i menyn f\u00f6r f\u00f6r l\u00e5ngtidsm\u00e4tningar och h\u00e5ll koll under dagens lopp.<\/li>\n<li>Internminne f\u00f6r 7 500 m\u00e4tblock.<\/li>\n<\/ul>\n<p><strong>Turbulensm\u00e4tning som uppfyller EN ISO 7730 \/ ASHRAE 55<\/strong><\/p>\n<ul>\n<li>Uppn\u00e5 h\u00f6g noggrannhet med en turbulensgivare, \u00e4ven vid l\u00e5ga lufthastigheter.<\/li>\n<li>Automatisk ber\u00e4kning av drag och turbulens i enlighet med EN ISO 7730\/ASHRAE 55.<\/li>\n<li>F\u00f6r praktisk m\u00e4tning p\u00e5 olika h\u00f6jder rekommenderar vi v\u00e5rt stativ f\u00f6r komfortniv\u00e5m\u00e4tningar. Den g\u00f6r det mycket enkelt att placera turbulensgivarna i \u00f6verensst\u00e4mmelse med g\u00e4llande standarder.<\/li>\n<\/ul>\n<p><strong>Givare\u00a0f\u00f6r renrum\u00a0och laboratorier<\/strong><\/p>\n<ul>\n<li>Dragsk\u00e5psgivare f\u00f6r noggranna m\u00e4tningar av lufthastighet i dragsk\u00e5p<\/li>\n<li>Tack vara den l\u00e5ga starthastigheten p\u00e5 0,1 m\/s, \u00e4r den h\u00f6gnoggranna vinghjulsgivaren (\u00d8 100 mm) idealisk f\u00f6r lamin\u00e4ra fl\u00f6desm\u00e4tningar i renrum. Givaren finns med fast kabel och med Bluetooth.<\/li>\n<li>H\u00f6gnoggrann fukt-\/temperaturgivare (0636 9771 eller 0636 9772) med en noggrannhet p\u00e5 \u00b1(0,6 %RH + 0,7 % av mv) i omr\u00e5det 0 &#8230; 90 %RH f\u00f6r m\u00e4tning i renrum.<\/li>\n<\/ul>\n<h2>Ing\u00e5r i leverans<\/h2>\n<p>testo 440 f\u00f6r ventilation och inneklimat, 3 st. AA-batterier, USB-kabel och fabriksprotokoll.<\/p>\n<p><span class=\"ui-provider ed ayd aye ayf ayg ayh ayi ayj ayk ayl aym ayn ayo ayp ayq ayr ays ayt ayu ayv ayw ayx ayy ayz aza azb azc azd aze azf azg azh azi azj azk\" dir=\"ltr\"><strong>Fabriksprotokoll:<\/strong>\u00a0utf\u00e4rdas p\u00e5 fabriken efter en kontroll av att produkten fungerar och uppfyller angiven m\u00e4tnoggrannhet. L\u00e4s om <a href=\"https:\/\/stage.nordtec.se\/kalibrering\/iso-9001-kraver-kalibrerad-matutrustning\/\"><u>skillnaden mellan fabriksprotokoll och ackrediterad kalibrering<\/u><\/a>.<\/span><\/p>\n","protected":false},"excerpt":{"rendered":"<p>Multi-instrument med universalhandtag som kan anslutas till m\u00e5nga olika givare<\/p>\n<ul>\n<li>Stort urval av digitala givare<\/li>\n<li>Visa luftfl\u00f6det i l\/s eller m3\/h<\/li>\n<li>Tydligt strukturerade m\u00e4tmenyer<\/li>\n<\/ul>\n","protected":false},"featured_media":22850,"template":"","meta":{"_kad_blocks_custom_css":"","_kad_blocks_head_custom_js":"","_kad_blocks_body_custom_js":"","_kad_blocks_footer_custom_js":"","footnotes":""},"product_brand":[1435],"product_cat":[170,162,164,287,286,334,49,333,332,163],"product_tag":[666,678,677,676,121,125,697,679,698],"class_list":{"0":"post-9094","1":"product","2":"type-product","3":"status-publish","4":"has-post-thumbnail","6":"product_brand-testo","7":"product_cat-byggteknik","8":"product_cat-industri","9":"product_cat-inneklimat-arbetsmiljo","10":"product_cat-klimatinstrument","11":"product_cat-luftflodesmatare","12":"product_cat-luftfuktighetsmatare","13":"product_cat-matinstrument","14":"product_cat-termometrar","15":"product_cat-ventilationsinstrument","16":"product_cat-vvs-fastighet","17":"product_tag-bluetooth","18":"product_tag-over-1000-grader","19":"product_tag-over-200-grader","20":"product_tag-over-50-grader","21":"product_tag-over-500-grader","22":"product_tag-tek","23":"product_tag-under-170-c","24":"product_tag-under-minus-20-grader","25":"product_tag-under-70-c","27":"first","28":"instock","29":"taxable","30":"shipping-taxable","31":"purchasable","32":"product-type-simple"},"yoast_head":"<!-- This site is optimized with the Yoast SEO Premium plugin v25.8 (Yoast SEO v27.4) - https:\/\/yoast.com\/product\/yoast-seo-premium-wordpress\/ -->\n<title>testo 440 \u2013 multiinstrument f\u00f6r ventilation och inneklimat | Nordtec<\/title>\n<meta name=\"description\" content=\"Multi-instrument med universalhandtag f\u00f6r m\u00e5nga olika givare\u00a0\u1405 testo 440 \u2713 Stort urval av digitala givare \u2713 Visa luftfl\u00f6det i l\/s eller m3\/h\" \/>\n<meta name=\"robots\" content=\"noindex, follow, max-snippet:-1, max-image-preview:large, max-video-preview:-1\" \/>\n<meta property=\"og:locale\" content=\"fi_FI\" \/>\n<meta property=\"og:type\" content=\"article\" \/>\n<meta property=\"og:title\" content=\"testo 440 \u2013 multiinstrument f\u00f6r ventilation och inneklimat\" \/>\n<meta property=\"og:description\" content=\"Multi-instrument med universalhandtag f\u00f6r m\u00e5nga olika givare\u00a0\u1405 testo 440 \u2713 Stort urval av digitala givare \u2713 Visa luftfl\u00f6det i l\/s eller m3\/h\" \/>\n<meta property=\"og:url\" content=\"https:\/\/stage.nordtec.se\/fi\/tuote\/mittauslaitteet\/ilmanvaihtolaite\/ilmavirtausmittari\/testo-440-multi-instrument-for-ventilation-och-inneklimat\/\" \/>\n<meta property=\"og:site_name\" content=\"Nordtec\" \/>\n<meta property=\"article:publisher\" content=\"https:\/\/www.facebook.com\/nordtecinstrument\" \/>\n<meta property=\"article:modified_time\" content=\"2025-12-15T15:18:20+00:00\" \/>\n<meta property=\"og:image\" content=\"https:\/\/stage.nordtec.se\/wp-content\/uploads\/2022\/03\/testo-440-fukt-svensk_800px.png\" \/>\n\t<meta property=\"og:image:width\" content=\"800\" \/>\n\t<meta property=\"og:image:height\" content=\"800\" \/>\n\t<meta property=\"og:image:type\" content=\"image\/png\" \/>\n<meta name=\"twitter:card\" content=\"summary_large_image\" \/>\n<meta name=\"twitter:label1\" content=\"Arvioitu lukuaika\" \/>\n\t<meta name=\"twitter:data1\" content=\"4 minuuttia\" \/>\n<script type=\"application\/ld+json\" class=\"yoast-schema-graph\">{\"@context\":\"https:\\\/\\\/schema.org\",\"@graph\":[{\"@type\":[\"WebPage\",\"ItemPage\"],\"@id\":\"https:\\\/\\\/stage.nordtec.se\\\/fi\\\/tuote\\\/mittauslaitteet\\\/ilmanvaihtolaite\\\/ilmavirtausmittari\\\/testo-440-multi-instrument-for-ventilation-och-inneklimat\\\/\",\"url\":\"https:\\\/\\\/stage.nordtec.se\\\/fi\\\/tuote\\\/mittauslaitteet\\\/ilmanvaihtolaite\\\/ilmavirtausmittari\\\/testo-440-multi-instrument-for-ventilation-och-inneklimat\\\/\",\"name\":\"testo 440 \u2013 multiinstrument f\u00f6r ventilation och inneklimat | Nordtec\",\"isPartOf\":{\"@id\":\"https:\\\/\\\/stage.nordtec.se\\\/fi\\\/#website\"},\"primaryImageOfPage\":{\"@id\":\"https:\\\/\\\/stage.nordtec.se\\\/fi\\\/tuote\\\/mittauslaitteet\\\/ilmanvaihtolaite\\\/ilmavirtausmittari\\\/testo-440-multi-instrument-for-ventilation-och-inneklimat\\\/#primaryimage\"},\"image\":{\"@id\":\"https:\\\/\\\/stage.nordtec.se\\\/fi\\\/tuote\\\/mittauslaitteet\\\/ilmanvaihtolaite\\\/ilmavirtausmittari\\\/testo-440-multi-instrument-for-ventilation-och-inneklimat\\\/#primaryimage\"},\"thumbnailUrl\":\"https:\\\/\\\/stage.nordtec.se\\\/wp-content\\\/uploads\\\/2022\\\/03\\\/testo-440-fukt-svensk_800px.png\",\"datePublished\":\"2022-03-30T14:14:55+00:00\",\"dateModified\":\"2025-12-15T15:18:20+00:00\",\"description\":\"Multi-instrument med universalhandtag f\u00f6r m\u00e5nga olika givare\u00a0\u1405 testo 440 \u2713 Stort urval av digitala givare \u2713 Visa luftfl\u00f6det i l\\\/s eller m3\\\/h\",\"breadcrumb\":{\"@id\":\"https:\\\/\\\/stage.nordtec.se\\\/fi\\\/tuote\\\/mittauslaitteet\\\/ilmanvaihtolaite\\\/ilmavirtausmittari\\\/testo-440-multi-instrument-for-ventilation-och-inneklimat\\\/#breadcrumb\"},\"inLanguage\":\"fi\",\"potentialAction\":[{\"@type\":\"ReadAction\",\"target\":[\"https:\\\/\\\/stage.nordtec.se\\\/fi\\\/tuote\\\/mittauslaitteet\\\/ilmanvaihtolaite\\\/ilmavirtausmittari\\\/testo-440-multi-instrument-for-ventilation-och-inneklimat\\\/\"]}]},{\"@type\":\"ImageObject\",\"inLanguage\":\"fi\",\"@id\":\"https:\\\/\\\/stage.nordtec.se\\\/fi\\\/tuote\\\/mittauslaitteet\\\/ilmanvaihtolaite\\\/ilmavirtausmittari\\\/testo-440-multi-instrument-for-ventilation-och-inneklimat\\\/#primaryimage\",\"url\":\"https:\\\/\\\/stage.nordtec.se\\\/wp-content\\\/uploads\\\/2022\\\/03\\\/testo-440-fukt-svensk_800px.png\",\"contentUrl\":\"https:\\\/\\\/stage.nordtec.se\\\/wp-content\\\/uploads\\\/2022\\\/03\\\/testo-440-fukt-svensk_800px.png\",\"width\":800,\"height\":800,\"caption\":\"testo 440 med svensk display\"},{\"@type\":\"BreadcrumbList\",\"@id\":\"https:\\\/\\\/stage.nordtec.se\\\/fi\\\/tuote\\\/mittauslaitteet\\\/ilmanvaihtolaite\\\/ilmavirtausmittari\\\/testo-440-multi-instrument-for-ventilation-och-inneklimat\\\/#breadcrumb\",\"itemListElement\":[{\"@type\":\"ListItem\",\"position\":1,\"name\":\"Hem\",\"item\":\"https:\\\/\\\/stage.nordtec.se\\\/fi\\\/\"},{\"@type\":\"ListItem\",\"position\":2,\"name\":\"Kauppa\",\"item\":\"https:\\\/\\\/stage.nordtec.se\\\/produkter\\\/\"},{\"@type\":\"ListItem\",\"position\":3,\"name\":\"testo 440 \u2013 multiinstrument f\u00f6r ventilation och inneklimat\"}]},{\"@type\":\"WebSite\",\"@id\":\"https:\\\/\\\/stage.nordtec.se\\\/fi\\\/#website\",\"url\":\"https:\\\/\\\/stage.nordtec.se\\\/fi\\\/\",\"name\":\"Nordtec\",\"description\":\"Din partner inom m\u00e4tteknik\",\"publisher\":{\"@id\":\"https:\\\/\\\/stage.nordtec.se\\\/fi\\\/#organization\"},\"potentialAction\":[{\"@type\":\"SearchAction\",\"target\":{\"@type\":\"EntryPoint\",\"urlTemplate\":\"https:\\\/\\\/stage.nordtec.se\\\/fi\\\/?s={search_term_string}\"},\"query-input\":{\"@type\":\"PropertyValueSpecification\",\"valueRequired\":true,\"valueName\":\"search_term_string\"}}],\"inLanguage\":\"fi\"},{\"@type\":\"Organization\",\"@id\":\"https:\\\/\\\/stage.nordtec.se\\\/fi\\\/#organization\",\"name\":\"Nordtec Instrument AB\",\"url\":\"https:\\\/\\\/stage.nordtec.se\\\/fi\\\/\",\"logo\":{\"@type\":\"ImageObject\",\"inLanguage\":\"fi\",\"@id\":\"https:\\\/\\\/stage.nordtec.se\\\/fi\\\/#\\\/schema\\\/logo\\\/image\\\/\",\"url\":\"https:\\\/\\\/stage.nordtec.se\\\/wp-content\\\/uploads\\\/2021\\\/08\\\/nordtec_logo_rgb-340px.png\",\"contentUrl\":\"https:\\\/\\\/stage.nordtec.se\\\/wp-content\\\/uploads\\\/2021\\\/08\\\/nordtec_logo_rgb-340px.png\",\"width\":340,\"height\":75,\"caption\":\"Nordtec Instrument AB\"},\"image\":{\"@id\":\"https:\\\/\\\/stage.nordtec.se\\\/fi\\\/#\\\/schema\\\/logo\\\/image\\\/\"},\"sameAs\":[\"https:\\\/\\\/www.facebook.com\\\/nordtecinstrument\",\"https:\\\/\\\/www.instagram.com\\\/nordtec_instrument\\\/\",\"https:\\\/\\\/www.linkedin.com\\\/company\\\/nordtec-instrument-ab\\\/\",\"https:\\\/\\\/www.youtube.com\\\/channel\\\/UCbmAq3ZmfBKOGg7_igFURng\"]}]}<\/script>\n<!-- \/ Yoast SEO Premium plugin. -->","yoast_head_json":{"title":"testo 440 \u2013 multiinstrument f\u00f6r ventilation och inneklimat | Nordtec","description":"Multi-instrument med universalhandtag f\u00f6r m\u00e5nga olika givare\u00a0\u1405 testo 440 \u2713 Stort urval av digitala givare \u2713 Visa luftfl\u00f6det i l\/s eller m3\/h","robots":{"index":"noindex","follow":"follow","max-snippet":"max-snippet:-1","max-image-preview":"max-image-preview:large","max-video-preview":"max-video-preview:-1"},"og_locale":"fi_FI","og_type":"article","og_title":"testo 440 \u2013 multiinstrument f\u00f6r ventilation och inneklimat","og_description":"Multi-instrument med universalhandtag f\u00f6r m\u00e5nga olika givare\u00a0\u1405 testo 440 \u2713 Stort urval av digitala givare \u2713 Visa luftfl\u00f6det i l\/s eller m3\/h","og_url":"https:\/\/stage.nordtec.se\/fi\/tuote\/mittauslaitteet\/ilmanvaihtolaite\/ilmavirtausmittari\/testo-440-multi-instrument-for-ventilation-och-inneklimat\/","og_site_name":"Nordtec","article_publisher":"https:\/\/www.facebook.com\/nordtecinstrument","article_modified_time":"2025-12-15T15:18:20+00:00","og_image":[{"width":800,"height":800,"url":"https:\/\/stage.nordtec.se\/wp-content\/uploads\/2022\/03\/testo-440-fukt-svensk_800px.png","type":"image\/png"}],"twitter_card":"summary_large_image","twitter_misc":{"Arvioitu lukuaika":"4 minuuttia"},"schema":{"@context":"https:\/\/schema.org","@graph":[{"@type":["WebPage","ItemPage"],"@id":"https:\/\/stage.nordtec.se\/fi\/tuote\/mittauslaitteet\/ilmanvaihtolaite\/ilmavirtausmittari\/testo-440-multi-instrument-for-ventilation-och-inneklimat\/","url":"https:\/\/stage.nordtec.se\/fi\/tuote\/mittauslaitteet\/ilmanvaihtolaite\/ilmavirtausmittari\/testo-440-multi-instrument-for-ventilation-och-inneklimat\/","name":"testo 440 \u2013 multiinstrument f\u00f6r ventilation och inneklimat | Nordtec","isPartOf":{"@id":"https:\/\/stage.nordtec.se\/fi\/#website"},"primaryImageOfPage":{"@id":"https:\/\/stage.nordtec.se\/fi\/tuote\/mittauslaitteet\/ilmanvaihtolaite\/ilmavirtausmittari\/testo-440-multi-instrument-for-ventilation-och-inneklimat\/#primaryimage"},"image":{"@id":"https:\/\/stage.nordtec.se\/fi\/tuote\/mittauslaitteet\/ilmanvaihtolaite\/ilmavirtausmittari\/testo-440-multi-instrument-for-ventilation-och-inneklimat\/#primaryimage"},"thumbnailUrl":"https:\/\/stage.nordtec.se\/wp-content\/uploads\/2022\/03\/testo-440-fukt-svensk_800px.png","datePublished":"2022-03-30T14:14:55+00:00","dateModified":"2025-12-15T15:18:20+00:00","description":"Multi-instrument med universalhandtag f\u00f6r m\u00e5nga olika givare\u00a0\u1405 testo 440 \u2713 Stort urval av digitala givare \u2713 Visa luftfl\u00f6det i l\/s eller m3\/h","breadcrumb":{"@id":"https:\/\/stage.nordtec.se\/fi\/tuote\/mittauslaitteet\/ilmanvaihtolaite\/ilmavirtausmittari\/testo-440-multi-instrument-for-ventilation-och-inneklimat\/#breadcrumb"},"inLanguage":"fi","potentialAction":[{"@type":"ReadAction","target":["https:\/\/stage.nordtec.se\/fi\/tuote\/mittauslaitteet\/ilmanvaihtolaite\/ilmavirtausmittari\/testo-440-multi-instrument-for-ventilation-och-inneklimat\/"]}]},{"@type":"ImageObject","inLanguage":"fi","@id":"https:\/\/stage.nordtec.se\/fi\/tuote\/mittauslaitteet\/ilmanvaihtolaite\/ilmavirtausmittari\/testo-440-multi-instrument-for-ventilation-och-inneklimat\/#primaryimage","url":"https:\/\/stage.nordtec.se\/wp-content\/uploads\/2022\/03\/testo-440-fukt-svensk_800px.png","contentUrl":"https:\/\/stage.nordtec.se\/wp-content\/uploads\/2022\/03\/testo-440-fukt-svensk_800px.png","width":800,"height":800,"caption":"testo 440 med svensk display"},{"@type":"BreadcrumbList","@id":"https:\/\/stage.nordtec.se\/fi\/tuote\/mittauslaitteet\/ilmanvaihtolaite\/ilmavirtausmittari\/testo-440-multi-instrument-for-ventilation-och-inneklimat\/#breadcrumb","itemListElement":[{"@type":"ListItem","position":1,"name":"Hem","item":"https:\/\/stage.nordtec.se\/fi\/"},{"@type":"ListItem","position":2,"name":"Kauppa","item":"https:\/\/stage.nordtec.se\/produkter\/"},{"@type":"ListItem","position":3,"name":"testo 440 \u2013 multiinstrument f\u00f6r ventilation och inneklimat"}]},{"@type":"WebSite","@id":"https:\/\/stage.nordtec.se\/fi\/#website","url":"https:\/\/stage.nordtec.se\/fi\/","name":"Nordtec","description":"Din partner inom m\u00e4tteknik","publisher":{"@id":"https:\/\/stage.nordtec.se\/fi\/#organization"},"potentialAction":[{"@type":"SearchAction","target":{"@type":"EntryPoint","urlTemplate":"https:\/\/stage.nordtec.se\/fi\/?s={search_term_string}"},"query-input":{"@type":"PropertyValueSpecification","valueRequired":true,"valueName":"search_term_string"}}],"inLanguage":"fi"},{"@type":"Organization","@id":"https:\/\/stage.nordtec.se\/fi\/#organization","name":"Nordtec Instrument AB","url":"https:\/\/stage.nordtec.se\/fi\/","logo":{"@type":"ImageObject","inLanguage":"fi","@id":"https:\/\/stage.nordtec.se\/fi\/#\/schema\/logo\/image\/","url":"https:\/\/stage.nordtec.se\/wp-content\/uploads\/2021\/08\/nordtec_logo_rgb-340px.png","contentUrl":"https:\/\/stage.nordtec.se\/wp-content\/uploads\/2021\/08\/nordtec_logo_rgb-340px.png","width":340,"height":75,"caption":"Nordtec Instrument AB"},"image":{"@id":"https:\/\/stage.nordtec.se\/fi\/#\/schema\/logo\/image\/"},"sameAs":["https:\/\/www.facebook.com\/nordtecinstrument","https:\/\/www.instagram.com\/nordtec_instrument\/","https:\/\/www.linkedin.com\/company\/nordtec-instrument-ab\/","https:\/\/www.youtube.com\/channel\/UCbmAq3ZmfBKOGg7_igFURng"]}]}},"taxonomy_info":{"product_brand":[{"value":1435,"label":"Testo"}],"product_cat":[{"value":170,"label":"Byggteknik"},{"value":162,"label":"Industri"},{"value":164,"label":"Inneklimat &amp; Arbetsmilj\u00f6"},{"value":287,"label":"Klimatinstrument"},{"value":286,"label":"Luftfl\u00f6desm\u00e4tare"},{"value":334,"label":"Luftfuktighetsm\u00e4tare"},{"value":49,"label":"M\u00e4tinstrument"},{"value":333,"label":"Termometrar"},{"value":332,"label":"Ventilationsinstrument"},{"value":163,"label":"VVS &amp; Fastighet"}],"product_tag":[{"value":666,"label":"Bluetooth"},{"value":678,"label":"\u00d6ver +1 000 \u00b0C"},{"value":677,"label":"\u00d6ver +200 \u00b0C"},{"value":676,"label":"\u00d6ver +50 \u00b0C"},{"value":121,"label":"\u00d6ver +500 \u00b0C"},{"value":125,"label":"TE typ K"},{"value":697,"label":"Under -170 \u00b0C"},{"value":679,"label":"Under -20 \u00b0C"},{"value":698,"label":"Under -70 \u00b0C"}]},"featured_image_src_large":["https:\/\/stage.nordtec.se\/wp-content\/uploads\/2022\/03\/testo-440-fukt-svensk_800px.png",800,800,false],"author_info":[],"comment_info":"","_links":{"self":[{"href":"https:\/\/stage.nordtec.se\/fi\/wp-json\/wp\/v2\/product\/9094","targetHints":{"allow":["GET"]}}],"collection":[{"href":"https:\/\/stage.nordtec.se\/fi\/wp-json\/wp\/v2\/product"}],"about":[{"href":"https:\/\/stage.nordtec.se\/fi\/wp-json\/wp\/v2\/types\/product"}],"version-history":[{"count":10,"href":"https:\/\/stage.nordtec.se\/fi\/wp-json\/wp\/v2\/product\/9094\/revisions"}],"predecessor-version":[{"id":25489,"href":"https:\/\/stage.nordtec.se\/fi\/wp-json\/wp\/v2\/product\/9094\/revisions\/25489"}],"wp:featuredmedia":[{"embeddable":true,"href":"https:\/\/stage.nordtec.se\/fi\/wp-json\/wp\/v2\/media\/22850"}],"wp:attachment":[{"href":"https:\/\/stage.nordtec.se\/fi\/wp-json\/wp\/v2\/media?parent=9094"}],"wp:term":[{"taxonomy":"product_brand","embeddable":true,"href":"https:\/\/stage.nordtec.se\/fi\/wp-json\/wp\/v2\/product_brand?post=9094"},{"taxonomy":"product_cat","embeddable":true,"href":"https:\/\/stage.nordtec.se\/fi\/wp-json\/wp\/v2\/product_cat?post=9094"},{"taxonomy":"product_tag","embeddable":true,"href":"https:\/\/stage.nordtec.se\/fi\/wp-json\/wp\/v2\/product_tag?post=9094"}],"curies":[{"name":"wp","href":"https:\/\/api.w.org\/{rel}","templated":true}]}}