{"id":9073,"date":"2022-03-30T16:14:55","date_gmt":"2022-03-30T14:14:55","guid":{"rendered":"https:\/\/stage.nordtec.se\/produkter\/okategoriserad\/testo-440-dp-matset-for-ventilation-2\/"},"modified":"2025-11-07T13:18:03","modified_gmt":"2025-11-07T11:18:03","slug":"testo-440-dp-matset-med-varmtradsgivare-och-pitotror","status":"publish","type":"product","link":"https:\/\/stage.nordtec.se\/fi\/tuote\/mittauslaitteet\/ilmanvaihtolaite\/ilmavirtausmittari\/testo-440-dp-matset-med-varmtradsgivare-och-pitotror\/","title":{"rendered":"testo 440 dP \u2013 m\u00e4tset med varmtr\u00e5dsgivare och pitotr\u00f6r"},"content":{"rendered":"<h2>testo 440 \u2013 m\u00e4tset med varmtr\u00e5dsgivare och pitotr\u00f6r f\u00f6r ventilationsm\u00e4tningar<\/h2>\n<p>I det h\u00e4r m\u00e4tsetet ing\u00e5r multiinstrumentet\u00a0testo 440 dP.\u00a0Den kan anslutas till ett stort urval av digitala givare, testo SmartProbes och m\u00e5nga andra temperaturgivare. Ut\u00f6ver funktionerna i testo 440 har detta instrument\u00a0en integrerad differenstrycksensor. Tack vare det kan du ocks\u00e5 utf\u00f6ra m\u00e4tningar \u00f6ver filter och anv\u00e4nda Pitotr\u00f6r (Prandtlr\u00f6r).\u00a0Instrumentet har tydligt strukturerade m\u00e4tmenyer f\u00f6r volymfl\u00f6de i kanaler\/luftdon, k-faktor, turbulensgrad, kyl-\/v\u00e4rmelast, indikering av fuktskaderisk och loggningsfunktion. Med dessa menyer kan du g\u00f6ra klart m\u00e4tuppgifterna snabbare, effektivare och tillf\u00f6rlitligare. Rapporter kan exporteras som Excel-filer via USB-gr\u00e4nssnittet eller skrivas ut p\u00e5 plats.<\/p>\n<p>Det h\u00e4r \u00e4r ett praktiskt m\u00e4tset f\u00f6r m\u00e4tning av lufthastighet, luftfl\u00f6de och lufttemperatur i ventilationskanaler. Instrumentet och varmtr\u00e5dsgivaren \u00e4r ytterst enkla att anv\u00e4nda och mycket beh\u00e4ndiga vid justering av ventilationssystem. Det intelligenta kalibreringskonceptet inneb\u00e4r dessutom att du beh\u00e5ller handtaget och instrumentet. Lossa bara givardelen och skicka in den till oss n\u00e4r det \u00e4r dags f\u00f6r kalibrering.<\/p>\n<h2>Ing\u00e5r i leverans<\/h2>\n<ul>\n<li>Multiinstrumentet testo 440dP<\/li>\n<li>Varmtr\u00e5dsgivare (\u00f8 7,5 mm) med fast kabel och teleskop, inkl. temperatursensor<\/li>\n<li>Pitotr\u00f6r (prandtlr\u00f6r)<\/li>\n<li>Silikonslang 5 m, innerdiameter 4 mm, ytterdiameter 7 mm<\/li>\n<li>Kalibreringscertifikat f\u00f6r differenstryck<\/li>\n<li>Kalibreringscertifikat f\u00f6r varmtr\u00e5ds-\/varmkroppsanemometer<\/li>\n<li>Kombiv\u00e4ska f\u00f6r testo 440 och flera givare<\/li>\n<\/ul>\n<p><span class=\"ui-provider ed ayd aye ayf ayg ayh ayi ayj ayk ayl aym ayn ayo ayp ayq ayr ays ayt ayu ayv ayw ayx ayy ayz aza azb azc azd aze azf azg azh azi azj azk\" dir=\"ltr\"><strong>Fabriksprotokoll:<\/strong>\u00a0utf\u00e4rdas p\u00e5 fabriken efter en kontroll av att produkten fungerar och uppfyller angiven m\u00e4tnoggrannhet. L\u00e4s om <a href=\"https:\/\/stage.nordtec.se\/kalibrering\/iso-9001-kraver-kalibrerad-matutrustning\/\"><u>skillnaden mellan fabriksprotokoll och ackrediterad kalibrering<\/u><\/a>.<\/span><\/p>\n<!-- Shortcode [ventilationskampanj] does not exist -->\n","protected":false},"excerpt":{"rendered":"<p>M\u00e4tset med <strong>7,5 mm varmtr\u00e5dsgivare<\/strong> och pitotr\u00f6r f\u00f6r m\u00e4tning av lufthastighet, luftfl\u00f6de och lufttemperatur p\u00e5 luftdon<\/p>\n<ul>\n<li>Visa luftfl\u00f6det i l\/s eller m3\/h<\/li>\n<li>Intelligent kalibreringskoncept<\/li>\n<li>F\u00e4rdiga, tydliga m\u00e4tmenyer f\u00f6r snabba m\u00e4tningar<\/li>\n<\/ul>\n","protected":false},"featured_media":22936,"template":"","meta":{"_kad_blocks_custom_css":"","_kad_blocks_head_custom_js":"","_kad_blocks_body_custom_js":"","_kad_blocks_footer_custom_js":"","footnotes":""},"product_brand":[1435],"product_cat":[164,287,286,49,332,163],"product_tag":[666,276,191,684],"class_list":{"0":"post-9073","1":"product","2":"type-product","3":"status-publish","4":"has-post-thumbnail","6":"product_brand-testo","7":"product_cat-inneklimat-arbetsmiljo","8":"product_cat-klimatinstrument","9":"product_cat-luftflodesmatare","10":"product_cat-matinstrument","11":"product_cat-ventilationsinstrument","12":"product_cat-vvs-fastighet","13":"product_tag-bluetooth","14":"product_tag-pitotror","15":"product_tag-varmtrad","16":"product_tag-ventilation","18":"first","19":"onbackorder","20":"taxable","21":"shipping-taxable","22":"purchasable","23":"product-type-simple"},"yoast_head":"<!-- This site is optimized with the Yoast SEO Premium plugin v25.8 (Yoast SEO v27.4) - https:\/\/yoast.com\/product\/yoast-seo-premium-wordpress\/ -->\n<title>testo 440 dP \u2013 m\u00e4tset med varmtr\u00e5dsgivare och pitotr\u00f6r | Nordtec<\/title>\n<meta name=\"description\" content=\"M\u00e4tset med 7,5 mm varmtr\u00e5dsgivare och pitotr\u00f6r f\u00f6r m\u00e4tning av lufthastighet, luftfl\u00f6de p\u00e5 luftdon \u1405 testo 440 dP \u2713 Visa luftfl\u00f6det i l\/s eller m3\/h\" \/>\n<meta name=\"robots\" content=\"noindex, follow, max-snippet:-1, max-image-preview:large, max-video-preview:-1\" \/>\n<meta property=\"og:locale\" content=\"fi_FI\" \/>\n<meta property=\"og:type\" content=\"article\" \/>\n<meta property=\"og:title\" content=\"testo 440 dP \u2013 m\u00e4tset med varmtr\u00e5dsgivare och pitotr\u00f6r\" \/>\n<meta property=\"og:description\" content=\"M\u00e4tset med 7,5 mm varmtr\u00e5dsgivare och pitotr\u00f6r f\u00f6r m\u00e4tning av lufthastighet, luftfl\u00f6de p\u00e5 luftdon \u1405 testo 440 dP \u2713 Visa luftfl\u00f6det i l\/s eller m3\/h\" \/>\n<meta property=\"og:url\" content=\"https:\/\/stage.nordtec.se\/fi\/tuote\/mittauslaitteet\/ilmanvaihtolaite\/ilmavirtausmittari\/testo-440-dp-matset-med-varmtradsgivare-och-pitotror\/\" \/>\n<meta property=\"og:site_name\" content=\"Nordtec\" \/>\n<meta property=\"article:publisher\" content=\"https:\/\/www.facebook.com\/nordtecinstrument\" \/>\n<meta property=\"article:modified_time\" content=\"2025-11-07T11:18:03+00:00\" \/>\n<meta property=\"og:image\" content=\"https:\/\/stage.nordtec.se\/wp-content\/uploads\/2022\/03\/testo-440dP-0140-4400.png\" \/>\n\t<meta property=\"og:image:width\" content=\"800\" \/>\n\t<meta property=\"og:image:height\" content=\"800\" \/>\n\t<meta property=\"og:image:type\" content=\"image\/png\" \/>\n<meta name=\"twitter:card\" content=\"summary_large_image\" \/>\n<meta name=\"twitter:label1\" content=\"Arvioitu lukuaika\" \/>\n\t<meta name=\"twitter:data1\" content=\"2 minuuttia\" \/>\n<script type=\"application\/ld+json\" class=\"yoast-schema-graph\">{\"@context\":\"https:\\\/\\\/schema.org\",\"@graph\":[{\"@type\":[\"WebPage\",\"ItemPage\"],\"@id\":\"https:\\\/\\\/stage.nordtec.se\\\/fi\\\/tuote\\\/mittauslaitteet\\\/ilmanvaihtolaite\\\/ilmavirtausmittari\\\/testo-440-dp-matset-med-varmtradsgivare-och-pitotror\\\/\",\"url\":\"https:\\\/\\\/stage.nordtec.se\\\/fi\\\/tuote\\\/mittauslaitteet\\\/ilmanvaihtolaite\\\/ilmavirtausmittari\\\/testo-440-dp-matset-med-varmtradsgivare-och-pitotror\\\/\",\"name\":\"testo 440 dP \u2013 m\u00e4tset med varmtr\u00e5dsgivare och pitotr\u00f6r | Nordtec\",\"isPartOf\":{\"@id\":\"https:\\\/\\\/stage.nordtec.se\\\/fi\\\/#website\"},\"primaryImageOfPage\":{\"@id\":\"https:\\\/\\\/stage.nordtec.se\\\/fi\\\/tuote\\\/mittauslaitteet\\\/ilmanvaihtolaite\\\/ilmavirtausmittari\\\/testo-440-dp-matset-med-varmtradsgivare-och-pitotror\\\/#primaryimage\"},\"image\":{\"@id\":\"https:\\\/\\\/stage.nordtec.se\\\/fi\\\/tuote\\\/mittauslaitteet\\\/ilmanvaihtolaite\\\/ilmavirtausmittari\\\/testo-440-dp-matset-med-varmtradsgivare-och-pitotror\\\/#primaryimage\"},\"thumbnailUrl\":\"https:\\\/\\\/stage.nordtec.se\\\/wp-content\\\/uploads\\\/2022\\\/03\\\/testo-440dP-0140-4400.png\",\"datePublished\":\"2022-03-30T14:14:55+00:00\",\"dateModified\":\"2025-11-07T11:18:03+00:00\",\"description\":\"M\u00e4tset med 7,5 mm varmtr\u00e5dsgivare och pitotr\u00f6r f\u00f6r m\u00e4tning av lufthastighet, luftfl\u00f6de p\u00e5 luftdon \u1405 testo 440 dP \u2713 Visa luftfl\u00f6det i l\\\/s eller m3\\\/h\",\"breadcrumb\":{\"@id\":\"https:\\\/\\\/stage.nordtec.se\\\/fi\\\/tuote\\\/mittauslaitteet\\\/ilmanvaihtolaite\\\/ilmavirtausmittari\\\/testo-440-dp-matset-med-varmtradsgivare-och-pitotror\\\/#breadcrumb\"},\"inLanguage\":\"fi\",\"potentialAction\":[{\"@type\":\"ReadAction\",\"target\":[\"https:\\\/\\\/stage.nordtec.se\\\/fi\\\/tuote\\\/mittauslaitteet\\\/ilmanvaihtolaite\\\/ilmavirtausmittari\\\/testo-440-dp-matset-med-varmtradsgivare-och-pitotror\\\/\"]}]},{\"@type\":\"ImageObject\",\"inLanguage\":\"fi\",\"@id\":\"https:\\\/\\\/stage.nordtec.se\\\/fi\\\/tuote\\\/mittauslaitteet\\\/ilmanvaihtolaite\\\/ilmavirtausmittari\\\/testo-440-dp-matset-med-varmtradsgivare-och-pitotror\\\/#primaryimage\",\"url\":\"https:\\\/\\\/stage.nordtec.se\\\/wp-content\\\/uploads\\\/2022\\\/03\\\/testo-440dP-0140-4400.png\",\"contentUrl\":\"https:\\\/\\\/stage.nordtec.se\\\/wp-content\\\/uploads\\\/2022\\\/03\\\/testo-440dP-0140-4400.png\",\"width\":800,\"height\":800,\"caption\":\"M\u00e4tset med pitotr\u00f6r och 7,5 mm varmtr\u00e5dsgivare\"},{\"@type\":\"BreadcrumbList\",\"@id\":\"https:\\\/\\\/stage.nordtec.se\\\/fi\\\/tuote\\\/mittauslaitteet\\\/ilmanvaihtolaite\\\/ilmavirtausmittari\\\/testo-440-dp-matset-med-varmtradsgivare-och-pitotror\\\/#breadcrumb\",\"itemListElement\":[{\"@type\":\"ListItem\",\"position\":1,\"name\":\"Hem\",\"item\":\"https:\\\/\\\/stage.nordtec.se\\\/fi\\\/\"},{\"@type\":\"ListItem\",\"position\":2,\"name\":\"Kauppa\",\"item\":\"https:\\\/\\\/stage.nordtec.se\\\/produkter\\\/\"},{\"@type\":\"ListItem\",\"position\":3,\"name\":\"testo 440 dP \u2013 m\u00e4tset med varmtr\u00e5dsgivare och pitotr\u00f6r\"}]},{\"@type\":\"WebSite\",\"@id\":\"https:\\\/\\\/stage.nordtec.se\\\/fi\\\/#website\",\"url\":\"https:\\\/\\\/stage.nordtec.se\\\/fi\\\/\",\"name\":\"Nordtec\",\"description\":\"Din partner inom m\u00e4tteknik\",\"publisher\":{\"@id\":\"https:\\\/\\\/stage.nordtec.se\\\/fi\\\/#organization\"},\"potentialAction\":[{\"@type\":\"SearchAction\",\"target\":{\"@type\":\"EntryPoint\",\"urlTemplate\":\"https:\\\/\\\/stage.nordtec.se\\\/fi\\\/?s={search_term_string}\"},\"query-input\":{\"@type\":\"PropertyValueSpecification\",\"valueRequired\":true,\"valueName\":\"search_term_string\"}}],\"inLanguage\":\"fi\"},{\"@type\":\"Organization\",\"@id\":\"https:\\\/\\\/stage.nordtec.se\\\/fi\\\/#organization\",\"name\":\"Nordtec Instrument AB\",\"url\":\"https:\\\/\\\/stage.nordtec.se\\\/fi\\\/\",\"logo\":{\"@type\":\"ImageObject\",\"inLanguage\":\"fi\",\"@id\":\"https:\\\/\\\/stage.nordtec.se\\\/fi\\\/#\\\/schema\\\/logo\\\/image\\\/\",\"url\":\"https:\\\/\\\/stage.nordtec.se\\\/wp-content\\\/uploads\\\/2021\\\/08\\\/nordtec_logo_rgb-340px.png\",\"contentUrl\":\"https:\\\/\\\/stage.nordtec.se\\\/wp-content\\\/uploads\\\/2021\\\/08\\\/nordtec_logo_rgb-340px.png\",\"width\":340,\"height\":75,\"caption\":\"Nordtec Instrument AB\"},\"image\":{\"@id\":\"https:\\\/\\\/stage.nordtec.se\\\/fi\\\/#\\\/schema\\\/logo\\\/image\\\/\"},\"sameAs\":[\"https:\\\/\\\/www.facebook.com\\\/nordtecinstrument\",\"https:\\\/\\\/www.instagram.com\\\/nordtec_instrument\\\/\",\"https:\\\/\\\/www.linkedin.com\\\/company\\\/nordtec-instrument-ab\\\/\",\"https:\\\/\\\/www.youtube.com\\\/channel\\\/UCbmAq3ZmfBKOGg7_igFURng\"]}]}<\/script>\n<!-- \/ Yoast SEO Premium plugin. -->","yoast_head_json":{"title":"testo 440 dP \u2013 m\u00e4tset med varmtr\u00e5dsgivare och pitotr\u00f6r | Nordtec","description":"M\u00e4tset med 7,5 mm varmtr\u00e5dsgivare och pitotr\u00f6r f\u00f6r m\u00e4tning av lufthastighet, luftfl\u00f6de p\u00e5 luftdon \u1405 testo 440 dP \u2713 Visa luftfl\u00f6det i l\/s eller m3\/h","robots":{"index":"noindex","follow":"follow","max-snippet":"max-snippet:-1","max-image-preview":"max-image-preview:large","max-video-preview":"max-video-preview:-1"},"og_locale":"fi_FI","og_type":"article","og_title":"testo 440 dP \u2013 m\u00e4tset med varmtr\u00e5dsgivare och pitotr\u00f6r","og_description":"M\u00e4tset med 7,5 mm varmtr\u00e5dsgivare och pitotr\u00f6r f\u00f6r m\u00e4tning av lufthastighet, luftfl\u00f6de p\u00e5 luftdon \u1405 testo 440 dP \u2713 Visa luftfl\u00f6det i l\/s eller m3\/h","og_url":"https:\/\/stage.nordtec.se\/fi\/tuote\/mittauslaitteet\/ilmanvaihtolaite\/ilmavirtausmittari\/testo-440-dp-matset-med-varmtradsgivare-och-pitotror\/","og_site_name":"Nordtec","article_publisher":"https:\/\/www.facebook.com\/nordtecinstrument","article_modified_time":"2025-11-07T11:18:03+00:00","og_image":[{"width":800,"height":800,"url":"https:\/\/stage.nordtec.se\/wp-content\/uploads\/2022\/03\/testo-440dP-0140-4400.png","type":"image\/png"}],"twitter_card":"summary_large_image","twitter_misc":{"Arvioitu lukuaika":"2 minuuttia"},"schema":{"@context":"https:\/\/schema.org","@graph":[{"@type":["WebPage","ItemPage"],"@id":"https:\/\/stage.nordtec.se\/fi\/tuote\/mittauslaitteet\/ilmanvaihtolaite\/ilmavirtausmittari\/testo-440-dp-matset-med-varmtradsgivare-och-pitotror\/","url":"https:\/\/stage.nordtec.se\/fi\/tuote\/mittauslaitteet\/ilmanvaihtolaite\/ilmavirtausmittari\/testo-440-dp-matset-med-varmtradsgivare-och-pitotror\/","name":"testo 440 dP \u2013 m\u00e4tset med varmtr\u00e5dsgivare och pitotr\u00f6r | Nordtec","isPartOf":{"@id":"https:\/\/stage.nordtec.se\/fi\/#website"},"primaryImageOfPage":{"@id":"https:\/\/stage.nordtec.se\/fi\/tuote\/mittauslaitteet\/ilmanvaihtolaite\/ilmavirtausmittari\/testo-440-dp-matset-med-varmtradsgivare-och-pitotror\/#primaryimage"},"image":{"@id":"https:\/\/stage.nordtec.se\/fi\/tuote\/mittauslaitteet\/ilmanvaihtolaite\/ilmavirtausmittari\/testo-440-dp-matset-med-varmtradsgivare-och-pitotror\/#primaryimage"},"thumbnailUrl":"https:\/\/stage.nordtec.se\/wp-content\/uploads\/2022\/03\/testo-440dP-0140-4400.png","datePublished":"2022-03-30T14:14:55+00:00","dateModified":"2025-11-07T11:18:03+00:00","description":"M\u00e4tset med 7,5 mm varmtr\u00e5dsgivare och pitotr\u00f6r f\u00f6r m\u00e4tning av lufthastighet, luftfl\u00f6de p\u00e5 luftdon \u1405 testo 440 dP \u2713 Visa luftfl\u00f6det i l\/s eller m3\/h","breadcrumb":{"@id":"https:\/\/stage.nordtec.se\/fi\/tuote\/mittauslaitteet\/ilmanvaihtolaite\/ilmavirtausmittari\/testo-440-dp-matset-med-varmtradsgivare-och-pitotror\/#breadcrumb"},"inLanguage":"fi","potentialAction":[{"@type":"ReadAction","target":["https:\/\/stage.nordtec.se\/fi\/tuote\/mittauslaitteet\/ilmanvaihtolaite\/ilmavirtausmittari\/testo-440-dp-matset-med-varmtradsgivare-och-pitotror\/"]}]},{"@type":"ImageObject","inLanguage":"fi","@id":"https:\/\/stage.nordtec.se\/fi\/tuote\/mittauslaitteet\/ilmanvaihtolaite\/ilmavirtausmittari\/testo-440-dp-matset-med-varmtradsgivare-och-pitotror\/#primaryimage","url":"https:\/\/stage.nordtec.se\/wp-content\/uploads\/2022\/03\/testo-440dP-0140-4400.png","contentUrl":"https:\/\/stage.nordtec.se\/wp-content\/uploads\/2022\/03\/testo-440dP-0140-4400.png","width":800,"height":800,"caption":"M\u00e4tset med pitotr\u00f6r och 7,5 mm varmtr\u00e5dsgivare"},{"@type":"BreadcrumbList","@id":"https:\/\/stage.nordtec.se\/fi\/tuote\/mittauslaitteet\/ilmanvaihtolaite\/ilmavirtausmittari\/testo-440-dp-matset-med-varmtradsgivare-och-pitotror\/#breadcrumb","itemListElement":[{"@type":"ListItem","position":1,"name":"Hem","item":"https:\/\/stage.nordtec.se\/fi\/"},{"@type":"ListItem","position":2,"name":"Kauppa","item":"https:\/\/stage.nordtec.se\/produkter\/"},{"@type":"ListItem","position":3,"name":"testo 440 dP \u2013 m\u00e4tset med varmtr\u00e5dsgivare och pitotr\u00f6r"}]},{"@type":"WebSite","@id":"https:\/\/stage.nordtec.se\/fi\/#website","url":"https:\/\/stage.nordtec.se\/fi\/","name":"Nordtec","description":"Din partner inom m\u00e4tteknik","publisher":{"@id":"https:\/\/stage.nordtec.se\/fi\/#organization"},"potentialAction":[{"@type":"SearchAction","target":{"@type":"EntryPoint","urlTemplate":"https:\/\/stage.nordtec.se\/fi\/?s={search_term_string}"},"query-input":{"@type":"PropertyValueSpecification","valueRequired":true,"valueName":"search_term_string"}}],"inLanguage":"fi"},{"@type":"Organization","@id":"https:\/\/stage.nordtec.se\/fi\/#organization","name":"Nordtec Instrument AB","url":"https:\/\/stage.nordtec.se\/fi\/","logo":{"@type":"ImageObject","inLanguage":"fi","@id":"https:\/\/stage.nordtec.se\/fi\/#\/schema\/logo\/image\/","url":"https:\/\/stage.nordtec.se\/wp-content\/uploads\/2021\/08\/nordtec_logo_rgb-340px.png","contentUrl":"https:\/\/stage.nordtec.se\/wp-content\/uploads\/2021\/08\/nordtec_logo_rgb-340px.png","width":340,"height":75,"caption":"Nordtec Instrument AB"},"image":{"@id":"https:\/\/stage.nordtec.se\/fi\/#\/schema\/logo\/image\/"},"sameAs":["https:\/\/www.facebook.com\/nordtecinstrument","https:\/\/www.instagram.com\/nordtec_instrument\/","https:\/\/www.linkedin.com\/company\/nordtec-instrument-ab\/","https:\/\/www.youtube.com\/channel\/UCbmAq3ZmfBKOGg7_igFURng"]}]}},"taxonomy_info":{"product_brand":[{"value":1435,"label":"Testo"}],"product_cat":[{"value":164,"label":"Inneklimat &amp; Arbetsmilj\u00f6"},{"value":287,"label":"Klimatinstrument"},{"value":286,"label":"Luftfl\u00f6desm\u00e4tare"},{"value":49,"label":"M\u00e4tinstrument"},{"value":332,"label":"Ventilationsinstrument"},{"value":163,"label":"VVS &amp; Fastighet"}],"product_tag":[{"value":666,"label":"Bluetooth"},{"value":276,"label":"Pitotr\u00f6r"},{"value":191,"label":"Varmtr\u00e5d"},{"value":684,"label":"Ventilation"}]},"featured_image_src_large":["https:\/\/stage.nordtec.se\/wp-content\/uploads\/2022\/03\/testo-440dP-0140-4400.png",800,800,false],"author_info":[],"comment_info":"","_links":{"self":[{"href":"https:\/\/stage.nordtec.se\/fi\/wp-json\/wp\/v2\/product\/9073","targetHints":{"allow":["GET"]}}],"collection":[{"href":"https:\/\/stage.nordtec.se\/fi\/wp-json\/wp\/v2\/product"}],"about":[{"href":"https:\/\/stage.nordtec.se\/fi\/wp-json\/wp\/v2\/types\/product"}],"version-history":[{"count":9,"href":"https:\/\/stage.nordtec.se\/fi\/wp-json\/wp\/v2\/product\/9073\/revisions"}],"predecessor-version":[{"id":51375,"href":"https:\/\/stage.nordtec.se\/fi\/wp-json\/wp\/v2\/product\/9073\/revisions\/51375"}],"wp:featuredmedia":[{"embeddable":true,"href":"https:\/\/stage.nordtec.se\/fi\/wp-json\/wp\/v2\/media\/22936"}],"wp:attachment":[{"href":"https:\/\/stage.nordtec.se\/fi\/wp-json\/wp\/v2\/media?parent=9073"}],"wp:term":[{"taxonomy":"product_brand","embeddable":true,"href":"https:\/\/stage.nordtec.se\/fi\/wp-json\/wp\/v2\/product_brand?post=9073"},{"taxonomy":"product_cat","embeddable":true,"href":"https:\/\/stage.nordtec.se\/fi\/wp-json\/wp\/v2\/product_cat?post=9073"},{"taxonomy":"product_tag","embeddable":true,"href":"https:\/\/stage.nordtec.se\/fi\/wp-json\/wp\/v2\/product_tag?post=9073"}],"curies":[{"name":"wp","href":"https:\/\/api.w.org\/{rel}","templated":true}]}}