{"id":9063,"date":"2022-03-30T16:14:55","date_gmt":"2022-03-30T14:14:55","guid":{"rendered":"https:\/\/stage.nordtec.se\/produkter\/okategoriserad\/testo-400-inneklimatmatset\/"},"modified":"2025-12-05T13:08:48","modified_gmt":"2025-12-05T11:08:48","slug":"testo-400-matset-for-inneklimat","status":"publish","type":"product","link":"https:\/\/stage.nordtec.se\/fi\/tuote\/mittauslaitteet\/ilmanvaihtolaite\/ilmavirtausmittari\/testo-400-matset-for-inneklimat\/","title":{"rendered":"testo 400 \u2013 m\u00e4tset f\u00f6r inneklimat"},"content":{"rendered":"<h2>testo 400 \u2013 komplett m\u00e4tset f\u00f6r inneklimat- och komfortniv\u00e5 med stativ<\/h2>\n<p>testo 400 &#8211; Den nya generationens klimatinstrument. <strong>Smartare. Snabbare. B\u00e4ttre.<\/strong><\/p>\n<p><strong>Smartare<\/strong><br \/>\nDet m\u00e5ngsidiga klimatinstrumentet testo 400 och det stora sortimentet av precisionsgivare utvecklades med ett enda m\u00e5l i sikte: att g\u00f6ra alla m\u00e4tuppgifter p\u00e5 ventilationsomr\u00e5det enklare och mindre komplicerade \u00e4n n\u00e5gonsin tidigare.<\/p>\n<p><strong>Snabbare<\/strong><br \/>\nMed testo 400 kan du utf\u00f6ra arbetsuppgifter som tidigare endast var m\u00f6jliga med en PC och en programvara \u2013\u00a0direkt p\u00e5 platsen med bara ett m\u00e4tinstrument!<\/p>\n<p><strong>B\u00e4ttre<\/strong><br \/>\nMed testo 400 har du alltid din egen personliga assistent med dig. Ju mer kr\u00e4vande m\u00e4tningen \u00e4r\u00a0desto mer st\u00f6d f\u00e5r du fr\u00e5n hj\u00e4lpfunktionerna med inst\u00e4llning, m\u00e4tning och utv\u00e4rdering av resultaten.<\/p>\n<h2>F\u00f6rdelar med detta testo 400 m\u00e4tset<\/h2>\n<ul>\n<li>Best\u00e4mning av PMV\/PPD, drag och turbulensgrad med m\u00e4tstativ som ger dig m\u00f6jlighet at anv\u00e4nda upp till 3 givare samtidigt, med korrekt positionering i enlighet med g\u00e4llande standard.<\/li>\n<li>L\u00e5ngtidsm\u00e4tningar i upp till 2 veckor kan utf\u00f6ras med hj\u00e4lp av IAQ-dataloggern (best\u00e4lles separat), frist\u00e5ende fr\u00e5n testo 400.<\/li>\n<li>Kan n\u00e4r som helst byggas ut med en stort sortiment av digitala givare.<\/li>\n<li>I den praktiska mjuka v\u00e4skan som medf\u00f6ljer f\u00e5r b\u00e5de stativet och globgivaren plats.<\/li>\n<\/ul>\n<p>Det h\u00e4r m\u00e4tsetet \u00e4r den perfekta utrustningen f\u00f6r alla som arbetar med att analysera luftkvalitet och komfortniv\u00e5 inomhus. Instrumentet assisterar dig med f\u00e4rdiga m\u00e4tmenyer och utv\u00e4rderar m\u00e4tresultaten med trafikljusprincip \u2013 f\u00f6r felfria m\u00e4tningar. Du kan hantera alla relevanta kunduppgifter, inklusive m\u00e4tpunkter, direkt i instrumentet och kan allts\u00e5 arbeta effektivt, direkt p\u00e5 m\u00e4tplatsen. Givarna kan bytas snabbt och enkelt utan att instrumentet beh\u00f6ver startas om. Kalibrering av givare sker helt oberoende av m\u00e4tinstrumentet, vilket inneb\u00e4r att du kan forts\u00e4tta anv\u00e4nda instrumentet tillsammans med andra givare.<\/p>\n<h2>Maxad luftfl\u00f6desm\u00e4tning<\/h2>\n<ul>\n<li><strong>Vill du se luftfl\u00f6det i l\/s eller m3\/h<\/strong> kan instrumentet enkelt ber\u00e4kna och visa detta enligt g\u00e4llande standarder.<\/li>\n<li>Du har alltid alla m\u00e4tplatser med dig, klara att anv\u00e4ndas.<\/li>\n<li>Tr\u00e5dl\u00f6sa Bluetooth-givare f\u00f6r maximal r\u00f6relsefrihet p\u00e5 jobbet.<\/li>\n<li>Du avslutar enkelt med en f\u00e4rdig rapport direkt p\u00e5 platsen.<\/li>\n<\/ul>\n<h2>Maxad m\u00e4tning i laboratorier, renrum och industri<\/h2>\n<ul>\n<li>Hj\u00e4lpfunktion f\u00f6r PMV\/PPD-m\u00e4tningar och best\u00e4mning av dragniv\u00e5er.<\/li>\n<li>IAQ-datalogger (tillval) f\u00f6r l\u00e5ngtidsm\u00e4tning av inneklimatet, oberoende av instrumentet.<\/li>\n<li>G\u00f6r antingen klart rapporten direkt p\u00e5 platsen eller senare p\u00e5 en PC.<\/li>\n<\/ul>\n<h2>Maxad komfortniv\u00e5m\u00e4tning<\/h2>\n<ul>\n<li>H\u00f6gsta precision, s\u00e4rskilt f\u00f6r tryck- och temperaturm\u00e4tningar.<\/li>\n<li>Visa alla m\u00e4tningar i tabell- och diagramformat.<\/li>\n<li>Nollfeljustering i instrumentet f\u00f6r \u00e4nnu noggrannare m\u00e4tningar.<\/li>\n<\/ul>\n<h2>Gemensamt givarsortiment med testo 440<\/h2>\n<p>Givarsortimentet till den m\u00e5ngsidiga inneklimatm\u00e4taren testo 400 \u00e4r gemensamt med testo 440. Det inneb\u00e4r att du kan bygga ut din verktygsl\u00e5da efterhand och inte beh\u00f6ver skaffa nya givare om du investerar i b\u00e5da instrumenten.<\/p>\n<h2>I leveransen ing\u00e5r<\/h2>\n<ul>\n<li>Inneklimatm\u00e4taren testo 400, PC-programmet testo DataControl, silikonslangar, n\u00e4taggregat med USB-kabel och fabriksprotokoll<\/li>\n<li>CO2-givare med Bluetooth\u00ae, inkl. temperatur- och fuktsensor (inkl. CO2-givare och Bluetooth\u00ae-handtag), 4 st. AA-batterier, bordsstativ och fabriksprotokoll<\/li>\n<li>Turbulensgivare med fast kabel, inklusive fabriksprotokoll<\/li>\n<li>Globgivare \u00d8 150 mm med fast kabel, TE typ K, f\u00f6r m\u00e4tning av str\u00e5lningsv\u00e4rme<\/li>\n<li>M\u00e4tstativ f\u00f6r komfortniv\u00e5m\u00e4tning, best\u00e5ende av hopvikbart stativ, monteringsst\u00e5ng, 4 givarh\u00e5llare, inklusive v\u00e4ska<\/li>\n<li>testo 400 servicev\u00e4ska f\u00f6r komfortniv\u00e5m\u00e4tning<\/li>\n<\/ul>\n<p><span class=\"ui-provider ed ayd aye ayf ayg ayh ayi ayj ayk ayl aym ayn ayo ayp ayq ayr ays ayt ayu ayv ayw ayx ayy ayz aza azb azc azd aze azf azg azh azi azj azk\" dir=\"ltr\"><strong>Fabriksprotokoll:<\/strong>\u00a0utf\u00e4rdas p\u00e5 fabriken efter en kontroll av att produkten fungerar och uppfyller angiven m\u00e4tnoggrannhet. L\u00e4s om <a href=\"https:\/\/stage.nordtec.se\/kalibrering\/iso-9001-kraver-kalibrerad-matutrustning\/\"><u>skillnaden mellan fabriksprotokoll och ackrediterad kalibrering<\/u><\/a>.<\/span><\/p>\n<!-- Shortcode [ventilationskampanj] does not exist -->\n<h2>testo DataControl till testo 400<\/h2>\n<p>testo DataControl till testo 400 kan anv\u00e4ndas f\u00f6r kund- och m\u00e4tplatshantering och har avancerade analys- och arkiveringsfunktioner. Om du redan har en befintlig version installerad p\u00e5 din PC, kommer den att uppdateras till den senaste versionen.<\/p>\n<p>PC-programmet DataControl kan du ladda ned fr\u00e5n fliken &#8221;<strong>Nedladdning<\/strong>&#8221;.<\/p>\n","protected":false},"excerpt":{"rendered":"<p>M\u00e4tset med klimatinstrumentet testo 400 f\u00f6r inneklimatproffs<\/p>\n<ul>\n<li>Best\u00e4mning av komfortniv\u00e5-parametrarna PMV\/PPD<\/li>\n<li>M\u00e4tning av av drag och turbulensgrad<\/li>\n<li>Visa luftfl\u00f6det i l\/s eller m3\/h<\/li>\n<li>M\u00e4tning av CO2-halt, luftfuktighet, lufttemperatur<\/li>\n<li>M\u00e4tning av str\u00e5lningsv\u00e4rme med globgivare<\/li>\n<\/ul>\n","protected":false},"featured_media":17114,"template":"","meta":{"_kad_blocks_custom_css":"","_kad_blocks_head_custom_js":"","_kad_blocks_body_custom_js":"","_kad_blocks_footer_custom_js":"","footnotes":""},"product_brand":[1435],"product_cat":[164,287,286,49,332,163],"product_tag":[666,683],"class_list":{"0":"post-9063","1":"product","2":"type-product","3":"status-publish","4":"has-post-thumbnail","6":"product_brand-testo","7":"product_cat-inneklimat-arbetsmiljo","8":"product_cat-klimatinstrument","9":"product_cat-luftflodesmatare","10":"product_cat-matinstrument","11":"product_cat-ventilationsinstrument","12":"product_cat-vvs-fastighet","13":"product_tag-bluetooth","14":"product_tag-inneklimat","16":"first","17":"onbackorder","18":"taxable","19":"shipping-taxable","20":"purchasable","21":"product-type-simple"},"yoast_head":"<!-- This site is optimized with the Yoast SEO Premium plugin v25.8 (Yoast SEO v27.4) - https:\/\/yoast.com\/product\/yoast-seo-premium-wordpress\/ -->\n<title>testo 400 \u2013 m\u00e4tset f\u00f6r inneklimat | Nordtec<\/title>\n<meta name=\"description\" content=\"M\u00e4tset med klimatinstrumentet testo 400 f\u00f6r inneklimatproffs \u2713 Visa luftfl\u00f6det i l\/s eller m3\/h \u2713 CO2, luftfuktighet, lufttemperatur, str\u00e5lningsv\u00e4rme\" \/>\n<meta name=\"robots\" content=\"noindex, follow, max-snippet:-1, max-image-preview:large, max-video-preview:-1\" \/>\n<meta property=\"og:locale\" content=\"fi_FI\" \/>\n<meta property=\"og:type\" content=\"article\" \/>\n<meta property=\"og:title\" content=\"testo 400 \u2013 m\u00e4tset f\u00f6r inneklimat\" \/>\n<meta property=\"og:description\" content=\"M\u00e4tset med klimatinstrumentet testo 400 f\u00f6r inneklimatproffs \u2713 Visa luftfl\u00f6det i l\/s eller m3\/h \u2713 CO2, luftfuktighet, lufttemperatur, str\u00e5lningsv\u00e4rme\" \/>\n<meta property=\"og:url\" content=\"https:\/\/stage.nordtec.se\/fi\/tuote\/mittauslaitteet\/ilmanvaihtolaite\/ilmavirtausmittari\/testo-400-matset-for-inneklimat\/\" \/>\n<meta property=\"og:site_name\" content=\"Nordtec\" \/>\n<meta property=\"article:publisher\" content=\"https:\/\/www.facebook.com\/nordtecinstrument\" \/>\n<meta property=\"article:modified_time\" content=\"2025-12-05T11:08:48+00:00\" \/>\n<meta property=\"og:image\" content=\"https:\/\/stage.nordtec.se\/wp-content\/uploads\/2022\/03\/set-0563-0401_800px.png\" \/>\n\t<meta property=\"og:image:width\" content=\"800\" \/>\n\t<meta property=\"og:image:height\" content=\"800\" \/>\n\t<meta property=\"og:image:type\" content=\"image\/png\" \/>\n<meta name=\"twitter:card\" content=\"summary_large_image\" \/>\n<meta name=\"twitter:label1\" content=\"Arvioitu lukuaika\" \/>\n\t<meta name=\"twitter:data1\" content=\"4 minuuttia\" \/>\n<script type=\"application\/ld+json\" class=\"yoast-schema-graph\">{\"@context\":\"https:\\\/\\\/schema.org\",\"@graph\":[{\"@type\":[\"WebPage\",\"ItemPage\"],\"@id\":\"https:\\\/\\\/stage.nordtec.se\\\/fi\\\/tuote\\\/mittauslaitteet\\\/ilmanvaihtolaite\\\/ilmavirtausmittari\\\/testo-400-matset-for-inneklimat\\\/\",\"url\":\"https:\\\/\\\/stage.nordtec.se\\\/fi\\\/tuote\\\/mittauslaitteet\\\/ilmanvaihtolaite\\\/ilmavirtausmittari\\\/testo-400-matset-for-inneklimat\\\/\",\"name\":\"testo 400 \u2013 m\u00e4tset f\u00f6r inneklimat | Nordtec\",\"isPartOf\":{\"@id\":\"https:\\\/\\\/stage.nordtec.se\\\/fi\\\/#website\"},\"primaryImageOfPage\":{\"@id\":\"https:\\\/\\\/stage.nordtec.se\\\/fi\\\/tuote\\\/mittauslaitteet\\\/ilmanvaihtolaite\\\/ilmavirtausmittari\\\/testo-400-matset-for-inneklimat\\\/#primaryimage\"},\"image\":{\"@id\":\"https:\\\/\\\/stage.nordtec.se\\\/fi\\\/tuote\\\/mittauslaitteet\\\/ilmanvaihtolaite\\\/ilmavirtausmittari\\\/testo-400-matset-for-inneklimat\\\/#primaryimage\"},\"thumbnailUrl\":\"https:\\\/\\\/stage.nordtec.se\\\/wp-content\\\/uploads\\\/2022\\\/03\\\/set-0563-0401_800px.png\",\"datePublished\":\"2022-03-30T14:14:55+00:00\",\"dateModified\":\"2025-12-05T11:08:48+00:00\",\"description\":\"M\u00e4tset med klimatinstrumentet testo 400 f\u00f6r inneklimatproffs \u2713 Visa luftfl\u00f6det i l\\\/s eller m3\\\/h \u2713 CO2, luftfuktighet, lufttemperatur, str\u00e5lningsv\u00e4rme\",\"breadcrumb\":{\"@id\":\"https:\\\/\\\/stage.nordtec.se\\\/fi\\\/tuote\\\/mittauslaitteet\\\/ilmanvaihtolaite\\\/ilmavirtausmittari\\\/testo-400-matset-for-inneklimat\\\/#breadcrumb\"},\"inLanguage\":\"fi\",\"potentialAction\":[{\"@type\":\"ReadAction\",\"target\":[\"https:\\\/\\\/stage.nordtec.se\\\/fi\\\/tuote\\\/mittauslaitteet\\\/ilmanvaihtolaite\\\/ilmavirtausmittari\\\/testo-400-matset-for-inneklimat\\\/\"]}]},{\"@type\":\"ImageObject\",\"inLanguage\":\"fi\",\"@id\":\"https:\\\/\\\/stage.nordtec.se\\\/fi\\\/tuote\\\/mittauslaitteet\\\/ilmanvaihtolaite\\\/ilmavirtausmittari\\\/testo-400-matset-for-inneklimat\\\/#primaryimage\",\"url\":\"https:\\\/\\\/stage.nordtec.se\\\/wp-content\\\/uploads\\\/2022\\\/03\\\/set-0563-0401_800px.png\",\"contentUrl\":\"https:\\\/\\\/stage.nordtec.se\\\/wp-content\\\/uploads\\\/2022\\\/03\\\/set-0563-0401_800px.png\",\"width\":800,\"height\":800,\"caption\":\"M\u00e4tset inneklimat testo 400 - 0563 0401\"},{\"@type\":\"BreadcrumbList\",\"@id\":\"https:\\\/\\\/stage.nordtec.se\\\/fi\\\/tuote\\\/mittauslaitteet\\\/ilmanvaihtolaite\\\/ilmavirtausmittari\\\/testo-400-matset-for-inneklimat\\\/#breadcrumb\",\"itemListElement\":[{\"@type\":\"ListItem\",\"position\":1,\"name\":\"Hem\",\"item\":\"https:\\\/\\\/stage.nordtec.se\\\/fi\\\/\"},{\"@type\":\"ListItem\",\"position\":2,\"name\":\"Kauppa\",\"item\":\"https:\\\/\\\/stage.nordtec.se\\\/produkter\\\/\"},{\"@type\":\"ListItem\",\"position\":3,\"name\":\"testo 400 \u2013 m\u00e4tset f\u00f6r inneklimat\"}]},{\"@type\":\"WebSite\",\"@id\":\"https:\\\/\\\/stage.nordtec.se\\\/fi\\\/#website\",\"url\":\"https:\\\/\\\/stage.nordtec.se\\\/fi\\\/\",\"name\":\"Nordtec\",\"description\":\"Din partner inom m\u00e4tteknik\",\"publisher\":{\"@id\":\"https:\\\/\\\/stage.nordtec.se\\\/fi\\\/#organization\"},\"potentialAction\":[{\"@type\":\"SearchAction\",\"target\":{\"@type\":\"EntryPoint\",\"urlTemplate\":\"https:\\\/\\\/stage.nordtec.se\\\/fi\\\/?s={search_term_string}\"},\"query-input\":{\"@type\":\"PropertyValueSpecification\",\"valueRequired\":true,\"valueName\":\"search_term_string\"}}],\"inLanguage\":\"fi\"},{\"@type\":\"Organization\",\"@id\":\"https:\\\/\\\/stage.nordtec.se\\\/fi\\\/#organization\",\"name\":\"Nordtec Instrument AB\",\"url\":\"https:\\\/\\\/stage.nordtec.se\\\/fi\\\/\",\"logo\":{\"@type\":\"ImageObject\",\"inLanguage\":\"fi\",\"@id\":\"https:\\\/\\\/stage.nordtec.se\\\/fi\\\/#\\\/schema\\\/logo\\\/image\\\/\",\"url\":\"https:\\\/\\\/stage.nordtec.se\\\/wp-content\\\/uploads\\\/2021\\\/08\\\/nordtec_logo_rgb-340px.png\",\"contentUrl\":\"https:\\\/\\\/stage.nordtec.se\\\/wp-content\\\/uploads\\\/2021\\\/08\\\/nordtec_logo_rgb-340px.png\",\"width\":340,\"height\":75,\"caption\":\"Nordtec Instrument AB\"},\"image\":{\"@id\":\"https:\\\/\\\/stage.nordtec.se\\\/fi\\\/#\\\/schema\\\/logo\\\/image\\\/\"},\"sameAs\":[\"https:\\\/\\\/www.facebook.com\\\/nordtecinstrument\",\"https:\\\/\\\/www.instagram.com\\\/nordtec_instrument\\\/\",\"https:\\\/\\\/www.linkedin.com\\\/company\\\/nordtec-instrument-ab\\\/\",\"https:\\\/\\\/www.youtube.com\\\/channel\\\/UCbmAq3ZmfBKOGg7_igFURng\"]}]}<\/script>\n<!-- \/ Yoast SEO Premium plugin. -->","yoast_head_json":{"title":"testo 400 \u2013 m\u00e4tset f\u00f6r inneklimat | Nordtec","description":"M\u00e4tset med klimatinstrumentet testo 400 f\u00f6r inneklimatproffs \u2713 Visa luftfl\u00f6det i l\/s eller m3\/h \u2713 CO2, luftfuktighet, lufttemperatur, str\u00e5lningsv\u00e4rme","robots":{"index":"noindex","follow":"follow","max-snippet":"max-snippet:-1","max-image-preview":"max-image-preview:large","max-video-preview":"max-video-preview:-1"},"og_locale":"fi_FI","og_type":"article","og_title":"testo 400 \u2013 m\u00e4tset f\u00f6r inneklimat","og_description":"M\u00e4tset med klimatinstrumentet testo 400 f\u00f6r inneklimatproffs \u2713 Visa luftfl\u00f6det i l\/s eller m3\/h \u2713 CO2, luftfuktighet, lufttemperatur, str\u00e5lningsv\u00e4rme","og_url":"https:\/\/stage.nordtec.se\/fi\/tuote\/mittauslaitteet\/ilmanvaihtolaite\/ilmavirtausmittari\/testo-400-matset-for-inneklimat\/","og_site_name":"Nordtec","article_publisher":"https:\/\/www.facebook.com\/nordtecinstrument","article_modified_time":"2025-12-05T11:08:48+00:00","og_image":[{"width":800,"height":800,"url":"https:\/\/stage.nordtec.se\/wp-content\/uploads\/2022\/03\/set-0563-0401_800px.png","type":"image\/png"}],"twitter_card":"summary_large_image","twitter_misc":{"Arvioitu lukuaika":"4 minuuttia"},"schema":{"@context":"https:\/\/schema.org","@graph":[{"@type":["WebPage","ItemPage"],"@id":"https:\/\/stage.nordtec.se\/fi\/tuote\/mittauslaitteet\/ilmanvaihtolaite\/ilmavirtausmittari\/testo-400-matset-for-inneklimat\/","url":"https:\/\/stage.nordtec.se\/fi\/tuote\/mittauslaitteet\/ilmanvaihtolaite\/ilmavirtausmittari\/testo-400-matset-for-inneklimat\/","name":"testo 400 \u2013 m\u00e4tset f\u00f6r inneklimat | Nordtec","isPartOf":{"@id":"https:\/\/stage.nordtec.se\/fi\/#website"},"primaryImageOfPage":{"@id":"https:\/\/stage.nordtec.se\/fi\/tuote\/mittauslaitteet\/ilmanvaihtolaite\/ilmavirtausmittari\/testo-400-matset-for-inneklimat\/#primaryimage"},"image":{"@id":"https:\/\/stage.nordtec.se\/fi\/tuote\/mittauslaitteet\/ilmanvaihtolaite\/ilmavirtausmittari\/testo-400-matset-for-inneklimat\/#primaryimage"},"thumbnailUrl":"https:\/\/stage.nordtec.se\/wp-content\/uploads\/2022\/03\/set-0563-0401_800px.png","datePublished":"2022-03-30T14:14:55+00:00","dateModified":"2025-12-05T11:08:48+00:00","description":"M\u00e4tset med klimatinstrumentet testo 400 f\u00f6r inneklimatproffs \u2713 Visa luftfl\u00f6det i l\/s eller m3\/h \u2713 CO2, luftfuktighet, lufttemperatur, str\u00e5lningsv\u00e4rme","breadcrumb":{"@id":"https:\/\/stage.nordtec.se\/fi\/tuote\/mittauslaitteet\/ilmanvaihtolaite\/ilmavirtausmittari\/testo-400-matset-for-inneklimat\/#breadcrumb"},"inLanguage":"fi","potentialAction":[{"@type":"ReadAction","target":["https:\/\/stage.nordtec.se\/fi\/tuote\/mittauslaitteet\/ilmanvaihtolaite\/ilmavirtausmittari\/testo-400-matset-for-inneklimat\/"]}]},{"@type":"ImageObject","inLanguage":"fi","@id":"https:\/\/stage.nordtec.se\/fi\/tuote\/mittauslaitteet\/ilmanvaihtolaite\/ilmavirtausmittari\/testo-400-matset-for-inneklimat\/#primaryimage","url":"https:\/\/stage.nordtec.se\/wp-content\/uploads\/2022\/03\/set-0563-0401_800px.png","contentUrl":"https:\/\/stage.nordtec.se\/wp-content\/uploads\/2022\/03\/set-0563-0401_800px.png","width":800,"height":800,"caption":"M\u00e4tset inneklimat testo 400 - 0563 0401"},{"@type":"BreadcrumbList","@id":"https:\/\/stage.nordtec.se\/fi\/tuote\/mittauslaitteet\/ilmanvaihtolaite\/ilmavirtausmittari\/testo-400-matset-for-inneklimat\/#breadcrumb","itemListElement":[{"@type":"ListItem","position":1,"name":"Hem","item":"https:\/\/stage.nordtec.se\/fi\/"},{"@type":"ListItem","position":2,"name":"Kauppa","item":"https:\/\/stage.nordtec.se\/produkter\/"},{"@type":"ListItem","position":3,"name":"testo 400 \u2013 m\u00e4tset f\u00f6r inneklimat"}]},{"@type":"WebSite","@id":"https:\/\/stage.nordtec.se\/fi\/#website","url":"https:\/\/stage.nordtec.se\/fi\/","name":"Nordtec","description":"Din partner inom m\u00e4tteknik","publisher":{"@id":"https:\/\/stage.nordtec.se\/fi\/#organization"},"potentialAction":[{"@type":"SearchAction","target":{"@type":"EntryPoint","urlTemplate":"https:\/\/stage.nordtec.se\/fi\/?s={search_term_string}"},"query-input":{"@type":"PropertyValueSpecification","valueRequired":true,"valueName":"search_term_string"}}],"inLanguage":"fi"},{"@type":"Organization","@id":"https:\/\/stage.nordtec.se\/fi\/#organization","name":"Nordtec Instrument AB","url":"https:\/\/stage.nordtec.se\/fi\/","logo":{"@type":"ImageObject","inLanguage":"fi","@id":"https:\/\/stage.nordtec.se\/fi\/#\/schema\/logo\/image\/","url":"https:\/\/stage.nordtec.se\/wp-content\/uploads\/2021\/08\/nordtec_logo_rgb-340px.png","contentUrl":"https:\/\/stage.nordtec.se\/wp-content\/uploads\/2021\/08\/nordtec_logo_rgb-340px.png","width":340,"height":75,"caption":"Nordtec Instrument AB"},"image":{"@id":"https:\/\/stage.nordtec.se\/fi\/#\/schema\/logo\/image\/"},"sameAs":["https:\/\/www.facebook.com\/nordtecinstrument","https:\/\/www.instagram.com\/nordtec_instrument\/","https:\/\/www.linkedin.com\/company\/nordtec-instrument-ab\/","https:\/\/www.youtube.com\/channel\/UCbmAq3ZmfBKOGg7_igFURng"]}]}},"taxonomy_info":{"product_brand":[{"value":1435,"label":"Testo"}],"product_cat":[{"value":164,"label":"Inneklimat &amp; Arbetsmilj\u00f6"},{"value":287,"label":"Klimatinstrument"},{"value":286,"label":"Luftfl\u00f6desm\u00e4tare"},{"value":49,"label":"M\u00e4tinstrument"},{"value":332,"label":"Ventilationsinstrument"},{"value":163,"label":"VVS &amp; Fastighet"}],"product_tag":[{"value":666,"label":"Bluetooth"},{"value":683,"label":"Inneklimat"}]},"featured_image_src_large":["https:\/\/stage.nordtec.se\/wp-content\/uploads\/2022\/03\/set-0563-0401_800px.png",800,800,false],"author_info":[],"comment_info":"","_links":{"self":[{"href":"https:\/\/stage.nordtec.se\/fi\/wp-json\/wp\/v2\/product\/9063","targetHints":{"allow":["GET"]}}],"collection":[{"href":"https:\/\/stage.nordtec.se\/fi\/wp-json\/wp\/v2\/product"}],"about":[{"href":"https:\/\/stage.nordtec.se\/fi\/wp-json\/wp\/v2\/types\/product"}],"version-history":[{"count":11,"href":"https:\/\/stage.nordtec.se\/fi\/wp-json\/wp\/v2\/product\/9063\/revisions"}],"predecessor-version":[{"id":51367,"href":"https:\/\/stage.nordtec.se\/fi\/wp-json\/wp\/v2\/product\/9063\/revisions\/51367"}],"wp:featuredmedia":[{"embeddable":true,"href":"https:\/\/stage.nordtec.se\/fi\/wp-json\/wp\/v2\/media\/17114"}],"wp:attachment":[{"href":"https:\/\/stage.nordtec.se\/fi\/wp-json\/wp\/v2\/media?parent=9063"}],"wp:term":[{"taxonomy":"product_brand","embeddable":true,"href":"https:\/\/stage.nordtec.se\/fi\/wp-json\/wp\/v2\/product_brand?post=9063"},{"taxonomy":"product_cat","embeddable":true,"href":"https:\/\/stage.nordtec.se\/fi\/wp-json\/wp\/v2\/product_cat?post=9063"},{"taxonomy":"product_tag","embeddable":true,"href":"https:\/\/stage.nordtec.se\/fi\/wp-json\/wp\/v2\/product_tag?post=9063"}],"curies":[{"name":"wp","href":"https:\/\/api.w.org\/{rel}","templated":true}]}}