{"id":9060,"date":"2022-03-30T16:14:55","date_gmt":"2022-03-30T14:14:55","guid":{"rendered":"https:\/\/stage.nordtec.se\/produkter\/okategoriserad\/testo-400-ventilationsmatset\/"},"modified":"2025-12-05T13:10:34","modified_gmt":"2025-12-05T11:10:34","slug":"testo-400-matset-for-ventilation","status":"publish","type":"product","link":"https:\/\/stage.nordtec.se\/fi\/tuote\/mittauslaitteet\/ilmanvaihtolaite\/ilmavirtausmittari\/testo-400-matset-for-ventilation\/","title":{"rendered":"testo 400 \u2013 m\u00e4tset f\u00f6r ventilation"},"content":{"rendered":"<h2>testo 400 \u2013 M\u00e4tset f\u00f6r ventilationsm\u00e4tningar<\/h2>\n<p>Den nya generationens klimatinstrument. <strong>Smartare. Snabbare. B\u00e4ttre.<\/strong><\/p>\n<p><strong>Smartare<\/strong><br \/>\nDet m\u00e5ngsidiga klimatinstrumentet testo 400 och det stora sortimentet av precisionsgivare utvecklades med ett enda m\u00e5l i sikte: att g\u00f6ra alla m\u00e4tuppgifter p\u00e5 ventilationsomr\u00e5det enklare och mindre komplicerade \u00e4n n\u00e5gonsin tidigare.<\/p>\n<p><strong>Snabbare<\/strong><br \/>\nMed testo 400 kan du utf\u00f6ra arbetsuppgifter som tidigare endast var m\u00f6jliga med en PC och en programvara \u2013\u00a0direkt p\u00e5 platsen med bara ett m\u00e4tinstrument!<\/p>\n<p><strong>B\u00e4ttre<\/strong><br \/>\nMed testo 400 har du alltid din egen personliga assistent med dig. Ju mer kr\u00e4vande m\u00e4tningen \u00e4r\u00a0desto mer st\u00f6d f\u00e5r du fr\u00e5n hj\u00e4lpfunktionerna med inst\u00e4llning, m\u00e4tning och utv\u00e4rdering av resultaten.<\/p>\n<h2>F\u00f6rdelar med detta testo 400 m\u00e4tset<\/h2>\n<ul>\n<li>F\u00e4rdiga m\u00e4tmenyer f\u00f6r luftfl\u00f6des- och rutn\u00e4tsm\u00e4tningar enligt g\u00e4llande standarder.<\/li>\n<li>Du kan avsluta arbetet med en f\u00e4rdig rapport till kunden direkt p\u00e5 platsen.<\/li>\n<li>M\u00e4tsetet kan n\u00e4r som helst byggas ut med ett stort sortiment av digitala givare.<\/li>\n<li>I den praktiska servicev\u00e4skan som medf\u00f6ljer finns formgjutna platser f\u00f6r specifika\u00a0givare och tillbeh\u00f6r.<\/li>\n<\/ul>\n<p>Det h\u00e4r m\u00e4tsetet \u00e4r till f\u00f6r dig som arbetar med uppm\u00e4tning och injustering av ventilationsanl\u00e4ggningar. Instrumentet assisterar dig med f\u00e4rdiga m\u00e4tmenyer och utv\u00e4rderar m\u00e4tresultaten med trafikljusprincip \u2013 f\u00f6r felfria m\u00e4tningar. Du kan hantera alla relevanta kunduppgifter, inklusive m\u00e4tpunkter, direkt i instrumentet och kan allts\u00e5 arbeta effektivt, direkt p\u00e5 m\u00e4tplatsen. Givarna kan bytas snabbt och enkelt utan att instrumentet beh\u00f6ver startas om. Kalibrering av givare sker helt oberoende av m\u00e4tinstrumentet, vilket inneb\u00e4r att du kan forts\u00e4tta anv\u00e4nda instrumentet tillsammans med andra givare.<\/p>\n<h2>Maxad luftfl\u00f6desm\u00e4tning<\/h2>\n<ul>\n<li><strong>Vill du se luftfl\u00f6det i l\/s eller m3\/h<\/strong> kan instrumentet enkelt ber\u00e4kna och visa detta enligt g\u00e4llande standarder.<\/li>\n<li>Du har alltid alla m\u00e4tplatser med dig, klara att anv\u00e4ndas.<\/li>\n<li>Tr\u00e5dl\u00f6sa Bluetooth-givare f\u00f6r maximal r\u00f6relsefrihet p\u00e5 jobbet.<\/li>\n<li>Du avslutar enkelt med en f\u00e4rdig rapport direkt p\u00e5 platsen.<\/li>\n<\/ul>\n<h2>Maxad m\u00e4tning i laboratorier, renrum och industri<\/h2>\n<ul>\n<li>Hj\u00e4lpfunktion f\u00f6r PMV\/PPD-m\u00e4tningar och best\u00e4mning av dragniv\u00e5er.<\/li>\n<li>IAQ-datalogger (tillval) f\u00f6r l\u00e5ngtidsm\u00e4tning av inneklimatet, oberoende av instrumentet.<\/li>\n<li>G\u00f6r antingen klart rapporten direkt p\u00e5 platsen eller senare p\u00e5 en PC.<\/li>\n<\/ul>\n<h2>Maxad komfortniv\u00e5m\u00e4tning<\/h2>\n<ul>\n<li>H\u00f6gsta precision, s\u00e4rskilt f\u00f6r tryck- och temperaturm\u00e4tningar.<\/li>\n<li>Visa alla m\u00e4tningar i tabell- och diagramformat.<\/li>\n<li>Nollfeljustering i instrumentet f\u00f6r \u00e4nnu noggrannare m\u00e4tningar.<\/li>\n<\/ul>\n<h2>Gemensamt givarsortiment med testo 440<\/h2>\n<p>Givarsortimentet till den m\u00e5ngsidiga inneklimatm\u00e4taren testo 400 \u00e4r gemensamt med testo 440. Det inneb\u00e4r att du kan bygga ut din verktygsl\u00e5da efterhand och inte beh\u00f6ver skaffa nya givare om du investerar i b\u00e5da instrumenten.<\/p>\n<h2>I leveransen ing\u00e5r<\/h2>\n<ul>\n<li>Multi-instrumentet testo 400, PC-programmet testo DataControl, silikonslangar, n\u00e4taggregat med USB-kabel och fabriksprotokoll<\/li>\n<li>Varmtr\u00e5dsgivare (\u00d8 7,5 mm), med fast kabel och teleskop, inkl. temperatursensor<\/li>\n<li>Pitotr\u00f6r (prandtlr\u00f6r), l\u00e4ngd 350 mm, \u00d8 7 mm, f\u00f6rnicklad m\u00e4ssing<\/li>\n<li>Kalibreringscertifikat f\u00f6r differenstryck: 10 punkter i m\u00e4tomr\u00e5det 0 &#8230; 500 Pa<\/li>\n<li>Kalibreringscertifikat f\u00f6r varmtr\u00e5dsanemometer: 1\/2\/3\/5\/8\/10 m\/s<\/li>\n<li>Servicev\u00e4ska f\u00f6r ventilationsm\u00e4tningar<\/li>\n<\/ul>\n<p><span class=\"ui-provider ed ayd aye ayf ayg ayh ayi ayj ayk ayl aym ayn ayo ayp ayq ayr ays ayt ayu ayv ayw ayx ayy ayz aza azb azc azd aze azf azg azh azi azj azk\" dir=\"ltr\"><strong>Fabriksprotokoll:<\/strong>\u00a0utf\u00e4rdas p\u00e5 fabriken efter en kontroll av att produkten fungerar och uppfyller angiven m\u00e4tnoggrannhet. L\u00e4s om <a href=\"https:\/\/stage.nordtec.se\/kalibrering\/iso-9001-kraver-kalibrerad-matutrustning\/\"><u>skillnaden mellan fabriksprotokoll och ackrediterad kalibrering<\/u><\/a>.<\/span><\/p>\n<!-- Shortcode [ventilationskampanj] does not exist -->\n<h2>testo DataControl till testo 400<\/h2>\n<p>testo DataControl till testo 400 kan anv\u00e4ndas f\u00f6r kund- och m\u00e4tplatshantering och har avancerade analys- och arkiveringsfunktioner. Om du redan har en befintlig version installerad p\u00e5 din PC, kommer den att uppdateras till den senaste versionen.<\/p>\n<p>PC-programmet DataControl kan laddas ned fr\u00e5n fliken &#8221;<strong>Nedladdning<\/strong>&#8221;.<\/p>\n","protected":false},"excerpt":{"rendered":"<p data-block-type=\"core\">M\u00e4tset med klimatinstrumentet testo 400 f\u00f6r ventilationsproffs.<\/p>\n<ul>\n<li>M\u00e4tning av lufthastighet och luftfl\u00f6de p\u00e5 don och i kanaler<\/li>\n<li>Visa luftfl\u00f6det i l\/s eller m3\/h<\/li>\n<li>Varmtr\u00e5dsgivare (\u00d8 7,5 mm) med teleskop och fast kabel medf\u00f6ljer<\/li>\n<\/ul>\n","protected":false},"featured_media":25483,"template":"","meta":{"_kad_blocks_custom_css":"","_kad_blocks_head_custom_js":"","_kad_blocks_body_custom_js":"","_kad_blocks_footer_custom_js":"","footnotes":""},"product_brand":[1435],"product_cat":[287,286,49,332,163],"product_tag":[276,191,684],"class_list":{"0":"post-9060","1":"product","2":"type-product","3":"status-publish","4":"has-post-thumbnail","6":"product_brand-testo","7":"product_cat-klimatinstrument","8":"product_cat-luftflodesmatare","9":"product_cat-matinstrument","10":"product_cat-ventilationsinstrument","11":"product_cat-vvs-fastighet","12":"product_tag-pitotror","13":"product_tag-varmtrad","14":"product_tag-ventilation","16":"first","17":"onbackorder","18":"taxable","19":"shipping-taxable","20":"purchasable","21":"product-type-simple"},"yoast_head":"<!-- This site is optimized with the Yoast SEO Premium plugin v25.8 (Yoast SEO v27.4) - https:\/\/yoast.com\/product\/yoast-seo-premium-wordpress\/ -->\n<title>testo 400 \u2013 m\u00e4tset f\u00f6r ventilation | Nordtec<\/title>\n<meta name=\"description\" content=\"M\u00e4tset med klimatinstrumentet testo 400 f\u00f6r ventilationsproffs \u2713 M\u00e4tning p\u00e5 don och i kanaler \u2713 Visa luftfl\u00f6det i l\/s eller m3\/h\" \/>\n<meta name=\"robots\" content=\"noindex, follow, max-snippet:-1, max-image-preview:large, max-video-preview:-1\" \/>\n<meta property=\"og:locale\" content=\"fi_FI\" \/>\n<meta property=\"og:type\" content=\"article\" \/>\n<meta property=\"og:title\" content=\"testo 400 \u2013 m\u00e4tset f\u00f6r ventilation\" \/>\n<meta property=\"og:description\" content=\"M\u00e4tset med klimatinstrumentet testo 400 f\u00f6r ventilationsproffs \u2713 M\u00e4tning p\u00e5 don och i kanaler \u2713 Visa luftfl\u00f6det i l\/s eller m3\/h\" \/>\n<meta property=\"og:url\" content=\"https:\/\/stage.nordtec.se\/fi\/tuote\/mittauslaitteet\/ilmanvaihtolaite\/ilmavirtausmittari\/testo-400-matset-for-ventilation\/\" \/>\n<meta property=\"og:site_name\" content=\"Nordtec\" \/>\n<meta property=\"article:publisher\" content=\"https:\/\/www.facebook.com\/nordtecinstrument\" \/>\n<meta property=\"article:modified_time\" content=\"2025-12-05T11:10:34+00:00\" \/>\n<meta property=\"og:image\" content=\"https:\/\/stage.nordtec.se\/wp-content\/uploads\/2022\/03\/testo-400-kit-Ventilation-0140-0400_800px-1.png\" \/>\n\t<meta property=\"og:image:width\" content=\"800\" \/>\n\t<meta property=\"og:image:height\" content=\"800\" \/>\n\t<meta property=\"og:image:type\" content=\"image\/png\" \/>\n<meta name=\"twitter:card\" content=\"summary_large_image\" \/>\n<meta name=\"twitter:label1\" content=\"Arvioitu lukuaika\" \/>\n\t<meta name=\"twitter:data1\" content=\"4 minuuttia\" \/>\n<script type=\"application\/ld+json\" class=\"yoast-schema-graph\">{\"@context\":\"https:\\\/\\\/schema.org\",\"@graph\":[{\"@type\":[\"WebPage\",\"ItemPage\"],\"@id\":\"https:\\\/\\\/stage.nordtec.se\\\/fi\\\/tuote\\\/mittauslaitteet\\\/ilmanvaihtolaite\\\/ilmavirtausmittari\\\/testo-400-matset-for-ventilation\\\/\",\"url\":\"https:\\\/\\\/stage.nordtec.se\\\/fi\\\/tuote\\\/mittauslaitteet\\\/ilmanvaihtolaite\\\/ilmavirtausmittari\\\/testo-400-matset-for-ventilation\\\/\",\"name\":\"testo 400 \u2013 m\u00e4tset f\u00f6r ventilation | Nordtec\",\"isPartOf\":{\"@id\":\"https:\\\/\\\/stage.nordtec.se\\\/fi\\\/#website\"},\"primaryImageOfPage\":{\"@id\":\"https:\\\/\\\/stage.nordtec.se\\\/fi\\\/tuote\\\/mittauslaitteet\\\/ilmanvaihtolaite\\\/ilmavirtausmittari\\\/testo-400-matset-for-ventilation\\\/#primaryimage\"},\"image\":{\"@id\":\"https:\\\/\\\/stage.nordtec.se\\\/fi\\\/tuote\\\/mittauslaitteet\\\/ilmanvaihtolaite\\\/ilmavirtausmittari\\\/testo-400-matset-for-ventilation\\\/#primaryimage\"},\"thumbnailUrl\":\"https:\\\/\\\/stage.nordtec.se\\\/wp-content\\\/uploads\\\/2022\\\/03\\\/testo-400-kit-Ventilation-0140-0400_800px-1.png\",\"datePublished\":\"2022-03-30T14:14:55+00:00\",\"dateModified\":\"2025-12-05T11:10:34+00:00\",\"description\":\"M\u00e4tset med klimatinstrumentet testo 400 f\u00f6r ventilationsproffs \u2713 M\u00e4tning p\u00e5 don och i kanaler \u2713 Visa luftfl\u00f6det i l\\\/s eller m3\\\/h\",\"breadcrumb\":{\"@id\":\"https:\\\/\\\/stage.nordtec.se\\\/fi\\\/tuote\\\/mittauslaitteet\\\/ilmanvaihtolaite\\\/ilmavirtausmittari\\\/testo-400-matset-for-ventilation\\\/#breadcrumb\"},\"inLanguage\":\"fi\",\"potentialAction\":[{\"@type\":\"ReadAction\",\"target\":[\"https:\\\/\\\/stage.nordtec.se\\\/fi\\\/tuote\\\/mittauslaitteet\\\/ilmanvaihtolaite\\\/ilmavirtausmittari\\\/testo-400-matset-for-ventilation\\\/\"]}]},{\"@type\":\"ImageObject\",\"inLanguage\":\"fi\",\"@id\":\"https:\\\/\\\/stage.nordtec.se\\\/fi\\\/tuote\\\/mittauslaitteet\\\/ilmanvaihtolaite\\\/ilmavirtausmittari\\\/testo-400-matset-for-ventilation\\\/#primaryimage\",\"url\":\"https:\\\/\\\/stage.nordtec.se\\\/wp-content\\\/uploads\\\/2022\\\/03\\\/testo-400-kit-Ventilation-0140-0400_800px-1.png\",\"contentUrl\":\"https:\\\/\\\/stage.nordtec.se\\\/wp-content\\\/uploads\\\/2022\\\/03\\\/testo-400-kit-Ventilation-0140-0400_800px-1.png\",\"width\":800,\"height\":800,\"caption\":\"testo 400 m\u00e4tset Ventilation 0140 0400\"},{\"@type\":\"BreadcrumbList\",\"@id\":\"https:\\\/\\\/stage.nordtec.se\\\/fi\\\/tuote\\\/mittauslaitteet\\\/ilmanvaihtolaite\\\/ilmavirtausmittari\\\/testo-400-matset-for-ventilation\\\/#breadcrumb\",\"itemListElement\":[{\"@type\":\"ListItem\",\"position\":1,\"name\":\"Hem\",\"item\":\"https:\\\/\\\/stage.nordtec.se\\\/fi\\\/\"},{\"@type\":\"ListItem\",\"position\":2,\"name\":\"Kauppa\",\"item\":\"https:\\\/\\\/stage.nordtec.se\\\/produkter\\\/\"},{\"@type\":\"ListItem\",\"position\":3,\"name\":\"testo 400 \u2013 m\u00e4tset f\u00f6r ventilation\"}]},{\"@type\":\"WebSite\",\"@id\":\"https:\\\/\\\/stage.nordtec.se\\\/fi\\\/#website\",\"url\":\"https:\\\/\\\/stage.nordtec.se\\\/fi\\\/\",\"name\":\"Nordtec\",\"description\":\"Din partner inom m\u00e4tteknik\",\"publisher\":{\"@id\":\"https:\\\/\\\/stage.nordtec.se\\\/fi\\\/#organization\"},\"potentialAction\":[{\"@type\":\"SearchAction\",\"target\":{\"@type\":\"EntryPoint\",\"urlTemplate\":\"https:\\\/\\\/stage.nordtec.se\\\/fi\\\/?s={search_term_string}\"},\"query-input\":{\"@type\":\"PropertyValueSpecification\",\"valueRequired\":true,\"valueName\":\"search_term_string\"}}],\"inLanguage\":\"fi\"},{\"@type\":\"Organization\",\"@id\":\"https:\\\/\\\/stage.nordtec.se\\\/fi\\\/#organization\",\"name\":\"Nordtec Instrument AB\",\"url\":\"https:\\\/\\\/stage.nordtec.se\\\/fi\\\/\",\"logo\":{\"@type\":\"ImageObject\",\"inLanguage\":\"fi\",\"@id\":\"https:\\\/\\\/stage.nordtec.se\\\/fi\\\/#\\\/schema\\\/logo\\\/image\\\/\",\"url\":\"https:\\\/\\\/stage.nordtec.se\\\/wp-content\\\/uploads\\\/2021\\\/08\\\/nordtec_logo_rgb-340px.png\",\"contentUrl\":\"https:\\\/\\\/stage.nordtec.se\\\/wp-content\\\/uploads\\\/2021\\\/08\\\/nordtec_logo_rgb-340px.png\",\"width\":340,\"height\":75,\"caption\":\"Nordtec Instrument AB\"},\"image\":{\"@id\":\"https:\\\/\\\/stage.nordtec.se\\\/fi\\\/#\\\/schema\\\/logo\\\/image\\\/\"},\"sameAs\":[\"https:\\\/\\\/www.facebook.com\\\/nordtecinstrument\",\"https:\\\/\\\/www.instagram.com\\\/nordtec_instrument\\\/\",\"https:\\\/\\\/www.linkedin.com\\\/company\\\/nordtec-instrument-ab\\\/\",\"https:\\\/\\\/www.youtube.com\\\/channel\\\/UCbmAq3ZmfBKOGg7_igFURng\"]}]}<\/script>\n<!-- \/ Yoast SEO Premium plugin. -->","yoast_head_json":{"title":"testo 400 \u2013 m\u00e4tset f\u00f6r ventilation | Nordtec","description":"M\u00e4tset med klimatinstrumentet testo 400 f\u00f6r ventilationsproffs \u2713 M\u00e4tning p\u00e5 don och i kanaler \u2713 Visa luftfl\u00f6det i l\/s eller m3\/h","robots":{"index":"noindex","follow":"follow","max-snippet":"max-snippet:-1","max-image-preview":"max-image-preview:large","max-video-preview":"max-video-preview:-1"},"og_locale":"fi_FI","og_type":"article","og_title":"testo 400 \u2013 m\u00e4tset f\u00f6r ventilation","og_description":"M\u00e4tset med klimatinstrumentet testo 400 f\u00f6r ventilationsproffs \u2713 M\u00e4tning p\u00e5 don och i kanaler \u2713 Visa luftfl\u00f6det i l\/s eller m3\/h","og_url":"https:\/\/stage.nordtec.se\/fi\/tuote\/mittauslaitteet\/ilmanvaihtolaite\/ilmavirtausmittari\/testo-400-matset-for-ventilation\/","og_site_name":"Nordtec","article_publisher":"https:\/\/www.facebook.com\/nordtecinstrument","article_modified_time":"2025-12-05T11:10:34+00:00","og_image":[{"width":800,"height":800,"url":"https:\/\/stage.nordtec.se\/wp-content\/uploads\/2022\/03\/testo-400-kit-Ventilation-0140-0400_800px-1.png","type":"image\/png"}],"twitter_card":"summary_large_image","twitter_misc":{"Arvioitu lukuaika":"4 minuuttia"},"schema":{"@context":"https:\/\/schema.org","@graph":[{"@type":["WebPage","ItemPage"],"@id":"https:\/\/stage.nordtec.se\/fi\/tuote\/mittauslaitteet\/ilmanvaihtolaite\/ilmavirtausmittari\/testo-400-matset-for-ventilation\/","url":"https:\/\/stage.nordtec.se\/fi\/tuote\/mittauslaitteet\/ilmanvaihtolaite\/ilmavirtausmittari\/testo-400-matset-for-ventilation\/","name":"testo 400 \u2013 m\u00e4tset f\u00f6r ventilation | Nordtec","isPartOf":{"@id":"https:\/\/stage.nordtec.se\/fi\/#website"},"primaryImageOfPage":{"@id":"https:\/\/stage.nordtec.se\/fi\/tuote\/mittauslaitteet\/ilmanvaihtolaite\/ilmavirtausmittari\/testo-400-matset-for-ventilation\/#primaryimage"},"image":{"@id":"https:\/\/stage.nordtec.se\/fi\/tuote\/mittauslaitteet\/ilmanvaihtolaite\/ilmavirtausmittari\/testo-400-matset-for-ventilation\/#primaryimage"},"thumbnailUrl":"https:\/\/stage.nordtec.se\/wp-content\/uploads\/2022\/03\/testo-400-kit-Ventilation-0140-0400_800px-1.png","datePublished":"2022-03-30T14:14:55+00:00","dateModified":"2025-12-05T11:10:34+00:00","description":"M\u00e4tset med klimatinstrumentet testo 400 f\u00f6r ventilationsproffs \u2713 M\u00e4tning p\u00e5 don och i kanaler \u2713 Visa luftfl\u00f6det i l\/s eller m3\/h","breadcrumb":{"@id":"https:\/\/stage.nordtec.se\/fi\/tuote\/mittauslaitteet\/ilmanvaihtolaite\/ilmavirtausmittari\/testo-400-matset-for-ventilation\/#breadcrumb"},"inLanguage":"fi","potentialAction":[{"@type":"ReadAction","target":["https:\/\/stage.nordtec.se\/fi\/tuote\/mittauslaitteet\/ilmanvaihtolaite\/ilmavirtausmittari\/testo-400-matset-for-ventilation\/"]}]},{"@type":"ImageObject","inLanguage":"fi","@id":"https:\/\/stage.nordtec.se\/fi\/tuote\/mittauslaitteet\/ilmanvaihtolaite\/ilmavirtausmittari\/testo-400-matset-for-ventilation\/#primaryimage","url":"https:\/\/stage.nordtec.se\/wp-content\/uploads\/2022\/03\/testo-400-kit-Ventilation-0140-0400_800px-1.png","contentUrl":"https:\/\/stage.nordtec.se\/wp-content\/uploads\/2022\/03\/testo-400-kit-Ventilation-0140-0400_800px-1.png","width":800,"height":800,"caption":"testo 400 m\u00e4tset Ventilation 0140 0400"},{"@type":"BreadcrumbList","@id":"https:\/\/stage.nordtec.se\/fi\/tuote\/mittauslaitteet\/ilmanvaihtolaite\/ilmavirtausmittari\/testo-400-matset-for-ventilation\/#breadcrumb","itemListElement":[{"@type":"ListItem","position":1,"name":"Hem","item":"https:\/\/stage.nordtec.se\/fi\/"},{"@type":"ListItem","position":2,"name":"Kauppa","item":"https:\/\/stage.nordtec.se\/produkter\/"},{"@type":"ListItem","position":3,"name":"testo 400 \u2013 m\u00e4tset f\u00f6r ventilation"}]},{"@type":"WebSite","@id":"https:\/\/stage.nordtec.se\/fi\/#website","url":"https:\/\/stage.nordtec.se\/fi\/","name":"Nordtec","description":"Din partner inom m\u00e4tteknik","publisher":{"@id":"https:\/\/stage.nordtec.se\/fi\/#organization"},"potentialAction":[{"@type":"SearchAction","target":{"@type":"EntryPoint","urlTemplate":"https:\/\/stage.nordtec.se\/fi\/?s={search_term_string}"},"query-input":{"@type":"PropertyValueSpecification","valueRequired":true,"valueName":"search_term_string"}}],"inLanguage":"fi"},{"@type":"Organization","@id":"https:\/\/stage.nordtec.se\/fi\/#organization","name":"Nordtec Instrument AB","url":"https:\/\/stage.nordtec.se\/fi\/","logo":{"@type":"ImageObject","inLanguage":"fi","@id":"https:\/\/stage.nordtec.se\/fi\/#\/schema\/logo\/image\/","url":"https:\/\/stage.nordtec.se\/wp-content\/uploads\/2021\/08\/nordtec_logo_rgb-340px.png","contentUrl":"https:\/\/stage.nordtec.se\/wp-content\/uploads\/2021\/08\/nordtec_logo_rgb-340px.png","width":340,"height":75,"caption":"Nordtec Instrument AB"},"image":{"@id":"https:\/\/stage.nordtec.se\/fi\/#\/schema\/logo\/image\/"},"sameAs":["https:\/\/www.facebook.com\/nordtecinstrument","https:\/\/www.instagram.com\/nordtec_instrument\/","https:\/\/www.linkedin.com\/company\/nordtec-instrument-ab\/","https:\/\/www.youtube.com\/channel\/UCbmAq3ZmfBKOGg7_igFURng"]}]}},"taxonomy_info":{"product_brand":[{"value":1435,"label":"Testo"}],"product_cat":[{"value":287,"label":"Klimatinstrument"},{"value":286,"label":"Luftfl\u00f6desm\u00e4tare"},{"value":49,"label":"M\u00e4tinstrument"},{"value":332,"label":"Ventilationsinstrument"},{"value":163,"label":"VVS &amp; Fastighet"}],"product_tag":[{"value":276,"label":"Pitotr\u00f6r"},{"value":191,"label":"Varmtr\u00e5d"},{"value":684,"label":"Ventilation"}]},"featured_image_src_large":["https:\/\/stage.nordtec.se\/wp-content\/uploads\/2022\/03\/testo-400-kit-Ventilation-0140-0400_800px-1.png",800,800,false],"author_info":[],"comment_info":"","_links":{"self":[{"href":"https:\/\/stage.nordtec.se\/fi\/wp-json\/wp\/v2\/product\/9060","targetHints":{"allow":["GET"]}}],"collection":[{"href":"https:\/\/stage.nordtec.se\/fi\/wp-json\/wp\/v2\/product"}],"about":[{"href":"https:\/\/stage.nordtec.se\/fi\/wp-json\/wp\/v2\/types\/product"}],"version-history":[{"count":15,"href":"https:\/\/stage.nordtec.se\/fi\/wp-json\/wp\/v2\/product\/9060\/revisions"}],"predecessor-version":[{"id":51337,"href":"https:\/\/stage.nordtec.se\/fi\/wp-json\/wp\/v2\/product\/9060\/revisions\/51337"}],"wp:featuredmedia":[{"embeddable":true,"href":"https:\/\/stage.nordtec.se\/fi\/wp-json\/wp\/v2\/media\/25483"}],"wp:attachment":[{"href":"https:\/\/stage.nordtec.se\/fi\/wp-json\/wp\/v2\/media?parent=9060"}],"wp:term":[{"taxonomy":"product_brand","embeddable":true,"href":"https:\/\/stage.nordtec.se\/fi\/wp-json\/wp\/v2\/product_brand?post=9060"},{"taxonomy":"product_cat","embeddable":true,"href":"https:\/\/stage.nordtec.se\/fi\/wp-json\/wp\/v2\/product_cat?post=9060"},{"taxonomy":"product_tag","embeddable":true,"href":"https:\/\/stage.nordtec.se\/fi\/wp-json\/wp\/v2\/product_tag?post=9060"}],"curies":[{"name":"wp","href":"https:\/\/api.w.org\/{rel}","templated":true}]}}