{"id":8278,"date":"2022-03-15T14:11:23","date_gmt":"2022-03-15T12:11:23","guid":{"rendered":"https:\/\/stage.nordtec.se\/produkter\/okategoriserad\/emissionstejp\/"},"modified":"2025-12-04T17:18:19","modified_gmt":"2025-12-04T15:18:19","slug":"emissionstejp","status":"publish","type":"product","link":"https:\/\/stage.nordtec.se\/fi\/tuote\/tillbehor\/emissionstejp\/","title":{"rendered":"Emissionstejp"},"content":{"rendered":"","protected":false},"excerpt":{"rendered":"<p>Tejp (Teflon\u00ae) med best\u00e4md emissionsfaktor 0,93. Anv\u00e4nds vid IR-temperaturm\u00e4tning av blanka ytor som \u00e4r sv\u00e5ra att m\u00e4ta p\u00e5. T\u00e5l temperaturer upp till +250 \u00b0C. L\u00e4ngd: 10 meter.<\/p>\n","protected":false},"featured_media":21851,"template":"","meta":{"_kad_blocks_custom_css":"","_kad_blocks_head_custom_js":"","_kad_blocks_body_custom_js":"","_kad_blocks_footer_custom_js":"","footnotes":""},"product_brand":[],"product_cat":[176],"product_tag":[401,396,398,400,402,404,405,403,483,484,485,486,482,756,487,488,489,490,491,492,399,397,481,757],"class_list":{"0":"post-8278","1":"product","2":"type-product","3":"status-publish","4":"has-post-thumbnail","6":"product_cat-tillbehor","7":"product_tag-0190-8314","8":"product_tag-0560-8311","9":"product_tag-0560-8312","10":"product_tag-0560-8314","11":"product_tag-0560-8316","12":"product_tag-0560-8351","13":"product_tag-0560-8352","14":"product_tag-0560-8353","15":"product_tag-0560-8651","16":"product_tag-0560-8684","17":"product_tag-0560-8716","18":"product_tag-0560-8725","19":"product_tag-0560-8830","20":"product_tag-0560-8836","21":"product_tag-0563-0890-x1","22":"product_tag-0563-0890-x2","23":"product_tag-0563-0890-x3","24":"product_tag-0563-0890-x4","25":"product_tag-0563-0890-x5","26":"product_tag-0563-0890-x6","27":"product_tag-0563-8302","28":"product_tag-0563-8303","29":"product_tag-0563-8830","30":"product_tag-0563-8836","32":"first","33":"instock","34":"taxable","35":"shipping-taxable","36":"purchasable","37":"product-type-simple"},"yoast_head":"<!-- This site is optimized with the Yoast SEO Premium plugin v25.8 (Yoast SEO v27.4) - https:\/\/yoast.com\/product\/yoast-seo-premium-wordpress\/ -->\n<title>Emissionstejp | Nordtec<\/title>\n<meta name=\"description\" content=\"Tejp (Teflon\u00ae) med emissionsfaktor 0,93. Anv\u00e4nds vid IR-temperaturm\u00e4tning av blanka ytor. T\u00e5l temperaturer upp till +250 \u00b0C. L\u00e4ngd: 10 meter.\" \/>\n<meta name=\"robots\" content=\"noindex, follow, max-snippet:-1, max-image-preview:large, max-video-preview:-1\" \/>\n<meta property=\"og:locale\" content=\"fi_FI\" \/>\n<meta property=\"og:type\" content=\"article\" \/>\n<meta property=\"og:title\" content=\"Emissionstejp\" \/>\n<meta property=\"og:description\" content=\"Tejp (Teflon\u00ae) med emissionsfaktor 0,93. Anv\u00e4nds vid IR-temperaturm\u00e4tning av blanka ytor. T\u00e5l temperaturer upp till +250 \u00b0C. L\u00e4ngd: 10 meter.\" \/>\n<meta property=\"og:url\" content=\"https:\/\/stage.nordtec.se\/fi\/tuote\/tillbehor\/emissionstejp\/\" \/>\n<meta property=\"og:site_name\" content=\"Nordtec\" \/>\n<meta property=\"article:publisher\" content=\"https:\/\/www.facebook.com\/nordtecinstrument\" \/>\n<meta property=\"article:modified_time\" content=\"2025-12-04T15:18:19+00:00\" \/>\n<meta property=\"og:image\" content=\"https:\/\/stage.nordtec.se\/wp-content\/uploads\/2022\/03\/0554-0051_tejp_800px.png\" \/>\n\t<meta property=\"og:image:width\" content=\"800\" \/>\n\t<meta property=\"og:image:height\" content=\"800\" \/>\n\t<meta property=\"og:image:type\" content=\"image\/png\" \/>\n<meta name=\"twitter:card\" content=\"summary_large_image\" \/>\n<script type=\"application\/ld+json\" class=\"yoast-schema-graph\">{\"@context\":\"https:\\\/\\\/schema.org\",\"@graph\":[{\"@type\":[\"WebPage\",\"ItemPage\"],\"@id\":\"https:\\\/\\\/stage.nordtec.se\\\/fi\\\/tuote\\\/tillbehor\\\/emissionstejp\\\/\",\"url\":\"https:\\\/\\\/stage.nordtec.se\\\/fi\\\/tuote\\\/tillbehor\\\/emissionstejp\\\/\",\"name\":\"Emissionstejp | Nordtec\",\"isPartOf\":{\"@id\":\"https:\\\/\\\/stage.nordtec.se\\\/fi\\\/#website\"},\"primaryImageOfPage\":{\"@id\":\"https:\\\/\\\/stage.nordtec.se\\\/fi\\\/tuote\\\/tillbehor\\\/emissionstejp\\\/#primaryimage\"},\"image\":{\"@id\":\"https:\\\/\\\/stage.nordtec.se\\\/fi\\\/tuote\\\/tillbehor\\\/emissionstejp\\\/#primaryimage\"},\"thumbnailUrl\":\"https:\\\/\\\/stage.nordtec.se\\\/wp-content\\\/uploads\\\/2022\\\/03\\\/0554-0051_tejp_800px.png\",\"datePublished\":\"2022-03-15T12:11:23+00:00\",\"dateModified\":\"2025-12-04T15:18:19+00:00\",\"description\":\"Tejp (Teflon\u00ae) med emissionsfaktor 0,93. Anv\u00e4nds vid IR-temperaturm\u00e4tning av blanka ytor. T\u00e5l temperaturer upp till +250 \u00b0C. L\u00e4ngd: 10 meter.\",\"breadcrumb\":{\"@id\":\"https:\\\/\\\/stage.nordtec.se\\\/fi\\\/tuote\\\/tillbehor\\\/emissionstejp\\\/#breadcrumb\"},\"inLanguage\":\"fi\",\"potentialAction\":[{\"@type\":\"ReadAction\",\"target\":[\"https:\\\/\\\/stage.nordtec.se\\\/fi\\\/tuote\\\/tillbehor\\\/emissionstejp\\\/\"]}]},{\"@type\":\"ImageObject\",\"inLanguage\":\"fi\",\"@id\":\"https:\\\/\\\/stage.nordtec.se\\\/fi\\\/tuote\\\/tillbehor\\\/emissionstejp\\\/#primaryimage\",\"url\":\"https:\\\/\\\/stage.nordtec.se\\\/wp-content\\\/uploads\\\/2022\\\/03\\\/0554-0051_tejp_800px.png\",\"contentUrl\":\"https:\\\/\\\/stage.nordtec.se\\\/wp-content\\\/uploads\\\/2022\\\/03\\\/0554-0051_tejp_800px.png\",\"width\":800,\"height\":800,\"caption\":\"0554 0051 Emissionstejp\"},{\"@type\":\"BreadcrumbList\",\"@id\":\"https:\\\/\\\/stage.nordtec.se\\\/fi\\\/tuote\\\/tillbehor\\\/emissionstejp\\\/#breadcrumb\",\"itemListElement\":[{\"@type\":\"ListItem\",\"position\":1,\"name\":\"Hem\",\"item\":\"https:\\\/\\\/stage.nordtec.se\\\/fi\\\/\"},{\"@type\":\"ListItem\",\"position\":2,\"name\":\"Kauppa\",\"item\":\"https:\\\/\\\/stage.nordtec.se\\\/produkter\\\/\"},{\"@type\":\"ListItem\",\"position\":3,\"name\":\"Emissionstejp\"}]},{\"@type\":\"WebSite\",\"@id\":\"https:\\\/\\\/stage.nordtec.se\\\/fi\\\/#website\",\"url\":\"https:\\\/\\\/stage.nordtec.se\\\/fi\\\/\",\"name\":\"Nordtec\",\"description\":\"Din partner inom m\u00e4tteknik\",\"publisher\":{\"@id\":\"https:\\\/\\\/stage.nordtec.se\\\/fi\\\/#organization\"},\"potentialAction\":[{\"@type\":\"SearchAction\",\"target\":{\"@type\":\"EntryPoint\",\"urlTemplate\":\"https:\\\/\\\/stage.nordtec.se\\\/fi\\\/?s={search_term_string}\"},\"query-input\":{\"@type\":\"PropertyValueSpecification\",\"valueRequired\":true,\"valueName\":\"search_term_string\"}}],\"inLanguage\":\"fi\"},{\"@type\":\"Organization\",\"@id\":\"https:\\\/\\\/stage.nordtec.se\\\/fi\\\/#organization\",\"name\":\"Nordtec Instrument AB\",\"url\":\"https:\\\/\\\/stage.nordtec.se\\\/fi\\\/\",\"logo\":{\"@type\":\"ImageObject\",\"inLanguage\":\"fi\",\"@id\":\"https:\\\/\\\/stage.nordtec.se\\\/fi\\\/#\\\/schema\\\/logo\\\/image\\\/\",\"url\":\"https:\\\/\\\/stage.nordtec.se\\\/wp-content\\\/uploads\\\/2021\\\/08\\\/nordtec_logo_rgb-340px.png\",\"contentUrl\":\"https:\\\/\\\/stage.nordtec.se\\\/wp-content\\\/uploads\\\/2021\\\/08\\\/nordtec_logo_rgb-340px.png\",\"width\":340,\"height\":75,\"caption\":\"Nordtec Instrument AB\"},\"image\":{\"@id\":\"https:\\\/\\\/stage.nordtec.se\\\/fi\\\/#\\\/schema\\\/logo\\\/image\\\/\"},\"sameAs\":[\"https:\\\/\\\/www.facebook.com\\\/nordtecinstrument\",\"https:\\\/\\\/www.instagram.com\\\/nordtec_instrument\\\/\",\"https:\\\/\\\/www.linkedin.com\\\/company\\\/nordtec-instrument-ab\\\/\",\"https:\\\/\\\/www.youtube.com\\\/channel\\\/UCbmAq3ZmfBKOGg7_igFURng\"]}]}<\/script>\n<!-- \/ Yoast SEO Premium plugin. -->","yoast_head_json":{"title":"Emissionstejp | Nordtec","description":"Tejp (Teflon\u00ae) med emissionsfaktor 0,93. Anv\u00e4nds vid IR-temperaturm\u00e4tning av blanka ytor. T\u00e5l temperaturer upp till +250 \u00b0C. L\u00e4ngd: 10 meter.","robots":{"index":"noindex","follow":"follow","max-snippet":"max-snippet:-1","max-image-preview":"max-image-preview:large","max-video-preview":"max-video-preview:-1"},"og_locale":"fi_FI","og_type":"article","og_title":"Emissionstejp","og_description":"Tejp (Teflon\u00ae) med emissionsfaktor 0,93. Anv\u00e4nds vid IR-temperaturm\u00e4tning av blanka ytor. T\u00e5l temperaturer upp till +250 \u00b0C. L\u00e4ngd: 10 meter.","og_url":"https:\/\/stage.nordtec.se\/fi\/tuote\/tillbehor\/emissionstejp\/","og_site_name":"Nordtec","article_publisher":"https:\/\/www.facebook.com\/nordtecinstrument","article_modified_time":"2025-12-04T15:18:19+00:00","og_image":[{"width":800,"height":800,"url":"https:\/\/stage.nordtec.se\/wp-content\/uploads\/2022\/03\/0554-0051_tejp_800px.png","type":"image\/png"}],"twitter_card":"summary_large_image","schema":{"@context":"https:\/\/schema.org","@graph":[{"@type":["WebPage","ItemPage"],"@id":"https:\/\/stage.nordtec.se\/fi\/tuote\/tillbehor\/emissionstejp\/","url":"https:\/\/stage.nordtec.se\/fi\/tuote\/tillbehor\/emissionstejp\/","name":"Emissionstejp | Nordtec","isPartOf":{"@id":"https:\/\/stage.nordtec.se\/fi\/#website"},"primaryImageOfPage":{"@id":"https:\/\/stage.nordtec.se\/fi\/tuote\/tillbehor\/emissionstejp\/#primaryimage"},"image":{"@id":"https:\/\/stage.nordtec.se\/fi\/tuote\/tillbehor\/emissionstejp\/#primaryimage"},"thumbnailUrl":"https:\/\/stage.nordtec.se\/wp-content\/uploads\/2022\/03\/0554-0051_tejp_800px.png","datePublished":"2022-03-15T12:11:23+00:00","dateModified":"2025-12-04T15:18:19+00:00","description":"Tejp (Teflon\u00ae) med emissionsfaktor 0,93. Anv\u00e4nds vid IR-temperaturm\u00e4tning av blanka ytor. T\u00e5l temperaturer upp till +250 \u00b0C. L\u00e4ngd: 10 meter.","breadcrumb":{"@id":"https:\/\/stage.nordtec.se\/fi\/tuote\/tillbehor\/emissionstejp\/#breadcrumb"},"inLanguage":"fi","potentialAction":[{"@type":"ReadAction","target":["https:\/\/stage.nordtec.se\/fi\/tuote\/tillbehor\/emissionstejp\/"]}]},{"@type":"ImageObject","inLanguage":"fi","@id":"https:\/\/stage.nordtec.se\/fi\/tuote\/tillbehor\/emissionstejp\/#primaryimage","url":"https:\/\/stage.nordtec.se\/wp-content\/uploads\/2022\/03\/0554-0051_tejp_800px.png","contentUrl":"https:\/\/stage.nordtec.se\/wp-content\/uploads\/2022\/03\/0554-0051_tejp_800px.png","width":800,"height":800,"caption":"0554 0051 Emissionstejp"},{"@type":"BreadcrumbList","@id":"https:\/\/stage.nordtec.se\/fi\/tuote\/tillbehor\/emissionstejp\/#breadcrumb","itemListElement":[{"@type":"ListItem","position":1,"name":"Hem","item":"https:\/\/stage.nordtec.se\/fi\/"},{"@type":"ListItem","position":2,"name":"Kauppa","item":"https:\/\/stage.nordtec.se\/produkter\/"},{"@type":"ListItem","position":3,"name":"Emissionstejp"}]},{"@type":"WebSite","@id":"https:\/\/stage.nordtec.se\/fi\/#website","url":"https:\/\/stage.nordtec.se\/fi\/","name":"Nordtec","description":"Din partner inom m\u00e4tteknik","publisher":{"@id":"https:\/\/stage.nordtec.se\/fi\/#organization"},"potentialAction":[{"@type":"SearchAction","target":{"@type":"EntryPoint","urlTemplate":"https:\/\/stage.nordtec.se\/fi\/?s={search_term_string}"},"query-input":{"@type":"PropertyValueSpecification","valueRequired":true,"valueName":"search_term_string"}}],"inLanguage":"fi"},{"@type":"Organization","@id":"https:\/\/stage.nordtec.se\/fi\/#organization","name":"Nordtec Instrument AB","url":"https:\/\/stage.nordtec.se\/fi\/","logo":{"@type":"ImageObject","inLanguage":"fi","@id":"https:\/\/stage.nordtec.se\/fi\/#\/schema\/logo\/image\/","url":"https:\/\/stage.nordtec.se\/wp-content\/uploads\/2021\/08\/nordtec_logo_rgb-340px.png","contentUrl":"https:\/\/stage.nordtec.se\/wp-content\/uploads\/2021\/08\/nordtec_logo_rgb-340px.png","width":340,"height":75,"caption":"Nordtec Instrument AB"},"image":{"@id":"https:\/\/stage.nordtec.se\/fi\/#\/schema\/logo\/image\/"},"sameAs":["https:\/\/www.facebook.com\/nordtecinstrument","https:\/\/www.instagram.com\/nordtec_instrument\/","https:\/\/www.linkedin.com\/company\/nordtec-instrument-ab\/","https:\/\/www.youtube.com\/channel\/UCbmAq3ZmfBKOGg7_igFURng"]}]}},"taxonomy_info":{"product_cat":[{"value":176,"label":"Tillbeh\u00f6r"}],"product_tag":[{"value":401,"label":"0190 8314"},{"value":396,"label":"0560 8311"},{"value":398,"label":"0560 8312"},{"value":400,"label":"0560 8314"},{"value":402,"label":"0560 8316"},{"value":404,"label":"0560 8351"},{"value":405,"label":"0560 8352"},{"value":403,"label":"0560 8353"},{"value":483,"label":"0560 8651"},{"value":484,"label":"0560 8684"},{"value":485,"label":"0560 8716"},{"value":486,"label":"0560 8725"},{"value":482,"label":"0560 8830"},{"value":756,"label":"0560 8836"},{"value":487,"label":"0563 0890 X1"},{"value":488,"label":"0563 0890 X2"},{"value":489,"label":"0563 0890 X3"},{"value":490,"label":"0563 0890 X4"},{"value":491,"label":"0563 0890 X5"},{"value":492,"label":"0563 0890 X6"},{"value":399,"label":"0563 8302"},{"value":397,"label":"0563 8303"},{"value":481,"label":"0563 8830"},{"value":757,"label":"0563 8836"}]},"featured_image_src_large":["https:\/\/stage.nordtec.se\/wp-content\/uploads\/2022\/03\/0554-0051_tejp_800px.png",800,800,false],"author_info":[],"comment_info":"","_links":{"self":[{"href":"https:\/\/stage.nordtec.se\/fi\/wp-json\/wp\/v2\/product\/8278","targetHints":{"allow":["GET"]}}],"collection":[{"href":"https:\/\/stage.nordtec.se\/fi\/wp-json\/wp\/v2\/product"}],"about":[{"href":"https:\/\/stage.nordtec.se\/fi\/wp-json\/wp\/v2\/types\/product"}],"version-history":[{"count":2,"href":"https:\/\/stage.nordtec.se\/fi\/wp-json\/wp\/v2\/product\/8278\/revisions"}],"predecessor-version":[{"id":52797,"href":"https:\/\/stage.nordtec.se\/fi\/wp-json\/wp\/v2\/product\/8278\/revisions\/52797"}],"wp:featuredmedia":[{"embeddable":true,"href":"https:\/\/stage.nordtec.se\/fi\/wp-json\/wp\/v2\/media\/21851"}],"wp:attachment":[{"href":"https:\/\/stage.nordtec.se\/fi\/wp-json\/wp\/v2\/media?parent=8278"}],"wp:term":[{"taxonomy":"product_brand","embeddable":true,"href":"https:\/\/stage.nordtec.se\/fi\/wp-json\/wp\/v2\/product_brand?post=8278"},{"taxonomy":"product_cat","embeddable":true,"href":"https:\/\/stage.nordtec.se\/fi\/wp-json\/wp\/v2\/product_cat?post=8278"},{"taxonomy":"product_tag","embeddable":true,"href":"https:\/\/stage.nordtec.se\/fi\/wp-json\/wp\/v2\/product_tag?post=8278"}],"curies":[{"name":"wp","href":"https:\/\/api.w.org\/{rel}","templated":true}]}}