{"id":8228,"date":"2022-03-15T14:11:19","date_gmt":"2022-03-15T12:11:19","guid":{"rendered":"https:\/\/stage.nordtec.se\/produkter\/okategoriserad\/holster\/"},"modified":"2025-09-18T18:18:06","modified_gmt":"2025-09-18T16:18:06","slug":"holster","status":"publish","type":"product","link":"https:\/\/stage.nordtec.se\/fi\/tuote\/tillbehor\/holster\/","title":{"rendered":"H\u00f6lster"},"content":{"rendered":"","protected":false},"excerpt":{"rendered":"<p>B\u00e4ltesh\u00f6lster till IR-termometer testo 830.<\/p>\n","protected":false},"featured_media":21863,"template":"","meta":{"_kad_blocks_custom_css":"","_kad_blocks_head_custom_js":"","_kad_blocks_body_custom_js":"","_kad_blocks_footer_custom_js":"","footnotes":""},"product_brand":[],"product_cat":[176],"product_tag":[401,396,398,400,402,399,397],"class_list":{"0":"post-8228","1":"product","2":"type-product","3":"status-publish","4":"has-post-thumbnail","6":"product_cat-tillbehor","7":"product_tag-0190-8314","8":"product_tag-0560-8311","9":"product_tag-0560-8312","10":"product_tag-0560-8314","11":"product_tag-0560-8316","12":"product_tag-0563-8302","13":"product_tag-0563-8303","15":"first","16":"instock","17":"taxable","18":"shipping-taxable","19":"purchasable","20":"product-type-simple"},"yoast_head":"<!-- This site is optimized with the Yoast SEO Premium plugin v25.8 (Yoast SEO v27.4) - https:\/\/yoast.com\/product\/yoast-seo-premium-wordpress\/ -->\n<title>H\u00f6lster | Nordtec<\/title>\n<meta name=\"description\" content=\"B\u00e4ltesh\u00f6lster till IR-termometer testo 830.\" \/>\n<meta name=\"robots\" content=\"noindex, follow, max-snippet:-1, max-image-preview:large, max-video-preview:-1\" \/>\n<meta property=\"og:locale\" content=\"fi_FI\" \/>\n<meta property=\"og:type\" content=\"article\" \/>\n<meta property=\"og:title\" content=\"H\u00f6lster\" \/>\n<meta property=\"og:description\" content=\"B\u00e4ltesh\u00f6lster till IR-termometer testo 830.\" \/>\n<meta property=\"og:url\" content=\"https:\/\/stage.nordtec.se\/fi\/tuote\/tillbehor\/holster\/\" \/>\n<meta property=\"og:site_name\" content=\"Nordtec\" \/>\n<meta property=\"article:publisher\" content=\"https:\/\/www.facebook.com\/nordtecinstrument\" \/>\n<meta property=\"article:modified_time\" content=\"2025-09-18T16:18:06+00:00\" \/>\n<meta property=\"og:image\" content=\"https:\/\/stage.nordtec.se\/wp-content\/uploads\/2022\/03\/0516-8302-fodral-holster.png\" \/>\n\t<meta property=\"og:image:width\" content=\"800\" \/>\n\t<meta property=\"og:image:height\" content=\"800\" \/>\n\t<meta property=\"og:image:type\" content=\"image\/png\" \/>\n<meta name=\"twitter:card\" content=\"summary_large_image\" \/>\n<script type=\"application\/ld+json\" class=\"yoast-schema-graph\">{\"@context\":\"https:\\\/\\\/schema.org\",\"@graph\":[{\"@type\":[\"WebPage\",\"ItemPage\"],\"@id\":\"https:\\\/\\\/stage.nordtec.se\\\/fi\\\/tuote\\\/tillbehor\\\/holster\\\/\",\"url\":\"https:\\\/\\\/stage.nordtec.se\\\/fi\\\/tuote\\\/tillbehor\\\/holster\\\/\",\"name\":\"H\u00f6lster | Nordtec\",\"isPartOf\":{\"@id\":\"https:\\\/\\\/stage.nordtec.se\\\/fi\\\/#website\"},\"primaryImageOfPage\":{\"@id\":\"https:\\\/\\\/stage.nordtec.se\\\/fi\\\/tuote\\\/tillbehor\\\/holster\\\/#primaryimage\"},\"image\":{\"@id\":\"https:\\\/\\\/stage.nordtec.se\\\/fi\\\/tuote\\\/tillbehor\\\/holster\\\/#primaryimage\"},\"thumbnailUrl\":\"https:\\\/\\\/stage.nordtec.se\\\/wp-content\\\/uploads\\\/2022\\\/03\\\/0516-8302-fodral-holster.png\",\"datePublished\":\"2022-03-15T12:11:19+00:00\",\"dateModified\":\"2025-09-18T16:18:06+00:00\",\"description\":\"B\u00e4ltesh\u00f6lster till IR-termometer testo 830.\",\"breadcrumb\":{\"@id\":\"https:\\\/\\\/stage.nordtec.se\\\/fi\\\/tuote\\\/tillbehor\\\/holster\\\/#breadcrumb\"},\"inLanguage\":\"fi\",\"potentialAction\":[{\"@type\":\"ReadAction\",\"target\":[\"https:\\\/\\\/stage.nordtec.se\\\/fi\\\/tuote\\\/tillbehor\\\/holster\\\/\"]}]},{\"@type\":\"ImageObject\",\"inLanguage\":\"fi\",\"@id\":\"https:\\\/\\\/stage.nordtec.se\\\/fi\\\/tuote\\\/tillbehor\\\/holster\\\/#primaryimage\",\"url\":\"https:\\\/\\\/stage.nordtec.se\\\/wp-content\\\/uploads\\\/2022\\\/03\\\/0516-8302-fodral-holster.png\",\"contentUrl\":\"https:\\\/\\\/stage.nordtec.se\\\/wp-content\\\/uploads\\\/2022\\\/03\\\/0516-8302-fodral-holster.png\",\"width\":800,\"height\":800,\"caption\":\"0516 8302 Fodral h\u00f6lster\"},{\"@type\":\"BreadcrumbList\",\"@id\":\"https:\\\/\\\/stage.nordtec.se\\\/fi\\\/tuote\\\/tillbehor\\\/holster\\\/#breadcrumb\",\"itemListElement\":[{\"@type\":\"ListItem\",\"position\":1,\"name\":\"Hem\",\"item\":\"https:\\\/\\\/stage.nordtec.se\\\/fi\\\/\"},{\"@type\":\"ListItem\",\"position\":2,\"name\":\"Kauppa\",\"item\":\"https:\\\/\\\/stage.nordtec.se\\\/produkter\\\/\"},{\"@type\":\"ListItem\",\"position\":3,\"name\":\"H\u00f6lster\"}]},{\"@type\":\"WebSite\",\"@id\":\"https:\\\/\\\/stage.nordtec.se\\\/fi\\\/#website\",\"url\":\"https:\\\/\\\/stage.nordtec.se\\\/fi\\\/\",\"name\":\"Nordtec\",\"description\":\"Din partner inom m\u00e4tteknik\",\"publisher\":{\"@id\":\"https:\\\/\\\/stage.nordtec.se\\\/fi\\\/#organization\"},\"potentialAction\":[{\"@type\":\"SearchAction\",\"target\":{\"@type\":\"EntryPoint\",\"urlTemplate\":\"https:\\\/\\\/stage.nordtec.se\\\/fi\\\/?s={search_term_string}\"},\"query-input\":{\"@type\":\"PropertyValueSpecification\",\"valueRequired\":true,\"valueName\":\"search_term_string\"}}],\"inLanguage\":\"fi\"},{\"@type\":\"Organization\",\"@id\":\"https:\\\/\\\/stage.nordtec.se\\\/fi\\\/#organization\",\"name\":\"Nordtec Instrument AB\",\"url\":\"https:\\\/\\\/stage.nordtec.se\\\/fi\\\/\",\"logo\":{\"@type\":\"ImageObject\",\"inLanguage\":\"fi\",\"@id\":\"https:\\\/\\\/stage.nordtec.se\\\/fi\\\/#\\\/schema\\\/logo\\\/image\\\/\",\"url\":\"https:\\\/\\\/stage.nordtec.se\\\/wp-content\\\/uploads\\\/2021\\\/08\\\/nordtec_logo_rgb-340px.png\",\"contentUrl\":\"https:\\\/\\\/stage.nordtec.se\\\/wp-content\\\/uploads\\\/2021\\\/08\\\/nordtec_logo_rgb-340px.png\",\"width\":340,\"height\":75,\"caption\":\"Nordtec Instrument AB\"},\"image\":{\"@id\":\"https:\\\/\\\/stage.nordtec.se\\\/fi\\\/#\\\/schema\\\/logo\\\/image\\\/\"},\"sameAs\":[\"https:\\\/\\\/www.facebook.com\\\/nordtecinstrument\",\"https:\\\/\\\/www.instagram.com\\\/nordtec_instrument\\\/\",\"https:\\\/\\\/www.linkedin.com\\\/company\\\/nordtec-instrument-ab\\\/\",\"https:\\\/\\\/www.youtube.com\\\/channel\\\/UCbmAq3ZmfBKOGg7_igFURng\"]}]}<\/script>\n<!-- \/ Yoast SEO Premium plugin. -->","yoast_head_json":{"title":"H\u00f6lster | Nordtec","description":"B\u00e4ltesh\u00f6lster till IR-termometer testo 830.","robots":{"index":"noindex","follow":"follow","max-snippet":"max-snippet:-1","max-image-preview":"max-image-preview:large","max-video-preview":"max-video-preview:-1"},"og_locale":"fi_FI","og_type":"article","og_title":"H\u00f6lster","og_description":"B\u00e4ltesh\u00f6lster till IR-termometer testo 830.","og_url":"https:\/\/stage.nordtec.se\/fi\/tuote\/tillbehor\/holster\/","og_site_name":"Nordtec","article_publisher":"https:\/\/www.facebook.com\/nordtecinstrument","article_modified_time":"2025-09-18T16:18:06+00:00","og_image":[{"width":800,"height":800,"url":"https:\/\/stage.nordtec.se\/wp-content\/uploads\/2022\/03\/0516-8302-fodral-holster.png","type":"image\/png"}],"twitter_card":"summary_large_image","schema":{"@context":"https:\/\/schema.org","@graph":[{"@type":["WebPage","ItemPage"],"@id":"https:\/\/stage.nordtec.se\/fi\/tuote\/tillbehor\/holster\/","url":"https:\/\/stage.nordtec.se\/fi\/tuote\/tillbehor\/holster\/","name":"H\u00f6lster | Nordtec","isPartOf":{"@id":"https:\/\/stage.nordtec.se\/fi\/#website"},"primaryImageOfPage":{"@id":"https:\/\/stage.nordtec.se\/fi\/tuote\/tillbehor\/holster\/#primaryimage"},"image":{"@id":"https:\/\/stage.nordtec.se\/fi\/tuote\/tillbehor\/holster\/#primaryimage"},"thumbnailUrl":"https:\/\/stage.nordtec.se\/wp-content\/uploads\/2022\/03\/0516-8302-fodral-holster.png","datePublished":"2022-03-15T12:11:19+00:00","dateModified":"2025-09-18T16:18:06+00:00","description":"B\u00e4ltesh\u00f6lster till IR-termometer testo 830.","breadcrumb":{"@id":"https:\/\/stage.nordtec.se\/fi\/tuote\/tillbehor\/holster\/#breadcrumb"},"inLanguage":"fi","potentialAction":[{"@type":"ReadAction","target":["https:\/\/stage.nordtec.se\/fi\/tuote\/tillbehor\/holster\/"]}]},{"@type":"ImageObject","inLanguage":"fi","@id":"https:\/\/stage.nordtec.se\/fi\/tuote\/tillbehor\/holster\/#primaryimage","url":"https:\/\/stage.nordtec.se\/wp-content\/uploads\/2022\/03\/0516-8302-fodral-holster.png","contentUrl":"https:\/\/stage.nordtec.se\/wp-content\/uploads\/2022\/03\/0516-8302-fodral-holster.png","width":800,"height":800,"caption":"0516 8302 Fodral h\u00f6lster"},{"@type":"BreadcrumbList","@id":"https:\/\/stage.nordtec.se\/fi\/tuote\/tillbehor\/holster\/#breadcrumb","itemListElement":[{"@type":"ListItem","position":1,"name":"Hem","item":"https:\/\/stage.nordtec.se\/fi\/"},{"@type":"ListItem","position":2,"name":"Kauppa","item":"https:\/\/stage.nordtec.se\/produkter\/"},{"@type":"ListItem","position":3,"name":"H\u00f6lster"}]},{"@type":"WebSite","@id":"https:\/\/stage.nordtec.se\/fi\/#website","url":"https:\/\/stage.nordtec.se\/fi\/","name":"Nordtec","description":"Din partner inom m\u00e4tteknik","publisher":{"@id":"https:\/\/stage.nordtec.se\/fi\/#organization"},"potentialAction":[{"@type":"SearchAction","target":{"@type":"EntryPoint","urlTemplate":"https:\/\/stage.nordtec.se\/fi\/?s={search_term_string}"},"query-input":{"@type":"PropertyValueSpecification","valueRequired":true,"valueName":"search_term_string"}}],"inLanguage":"fi"},{"@type":"Organization","@id":"https:\/\/stage.nordtec.se\/fi\/#organization","name":"Nordtec Instrument AB","url":"https:\/\/stage.nordtec.se\/fi\/","logo":{"@type":"ImageObject","inLanguage":"fi","@id":"https:\/\/stage.nordtec.se\/fi\/#\/schema\/logo\/image\/","url":"https:\/\/stage.nordtec.se\/wp-content\/uploads\/2021\/08\/nordtec_logo_rgb-340px.png","contentUrl":"https:\/\/stage.nordtec.se\/wp-content\/uploads\/2021\/08\/nordtec_logo_rgb-340px.png","width":340,"height":75,"caption":"Nordtec Instrument AB"},"image":{"@id":"https:\/\/stage.nordtec.se\/fi\/#\/schema\/logo\/image\/"},"sameAs":["https:\/\/www.facebook.com\/nordtecinstrument","https:\/\/www.instagram.com\/nordtec_instrument\/","https:\/\/www.linkedin.com\/company\/nordtec-instrument-ab\/","https:\/\/www.youtube.com\/channel\/UCbmAq3ZmfBKOGg7_igFURng"]}]}},"taxonomy_info":{"product_cat":[{"value":176,"label":"Tillbeh\u00f6r"}],"product_tag":[{"value":401,"label":"0190 8314"},{"value":396,"label":"0560 8311"},{"value":398,"label":"0560 8312"},{"value":400,"label":"0560 8314"},{"value":402,"label":"0560 8316"},{"value":399,"label":"0563 8302"},{"value":397,"label":"0563 8303"}]},"featured_image_src_large":["https:\/\/stage.nordtec.se\/wp-content\/uploads\/2022\/03\/0516-8302-fodral-holster.png",800,800,false],"author_info":[],"comment_info":"","_links":{"self":[{"href":"https:\/\/stage.nordtec.se\/fi\/wp-json\/wp\/v2\/product\/8228","targetHints":{"allow":["GET"]}}],"collection":[{"href":"https:\/\/stage.nordtec.se\/fi\/wp-json\/wp\/v2\/product"}],"about":[{"href":"https:\/\/stage.nordtec.se\/fi\/wp-json\/wp\/v2\/types\/product"}],"version-history":[{"count":2,"href":"https:\/\/stage.nordtec.se\/fi\/wp-json\/wp\/v2\/product\/8228\/revisions"}],"predecessor-version":[{"id":52796,"href":"https:\/\/stage.nordtec.se\/fi\/wp-json\/wp\/v2\/product\/8228\/revisions\/52796"}],"wp:featuredmedia":[{"embeddable":true,"href":"https:\/\/stage.nordtec.se\/fi\/wp-json\/wp\/v2\/media\/21863"}],"wp:attachment":[{"href":"https:\/\/stage.nordtec.se\/fi\/wp-json\/wp\/v2\/media?parent=8228"}],"wp:term":[{"taxonomy":"product_brand","embeddable":true,"href":"https:\/\/stage.nordtec.se\/fi\/wp-json\/wp\/v2\/product_brand?post=8228"},{"taxonomy":"product_cat","embeddable":true,"href":"https:\/\/stage.nordtec.se\/fi\/wp-json\/wp\/v2\/product_cat?post=8228"},{"taxonomy":"product_tag","embeddable":true,"href":"https:\/\/stage.nordtec.se\/fi\/wp-json\/wp\/v2\/product_tag?post=8228"}],"curies":[{"name":"wp","href":"https:\/\/api.w.org\/{rel}","templated":true}]}}