{"id":7670,"date":"2022-03-15T14:10:12","date_gmt":"2022-03-15T12:10:12","guid":{"rendered":"https:\/\/stage.nordtec.se\/produkter\/okategoriserad\/vattentalig-kapsling\/"},"modified":"2025-12-12T14:18:36","modified_gmt":"2025-12-12T12:18:36","slug":"vattentalig-kapsling-162-97-45-mm","status":"publish","type":"product","link":"https:\/\/stage.nordtec.se\/fi\/tuote\/tillbehor\/vattentalig-kapsling-162-97-45-mm\/","title":{"rendered":"Vattent\u00e5lig kapsling \u2013 162 x 97 x 45 mm"},"content":{"rendered":"","protected":false},"excerpt":{"rendered":"<p>Vattent\u00e5lig kapsling till din Celsicom Easy Connect-box med externa givare.<\/p>\n<p>Robust, kross\u00e4ker, vatten- och dammt\u00e5lig kapsling som skyddar dina boxar i de flesta v\u00e4der. Placera boxen i kapslingen och kl\u00e4m den externa kabelgivaren i kantlisten.<\/p>\n<ul>\n<li>M\u00e5tt:\u00a0162 x 97 x 45 mm<\/li>\n<\/ul>\n","protected":false},"featured_media":22845,"template":"","meta":{"_kad_blocks_custom_css":"","_kad_blocks_head_custom_js":"","_kad_blocks_body_custom_js":"","_kad_blocks_footer_custom_js":"","footnotes":""},"product_brand":[],"product_cat":[176],"product_tag":[453,454,531,530,432],"class_list":{"0":"post-7670","1":"product","2":"type-product","3":"status-publish","4":"has-post-thumbnail","6":"product_cat-tillbehor","7":"product_tag-7060-6011","8":"product_tag-7060-6012","9":"product_tag-7090-6012","10":"product_tag-7090-6015","11":"product_tag-7090-6026","13":"first","14":"instock","15":"taxable","16":"shipping-taxable","17":"purchasable","18":"product-type-simple"},"yoast_head":"<!-- This site is optimized with the Yoast SEO Premium plugin v25.8 (Yoast SEO v27.4) - https:\/\/yoast.com\/product\/yoast-seo-premium-wordpress\/ -->\n<title>Vattent\u00e5lig kapsling \u2013 162 x 97 x 45 mm | Nordtec<\/title>\n<meta name=\"description\" content=\"Robust, kross\u00e4ker, vatten- och dammt\u00e5lig kapsling som skyddar din Celsicom Easy Connect-box med externa givare i de flesta v\u00e4der.\" \/>\n<meta name=\"robots\" content=\"noindex, follow, max-snippet:-1, max-image-preview:large, max-video-preview:-1\" \/>\n<meta property=\"og:locale\" content=\"fi_FI\" \/>\n<meta property=\"og:type\" content=\"article\" \/>\n<meta property=\"og:title\" content=\"Vattent\u00e5lig kapsling \u2013 162 x 97 x 45 mm\" \/>\n<meta property=\"og:description\" content=\"Robust, kross\u00e4ker, vatten- och dammt\u00e5lig kapsling som skyddar din Celsicom Easy Connect-box med externa givare i de flesta v\u00e4der.\" \/>\n<meta property=\"og:url\" content=\"https:\/\/stage.nordtec.se\/fi\/tuote\/tillbehor\/vattentalig-kapsling-162-97-45-mm\/\" \/>\n<meta property=\"og:site_name\" content=\"Nordtec\" \/>\n<meta property=\"article:publisher\" content=\"https:\/\/www.facebook.com\/nordtecinstrument\" \/>\n<meta property=\"article:modified_time\" content=\"2025-12-12T12:18:36+00:00\" \/>\n<meta property=\"og:image\" content=\"https:\/\/stage.nordtec.se\/wp-content\/uploads\/2022\/03\/7040-1040_CC_Peli_1040_closed_800px.png\" \/>\n\t<meta property=\"og:image:width\" content=\"800\" \/>\n\t<meta property=\"og:image:height\" content=\"800\" \/>\n\t<meta property=\"og:image:type\" content=\"image\/png\" \/>\n<meta name=\"twitter:card\" content=\"summary_large_image\" \/>\n<script type=\"application\/ld+json\" class=\"yoast-schema-graph\">{\"@context\":\"https:\\\/\\\/schema.org\",\"@graph\":[{\"@type\":[\"WebPage\",\"ItemPage\"],\"@id\":\"https:\\\/\\\/stage.nordtec.se\\\/fi\\\/tuote\\\/tillbehor\\\/vattentalig-kapsling-162-97-45-mm\\\/\",\"url\":\"https:\\\/\\\/stage.nordtec.se\\\/fi\\\/tuote\\\/tillbehor\\\/vattentalig-kapsling-162-97-45-mm\\\/\",\"name\":\"Vattent\u00e5lig kapsling \u2013 162 x 97 x 45 mm | Nordtec\",\"isPartOf\":{\"@id\":\"https:\\\/\\\/stage.nordtec.se\\\/fi\\\/#website\"},\"primaryImageOfPage\":{\"@id\":\"https:\\\/\\\/stage.nordtec.se\\\/fi\\\/tuote\\\/tillbehor\\\/vattentalig-kapsling-162-97-45-mm\\\/#primaryimage\"},\"image\":{\"@id\":\"https:\\\/\\\/stage.nordtec.se\\\/fi\\\/tuote\\\/tillbehor\\\/vattentalig-kapsling-162-97-45-mm\\\/#primaryimage\"},\"thumbnailUrl\":\"https:\\\/\\\/stage.nordtec.se\\\/wp-content\\\/uploads\\\/2022\\\/03\\\/7040-1040_CC_Peli_1040_closed_800px.png\",\"datePublished\":\"2022-03-15T12:10:12+00:00\",\"dateModified\":\"2025-12-12T12:18:36+00:00\",\"description\":\"Robust, kross\u00e4ker, vatten- och dammt\u00e5lig kapsling som skyddar din Celsicom Easy Connect-box med externa givare i de flesta v\u00e4der.\",\"breadcrumb\":{\"@id\":\"https:\\\/\\\/stage.nordtec.se\\\/fi\\\/tuote\\\/tillbehor\\\/vattentalig-kapsling-162-97-45-mm\\\/#breadcrumb\"},\"inLanguage\":\"fi\",\"potentialAction\":[{\"@type\":\"ReadAction\",\"target\":[\"https:\\\/\\\/stage.nordtec.se\\\/fi\\\/tuote\\\/tillbehor\\\/vattentalig-kapsling-162-97-45-mm\\\/\"]}]},{\"@type\":\"ImageObject\",\"inLanguage\":\"fi\",\"@id\":\"https:\\\/\\\/stage.nordtec.se\\\/fi\\\/tuote\\\/tillbehor\\\/vattentalig-kapsling-162-97-45-mm\\\/#primaryimage\",\"url\":\"https:\\\/\\\/stage.nordtec.se\\\/wp-content\\\/uploads\\\/2022\\\/03\\\/7040-1040_CC_Peli_1040_closed_800px.png\",\"contentUrl\":\"https:\\\/\\\/stage.nordtec.se\\\/wp-content\\\/uploads\\\/2022\\\/03\\\/7040-1040_CC_Peli_1040_closed_800px.png\",\"width\":800,\"height\":800,\"caption\":\"7040 1040 Celsicom Easy Connect Peli 1040\"},{\"@type\":\"BreadcrumbList\",\"@id\":\"https:\\\/\\\/stage.nordtec.se\\\/fi\\\/tuote\\\/tillbehor\\\/vattentalig-kapsling-162-97-45-mm\\\/#breadcrumb\",\"itemListElement\":[{\"@type\":\"ListItem\",\"position\":1,\"name\":\"Hem\",\"item\":\"https:\\\/\\\/stage.nordtec.se\\\/fi\\\/\"},{\"@type\":\"ListItem\",\"position\":2,\"name\":\"Kauppa\",\"item\":\"https:\\\/\\\/stage.nordtec.se\\\/produkter\\\/\"},{\"@type\":\"ListItem\",\"position\":3,\"name\":\"Vattent\u00e5lig kapsling \u2013 162 x 97 x 45 mm\"}]},{\"@type\":\"WebSite\",\"@id\":\"https:\\\/\\\/stage.nordtec.se\\\/fi\\\/#website\",\"url\":\"https:\\\/\\\/stage.nordtec.se\\\/fi\\\/\",\"name\":\"Nordtec\",\"description\":\"Din partner inom m\u00e4tteknik\",\"publisher\":{\"@id\":\"https:\\\/\\\/stage.nordtec.se\\\/fi\\\/#organization\"},\"potentialAction\":[{\"@type\":\"SearchAction\",\"target\":{\"@type\":\"EntryPoint\",\"urlTemplate\":\"https:\\\/\\\/stage.nordtec.se\\\/fi\\\/?s={search_term_string}\"},\"query-input\":{\"@type\":\"PropertyValueSpecification\",\"valueRequired\":true,\"valueName\":\"search_term_string\"}}],\"inLanguage\":\"fi\"},{\"@type\":\"Organization\",\"@id\":\"https:\\\/\\\/stage.nordtec.se\\\/fi\\\/#organization\",\"name\":\"Nordtec Instrument AB\",\"url\":\"https:\\\/\\\/stage.nordtec.se\\\/fi\\\/\",\"logo\":{\"@type\":\"ImageObject\",\"inLanguage\":\"fi\",\"@id\":\"https:\\\/\\\/stage.nordtec.se\\\/fi\\\/#\\\/schema\\\/logo\\\/image\\\/\",\"url\":\"https:\\\/\\\/stage.nordtec.se\\\/wp-content\\\/uploads\\\/2021\\\/08\\\/nordtec_logo_rgb-340px.png\",\"contentUrl\":\"https:\\\/\\\/stage.nordtec.se\\\/wp-content\\\/uploads\\\/2021\\\/08\\\/nordtec_logo_rgb-340px.png\",\"width\":340,\"height\":75,\"caption\":\"Nordtec Instrument AB\"},\"image\":{\"@id\":\"https:\\\/\\\/stage.nordtec.se\\\/fi\\\/#\\\/schema\\\/logo\\\/image\\\/\"},\"sameAs\":[\"https:\\\/\\\/www.facebook.com\\\/nordtecinstrument\",\"https:\\\/\\\/www.instagram.com\\\/nordtec_instrument\\\/\",\"https:\\\/\\\/www.linkedin.com\\\/company\\\/nordtec-instrument-ab\\\/\",\"https:\\\/\\\/www.youtube.com\\\/channel\\\/UCbmAq3ZmfBKOGg7_igFURng\"]}]}<\/script>\n<!-- \/ Yoast SEO Premium plugin. -->","yoast_head_json":{"title":"Vattent\u00e5lig kapsling \u2013 162 x 97 x 45 mm | Nordtec","description":"Robust, kross\u00e4ker, vatten- och dammt\u00e5lig kapsling som skyddar din Celsicom Easy Connect-box med externa givare i de flesta v\u00e4der.","robots":{"index":"noindex","follow":"follow","max-snippet":"max-snippet:-1","max-image-preview":"max-image-preview:large","max-video-preview":"max-video-preview:-1"},"og_locale":"fi_FI","og_type":"article","og_title":"Vattent\u00e5lig kapsling \u2013 162 x 97 x 45 mm","og_description":"Robust, kross\u00e4ker, vatten- och dammt\u00e5lig kapsling som skyddar din Celsicom Easy Connect-box med externa givare i de flesta v\u00e4der.","og_url":"https:\/\/stage.nordtec.se\/fi\/tuote\/tillbehor\/vattentalig-kapsling-162-97-45-mm\/","og_site_name":"Nordtec","article_publisher":"https:\/\/www.facebook.com\/nordtecinstrument","article_modified_time":"2025-12-12T12:18:36+00:00","og_image":[{"width":800,"height":800,"url":"https:\/\/stage.nordtec.se\/wp-content\/uploads\/2022\/03\/7040-1040_CC_Peli_1040_closed_800px.png","type":"image\/png"}],"twitter_card":"summary_large_image","schema":{"@context":"https:\/\/schema.org","@graph":[{"@type":["WebPage","ItemPage"],"@id":"https:\/\/stage.nordtec.se\/fi\/tuote\/tillbehor\/vattentalig-kapsling-162-97-45-mm\/","url":"https:\/\/stage.nordtec.se\/fi\/tuote\/tillbehor\/vattentalig-kapsling-162-97-45-mm\/","name":"Vattent\u00e5lig kapsling \u2013 162 x 97 x 45 mm | Nordtec","isPartOf":{"@id":"https:\/\/stage.nordtec.se\/fi\/#website"},"primaryImageOfPage":{"@id":"https:\/\/stage.nordtec.se\/fi\/tuote\/tillbehor\/vattentalig-kapsling-162-97-45-mm\/#primaryimage"},"image":{"@id":"https:\/\/stage.nordtec.se\/fi\/tuote\/tillbehor\/vattentalig-kapsling-162-97-45-mm\/#primaryimage"},"thumbnailUrl":"https:\/\/stage.nordtec.se\/wp-content\/uploads\/2022\/03\/7040-1040_CC_Peli_1040_closed_800px.png","datePublished":"2022-03-15T12:10:12+00:00","dateModified":"2025-12-12T12:18:36+00:00","description":"Robust, kross\u00e4ker, vatten- och dammt\u00e5lig kapsling som skyddar din Celsicom Easy Connect-box med externa givare i de flesta v\u00e4der.","breadcrumb":{"@id":"https:\/\/stage.nordtec.se\/fi\/tuote\/tillbehor\/vattentalig-kapsling-162-97-45-mm\/#breadcrumb"},"inLanguage":"fi","potentialAction":[{"@type":"ReadAction","target":["https:\/\/stage.nordtec.se\/fi\/tuote\/tillbehor\/vattentalig-kapsling-162-97-45-mm\/"]}]},{"@type":"ImageObject","inLanguage":"fi","@id":"https:\/\/stage.nordtec.se\/fi\/tuote\/tillbehor\/vattentalig-kapsling-162-97-45-mm\/#primaryimage","url":"https:\/\/stage.nordtec.se\/wp-content\/uploads\/2022\/03\/7040-1040_CC_Peli_1040_closed_800px.png","contentUrl":"https:\/\/stage.nordtec.se\/wp-content\/uploads\/2022\/03\/7040-1040_CC_Peli_1040_closed_800px.png","width":800,"height":800,"caption":"7040 1040 Celsicom Easy Connect Peli 1040"},{"@type":"BreadcrumbList","@id":"https:\/\/stage.nordtec.se\/fi\/tuote\/tillbehor\/vattentalig-kapsling-162-97-45-mm\/#breadcrumb","itemListElement":[{"@type":"ListItem","position":1,"name":"Hem","item":"https:\/\/stage.nordtec.se\/fi\/"},{"@type":"ListItem","position":2,"name":"Kauppa","item":"https:\/\/stage.nordtec.se\/produkter\/"},{"@type":"ListItem","position":3,"name":"Vattent\u00e5lig kapsling \u2013 162 x 97 x 45 mm"}]},{"@type":"WebSite","@id":"https:\/\/stage.nordtec.se\/fi\/#website","url":"https:\/\/stage.nordtec.se\/fi\/","name":"Nordtec","description":"Din partner inom m\u00e4tteknik","publisher":{"@id":"https:\/\/stage.nordtec.se\/fi\/#organization"},"potentialAction":[{"@type":"SearchAction","target":{"@type":"EntryPoint","urlTemplate":"https:\/\/stage.nordtec.se\/fi\/?s={search_term_string}"},"query-input":{"@type":"PropertyValueSpecification","valueRequired":true,"valueName":"search_term_string"}}],"inLanguage":"fi"},{"@type":"Organization","@id":"https:\/\/stage.nordtec.se\/fi\/#organization","name":"Nordtec Instrument AB","url":"https:\/\/stage.nordtec.se\/fi\/","logo":{"@type":"ImageObject","inLanguage":"fi","@id":"https:\/\/stage.nordtec.se\/fi\/#\/schema\/logo\/image\/","url":"https:\/\/stage.nordtec.se\/wp-content\/uploads\/2021\/08\/nordtec_logo_rgb-340px.png","contentUrl":"https:\/\/stage.nordtec.se\/wp-content\/uploads\/2021\/08\/nordtec_logo_rgb-340px.png","width":340,"height":75,"caption":"Nordtec Instrument AB"},"image":{"@id":"https:\/\/stage.nordtec.se\/fi\/#\/schema\/logo\/image\/"},"sameAs":["https:\/\/www.facebook.com\/nordtecinstrument","https:\/\/www.instagram.com\/nordtec_instrument\/","https:\/\/www.linkedin.com\/company\/nordtec-instrument-ab\/","https:\/\/www.youtube.com\/channel\/UCbmAq3ZmfBKOGg7_igFURng"]}]}},"taxonomy_info":{"product_cat":[{"value":176,"label":"Tillbeh\u00f6r"}],"product_tag":[{"value":453,"label":"7060 6011"},{"value":454,"label":"7060 6012"},{"value":531,"label":"7090 6012"},{"value":530,"label":"7090 6015"},{"value":432,"label":"7090 6026"}]},"featured_image_src_large":["https:\/\/stage.nordtec.se\/wp-content\/uploads\/2022\/03\/7040-1040_CC_Peli_1040_closed_800px.png",800,800,false],"author_info":[],"comment_info":"","_links":{"self":[{"href":"https:\/\/stage.nordtec.se\/fi\/wp-json\/wp\/v2\/product\/7670","targetHints":{"allow":["GET"]}}],"collection":[{"href":"https:\/\/stage.nordtec.se\/fi\/wp-json\/wp\/v2\/product"}],"about":[{"href":"https:\/\/stage.nordtec.se\/fi\/wp-json\/wp\/v2\/types\/product"}],"version-history":[{"count":6,"href":"https:\/\/stage.nordtec.se\/fi\/wp-json\/wp\/v2\/product\/7670\/revisions"}],"predecessor-version":[{"id":32631,"href":"https:\/\/stage.nordtec.se\/fi\/wp-json\/wp\/v2\/product\/7670\/revisions\/32631"}],"wp:featuredmedia":[{"embeddable":true,"href":"https:\/\/stage.nordtec.se\/fi\/wp-json\/wp\/v2\/media\/22845"}],"wp:attachment":[{"href":"https:\/\/stage.nordtec.se\/fi\/wp-json\/wp\/v2\/media?parent=7670"}],"wp:term":[{"taxonomy":"product_brand","embeddable":true,"href":"https:\/\/stage.nordtec.se\/fi\/wp-json\/wp\/v2\/product_brand?post=7670"},{"taxonomy":"product_cat","embeddable":true,"href":"https:\/\/stage.nordtec.se\/fi\/wp-json\/wp\/v2\/product_cat?post=7670"},{"taxonomy":"product_tag","embeddable":true,"href":"https:\/\/stage.nordtec.se\/fi\/wp-json\/wp\/v2\/product_tag?post=7670"}],"curies":[{"name":"wp","href":"https:\/\/api.w.org\/{rel}","templated":true}]}}