{"id":6497,"date":"2014-03-12T12:48:00","date_gmt":"2014-03-12T10:48:00","guid":{"rendered":"https:\/\/stage.nordtec.se\/product\/okategoriserad\/tradlos-givare-for-c-och-rh-med-sensirionsensor\/"},"modified":"2025-09-01T09:30:09","modified_gmt":"2025-09-01T07:30:09","slug":"tradlos-givare-for-c-och-rh-med-sensirionsensor","status":"publish","type":"product","link":"https:\/\/stage.nordtec.se\/fi\/tuote\/matsystem\/celsicom-generation-1\/tradlos-givare-for-c-och-rh-med-sensirionsensor\/","title":{"rendered":"Tr\u00e5dl\u00f6s givare f\u00f6r \u00b0C och %RH med Sensirionsensor"},"content":{"rendered":"","protected":false},"excerpt":{"rendered":"<p>Celsicom radiogivare, givarmodell THS21 f\u00f6r tr\u00e5dl\u00f6s \u00f6vervakning av temperatur och fukt.<\/p>\n","protected":false},"featured_media":22529,"template":"","meta":{"_kad_blocks_custom_css":"","_kad_blocks_head_custom_js":"","_kad_blocks_body_custom_js":"","_kad_blocks_footer_custom_js":"","footnotes":""},"product_brand":[],"product_cat":[62,177],"product_tag":[],"class_list":{"0":"post-6497","1":"product","2":"type-product","3":"status-publish","4":"has-post-thumbnail","6":"product_cat-celsicom-generation-1","7":"product_cat-givare","9":"first","10":"instock","11":"taxable","12":"shipping-taxable","13":"purchasable","14":"product-type-simple"},"yoast_head":"<!-- This site is optimized with the Yoast SEO Premium plugin v25.8 (Yoast SEO v27.4) - https:\/\/yoast.com\/product\/yoast-seo-premium-wordpress\/ -->\n<title>Tr\u00e5dl\u00f6s givare f\u00f6r \u00b0C och %RH med Sensirionsensor | Nordtec<\/title>\n<meta name=\"description\" content=\"Celsicom radiogivare, givarmodell THS21 f\u00f6r tr\u00e5dl\u00f6s \u00f6vervakning av temperatur och fukt.\" \/>\n<meta name=\"robots\" content=\"noindex, follow, max-snippet:-1, max-image-preview:large, max-video-preview:-1\" \/>\n<meta property=\"og:locale\" content=\"fi_FI\" \/>\n<meta property=\"og:type\" content=\"article\" \/>\n<meta property=\"og:title\" content=\"Tr\u00e5dl\u00f6s givare f\u00f6r \u00b0C och %RH med Sensirionsensor\" \/>\n<meta property=\"og:description\" content=\"Celsicom radiogivare, givarmodell THS21 f\u00f6r tr\u00e5dl\u00f6s \u00f6vervakning av temperatur och fukt.\" \/>\n<meta property=\"og:url\" content=\"https:\/\/stage.nordtec.se\/fi\/tuote\/matsystem\/celsicom-generation-1\/tradlos-givare-for-c-och-rh-med-sensirionsensor\/\" \/>\n<meta property=\"og:site_name\" content=\"Nordtec\" \/>\n<meta property=\"article:publisher\" content=\"https:\/\/www.facebook.com\/nordtecinstrument\" \/>\n<meta property=\"article:modified_time\" content=\"2025-09-01T07:30:09+00:00\" \/>\n<meta property=\"og:image\" content=\"https:\/\/stage.nordtec.se\/wp-content\/uploads\/2014\/03\/7060-2016_Celsicom-Radiogivare_Fukt-Temp_Sensirion_800px.png\" \/>\n\t<meta property=\"og:image:width\" content=\"800\" \/>\n\t<meta property=\"og:image:height\" content=\"800\" \/>\n\t<meta property=\"og:image:type\" content=\"image\/png\" \/>\n<meta name=\"twitter:card\" content=\"summary_large_image\" \/>\n<script type=\"application\/ld+json\" class=\"yoast-schema-graph\">{\"@context\":\"https:\\\/\\\/schema.org\",\"@graph\":[{\"@type\":[\"WebPage\",\"ItemPage\"],\"@id\":\"https:\\\/\\\/stage.nordtec.se\\\/fi\\\/tuote\\\/matsystem\\\/celsicom-generation-1\\\/tradlos-givare-for-c-och-rh-med-sensirionsensor\\\/\",\"url\":\"https:\\\/\\\/stage.nordtec.se\\\/fi\\\/tuote\\\/matsystem\\\/celsicom-generation-1\\\/tradlos-givare-for-c-och-rh-med-sensirionsensor\\\/\",\"name\":\"Tr\u00e5dl\u00f6s givare f\u00f6r \u00b0C och %RH med Sensirionsensor | Nordtec\",\"isPartOf\":{\"@id\":\"https:\\\/\\\/stage.nordtec.se\\\/fi\\\/#website\"},\"primaryImageOfPage\":{\"@id\":\"https:\\\/\\\/stage.nordtec.se\\\/fi\\\/tuote\\\/matsystem\\\/celsicom-generation-1\\\/tradlos-givare-for-c-och-rh-med-sensirionsensor\\\/#primaryimage\"},\"image\":{\"@id\":\"https:\\\/\\\/stage.nordtec.se\\\/fi\\\/tuote\\\/matsystem\\\/celsicom-generation-1\\\/tradlos-givare-for-c-och-rh-med-sensirionsensor\\\/#primaryimage\"},\"thumbnailUrl\":\"https:\\\/\\\/stage.nordtec.se\\\/wp-content\\\/uploads\\\/2014\\\/03\\\/7060-2016_Celsicom-Radiogivare_Fukt-Temp_Sensirion_800px.png\",\"datePublished\":\"2014-03-12T10:48:00+00:00\",\"dateModified\":\"2025-09-01T07:30:09+00:00\",\"description\":\"Celsicom radiogivare, givarmodell THS21 f\u00f6r tr\u00e5dl\u00f6s \u00f6vervakning av temperatur och fukt.\",\"breadcrumb\":{\"@id\":\"https:\\\/\\\/stage.nordtec.se\\\/fi\\\/tuote\\\/matsystem\\\/celsicom-generation-1\\\/tradlos-givare-for-c-och-rh-med-sensirionsensor\\\/#breadcrumb\"},\"inLanguage\":\"fi\",\"potentialAction\":[{\"@type\":\"ReadAction\",\"target\":[\"https:\\\/\\\/stage.nordtec.se\\\/fi\\\/tuote\\\/matsystem\\\/celsicom-generation-1\\\/tradlos-givare-for-c-och-rh-med-sensirionsensor\\\/\"]}]},{\"@type\":\"ImageObject\",\"inLanguage\":\"fi\",\"@id\":\"https:\\\/\\\/stage.nordtec.se\\\/fi\\\/tuote\\\/matsystem\\\/celsicom-generation-1\\\/tradlos-givare-for-c-och-rh-med-sensirionsensor\\\/#primaryimage\",\"url\":\"https:\\\/\\\/stage.nordtec.se\\\/wp-content\\\/uploads\\\/2014\\\/03\\\/7060-2016_Celsicom-Radiogivare_Fukt-Temp_Sensirion_800px.png\",\"contentUrl\":\"https:\\\/\\\/stage.nordtec.se\\\/wp-content\\\/uploads\\\/2014\\\/03\\\/7060-2016_Celsicom-Radiogivare_Fukt-Temp_Sensirion_800px.png\",\"width\":800,\"height\":800,\"caption\":\"7060 2016 Celsicom Radiogivare Fukt Temperatur Sensirion\"},{\"@type\":\"BreadcrumbList\",\"@id\":\"https:\\\/\\\/stage.nordtec.se\\\/fi\\\/tuote\\\/matsystem\\\/celsicom-generation-1\\\/tradlos-givare-for-c-och-rh-med-sensirionsensor\\\/#breadcrumb\",\"itemListElement\":[{\"@type\":\"ListItem\",\"position\":1,\"name\":\"Hem\",\"item\":\"https:\\\/\\\/stage.nordtec.se\\\/fi\\\/\"},{\"@type\":\"ListItem\",\"position\":2,\"name\":\"Kauppa\",\"item\":\"https:\\\/\\\/stage.nordtec.se\\\/produkter\\\/\"},{\"@type\":\"ListItem\",\"position\":3,\"name\":\"Tr\u00e5dl\u00f6s givare f\u00f6r \u00b0C och %RH med Sensirionsensor\"}]},{\"@type\":\"WebSite\",\"@id\":\"https:\\\/\\\/stage.nordtec.se\\\/fi\\\/#website\",\"url\":\"https:\\\/\\\/stage.nordtec.se\\\/fi\\\/\",\"name\":\"Nordtec\",\"description\":\"Din partner inom m\u00e4tteknik\",\"publisher\":{\"@id\":\"https:\\\/\\\/stage.nordtec.se\\\/fi\\\/#organization\"},\"potentialAction\":[{\"@type\":\"SearchAction\",\"target\":{\"@type\":\"EntryPoint\",\"urlTemplate\":\"https:\\\/\\\/stage.nordtec.se\\\/fi\\\/?s={search_term_string}\"},\"query-input\":{\"@type\":\"PropertyValueSpecification\",\"valueRequired\":true,\"valueName\":\"search_term_string\"}}],\"inLanguage\":\"fi\"},{\"@type\":\"Organization\",\"@id\":\"https:\\\/\\\/stage.nordtec.se\\\/fi\\\/#organization\",\"name\":\"Nordtec Instrument AB\",\"url\":\"https:\\\/\\\/stage.nordtec.se\\\/fi\\\/\",\"logo\":{\"@type\":\"ImageObject\",\"inLanguage\":\"fi\",\"@id\":\"https:\\\/\\\/stage.nordtec.se\\\/fi\\\/#\\\/schema\\\/logo\\\/image\\\/\",\"url\":\"https:\\\/\\\/stage.nordtec.se\\\/wp-content\\\/uploads\\\/2021\\\/08\\\/nordtec_logo_rgb-340px.png\",\"contentUrl\":\"https:\\\/\\\/stage.nordtec.se\\\/wp-content\\\/uploads\\\/2021\\\/08\\\/nordtec_logo_rgb-340px.png\",\"width\":340,\"height\":75,\"caption\":\"Nordtec Instrument AB\"},\"image\":{\"@id\":\"https:\\\/\\\/stage.nordtec.se\\\/fi\\\/#\\\/schema\\\/logo\\\/image\\\/\"},\"sameAs\":[\"https:\\\/\\\/www.facebook.com\\\/nordtecinstrument\",\"https:\\\/\\\/www.instagram.com\\\/nordtec_instrument\\\/\",\"https:\\\/\\\/www.linkedin.com\\\/company\\\/nordtec-instrument-ab\\\/\",\"https:\\\/\\\/www.youtube.com\\\/channel\\\/UCbmAq3ZmfBKOGg7_igFURng\"]}]}<\/script>\n<!-- \/ Yoast SEO Premium plugin. -->","yoast_head_json":{"title":"Tr\u00e5dl\u00f6s givare f\u00f6r \u00b0C och %RH med Sensirionsensor | Nordtec","description":"Celsicom radiogivare, givarmodell THS21 f\u00f6r tr\u00e5dl\u00f6s \u00f6vervakning av temperatur och fukt.","robots":{"index":"noindex","follow":"follow","max-snippet":"max-snippet:-1","max-image-preview":"max-image-preview:large","max-video-preview":"max-video-preview:-1"},"og_locale":"fi_FI","og_type":"article","og_title":"Tr\u00e5dl\u00f6s givare f\u00f6r \u00b0C och %RH med Sensirionsensor","og_description":"Celsicom radiogivare, givarmodell THS21 f\u00f6r tr\u00e5dl\u00f6s \u00f6vervakning av temperatur och fukt.","og_url":"https:\/\/stage.nordtec.se\/fi\/tuote\/matsystem\/celsicom-generation-1\/tradlos-givare-for-c-och-rh-med-sensirionsensor\/","og_site_name":"Nordtec","article_publisher":"https:\/\/www.facebook.com\/nordtecinstrument","article_modified_time":"2025-09-01T07:30:09+00:00","og_image":[{"width":800,"height":800,"url":"https:\/\/stage.nordtec.se\/wp-content\/uploads\/2014\/03\/7060-2016_Celsicom-Radiogivare_Fukt-Temp_Sensirion_800px.png","type":"image\/png"}],"twitter_card":"summary_large_image","schema":{"@context":"https:\/\/schema.org","@graph":[{"@type":["WebPage","ItemPage"],"@id":"https:\/\/stage.nordtec.se\/fi\/tuote\/matsystem\/celsicom-generation-1\/tradlos-givare-for-c-och-rh-med-sensirionsensor\/","url":"https:\/\/stage.nordtec.se\/fi\/tuote\/matsystem\/celsicom-generation-1\/tradlos-givare-for-c-och-rh-med-sensirionsensor\/","name":"Tr\u00e5dl\u00f6s givare f\u00f6r \u00b0C och %RH med Sensirionsensor | Nordtec","isPartOf":{"@id":"https:\/\/stage.nordtec.se\/fi\/#website"},"primaryImageOfPage":{"@id":"https:\/\/stage.nordtec.se\/fi\/tuote\/matsystem\/celsicom-generation-1\/tradlos-givare-for-c-och-rh-med-sensirionsensor\/#primaryimage"},"image":{"@id":"https:\/\/stage.nordtec.se\/fi\/tuote\/matsystem\/celsicom-generation-1\/tradlos-givare-for-c-och-rh-med-sensirionsensor\/#primaryimage"},"thumbnailUrl":"https:\/\/stage.nordtec.se\/wp-content\/uploads\/2014\/03\/7060-2016_Celsicom-Radiogivare_Fukt-Temp_Sensirion_800px.png","datePublished":"2014-03-12T10:48:00+00:00","dateModified":"2025-09-01T07:30:09+00:00","description":"Celsicom radiogivare, givarmodell THS21 f\u00f6r tr\u00e5dl\u00f6s \u00f6vervakning av temperatur och fukt.","breadcrumb":{"@id":"https:\/\/stage.nordtec.se\/fi\/tuote\/matsystem\/celsicom-generation-1\/tradlos-givare-for-c-och-rh-med-sensirionsensor\/#breadcrumb"},"inLanguage":"fi","potentialAction":[{"@type":"ReadAction","target":["https:\/\/stage.nordtec.se\/fi\/tuote\/matsystem\/celsicom-generation-1\/tradlos-givare-for-c-och-rh-med-sensirionsensor\/"]}]},{"@type":"ImageObject","inLanguage":"fi","@id":"https:\/\/stage.nordtec.se\/fi\/tuote\/matsystem\/celsicom-generation-1\/tradlos-givare-for-c-och-rh-med-sensirionsensor\/#primaryimage","url":"https:\/\/stage.nordtec.se\/wp-content\/uploads\/2014\/03\/7060-2016_Celsicom-Radiogivare_Fukt-Temp_Sensirion_800px.png","contentUrl":"https:\/\/stage.nordtec.se\/wp-content\/uploads\/2014\/03\/7060-2016_Celsicom-Radiogivare_Fukt-Temp_Sensirion_800px.png","width":800,"height":800,"caption":"7060 2016 Celsicom Radiogivare Fukt Temperatur Sensirion"},{"@type":"BreadcrumbList","@id":"https:\/\/stage.nordtec.se\/fi\/tuote\/matsystem\/celsicom-generation-1\/tradlos-givare-for-c-och-rh-med-sensirionsensor\/#breadcrumb","itemListElement":[{"@type":"ListItem","position":1,"name":"Hem","item":"https:\/\/stage.nordtec.se\/fi\/"},{"@type":"ListItem","position":2,"name":"Kauppa","item":"https:\/\/stage.nordtec.se\/produkter\/"},{"@type":"ListItem","position":3,"name":"Tr\u00e5dl\u00f6s givare f\u00f6r \u00b0C och %RH med Sensirionsensor"}]},{"@type":"WebSite","@id":"https:\/\/stage.nordtec.se\/fi\/#website","url":"https:\/\/stage.nordtec.se\/fi\/","name":"Nordtec","description":"Din partner inom m\u00e4tteknik","publisher":{"@id":"https:\/\/stage.nordtec.se\/fi\/#organization"},"potentialAction":[{"@type":"SearchAction","target":{"@type":"EntryPoint","urlTemplate":"https:\/\/stage.nordtec.se\/fi\/?s={search_term_string}"},"query-input":{"@type":"PropertyValueSpecification","valueRequired":true,"valueName":"search_term_string"}}],"inLanguage":"fi"},{"@type":"Organization","@id":"https:\/\/stage.nordtec.se\/fi\/#organization","name":"Nordtec Instrument AB","url":"https:\/\/stage.nordtec.se\/fi\/","logo":{"@type":"ImageObject","inLanguage":"fi","@id":"https:\/\/stage.nordtec.se\/fi\/#\/schema\/logo\/image\/","url":"https:\/\/stage.nordtec.se\/wp-content\/uploads\/2021\/08\/nordtec_logo_rgb-340px.png","contentUrl":"https:\/\/stage.nordtec.se\/wp-content\/uploads\/2021\/08\/nordtec_logo_rgb-340px.png","width":340,"height":75,"caption":"Nordtec Instrument AB"},"image":{"@id":"https:\/\/stage.nordtec.se\/fi\/#\/schema\/logo\/image\/"},"sameAs":["https:\/\/www.facebook.com\/nordtecinstrument","https:\/\/www.instagram.com\/nordtec_instrument\/","https:\/\/www.linkedin.com\/company\/nordtec-instrument-ab\/","https:\/\/www.youtube.com\/channel\/UCbmAq3ZmfBKOGg7_igFURng"]}]}},"taxonomy_info":{"product_cat":[{"value":62,"label":"Celsicom generation 1"},{"value":177,"label":"Givare"}]},"featured_image_src_large":["https:\/\/stage.nordtec.se\/wp-content\/uploads\/2014\/03\/7060-2016_Celsicom-Radiogivare_Fukt-Temp_Sensirion_800px.png",800,800,false],"author_info":[],"comment_info":"","_links":{"self":[{"href":"https:\/\/stage.nordtec.se\/fi\/wp-json\/wp\/v2\/product\/6497","targetHints":{"allow":["GET"]}}],"collection":[{"href":"https:\/\/stage.nordtec.se\/fi\/wp-json\/wp\/v2\/product"}],"about":[{"href":"https:\/\/stage.nordtec.se\/fi\/wp-json\/wp\/v2\/types\/product"}],"version-history":[{"count":2,"href":"https:\/\/stage.nordtec.se\/fi\/wp-json\/wp\/v2\/product\/6497\/revisions"}],"predecessor-version":[{"id":23696,"href":"https:\/\/stage.nordtec.se\/fi\/wp-json\/wp\/v2\/product\/6497\/revisions\/23696"}],"wp:featuredmedia":[{"embeddable":true,"href":"https:\/\/stage.nordtec.se\/fi\/wp-json\/wp\/v2\/media\/22529"}],"wp:attachment":[{"href":"https:\/\/stage.nordtec.se\/fi\/wp-json\/wp\/v2\/media?parent=6497"}],"wp:term":[{"taxonomy":"product_brand","embeddable":true,"href":"https:\/\/stage.nordtec.se\/fi\/wp-json\/wp\/v2\/product_brand?post=6497"},{"taxonomy":"product_cat","embeddable":true,"href":"https:\/\/stage.nordtec.se\/fi\/wp-json\/wp\/v2\/product_cat?post=6497"},{"taxonomy":"product_tag","embeddable":true,"href":"https:\/\/stage.nordtec.se\/fi\/wp-json\/wp\/v2\/product_tag?post=6497"}],"curies":[{"name":"wp","href":"https:\/\/api.w.org\/{rel}","templated":true}]}}