{"id":6485,"date":"2014-08-21T11:42:00","date_gmt":"2014-08-21T09:42:00","guid":{"rendered":"https:\/\/stage.nordtec.se\/product\/okategoriserad\/adapter-for-anslutning-av-externa-analogsignaler\/"},"modified":"2025-09-12T14:18:21","modified_gmt":"2025-09-12T12:18:21","slug":"adapter-for-anslutning-av-externa-analogsignaler","status":"publish","type":"product","link":"https:\/\/stage.nordtec.se\/fi\/tuote\/matsystem\/celsicom-generation-1\/adapter-for-anslutning-av-externa-analogsignaler\/","title":{"rendered":"Adapter f\u00f6r anslutning av externa analogsignaler"},"content":{"rendered":"","protected":false},"excerpt":{"rendered":"<p>Detta \u00e4r en analogadapter som anv\u00e4nds f\u00f6r att ansluta givare med analogutg\u00e5ngar, t.ex. 0-10V eller 4-20mA. Genom denna adapter kan allts\u00e5 en m\u00e4ngd olika givare anslutas, som t.ex. m\u00e4tare f\u00f6r CO2, tryck, fl\u00f6de m.m. Ansluts till Celsicom basstation via det tr\u00e5dbundna 1-wiresystemet.<\/p>\n<ul>\n<li>Flera adapterboxar kan anslutas till samma basstation. \u00c4ven blandade typer av boxar och givare.<\/li>\n<li><strong>Format:<\/strong> l 65, b 65, d 28 mm<\/li>\n<li><strong>Ing\u00e5r:<\/strong> adapterbox samt 1m 1-wirekabel.<\/li>\n<\/ul>\n","protected":false},"featured_media":22517,"template":"","meta":{"_kad_blocks_custom_css":"","_kad_blocks_head_custom_js":"","_kad_blocks_body_custom_js":"","_kad_blocks_footer_custom_js":"","footnotes":""},"product_brand":[],"product_cat":[62,177],"product_tag":[],"class_list":{"0":"post-6485","1":"product","2":"type-product","3":"status-publish","4":"has-post-thumbnail","6":"product_cat-celsicom-generation-1","7":"product_cat-givare","9":"first","10":"instock","11":"taxable","12":"shipping-taxable","13":"purchasable","14":"product-type-simple"},"yoast_head":"<!-- This site is optimized with the Yoast SEO Premium plugin v25.8 (Yoast SEO v27.5) - https:\/\/yoast.com\/product\/yoast-seo-premium-wordpress\/ -->\n<title>Adapter f\u00f6r anslutning av externa analogsignaler | Nordtec<\/title>\n<meta name=\"description\" content=\"Genom denna Celsicom-adapter kan en m\u00e4ngd olika givare anslutas, som t.ex. m\u00e4tare f\u00f6r CO2, tryck, fl\u00f6de m.m.\" \/>\n<meta name=\"robots\" content=\"noindex, follow, max-snippet:-1, max-image-preview:large, max-video-preview:-1\" \/>\n<meta property=\"og:locale\" content=\"fi_FI\" \/>\n<meta property=\"og:type\" content=\"article\" \/>\n<meta property=\"og:title\" content=\"Adapter f\u00f6r anslutning av externa analogsignaler\" \/>\n<meta property=\"og:description\" content=\"Genom denna Celsicom-adapter kan en m\u00e4ngd olika givare anslutas, som t.ex. m\u00e4tare f\u00f6r CO2, tryck, fl\u00f6de m.m.\" \/>\n<meta property=\"og:url\" content=\"https:\/\/stage.nordtec.se\/fi\/tuote\/matsystem\/celsicom-generation-1\/adapter-for-anslutning-av-externa-analogsignaler\/\" \/>\n<meta property=\"og:site_name\" content=\"Nordtec\" \/>\n<meta property=\"article:publisher\" content=\"https:\/\/www.facebook.com\/nordtecinstrument\" \/>\n<meta property=\"article:modified_time\" content=\"2025-09-12T12:18:21+00:00\" \/>\n<meta property=\"og:image\" content=\"https:\/\/stage.nordtec.se\/wp-content\/uploads\/2016\/02\/7030-0301_GivarAdapter_Analog_800px.png\" \/>\n\t<meta property=\"og:image:width\" content=\"800\" \/>\n\t<meta property=\"og:image:height\" content=\"800\" \/>\n\t<meta property=\"og:image:type\" content=\"image\/png\" \/>\n<meta name=\"twitter:card\" content=\"summary_large_image\" \/>\n<script type=\"application\/ld+json\" class=\"yoast-schema-graph\">{\"@context\":\"https:\\\/\\\/schema.org\",\"@graph\":[{\"@type\":[\"WebPage\",\"ItemPage\"],\"@id\":\"https:\\\/\\\/stage.nordtec.se\\\/fi\\\/tuote\\\/matsystem\\\/celsicom-generation-1\\\/adapter-for-anslutning-av-externa-analogsignaler\\\/\",\"url\":\"https:\\\/\\\/stage.nordtec.se\\\/fi\\\/tuote\\\/matsystem\\\/celsicom-generation-1\\\/adapter-for-anslutning-av-externa-analogsignaler\\\/\",\"name\":\"Adapter f\u00f6r anslutning av externa analogsignaler | Nordtec\",\"isPartOf\":{\"@id\":\"https:\\\/\\\/stage.nordtec.se\\\/fi\\\/#website\"},\"primaryImageOfPage\":{\"@id\":\"https:\\\/\\\/stage.nordtec.se\\\/fi\\\/tuote\\\/matsystem\\\/celsicom-generation-1\\\/adapter-for-anslutning-av-externa-analogsignaler\\\/#primaryimage\"},\"image\":{\"@id\":\"https:\\\/\\\/stage.nordtec.se\\\/fi\\\/tuote\\\/matsystem\\\/celsicom-generation-1\\\/adapter-for-anslutning-av-externa-analogsignaler\\\/#primaryimage\"},\"thumbnailUrl\":\"https:\\\/\\\/stage.nordtec.se\\\/wp-content\\\/uploads\\\/2016\\\/02\\\/7030-0301_GivarAdapter_Analog_800px.png\",\"datePublished\":\"2014-08-21T09:42:00+00:00\",\"dateModified\":\"2025-09-12T12:18:21+00:00\",\"description\":\"Genom denna Celsicom-adapter kan en m\u00e4ngd olika givare anslutas, som t.ex. m\u00e4tare f\u00f6r CO2, tryck, fl\u00f6de m.m.\",\"breadcrumb\":{\"@id\":\"https:\\\/\\\/stage.nordtec.se\\\/fi\\\/tuote\\\/matsystem\\\/celsicom-generation-1\\\/adapter-for-anslutning-av-externa-analogsignaler\\\/#breadcrumb\"},\"inLanguage\":\"fi\",\"potentialAction\":[{\"@type\":\"ReadAction\",\"target\":[\"https:\\\/\\\/stage.nordtec.se\\\/fi\\\/tuote\\\/matsystem\\\/celsicom-generation-1\\\/adapter-for-anslutning-av-externa-analogsignaler\\\/\"]}]},{\"@type\":\"ImageObject\",\"inLanguage\":\"fi\",\"@id\":\"https:\\\/\\\/stage.nordtec.se\\\/fi\\\/tuote\\\/matsystem\\\/celsicom-generation-1\\\/adapter-for-anslutning-av-externa-analogsignaler\\\/#primaryimage\",\"url\":\"https:\\\/\\\/stage.nordtec.se\\\/wp-content\\\/uploads\\\/2016\\\/02\\\/7030-0301_GivarAdapter_Analog_800px.png\",\"contentUrl\":\"https:\\\/\\\/stage.nordtec.se\\\/wp-content\\\/uploads\\\/2016\\\/02\\\/7030-0301_GivarAdapter_Analog_800px.png\",\"width\":800,\"height\":800,\"caption\":\"7030 0201 0301 Celsicom Givaradapter Analog Pulsr\u00e4knare\"},{\"@type\":\"BreadcrumbList\",\"@id\":\"https:\\\/\\\/stage.nordtec.se\\\/fi\\\/tuote\\\/matsystem\\\/celsicom-generation-1\\\/adapter-for-anslutning-av-externa-analogsignaler\\\/#breadcrumb\",\"itemListElement\":[{\"@type\":\"ListItem\",\"position\":1,\"name\":\"Hem\",\"item\":\"https:\\\/\\\/stage.nordtec.se\\\/fi\\\/\"},{\"@type\":\"ListItem\",\"position\":2,\"name\":\"Kauppa\",\"item\":\"https:\\\/\\\/stage.nordtec.se\\\/produkter\\\/\"},{\"@type\":\"ListItem\",\"position\":3,\"name\":\"Adapter f\u00f6r anslutning av externa analogsignaler\"}]},{\"@type\":\"WebSite\",\"@id\":\"https:\\\/\\\/stage.nordtec.se\\\/fi\\\/#website\",\"url\":\"https:\\\/\\\/stage.nordtec.se\\\/fi\\\/\",\"name\":\"Nordtec\",\"description\":\"Din partner inom m\u00e4tteknik\",\"publisher\":{\"@id\":\"https:\\\/\\\/stage.nordtec.se\\\/fi\\\/#organization\"},\"potentialAction\":[{\"@type\":\"SearchAction\",\"target\":{\"@type\":\"EntryPoint\",\"urlTemplate\":\"https:\\\/\\\/stage.nordtec.se\\\/fi\\\/?s={search_term_string}\"},\"query-input\":{\"@type\":\"PropertyValueSpecification\",\"valueRequired\":true,\"valueName\":\"search_term_string\"}}],\"inLanguage\":\"fi\"},{\"@type\":\"Organization\",\"@id\":\"https:\\\/\\\/stage.nordtec.se\\\/fi\\\/#organization\",\"name\":\"Nordtec Instrument AB\",\"url\":\"https:\\\/\\\/stage.nordtec.se\\\/fi\\\/\",\"logo\":{\"@type\":\"ImageObject\",\"inLanguage\":\"fi\",\"@id\":\"https:\\\/\\\/stage.nordtec.se\\\/fi\\\/#\\\/schema\\\/logo\\\/image\\\/\",\"url\":\"https:\\\/\\\/stage.nordtec.se\\\/wp-content\\\/uploads\\\/2021\\\/08\\\/nordtec_logo_rgb-340px.png\",\"contentUrl\":\"https:\\\/\\\/stage.nordtec.se\\\/wp-content\\\/uploads\\\/2021\\\/08\\\/nordtec_logo_rgb-340px.png\",\"width\":340,\"height\":75,\"caption\":\"Nordtec Instrument AB\"},\"image\":{\"@id\":\"https:\\\/\\\/stage.nordtec.se\\\/fi\\\/#\\\/schema\\\/logo\\\/image\\\/\"},\"sameAs\":[\"https:\\\/\\\/www.facebook.com\\\/nordtecinstrument\",\"https:\\\/\\\/www.instagram.com\\\/nordtec_instrument\\\/\",\"https:\\\/\\\/www.linkedin.com\\\/company\\\/nordtec-instrument-ab\\\/\",\"https:\\\/\\\/www.youtube.com\\\/channel\\\/UCbmAq3ZmfBKOGg7_igFURng\"]}]}<\/script>\n<!-- \/ Yoast SEO Premium plugin. -->","yoast_head_json":{"title":"Adapter f\u00f6r anslutning av externa analogsignaler | Nordtec","description":"Genom denna Celsicom-adapter kan en m\u00e4ngd olika givare anslutas, som t.ex. m\u00e4tare f\u00f6r CO2, tryck, fl\u00f6de m.m.","robots":{"index":"noindex","follow":"follow","max-snippet":"max-snippet:-1","max-image-preview":"max-image-preview:large","max-video-preview":"max-video-preview:-1"},"og_locale":"fi_FI","og_type":"article","og_title":"Adapter f\u00f6r anslutning av externa analogsignaler","og_description":"Genom denna Celsicom-adapter kan en m\u00e4ngd olika givare anslutas, som t.ex. m\u00e4tare f\u00f6r CO2, tryck, fl\u00f6de m.m.","og_url":"https:\/\/stage.nordtec.se\/fi\/tuote\/matsystem\/celsicom-generation-1\/adapter-for-anslutning-av-externa-analogsignaler\/","og_site_name":"Nordtec","article_publisher":"https:\/\/www.facebook.com\/nordtecinstrument","article_modified_time":"2025-09-12T12:18:21+00:00","og_image":[{"width":800,"height":800,"url":"https:\/\/stage.nordtec.se\/wp-content\/uploads\/2016\/02\/7030-0301_GivarAdapter_Analog_800px.png","type":"image\/png"}],"twitter_card":"summary_large_image","schema":{"@context":"https:\/\/schema.org","@graph":[{"@type":["WebPage","ItemPage"],"@id":"https:\/\/stage.nordtec.se\/fi\/tuote\/matsystem\/celsicom-generation-1\/adapter-for-anslutning-av-externa-analogsignaler\/","url":"https:\/\/stage.nordtec.se\/fi\/tuote\/matsystem\/celsicom-generation-1\/adapter-for-anslutning-av-externa-analogsignaler\/","name":"Adapter f\u00f6r anslutning av externa analogsignaler | Nordtec","isPartOf":{"@id":"https:\/\/stage.nordtec.se\/fi\/#website"},"primaryImageOfPage":{"@id":"https:\/\/stage.nordtec.se\/fi\/tuote\/matsystem\/celsicom-generation-1\/adapter-for-anslutning-av-externa-analogsignaler\/#primaryimage"},"image":{"@id":"https:\/\/stage.nordtec.se\/fi\/tuote\/matsystem\/celsicom-generation-1\/adapter-for-anslutning-av-externa-analogsignaler\/#primaryimage"},"thumbnailUrl":"https:\/\/stage.nordtec.se\/wp-content\/uploads\/2016\/02\/7030-0301_GivarAdapter_Analog_800px.png","datePublished":"2014-08-21T09:42:00+00:00","dateModified":"2025-09-12T12:18:21+00:00","description":"Genom denna Celsicom-adapter kan en m\u00e4ngd olika givare anslutas, som t.ex. m\u00e4tare f\u00f6r CO2, tryck, fl\u00f6de m.m.","breadcrumb":{"@id":"https:\/\/stage.nordtec.se\/fi\/tuote\/matsystem\/celsicom-generation-1\/adapter-for-anslutning-av-externa-analogsignaler\/#breadcrumb"},"inLanguage":"fi","potentialAction":[{"@type":"ReadAction","target":["https:\/\/stage.nordtec.se\/fi\/tuote\/matsystem\/celsicom-generation-1\/adapter-for-anslutning-av-externa-analogsignaler\/"]}]},{"@type":"ImageObject","inLanguage":"fi","@id":"https:\/\/stage.nordtec.se\/fi\/tuote\/matsystem\/celsicom-generation-1\/adapter-for-anslutning-av-externa-analogsignaler\/#primaryimage","url":"https:\/\/stage.nordtec.se\/wp-content\/uploads\/2016\/02\/7030-0301_GivarAdapter_Analog_800px.png","contentUrl":"https:\/\/stage.nordtec.se\/wp-content\/uploads\/2016\/02\/7030-0301_GivarAdapter_Analog_800px.png","width":800,"height":800,"caption":"7030 0201 0301 Celsicom Givaradapter Analog Pulsr\u00e4knare"},{"@type":"BreadcrumbList","@id":"https:\/\/stage.nordtec.se\/fi\/tuote\/matsystem\/celsicom-generation-1\/adapter-for-anslutning-av-externa-analogsignaler\/#breadcrumb","itemListElement":[{"@type":"ListItem","position":1,"name":"Hem","item":"https:\/\/stage.nordtec.se\/fi\/"},{"@type":"ListItem","position":2,"name":"Kauppa","item":"https:\/\/stage.nordtec.se\/produkter\/"},{"@type":"ListItem","position":3,"name":"Adapter f\u00f6r anslutning av externa analogsignaler"}]},{"@type":"WebSite","@id":"https:\/\/stage.nordtec.se\/fi\/#website","url":"https:\/\/stage.nordtec.se\/fi\/","name":"Nordtec","description":"Din partner inom m\u00e4tteknik","publisher":{"@id":"https:\/\/stage.nordtec.se\/fi\/#organization"},"potentialAction":[{"@type":"SearchAction","target":{"@type":"EntryPoint","urlTemplate":"https:\/\/stage.nordtec.se\/fi\/?s={search_term_string}"},"query-input":{"@type":"PropertyValueSpecification","valueRequired":true,"valueName":"search_term_string"}}],"inLanguage":"fi"},{"@type":"Organization","@id":"https:\/\/stage.nordtec.se\/fi\/#organization","name":"Nordtec Instrument AB","url":"https:\/\/stage.nordtec.se\/fi\/","logo":{"@type":"ImageObject","inLanguage":"fi","@id":"https:\/\/stage.nordtec.se\/fi\/#\/schema\/logo\/image\/","url":"https:\/\/stage.nordtec.se\/wp-content\/uploads\/2021\/08\/nordtec_logo_rgb-340px.png","contentUrl":"https:\/\/stage.nordtec.se\/wp-content\/uploads\/2021\/08\/nordtec_logo_rgb-340px.png","width":340,"height":75,"caption":"Nordtec Instrument AB"},"image":{"@id":"https:\/\/stage.nordtec.se\/fi\/#\/schema\/logo\/image\/"},"sameAs":["https:\/\/www.facebook.com\/nordtecinstrument","https:\/\/www.instagram.com\/nordtec_instrument\/","https:\/\/www.linkedin.com\/company\/nordtec-instrument-ab\/","https:\/\/www.youtube.com\/channel\/UCbmAq3ZmfBKOGg7_igFURng"]}]}},"taxonomy_info":{"product_cat":[{"value":62,"label":"Celsicom generation 1"},{"value":177,"label":"Givare"}]},"featured_image_src_large":["https:\/\/stage.nordtec.se\/wp-content\/uploads\/2016\/02\/7030-0301_GivarAdapter_Analog_800px.png",800,800,false],"author_info":[],"comment_info":"","_links":{"self":[{"href":"https:\/\/stage.nordtec.se\/fi\/wp-json\/wp\/v2\/product\/6485","targetHints":{"allow":["GET"]}}],"collection":[{"href":"https:\/\/stage.nordtec.se\/fi\/wp-json\/wp\/v2\/product"}],"about":[{"href":"https:\/\/stage.nordtec.se\/fi\/wp-json\/wp\/v2\/types\/product"}],"version-history":[{"count":3,"href":"https:\/\/stage.nordtec.se\/fi\/wp-json\/wp\/v2\/product\/6485\/revisions"}],"predecessor-version":[{"id":23680,"href":"https:\/\/stage.nordtec.se\/fi\/wp-json\/wp\/v2\/product\/6485\/revisions\/23680"}],"wp:featuredmedia":[{"embeddable":true,"href":"https:\/\/stage.nordtec.se\/fi\/wp-json\/wp\/v2\/media\/22517"}],"wp:attachment":[{"href":"https:\/\/stage.nordtec.se\/fi\/wp-json\/wp\/v2\/media?parent=6485"}],"wp:term":[{"taxonomy":"product_brand","embeddable":true,"href":"https:\/\/stage.nordtec.se\/fi\/wp-json\/wp\/v2\/product_brand?post=6485"},{"taxonomy":"product_cat","embeddable":true,"href":"https:\/\/stage.nordtec.se\/fi\/wp-json\/wp\/v2\/product_cat?post=6485"},{"taxonomy":"product_tag","embeddable":true,"href":"https:\/\/stage.nordtec.se\/fi\/wp-json\/wp\/v2\/product_tag?post=6485"}],"curies":[{"name":"wp","href":"https:\/\/api.w.org\/{rel}","templated":true}]}}