{"id":6427,"date":"2016-09-14T09:57:00","date_gmt":"2016-09-14T07:57:00","guid":{"rendered":"https:\/\/stage.nordtec.se\/product\/okategoriserad\/tradlos-temperaturgivare-med-6-m-kabel\/"},"modified":"2025-11-05T11:18:33","modified_gmt":"2025-11-05T09:18:33","slug":"tradlos-temperaturgivare-med-6-m-kabel","status":"publish","type":"product","link":"https:\/\/stage.nordtec.se\/fi\/tuote\/matsystem\/celsicom-generation-1\/tradlos-temperaturgivare-med-6-m-kabel\/","title":{"rendered":"Tr\u00e5dl\u00f6s temperaturgivare med 6 m kabel"},"content":{"rendered":"","protected":false},"excerpt":{"rendered":"<p>Givarmodell T501C\u00a0f\u00f6r tr\u00e5dl\u00f6s \u00f6vervakning av temperatur i exempelvis kylsk\u00e5p, frysar etc.<\/p>\n<p>R\u00e4ckvidd 700 meter vid fri sikt.<\/p>\n","protected":false},"featured_media":22505,"template":"","meta":{"_kad_blocks_custom_css":"","_kad_blocks_head_custom_js":"","_kad_blocks_body_custom_js":"","_kad_blocks_footer_custom_js":"","footnotes":""},"product_brand":[],"product_cat":[62,177],"product_tag":[],"class_list":{"0":"post-6427","1":"product","2":"type-product","3":"status-publish","4":"has-post-thumbnail","6":"product_cat-celsicom-generation-1","7":"product_cat-givare","9":"first","10":"instock","11":"taxable","12":"shipping-taxable","13":"purchasable","14":"product-type-simple"},"yoast_head":"<!-- This site is optimized with the Yoast SEO Premium plugin v25.8 (Yoast SEO v27.4) - https:\/\/yoast.com\/product\/yoast-seo-premium-wordpress\/ -->\n<title>Tr\u00e5dl\u00f6s temperaturgivare med 6 m kabel | Nordtec<\/title>\n<meta name=\"description\" content=\"Givarmodell T501C f\u00f6r tr\u00e5dl\u00f6s \u00f6vervakning av temperatur i exempelvis kylsk\u00e5p, frysar etc. R\u00e4ckvidd 700 meter vid fri sikt.\" \/>\n<meta name=\"robots\" content=\"noindex, follow, max-snippet:-1, max-image-preview:large, max-video-preview:-1\" \/>\n<meta property=\"og:locale\" content=\"fi_FI\" \/>\n<meta property=\"og:type\" content=\"article\" \/>\n<meta property=\"og:title\" content=\"Tr\u00e5dl\u00f6s temperaturgivare med 6 m kabel\" \/>\n<meta property=\"og:description\" content=\"Givarmodell T501C f\u00f6r tr\u00e5dl\u00f6s \u00f6vervakning av temperatur i exempelvis kylsk\u00e5p, frysar etc. R\u00e4ckvidd 700 meter vid fri sikt.\" \/>\n<meta property=\"og:url\" content=\"https:\/\/stage.nordtec.se\/fi\/tuote\/matsystem\/celsicom-generation-1\/tradlos-temperaturgivare-med-6-m-kabel\/\" \/>\n<meta property=\"og:site_name\" content=\"Nordtec\" \/>\n<meta property=\"article:publisher\" content=\"https:\/\/www.facebook.com\/nordtecinstrument\" \/>\n<meta property=\"article:modified_time\" content=\"2025-11-05T09:18:33+00:00\" \/>\n<meta property=\"og:image\" content=\"https:\/\/stage.nordtec.se\/wp-content\/uploads\/2016\/09\/7090-5012-Celsicom-givare-extern-temp.png\" \/>\n\t<meta property=\"og:image:width\" content=\"800\" \/>\n\t<meta property=\"og:image:height\" content=\"800\" \/>\n\t<meta property=\"og:image:type\" content=\"image\/png\" \/>\n<meta name=\"twitter:card\" content=\"summary_large_image\" \/>\n<script type=\"application\/ld+json\" class=\"yoast-schema-graph\">{\"@context\":\"https:\\\/\\\/schema.org\",\"@graph\":[{\"@type\":[\"WebPage\",\"ItemPage\"],\"@id\":\"https:\\\/\\\/stage.nordtec.se\\\/fi\\\/tuote\\\/matsystem\\\/celsicom-generation-1\\\/tradlos-temperaturgivare-med-6-m-kabel\\\/\",\"url\":\"https:\\\/\\\/stage.nordtec.se\\\/fi\\\/tuote\\\/matsystem\\\/celsicom-generation-1\\\/tradlos-temperaturgivare-med-6-m-kabel\\\/\",\"name\":\"Tr\u00e5dl\u00f6s temperaturgivare med 6 m kabel | Nordtec\",\"isPartOf\":{\"@id\":\"https:\\\/\\\/stage.nordtec.se\\\/fi\\\/#website\"},\"primaryImageOfPage\":{\"@id\":\"https:\\\/\\\/stage.nordtec.se\\\/fi\\\/tuote\\\/matsystem\\\/celsicom-generation-1\\\/tradlos-temperaturgivare-med-6-m-kabel\\\/#primaryimage\"},\"image\":{\"@id\":\"https:\\\/\\\/stage.nordtec.se\\\/fi\\\/tuote\\\/matsystem\\\/celsicom-generation-1\\\/tradlos-temperaturgivare-med-6-m-kabel\\\/#primaryimage\"},\"thumbnailUrl\":\"https:\\\/\\\/stage.nordtec.se\\\/wp-content\\\/uploads\\\/2016\\\/09\\\/7090-5012-Celsicom-givare-extern-temp.png\",\"datePublished\":\"2016-09-14T07:57:00+00:00\",\"dateModified\":\"2025-11-05T09:18:33+00:00\",\"description\":\"Givarmodell T501C f\u00f6r tr\u00e5dl\u00f6s \u00f6vervakning av temperatur i exempelvis kylsk\u00e5p, frysar etc. R\u00e4ckvidd 700 meter vid fri sikt.\",\"breadcrumb\":{\"@id\":\"https:\\\/\\\/stage.nordtec.se\\\/fi\\\/tuote\\\/matsystem\\\/celsicom-generation-1\\\/tradlos-temperaturgivare-med-6-m-kabel\\\/#breadcrumb\"},\"inLanguage\":\"fi\",\"potentialAction\":[{\"@type\":\"ReadAction\",\"target\":[\"https:\\\/\\\/stage.nordtec.se\\\/fi\\\/tuote\\\/matsystem\\\/celsicom-generation-1\\\/tradlos-temperaturgivare-med-6-m-kabel\\\/\"]}]},{\"@type\":\"ImageObject\",\"inLanguage\":\"fi\",\"@id\":\"https:\\\/\\\/stage.nordtec.se\\\/fi\\\/tuote\\\/matsystem\\\/celsicom-generation-1\\\/tradlos-temperaturgivare-med-6-m-kabel\\\/#primaryimage\",\"url\":\"https:\\\/\\\/stage.nordtec.se\\\/wp-content\\\/uploads\\\/2016\\\/09\\\/7090-5012-Celsicom-givare-extern-temp.png\",\"contentUrl\":\"https:\\\/\\\/stage.nordtec.se\\\/wp-content\\\/uploads\\\/2016\\\/09\\\/7090-5012-Celsicom-givare-extern-temp.png\",\"width\":800,\"height\":800,\"caption\":\"7090 5012-5016 Celsicom givare extern temperatur\"},{\"@type\":\"BreadcrumbList\",\"@id\":\"https:\\\/\\\/stage.nordtec.se\\\/fi\\\/tuote\\\/matsystem\\\/celsicom-generation-1\\\/tradlos-temperaturgivare-med-6-m-kabel\\\/#breadcrumb\",\"itemListElement\":[{\"@type\":\"ListItem\",\"position\":1,\"name\":\"Hem\",\"item\":\"https:\\\/\\\/stage.nordtec.se\\\/fi\\\/\"},{\"@type\":\"ListItem\",\"position\":2,\"name\":\"Kauppa\",\"item\":\"https:\\\/\\\/stage.nordtec.se\\\/produkter\\\/\"},{\"@type\":\"ListItem\",\"position\":3,\"name\":\"Tr\u00e5dl\u00f6s temperaturgivare med 6 m kabel\"}]},{\"@type\":\"WebSite\",\"@id\":\"https:\\\/\\\/stage.nordtec.se\\\/fi\\\/#website\",\"url\":\"https:\\\/\\\/stage.nordtec.se\\\/fi\\\/\",\"name\":\"Nordtec\",\"description\":\"Din partner inom m\u00e4tteknik\",\"publisher\":{\"@id\":\"https:\\\/\\\/stage.nordtec.se\\\/fi\\\/#organization\"},\"potentialAction\":[{\"@type\":\"SearchAction\",\"target\":{\"@type\":\"EntryPoint\",\"urlTemplate\":\"https:\\\/\\\/stage.nordtec.se\\\/fi\\\/?s={search_term_string}\"},\"query-input\":{\"@type\":\"PropertyValueSpecification\",\"valueRequired\":true,\"valueName\":\"search_term_string\"}}],\"inLanguage\":\"fi\"},{\"@type\":\"Organization\",\"@id\":\"https:\\\/\\\/stage.nordtec.se\\\/fi\\\/#organization\",\"name\":\"Nordtec Instrument AB\",\"url\":\"https:\\\/\\\/stage.nordtec.se\\\/fi\\\/\",\"logo\":{\"@type\":\"ImageObject\",\"inLanguage\":\"fi\",\"@id\":\"https:\\\/\\\/stage.nordtec.se\\\/fi\\\/#\\\/schema\\\/logo\\\/image\\\/\",\"url\":\"https:\\\/\\\/stage.nordtec.se\\\/wp-content\\\/uploads\\\/2021\\\/08\\\/nordtec_logo_rgb-340px.png\",\"contentUrl\":\"https:\\\/\\\/stage.nordtec.se\\\/wp-content\\\/uploads\\\/2021\\\/08\\\/nordtec_logo_rgb-340px.png\",\"width\":340,\"height\":75,\"caption\":\"Nordtec Instrument AB\"},\"image\":{\"@id\":\"https:\\\/\\\/stage.nordtec.se\\\/fi\\\/#\\\/schema\\\/logo\\\/image\\\/\"},\"sameAs\":[\"https:\\\/\\\/www.facebook.com\\\/nordtecinstrument\",\"https:\\\/\\\/www.instagram.com\\\/nordtec_instrument\\\/\",\"https:\\\/\\\/www.linkedin.com\\\/company\\\/nordtec-instrument-ab\\\/\",\"https:\\\/\\\/www.youtube.com\\\/channel\\\/UCbmAq3ZmfBKOGg7_igFURng\"]}]}<\/script>\n<!-- \/ Yoast SEO Premium plugin. -->","yoast_head_json":{"title":"Tr\u00e5dl\u00f6s temperaturgivare med 6 m kabel | Nordtec","description":"Givarmodell T501C f\u00f6r tr\u00e5dl\u00f6s \u00f6vervakning av temperatur i exempelvis kylsk\u00e5p, frysar etc. R\u00e4ckvidd 700 meter vid fri sikt.","robots":{"index":"noindex","follow":"follow","max-snippet":"max-snippet:-1","max-image-preview":"max-image-preview:large","max-video-preview":"max-video-preview:-1"},"og_locale":"fi_FI","og_type":"article","og_title":"Tr\u00e5dl\u00f6s temperaturgivare med 6 m kabel","og_description":"Givarmodell T501C f\u00f6r tr\u00e5dl\u00f6s \u00f6vervakning av temperatur i exempelvis kylsk\u00e5p, frysar etc. R\u00e4ckvidd 700 meter vid fri sikt.","og_url":"https:\/\/stage.nordtec.se\/fi\/tuote\/matsystem\/celsicom-generation-1\/tradlos-temperaturgivare-med-6-m-kabel\/","og_site_name":"Nordtec","article_publisher":"https:\/\/www.facebook.com\/nordtecinstrument","article_modified_time":"2025-11-05T09:18:33+00:00","og_image":[{"width":800,"height":800,"url":"https:\/\/stage.nordtec.se\/wp-content\/uploads\/2016\/09\/7090-5012-Celsicom-givare-extern-temp.png","type":"image\/png"}],"twitter_card":"summary_large_image","schema":{"@context":"https:\/\/schema.org","@graph":[{"@type":["WebPage","ItemPage"],"@id":"https:\/\/stage.nordtec.se\/fi\/tuote\/matsystem\/celsicom-generation-1\/tradlos-temperaturgivare-med-6-m-kabel\/","url":"https:\/\/stage.nordtec.se\/fi\/tuote\/matsystem\/celsicom-generation-1\/tradlos-temperaturgivare-med-6-m-kabel\/","name":"Tr\u00e5dl\u00f6s temperaturgivare med 6 m kabel | Nordtec","isPartOf":{"@id":"https:\/\/stage.nordtec.se\/fi\/#website"},"primaryImageOfPage":{"@id":"https:\/\/stage.nordtec.se\/fi\/tuote\/matsystem\/celsicom-generation-1\/tradlos-temperaturgivare-med-6-m-kabel\/#primaryimage"},"image":{"@id":"https:\/\/stage.nordtec.se\/fi\/tuote\/matsystem\/celsicom-generation-1\/tradlos-temperaturgivare-med-6-m-kabel\/#primaryimage"},"thumbnailUrl":"https:\/\/stage.nordtec.se\/wp-content\/uploads\/2016\/09\/7090-5012-Celsicom-givare-extern-temp.png","datePublished":"2016-09-14T07:57:00+00:00","dateModified":"2025-11-05T09:18:33+00:00","description":"Givarmodell T501C f\u00f6r tr\u00e5dl\u00f6s \u00f6vervakning av temperatur i exempelvis kylsk\u00e5p, frysar etc. R\u00e4ckvidd 700 meter vid fri sikt.","breadcrumb":{"@id":"https:\/\/stage.nordtec.se\/fi\/tuote\/matsystem\/celsicom-generation-1\/tradlos-temperaturgivare-med-6-m-kabel\/#breadcrumb"},"inLanguage":"fi","potentialAction":[{"@type":"ReadAction","target":["https:\/\/stage.nordtec.se\/fi\/tuote\/matsystem\/celsicom-generation-1\/tradlos-temperaturgivare-med-6-m-kabel\/"]}]},{"@type":"ImageObject","inLanguage":"fi","@id":"https:\/\/stage.nordtec.se\/fi\/tuote\/matsystem\/celsicom-generation-1\/tradlos-temperaturgivare-med-6-m-kabel\/#primaryimage","url":"https:\/\/stage.nordtec.se\/wp-content\/uploads\/2016\/09\/7090-5012-Celsicom-givare-extern-temp.png","contentUrl":"https:\/\/stage.nordtec.se\/wp-content\/uploads\/2016\/09\/7090-5012-Celsicom-givare-extern-temp.png","width":800,"height":800,"caption":"7090 5012-5016 Celsicom givare extern temperatur"},{"@type":"BreadcrumbList","@id":"https:\/\/stage.nordtec.se\/fi\/tuote\/matsystem\/celsicom-generation-1\/tradlos-temperaturgivare-med-6-m-kabel\/#breadcrumb","itemListElement":[{"@type":"ListItem","position":1,"name":"Hem","item":"https:\/\/stage.nordtec.se\/fi\/"},{"@type":"ListItem","position":2,"name":"Kauppa","item":"https:\/\/stage.nordtec.se\/produkter\/"},{"@type":"ListItem","position":3,"name":"Tr\u00e5dl\u00f6s temperaturgivare med 6 m kabel"}]},{"@type":"WebSite","@id":"https:\/\/stage.nordtec.se\/fi\/#website","url":"https:\/\/stage.nordtec.se\/fi\/","name":"Nordtec","description":"Din partner inom m\u00e4tteknik","publisher":{"@id":"https:\/\/stage.nordtec.se\/fi\/#organization"},"potentialAction":[{"@type":"SearchAction","target":{"@type":"EntryPoint","urlTemplate":"https:\/\/stage.nordtec.se\/fi\/?s={search_term_string}"},"query-input":{"@type":"PropertyValueSpecification","valueRequired":true,"valueName":"search_term_string"}}],"inLanguage":"fi"},{"@type":"Organization","@id":"https:\/\/stage.nordtec.se\/fi\/#organization","name":"Nordtec Instrument AB","url":"https:\/\/stage.nordtec.se\/fi\/","logo":{"@type":"ImageObject","inLanguage":"fi","@id":"https:\/\/stage.nordtec.se\/fi\/#\/schema\/logo\/image\/","url":"https:\/\/stage.nordtec.se\/wp-content\/uploads\/2021\/08\/nordtec_logo_rgb-340px.png","contentUrl":"https:\/\/stage.nordtec.se\/wp-content\/uploads\/2021\/08\/nordtec_logo_rgb-340px.png","width":340,"height":75,"caption":"Nordtec Instrument AB"},"image":{"@id":"https:\/\/stage.nordtec.se\/fi\/#\/schema\/logo\/image\/"},"sameAs":["https:\/\/www.facebook.com\/nordtecinstrument","https:\/\/www.instagram.com\/nordtec_instrument\/","https:\/\/www.linkedin.com\/company\/nordtec-instrument-ab\/","https:\/\/www.youtube.com\/channel\/UCbmAq3ZmfBKOGg7_igFURng"]}]}},"taxonomy_info":{"product_cat":[{"value":62,"label":"Celsicom generation 1"},{"value":177,"label":"Givare"}]},"featured_image_src_large":["https:\/\/stage.nordtec.se\/wp-content\/uploads\/2016\/09\/7090-5012-Celsicom-givare-extern-temp.png",800,800,false],"author_info":[],"comment_info":"","_links":{"self":[{"href":"https:\/\/stage.nordtec.se\/fi\/wp-json\/wp\/v2\/product\/6427","targetHints":{"allow":["GET"]}}],"collection":[{"href":"https:\/\/stage.nordtec.se\/fi\/wp-json\/wp\/v2\/product"}],"about":[{"href":"https:\/\/stage.nordtec.se\/fi\/wp-json\/wp\/v2\/types\/product"}],"version-history":[{"count":2,"href":"https:\/\/stage.nordtec.se\/fi\/wp-json\/wp\/v2\/product\/6427\/revisions"}],"predecessor-version":[{"id":22508,"href":"https:\/\/stage.nordtec.se\/fi\/wp-json\/wp\/v2\/product\/6427\/revisions\/22508"}],"wp:featuredmedia":[{"embeddable":true,"href":"https:\/\/stage.nordtec.se\/fi\/wp-json\/wp\/v2\/media\/22505"}],"wp:attachment":[{"href":"https:\/\/stage.nordtec.se\/fi\/wp-json\/wp\/v2\/media?parent=6427"}],"wp:term":[{"taxonomy":"product_brand","embeddable":true,"href":"https:\/\/stage.nordtec.se\/fi\/wp-json\/wp\/v2\/product_brand?post=6427"},{"taxonomy":"product_cat","embeddable":true,"href":"https:\/\/stage.nordtec.se\/fi\/wp-json\/wp\/v2\/product_cat?post=6427"},{"taxonomy":"product_tag","embeddable":true,"href":"https:\/\/stage.nordtec.se\/fi\/wp-json\/wp\/v2\/product_tag?post=6427"}],"curies":[{"name":"wp","href":"https:\/\/api.w.org\/{rel}","templated":true}]}}