{"id":57163,"date":"2022-03-30T16:14:55","date_gmt":"2022-03-30T14:14:55","guid":{"rendered":"https:\/\/stage.nordtec.se\/produkt\/Ei-luokiteltu\/testo-440-mittaussarja-jossa-on-kuumalanka-anturi\/"},"modified":"2022-03-30T16:14:55","modified_gmt":"2022-03-30T14:14:55","slug":"testo-440-mittaussarja-jossa-on-kuumalanka-anturi","status":"publish","type":"product","link":"https:\/\/stage.nordtec.se\/fi\/tuote\/mittauslaitteet\/ilmanvaihtolaite\/ilmavirtausmittari\/testo-440-mittaussarja-jossa-on-kuumalanka-anturi\/","title":{"rendered":"testo 440 &#8211; mittaussarja, jossa on kuumalanka-anturi"},"content":{"rendered":"<h2>Testisarja testo 440:ll\u00e4 ilmanvaihdon mittauksia varten kuumalanka-antureilla varustetuilla antureilla.<\/h2>\n<p>T\u00e4m\u00e4 mittaussarja sis\u00e4lt\u00e4\u00e4 testo 440 -ilmanvaihto- ja sis\u00e4ilmastomittarin. Siihen voidaan liitt\u00e4\u00e4 laaja valikoima digitaalisia antureita, testo SmartProbes -mittareita ja monia muita l\u00e4mp\u00f6tila-antureita. Selke\u00e4sti j\u00e4sennellyt mittausvalikot kanavien\/ilmanvaihtoaukkojen tilavuusvirralle, k-kertoimelle, turbulenssiasteelle, j\u00e4\u00e4hdytys-\/l\u00e4mmityskuormalle, kosteusvaurioriskin osoittamiselle ja lokitoiminnolle. N\u00e4iden valikoiden avulla voit viimeistell\u00e4 mittaustiedot nopeammin, tehokkaammin ja luotettavammin. Raportit voidaan vied\u00e4 Excel-tiedostoina USB-liit\u00e4nn\u00e4n kautta tai tulostaa paikan p\u00e4\u00e4ll\u00e4.    <\/p>\n<p>T\u00e4m\u00e4 on k\u00e4yt\u00e4nn\u00f6llinen mittaussarja ilman nopeuden, ilmavirran ja ilman l\u00e4mp\u00f6tilan mittaamiseen ilmanvaihtokanavissa. Mittalaite ja kuumalanka-anturi ovat eritt\u00e4in helppok\u00e4ytt\u00f6isi\u00e4 ja eritt\u00e4in k\u00e4tevi\u00e4 ilmanvaihtoj\u00e4rjestelmien s\u00e4\u00e4t\u00e4misess\u00e4. \u00c4lykk\u00e4\u00e4n kalibrointikonseptin ansiosta kahva ja mittalaite j\u00e4\u00e4v\u00e4t my\u00f6s sinulle. Irrota vain anturiosa ja l\u00e4het\u00e4 se meille, kun on kalibroinnin aika.   <\/p>\n<h2>Mittaussarjaan sis\u00e4ltyy<\/h2>\n<ul>\n<li>Testo 440 -ilmastomittari<\/li>\n<li><a href=\"https:\/\/www.nordtec.se\/produkt\/matinstrument\/lufthastighet\/varmtradsgivare-o-10-mm-med-fast-kabel-2\/\">Kuumalanka-anturi, sis. l\u00e4mp\u00f6tila-anturin (0635 1032), kiinte\u00e4 kaapeli (1,8 m) ja teleskooppi (0,85 m). <\/a><\/li>\n<li>Peruskotelo testo 440:lle ja 1 anturille<\/li>\n<\/ul>\n<p><span class=\"ui-provider ed ayd aye ayf ayg ayh ayi ayj ayk ayl aym ayn ayo ayp ayq ayr ays ayt ayu ayv ayw ayx ayy ayz aza azb azc azd aze azf azg azh azi azj azk\" dir=\"ltr\"><strong>Fabriksprotokoll:<\/strong>\u00a0utf\u00e4rdas p\u00e5 fabriken efter en kontroll av att produkten fungerar och uppfyller angiven m\u00e4tnoggrannhet. L\u00e4s om <a href=\"https:\/\/stage.nordtec.se\/kalibrering\/iso-9001-kraver-kalibrerad-matutrustning\/\"><u>skillnaden mellan fabriksprotokoll och ackrediterad kalibrering<\/u><\/a>.<\/span><\/p>\n","protected":false},"excerpt":{"rendered":"<p>Mittaussarja ilman nopeuden, ilmavirran ja ilman l\u00e4mp\u00f6tilan mittaamiseen kanavissa.<\/p>\n<ul>\n<li>Kuumalanka-anturi, jossa on l\u00e4mp\u00f6tila-anturi<\/li>\n<li>Ilmavirran n\u00e4ytt\u00e4minen l\/s tai m3\/h.<\/li>\n<li>\u00c4lyk\u00e4s kalibrointikonsepti<\/li>\n<li>Valmiit, selke\u00e4t mittausvalikot nopeisiin mittauksiin<\/li>\n<\/ul>\n","protected":false},"featured_media":57168,"template":"","meta":{"_kad_blocks_custom_css":"","_kad_blocks_head_custom_js":"","_kad_blocks_body_custom_js":"","_kad_blocks_footer_custom_js":"","footnotes":""},"product_brand":[1435],"product_cat":[1457,1456,1455,1454],"product_tag":[1459,1460,1458],"class_list":{"0":"post-57163","1":"product","2":"type-product","3":"status-publish","4":"has-post-thumbnail","6":"product_brand-testo","7":"product_cat-ilmanvaihtolaite","8":"product_cat-ilmavirtausmittari","9":"product_cat-lvi-kiinteistot","10":"product_cat-mittauslaitteet","11":"product_tag-bluetooth","12":"product_tag-ilmanvaihto","13":"product_tag-kuumalanka","15":"first","16":"onbackorder","17":"taxable","18":"shipping-taxable","19":"purchasable","20":"product-type-simple"},"yoast_head":"<!-- This site is optimized with the Yoast SEO Premium plugin v25.8 (Yoast SEO v27.4) - https:\/\/yoast.com\/product\/yoast-seo-premium-wordpress\/ -->\n<title>testo 440 - mittaussarja, jossa on kuumalanka-anturi | Nordtec<\/title>\n<meta name=\"description\" content=\"Mittaussarja ilman nopeuden, ilmavirran ja ilman l\u00e4mp\u00f6tilan mittaamiseen kanavissa \u1405 testo 440 \u2713 Kuumalanka-anturi, jossa on l\u00e4mp\u00f6tila-anturi \u2713 Ilmavirran n\u00e4ytt\u00f6 l\/s:na\" \/>\n<meta name=\"robots\" content=\"noindex, follow, max-snippet:-1, max-image-preview:large, max-video-preview:-1\" \/>\n<meta property=\"og:locale\" content=\"fi_FI\" \/>\n<meta property=\"og:type\" content=\"article\" \/>\n<meta property=\"og:title\" content=\"testo 440 - mittaussarja, jossa on kuumalanka-anturi\" \/>\n<meta property=\"og:description\" content=\"Mittaussarja ilman nopeuden, ilmavirran ja ilman l\u00e4mp\u00f6tilan mittaamiseen kanavissa \u1405 testo 440 \u2713 Kuumalanka-anturi, jossa on l\u00e4mp\u00f6tila-anturi \u2713 Ilmavirran n\u00e4ytt\u00f6 l\/s:na\" \/>\n<meta property=\"og:url\" content=\"https:\/\/stage.nordtec.se\/fi\/tuote\/mittauslaitteet\/ilmanvaihtolaite\/ilmavirtausmittari\/testo-440-mittaussarja-jossa-on-kuumalanka-anturi\/\" \/>\n<meta property=\"og:site_name\" content=\"Nordtec\" \/>\n<meta property=\"article:publisher\" content=\"https:\/\/www.facebook.com\/nordtecinstrument\" \/>\n<meta property=\"og:image\" content=\"https:\/\/stage.nordtec.se\/wp-content\/uploads\/2022\/03\/testo-400-matset-med-varmtradsgivare-0563-4400-ret_800px.png\" \/>\n\t<meta property=\"og:image:width\" content=\"800\" \/>\n\t<meta property=\"og:image:height\" content=\"800\" \/>\n\t<meta property=\"og:image:type\" content=\"image\/png\" \/>\n<meta name=\"twitter:card\" content=\"summary_large_image\" \/>\n<meta name=\"twitter:label1\" content=\"Arvioitu lukuaika\" \/>\n\t<meta name=\"twitter:data1\" content=\"1 minuutti\" \/>\n<script type=\"application\/ld+json\" class=\"yoast-schema-graph\">{\"@context\":\"https:\\\/\\\/schema.org\",\"@graph\":[{\"@type\":[\"WebPage\",\"ItemPage\"],\"@id\":\"https:\\\/\\\/stage.nordtec.se\\\/fi\\\/tuote\\\/mittauslaitteet\\\/ilmanvaihtolaite\\\/ilmavirtausmittari\\\/testo-440-mittaussarja-jossa-on-kuumalanka-anturi\\\/\",\"url\":\"https:\\\/\\\/stage.nordtec.se\\\/fi\\\/tuote\\\/mittauslaitteet\\\/ilmanvaihtolaite\\\/ilmavirtausmittari\\\/testo-440-mittaussarja-jossa-on-kuumalanka-anturi\\\/\",\"name\":\"testo 440 - mittaussarja, jossa on kuumalanka-anturi | Nordtec\",\"isPartOf\":{\"@id\":\"https:\\\/\\\/stage.nordtec.se\\\/fi\\\/#website\"},\"primaryImageOfPage\":{\"@id\":\"https:\\\/\\\/stage.nordtec.se\\\/fi\\\/tuote\\\/mittauslaitteet\\\/ilmanvaihtolaite\\\/ilmavirtausmittari\\\/testo-440-mittaussarja-jossa-on-kuumalanka-anturi\\\/#primaryimage\"},\"image\":{\"@id\":\"https:\\\/\\\/stage.nordtec.se\\\/fi\\\/tuote\\\/mittauslaitteet\\\/ilmanvaihtolaite\\\/ilmavirtausmittari\\\/testo-440-mittaussarja-jossa-on-kuumalanka-anturi\\\/#primaryimage\"},\"thumbnailUrl\":\"https:\\\/\\\/stage.nordtec.se\\\/wp-content\\\/uploads\\\/2022\\\/03\\\/testo-400-matset-med-varmtradsgivare-0563-4400-ret_800px.png\",\"datePublished\":\"2022-03-30T14:14:55+00:00\",\"description\":\"Mittaussarja ilman nopeuden, ilmavirran ja ilman l\u00e4mp\u00f6tilan mittaamiseen kanavissa \u1405 testo 440 \u2713 Kuumalanka-anturi, jossa on l\u00e4mp\u00f6tila-anturi \u2713 Ilmavirran n\u00e4ytt\u00f6 l\\\/s:na\",\"breadcrumb\":{\"@id\":\"https:\\\/\\\/stage.nordtec.se\\\/fi\\\/tuote\\\/mittauslaitteet\\\/ilmanvaihtolaite\\\/ilmavirtausmittari\\\/testo-440-mittaussarja-jossa-on-kuumalanka-anturi\\\/#breadcrumb\"},\"inLanguage\":\"fi\",\"potentialAction\":[{\"@type\":\"ReadAction\",\"target\":[\"https:\\\/\\\/stage.nordtec.se\\\/fi\\\/tuote\\\/mittauslaitteet\\\/ilmanvaihtolaite\\\/ilmavirtausmittari\\\/testo-440-mittaussarja-jossa-on-kuumalanka-anturi\\\/\"]}]},{\"@type\":\"ImageObject\",\"inLanguage\":\"fi\",\"@id\":\"https:\\\/\\\/stage.nordtec.se\\\/fi\\\/tuote\\\/mittauslaitteet\\\/ilmanvaihtolaite\\\/ilmavirtausmittari\\\/testo-440-mittaussarja-jossa-on-kuumalanka-anturi\\\/#primaryimage\",\"url\":\"https:\\\/\\\/stage.nordtec.se\\\/wp-content\\\/uploads\\\/2022\\\/03\\\/testo-400-matset-med-varmtradsgivare-0563-4400-ret_800px.png\",\"contentUrl\":\"https:\\\/\\\/stage.nordtec.se\\\/wp-content\\\/uploads\\\/2022\\\/03\\\/testo-400-matset-med-varmtradsgivare-0563-4400-ret_800px.png\",\"width\":800,\"height\":800,\"caption\":\"testo 499 m\u00e4tset med varmtr\u00e5dsgivare 0563 4400\"},{\"@type\":\"BreadcrumbList\",\"@id\":\"https:\\\/\\\/stage.nordtec.se\\\/fi\\\/tuote\\\/mittauslaitteet\\\/ilmanvaihtolaite\\\/ilmavirtausmittari\\\/testo-440-mittaussarja-jossa-on-kuumalanka-anturi\\\/#breadcrumb\",\"itemListElement\":[{\"@type\":\"ListItem\",\"position\":1,\"name\":\"Hem\",\"item\":\"https:\\\/\\\/stage.nordtec.se\\\/fi\\\/\"},{\"@type\":\"ListItem\",\"position\":2,\"name\":\"Kauppa\",\"item\":\"https:\\\/\\\/stage.nordtec.se\\\/produkter\\\/\"},{\"@type\":\"ListItem\",\"position\":3,\"name\":\"testo 440 &#8211; mittaussarja, jossa on kuumalanka-anturi\"}]},{\"@type\":\"WebSite\",\"@id\":\"https:\\\/\\\/stage.nordtec.se\\\/fi\\\/#website\",\"url\":\"https:\\\/\\\/stage.nordtec.se\\\/fi\\\/\",\"name\":\"Nordtec\",\"description\":\"Din partner inom m\u00e4tteknik\",\"publisher\":{\"@id\":\"https:\\\/\\\/stage.nordtec.se\\\/fi\\\/#organization\"},\"potentialAction\":[{\"@type\":\"SearchAction\",\"target\":{\"@type\":\"EntryPoint\",\"urlTemplate\":\"https:\\\/\\\/stage.nordtec.se\\\/fi\\\/?s={search_term_string}\"},\"query-input\":{\"@type\":\"PropertyValueSpecification\",\"valueRequired\":true,\"valueName\":\"search_term_string\"}}],\"inLanguage\":\"fi\"},{\"@type\":\"Organization\",\"@id\":\"https:\\\/\\\/stage.nordtec.se\\\/fi\\\/#organization\",\"name\":\"Nordtec Instrument AB\",\"url\":\"https:\\\/\\\/stage.nordtec.se\\\/fi\\\/\",\"logo\":{\"@type\":\"ImageObject\",\"inLanguage\":\"fi\",\"@id\":\"https:\\\/\\\/stage.nordtec.se\\\/fi\\\/#\\\/schema\\\/logo\\\/image\\\/\",\"url\":\"https:\\\/\\\/stage.nordtec.se\\\/wp-content\\\/uploads\\\/2021\\\/08\\\/nordtec_logo_rgb-340px.png\",\"contentUrl\":\"https:\\\/\\\/stage.nordtec.se\\\/wp-content\\\/uploads\\\/2021\\\/08\\\/nordtec_logo_rgb-340px.png\",\"width\":340,\"height\":75,\"caption\":\"Nordtec Instrument AB\"},\"image\":{\"@id\":\"https:\\\/\\\/stage.nordtec.se\\\/fi\\\/#\\\/schema\\\/logo\\\/image\\\/\"},\"sameAs\":[\"https:\\\/\\\/www.facebook.com\\\/nordtecinstrument\",\"https:\\\/\\\/www.instagram.com\\\/nordtec_instrument\\\/\",\"https:\\\/\\\/www.linkedin.com\\\/company\\\/nordtec-instrument-ab\\\/\",\"https:\\\/\\\/www.youtube.com\\\/channel\\\/UCbmAq3ZmfBKOGg7_igFURng\"]}]}<\/script>\n<!-- \/ Yoast SEO Premium plugin. -->","yoast_head_json":{"title":"testo 440 - mittaussarja, jossa on kuumalanka-anturi | Nordtec","description":"Mittaussarja ilman nopeuden, ilmavirran ja ilman l\u00e4mp\u00f6tilan mittaamiseen kanavissa \u1405 testo 440 \u2713 Kuumalanka-anturi, jossa on l\u00e4mp\u00f6tila-anturi \u2713 Ilmavirran n\u00e4ytt\u00f6 l\/s:na","robots":{"index":"noindex","follow":"follow","max-snippet":"max-snippet:-1","max-image-preview":"max-image-preview:large","max-video-preview":"max-video-preview:-1"},"og_locale":"fi_FI","og_type":"article","og_title":"testo 440 - mittaussarja, jossa on kuumalanka-anturi","og_description":"Mittaussarja ilman nopeuden, ilmavirran ja ilman l\u00e4mp\u00f6tilan mittaamiseen kanavissa \u1405 testo 440 \u2713 Kuumalanka-anturi, jossa on l\u00e4mp\u00f6tila-anturi \u2713 Ilmavirran n\u00e4ytt\u00f6 l\/s:na","og_url":"https:\/\/stage.nordtec.se\/fi\/tuote\/mittauslaitteet\/ilmanvaihtolaite\/ilmavirtausmittari\/testo-440-mittaussarja-jossa-on-kuumalanka-anturi\/","og_site_name":"Nordtec","article_publisher":"https:\/\/www.facebook.com\/nordtecinstrument","og_image":[{"width":800,"height":800,"url":"https:\/\/stage.nordtec.se\/wp-content\/uploads\/2022\/03\/testo-400-matset-med-varmtradsgivare-0563-4400-ret_800px.png","type":"image\/png"}],"twitter_card":"summary_large_image","twitter_misc":{"Arvioitu lukuaika":"1 minuutti"},"schema":{"@context":"https:\/\/schema.org","@graph":[{"@type":["WebPage","ItemPage"],"@id":"https:\/\/stage.nordtec.se\/fi\/tuote\/mittauslaitteet\/ilmanvaihtolaite\/ilmavirtausmittari\/testo-440-mittaussarja-jossa-on-kuumalanka-anturi\/","url":"https:\/\/stage.nordtec.se\/fi\/tuote\/mittauslaitteet\/ilmanvaihtolaite\/ilmavirtausmittari\/testo-440-mittaussarja-jossa-on-kuumalanka-anturi\/","name":"testo 440 - mittaussarja, jossa on kuumalanka-anturi | Nordtec","isPartOf":{"@id":"https:\/\/stage.nordtec.se\/fi\/#website"},"primaryImageOfPage":{"@id":"https:\/\/stage.nordtec.se\/fi\/tuote\/mittauslaitteet\/ilmanvaihtolaite\/ilmavirtausmittari\/testo-440-mittaussarja-jossa-on-kuumalanka-anturi\/#primaryimage"},"image":{"@id":"https:\/\/stage.nordtec.se\/fi\/tuote\/mittauslaitteet\/ilmanvaihtolaite\/ilmavirtausmittari\/testo-440-mittaussarja-jossa-on-kuumalanka-anturi\/#primaryimage"},"thumbnailUrl":"https:\/\/stage.nordtec.se\/wp-content\/uploads\/2022\/03\/testo-400-matset-med-varmtradsgivare-0563-4400-ret_800px.png","datePublished":"2022-03-30T14:14:55+00:00","description":"Mittaussarja ilman nopeuden, ilmavirran ja ilman l\u00e4mp\u00f6tilan mittaamiseen kanavissa \u1405 testo 440 \u2713 Kuumalanka-anturi, jossa on l\u00e4mp\u00f6tila-anturi \u2713 Ilmavirran n\u00e4ytt\u00f6 l\/s:na","breadcrumb":{"@id":"https:\/\/stage.nordtec.se\/fi\/tuote\/mittauslaitteet\/ilmanvaihtolaite\/ilmavirtausmittari\/testo-440-mittaussarja-jossa-on-kuumalanka-anturi\/#breadcrumb"},"inLanguage":"fi","potentialAction":[{"@type":"ReadAction","target":["https:\/\/stage.nordtec.se\/fi\/tuote\/mittauslaitteet\/ilmanvaihtolaite\/ilmavirtausmittari\/testo-440-mittaussarja-jossa-on-kuumalanka-anturi\/"]}]},{"@type":"ImageObject","inLanguage":"fi","@id":"https:\/\/stage.nordtec.se\/fi\/tuote\/mittauslaitteet\/ilmanvaihtolaite\/ilmavirtausmittari\/testo-440-mittaussarja-jossa-on-kuumalanka-anturi\/#primaryimage","url":"https:\/\/stage.nordtec.se\/wp-content\/uploads\/2022\/03\/testo-400-matset-med-varmtradsgivare-0563-4400-ret_800px.png","contentUrl":"https:\/\/stage.nordtec.se\/wp-content\/uploads\/2022\/03\/testo-400-matset-med-varmtradsgivare-0563-4400-ret_800px.png","width":800,"height":800,"caption":"testo 499 m\u00e4tset med varmtr\u00e5dsgivare 0563 4400"},{"@type":"BreadcrumbList","@id":"https:\/\/stage.nordtec.se\/fi\/tuote\/mittauslaitteet\/ilmanvaihtolaite\/ilmavirtausmittari\/testo-440-mittaussarja-jossa-on-kuumalanka-anturi\/#breadcrumb","itemListElement":[{"@type":"ListItem","position":1,"name":"Hem","item":"https:\/\/stage.nordtec.se\/fi\/"},{"@type":"ListItem","position":2,"name":"Kauppa","item":"https:\/\/stage.nordtec.se\/produkter\/"},{"@type":"ListItem","position":3,"name":"testo 440 &#8211; mittaussarja, jossa on kuumalanka-anturi"}]},{"@type":"WebSite","@id":"https:\/\/stage.nordtec.se\/fi\/#website","url":"https:\/\/stage.nordtec.se\/fi\/","name":"Nordtec","description":"Din partner inom m\u00e4tteknik","publisher":{"@id":"https:\/\/stage.nordtec.se\/fi\/#organization"},"potentialAction":[{"@type":"SearchAction","target":{"@type":"EntryPoint","urlTemplate":"https:\/\/stage.nordtec.se\/fi\/?s={search_term_string}"},"query-input":{"@type":"PropertyValueSpecification","valueRequired":true,"valueName":"search_term_string"}}],"inLanguage":"fi"},{"@type":"Organization","@id":"https:\/\/stage.nordtec.se\/fi\/#organization","name":"Nordtec Instrument AB","url":"https:\/\/stage.nordtec.se\/fi\/","logo":{"@type":"ImageObject","inLanguage":"fi","@id":"https:\/\/stage.nordtec.se\/fi\/#\/schema\/logo\/image\/","url":"https:\/\/stage.nordtec.se\/wp-content\/uploads\/2021\/08\/nordtec_logo_rgb-340px.png","contentUrl":"https:\/\/stage.nordtec.se\/wp-content\/uploads\/2021\/08\/nordtec_logo_rgb-340px.png","width":340,"height":75,"caption":"Nordtec Instrument AB"},"image":{"@id":"https:\/\/stage.nordtec.se\/fi\/#\/schema\/logo\/image\/"},"sameAs":["https:\/\/www.facebook.com\/nordtecinstrument","https:\/\/www.instagram.com\/nordtec_instrument\/","https:\/\/www.linkedin.com\/company\/nordtec-instrument-ab\/","https:\/\/www.youtube.com\/channel\/UCbmAq3ZmfBKOGg7_igFURng"]}]}},"taxonomy_info":{"product_brand":[{"value":1435,"label":"Testo"}],"product_cat":[{"value":1457,"label":"Ilmanvaihtolaite"},{"value":1456,"label":"Ilmavirtausmittari"},{"value":1455,"label":"LVI &amp; kiinteist\u00f6t"},{"value":1454,"label":"Mittauslaitteet"}],"product_tag":[{"value":1459,"label":"Bluetooth"},{"value":1460,"label":"Ilmanvaihto"},{"value":1458,"label":"Kuumalanka"}]},"featured_image_src_large":["https:\/\/stage.nordtec.se\/wp-content\/uploads\/2022\/03\/testo-400-matset-med-varmtradsgivare-0563-4400-ret_800px.png",800,800,false],"author_info":[],"comment_info":"","_links":{"self":[{"href":"https:\/\/stage.nordtec.se\/fi\/wp-json\/wp\/v2\/product\/57163","targetHints":{"allow":["GET"]}}],"collection":[{"href":"https:\/\/stage.nordtec.se\/fi\/wp-json\/wp\/v2\/product"}],"about":[{"href":"https:\/\/stage.nordtec.se\/fi\/wp-json\/wp\/v2\/types\/product"}],"version-history":[{"count":0,"href":"https:\/\/stage.nordtec.se\/fi\/wp-json\/wp\/v2\/product\/57163\/revisions"}],"wp:featuredmedia":[{"embeddable":true,"href":"https:\/\/stage.nordtec.se\/fi\/wp-json\/wp\/v2\/media\/57168"}],"wp:attachment":[{"href":"https:\/\/stage.nordtec.se\/fi\/wp-json\/wp\/v2\/media?parent=57163"}],"wp:term":[{"taxonomy":"product_brand","embeddable":true,"href":"https:\/\/stage.nordtec.se\/fi\/wp-json\/wp\/v2\/product_brand?post=57163"},{"taxonomy":"product_cat","embeddable":true,"href":"https:\/\/stage.nordtec.se\/fi\/wp-json\/wp\/v2\/product_cat?post=57163"},{"taxonomy":"product_tag","embeddable":true,"href":"https:\/\/stage.nordtec.se\/fi\/wp-json\/wp\/v2\/product_tag?post=57163"}],"curies":[{"name":"wp","href":"https:\/\/api.w.org\/{rel}","templated":true}]}}