{"id":54663,"date":"2025-09-18T16:11:18","date_gmt":"2025-09-18T14:11:18","guid":{"rendered":"https:\/\/stage.nordtec.se\/?post_type=product&#038;p=54663"},"modified":"2025-11-25T16:38:00","modified_gmt":"2025-11-25T14:38:00","slug":"testo-164-dc-mini-dorrkontaktlogger","status":"publish","type":"product","link":"https:\/\/stage.nordtec.se\/fi\/tuote\/matsystem\/testo-saveris-cloud\/testo-164-dc-mini-dorrkontaktlogger\/","title":{"rendered":"testo 164 DC \u2013 Mini-d\u00f6rrkontaktlogger"},"content":{"rendered":"<h2>testo 164 DC \u2013 Mini-d\u00f6rrkontaktlogger<\/h2>\n<p data-start=\"133\" data-end=\"431\">Denna datalogger registrerar om en d\u00f6rr \u00e4r \u00f6ppen eller st\u00e4ngd och skickar informationen automatiskt till molntj\u00e4nsten testo Saveris Cloud. testo 164 DC anv\u00e4nds tillsammans med testo 164 GW gateway, som finns i tv\u00e5 varianter: med WiFi-anslutning eller Ethernet-anslutning. D\u00f6rrkontaktloggern \u00e4r perfekt f\u00f6r \u00f6vervakning av kyl- och fryssk\u00e5p, serverrum, lager och andra k\u00e4nsliga utrymmen d\u00e4r d\u00f6rrstatus p\u00e5verkar s\u00e4kerhet och kvalitet.<\/p>\n<p data-start=\"133\" data-end=\"431\">Eftersom dataloggern kan anslutas till en dedikerad gateway med Ethernet \u00e4r det m\u00f6jligt att anv\u00e4nda den \u00e4ven p\u00e5 platser utan WiFi. Logger och gateway kopplas enkelt ihop med ett knapptryck och kommunicerar tr\u00e5dl\u00f6st via radiosignal.<\/p>\n<ul>\n<li>Enkel installation och diskret design<\/li>\n<li>Realtids\u00f6vervakning via mobil, surfplatta eller dator<\/li>\n<li>Automatisk loggning och dokumentation av d\u00f6rr\u00f6ppningar och -st\u00e4ngningar<\/li>\n<li>Direktlarm vid avvikelser via pushnotis eller e-post<\/li>\n<li>Kan kombineras med andra dataloggrar f\u00f6r en komplett molnbaserad klimat\u00f6vervakning av dina lokaler<\/li>\n<\/ul>\n<h2>testo Saveris Cloud \u2013 f\u00f6r smidig klimat\u00f6vervakning<\/h2>\n<p>All data fr\u00e5n dina anslutna dataloggrar \u00f6verf\u00f6rs automatiskt till molnet och kan f\u00f6ljas i realtid via mobil, surfplatta eller dator. Plattformen samlar alla m\u00e4tpunkter p\u00e5 ett st\u00e4lle och ger dig en tydlig \u00f6verblick \u00f6ver klimatf\u00f6rh\u00e5llandena. Om du dessutom kopplar ditt konto till testo Smart-appen f\u00e5r du fler smarta funktioner som snabb konfigurering, enkel \u00e5tkomst till m\u00e4tdata och pushnotiser vid larm. Du kan \u00e4ven koppla WiFi-loggrar fr\u00e5n testo 160- och 162-serierna till samma konto, vilket skapar en flexibel och helt integrerad \u00f6vervakningsl\u00f6sning.<\/p>\n<p><strong><a class=\"poppers\">L\u00e4s det h\u00e4r innan du skapar ett konto &gt;&gt;<\/a><\/strong><\/p>\r\n<div id=\"poptext\">\r\n<p>Vid registrering av molnkonto f\u00f6r testo Saveris Cloud kr\u00e4vs en e-postadress f\u00f6r registrering. Vi rekommenderar att du inte v\u00e4ljer en \"personlig\u201d e-postadress. Det \u00e4r b\u00e4ttre att skapa en \u201dallm\u00e4n adress\u201d som inte \u00e4r kopplad till en specifik person. Ett f\u00f6rslag kan vara \u201dinfo@exempel.com\u201d eller liknande.\u00a0<\/p>\r\n<\/div>\r\n<p><a class=\"button\" href=\"https:\/\/www.eu.saveris.testo.com\" target=\"_blank\" rel=\"noopener\">Logga in i molntj\u00e4nsten<\/a><\/p>\r\n<p><a href=\"https:\/\/www.eu.saveris.testo.com\" target=\"_blank\" rel=\"noopener\"><img loading=\"lazy\" decoding=\"async\" class=\"wp-image-55388 alignleft\" src=\"https:\/\/stage.nordtec.se\/wp-content\/uploads\/2025\/09\/Testo_App_Icon_Cloud_512x512-300x300.png\" alt=\"testo Saveris Cloud icon\" width=\"68\" height=\"68\" srcset=\"https:\/\/stage.nordtec.se\/wp-content\/uploads\/2025\/09\/Testo_App_Icon_Cloud_512x512-300x300.png 300w, https:\/\/stage.nordtec.se\/wp-content\/uploads\/2025\/09\/Testo_App_Icon_Cloud_512x512-324x324.png 324w, https:\/\/stage.nordtec.se\/wp-content\/uploads\/2025\/09\/Testo_App_Icon_Cloud_512x512-100x100.png 100w, https:\/\/stage.nordtec.se\/wp-content\/uploads\/2025\/09\/Testo_App_Icon_Cloud_512x512-416x416.png 416w, https:\/\/stage.nordtec.se\/wp-content\/uploads\/2025\/09\/Testo_App_Icon_Cloud_512x512-64x64.png 64w, https:\/\/stage.nordtec.se\/wp-content\/uploads\/2025\/09\/Testo_App_Icon_Cloud_512x512-150x150.png 150w, https:\/\/stage.nordtec.se\/wp-content\/uploads\/2025\/09\/Testo_App_Icon_Cloud_512x512-50x50.png 50w, https:\/\/stage.nordtec.se\/wp-content\/uploads\/2025\/09\/Testo_App_Icon_Cloud_512x512.png 603w\" sizes=\"auto, (max-width: 68px) 100vw, 68px\" \/><\/a><a href=\"https:\/\/stage.nordtec.se\/testo-smart-appen\/\" target=\"_blank\" rel=\"noopener\"><img loading=\"lazy\" decoding=\"async\" class=\"alignnone  wp-image-33549 alignleft\" src=\"https:\/\/stage.nordtec.se\/wp-content\/uploads\/2023\/06\/App-Icon-testo-Smart-round_800px-300x300.png\" alt=\"Logga f\u00f6r testo Smart-appen\" width=\"68\" height=\"68\" srcset=\"https:\/\/stage.nordtec.se\/wp-content\/uploads\/2023\/06\/App-Icon-testo-Smart-round_800px-300x300.png 300w, https:\/\/stage.nordtec.se\/wp-content\/uploads\/2023\/06\/App-Icon-testo-Smart-round_800px-324x324.png 324w, https:\/\/stage.nordtec.se\/wp-content\/uploads\/2023\/06\/App-Icon-testo-Smart-round_800px-100x100.png 100w, https:\/\/stage.nordtec.se\/wp-content\/uploads\/2023\/06\/App-Icon-testo-Smart-round_800px-416x416.png 416w, https:\/\/stage.nordtec.se\/wp-content\/uploads\/2023\/06\/App-Icon-testo-Smart-round_800px-64x64.png 64w, https:\/\/stage.nordtec.se\/wp-content\/uploads\/2023\/06\/App-Icon-testo-Smart-round_800px-150x150.png 150w, https:\/\/stage.nordtec.se\/wp-content\/uploads\/2023\/06\/App-Icon-testo-Smart-round_800px-768x768.png 768w, https:\/\/stage.nordtec.se\/wp-content\/uploads\/2023\/06\/App-Icon-testo-Smart-round_800px.png 800w\" sizes=\"auto, (max-width: 68px) 100vw, 68px\" \/><\/a><\/p>\r\n<p>&nbsp;<\/p>\r\n<p>&nbsp;<\/p>\n<p>&nbsp;<\/p>\n<h2>Ing\u00e5r i leverans<\/h2>\n<p>D\u00f6rrkontakt testo 164 DC, v\u00e4ggf\u00e4ste, streckkodsdekal (QR), kortfattad bruksanvisning.<\/p>\n<p><strong>OBS! F\u00f6r att anv\u00e4nda denna datalogger kr\u00e4vs en <a href=\"https:\/\/stage.nordtec.se\/produkt\/matsystem\/testo-saveris-cloud\/testo-164-gw-gateway-med-ethernet-anslutning-for-mini-loggrar\/\">testo 164 Ethernet-gateway<\/a> eller <a href=\"https:\/\/stage.nordtec.se\/produkt\/matsystem\/testo-saveris-cloud\/testo-164-gw-gateway-med-wifi-anslutning-for-mini-loggrar\/\">testo 164 WiFi-gateway<\/a>.<\/strong><\/p>\n<p>&nbsp;<\/p>\n","protected":false},"excerpt":{"rendered":"<p>Enkel \u00f6vervakning \u00f6ver d\u00f6rrstatus<\/p>\n<ul>\n<li>D\u00f6rrkontakt som kopplas till en testo 164 GW gateway (WiFi eller Ethernet)<\/li>\n<li>Realtids\u00f6vervakning via mobil, surfplatta eller dator<\/li>\n<li>Direktlarm vid avvikelser via pushnotis eller e-post<\/li>\n<\/ul>\n","protected":false},"featured_media":54665,"template":"","meta":{"_kad_blocks_custom_css":"","_kad_blocks_head_custom_js":"","_kad_blocks_body_custom_js":"","_kad_blocks_footer_custom_js":"","footnotes":""},"product_brand":[1435],"product_cat":[54,164,49,663,1401,1399,1425,668],"product_tag":[699,671],"class_list":{"0":"post-54663","1":"product","2":"type-product","3":"status-publish","4":"has-post-thumbnail","6":"product_brand-testo","7":"product_cat-dataloggrar","8":"product_cat-inneklimat-arbetsmiljo","9":"product_cat-matinstrument","10":"product_cat-matsystem","11":"product_cat-testo-164","12":"product_cat-testo-saveris-cloud","13":"product_cat-testo-smart-app","14":"product_cat-wifiloggrar","15":"product_tag-temperatur","16":"product_tag-wifi","18":"first","19":"onbackorder","20":"taxable","21":"shipping-taxable","22":"purchasable","23":"product-type-simple"},"yoast_head":"<!-- This site is optimized with the Yoast SEO Premium plugin v25.8 (Yoast SEO v27.4) - https:\/\/yoast.com\/product\/yoast-seo-premium-wordpress\/ -->\n<title>testo 164 DC \u2013 Mini-d\u00f6rrkontaktlogger | Nordtec<\/title>\n<meta name=\"description\" content=\"Molnbaserad \u00f6vervakning av d\u00f6rrstatus via WiFi eller LAN \u1405 testo 164 DC \u2713 kopplas till gateway f\u00f6r uppkopplad m\u00e4tning \u2713 Direktlarm vid avvikelser\" \/>\n<meta name=\"robots\" content=\"noindex, follow, max-snippet:-1, max-image-preview:large, max-video-preview:-1\" \/>\n<meta property=\"og:locale\" content=\"fi_FI\" \/>\n<meta property=\"og:type\" content=\"article\" \/>\n<meta property=\"og:title\" content=\"testo 164 DC \u2013 Mini-d\u00f6rrkontaktlogger\" \/>\n<meta property=\"og:description\" content=\"Molnbaserad \u00f6vervakning av d\u00f6rrstatus via WiFi eller LAN \u1405 testo 164 DC \u2713 kopplas till gateway f\u00f6r uppkopplad m\u00e4tning \u2713 Direktlarm vid avvikelser\" \/>\n<meta property=\"og:url\" content=\"https:\/\/stage.nordtec.se\/fi\/tuote\/matsystem\/testo-saveris-cloud\/testo-164-dc-mini-dorrkontaktlogger\/\" \/>\n<meta property=\"og:site_name\" content=\"Nordtec\" \/>\n<meta property=\"article:publisher\" content=\"https:\/\/www.facebook.com\/nordtecinstrument\" \/>\n<meta property=\"article:modified_time\" content=\"2025-11-25T14:38:00+00:00\" \/>\n<meta property=\"og:image\" content=\"https:\/\/stage.nordtec.se\/wp-content\/uploads\/2025\/09\/testo-164-dc-door-contact-solo-front_800px.png\" \/>\n\t<meta property=\"og:image:width\" content=\"800\" \/>\n\t<meta property=\"og:image:height\" content=\"800\" \/>\n\t<meta property=\"og:image:type\" content=\"image\/png\" \/>\n<meta name=\"twitter:card\" content=\"summary_large_image\" \/>\n<meta name=\"twitter:label1\" content=\"Arvioitu lukuaika\" \/>\n\t<meta name=\"twitter:data1\" content=\"2 minuuttia\" \/>\n<script type=\"application\/ld+json\" class=\"yoast-schema-graph\">{\"@context\":\"https:\\\/\\\/schema.org\",\"@graph\":[{\"@type\":[\"WebPage\",\"ItemPage\"],\"@id\":\"https:\\\/\\\/stage.nordtec.se\\\/fi\\\/tuote\\\/matsystem\\\/testo-saveris-cloud\\\/testo-164-dc-mini-dorrkontaktlogger\\\/\",\"url\":\"https:\\\/\\\/stage.nordtec.se\\\/fi\\\/tuote\\\/matsystem\\\/testo-saveris-cloud\\\/testo-164-dc-mini-dorrkontaktlogger\\\/\",\"name\":\"testo 164 DC \u2013 Mini-d\u00f6rrkontaktlogger | Nordtec\",\"isPartOf\":{\"@id\":\"https:\\\/\\\/stage.nordtec.se\\\/fi\\\/#website\"},\"primaryImageOfPage\":{\"@id\":\"https:\\\/\\\/stage.nordtec.se\\\/fi\\\/tuote\\\/matsystem\\\/testo-saveris-cloud\\\/testo-164-dc-mini-dorrkontaktlogger\\\/#primaryimage\"},\"image\":{\"@id\":\"https:\\\/\\\/stage.nordtec.se\\\/fi\\\/tuote\\\/matsystem\\\/testo-saveris-cloud\\\/testo-164-dc-mini-dorrkontaktlogger\\\/#primaryimage\"},\"thumbnailUrl\":\"https:\\\/\\\/stage.nordtec.se\\\/wp-content\\\/uploads\\\/2025\\\/09\\\/testo-164-dc-door-contact-solo-front_800px.png\",\"datePublished\":\"2025-09-18T14:11:18+00:00\",\"dateModified\":\"2025-11-25T14:38:00+00:00\",\"description\":\"Molnbaserad \u00f6vervakning av d\u00f6rrstatus via WiFi eller LAN \u1405 testo 164 DC \u2713 kopplas till gateway f\u00f6r uppkopplad m\u00e4tning \u2713 Direktlarm vid avvikelser\",\"breadcrumb\":{\"@id\":\"https:\\\/\\\/stage.nordtec.se\\\/fi\\\/tuote\\\/matsystem\\\/testo-saveris-cloud\\\/testo-164-dc-mini-dorrkontaktlogger\\\/#breadcrumb\"},\"inLanguage\":\"fi\",\"potentialAction\":[{\"@type\":\"ReadAction\",\"target\":[\"https:\\\/\\\/stage.nordtec.se\\\/fi\\\/tuote\\\/matsystem\\\/testo-saveris-cloud\\\/testo-164-dc-mini-dorrkontaktlogger\\\/\"]}]},{\"@type\":\"ImageObject\",\"inLanguage\":\"fi\",\"@id\":\"https:\\\/\\\/stage.nordtec.se\\\/fi\\\/tuote\\\/matsystem\\\/testo-saveris-cloud\\\/testo-164-dc-mini-dorrkontaktlogger\\\/#primaryimage\",\"url\":\"https:\\\/\\\/stage.nordtec.se\\\/wp-content\\\/uploads\\\/2025\\\/09\\\/testo-164-dc-door-contact-solo-front_800px.png\",\"contentUrl\":\"https:\\\/\\\/stage.nordtec.se\\\/wp-content\\\/uploads\\\/2025\\\/09\\\/testo-164-dc-door-contact-solo-front_800px.png\",\"width\":800,\"height\":800,\"caption\":\"testo 164 DC d\u00f6rrkontakt framifr\u00e5n\"},{\"@type\":\"BreadcrumbList\",\"@id\":\"https:\\\/\\\/stage.nordtec.se\\\/fi\\\/tuote\\\/matsystem\\\/testo-saveris-cloud\\\/testo-164-dc-mini-dorrkontaktlogger\\\/#breadcrumb\",\"itemListElement\":[{\"@type\":\"ListItem\",\"position\":1,\"name\":\"Hem\",\"item\":\"https:\\\/\\\/stage.nordtec.se\\\/fi\\\/\"},{\"@type\":\"ListItem\",\"position\":2,\"name\":\"Kauppa\",\"item\":\"https:\\\/\\\/stage.nordtec.se\\\/produkter\\\/\"},{\"@type\":\"ListItem\",\"position\":3,\"name\":\"testo 164 DC \u2013 Mini-d\u00f6rrkontaktlogger\"}]},{\"@type\":\"WebSite\",\"@id\":\"https:\\\/\\\/stage.nordtec.se\\\/fi\\\/#website\",\"url\":\"https:\\\/\\\/stage.nordtec.se\\\/fi\\\/\",\"name\":\"Nordtec\",\"description\":\"Din partner inom m\u00e4tteknik\",\"publisher\":{\"@id\":\"https:\\\/\\\/stage.nordtec.se\\\/fi\\\/#organization\"},\"potentialAction\":[{\"@type\":\"SearchAction\",\"target\":{\"@type\":\"EntryPoint\",\"urlTemplate\":\"https:\\\/\\\/stage.nordtec.se\\\/fi\\\/?s={search_term_string}\"},\"query-input\":{\"@type\":\"PropertyValueSpecification\",\"valueRequired\":true,\"valueName\":\"search_term_string\"}}],\"inLanguage\":\"fi\"},{\"@type\":\"Organization\",\"@id\":\"https:\\\/\\\/stage.nordtec.se\\\/fi\\\/#organization\",\"name\":\"Nordtec Instrument AB\",\"url\":\"https:\\\/\\\/stage.nordtec.se\\\/fi\\\/\",\"logo\":{\"@type\":\"ImageObject\",\"inLanguage\":\"fi\",\"@id\":\"https:\\\/\\\/stage.nordtec.se\\\/fi\\\/#\\\/schema\\\/logo\\\/image\\\/\",\"url\":\"https:\\\/\\\/stage.nordtec.se\\\/wp-content\\\/uploads\\\/2021\\\/08\\\/nordtec_logo_rgb-340px.png\",\"contentUrl\":\"https:\\\/\\\/stage.nordtec.se\\\/wp-content\\\/uploads\\\/2021\\\/08\\\/nordtec_logo_rgb-340px.png\",\"width\":340,\"height\":75,\"caption\":\"Nordtec Instrument AB\"},\"image\":{\"@id\":\"https:\\\/\\\/stage.nordtec.se\\\/fi\\\/#\\\/schema\\\/logo\\\/image\\\/\"},\"sameAs\":[\"https:\\\/\\\/www.facebook.com\\\/nordtecinstrument\",\"https:\\\/\\\/www.instagram.com\\\/nordtec_instrument\\\/\",\"https:\\\/\\\/www.linkedin.com\\\/company\\\/nordtec-instrument-ab\\\/\",\"https:\\\/\\\/www.youtube.com\\\/channel\\\/UCbmAq3ZmfBKOGg7_igFURng\"]}]}<\/script>\n<!-- \/ Yoast SEO Premium plugin. -->","yoast_head_json":{"title":"testo 164 DC \u2013 Mini-d\u00f6rrkontaktlogger | Nordtec","description":"Molnbaserad \u00f6vervakning av d\u00f6rrstatus via WiFi eller LAN \u1405 testo 164 DC \u2713 kopplas till gateway f\u00f6r uppkopplad m\u00e4tning \u2713 Direktlarm vid avvikelser","robots":{"index":"noindex","follow":"follow","max-snippet":"max-snippet:-1","max-image-preview":"max-image-preview:large","max-video-preview":"max-video-preview:-1"},"og_locale":"fi_FI","og_type":"article","og_title":"testo 164 DC \u2013 Mini-d\u00f6rrkontaktlogger","og_description":"Molnbaserad \u00f6vervakning av d\u00f6rrstatus via WiFi eller LAN \u1405 testo 164 DC \u2713 kopplas till gateway f\u00f6r uppkopplad m\u00e4tning \u2713 Direktlarm vid avvikelser","og_url":"https:\/\/stage.nordtec.se\/fi\/tuote\/matsystem\/testo-saveris-cloud\/testo-164-dc-mini-dorrkontaktlogger\/","og_site_name":"Nordtec","article_publisher":"https:\/\/www.facebook.com\/nordtecinstrument","article_modified_time":"2025-11-25T14:38:00+00:00","og_image":[{"width":800,"height":800,"url":"https:\/\/stage.nordtec.se\/wp-content\/uploads\/2025\/09\/testo-164-dc-door-contact-solo-front_800px.png","type":"image\/png"}],"twitter_card":"summary_large_image","twitter_misc":{"Arvioitu lukuaika":"2 minuuttia"},"schema":{"@context":"https:\/\/schema.org","@graph":[{"@type":["WebPage","ItemPage"],"@id":"https:\/\/stage.nordtec.se\/fi\/tuote\/matsystem\/testo-saveris-cloud\/testo-164-dc-mini-dorrkontaktlogger\/","url":"https:\/\/stage.nordtec.se\/fi\/tuote\/matsystem\/testo-saveris-cloud\/testo-164-dc-mini-dorrkontaktlogger\/","name":"testo 164 DC \u2013 Mini-d\u00f6rrkontaktlogger | Nordtec","isPartOf":{"@id":"https:\/\/stage.nordtec.se\/fi\/#website"},"primaryImageOfPage":{"@id":"https:\/\/stage.nordtec.se\/fi\/tuote\/matsystem\/testo-saveris-cloud\/testo-164-dc-mini-dorrkontaktlogger\/#primaryimage"},"image":{"@id":"https:\/\/stage.nordtec.se\/fi\/tuote\/matsystem\/testo-saveris-cloud\/testo-164-dc-mini-dorrkontaktlogger\/#primaryimage"},"thumbnailUrl":"https:\/\/stage.nordtec.se\/wp-content\/uploads\/2025\/09\/testo-164-dc-door-contact-solo-front_800px.png","datePublished":"2025-09-18T14:11:18+00:00","dateModified":"2025-11-25T14:38:00+00:00","description":"Molnbaserad \u00f6vervakning av d\u00f6rrstatus via WiFi eller LAN \u1405 testo 164 DC \u2713 kopplas till gateway f\u00f6r uppkopplad m\u00e4tning \u2713 Direktlarm vid avvikelser","breadcrumb":{"@id":"https:\/\/stage.nordtec.se\/fi\/tuote\/matsystem\/testo-saveris-cloud\/testo-164-dc-mini-dorrkontaktlogger\/#breadcrumb"},"inLanguage":"fi","potentialAction":[{"@type":"ReadAction","target":["https:\/\/stage.nordtec.se\/fi\/tuote\/matsystem\/testo-saveris-cloud\/testo-164-dc-mini-dorrkontaktlogger\/"]}]},{"@type":"ImageObject","inLanguage":"fi","@id":"https:\/\/stage.nordtec.se\/fi\/tuote\/matsystem\/testo-saveris-cloud\/testo-164-dc-mini-dorrkontaktlogger\/#primaryimage","url":"https:\/\/stage.nordtec.se\/wp-content\/uploads\/2025\/09\/testo-164-dc-door-contact-solo-front_800px.png","contentUrl":"https:\/\/stage.nordtec.se\/wp-content\/uploads\/2025\/09\/testo-164-dc-door-contact-solo-front_800px.png","width":800,"height":800,"caption":"testo 164 DC d\u00f6rrkontakt framifr\u00e5n"},{"@type":"BreadcrumbList","@id":"https:\/\/stage.nordtec.se\/fi\/tuote\/matsystem\/testo-saveris-cloud\/testo-164-dc-mini-dorrkontaktlogger\/#breadcrumb","itemListElement":[{"@type":"ListItem","position":1,"name":"Hem","item":"https:\/\/stage.nordtec.se\/fi\/"},{"@type":"ListItem","position":2,"name":"Kauppa","item":"https:\/\/stage.nordtec.se\/produkter\/"},{"@type":"ListItem","position":3,"name":"testo 164 DC \u2013 Mini-d\u00f6rrkontaktlogger"}]},{"@type":"WebSite","@id":"https:\/\/stage.nordtec.se\/fi\/#website","url":"https:\/\/stage.nordtec.se\/fi\/","name":"Nordtec","description":"Din partner inom m\u00e4tteknik","publisher":{"@id":"https:\/\/stage.nordtec.se\/fi\/#organization"},"potentialAction":[{"@type":"SearchAction","target":{"@type":"EntryPoint","urlTemplate":"https:\/\/stage.nordtec.se\/fi\/?s={search_term_string}"},"query-input":{"@type":"PropertyValueSpecification","valueRequired":true,"valueName":"search_term_string"}}],"inLanguage":"fi"},{"@type":"Organization","@id":"https:\/\/stage.nordtec.se\/fi\/#organization","name":"Nordtec Instrument AB","url":"https:\/\/stage.nordtec.se\/fi\/","logo":{"@type":"ImageObject","inLanguage":"fi","@id":"https:\/\/stage.nordtec.se\/fi\/#\/schema\/logo\/image\/","url":"https:\/\/stage.nordtec.se\/wp-content\/uploads\/2021\/08\/nordtec_logo_rgb-340px.png","contentUrl":"https:\/\/stage.nordtec.se\/wp-content\/uploads\/2021\/08\/nordtec_logo_rgb-340px.png","width":340,"height":75,"caption":"Nordtec Instrument AB"},"image":{"@id":"https:\/\/stage.nordtec.se\/fi\/#\/schema\/logo\/image\/"},"sameAs":["https:\/\/www.facebook.com\/nordtecinstrument","https:\/\/www.instagram.com\/nordtec_instrument\/","https:\/\/www.linkedin.com\/company\/nordtec-instrument-ab\/","https:\/\/www.youtube.com\/channel\/UCbmAq3ZmfBKOGg7_igFURng"]}]}},"taxonomy_info":{"product_brand":[{"value":1435,"label":"Testo"}],"product_cat":[{"value":54,"label":"Dataloggrar"},{"value":164,"label":"Inneklimat &amp; Arbetsmilj\u00f6"},{"value":49,"label":"M\u00e4tinstrument"},{"value":663,"label":"M\u00e4tsystem"},{"value":1401,"label":"testo 164"},{"value":1399,"label":"testo Saveris Cloud"},{"value":1425,"label":"testo Smart App"},{"value":668,"label":"Wifi-loggrar"}],"product_tag":[{"value":699,"label":"Temperatur"},{"value":671,"label":"Wifi"}]},"featured_image_src_large":["https:\/\/stage.nordtec.se\/wp-content\/uploads\/2025\/09\/testo-164-dc-door-contact-solo-front_800px.png",800,800,false],"author_info":[],"comment_info":"","_links":{"self":[{"href":"https:\/\/stage.nordtec.se\/fi\/wp-json\/wp\/v2\/product\/54663","targetHints":{"allow":["GET"]}}],"collection":[{"href":"https:\/\/stage.nordtec.se\/fi\/wp-json\/wp\/v2\/product"}],"about":[{"href":"https:\/\/stage.nordtec.se\/fi\/wp-json\/wp\/v2\/types\/product"}],"version-history":[{"count":6,"href":"https:\/\/stage.nordtec.se\/fi\/wp-json\/wp\/v2\/product\/54663\/revisions"}],"predecessor-version":[{"id":55402,"href":"https:\/\/stage.nordtec.se\/fi\/wp-json\/wp\/v2\/product\/54663\/revisions\/55402"}],"wp:featuredmedia":[{"embeddable":true,"href":"https:\/\/stage.nordtec.se\/fi\/wp-json\/wp\/v2\/media\/54665"}],"wp:attachment":[{"href":"https:\/\/stage.nordtec.se\/fi\/wp-json\/wp\/v2\/media?parent=54663"}],"wp:term":[{"taxonomy":"product_brand","embeddable":true,"href":"https:\/\/stage.nordtec.se\/fi\/wp-json\/wp\/v2\/product_brand?post=54663"},{"taxonomy":"product_cat","embeddable":true,"href":"https:\/\/stage.nordtec.se\/fi\/wp-json\/wp\/v2\/product_cat?post=54663"},{"taxonomy":"product_tag","embeddable":true,"href":"https:\/\/stage.nordtec.se\/fi\/wp-json\/wp\/v2\/product_tag?post=54663"}],"curies":[{"name":"wp","href":"https:\/\/api.w.org\/{rel}","templated":true}]}}