{"id":53474,"date":"2025-05-28T11:14:57","date_gmt":"2025-05-28T09:14:57","guid":{"rendered":"https:\/\/stage.nordtec.se\/?post_type=product&#038;p=53474"},"modified":"2025-11-12T12:23:11","modified_gmt":"2025-11-12T10:23:11","slug":"testo-110-food-matset-med-insticksgivare-och-skyddsfodral-demo","status":"publish","type":"product","link":"https:\/\/stage.nordtec.se\/fi\/tuote\/fyndhyllan\/testo-110-food-matset-med-insticksgivare-och-skyddsfodral-demo\/","title":{"rendered":"testo 110 Food \u2013 m\u00e4tset med insticksgivare och skyddsfodral (demo)"},"content":{"rendered":"<p>Den kompakta livsmedelstermometern <strong>testo 110 Food<\/strong> \u00e4r ett mycket noggrant och anv\u00e4ndarv\u00e4nligt temperaturm\u00e4tinstrument som kan anv\u00e4ndas f\u00f6r att s\u00e4kerst\u00e4lla livsmedelskvaliteten: fr\u00e5n produktion till lagring och transport, till beredning och f\u00f6rs\u00e4ljning. Anslutningen till testo Smart-appen medger digital dokumentering och \u00f6vervakningen av gr\u00e4nsv\u00e4rden (CP\/CCP) \u00e4r enklare \u00e4n n\u00e5gonsin.<\/p>\n<div style=\"background-color: #f4f3f1; border: 1px solid #e8e6e3; border-top-left-radius: 16px; border-top-right-radius: 16px; padding: 1rem; margin: 0 -1rem 1.5rem;\"><b>F\u00f6rresten: <a href=\"https:\/\/stage.nordtec.se\/produkt\/matinstrument\/temperaturmatare\/termometrar\/testo-110-temperaturmatare-ntc-pt100\/\">testo 110<\/a> finns ocks\u00e5 i en version f\u00f6r andra applikationer<\/b><\/div>\n<p><strong>testo 110 Food<\/strong> \u00e4r idealisk f\u00f6r universella kontrollpunktsm\u00e4tningar (CP\/CCP) med eller utan appanslutning. Tack vare utbytbara temperaturgivare (dopp\/insticksgivare, givare f\u00f6r djupfrysta livsmedel, Pt100-givare f\u00f6r laboratorieanv\u00e4ndning etc.) kan testo 110 Food anv\u00e4ndas i m\u00e5nga olika applikationer.<\/p>\n<p>Med testo Smart-appen blir testo 110 Food ett oumb\u00e4rligt m\u00e4tinstrument f\u00f6r noggranna och effektiva temperaturm\u00e4tningar i livsmedelssektorn. Den uppfyller dessutom de h\u00f6gsta kraven p\u00e5 hygien och kvalitet.<\/p>\n<p>Naturligtvis \u00e4r testo 110 HACCP-kompatibel, certifierad enligt EN13485 och (med TopSafe-skyddet som ing\u00e5r i leveransen) dammt\u00e4t och skyddad mot vattenst\u00e4nk (skyddsklass IP65).<\/p>\n<p><strong>Temperaturm\u00e4taren g\u00e5r dessutom att ansluta till testo Smart-appen i din mobil, med bl.a. f\u00f6ljande funktioner:<\/strong><\/p>\n<ul>\n<li>Inst\u00e4llning av testo 110 Food<\/li>\n<li>Mobilen kan fungera som en andra display<\/li>\n<li>M\u00e4tdataminne<\/li>\n<li>Visning av m\u00e4tv\u00e4rdena (tabell, grafisk utveckling)<\/li>\n<li>Dokumentering<\/li>\n<\/ul>\n<p><strong>Ing\u00e5r i leveransen<\/strong><\/p>\n<ul>\n<li>testo 110 &#8211; 1-kanals livsmedelstermometer f\u00f6r NTC\/Pt100-givare med Bluetooth, TUC-givaring\u00e5ng och ljudlarm<\/li>\n<li><a href=\"https:\/\/stage.nordtec.se\/produkt\/matinstrument\/temperaturmatare\/temperaturgivare\/insticksgivare-ntc-i-rostfritt-stal-med-tuc-kontakt\/\">Insticksgivare NTC i rostfritt st\u00e5l med TUC-kontakt (art.nr 0615 2211)<\/a><\/li>\n<li><a href=\"https:\/\/stage.nordtec.se\/produkt\/tillbehor\/topsafe-till-testo-110-food\/\">TopSafe (art.nr 0516 0225)<\/a><\/li>\n<\/ul>\n","protected":false},"excerpt":{"rendered":"<p>Detta m\u00e4tset med testo 110 Food \u00e4r perfekt f\u00f6r noggranna och effektiva temperaturm\u00e4tningar i livsmedelssektorn.<\/p>\n<ul>\n<li>Enkel, snabb och noggrann temperaturm\u00e4tning inklusive s\u00f6ml\u00f6s dokumentering via testo Smart-appen<\/li>\n<li>Den noggranna insticksgivaren i rostfritt st\u00e5l m\u00f6jligg\u00f6r m\u00e4tning av livsmedels k\u00e4rntemperatur<\/li>\n<li>Universella m\u00e4tningar med och utan app samt eget m\u00e4tprogram f\u00f6r (kritiska) kontrollpunkter (CP\/CCP)<\/li>\n<li>M\u00e5ngsidighet: l\u00e4mpliga temperatursonder f\u00f6r alla applikationer<\/li>\n<\/ul>\n<p><strong>Observera att detta \u00e4r en artikel som s\u00e4ljs i befintligt skick till reducerat pris och med begr\u00e4nsad garanti.<\/strong><\/p>\n","protected":false},"featured_media":49505,"template":"","meta":{"_kad_blocks_custom_css":"","_kad_blocks_head_custom_js":"","_kad_blocks_body_custom_js":"","_kad_blocks_footer_custom_js":"","footnotes":""},"product_brand":[1435],"product_cat":[714],"product_tag":[],"class_list":{"0":"post-53474","1":"product","2":"type-product","3":"status-publish","4":"has-post-thumbnail","6":"product_brand-testo","7":"product_cat-fyndhyllan","9":"first","10":"instock","11":"sale","12":"taxable","13":"shipping-taxable","14":"purchasable","15":"product-type-simple"},"yoast_head":"<!-- This site is optimized with the Yoast SEO Premium plugin v25.8 (Yoast SEO v27.4) - https:\/\/yoast.com\/product\/yoast-seo-premium-wordpress\/ -->\n<title>testo 110 Food \u2013 m\u00e4tset med insticksgivare och skyddsfodral (demo) | Nordtec<\/title>\n<meta name=\"description\" content=\"Enkel, snabb och noggrann temperaturm\u00e4tning \u1405 testo 110 Food \u2713 Dokumentering via testo Smart-appen \u2713 HACCP-godk\u00e4nd enligt EN 13485 \u2713 H\u00f6g systemnoggrannhet\" \/>\n<meta name=\"robots\" content=\"noindex, follow, max-snippet:-1, max-image-preview:large, max-video-preview:-1\" \/>\n<meta property=\"og:locale\" content=\"fi_FI\" \/>\n<meta property=\"og:type\" content=\"article\" \/>\n<meta property=\"og:title\" content=\"testo 110 Food \u2013 m\u00e4tset med insticksgivare och skyddsfodral (demo)\" \/>\n<meta property=\"og:description\" content=\"Enkel, snabb och noggrann temperaturm\u00e4tning \u1405 testo 110 Food \u2713 Dokumentering via testo Smart-appen \u2713 HACCP-godk\u00e4nd enligt EN 13485 \u2713 H\u00f6g systemnoggrannhet\" \/>\n<meta property=\"og:url\" content=\"https:\/\/stage.nordtec.se\/fi\/tuote\/fyndhyllan\/testo-110-food-matset-med-insticksgivare-och-skyddsfodral-demo\/\" \/>\n<meta property=\"og:site_name\" content=\"Nordtec\" \/>\n<meta property=\"article:publisher\" content=\"https:\/\/www.facebook.com\/nordtecinstrument\" \/>\n<meta property=\"article:modified_time\" content=\"2025-11-12T10:23:11+00:00\" \/>\n<meta property=\"og:image\" content=\"https:\/\/stage.nordtec.se\/wp-content\/uploads\/2024\/11\/testo-110-food-0563-0110-0516-0224-0613-2211-front-en-800px.png\" \/>\n\t<meta property=\"og:image:width\" content=\"800\" \/>\n\t<meta property=\"og:image:height\" content=\"800\" \/>\n\t<meta property=\"og:image:type\" content=\"image\/png\" \/>\n<meta name=\"twitter:card\" content=\"summary_large_image\" \/>\n<meta name=\"twitter:label1\" content=\"Arvioitu lukuaika\" \/>\n\t<meta name=\"twitter:data1\" content=\"2 minuuttia\" \/>\n<script type=\"application\/ld+json\" class=\"yoast-schema-graph\">{\"@context\":\"https:\\\/\\\/schema.org\",\"@graph\":[{\"@type\":[\"WebPage\",\"ItemPage\"],\"@id\":\"https:\\\/\\\/stage.nordtec.se\\\/fi\\\/tuote\\\/fyndhyllan\\\/testo-110-food-matset-med-insticksgivare-och-skyddsfodral-demo\\\/\",\"url\":\"https:\\\/\\\/stage.nordtec.se\\\/fi\\\/tuote\\\/fyndhyllan\\\/testo-110-food-matset-med-insticksgivare-och-skyddsfodral-demo\\\/\",\"name\":\"testo 110 Food \u2013 m\u00e4tset med insticksgivare och skyddsfodral (demo) | Nordtec\",\"isPartOf\":{\"@id\":\"https:\\\/\\\/stage.nordtec.se\\\/fi\\\/#website\"},\"primaryImageOfPage\":{\"@id\":\"https:\\\/\\\/stage.nordtec.se\\\/fi\\\/tuote\\\/fyndhyllan\\\/testo-110-food-matset-med-insticksgivare-och-skyddsfodral-demo\\\/#primaryimage\"},\"image\":{\"@id\":\"https:\\\/\\\/stage.nordtec.se\\\/fi\\\/tuote\\\/fyndhyllan\\\/testo-110-food-matset-med-insticksgivare-och-skyddsfodral-demo\\\/#primaryimage\"},\"thumbnailUrl\":\"https:\\\/\\\/stage.nordtec.se\\\/wp-content\\\/uploads\\\/2024\\\/11\\\/testo-110-food-0563-0110-0516-0224-0613-2211-front-en-800px.png\",\"datePublished\":\"2025-05-28T09:14:57+00:00\",\"dateModified\":\"2025-11-12T10:23:11+00:00\",\"description\":\"Enkel, snabb och noggrann temperaturm\u00e4tning \u1405 testo 110 Food \u2713 Dokumentering via testo Smart-appen \u2713 HACCP-godk\u00e4nd enligt EN 13485 \u2713 H\u00f6g systemnoggrannhet\",\"breadcrumb\":{\"@id\":\"https:\\\/\\\/stage.nordtec.se\\\/fi\\\/tuote\\\/fyndhyllan\\\/testo-110-food-matset-med-insticksgivare-och-skyddsfodral-demo\\\/#breadcrumb\"},\"inLanguage\":\"fi\",\"potentialAction\":[{\"@type\":\"ReadAction\",\"target\":[\"https:\\\/\\\/stage.nordtec.se\\\/fi\\\/tuote\\\/fyndhyllan\\\/testo-110-food-matset-med-insticksgivare-och-skyddsfodral-demo\\\/\"]}]},{\"@type\":\"ImageObject\",\"inLanguage\":\"fi\",\"@id\":\"https:\\\/\\\/stage.nordtec.se\\\/fi\\\/tuote\\\/fyndhyllan\\\/testo-110-food-matset-med-insticksgivare-och-skyddsfodral-demo\\\/#primaryimage\",\"url\":\"https:\\\/\\\/stage.nordtec.se\\\/wp-content\\\/uploads\\\/2024\\\/11\\\/testo-110-food-0563-0110-0516-0224-0613-2211-front-en-800px.png\",\"contentUrl\":\"https:\\\/\\\/stage.nordtec.se\\\/wp-content\\\/uploads\\\/2024\\\/11\\\/testo-110-food-0563-0110-0516-0224-0613-2211-front-en-800px.png\",\"width\":800,\"height\":800},{\"@type\":\"BreadcrumbList\",\"@id\":\"https:\\\/\\\/stage.nordtec.se\\\/fi\\\/tuote\\\/fyndhyllan\\\/testo-110-food-matset-med-insticksgivare-och-skyddsfodral-demo\\\/#breadcrumb\",\"itemListElement\":[{\"@type\":\"ListItem\",\"position\":1,\"name\":\"Hem\",\"item\":\"https:\\\/\\\/stage.nordtec.se\\\/fi\\\/\"},{\"@type\":\"ListItem\",\"position\":2,\"name\":\"Kauppa\",\"item\":\"https:\\\/\\\/stage.nordtec.se\\\/produkter\\\/\"},{\"@type\":\"ListItem\",\"position\":3,\"name\":\"testo 110 Food \u2013 m\u00e4tset med insticksgivare och skyddsfodral (demo)\"}]},{\"@type\":\"WebSite\",\"@id\":\"https:\\\/\\\/stage.nordtec.se\\\/fi\\\/#website\",\"url\":\"https:\\\/\\\/stage.nordtec.se\\\/fi\\\/\",\"name\":\"Nordtec\",\"description\":\"Din partner inom m\u00e4tteknik\",\"publisher\":{\"@id\":\"https:\\\/\\\/stage.nordtec.se\\\/fi\\\/#organization\"},\"potentialAction\":[{\"@type\":\"SearchAction\",\"target\":{\"@type\":\"EntryPoint\",\"urlTemplate\":\"https:\\\/\\\/stage.nordtec.se\\\/fi\\\/?s={search_term_string}\"},\"query-input\":{\"@type\":\"PropertyValueSpecification\",\"valueRequired\":true,\"valueName\":\"search_term_string\"}}],\"inLanguage\":\"fi\"},{\"@type\":\"Organization\",\"@id\":\"https:\\\/\\\/stage.nordtec.se\\\/fi\\\/#organization\",\"name\":\"Nordtec Instrument AB\",\"url\":\"https:\\\/\\\/stage.nordtec.se\\\/fi\\\/\",\"logo\":{\"@type\":\"ImageObject\",\"inLanguage\":\"fi\",\"@id\":\"https:\\\/\\\/stage.nordtec.se\\\/fi\\\/#\\\/schema\\\/logo\\\/image\\\/\",\"url\":\"https:\\\/\\\/stage.nordtec.se\\\/wp-content\\\/uploads\\\/2021\\\/08\\\/nordtec_logo_rgb-340px.png\",\"contentUrl\":\"https:\\\/\\\/stage.nordtec.se\\\/wp-content\\\/uploads\\\/2021\\\/08\\\/nordtec_logo_rgb-340px.png\",\"width\":340,\"height\":75,\"caption\":\"Nordtec Instrument AB\"},\"image\":{\"@id\":\"https:\\\/\\\/stage.nordtec.se\\\/fi\\\/#\\\/schema\\\/logo\\\/image\\\/\"},\"sameAs\":[\"https:\\\/\\\/www.facebook.com\\\/nordtecinstrument\",\"https:\\\/\\\/www.instagram.com\\\/nordtec_instrument\\\/\",\"https:\\\/\\\/www.linkedin.com\\\/company\\\/nordtec-instrument-ab\\\/\",\"https:\\\/\\\/www.youtube.com\\\/channel\\\/UCbmAq3ZmfBKOGg7_igFURng\"]}]}<\/script>\n<!-- \/ Yoast SEO Premium plugin. -->","yoast_head_json":{"title":"testo 110 Food \u2013 m\u00e4tset med insticksgivare och skyddsfodral (demo) | Nordtec","description":"Enkel, snabb och noggrann temperaturm\u00e4tning \u1405 testo 110 Food \u2713 Dokumentering via testo Smart-appen \u2713 HACCP-godk\u00e4nd enligt EN 13485 \u2713 H\u00f6g systemnoggrannhet","robots":{"index":"noindex","follow":"follow","max-snippet":"max-snippet:-1","max-image-preview":"max-image-preview:large","max-video-preview":"max-video-preview:-1"},"og_locale":"fi_FI","og_type":"article","og_title":"testo 110 Food \u2013 m\u00e4tset med insticksgivare och skyddsfodral (demo)","og_description":"Enkel, snabb och noggrann temperaturm\u00e4tning \u1405 testo 110 Food \u2713 Dokumentering via testo Smart-appen \u2713 HACCP-godk\u00e4nd enligt EN 13485 \u2713 H\u00f6g systemnoggrannhet","og_url":"https:\/\/stage.nordtec.se\/fi\/tuote\/fyndhyllan\/testo-110-food-matset-med-insticksgivare-och-skyddsfodral-demo\/","og_site_name":"Nordtec","article_publisher":"https:\/\/www.facebook.com\/nordtecinstrument","article_modified_time":"2025-11-12T10:23:11+00:00","og_image":[{"width":800,"height":800,"url":"https:\/\/stage.nordtec.se\/wp-content\/uploads\/2024\/11\/testo-110-food-0563-0110-0516-0224-0613-2211-front-en-800px.png","type":"image\/png"}],"twitter_card":"summary_large_image","twitter_misc":{"Arvioitu lukuaika":"2 minuuttia"},"schema":{"@context":"https:\/\/schema.org","@graph":[{"@type":["WebPage","ItemPage"],"@id":"https:\/\/stage.nordtec.se\/fi\/tuote\/fyndhyllan\/testo-110-food-matset-med-insticksgivare-och-skyddsfodral-demo\/","url":"https:\/\/stage.nordtec.se\/fi\/tuote\/fyndhyllan\/testo-110-food-matset-med-insticksgivare-och-skyddsfodral-demo\/","name":"testo 110 Food \u2013 m\u00e4tset med insticksgivare och skyddsfodral (demo) | Nordtec","isPartOf":{"@id":"https:\/\/stage.nordtec.se\/fi\/#website"},"primaryImageOfPage":{"@id":"https:\/\/stage.nordtec.se\/fi\/tuote\/fyndhyllan\/testo-110-food-matset-med-insticksgivare-och-skyddsfodral-demo\/#primaryimage"},"image":{"@id":"https:\/\/stage.nordtec.se\/fi\/tuote\/fyndhyllan\/testo-110-food-matset-med-insticksgivare-och-skyddsfodral-demo\/#primaryimage"},"thumbnailUrl":"https:\/\/stage.nordtec.se\/wp-content\/uploads\/2024\/11\/testo-110-food-0563-0110-0516-0224-0613-2211-front-en-800px.png","datePublished":"2025-05-28T09:14:57+00:00","dateModified":"2025-11-12T10:23:11+00:00","description":"Enkel, snabb och noggrann temperaturm\u00e4tning \u1405 testo 110 Food \u2713 Dokumentering via testo Smart-appen \u2713 HACCP-godk\u00e4nd enligt EN 13485 \u2713 H\u00f6g systemnoggrannhet","breadcrumb":{"@id":"https:\/\/stage.nordtec.se\/fi\/tuote\/fyndhyllan\/testo-110-food-matset-med-insticksgivare-och-skyddsfodral-demo\/#breadcrumb"},"inLanguage":"fi","potentialAction":[{"@type":"ReadAction","target":["https:\/\/stage.nordtec.se\/fi\/tuote\/fyndhyllan\/testo-110-food-matset-med-insticksgivare-och-skyddsfodral-demo\/"]}]},{"@type":"ImageObject","inLanguage":"fi","@id":"https:\/\/stage.nordtec.se\/fi\/tuote\/fyndhyllan\/testo-110-food-matset-med-insticksgivare-och-skyddsfodral-demo\/#primaryimage","url":"https:\/\/stage.nordtec.se\/wp-content\/uploads\/2024\/11\/testo-110-food-0563-0110-0516-0224-0613-2211-front-en-800px.png","contentUrl":"https:\/\/stage.nordtec.se\/wp-content\/uploads\/2024\/11\/testo-110-food-0563-0110-0516-0224-0613-2211-front-en-800px.png","width":800,"height":800},{"@type":"BreadcrumbList","@id":"https:\/\/stage.nordtec.se\/fi\/tuote\/fyndhyllan\/testo-110-food-matset-med-insticksgivare-och-skyddsfodral-demo\/#breadcrumb","itemListElement":[{"@type":"ListItem","position":1,"name":"Hem","item":"https:\/\/stage.nordtec.se\/fi\/"},{"@type":"ListItem","position":2,"name":"Kauppa","item":"https:\/\/stage.nordtec.se\/produkter\/"},{"@type":"ListItem","position":3,"name":"testo 110 Food \u2013 m\u00e4tset med insticksgivare och skyddsfodral (demo)"}]},{"@type":"WebSite","@id":"https:\/\/stage.nordtec.se\/fi\/#website","url":"https:\/\/stage.nordtec.se\/fi\/","name":"Nordtec","description":"Din partner inom m\u00e4tteknik","publisher":{"@id":"https:\/\/stage.nordtec.se\/fi\/#organization"},"potentialAction":[{"@type":"SearchAction","target":{"@type":"EntryPoint","urlTemplate":"https:\/\/stage.nordtec.se\/fi\/?s={search_term_string}"},"query-input":{"@type":"PropertyValueSpecification","valueRequired":true,"valueName":"search_term_string"}}],"inLanguage":"fi"},{"@type":"Organization","@id":"https:\/\/stage.nordtec.se\/fi\/#organization","name":"Nordtec Instrument AB","url":"https:\/\/stage.nordtec.se\/fi\/","logo":{"@type":"ImageObject","inLanguage":"fi","@id":"https:\/\/stage.nordtec.se\/fi\/#\/schema\/logo\/image\/","url":"https:\/\/stage.nordtec.se\/wp-content\/uploads\/2021\/08\/nordtec_logo_rgb-340px.png","contentUrl":"https:\/\/stage.nordtec.se\/wp-content\/uploads\/2021\/08\/nordtec_logo_rgb-340px.png","width":340,"height":75,"caption":"Nordtec Instrument AB"},"image":{"@id":"https:\/\/stage.nordtec.se\/fi\/#\/schema\/logo\/image\/"},"sameAs":["https:\/\/www.facebook.com\/nordtecinstrument","https:\/\/www.instagram.com\/nordtec_instrument\/","https:\/\/www.linkedin.com\/company\/nordtec-instrument-ab\/","https:\/\/www.youtube.com\/channel\/UCbmAq3ZmfBKOGg7_igFURng"]}]}},"taxonomy_info":{"product_brand":[{"value":1435,"label":"Testo"}],"product_cat":[{"value":714,"label":"Fyndhyllan"}]},"featured_image_src_large":["https:\/\/stage.nordtec.se\/wp-content\/uploads\/2024\/11\/testo-110-food-0563-0110-0516-0224-0613-2211-front-en-800px.png",800,800,false],"author_info":[],"comment_info":"","_links":{"self":[{"href":"https:\/\/stage.nordtec.se\/fi\/wp-json\/wp\/v2\/product\/53474","targetHints":{"allow":["GET"]}}],"collection":[{"href":"https:\/\/stage.nordtec.se\/fi\/wp-json\/wp\/v2\/product"}],"about":[{"href":"https:\/\/stage.nordtec.se\/fi\/wp-json\/wp\/v2\/types\/product"}],"version-history":[{"count":1,"href":"https:\/\/stage.nordtec.se\/fi\/wp-json\/wp\/v2\/product\/53474\/revisions"}],"predecessor-version":[{"id":53477,"href":"https:\/\/stage.nordtec.se\/fi\/wp-json\/wp\/v2\/product\/53474\/revisions\/53477"}],"wp:featuredmedia":[{"embeddable":true,"href":"https:\/\/stage.nordtec.se\/fi\/wp-json\/wp\/v2\/media\/49505"}],"wp:attachment":[{"href":"https:\/\/stage.nordtec.se\/fi\/wp-json\/wp\/v2\/media?parent=53474"}],"wp:term":[{"taxonomy":"product_brand","embeddable":true,"href":"https:\/\/stage.nordtec.se\/fi\/wp-json\/wp\/v2\/product_brand?post=53474"},{"taxonomy":"product_cat","embeddable":true,"href":"https:\/\/stage.nordtec.se\/fi\/wp-json\/wp\/v2\/product_cat?post=53474"},{"taxonomy":"product_tag","embeddable":true,"href":"https:\/\/stage.nordtec.se\/fi\/wp-json\/wp\/v2\/product_tag?post=53474"}],"curies":[{"name":"wp","href":"https:\/\/api.w.org\/{rel}","templated":true}]}}