{"id":45597,"date":"2024-03-01T12:07:25","date_gmt":"2024-03-01T10:07:25","guid":{"rendered":"https:\/\/stage.nordtec.se\/?post_type=product&#038;p=45597"},"modified":"2025-12-09T16:18:32","modified_gmt":"2025-12-09T14:18:32","slug":"set-med-pump-och-tatningsballonger","status":"publish","type":"product","link":"https:\/\/stage.nordtec.se\/fi\/tuote\/tillbehor\/set-med-pump-och-tatningsballonger\/","title":{"rendered":"Set med pump och t\u00e4tningsballonger"},"content":{"rendered":"","protected":false},"excerpt":{"rendered":"<p>Ballongerna placeras i \u00f6ppningar p\u00e5 luftdon och bl\u00e5ses snabbt upp f\u00f6r att t\u00e4ppa till ventilationskanaler under t\u00e4thetsm\u00e4tningar. Detta \u00e4r en smidig och effektiv l\u00f6sning som sparar mycket tid j\u00e4mf\u00f6rt med att tejpa, vilket \u00e4r en vanlig metod f\u00f6r t\u00e4tning av don.<\/p>\n<ul>\n<li>10 ballonger (Diameter max 250 mm, min 100 mm. Tjocklek 1 mm)<\/li>\n<li>Pump<\/li>\n<li>Ventil<\/li>\n<\/ul>\n","protected":false},"featured_media":45600,"template":"","meta":{"_kad_blocks_custom_css":"","_kad_blocks_head_custom_js":"","_kad_blocks_body_custom_js":"","_kad_blocks_footer_custom_js":"","footnotes":""},"product_brand":[],"product_cat":[176],"product_tag":[466,467],"class_list":{"0":"post-45597","1":"product","2":"type-product","3":"status-publish","4":"has-post-thumbnail","6":"product_cat-tillbehor","7":"product_tag-3940-0301","8":"product_tag-3940-1002","10":"first","11":"instock","12":"taxable","13":"shipping-taxable","14":"purchasable","15":"product-type-simple"},"yoast_head":"<!-- This site is optimized with the Yoast SEO Premium plugin v25.8 (Yoast SEO v27.4) - https:\/\/yoast.com\/product\/yoast-seo-premium-wordpress\/ -->\n<title>Set med pump och t\u00e4tningsballonger | Nordtec<\/title>\n<meta name=\"description\" content=\"Uppgradera din Blower Door med pump och t\u00e4tningsballonger! Ballongerna placeras i \u00f6ppningar p\u00e5 luftdon och bl\u00e5ses snabbt upp f\u00f6r att t\u00e4ppa till ventilationskanaler under t\u00e4thetsm\u00e4tningar.\" \/>\n<meta name=\"robots\" content=\"noindex, follow, max-snippet:-1, max-image-preview:large, max-video-preview:-1\" \/>\n<meta property=\"og:locale\" content=\"fi_FI\" \/>\n<meta property=\"og:type\" content=\"article\" \/>\n<meta property=\"og:title\" content=\"Set med pump och t\u00e4tningsballonger\" \/>\n<meta property=\"og:description\" content=\"Uppgradera din Blower Door med pump och t\u00e4tningsballonger! Ballongerna placeras i \u00f6ppningar p\u00e5 luftdon och bl\u00e5ses snabbt upp f\u00f6r att t\u00e4ppa till ventilationskanaler under t\u00e4thetsm\u00e4tningar.\" \/>\n<meta property=\"og:url\" content=\"https:\/\/stage.nordtec.se\/fi\/tuote\/tillbehor\/set-med-pump-och-tatningsballonger\/\" \/>\n<meta property=\"og:site_name\" content=\"Nordtec\" \/>\n<meta property=\"article:publisher\" content=\"https:\/\/www.facebook.com\/nordtecinstrument\" \/>\n<meta property=\"article:modified_time\" content=\"2025-12-09T14:18:32+00:00\" \/>\n<meta property=\"og:image\" content=\"https:\/\/stage.nordtec.se\/wp-content\/uploads\/2024\/03\/3940-0001-ballong-kit_800px.png\" \/>\n\t<meta property=\"og:image:width\" content=\"800\" \/>\n\t<meta property=\"og:image:height\" content=\"800\" \/>\n\t<meta property=\"og:image:type\" content=\"image\/png\" \/>\n<meta name=\"twitter:card\" content=\"summary_large_image\" \/>\n<meta name=\"twitter:label1\" content=\"Arvioitu lukuaika\" \/>\n\t<meta name=\"twitter:data1\" content=\"1 minuutti\" \/>\n<script type=\"application\/ld+json\" class=\"yoast-schema-graph\">{\"@context\":\"https:\\\/\\\/schema.org\",\"@graph\":[{\"@type\":[\"WebPage\",\"ItemPage\"],\"@id\":\"https:\\\/\\\/stage.nordtec.se\\\/fi\\\/tuote\\\/tillbehor\\\/set-med-pump-och-tatningsballonger\\\/\",\"url\":\"https:\\\/\\\/stage.nordtec.se\\\/fi\\\/tuote\\\/tillbehor\\\/set-med-pump-och-tatningsballonger\\\/\",\"name\":\"Set med pump och t\u00e4tningsballonger | Nordtec\",\"isPartOf\":{\"@id\":\"https:\\\/\\\/stage.nordtec.se\\\/fi\\\/#website\"},\"primaryImageOfPage\":{\"@id\":\"https:\\\/\\\/stage.nordtec.se\\\/fi\\\/tuote\\\/tillbehor\\\/set-med-pump-och-tatningsballonger\\\/#primaryimage\"},\"image\":{\"@id\":\"https:\\\/\\\/stage.nordtec.se\\\/fi\\\/tuote\\\/tillbehor\\\/set-med-pump-och-tatningsballonger\\\/#primaryimage\"},\"thumbnailUrl\":\"https:\\\/\\\/stage.nordtec.se\\\/wp-content\\\/uploads\\\/2024\\\/03\\\/3940-0001-ballong-kit_800px.png\",\"datePublished\":\"2024-03-01T10:07:25+00:00\",\"dateModified\":\"2025-12-09T14:18:32+00:00\",\"description\":\"Uppgradera din Blower Door med pump och t\u00e4tningsballonger! Ballongerna placeras i \u00f6ppningar p\u00e5 luftdon och bl\u00e5ses snabbt upp f\u00f6r att t\u00e4ppa till ventilationskanaler under t\u00e4thetsm\u00e4tningar.\",\"breadcrumb\":{\"@id\":\"https:\\\/\\\/stage.nordtec.se\\\/fi\\\/tuote\\\/tillbehor\\\/set-med-pump-och-tatningsballonger\\\/#breadcrumb\"},\"inLanguage\":\"fi\",\"potentialAction\":[{\"@type\":\"ReadAction\",\"target\":[\"https:\\\/\\\/stage.nordtec.se\\\/fi\\\/tuote\\\/tillbehor\\\/set-med-pump-och-tatningsballonger\\\/\"]}]},{\"@type\":\"ImageObject\",\"inLanguage\":\"fi\",\"@id\":\"https:\\\/\\\/stage.nordtec.se\\\/fi\\\/tuote\\\/tillbehor\\\/set-med-pump-och-tatningsballonger\\\/#primaryimage\",\"url\":\"https:\\\/\\\/stage.nordtec.se\\\/wp-content\\\/uploads\\\/2024\\\/03\\\/3940-0001-ballong-kit_800px.png\",\"contentUrl\":\"https:\\\/\\\/stage.nordtec.se\\\/wp-content\\\/uploads\\\/2024\\\/03\\\/3940-0001-ballong-kit_800px.png\",\"width\":800,\"height\":800,\"caption\":\"3940 0001 ballong set Blower Door\"},{\"@type\":\"BreadcrumbList\",\"@id\":\"https:\\\/\\\/stage.nordtec.se\\\/fi\\\/tuote\\\/tillbehor\\\/set-med-pump-och-tatningsballonger\\\/#breadcrumb\",\"itemListElement\":[{\"@type\":\"ListItem\",\"position\":1,\"name\":\"Hem\",\"item\":\"https:\\\/\\\/stage.nordtec.se\\\/fi\\\/\"},{\"@type\":\"ListItem\",\"position\":2,\"name\":\"Kauppa\",\"item\":\"https:\\\/\\\/stage.nordtec.se\\\/produkter\\\/\"},{\"@type\":\"ListItem\",\"position\":3,\"name\":\"Set med pump och t\u00e4tningsballonger\"}]},{\"@type\":\"WebSite\",\"@id\":\"https:\\\/\\\/stage.nordtec.se\\\/fi\\\/#website\",\"url\":\"https:\\\/\\\/stage.nordtec.se\\\/fi\\\/\",\"name\":\"Nordtec\",\"description\":\"Din partner inom m\u00e4tteknik\",\"publisher\":{\"@id\":\"https:\\\/\\\/stage.nordtec.se\\\/fi\\\/#organization\"},\"potentialAction\":[{\"@type\":\"SearchAction\",\"target\":{\"@type\":\"EntryPoint\",\"urlTemplate\":\"https:\\\/\\\/stage.nordtec.se\\\/fi\\\/?s={search_term_string}\"},\"query-input\":{\"@type\":\"PropertyValueSpecification\",\"valueRequired\":true,\"valueName\":\"search_term_string\"}}],\"inLanguage\":\"fi\"},{\"@type\":\"Organization\",\"@id\":\"https:\\\/\\\/stage.nordtec.se\\\/fi\\\/#organization\",\"name\":\"Nordtec Instrument AB\",\"url\":\"https:\\\/\\\/stage.nordtec.se\\\/fi\\\/\",\"logo\":{\"@type\":\"ImageObject\",\"inLanguage\":\"fi\",\"@id\":\"https:\\\/\\\/stage.nordtec.se\\\/fi\\\/#\\\/schema\\\/logo\\\/image\\\/\",\"url\":\"https:\\\/\\\/stage.nordtec.se\\\/wp-content\\\/uploads\\\/2021\\\/08\\\/nordtec_logo_rgb-340px.png\",\"contentUrl\":\"https:\\\/\\\/stage.nordtec.se\\\/wp-content\\\/uploads\\\/2021\\\/08\\\/nordtec_logo_rgb-340px.png\",\"width\":340,\"height\":75,\"caption\":\"Nordtec Instrument AB\"},\"image\":{\"@id\":\"https:\\\/\\\/stage.nordtec.se\\\/fi\\\/#\\\/schema\\\/logo\\\/image\\\/\"},\"sameAs\":[\"https:\\\/\\\/www.facebook.com\\\/nordtecinstrument\",\"https:\\\/\\\/www.instagram.com\\\/nordtec_instrument\\\/\",\"https:\\\/\\\/www.linkedin.com\\\/company\\\/nordtec-instrument-ab\\\/\",\"https:\\\/\\\/www.youtube.com\\\/channel\\\/UCbmAq3ZmfBKOGg7_igFURng\"]}]}<\/script>\n<!-- \/ Yoast SEO Premium plugin. -->","yoast_head_json":{"title":"Set med pump och t\u00e4tningsballonger | Nordtec","description":"Uppgradera din Blower Door med pump och t\u00e4tningsballonger! Ballongerna placeras i \u00f6ppningar p\u00e5 luftdon och bl\u00e5ses snabbt upp f\u00f6r att t\u00e4ppa till ventilationskanaler under t\u00e4thetsm\u00e4tningar.","robots":{"index":"noindex","follow":"follow","max-snippet":"max-snippet:-1","max-image-preview":"max-image-preview:large","max-video-preview":"max-video-preview:-1"},"og_locale":"fi_FI","og_type":"article","og_title":"Set med pump och t\u00e4tningsballonger","og_description":"Uppgradera din Blower Door med pump och t\u00e4tningsballonger! Ballongerna placeras i \u00f6ppningar p\u00e5 luftdon och bl\u00e5ses snabbt upp f\u00f6r att t\u00e4ppa till ventilationskanaler under t\u00e4thetsm\u00e4tningar.","og_url":"https:\/\/stage.nordtec.se\/fi\/tuote\/tillbehor\/set-med-pump-och-tatningsballonger\/","og_site_name":"Nordtec","article_publisher":"https:\/\/www.facebook.com\/nordtecinstrument","article_modified_time":"2025-12-09T14:18:32+00:00","og_image":[{"width":800,"height":800,"url":"https:\/\/stage.nordtec.se\/wp-content\/uploads\/2024\/03\/3940-0001-ballong-kit_800px.png","type":"image\/png"}],"twitter_card":"summary_large_image","twitter_misc":{"Arvioitu lukuaika":"1 minuutti"},"schema":{"@context":"https:\/\/schema.org","@graph":[{"@type":["WebPage","ItemPage"],"@id":"https:\/\/stage.nordtec.se\/fi\/tuote\/tillbehor\/set-med-pump-och-tatningsballonger\/","url":"https:\/\/stage.nordtec.se\/fi\/tuote\/tillbehor\/set-med-pump-och-tatningsballonger\/","name":"Set med pump och t\u00e4tningsballonger | Nordtec","isPartOf":{"@id":"https:\/\/stage.nordtec.se\/fi\/#website"},"primaryImageOfPage":{"@id":"https:\/\/stage.nordtec.se\/fi\/tuote\/tillbehor\/set-med-pump-och-tatningsballonger\/#primaryimage"},"image":{"@id":"https:\/\/stage.nordtec.se\/fi\/tuote\/tillbehor\/set-med-pump-och-tatningsballonger\/#primaryimage"},"thumbnailUrl":"https:\/\/stage.nordtec.se\/wp-content\/uploads\/2024\/03\/3940-0001-ballong-kit_800px.png","datePublished":"2024-03-01T10:07:25+00:00","dateModified":"2025-12-09T14:18:32+00:00","description":"Uppgradera din Blower Door med pump och t\u00e4tningsballonger! Ballongerna placeras i \u00f6ppningar p\u00e5 luftdon och bl\u00e5ses snabbt upp f\u00f6r att t\u00e4ppa till ventilationskanaler under t\u00e4thetsm\u00e4tningar.","breadcrumb":{"@id":"https:\/\/stage.nordtec.se\/fi\/tuote\/tillbehor\/set-med-pump-och-tatningsballonger\/#breadcrumb"},"inLanguage":"fi","potentialAction":[{"@type":"ReadAction","target":["https:\/\/stage.nordtec.se\/fi\/tuote\/tillbehor\/set-med-pump-och-tatningsballonger\/"]}]},{"@type":"ImageObject","inLanguage":"fi","@id":"https:\/\/stage.nordtec.se\/fi\/tuote\/tillbehor\/set-med-pump-och-tatningsballonger\/#primaryimage","url":"https:\/\/stage.nordtec.se\/wp-content\/uploads\/2024\/03\/3940-0001-ballong-kit_800px.png","contentUrl":"https:\/\/stage.nordtec.se\/wp-content\/uploads\/2024\/03\/3940-0001-ballong-kit_800px.png","width":800,"height":800,"caption":"3940 0001 ballong set Blower Door"},{"@type":"BreadcrumbList","@id":"https:\/\/stage.nordtec.se\/fi\/tuote\/tillbehor\/set-med-pump-och-tatningsballonger\/#breadcrumb","itemListElement":[{"@type":"ListItem","position":1,"name":"Hem","item":"https:\/\/stage.nordtec.se\/fi\/"},{"@type":"ListItem","position":2,"name":"Kauppa","item":"https:\/\/stage.nordtec.se\/produkter\/"},{"@type":"ListItem","position":3,"name":"Set med pump och t\u00e4tningsballonger"}]},{"@type":"WebSite","@id":"https:\/\/stage.nordtec.se\/fi\/#website","url":"https:\/\/stage.nordtec.se\/fi\/","name":"Nordtec","description":"Din partner inom m\u00e4tteknik","publisher":{"@id":"https:\/\/stage.nordtec.se\/fi\/#organization"},"potentialAction":[{"@type":"SearchAction","target":{"@type":"EntryPoint","urlTemplate":"https:\/\/stage.nordtec.se\/fi\/?s={search_term_string}"},"query-input":{"@type":"PropertyValueSpecification","valueRequired":true,"valueName":"search_term_string"}}],"inLanguage":"fi"},{"@type":"Organization","@id":"https:\/\/stage.nordtec.se\/fi\/#organization","name":"Nordtec Instrument AB","url":"https:\/\/stage.nordtec.se\/fi\/","logo":{"@type":"ImageObject","inLanguage":"fi","@id":"https:\/\/stage.nordtec.se\/fi\/#\/schema\/logo\/image\/","url":"https:\/\/stage.nordtec.se\/wp-content\/uploads\/2021\/08\/nordtec_logo_rgb-340px.png","contentUrl":"https:\/\/stage.nordtec.se\/wp-content\/uploads\/2021\/08\/nordtec_logo_rgb-340px.png","width":340,"height":75,"caption":"Nordtec Instrument AB"},"image":{"@id":"https:\/\/stage.nordtec.se\/fi\/#\/schema\/logo\/image\/"},"sameAs":["https:\/\/www.facebook.com\/nordtecinstrument","https:\/\/www.instagram.com\/nordtec_instrument\/","https:\/\/www.linkedin.com\/company\/nordtec-instrument-ab\/","https:\/\/www.youtube.com\/channel\/UCbmAq3ZmfBKOGg7_igFURng"]}]}},"taxonomy_info":{"product_cat":[{"value":176,"label":"Tillbeh\u00f6r"}],"product_tag":[{"value":466,"label":"3940 0301"},{"value":467,"label":"3940 1002"}]},"featured_image_src_large":["https:\/\/stage.nordtec.se\/wp-content\/uploads\/2024\/03\/3940-0001-ballong-kit_800px.png",800,800,false],"author_info":[],"comment_info":"","_links":{"self":[{"href":"https:\/\/stage.nordtec.se\/fi\/wp-json\/wp\/v2\/product\/45597","targetHints":{"allow":["GET"]}}],"collection":[{"href":"https:\/\/stage.nordtec.se\/fi\/wp-json\/wp\/v2\/product"}],"about":[{"href":"https:\/\/stage.nordtec.se\/fi\/wp-json\/wp\/v2\/types\/product"}],"version-history":[{"count":1,"href":"https:\/\/stage.nordtec.se\/fi\/wp-json\/wp\/v2\/product\/45597\/revisions"}],"predecessor-version":[{"id":45608,"href":"https:\/\/stage.nordtec.se\/fi\/wp-json\/wp\/v2\/product\/45597\/revisions\/45608"}],"wp:featuredmedia":[{"embeddable":true,"href":"https:\/\/stage.nordtec.se\/fi\/wp-json\/wp\/v2\/media\/45600"}],"wp:attachment":[{"href":"https:\/\/stage.nordtec.se\/fi\/wp-json\/wp\/v2\/media?parent=45597"}],"wp:term":[{"taxonomy":"product_brand","embeddable":true,"href":"https:\/\/stage.nordtec.se\/fi\/wp-json\/wp\/v2\/product_brand?post=45597"},{"taxonomy":"product_cat","embeddable":true,"href":"https:\/\/stage.nordtec.se\/fi\/wp-json\/wp\/v2\/product_cat?post=45597"},{"taxonomy":"product_tag","embeddable":true,"href":"https:\/\/stage.nordtec.se\/fi\/wp-json\/wp\/v2\/product_tag?post=45597"}],"curies":[{"name":"wp","href":"https:\/\/api.w.org\/{rel}","templated":true}]}}