{"id":24898,"date":"2022-11-30T14:43:34","date_gmt":"2022-11-30T12:43:34","guid":{"rendered":"https:\/\/stage.nordtec.se\/?post_type=product&#038;p=24898"},"modified":"2025-09-01T09:21:33","modified_gmt":"2025-09-01T07:21:33","slug":"magnetventil","status":"publish","type":"product","link":"https:\/\/stage.nordtec.se\/fi\/tuote\/tillbehor\/magnetventil\/","title":{"rendered":"Magnetventil"},"content":{"rendered":"<h2>Smart magnetventil till k\u00f6ldmediev\u00e5gen testo 560i<\/h2>\n<ul>\n<li>S\u00e4rskilt robust tack vare IP54<\/li>\n<li>L\u00e5ng Bluetooth-r\u00e4ckvidd p\u00e5 upp till 150 m tillsammans med ett\u00a0Testo manometerst\u00e4ll\u00a0(ensam upp till 50 m).<\/li>\n<li>L\u00e5ng batteritid p\u00e5 \u00f6ver 60 timmar och utbytbart 9 V blockbatteri<\/li>\n<\/ul>\n<p>Helautomatisk och noggrann p\u00e5fyllning av k\u00f6ldmedium i\u00a0kylaggregat och v\u00e4rmepumpar: den smarta magnetventilen g\u00f6r det m\u00f6jligt \u2013\u00a0tillsammans med den separat tillg\u00e4ngliga k\u00f6ldmediev\u00e5gen testo 560i, ett Testo manometerst\u00e4ll, testo SmartProbes och testo Smart-appen.<\/p>\n<ul>\n<li>Smart Bluetooth-ventil f\u00f6r den digitala k\u00f6ldmediev\u00e5gen testo 560i (best\u00e4lls separat eller i f\u00e4rdigt m\u00e4tset) f\u00f6r automatisk och noggrann p\u00e5fyllning av k\u00f6ldmedium i kylaggregat\/v\u00e4rmepumpar.<\/li>\n<li>Enkel att anv\u00e4nda via ett Testo manometerst\u00e4ll eller testo Smart-appen med automatiska p\u00e5fyllningsprogram till ett m\u00e5lv\u00e4rde f\u00f6r vikt, \u00f6verhettning eller underkylning.<\/li>\n<li>Flexibel i tr\u00e5nga milj\u00f6er: ventil och v\u00e5g ansluts automatiskt via Bluetooth till manometerst\u00e4llet och appen p\u00e5 din mobil\/surfplatta.<\/li>\n<li>Alla uppm\u00e4tta v\u00e4rden under p\u00e5fyllningsprocessen visas p\u00e5 manometerst\u00e4llet och i appen (m\u00e4tdata kan ocks\u00e5 sparas i appen).<\/li>\n<li>Kompatibel med v\u00e5gen testo 560i, manometerst\u00e4llen testo 557s\/550s\/550i samt testo 557 \/550, SmartProbes-givarna testo 115i\/549 i\/605i och testo Smart-appen f\u00f6r Android och iOS.<\/li>\n<\/ul>\n<h2>F\u00f6rdelar med magnetventilen<\/h2>\n<ul>\n<li>S\u00e4rskilt robust tack vare IP54<\/li>\n<li>L\u00e5ng Bluetooth-r\u00e4ckvidd p\u00e5 upp till 150 m tillsammans med ett\u00a0Testo manometerst\u00e4ll\u00a0(ensam upp till 50 m).<\/li>\n<li>L\u00e5ng batteritid p\u00e5 \u00f6ver 60 timmar och utbytbart 9 V blockbatteri.<\/li>\n<li>Mycket praktisk tack vare den robusta kroken<\/li>\n<\/ul>\n<table id=\"tablefield-0\">\n<tbody>\n<tr>\n<td><strong>Tekniska data f\u00f6r magnetventil<\/strong><\/td>\n<td><\/td>\n<\/tr>\n<tr>\n<td>Luftfuktighet vid drift<\/td>\n<td>0 &#8230; 80 %RH<\/td>\n<\/tr>\n<tr>\n<td>Vikt<\/td>\n<td>570 g (inkl. batterier)<\/td>\n<\/tr>\n<tr>\n<td>M\u00e5tt<\/td>\n<td>95 x 119 x 47 mm (LxBxH)<\/td>\n<\/tr>\n<tr>\n<td>Drifttemperatur<\/td>\n<td>-10 &#8230; +50 \u00b0C<\/td>\n<\/tr>\n<tr>\n<td>Skyddsklass<\/td>\n<td>IP54<\/td>\n<\/tr>\n<tr>\n<td>Produktf\u00e4rg<\/td>\n<td>svart\/orange; silver<\/td>\n<\/tr>\n<tr>\n<td>Max arbetstryck<\/td>\n<td>35 bar<\/td>\n<\/tr>\n<tr>\n<td>Batterityp<\/td>\n<td>9 V (6LR61)<\/td>\n<\/tr>\n<tr>\n<td>Batteritid<\/td>\n<td>&gt;60 tim + 3000 ventilr\u00f6relser<\/td>\n<\/tr>\n<tr>\n<td>Interface<\/td>\n<td>Bluetooth\u00ae 4.2<\/td>\n<\/tr>\n<tr>\n<td>Radior\u00e4ckvidd<\/td>\n<td>50 m<\/td>\n<\/tr>\n<tr>\n<td>F\u00f6rvaringstemperatur<\/td>\n<td>-10 &#8230; +50 \u00b0C<\/td>\n<\/tr>\n<\/tbody>\n<\/table>\n<h2>Ing\u00e5r i leverans<\/h2>\n<ul>\n<li>Magnetventil med Bluetooth f\u00f6r digital k\u00f6ldmediev\u00e5g testo 560i<\/li>\n<li>1 st\u00a09V-batteri (6LR61)<\/li>\n<li>Bruksanvisning<\/li>\n<\/ul>\n","protected":false},"excerpt":{"rendered":"<p>Smart magnetventil till k\u00f6ldmediev\u00e5gen testo 560i<\/p>\n<ul>\n<li>S\u00e4rskilt robust tack vare IP54<\/li>\n<li>L\u00e5ng Bluetooth-r\u00e4ckvidd p\u00e5 upp till 150 m tillsammans med ett\u00a0Testo manometerst\u00e4ll\u00a0(ensam upp till 50 m).<\/li>\n<li>L\u00e5ng batteritid p\u00e5 \u00f6ver 60 timmar och utbytbart 9 V blockbatteri<\/li>\n<\/ul>\n","protected":false},"featured_media":24849,"template":"","meta":{"_kad_blocks_custom_css":"","_kad_blocks_head_custom_js":"","_kad_blocks_body_custom_js":"","_kad_blocks_footer_custom_js":"","footnotes":""},"product_brand":[],"product_cat":[176],"product_tag":[595,596,666,664],"class_list":{"0":"post-24898","1":"product","2":"type-product","3":"status-publish","4":"has-post-thumbnail","6":"product_cat-tillbehor","7":"product_tag-0564-1560","8":"product_tag-0564-2560","9":"product_tag-bluetooth","10":"product_tag-testo-560i","12":"first","13":"onbackorder","14":"taxable","15":"shipping-taxable","16":"purchasable","17":"product-type-simple"},"yoast_head":"<!-- This site is optimized with the Yoast SEO Premium plugin v25.8 (Yoast SEO v27.4) - https:\/\/yoast.com\/product\/yoast-seo-premium-wordpress\/ -->\n<title>Magnetventil | Nordtec<\/title>\n<meta name=\"description\" content=\"Helautomatisk och noggrann p\u00e5fyllning av k\u00f6ldmedium i\u00a0kylaggregat och v\u00e4rmepumpar: den smarta magnetventilen g\u00f6r det m\u00f6jligt \u2013\u00a0tillsammans med den separat tillg\u00e4ngliga k\u00f6ldmediev\u00e5gen testo 560i, ett Testo manometerst\u00e4ll, testo SmartProbes och testo Smart-appen.\" \/>\n<meta name=\"robots\" content=\"noindex, follow, max-snippet:-1, max-image-preview:large, max-video-preview:-1\" \/>\n<meta property=\"og:locale\" content=\"fi_FI\" \/>\n<meta property=\"og:type\" content=\"article\" \/>\n<meta property=\"og:title\" content=\"Magnetventil\" \/>\n<meta property=\"og:description\" content=\"Helautomatisk och noggrann p\u00e5fyllning av k\u00f6ldmedium i\u00a0kylaggregat och v\u00e4rmepumpar: den smarta magnetventilen g\u00f6r det m\u00f6jligt \u2013\u00a0tillsammans med den separat tillg\u00e4ngliga k\u00f6ldmediev\u00e5gen testo 560i, ett Testo manometerst\u00e4ll, testo SmartProbes och testo Smart-appen.\" \/>\n<meta property=\"og:url\" content=\"https:\/\/stage.nordtec.se\/fi\/tuote\/tillbehor\/magnetventil\/\" \/>\n<meta property=\"og:site_name\" content=\"Nordtec\" \/>\n<meta property=\"article:publisher\" content=\"https:\/\/www.facebook.com\/nordtecinstrument\" \/>\n<meta property=\"article:modified_time\" content=\"2025-09-01T07:21:33+00:00\" \/>\n<meta property=\"og:image\" content=\"https:\/\/stage.nordtec.se\/wp-content\/uploads\/2022\/03\/Valve-front-0560-5600_800px.png\" \/>\n\t<meta property=\"og:image:width\" content=\"800\" \/>\n\t<meta property=\"og:image:height\" content=\"800\" \/>\n\t<meta property=\"og:image:type\" content=\"image\/png\" \/>\n<meta name=\"twitter:card\" content=\"summary_large_image\" \/>\n<meta name=\"twitter:label1\" content=\"Arvioitu lukuaika\" \/>\n\t<meta name=\"twitter:data1\" content=\"2 minuuttia\" \/>\n<script type=\"application\/ld+json\" class=\"yoast-schema-graph\">{\"@context\":\"https:\\\/\\\/schema.org\",\"@graph\":[{\"@type\":[\"WebPage\",\"ItemPage\"],\"@id\":\"https:\\\/\\\/stage.nordtec.se\\\/fi\\\/tuote\\\/tillbehor\\\/magnetventil\\\/\",\"url\":\"https:\\\/\\\/stage.nordtec.se\\\/fi\\\/tuote\\\/tillbehor\\\/magnetventil\\\/\",\"name\":\"Magnetventil | Nordtec\",\"isPartOf\":{\"@id\":\"https:\\\/\\\/stage.nordtec.se\\\/fi\\\/#website\"},\"primaryImageOfPage\":{\"@id\":\"https:\\\/\\\/stage.nordtec.se\\\/fi\\\/tuote\\\/tillbehor\\\/magnetventil\\\/#primaryimage\"},\"image\":{\"@id\":\"https:\\\/\\\/stage.nordtec.se\\\/fi\\\/tuote\\\/tillbehor\\\/magnetventil\\\/#primaryimage\"},\"thumbnailUrl\":\"https:\\\/\\\/stage.nordtec.se\\\/wp-content\\\/uploads\\\/2022\\\/03\\\/Valve-front-0560-5600_800px.png\",\"datePublished\":\"2022-11-30T12:43:34+00:00\",\"dateModified\":\"2025-09-01T07:21:33+00:00\",\"description\":\"Helautomatisk och noggrann p\u00e5fyllning av k\u00f6ldmedium i\u00a0kylaggregat och v\u00e4rmepumpar: den smarta magnetventilen g\u00f6r det m\u00f6jligt \u2013\u00a0tillsammans med den separat tillg\u00e4ngliga k\u00f6ldmediev\u00e5gen testo 560i, ett Testo manometerst\u00e4ll, testo SmartProbes och testo Smart-appen.\",\"breadcrumb\":{\"@id\":\"https:\\\/\\\/stage.nordtec.se\\\/fi\\\/tuote\\\/tillbehor\\\/magnetventil\\\/#breadcrumb\"},\"inLanguage\":\"fi\",\"potentialAction\":[{\"@type\":\"ReadAction\",\"target\":[\"https:\\\/\\\/stage.nordtec.se\\\/fi\\\/tuote\\\/tillbehor\\\/magnetventil\\\/\"]}]},{\"@type\":\"ImageObject\",\"inLanguage\":\"fi\",\"@id\":\"https:\\\/\\\/stage.nordtec.se\\\/fi\\\/tuote\\\/tillbehor\\\/magnetventil\\\/#primaryimage\",\"url\":\"https:\\\/\\\/stage.nordtec.se\\\/wp-content\\\/uploads\\\/2022\\\/03\\\/Valve-front-0560-5600_800px.png\",\"contentUrl\":\"https:\\\/\\\/stage.nordtec.se\\\/wp-content\\\/uploads\\\/2022\\\/03\\\/Valve-front-0560-5600_800px.png\",\"width\":800,\"height\":800,\"caption\":\"0560 5600 testo Magnetventil fram\"},{\"@type\":\"BreadcrumbList\",\"@id\":\"https:\\\/\\\/stage.nordtec.se\\\/fi\\\/tuote\\\/tillbehor\\\/magnetventil\\\/#breadcrumb\",\"itemListElement\":[{\"@type\":\"ListItem\",\"position\":1,\"name\":\"Hem\",\"item\":\"https:\\\/\\\/stage.nordtec.se\\\/fi\\\/\"},{\"@type\":\"ListItem\",\"position\":2,\"name\":\"Kauppa\",\"item\":\"https:\\\/\\\/stage.nordtec.se\\\/produkter\\\/\"},{\"@type\":\"ListItem\",\"position\":3,\"name\":\"Magnetventil\"}]},{\"@type\":\"WebSite\",\"@id\":\"https:\\\/\\\/stage.nordtec.se\\\/fi\\\/#website\",\"url\":\"https:\\\/\\\/stage.nordtec.se\\\/fi\\\/\",\"name\":\"Nordtec\",\"description\":\"Din partner inom m\u00e4tteknik\",\"publisher\":{\"@id\":\"https:\\\/\\\/stage.nordtec.se\\\/fi\\\/#organization\"},\"potentialAction\":[{\"@type\":\"SearchAction\",\"target\":{\"@type\":\"EntryPoint\",\"urlTemplate\":\"https:\\\/\\\/stage.nordtec.se\\\/fi\\\/?s={search_term_string}\"},\"query-input\":{\"@type\":\"PropertyValueSpecification\",\"valueRequired\":true,\"valueName\":\"search_term_string\"}}],\"inLanguage\":\"fi\"},{\"@type\":\"Organization\",\"@id\":\"https:\\\/\\\/stage.nordtec.se\\\/fi\\\/#organization\",\"name\":\"Nordtec Instrument AB\",\"url\":\"https:\\\/\\\/stage.nordtec.se\\\/fi\\\/\",\"logo\":{\"@type\":\"ImageObject\",\"inLanguage\":\"fi\",\"@id\":\"https:\\\/\\\/stage.nordtec.se\\\/fi\\\/#\\\/schema\\\/logo\\\/image\\\/\",\"url\":\"https:\\\/\\\/stage.nordtec.se\\\/wp-content\\\/uploads\\\/2021\\\/08\\\/nordtec_logo_rgb-340px.png\",\"contentUrl\":\"https:\\\/\\\/stage.nordtec.se\\\/wp-content\\\/uploads\\\/2021\\\/08\\\/nordtec_logo_rgb-340px.png\",\"width\":340,\"height\":75,\"caption\":\"Nordtec Instrument AB\"},\"image\":{\"@id\":\"https:\\\/\\\/stage.nordtec.se\\\/fi\\\/#\\\/schema\\\/logo\\\/image\\\/\"},\"sameAs\":[\"https:\\\/\\\/www.facebook.com\\\/nordtecinstrument\",\"https:\\\/\\\/www.instagram.com\\\/nordtec_instrument\\\/\",\"https:\\\/\\\/www.linkedin.com\\\/company\\\/nordtec-instrument-ab\\\/\",\"https:\\\/\\\/www.youtube.com\\\/channel\\\/UCbmAq3ZmfBKOGg7_igFURng\"]}]}<\/script>\n<!-- \/ Yoast SEO Premium plugin. -->","yoast_head_json":{"title":"Magnetventil | Nordtec","description":"Helautomatisk och noggrann p\u00e5fyllning av k\u00f6ldmedium i\u00a0kylaggregat och v\u00e4rmepumpar: den smarta magnetventilen g\u00f6r det m\u00f6jligt \u2013\u00a0tillsammans med den separat tillg\u00e4ngliga k\u00f6ldmediev\u00e5gen testo 560i, ett Testo manometerst\u00e4ll, testo SmartProbes och testo Smart-appen.","robots":{"index":"noindex","follow":"follow","max-snippet":"max-snippet:-1","max-image-preview":"max-image-preview:large","max-video-preview":"max-video-preview:-1"},"og_locale":"fi_FI","og_type":"article","og_title":"Magnetventil","og_description":"Helautomatisk och noggrann p\u00e5fyllning av k\u00f6ldmedium i\u00a0kylaggregat och v\u00e4rmepumpar: den smarta magnetventilen g\u00f6r det m\u00f6jligt \u2013\u00a0tillsammans med den separat tillg\u00e4ngliga k\u00f6ldmediev\u00e5gen testo 560i, ett Testo manometerst\u00e4ll, testo SmartProbes och testo Smart-appen.","og_url":"https:\/\/stage.nordtec.se\/fi\/tuote\/tillbehor\/magnetventil\/","og_site_name":"Nordtec","article_publisher":"https:\/\/www.facebook.com\/nordtecinstrument","article_modified_time":"2025-09-01T07:21:33+00:00","og_image":[{"width":800,"height":800,"url":"https:\/\/stage.nordtec.se\/wp-content\/uploads\/2022\/03\/Valve-front-0560-5600_800px.png","type":"image\/png"}],"twitter_card":"summary_large_image","twitter_misc":{"Arvioitu lukuaika":"2 minuuttia"},"schema":{"@context":"https:\/\/schema.org","@graph":[{"@type":["WebPage","ItemPage"],"@id":"https:\/\/stage.nordtec.se\/fi\/tuote\/tillbehor\/magnetventil\/","url":"https:\/\/stage.nordtec.se\/fi\/tuote\/tillbehor\/magnetventil\/","name":"Magnetventil | Nordtec","isPartOf":{"@id":"https:\/\/stage.nordtec.se\/fi\/#website"},"primaryImageOfPage":{"@id":"https:\/\/stage.nordtec.se\/fi\/tuote\/tillbehor\/magnetventil\/#primaryimage"},"image":{"@id":"https:\/\/stage.nordtec.se\/fi\/tuote\/tillbehor\/magnetventil\/#primaryimage"},"thumbnailUrl":"https:\/\/stage.nordtec.se\/wp-content\/uploads\/2022\/03\/Valve-front-0560-5600_800px.png","datePublished":"2022-11-30T12:43:34+00:00","dateModified":"2025-09-01T07:21:33+00:00","description":"Helautomatisk och noggrann p\u00e5fyllning av k\u00f6ldmedium i\u00a0kylaggregat och v\u00e4rmepumpar: den smarta magnetventilen g\u00f6r det m\u00f6jligt \u2013\u00a0tillsammans med den separat tillg\u00e4ngliga k\u00f6ldmediev\u00e5gen testo 560i, ett Testo manometerst\u00e4ll, testo SmartProbes och testo Smart-appen.","breadcrumb":{"@id":"https:\/\/stage.nordtec.se\/fi\/tuote\/tillbehor\/magnetventil\/#breadcrumb"},"inLanguage":"fi","potentialAction":[{"@type":"ReadAction","target":["https:\/\/stage.nordtec.se\/fi\/tuote\/tillbehor\/magnetventil\/"]}]},{"@type":"ImageObject","inLanguage":"fi","@id":"https:\/\/stage.nordtec.se\/fi\/tuote\/tillbehor\/magnetventil\/#primaryimage","url":"https:\/\/stage.nordtec.se\/wp-content\/uploads\/2022\/03\/Valve-front-0560-5600_800px.png","contentUrl":"https:\/\/stage.nordtec.se\/wp-content\/uploads\/2022\/03\/Valve-front-0560-5600_800px.png","width":800,"height":800,"caption":"0560 5600 testo Magnetventil fram"},{"@type":"BreadcrumbList","@id":"https:\/\/stage.nordtec.se\/fi\/tuote\/tillbehor\/magnetventil\/#breadcrumb","itemListElement":[{"@type":"ListItem","position":1,"name":"Hem","item":"https:\/\/stage.nordtec.se\/fi\/"},{"@type":"ListItem","position":2,"name":"Kauppa","item":"https:\/\/stage.nordtec.se\/produkter\/"},{"@type":"ListItem","position":3,"name":"Magnetventil"}]},{"@type":"WebSite","@id":"https:\/\/stage.nordtec.se\/fi\/#website","url":"https:\/\/stage.nordtec.se\/fi\/","name":"Nordtec","description":"Din partner inom m\u00e4tteknik","publisher":{"@id":"https:\/\/stage.nordtec.se\/fi\/#organization"},"potentialAction":[{"@type":"SearchAction","target":{"@type":"EntryPoint","urlTemplate":"https:\/\/stage.nordtec.se\/fi\/?s={search_term_string}"},"query-input":{"@type":"PropertyValueSpecification","valueRequired":true,"valueName":"search_term_string"}}],"inLanguage":"fi"},{"@type":"Organization","@id":"https:\/\/stage.nordtec.se\/fi\/#organization","name":"Nordtec Instrument AB","url":"https:\/\/stage.nordtec.se\/fi\/","logo":{"@type":"ImageObject","inLanguage":"fi","@id":"https:\/\/stage.nordtec.se\/fi\/#\/schema\/logo\/image\/","url":"https:\/\/stage.nordtec.se\/wp-content\/uploads\/2021\/08\/nordtec_logo_rgb-340px.png","contentUrl":"https:\/\/stage.nordtec.se\/wp-content\/uploads\/2021\/08\/nordtec_logo_rgb-340px.png","width":340,"height":75,"caption":"Nordtec Instrument AB"},"image":{"@id":"https:\/\/stage.nordtec.se\/fi\/#\/schema\/logo\/image\/"},"sameAs":["https:\/\/www.facebook.com\/nordtecinstrument","https:\/\/www.instagram.com\/nordtec_instrument\/","https:\/\/www.linkedin.com\/company\/nordtec-instrument-ab\/","https:\/\/www.youtube.com\/channel\/UCbmAq3ZmfBKOGg7_igFURng"]}]}},"taxonomy_info":{"product_cat":[{"value":176,"label":"Tillbeh\u00f6r"}],"product_tag":[{"value":595,"label":"0564 1560"},{"value":596,"label":"0564 2560"},{"value":666,"label":"Bluetooth"},{"value":664,"label":"testo 560i"}]},"featured_image_src_large":["https:\/\/stage.nordtec.se\/wp-content\/uploads\/2022\/03\/Valve-front-0560-5600_800px.png",800,800,false],"author_info":[],"comment_info":"","_links":{"self":[{"href":"https:\/\/stage.nordtec.se\/fi\/wp-json\/wp\/v2\/product\/24898","targetHints":{"allow":["GET"]}}],"collection":[{"href":"https:\/\/stage.nordtec.se\/fi\/wp-json\/wp\/v2\/product"}],"about":[{"href":"https:\/\/stage.nordtec.se\/fi\/wp-json\/wp\/v2\/types\/product"}],"version-history":[{"count":5,"href":"https:\/\/stage.nordtec.se\/fi\/wp-json\/wp\/v2\/product\/24898\/revisions"}],"predecessor-version":[{"id":25296,"href":"https:\/\/stage.nordtec.se\/fi\/wp-json\/wp\/v2\/product\/24898\/revisions\/25296"}],"wp:featuredmedia":[{"embeddable":true,"href":"https:\/\/stage.nordtec.se\/fi\/wp-json\/wp\/v2\/media\/24849"}],"wp:attachment":[{"href":"https:\/\/stage.nordtec.se\/fi\/wp-json\/wp\/v2\/media?parent=24898"}],"wp:term":[{"taxonomy":"product_brand","embeddable":true,"href":"https:\/\/stage.nordtec.se\/fi\/wp-json\/wp\/v2\/product_brand?post=24898"},{"taxonomy":"product_cat","embeddable":true,"href":"https:\/\/stage.nordtec.se\/fi\/wp-json\/wp\/v2\/product_cat?post=24898"},{"taxonomy":"product_tag","embeddable":true,"href":"https:\/\/stage.nordtec.se\/fi\/wp-json\/wp\/v2\/product_tag?post=24898"}],"curies":[{"name":"wp","href":"https:\/\/api.w.org\/{rel}","templated":true}]}}