{"id":10545,"date":"2022-04-01T09:54:10","date_gmt":"2022-04-01T07:54:10","guid":{"rendered":"https:\/\/stage.nordtec.se\/produkter\/okategoriserad\/splintax-25-rokproducerande-tandstickor-burk-med-25-stickor\/"},"modified":"2025-10-15T11:18:17","modified_gmt":"2025-10-15T09:18:17","slug":"splintax-25-rokproducerande-tandstickor","status":"publish","type":"product","link":"https:\/\/stage.nordtec.se\/fi\/tuote\/matinstrument\/ventilationsinstrument\/rokalstrare\/splintax-25-rokproducerande-tandstickor\/","title":{"rendered":"Splintax 25 \u2013 r\u00f6kproducerande t\u00e4ndstickor"},"content":{"rendered":"<div class=\"field field-name-field-underrubrik field-type-text field-label-hidden field-wrapper\">\n<h2>R\u00f6kproducerande t\u00e4ndstickor &#8211; burk med 25 stickor<\/h2>\n<\/div>\n<p>R\u00f6kt\u00e4ndstickor f\u00f6r olika anv\u00e4ndningsomr\u00e5den som t.ex. luftstr\u00f6msstudier och t\u00e4thetskontroll, test av r\u00f6kdetektorer och brandvarnare, dragkontroll t.ex. villapanna, ventilation, k\u00f6ksfl\u00e4kt etc<\/p>\n","protected":false},"excerpt":{"rendered":"<p>R\u00f6kproducerande t\u00e4ndstickor &#8211; burk med 25 stickor<\/p>\n<ul>\n<li>F\u00f6r analys av luftstr\u00f6mmar<\/li>\n<li>F\u00f6r t\u00e4thetskontroller<\/li>\n<li>F\u00f6r test av r\u00f6kdetektorer etc.<\/li>\n<\/ul>\n","protected":false},"featured_media":22998,"template":"","meta":{"_kad_blocks_custom_css":"","_kad_blocks_head_custom_js":"","_kad_blocks_body_custom_js":"","_kad_blocks_footer_custom_js":"","footnotes":""},"product_brand":[],"product_cat":[49,320,332],"product_tag":[],"class_list":{"0":"post-10545","1":"product","2":"type-product","3":"status-publish","4":"has-post-thumbnail","6":"product_cat-matinstrument","7":"product_cat-rokalstrare","8":"product_cat-ventilationsinstrument","10":"first","11":"instock","12":"taxable","13":"shipping-taxable","14":"purchasable","15":"product-type-simple"},"yoast_head":"<!-- This site is optimized with the Yoast SEO Premium plugin v25.8 (Yoast SEO v27.4) - https:\/\/yoast.com\/product\/yoast-seo-premium-wordpress\/ -->\n<title>Splintax 25 \u2013 r\u00f6kproducerande t\u00e4ndstickor | Nordtec<\/title>\n<meta name=\"description\" content=\"R\u00f6kproducerande t\u00e4ndstickor - burk med 25 stickor \u1405 Splintax 25 \u2713 F\u00f6r analys av luftstr\u00f6mmar \u2713 F\u00f6r t\u00e4thetskontroller \u2713 F\u00f6r test av r\u00f6kdetektorer etc.\" \/>\n<meta name=\"robots\" content=\"noindex, follow, max-snippet:-1, max-image-preview:large, max-video-preview:-1\" \/>\n<meta property=\"og:locale\" content=\"fi_FI\" \/>\n<meta property=\"og:type\" content=\"article\" \/>\n<meta property=\"og:title\" content=\"Splintax 25 \u2013 r\u00f6kproducerande t\u00e4ndstickor\" \/>\n<meta property=\"og:description\" content=\"R\u00f6kproducerande t\u00e4ndstickor - burk med 25 stickor \u1405 Splintax 25 \u2713 F\u00f6r analys av luftstr\u00f6mmar \u2713 F\u00f6r t\u00e4thetskontroller \u2713 F\u00f6r test av r\u00f6kdetektorer etc.\" \/>\n<meta property=\"og:url\" content=\"https:\/\/stage.nordtec.se\/fi\/tuote\/matinstrument\/ventilationsinstrument\/rokalstrare\/splintax-25-rokproducerande-tandstickor\/\" \/>\n<meta property=\"og:site_name\" content=\"Nordtec\" \/>\n<meta property=\"article:publisher\" content=\"https:\/\/www.facebook.com\/nordtecinstrument\" \/>\n<meta property=\"article:modified_time\" content=\"2025-10-15T09:18:17+00:00\" \/>\n<meta property=\"og:image\" content=\"https:\/\/stage.nordtec.se\/wp-content\/uploads\/2022\/04\/Splintax-25-800px.jpg\" \/>\n\t<meta property=\"og:image:width\" content=\"800\" \/>\n\t<meta property=\"og:image:height\" content=\"800\" \/>\n\t<meta property=\"og:image:type\" content=\"image\/jpeg\" \/>\n<meta name=\"twitter:card\" content=\"summary_large_image\" \/>\n<meta name=\"twitter:label1\" content=\"Arvioitu lukuaika\" \/>\n\t<meta name=\"twitter:data1\" content=\"1 minuutti\" \/>\n<script type=\"application\/ld+json\" class=\"yoast-schema-graph\">{\"@context\":\"https:\\\/\\\/schema.org\",\"@graph\":[{\"@type\":[\"WebPage\",\"ItemPage\"],\"@id\":\"https:\\\/\\\/stage.nordtec.se\\\/fi\\\/tuote\\\/matinstrument\\\/ventilationsinstrument\\\/rokalstrare\\\/splintax-25-rokproducerande-tandstickor\\\/\",\"url\":\"https:\\\/\\\/stage.nordtec.se\\\/fi\\\/tuote\\\/matinstrument\\\/ventilationsinstrument\\\/rokalstrare\\\/splintax-25-rokproducerande-tandstickor\\\/\",\"name\":\"Splintax 25 \u2013 r\u00f6kproducerande t\u00e4ndstickor | Nordtec\",\"isPartOf\":{\"@id\":\"https:\\\/\\\/stage.nordtec.se\\\/fi\\\/#website\"},\"primaryImageOfPage\":{\"@id\":\"https:\\\/\\\/stage.nordtec.se\\\/fi\\\/tuote\\\/matinstrument\\\/ventilationsinstrument\\\/rokalstrare\\\/splintax-25-rokproducerande-tandstickor\\\/#primaryimage\"},\"image\":{\"@id\":\"https:\\\/\\\/stage.nordtec.se\\\/fi\\\/tuote\\\/matinstrument\\\/ventilationsinstrument\\\/rokalstrare\\\/splintax-25-rokproducerande-tandstickor\\\/#primaryimage\"},\"thumbnailUrl\":\"https:\\\/\\\/stage.nordtec.se\\\/wp-content\\\/uploads\\\/2022\\\/04\\\/Splintax-25-800px.jpg\",\"datePublished\":\"2022-04-01T07:54:10+00:00\",\"dateModified\":\"2025-10-15T09:18:17+00:00\",\"description\":\"R\u00f6kproducerande t\u00e4ndstickor - burk med 25 stickor \u1405 Splintax 25 \u2713 F\u00f6r analys av luftstr\u00f6mmar \u2713 F\u00f6r t\u00e4thetskontroller \u2713 F\u00f6r test av r\u00f6kdetektorer etc.\",\"breadcrumb\":{\"@id\":\"https:\\\/\\\/stage.nordtec.se\\\/fi\\\/tuote\\\/matinstrument\\\/ventilationsinstrument\\\/rokalstrare\\\/splintax-25-rokproducerande-tandstickor\\\/#breadcrumb\"},\"inLanguage\":\"fi\",\"potentialAction\":[{\"@type\":\"ReadAction\",\"target\":[\"https:\\\/\\\/stage.nordtec.se\\\/fi\\\/tuote\\\/matinstrument\\\/ventilationsinstrument\\\/rokalstrare\\\/splintax-25-rokproducerande-tandstickor\\\/\"]}]},{\"@type\":\"ImageObject\",\"inLanguage\":\"fi\",\"@id\":\"https:\\\/\\\/stage.nordtec.se\\\/fi\\\/tuote\\\/matinstrument\\\/ventilationsinstrument\\\/rokalstrare\\\/splintax-25-rokproducerande-tandstickor\\\/#primaryimage\",\"url\":\"https:\\\/\\\/stage.nordtec.se\\\/wp-content\\\/uploads\\\/2022\\\/04\\\/Splintax-25-800px.jpg\",\"contentUrl\":\"https:\\\/\\\/stage.nordtec.se\\\/wp-content\\\/uploads\\\/2022\\\/04\\\/Splintax-25-800px.jpg\",\"width\":800,\"height\":800,\"caption\":\"Splntax 25 r\u00f6kt\u00e4ndstickor\"},{\"@type\":\"BreadcrumbList\",\"@id\":\"https:\\\/\\\/stage.nordtec.se\\\/fi\\\/tuote\\\/matinstrument\\\/ventilationsinstrument\\\/rokalstrare\\\/splintax-25-rokproducerande-tandstickor\\\/#breadcrumb\",\"itemListElement\":[{\"@type\":\"ListItem\",\"position\":1,\"name\":\"Hem\",\"item\":\"https:\\\/\\\/stage.nordtec.se\\\/fi\\\/\"},{\"@type\":\"ListItem\",\"position\":2,\"name\":\"Kauppa\",\"item\":\"https:\\\/\\\/stage.nordtec.se\\\/produkter\\\/\"},{\"@type\":\"ListItem\",\"position\":3,\"name\":\"Splintax 25 \u2013 r\u00f6kproducerande t\u00e4ndstickor\"}]},{\"@type\":\"WebSite\",\"@id\":\"https:\\\/\\\/stage.nordtec.se\\\/fi\\\/#website\",\"url\":\"https:\\\/\\\/stage.nordtec.se\\\/fi\\\/\",\"name\":\"Nordtec\",\"description\":\"Din partner inom m\u00e4tteknik\",\"publisher\":{\"@id\":\"https:\\\/\\\/stage.nordtec.se\\\/fi\\\/#organization\"},\"potentialAction\":[{\"@type\":\"SearchAction\",\"target\":{\"@type\":\"EntryPoint\",\"urlTemplate\":\"https:\\\/\\\/stage.nordtec.se\\\/fi\\\/?s={search_term_string}\"},\"query-input\":{\"@type\":\"PropertyValueSpecification\",\"valueRequired\":true,\"valueName\":\"search_term_string\"}}],\"inLanguage\":\"fi\"},{\"@type\":\"Organization\",\"@id\":\"https:\\\/\\\/stage.nordtec.se\\\/fi\\\/#organization\",\"name\":\"Nordtec Instrument AB\",\"url\":\"https:\\\/\\\/stage.nordtec.se\\\/fi\\\/\",\"logo\":{\"@type\":\"ImageObject\",\"inLanguage\":\"fi\",\"@id\":\"https:\\\/\\\/stage.nordtec.se\\\/fi\\\/#\\\/schema\\\/logo\\\/image\\\/\",\"url\":\"https:\\\/\\\/stage.nordtec.se\\\/wp-content\\\/uploads\\\/2021\\\/08\\\/nordtec_logo_rgb-340px.png\",\"contentUrl\":\"https:\\\/\\\/stage.nordtec.se\\\/wp-content\\\/uploads\\\/2021\\\/08\\\/nordtec_logo_rgb-340px.png\",\"width\":340,\"height\":75,\"caption\":\"Nordtec Instrument AB\"},\"image\":{\"@id\":\"https:\\\/\\\/stage.nordtec.se\\\/fi\\\/#\\\/schema\\\/logo\\\/image\\\/\"},\"sameAs\":[\"https:\\\/\\\/www.facebook.com\\\/nordtecinstrument\",\"https:\\\/\\\/www.instagram.com\\\/nordtec_instrument\\\/\",\"https:\\\/\\\/www.linkedin.com\\\/company\\\/nordtec-instrument-ab\\\/\",\"https:\\\/\\\/www.youtube.com\\\/channel\\\/UCbmAq3ZmfBKOGg7_igFURng\"]}]}<\/script>\n<!-- \/ Yoast SEO Premium plugin. -->","yoast_head_json":{"title":"Splintax 25 \u2013 r\u00f6kproducerande t\u00e4ndstickor | Nordtec","description":"R\u00f6kproducerande t\u00e4ndstickor - burk med 25 stickor \u1405 Splintax 25 \u2713 F\u00f6r analys av luftstr\u00f6mmar \u2713 F\u00f6r t\u00e4thetskontroller \u2713 F\u00f6r test av r\u00f6kdetektorer etc.","robots":{"index":"noindex","follow":"follow","max-snippet":"max-snippet:-1","max-image-preview":"max-image-preview:large","max-video-preview":"max-video-preview:-1"},"og_locale":"fi_FI","og_type":"article","og_title":"Splintax 25 \u2013 r\u00f6kproducerande t\u00e4ndstickor","og_description":"R\u00f6kproducerande t\u00e4ndstickor - burk med 25 stickor \u1405 Splintax 25 \u2713 F\u00f6r analys av luftstr\u00f6mmar \u2713 F\u00f6r t\u00e4thetskontroller \u2713 F\u00f6r test av r\u00f6kdetektorer etc.","og_url":"https:\/\/stage.nordtec.se\/fi\/tuote\/matinstrument\/ventilationsinstrument\/rokalstrare\/splintax-25-rokproducerande-tandstickor\/","og_site_name":"Nordtec","article_publisher":"https:\/\/www.facebook.com\/nordtecinstrument","article_modified_time":"2025-10-15T09:18:17+00:00","og_image":[{"width":800,"height":800,"url":"https:\/\/stage.nordtec.se\/wp-content\/uploads\/2022\/04\/Splintax-25-800px.jpg","type":"image\/jpeg"}],"twitter_card":"summary_large_image","twitter_misc":{"Arvioitu lukuaika":"1 minuutti"},"schema":{"@context":"https:\/\/schema.org","@graph":[{"@type":["WebPage","ItemPage"],"@id":"https:\/\/stage.nordtec.se\/fi\/tuote\/matinstrument\/ventilationsinstrument\/rokalstrare\/splintax-25-rokproducerande-tandstickor\/","url":"https:\/\/stage.nordtec.se\/fi\/tuote\/matinstrument\/ventilationsinstrument\/rokalstrare\/splintax-25-rokproducerande-tandstickor\/","name":"Splintax 25 \u2013 r\u00f6kproducerande t\u00e4ndstickor | Nordtec","isPartOf":{"@id":"https:\/\/stage.nordtec.se\/fi\/#website"},"primaryImageOfPage":{"@id":"https:\/\/stage.nordtec.se\/fi\/tuote\/matinstrument\/ventilationsinstrument\/rokalstrare\/splintax-25-rokproducerande-tandstickor\/#primaryimage"},"image":{"@id":"https:\/\/stage.nordtec.se\/fi\/tuote\/matinstrument\/ventilationsinstrument\/rokalstrare\/splintax-25-rokproducerande-tandstickor\/#primaryimage"},"thumbnailUrl":"https:\/\/stage.nordtec.se\/wp-content\/uploads\/2022\/04\/Splintax-25-800px.jpg","datePublished":"2022-04-01T07:54:10+00:00","dateModified":"2025-10-15T09:18:17+00:00","description":"R\u00f6kproducerande t\u00e4ndstickor - burk med 25 stickor \u1405 Splintax 25 \u2713 F\u00f6r analys av luftstr\u00f6mmar \u2713 F\u00f6r t\u00e4thetskontroller \u2713 F\u00f6r test av r\u00f6kdetektorer etc.","breadcrumb":{"@id":"https:\/\/stage.nordtec.se\/fi\/tuote\/matinstrument\/ventilationsinstrument\/rokalstrare\/splintax-25-rokproducerande-tandstickor\/#breadcrumb"},"inLanguage":"fi","potentialAction":[{"@type":"ReadAction","target":["https:\/\/stage.nordtec.se\/fi\/tuote\/matinstrument\/ventilationsinstrument\/rokalstrare\/splintax-25-rokproducerande-tandstickor\/"]}]},{"@type":"ImageObject","inLanguage":"fi","@id":"https:\/\/stage.nordtec.se\/fi\/tuote\/matinstrument\/ventilationsinstrument\/rokalstrare\/splintax-25-rokproducerande-tandstickor\/#primaryimage","url":"https:\/\/stage.nordtec.se\/wp-content\/uploads\/2022\/04\/Splintax-25-800px.jpg","contentUrl":"https:\/\/stage.nordtec.se\/wp-content\/uploads\/2022\/04\/Splintax-25-800px.jpg","width":800,"height":800,"caption":"Splntax 25 r\u00f6kt\u00e4ndstickor"},{"@type":"BreadcrumbList","@id":"https:\/\/stage.nordtec.se\/fi\/tuote\/matinstrument\/ventilationsinstrument\/rokalstrare\/splintax-25-rokproducerande-tandstickor\/#breadcrumb","itemListElement":[{"@type":"ListItem","position":1,"name":"Hem","item":"https:\/\/stage.nordtec.se\/fi\/"},{"@type":"ListItem","position":2,"name":"Kauppa","item":"https:\/\/stage.nordtec.se\/produkter\/"},{"@type":"ListItem","position":3,"name":"Splintax 25 \u2013 r\u00f6kproducerande t\u00e4ndstickor"}]},{"@type":"WebSite","@id":"https:\/\/stage.nordtec.se\/fi\/#website","url":"https:\/\/stage.nordtec.se\/fi\/","name":"Nordtec","description":"Din partner inom m\u00e4tteknik","publisher":{"@id":"https:\/\/stage.nordtec.se\/fi\/#organization"},"potentialAction":[{"@type":"SearchAction","target":{"@type":"EntryPoint","urlTemplate":"https:\/\/stage.nordtec.se\/fi\/?s={search_term_string}"},"query-input":{"@type":"PropertyValueSpecification","valueRequired":true,"valueName":"search_term_string"}}],"inLanguage":"fi"},{"@type":"Organization","@id":"https:\/\/stage.nordtec.se\/fi\/#organization","name":"Nordtec Instrument AB","url":"https:\/\/stage.nordtec.se\/fi\/","logo":{"@type":"ImageObject","inLanguage":"fi","@id":"https:\/\/stage.nordtec.se\/fi\/#\/schema\/logo\/image\/","url":"https:\/\/stage.nordtec.se\/wp-content\/uploads\/2021\/08\/nordtec_logo_rgb-340px.png","contentUrl":"https:\/\/stage.nordtec.se\/wp-content\/uploads\/2021\/08\/nordtec_logo_rgb-340px.png","width":340,"height":75,"caption":"Nordtec Instrument AB"},"image":{"@id":"https:\/\/stage.nordtec.se\/fi\/#\/schema\/logo\/image\/"},"sameAs":["https:\/\/www.facebook.com\/nordtecinstrument","https:\/\/www.instagram.com\/nordtec_instrument\/","https:\/\/www.linkedin.com\/company\/nordtec-instrument-ab\/","https:\/\/www.youtube.com\/channel\/UCbmAq3ZmfBKOGg7_igFURng"]}]}},"taxonomy_info":{"product_cat":[{"value":49,"label":"M\u00e4tinstrument"},{"value":320,"label":"R\u00f6kalstrare"},{"value":332,"label":"Ventilationsinstrument"}]},"featured_image_src_large":["https:\/\/stage.nordtec.se\/wp-content\/uploads\/2022\/04\/Splintax-25-800px.jpg",800,800,false],"author_info":[],"comment_info":"","_links":{"self":[{"href":"https:\/\/stage.nordtec.se\/fi\/wp-json\/wp\/v2\/product\/10545","targetHints":{"allow":["GET"]}}],"collection":[{"href":"https:\/\/stage.nordtec.se\/fi\/wp-json\/wp\/v2\/product"}],"about":[{"href":"https:\/\/stage.nordtec.se\/fi\/wp-json\/wp\/v2\/types\/product"}],"version-history":[{"count":2,"href":"https:\/\/stage.nordtec.se\/fi\/wp-json\/wp\/v2\/product\/10545\/revisions"}],"predecessor-version":[{"id":22997,"href":"https:\/\/stage.nordtec.se\/fi\/wp-json\/wp\/v2\/product\/10545\/revisions\/22997"}],"wp:featuredmedia":[{"embeddable":true,"href":"https:\/\/stage.nordtec.se\/fi\/wp-json\/wp\/v2\/media\/22998"}],"wp:attachment":[{"href":"https:\/\/stage.nordtec.se\/fi\/wp-json\/wp\/v2\/media?parent=10545"}],"wp:term":[{"taxonomy":"product_brand","embeddable":true,"href":"https:\/\/stage.nordtec.se\/fi\/wp-json\/wp\/v2\/product_brand?post=10545"},{"taxonomy":"product_cat","embeddable":true,"href":"https:\/\/stage.nordtec.se\/fi\/wp-json\/wp\/v2\/product_cat?post=10545"},{"taxonomy":"product_tag","embeddable":true,"href":"https:\/\/stage.nordtec.se\/fi\/wp-json\/wp\/v2\/product_tag?post=10545"}],"curies":[{"name":"wp","href":"https:\/\/api.w.org\/{rel}","templated":true}]}}