{"id":10482,"date":"2022-04-01T09:44:33","date_gmt":"2022-04-01T07:44:33","guid":{"rendered":"https:\/\/stage.nordtec.se\/produkter\/okategoriserad\/ducttester-350x-for-tathetsprovning-av-ventilationskanaler\/"},"modified":"2025-12-09T14:48:00","modified_gmt":"2025-12-09T12:48:00","slug":"ductester-350x-tathetsprovning-av-ventilationskanaler","status":"publish","type":"product","link":"https:\/\/stage.nordtec.se\/fi\/tuote\/matinstrument\/ventilationsinstrument\/tathetsprovning\/ductester-350x-tathetsprovning-av-ventilationskanaler\/","title":{"rendered":"DucTester 350x \u2013 t\u00e4thetsprovning av ventilationskanaler"},"content":{"rendered":"<h2>DucTester 350x \u2013 t\u00e4thetsprovning av ventilationskanaler<\/h2>\n<p>DucTester 350x anv\u00e4nds f\u00f6r t\u00e4thetsprovning i ventilationskanaler och \u00e4r designad f\u00f6r att st\u00e5 stadigt och stabilt. F\u00f6r enkel \u00e5tkomst kan du montera din tryckm\u00e4tare DM32X direkt p\u00e5 h\u00f6ljet. Denna kanaltestare kan anv\u00e4ndas i m\u00e5nga olika typer av anl\u00e4ggningar \u2013 fr\u00e5n det mest ot\u00e4ta till det allra t\u00e4taste.<\/p>\n<h2>Ing\u00e5r i leverans<\/h2>\n<ul>\n<li>1 fl\u00e4kt (300-serien),<\/li>\n<li>1 tryckm\u00e4tare DM32X<\/li>\n<li>Pluggar f\u00f6r m\u00e5nga olika fl\u00f6desomr\u00e5den (storlek 74, 47, 29, 18, 11, 7, 3 plus en blankplugg)<\/li>\n<li>1 tillbeh\u00f6rssats f\u00f6r Europa (stor v\u00e4ska, reduceringar, f\u00e4stelement etc).<\/li>\n<li>1 sats med slangar<\/li>\n<li>1 anslutningskanal (2 meter)<\/li>\n<\/ul>\n","protected":false},"excerpt":{"rendered":"<p>T\u00e4thetsprovare f\u00f6r ventilationskanaler<\/p>\n<ul>\n<li>F\u00e4rgkodade kanaler<\/li>\n<li>Allt du beh\u00f6ver medf\u00f6ljer<\/li>\n<li>Snabb montering och demontering<\/li>\n<\/ul>\n","protected":false},"featured_media":23014,"template":"","meta":{"_kad_blocks_custom_css":"","_kad_blocks_head_custom_js":"","_kad_blocks_body_custom_js":"","_kad_blocks_footer_custom_js":"","footnotes":""},"product_brand":[1437],"product_cat":[49,56,332],"product_tag":[],"class_list":{"0":"post-10482","1":"product","2":"type-product","3":"status-publish","4":"has-post-thumbnail","6":"product_brand-retrotec","7":"product_cat-matinstrument","8":"product_cat-tathetsprovning","9":"product_cat-ventilationsinstrument","11":"first","12":"onbackorder","13":"taxable","14":"shipping-taxable","15":"purchasable","16":"product-type-simple"},"yoast_head":"<!-- This site is optimized with the Yoast SEO Premium plugin v25.8 (Yoast SEO v27.4) - https:\/\/yoast.com\/product\/yoast-seo-premium-wordpress\/ -->\n<title>DucTester 350x \u2013 t\u00e4thetsprovning av ventilationskanaler | Nordtec<\/title>\n<meta name=\"description\" content=\"T\u00e4thetsprovare f\u00f6r ventilationskanaler \u1405 retrotec DucTester 350x\u00a0\u2713 F\u00e4rgkodade kanaler \u2713 Snabb montering och demontering \u2713 Rapportprogramvara\" \/>\n<meta name=\"robots\" content=\"noindex, follow, max-snippet:-1, max-image-preview:large, max-video-preview:-1\" \/>\n<meta property=\"og:locale\" content=\"fi_FI\" \/>\n<meta property=\"og:type\" content=\"article\" \/>\n<meta property=\"og:title\" content=\"DucTester 350x \u2013 t\u00e4thetsprovning av ventilationskanaler\" \/>\n<meta property=\"og:description\" content=\"T\u00e4thetsprovare f\u00f6r ventilationskanaler \u1405 retrotec DucTester 350x\u00a0\u2713 F\u00e4rgkodade kanaler \u2713 Snabb montering och demontering \u2713 Rapportprogramvara\" \/>\n<meta property=\"og:url\" content=\"https:\/\/stage.nordtec.se\/fi\/tuote\/matinstrument\/ventilationsinstrument\/tathetsprovning\/ductester-350x-tathetsprovning-av-ventilationskanaler\/\" \/>\n<meta property=\"og:site_name\" content=\"Nordtec\" \/>\n<meta property=\"article:publisher\" content=\"https:\/\/www.facebook.com\/nordtecinstrument\" \/>\n<meta property=\"article:modified_time\" content=\"2025-12-09T12:48:00+00:00\" \/>\n<meta property=\"og:image\" content=\"https:\/\/stage.nordtec.se\/wp-content\/uploads\/2022\/04\/1-Model-351-with-Adapters_800px.png\" \/>\n\t<meta property=\"og:image:width\" content=\"800\" \/>\n\t<meta property=\"og:image:height\" content=\"800\" \/>\n\t<meta property=\"og:image:type\" content=\"image\/png\" \/>\n<meta name=\"twitter:card\" content=\"summary_large_image\" \/>\n<meta name=\"twitter:label1\" content=\"Arvioitu lukuaika\" \/>\n\t<meta name=\"twitter:data1\" content=\"1 minuutti\" \/>\n<script type=\"application\/ld+json\" class=\"yoast-schema-graph\">{\"@context\":\"https:\\\/\\\/schema.org\",\"@graph\":[{\"@type\":[\"WebPage\",\"ItemPage\"],\"@id\":\"https:\\\/\\\/stage.nordtec.se\\\/fi\\\/tuote\\\/matinstrument\\\/ventilationsinstrument\\\/tathetsprovning\\\/ductester-350x-tathetsprovning-av-ventilationskanaler\\\/\",\"url\":\"https:\\\/\\\/stage.nordtec.se\\\/fi\\\/tuote\\\/matinstrument\\\/ventilationsinstrument\\\/tathetsprovning\\\/ductester-350x-tathetsprovning-av-ventilationskanaler\\\/\",\"name\":\"DucTester 350x \u2013 t\u00e4thetsprovning av ventilationskanaler | Nordtec\",\"isPartOf\":{\"@id\":\"https:\\\/\\\/stage.nordtec.se\\\/fi\\\/#website\"},\"primaryImageOfPage\":{\"@id\":\"https:\\\/\\\/stage.nordtec.se\\\/fi\\\/tuote\\\/matinstrument\\\/ventilationsinstrument\\\/tathetsprovning\\\/ductester-350x-tathetsprovning-av-ventilationskanaler\\\/#primaryimage\"},\"image\":{\"@id\":\"https:\\\/\\\/stage.nordtec.se\\\/fi\\\/tuote\\\/matinstrument\\\/ventilationsinstrument\\\/tathetsprovning\\\/ductester-350x-tathetsprovning-av-ventilationskanaler\\\/#primaryimage\"},\"thumbnailUrl\":\"https:\\\/\\\/stage.nordtec.se\\\/wp-content\\\/uploads\\\/2022\\\/04\\\/1-Model-351-with-Adapters_800px.png\",\"datePublished\":\"2022-04-01T07:44:33+00:00\",\"dateModified\":\"2025-12-09T12:48:00+00:00\",\"description\":\"T\u00e4thetsprovare f\u00f6r ventilationskanaler \u1405 retrotec DucTester 350x\u00a0\u2713 F\u00e4rgkodade kanaler \u2713 Snabb montering och demontering \u2713 Rapportprogramvara\",\"breadcrumb\":{\"@id\":\"https:\\\/\\\/stage.nordtec.se\\\/fi\\\/tuote\\\/matinstrument\\\/ventilationsinstrument\\\/tathetsprovning\\\/ductester-350x-tathetsprovning-av-ventilationskanaler\\\/#breadcrumb\"},\"inLanguage\":\"fi\",\"potentialAction\":[{\"@type\":\"ReadAction\",\"target\":[\"https:\\\/\\\/stage.nordtec.se\\\/fi\\\/tuote\\\/matinstrument\\\/ventilationsinstrument\\\/tathetsprovning\\\/ductester-350x-tathetsprovning-av-ventilationskanaler\\\/\"]}]},{\"@type\":\"ImageObject\",\"inLanguage\":\"fi\",\"@id\":\"https:\\\/\\\/stage.nordtec.se\\\/fi\\\/tuote\\\/matinstrument\\\/ventilationsinstrument\\\/tathetsprovning\\\/ductester-350x-tathetsprovning-av-ventilationskanaler\\\/#primaryimage\",\"url\":\"https:\\\/\\\/stage.nordtec.se\\\/wp-content\\\/uploads\\\/2022\\\/04\\\/1-Model-351-with-Adapters_800px.png\",\"contentUrl\":\"https:\\\/\\\/stage.nordtec.se\\\/wp-content\\\/uploads\\\/2022\\\/04\\\/1-Model-351-with-Adapters_800px.png\",\"width\":800,\"height\":800,\"caption\":\"retrotec Ducttester 350x\"},{\"@type\":\"BreadcrumbList\",\"@id\":\"https:\\\/\\\/stage.nordtec.se\\\/fi\\\/tuote\\\/matinstrument\\\/ventilationsinstrument\\\/tathetsprovning\\\/ductester-350x-tathetsprovning-av-ventilationskanaler\\\/#breadcrumb\",\"itemListElement\":[{\"@type\":\"ListItem\",\"position\":1,\"name\":\"Hem\",\"item\":\"https:\\\/\\\/stage.nordtec.se\\\/fi\\\/\"},{\"@type\":\"ListItem\",\"position\":2,\"name\":\"Kauppa\",\"item\":\"https:\\\/\\\/stage.nordtec.se\\\/produkter\\\/\"},{\"@type\":\"ListItem\",\"position\":3,\"name\":\"DucTester 350x \u2013 t\u00e4thetsprovning av ventilationskanaler\"}]},{\"@type\":\"WebSite\",\"@id\":\"https:\\\/\\\/stage.nordtec.se\\\/fi\\\/#website\",\"url\":\"https:\\\/\\\/stage.nordtec.se\\\/fi\\\/\",\"name\":\"Nordtec\",\"description\":\"Din partner inom m\u00e4tteknik\",\"publisher\":{\"@id\":\"https:\\\/\\\/stage.nordtec.se\\\/fi\\\/#organization\"},\"potentialAction\":[{\"@type\":\"SearchAction\",\"target\":{\"@type\":\"EntryPoint\",\"urlTemplate\":\"https:\\\/\\\/stage.nordtec.se\\\/fi\\\/?s={search_term_string}\"},\"query-input\":{\"@type\":\"PropertyValueSpecification\",\"valueRequired\":true,\"valueName\":\"search_term_string\"}}],\"inLanguage\":\"fi\"},{\"@type\":\"Organization\",\"@id\":\"https:\\\/\\\/stage.nordtec.se\\\/fi\\\/#organization\",\"name\":\"Nordtec Instrument AB\",\"url\":\"https:\\\/\\\/stage.nordtec.se\\\/fi\\\/\",\"logo\":{\"@type\":\"ImageObject\",\"inLanguage\":\"fi\",\"@id\":\"https:\\\/\\\/stage.nordtec.se\\\/fi\\\/#\\\/schema\\\/logo\\\/image\\\/\",\"url\":\"https:\\\/\\\/stage.nordtec.se\\\/wp-content\\\/uploads\\\/2021\\\/08\\\/nordtec_logo_rgb-340px.png\",\"contentUrl\":\"https:\\\/\\\/stage.nordtec.se\\\/wp-content\\\/uploads\\\/2021\\\/08\\\/nordtec_logo_rgb-340px.png\",\"width\":340,\"height\":75,\"caption\":\"Nordtec Instrument AB\"},\"image\":{\"@id\":\"https:\\\/\\\/stage.nordtec.se\\\/fi\\\/#\\\/schema\\\/logo\\\/image\\\/\"},\"sameAs\":[\"https:\\\/\\\/www.facebook.com\\\/nordtecinstrument\",\"https:\\\/\\\/www.instagram.com\\\/nordtec_instrument\\\/\",\"https:\\\/\\\/www.linkedin.com\\\/company\\\/nordtec-instrument-ab\\\/\",\"https:\\\/\\\/www.youtube.com\\\/channel\\\/UCbmAq3ZmfBKOGg7_igFURng\"]}]}<\/script>\n<!-- \/ Yoast SEO Premium plugin. -->","yoast_head_json":{"title":"DucTester 350x \u2013 t\u00e4thetsprovning av ventilationskanaler | Nordtec","description":"T\u00e4thetsprovare f\u00f6r ventilationskanaler \u1405 retrotec DucTester 350x\u00a0\u2713 F\u00e4rgkodade kanaler \u2713 Snabb montering och demontering \u2713 Rapportprogramvara","robots":{"index":"noindex","follow":"follow","max-snippet":"max-snippet:-1","max-image-preview":"max-image-preview:large","max-video-preview":"max-video-preview:-1"},"og_locale":"fi_FI","og_type":"article","og_title":"DucTester 350x \u2013 t\u00e4thetsprovning av ventilationskanaler","og_description":"T\u00e4thetsprovare f\u00f6r ventilationskanaler \u1405 retrotec DucTester 350x\u00a0\u2713 F\u00e4rgkodade kanaler \u2713 Snabb montering och demontering \u2713 Rapportprogramvara","og_url":"https:\/\/stage.nordtec.se\/fi\/tuote\/matinstrument\/ventilationsinstrument\/tathetsprovning\/ductester-350x-tathetsprovning-av-ventilationskanaler\/","og_site_name":"Nordtec","article_publisher":"https:\/\/www.facebook.com\/nordtecinstrument","article_modified_time":"2025-12-09T12:48:00+00:00","og_image":[{"width":800,"height":800,"url":"https:\/\/stage.nordtec.se\/wp-content\/uploads\/2022\/04\/1-Model-351-with-Adapters_800px.png","type":"image\/png"}],"twitter_card":"summary_large_image","twitter_misc":{"Arvioitu lukuaika":"1 minuutti"},"schema":{"@context":"https:\/\/schema.org","@graph":[{"@type":["WebPage","ItemPage"],"@id":"https:\/\/stage.nordtec.se\/fi\/tuote\/matinstrument\/ventilationsinstrument\/tathetsprovning\/ductester-350x-tathetsprovning-av-ventilationskanaler\/","url":"https:\/\/stage.nordtec.se\/fi\/tuote\/matinstrument\/ventilationsinstrument\/tathetsprovning\/ductester-350x-tathetsprovning-av-ventilationskanaler\/","name":"DucTester 350x \u2013 t\u00e4thetsprovning av ventilationskanaler | Nordtec","isPartOf":{"@id":"https:\/\/stage.nordtec.se\/fi\/#website"},"primaryImageOfPage":{"@id":"https:\/\/stage.nordtec.se\/fi\/tuote\/matinstrument\/ventilationsinstrument\/tathetsprovning\/ductester-350x-tathetsprovning-av-ventilationskanaler\/#primaryimage"},"image":{"@id":"https:\/\/stage.nordtec.se\/fi\/tuote\/matinstrument\/ventilationsinstrument\/tathetsprovning\/ductester-350x-tathetsprovning-av-ventilationskanaler\/#primaryimage"},"thumbnailUrl":"https:\/\/stage.nordtec.se\/wp-content\/uploads\/2022\/04\/1-Model-351-with-Adapters_800px.png","datePublished":"2022-04-01T07:44:33+00:00","dateModified":"2025-12-09T12:48:00+00:00","description":"T\u00e4thetsprovare f\u00f6r ventilationskanaler \u1405 retrotec DucTester 350x\u00a0\u2713 F\u00e4rgkodade kanaler \u2713 Snabb montering och demontering \u2713 Rapportprogramvara","breadcrumb":{"@id":"https:\/\/stage.nordtec.se\/fi\/tuote\/matinstrument\/ventilationsinstrument\/tathetsprovning\/ductester-350x-tathetsprovning-av-ventilationskanaler\/#breadcrumb"},"inLanguage":"fi","potentialAction":[{"@type":"ReadAction","target":["https:\/\/stage.nordtec.se\/fi\/tuote\/matinstrument\/ventilationsinstrument\/tathetsprovning\/ductester-350x-tathetsprovning-av-ventilationskanaler\/"]}]},{"@type":"ImageObject","inLanguage":"fi","@id":"https:\/\/stage.nordtec.se\/fi\/tuote\/matinstrument\/ventilationsinstrument\/tathetsprovning\/ductester-350x-tathetsprovning-av-ventilationskanaler\/#primaryimage","url":"https:\/\/stage.nordtec.se\/wp-content\/uploads\/2022\/04\/1-Model-351-with-Adapters_800px.png","contentUrl":"https:\/\/stage.nordtec.se\/wp-content\/uploads\/2022\/04\/1-Model-351-with-Adapters_800px.png","width":800,"height":800,"caption":"retrotec Ducttester 350x"},{"@type":"BreadcrumbList","@id":"https:\/\/stage.nordtec.se\/fi\/tuote\/matinstrument\/ventilationsinstrument\/tathetsprovning\/ductester-350x-tathetsprovning-av-ventilationskanaler\/#breadcrumb","itemListElement":[{"@type":"ListItem","position":1,"name":"Hem","item":"https:\/\/stage.nordtec.se\/fi\/"},{"@type":"ListItem","position":2,"name":"Kauppa","item":"https:\/\/stage.nordtec.se\/produkter\/"},{"@type":"ListItem","position":3,"name":"DucTester 350x \u2013 t\u00e4thetsprovning av ventilationskanaler"}]},{"@type":"WebSite","@id":"https:\/\/stage.nordtec.se\/fi\/#website","url":"https:\/\/stage.nordtec.se\/fi\/","name":"Nordtec","description":"Din partner inom m\u00e4tteknik","publisher":{"@id":"https:\/\/stage.nordtec.se\/fi\/#organization"},"potentialAction":[{"@type":"SearchAction","target":{"@type":"EntryPoint","urlTemplate":"https:\/\/stage.nordtec.se\/fi\/?s={search_term_string}"},"query-input":{"@type":"PropertyValueSpecification","valueRequired":true,"valueName":"search_term_string"}}],"inLanguage":"fi"},{"@type":"Organization","@id":"https:\/\/stage.nordtec.se\/fi\/#organization","name":"Nordtec Instrument AB","url":"https:\/\/stage.nordtec.se\/fi\/","logo":{"@type":"ImageObject","inLanguage":"fi","@id":"https:\/\/stage.nordtec.se\/fi\/#\/schema\/logo\/image\/","url":"https:\/\/stage.nordtec.se\/wp-content\/uploads\/2021\/08\/nordtec_logo_rgb-340px.png","contentUrl":"https:\/\/stage.nordtec.se\/wp-content\/uploads\/2021\/08\/nordtec_logo_rgb-340px.png","width":340,"height":75,"caption":"Nordtec Instrument AB"},"image":{"@id":"https:\/\/stage.nordtec.se\/fi\/#\/schema\/logo\/image\/"},"sameAs":["https:\/\/www.facebook.com\/nordtecinstrument","https:\/\/www.instagram.com\/nordtec_instrument\/","https:\/\/www.linkedin.com\/company\/nordtec-instrument-ab\/","https:\/\/www.youtube.com\/channel\/UCbmAq3ZmfBKOGg7_igFURng"]}]}},"taxonomy_info":{"product_brand":[{"value":1437,"label":"Retrotec"}],"product_cat":[{"value":49,"label":"M\u00e4tinstrument"},{"value":56,"label":"T\u00e4thetsprovning"},{"value":332,"label":"Ventilationsinstrument"}]},"featured_image_src_large":["https:\/\/stage.nordtec.se\/wp-content\/uploads\/2022\/04\/1-Model-351-with-Adapters_800px.png",800,800,false],"author_info":[],"comment_info":"","_links":{"self":[{"href":"https:\/\/stage.nordtec.se\/fi\/wp-json\/wp\/v2\/product\/10482","targetHints":{"allow":["GET"]}}],"collection":[{"href":"https:\/\/stage.nordtec.se\/fi\/wp-json\/wp\/v2\/product"}],"about":[{"href":"https:\/\/stage.nordtec.se\/fi\/wp-json\/wp\/v2\/types\/product"}],"version-history":[{"count":5,"href":"https:\/\/stage.nordtec.se\/fi\/wp-json\/wp\/v2\/product\/10482\/revisions"}],"predecessor-version":[{"id":45813,"href":"https:\/\/stage.nordtec.se\/fi\/wp-json\/wp\/v2\/product\/10482\/revisions\/45813"}],"wp:featuredmedia":[{"embeddable":true,"href":"https:\/\/stage.nordtec.se\/fi\/wp-json\/wp\/v2\/media\/23014"}],"wp:attachment":[{"href":"https:\/\/stage.nordtec.se\/fi\/wp-json\/wp\/v2\/media?parent=10482"}],"wp:term":[{"taxonomy":"product_brand","embeddable":true,"href":"https:\/\/stage.nordtec.se\/fi\/wp-json\/wp\/v2\/product_brand?post=10482"},{"taxonomy":"product_cat","embeddable":true,"href":"https:\/\/stage.nordtec.se\/fi\/wp-json\/wp\/v2\/product_cat?post=10482"},{"taxonomy":"product_tag","embeddable":true,"href":"https:\/\/stage.nordtec.se\/fi\/wp-json\/wp\/v2\/product_tag?post=10482"}],"curies":[{"name":"wp","href":"https:\/\/api.w.org\/{rel}","templated":true}]}}