{"id":10323,"date":"2022-03-31T16:44:16","date_gmt":"2022-03-31T14:44:16","guid":{"rendered":"https:\/\/stage.nordtec.se\/produkter\/okategoriserad\/testo-saveris-2-t3\/"},"modified":"2025-11-13T15:15:57","modified_gmt":"2025-11-13T13:15:57","slug":"testo-saveris-2-t3-temperaturlogger-for-2-externa-givare","status":"publish","type":"product","link":"https:\/\/stage.nordtec.se\/fi\/tuote\/fyndhyllan\/testo-saveris-2-t3-temperaturlogger-for-2-externa-givare\/","title":{"rendered":"testo Saveris 2-T3 \u2013 temperaturlogger f\u00f6r 2 externa givare"},"content":{"rendered":"<h2>testo Saveris 2-T3 \u2013 Fj\u00e4rr\u00f6vervakare och datalogger f\u00f6r 2 externa termoelementgivare<\/h2>\n<p>WiFi-dataloggern testo Saveris 2-T3\u00a0\u00e4r den enkla, m\u00e5ngsidiga l\u00f6sningen f\u00f6r m\u00e4tning, loggning och \u00f6vervakning av temperaturv\u00e4rden fr\u00e5n 2 externa termoelementgivare\u00a0i dina lager, kyl- och arbetslokaler m.m. Speciellt f\u00f6r T3:an \u00e4r det breda m\u00e4tomr\u00e5det vilket m\u00f6jligg\u00f6r loggning och \u00f6vervakning av extremt h\u00f6ga och l\u00e5ga temperaturer. Installationen av systemet \u00e4r en barnlek och kan utf\u00f6ras via en webbl\u00e4sare.<\/p>\n<h2>Tekniska funktioner och praktiska f\u00f6rdelar<\/h2>\n<ul>\n<li>Fj\u00e4rr\u00f6vervakar via lokalt WiFi-n\u00e4t och gratis molntj\u00e4nst<\/li>\n<li>F\u00f6r tv\u00e5 anslutningsbara Termoelementgivare typ K \/ T<\/li>\n<li>M\u00e4tomr\u00e5de: -195 &#8230; +1 350 \u00b0C<\/li>\n<li>Internt dataminne f\u00f6r 2 x 10 000 m\u00e4tv\u00e4rden<\/li>\n<li>Dammt\u00e4t och skyddad mot vattenst\u00e4nk enligt IP65<\/li>\n<li>Tr\u00e5dl\u00f6s utl\u00e4sning och \u00f6vervakning via WiFi-n\u00e4tverk<\/li>\n<li>Dubbel s\u00e4kerhet &#8211; m\u00e4tdata lagras b\u00e5de i loggern och molntj\u00e4nsten<\/li>\n<li>Enkelhet &#8211; ingen programvara beh\u00f6ver installeras \u2013 allt som beh\u00f6vs \u00e4r en internetuppkoppling samt ett WiFi-n\u00e4tverk<\/li>\n<li>P\u00e5litliga larm \u2013 \u00f6verskridna gr\u00e4nsv\u00e4rden rapporteras omedelbart via SMS eller E-post<\/li>\n<li>Standardbatterierna (AA) har en livsl\u00e4ngd p\u00e5 12 m\u00e5nader och kan n\u00e4r som helst bytas ut av anv\u00e4ndarna sj\u00e4lva<\/li>\n<li>Aktuella m\u00e4tv\u00e4rden, \u00f6vertr\u00e4delser av gr\u00e4nsv\u00e4rde och \u00e5terst\u00e5ende batteritid kan ses i dataloggerns display<\/li>\n<\/ul>\n<h2>Temperatur\u00f6vervakning med testo Saveris 2-T3<\/h2>\n<p>Ut\u00f6ver att logga och lagra temperaturm\u00e4tv\u00e4rden fr\u00e5n 2 externa termoelementgivare kan dataloggern\u00a0Saveris 2-T3\u00a0\u00e4ven transportera m\u00e4tdatan i realtid till din smartphone, surfplatta eller dator. All m\u00e4tdata lagras i varje logger som en extra s\u00e4kerhet samt skickas till Testos molntj\u00e4nst via ditt tr\u00e5dl\u00f6sa WiFi-n\u00e4tverk. \u00c4ven h\u00e4r lagras m\u00e4tdatan p\u00e5 ett s\u00e4kert s\u00e4tt och kan enkelt h\u00e4mtas fram var du \u00e4n befinner dig i v\u00e4rlden. Genom att s\u00e4tta gr\u00e4nsv\u00e4rden informeras du omedelbart via e-post eller som tillval \u00e4ven SMS om n\u00e5gon av dessa gr\u00e4nser \u00f6verskrids.<\/p>\n<h2>Testo Cloud-paketen: Basic\u00a0(gratis) och Advanced<\/h2>\r\n<p>Testo Cloud \u00e4r kontrollpanelen f\u00f6r att installera ditt Saveris 2-system. H\u00e4r konfigurerar du dina WiFi-dataloggrar, st\u00e4ller in gr\u00e4nsv\u00e4rden och analyserar din m\u00e4tdata. Du kan komma \u00e5t alla m\u00e4tv\u00e4rden och analysfunktioner var som helst och n\u00e4r som helst med en internet-uppkopplad smartphone, surfplatta eller dator.<\/p>\r\n<p>Det \u00e4r du sj\u00e4lv som registrerar det kostnadsfria <strong>Basic<\/strong>-kontot p\u00e5 molntj\u00e4nsten <strong>Testo Cloud<\/strong>. D\u00e4refter kan du ut\u00f6ka din licens till ett Advanced-konto genom att logga in p\u00e5 molntj\u00e4nsten och klicka p\u00e5 l\u00e4nken l\u00e4ngst upp till v\u00e4nster i Testo Cloud och f\u00f6lja anvisningarna. Kontot f\u00f6rnyas varje \u00e5r tills du s\u00e4ger upp det.\u00a0<\/p>\r\n<p><strong><a class=\"poppers\">L\u00e4s det h\u00e4r innan du skapar ett konto >><\/a><\/strong><\/p>\r\n<div id=\"poptext\">\r\n<p>Vid registrering av molnkonto f\u00f6r testo Saveris 2 och testo 160 kr\u00e4vs en e-postadress f\u00f6r registrering. Vi rekommenderar att du inte v\u00e4ljer en \"personlig\u201d e-postadress. Det \u00e4r b\u00e4ttre att skapa en \u201dallm\u00e4n adress\u201d som inte \u00e4r kopplad till en specifik person. Ett f\u00f6rslag kan vara \u201dinfo@exempel.com\u201d, \u201dsaveris2@exempel.com\u201d eller liknande. Denna adress blir i grunden en administrat\u00f6rsadress som inte g\u00e5r att ta bort p\u00e5 molnkontot. Det \u00e4r viktigt att denna adress kan l\u00e4sas av de som \u00e4r ansvariga f\u00f6r systemet. Testo skickar bland annat information om f\u00f6rnyelse av betaltj\u00e4nster till administrat\u00f6rsadressen, en m\u00e5nad f\u00f6re huvudf\u00f6rfallodagen varje \u00e5r. Om du inte vill f\u00f6rnya tj\u00e4nsten m\u00e5ste du meddela det f\u00f6re f\u00f6rfallodagen.<\/p>\r\n<\/div>\r\n<p>Gr\u00e4nsv\u00e4rdeslarm via SMS eller e-post, detaljerad utv\u00e4rdering och analys av m\u00e4tv\u00e4rden, automatiska rapporter, m\u00e4tdata sparas i 24 m\u00e5nader, administration av anv\u00e4ndare. Dessutom ing\u00e5r 25 sms per nystartat Advanced-konto. L\u00e4s mer om skillnaderna mellan Basic och Advanced p\u00e5 <a href=\"\/matsystem\/jamforelse-molntjanster\/\" target=\"_blank\" rel=\"noopener\">den h\u00e4r l\u00e4nken<\/a>.<\/p>\r\n<p><a class=\"button\" href=\"https:\/\/www.saveris.net\/users\/login\" target=\"_blank\" rel=\"noopener\">Logga in p\u00e5 molntj\u00e4nsten<\/a><\/p>\n<p><strong>P\u00e5fyllning av sms till Testo Saveris 2 Cloud-service Advance: <\/strong>Logga in p\u00e5 ert Testo Saveris 2 administrationskonto, v\u00e4lj Account Owner och d\u00e4refter Kontoinformation och v\u00e4lj \u00e4ndra Licens.\u00a0<\/p>\n<h2>Ing\u00e5r i leverans<\/h2>\n<ul>\n<li>WiFi-dataloggern testo Saveris 2-T3<\/li>\n<li>Gratis molntillg\u00e5ng (Basic)<\/li>\n<li>Micro USB-kabel<\/li>\n<li>V\u00e4ggf\u00e4ste med l\u00e5s<\/li>\n<li>Batterier (4 x AA AlMn Mignon-batterier)<\/li>\n<li>Korta instruktioner<\/li>\n<li>Fabriksprotokoll<\/li>\n<\/ul>\n<p><span class=\"ui-provider ed ayd aye ayf ayg ayh ayi ayj ayk ayl aym ayn ayo ayp ayq ayr ays ayt ayu ayv ayw ayx ayy ayz aza azb azc azd aze azf azg azh azi azj azk\" dir=\"ltr\"><strong>Fabriksprotokoll:<\/strong>\u00a0utf\u00e4rdas p\u00e5 fabriken efter en kontroll av att produkten fungerar och uppfyller angiven m\u00e4tnoggrannhet. L\u00e4s om <a href=\"https:\/\/stage.nordtec.se\/kalibrering\/iso-9001-kraver-kalibrerad-matutrustning\/\"><u>skillnaden mellan fabriksprotokoll och ackrediterad kalibrering<\/u><\/a>.<\/span><\/p>\n<p>OBS! F\u00f6r att kunna anv\u00e4nda WiFi-dataloggern testo Saveris 2-T3 m\u00e5ste minst en termoelementgivare anslutas. Finns under fliken &#8221;Givare&#8221;<\/p>\n","protected":false},"excerpt":{"rendered":"<p style=\"text-align: left;\">Fj\u00e4rr\u00f6vervakande WiFi-temperaturdatalogger f\u00f6r 2 externa termoelementgivare<\/p>\n<ul>\n<li style=\"text-align: left;\">F\u00f6r tv\u00e5 anslutningsbara Termoelementgivare typ K \/ T<\/li>\n<li>Fj\u00e4rr\u00f6vervakar via lokalt WiFi-n\u00e4t och gratis molntj\u00e4nst<\/li>\n<li style=\"text-align: left;\">M\u00e4tomr\u00e5de: -195 &#8230; +1 350 \u00b0C<\/li>\n<li style=\"text-align: left;\">Internt dataminne f\u00f6r 2 x 10 000 m\u00e4tv\u00e4rden<\/li>\n<\/ul>\n","protected":false},"featured_media":16622,"template":"","meta":{"_kad_blocks_custom_css":"","_kad_blocks_head_custom_js":"","_kad_blocks_body_custom_js":"","_kad_blocks_footer_custom_js":"","footnotes":""},"product_brand":[1435],"product_cat":[714],"product_tag":[678,677,676,121,699,598,697,679,698,671],"class_list":{"0":"post-10323","1":"product","2":"type-product","3":"status-publish","4":"has-post-thumbnail","6":"product_brand-testo","7":"product_cat-fyndhyllan","8":"product_tag-over-1000-grader","9":"product_tag-over-200-grader","10":"product_tag-over-50-grader","11":"product_tag-over-500-grader","12":"product_tag-temperatur","13":"product_tag-testo-saveris-2","14":"product_tag-under-170-c","15":"product_tag-under-minus-20-grader","16":"product_tag-under-70-c","17":"product_tag-wifi","19":"first","20":"instock","21":"sale","22":"taxable","23":"shipping-taxable","24":"purchasable","25":"product-type-simple"},"yoast_head":"<!-- This site is optimized with the Yoast SEO Premium plugin v25.8 (Yoast SEO v27.4) - https:\/\/yoast.com\/product\/yoast-seo-premium-wordpress\/ -->\n<title>testo Saveris 2-T3 \u2013 temperaturlogger f\u00f6r 2 externa givare | Nordtec<\/title>\n<meta name=\"description\" content=\"Fj\u00e4rr\u00f6vervakande WiFi-temperaturdatalogger f\u00f6r 2 externa termoelementgivare \u1405 testo Saveris 2-T3 \u2713 M\u00e4tomr\u00e5de: -195 ... +1 350 \u00b0C\" \/>\n<meta name=\"robots\" content=\"noindex, follow, max-snippet:-1, max-image-preview:large, max-video-preview:-1\" \/>\n<meta property=\"og:locale\" content=\"fi_FI\" \/>\n<meta property=\"og:type\" content=\"article\" \/>\n<meta property=\"og:title\" content=\"testo Saveris 2-T3 \u2013 temperaturlogger f\u00f6r 2 externa givare\" \/>\n<meta property=\"og:description\" content=\"Fj\u00e4rr\u00f6vervakande WiFi-temperaturdatalogger f\u00f6r 2 externa termoelementgivare \u1405 testo Saveris 2-T3 \u2713 M\u00e4tomr\u00e5de: -195 ... +1 350 \u00b0C\" \/>\n<meta property=\"og:url\" content=\"https:\/\/stage.nordtec.se\/fi\/tuote\/fyndhyllan\/testo-saveris-2-t3-temperaturlogger-for-2-externa-givare\/\" \/>\n<meta property=\"og:site_name\" content=\"Nordtec\" \/>\n<meta property=\"article:publisher\" content=\"https:\/\/www.facebook.com\/nordtecinstrument\" \/>\n<meta property=\"article:modified_time\" content=\"2025-11-13T13:15:57+00:00\" \/>\n<meta property=\"og:image\" content=\"https:\/\/stage.nordtec.se\/wp-content\/uploads\/2022\/03\/testo-Saveris2-T3_p_in_sta_005018_800px.png\" \/>\n\t<meta property=\"og:image:width\" content=\"800\" \/>\n\t<meta property=\"og:image:height\" content=\"800\" \/>\n\t<meta property=\"og:image:type\" content=\"image\/png\" \/>\n<meta name=\"twitter:card\" content=\"summary_large_image\" \/>\n<meta name=\"twitter:label1\" content=\"Arvioitu lukuaika\" \/>\n\t<meta name=\"twitter:data1\" content=\"2 minuuttia\" \/>\n<script type=\"application\/ld+json\" class=\"yoast-schema-graph\">{\"@context\":\"https:\\\/\\\/schema.org\",\"@graph\":[{\"@type\":[\"WebPage\",\"ItemPage\"],\"@id\":\"https:\\\/\\\/stage.nordtec.se\\\/fi\\\/tuote\\\/fyndhyllan\\\/testo-saveris-2-t3-temperaturlogger-for-2-externa-givare\\\/\",\"url\":\"https:\\\/\\\/stage.nordtec.se\\\/fi\\\/tuote\\\/fyndhyllan\\\/testo-saveris-2-t3-temperaturlogger-for-2-externa-givare\\\/\",\"name\":\"testo Saveris 2-T3 \u2013 temperaturlogger f\u00f6r 2 externa givare | Nordtec\",\"isPartOf\":{\"@id\":\"https:\\\/\\\/stage.nordtec.se\\\/fi\\\/#website\"},\"primaryImageOfPage\":{\"@id\":\"https:\\\/\\\/stage.nordtec.se\\\/fi\\\/tuote\\\/fyndhyllan\\\/testo-saveris-2-t3-temperaturlogger-for-2-externa-givare\\\/#primaryimage\"},\"image\":{\"@id\":\"https:\\\/\\\/stage.nordtec.se\\\/fi\\\/tuote\\\/fyndhyllan\\\/testo-saveris-2-t3-temperaturlogger-for-2-externa-givare\\\/#primaryimage\"},\"thumbnailUrl\":\"https:\\\/\\\/stage.nordtec.se\\\/wp-content\\\/uploads\\\/2022\\\/03\\\/testo-Saveris2-T3_p_in_sta_005018_800px.png\",\"datePublished\":\"2022-03-31T14:44:16+00:00\",\"dateModified\":\"2025-11-13T13:15:57+00:00\",\"description\":\"Fj\u00e4rr\u00f6vervakande WiFi-temperaturdatalogger f\u00f6r 2 externa termoelementgivare \u1405 testo Saveris 2-T3 \u2713 M\u00e4tomr\u00e5de: -195 ... +1 350 \u00b0C\",\"breadcrumb\":{\"@id\":\"https:\\\/\\\/stage.nordtec.se\\\/fi\\\/tuote\\\/fyndhyllan\\\/testo-saveris-2-t3-temperaturlogger-for-2-externa-givare\\\/#breadcrumb\"},\"inLanguage\":\"fi\",\"potentialAction\":[{\"@type\":\"ReadAction\",\"target\":[\"https:\\\/\\\/stage.nordtec.se\\\/fi\\\/tuote\\\/fyndhyllan\\\/testo-saveris-2-t3-temperaturlogger-for-2-externa-givare\\\/\"]}]},{\"@type\":\"ImageObject\",\"inLanguage\":\"fi\",\"@id\":\"https:\\\/\\\/stage.nordtec.se\\\/fi\\\/tuote\\\/fyndhyllan\\\/testo-saveris-2-t3-temperaturlogger-for-2-externa-givare\\\/#primaryimage\",\"url\":\"https:\\\/\\\/stage.nordtec.se\\\/wp-content\\\/uploads\\\/2022\\\/03\\\/testo-Saveris2-T3_p_in_sta_005018_800px.png\",\"contentUrl\":\"https:\\\/\\\/stage.nordtec.se\\\/wp-content\\\/uploads\\\/2022\\\/03\\\/testo-Saveris2-T3_p_in_sta_005018_800px.png\",\"width\":800,\"height\":800,\"caption\":\"WiFi datalogger testo Saveris 2-T3\"},{\"@type\":\"BreadcrumbList\",\"@id\":\"https:\\\/\\\/stage.nordtec.se\\\/fi\\\/tuote\\\/fyndhyllan\\\/testo-saveris-2-t3-temperaturlogger-for-2-externa-givare\\\/#breadcrumb\",\"itemListElement\":[{\"@type\":\"ListItem\",\"position\":1,\"name\":\"Hem\",\"item\":\"https:\\\/\\\/stage.nordtec.se\\\/fi\\\/\"},{\"@type\":\"ListItem\",\"position\":2,\"name\":\"Kauppa\",\"item\":\"https:\\\/\\\/stage.nordtec.se\\\/produkter\\\/\"},{\"@type\":\"ListItem\",\"position\":3,\"name\":\"testo Saveris 2-T3 \u2013 temperaturlogger f\u00f6r 2 externa givare\"}]},{\"@type\":\"WebSite\",\"@id\":\"https:\\\/\\\/stage.nordtec.se\\\/fi\\\/#website\",\"url\":\"https:\\\/\\\/stage.nordtec.se\\\/fi\\\/\",\"name\":\"Nordtec\",\"description\":\"Din partner inom m\u00e4tteknik\",\"publisher\":{\"@id\":\"https:\\\/\\\/stage.nordtec.se\\\/fi\\\/#organization\"},\"potentialAction\":[{\"@type\":\"SearchAction\",\"target\":{\"@type\":\"EntryPoint\",\"urlTemplate\":\"https:\\\/\\\/stage.nordtec.se\\\/fi\\\/?s={search_term_string}\"},\"query-input\":{\"@type\":\"PropertyValueSpecification\",\"valueRequired\":true,\"valueName\":\"search_term_string\"}}],\"inLanguage\":\"fi\"},{\"@type\":\"Organization\",\"@id\":\"https:\\\/\\\/stage.nordtec.se\\\/fi\\\/#organization\",\"name\":\"Nordtec Instrument AB\",\"url\":\"https:\\\/\\\/stage.nordtec.se\\\/fi\\\/\",\"logo\":{\"@type\":\"ImageObject\",\"inLanguage\":\"fi\",\"@id\":\"https:\\\/\\\/stage.nordtec.se\\\/fi\\\/#\\\/schema\\\/logo\\\/image\\\/\",\"url\":\"https:\\\/\\\/stage.nordtec.se\\\/wp-content\\\/uploads\\\/2021\\\/08\\\/nordtec_logo_rgb-340px.png\",\"contentUrl\":\"https:\\\/\\\/stage.nordtec.se\\\/wp-content\\\/uploads\\\/2021\\\/08\\\/nordtec_logo_rgb-340px.png\",\"width\":340,\"height\":75,\"caption\":\"Nordtec Instrument AB\"},\"image\":{\"@id\":\"https:\\\/\\\/stage.nordtec.se\\\/fi\\\/#\\\/schema\\\/logo\\\/image\\\/\"},\"sameAs\":[\"https:\\\/\\\/www.facebook.com\\\/nordtecinstrument\",\"https:\\\/\\\/www.instagram.com\\\/nordtec_instrument\\\/\",\"https:\\\/\\\/www.linkedin.com\\\/company\\\/nordtec-instrument-ab\\\/\",\"https:\\\/\\\/www.youtube.com\\\/channel\\\/UCbmAq3ZmfBKOGg7_igFURng\"]}]}<\/script>\n<!-- \/ Yoast SEO Premium plugin. -->","yoast_head_json":{"title":"testo Saveris 2-T3 \u2013 temperaturlogger f\u00f6r 2 externa givare | Nordtec","description":"Fj\u00e4rr\u00f6vervakande WiFi-temperaturdatalogger f\u00f6r 2 externa termoelementgivare \u1405 testo Saveris 2-T3 \u2713 M\u00e4tomr\u00e5de: -195 ... +1 350 \u00b0C","robots":{"index":"noindex","follow":"follow","max-snippet":"max-snippet:-1","max-image-preview":"max-image-preview:large","max-video-preview":"max-video-preview:-1"},"og_locale":"fi_FI","og_type":"article","og_title":"testo Saveris 2-T3 \u2013 temperaturlogger f\u00f6r 2 externa givare","og_description":"Fj\u00e4rr\u00f6vervakande WiFi-temperaturdatalogger f\u00f6r 2 externa termoelementgivare \u1405 testo Saveris 2-T3 \u2713 M\u00e4tomr\u00e5de: -195 ... +1 350 \u00b0C","og_url":"https:\/\/stage.nordtec.se\/fi\/tuote\/fyndhyllan\/testo-saveris-2-t3-temperaturlogger-for-2-externa-givare\/","og_site_name":"Nordtec","article_publisher":"https:\/\/www.facebook.com\/nordtecinstrument","article_modified_time":"2025-11-13T13:15:57+00:00","og_image":[{"width":800,"height":800,"url":"https:\/\/stage.nordtec.se\/wp-content\/uploads\/2022\/03\/testo-Saveris2-T3_p_in_sta_005018_800px.png","type":"image\/png"}],"twitter_card":"summary_large_image","twitter_misc":{"Arvioitu lukuaika":"2 minuuttia"},"schema":{"@context":"https:\/\/schema.org","@graph":[{"@type":["WebPage","ItemPage"],"@id":"https:\/\/stage.nordtec.se\/fi\/tuote\/fyndhyllan\/testo-saveris-2-t3-temperaturlogger-for-2-externa-givare\/","url":"https:\/\/stage.nordtec.se\/fi\/tuote\/fyndhyllan\/testo-saveris-2-t3-temperaturlogger-for-2-externa-givare\/","name":"testo Saveris 2-T3 \u2013 temperaturlogger f\u00f6r 2 externa givare | Nordtec","isPartOf":{"@id":"https:\/\/stage.nordtec.se\/fi\/#website"},"primaryImageOfPage":{"@id":"https:\/\/stage.nordtec.se\/fi\/tuote\/fyndhyllan\/testo-saveris-2-t3-temperaturlogger-for-2-externa-givare\/#primaryimage"},"image":{"@id":"https:\/\/stage.nordtec.se\/fi\/tuote\/fyndhyllan\/testo-saveris-2-t3-temperaturlogger-for-2-externa-givare\/#primaryimage"},"thumbnailUrl":"https:\/\/stage.nordtec.se\/wp-content\/uploads\/2022\/03\/testo-Saveris2-T3_p_in_sta_005018_800px.png","datePublished":"2022-03-31T14:44:16+00:00","dateModified":"2025-11-13T13:15:57+00:00","description":"Fj\u00e4rr\u00f6vervakande WiFi-temperaturdatalogger f\u00f6r 2 externa termoelementgivare \u1405 testo Saveris 2-T3 \u2713 M\u00e4tomr\u00e5de: -195 ... +1 350 \u00b0C","breadcrumb":{"@id":"https:\/\/stage.nordtec.se\/fi\/tuote\/fyndhyllan\/testo-saveris-2-t3-temperaturlogger-for-2-externa-givare\/#breadcrumb"},"inLanguage":"fi","potentialAction":[{"@type":"ReadAction","target":["https:\/\/stage.nordtec.se\/fi\/tuote\/fyndhyllan\/testo-saveris-2-t3-temperaturlogger-for-2-externa-givare\/"]}]},{"@type":"ImageObject","inLanguage":"fi","@id":"https:\/\/stage.nordtec.se\/fi\/tuote\/fyndhyllan\/testo-saveris-2-t3-temperaturlogger-for-2-externa-givare\/#primaryimage","url":"https:\/\/stage.nordtec.se\/wp-content\/uploads\/2022\/03\/testo-Saveris2-T3_p_in_sta_005018_800px.png","contentUrl":"https:\/\/stage.nordtec.se\/wp-content\/uploads\/2022\/03\/testo-Saveris2-T3_p_in_sta_005018_800px.png","width":800,"height":800,"caption":"WiFi datalogger testo Saveris 2-T3"},{"@type":"BreadcrumbList","@id":"https:\/\/stage.nordtec.se\/fi\/tuote\/fyndhyllan\/testo-saveris-2-t3-temperaturlogger-for-2-externa-givare\/#breadcrumb","itemListElement":[{"@type":"ListItem","position":1,"name":"Hem","item":"https:\/\/stage.nordtec.se\/fi\/"},{"@type":"ListItem","position":2,"name":"Kauppa","item":"https:\/\/stage.nordtec.se\/produkter\/"},{"@type":"ListItem","position":3,"name":"testo Saveris 2-T3 \u2013 temperaturlogger f\u00f6r 2 externa givare"}]},{"@type":"WebSite","@id":"https:\/\/stage.nordtec.se\/fi\/#website","url":"https:\/\/stage.nordtec.se\/fi\/","name":"Nordtec","description":"Din partner inom m\u00e4tteknik","publisher":{"@id":"https:\/\/stage.nordtec.se\/fi\/#organization"},"potentialAction":[{"@type":"SearchAction","target":{"@type":"EntryPoint","urlTemplate":"https:\/\/stage.nordtec.se\/fi\/?s={search_term_string}"},"query-input":{"@type":"PropertyValueSpecification","valueRequired":true,"valueName":"search_term_string"}}],"inLanguage":"fi"},{"@type":"Organization","@id":"https:\/\/stage.nordtec.se\/fi\/#organization","name":"Nordtec Instrument AB","url":"https:\/\/stage.nordtec.se\/fi\/","logo":{"@type":"ImageObject","inLanguage":"fi","@id":"https:\/\/stage.nordtec.se\/fi\/#\/schema\/logo\/image\/","url":"https:\/\/stage.nordtec.se\/wp-content\/uploads\/2021\/08\/nordtec_logo_rgb-340px.png","contentUrl":"https:\/\/stage.nordtec.se\/wp-content\/uploads\/2021\/08\/nordtec_logo_rgb-340px.png","width":340,"height":75,"caption":"Nordtec Instrument AB"},"image":{"@id":"https:\/\/stage.nordtec.se\/fi\/#\/schema\/logo\/image\/"},"sameAs":["https:\/\/www.facebook.com\/nordtecinstrument","https:\/\/www.instagram.com\/nordtec_instrument\/","https:\/\/www.linkedin.com\/company\/nordtec-instrument-ab\/","https:\/\/www.youtube.com\/channel\/UCbmAq3ZmfBKOGg7_igFURng"]}]}},"taxonomy_info":{"product_brand":[{"value":1435,"label":"Testo"}],"product_cat":[{"value":714,"label":"Fyndhyllan"}],"product_tag":[{"value":678,"label":"\u00d6ver +1 000 \u00b0C"},{"value":677,"label":"\u00d6ver +200 \u00b0C"},{"value":676,"label":"\u00d6ver +50 \u00b0C"},{"value":121,"label":"\u00d6ver +500 \u00b0C"},{"value":699,"label":"Temperatur"},{"value":598,"label":"testo Saveris 2"},{"value":697,"label":"Under -170 \u00b0C"},{"value":679,"label":"Under -20 \u00b0C"},{"value":698,"label":"Under -70 \u00b0C"},{"value":671,"label":"Wifi"}]},"featured_image_src_large":["https:\/\/stage.nordtec.se\/wp-content\/uploads\/2022\/03\/testo-Saveris2-T3_p_in_sta_005018_800px.png",800,800,false],"author_info":[],"comment_info":"","_links":{"self":[{"href":"https:\/\/stage.nordtec.se\/fi\/wp-json\/wp\/v2\/product\/10323","targetHints":{"allow":["GET"]}}],"collection":[{"href":"https:\/\/stage.nordtec.se\/fi\/wp-json\/wp\/v2\/product"}],"about":[{"href":"https:\/\/stage.nordtec.se\/fi\/wp-json\/wp\/v2\/types\/product"}],"version-history":[{"count":12,"href":"https:\/\/stage.nordtec.se\/fi\/wp-json\/wp\/v2\/product\/10323\/revisions"}],"predecessor-version":[{"id":48874,"href":"https:\/\/stage.nordtec.se\/fi\/wp-json\/wp\/v2\/product\/10323\/revisions\/48874"}],"wp:featuredmedia":[{"embeddable":true,"href":"https:\/\/stage.nordtec.se\/fi\/wp-json\/wp\/v2\/media\/16622"}],"wp:attachment":[{"href":"https:\/\/stage.nordtec.se\/fi\/wp-json\/wp\/v2\/media?parent=10323"}],"wp:term":[{"taxonomy":"product_brand","embeddable":true,"href":"https:\/\/stage.nordtec.se\/fi\/wp-json\/wp\/v2\/product_brand?post=10323"},{"taxonomy":"product_cat","embeddable":true,"href":"https:\/\/stage.nordtec.se\/fi\/wp-json\/wp\/v2\/product_cat?post=10323"},{"taxonomy":"product_tag","embeddable":true,"href":"https:\/\/stage.nordtec.se\/fi\/wp-json\/wp\/v2\/product_tag?post=10323"}],"curies":[{"name":"wp","href":"https:\/\/api.w.org\/{rel}","templated":true}]}}