{"id":57210,"date":"2021-08-11T14:13:26","date_gmt":"2021-08-11T12:13:26","guid":{"rendered":"https:\/\/stage.nordtec.se\/ostoskori\/"},"modified":"2026-04-09T01:44:07","modified_gmt":"2026-04-08T23:44:07","slug":"ostoskori","status":"publish","type":"page","link":"https:\/\/stage.nordtec.se\/fi\/ostoskori\/","title":{"rendered":"Ostoskori"},"content":{"rendered":"\n<div data-block-name=\"woocommerce\/cart\" class=\"wp-block-woocommerce-cart alignwide is-loading\">\n<div data-block-name=\"woocommerce\/filled-cart-block\" class=\"wp-block-woocommerce-filled-cart-block\">\n<div data-block-name=\"woocommerce\/cart-items-block\" class=\"wp-block-woocommerce-cart-items-block\">\n<div data-block-name=\"woocommerce\/cart-line-items-block\" class=\"wp-block-woocommerce-cart-line-items-block\"><\/div>\n\n\n<\/div>\n\n\n\n\n<div data-block-name=\"woocommerce\/cart-totals-block\" class=\"wp-block-woocommerce-cart-totals-block\">\n<div data-block-name=\"woocommerce\/cart-order-summary-block\" class=\"wp-block-woocommerce-cart-order-summary-block\">\n<div data-block-name=\"woocommerce\/cart-order-summary-heading-block\" class=\"wp-block-woocommerce-cart-order-summary-heading-block\"><\/div><div data-block-name=\"woocommerce\/cart-order-summary-coupon-form-block\" class=\"wp-block-woocommerce-cart-order-summary-coupon-form-block\"><\/div><div data-block-name=\"woocommerce\/cart-order-summary-totals-block\" class=\"wp-block-woocommerce-cart-order-summary-totals-block\">\n<div data-block-name=\"woocommerce\/cart-order-summary-subtotal-block\" class=\"wp-block-woocommerce-cart-order-summary-subtotal-block\"><\/div>\n<div data-block-name=\"woocommerce\/cart-order-summary-discount-block\" class=\"wp-block-woocommerce-cart-order-summary-discount-block\"><\/div>\n<div data-block-name=\"woocommerce\/cart-order-summary-fee-block\" class=\"wp-block-woocommerce-cart-order-summary-fee-block\"><\/div>\n<div data-block-name=\"woocommerce\/cart-order-summary-shipping-block\" class=\"wp-block-woocommerce-cart-order-summary-shipping-block\"><\/div>\n<div data-block-name=\"woocommerce\/cart-order-summary-taxes-block\" class=\"wp-block-woocommerce-cart-order-summary-taxes-block\"><\/div><\/div>\n<\/div>\n\n\n\n<div data-block-name=\"woocommerce\/cart-express-payment-block\" class=\"wp-block-woocommerce-cart-express-payment-block\"><\/div>\n\n\n\n<div data-block-name=\"woocommerce\/proceed-to-checkout-block\" class=\"wp-block-woocommerce-proceed-to-checkout-block\"><\/div>\n\n\n\n<div data-block-name=\"woocommerce\/cart-accepted-payment-methods-block\" class=\"wp-block-woocommerce-cart-accepted-payment-methods-block\"><\/div>\n<\/div>\n<\/div>\n\n\n\n<div data-block-name=\"woocommerce\/empty-cart-block\" class=\"wp-block-woocommerce-empty-cart-block\">\n<h2 class=\"wp-block-heading has-text-align-center with-empty-cart-icon wc-block-cart__empty-cart__title\" data-block-type=\"core\">Ostoskorisi on tyhj\u00e4!<\/h2>\n\n\n\n<hr class=\"wp-block-separator has-alpha-channel-opacity is-style-dots\"\/ data-block-type=\"core\">\n\n\n\n<h2 class=\"wp-block-heading has-text-align-center\" data-block-type=\"core\">Uutta kaupassa<\/h2>\n\n\n<div data-block-name=\"woocommerce\/product-new\" data-columns=\"4\" data-rows=\"1\" class=\"wc-block-grid wp-block-product-new wp-block-woocommerce-product-new wc-block-product-new has-4-columns\"><ul class=\"wc-block-grid__products\"><li class=\"wc-block-grid__product\"><span class=\"gtmkit_product_data\" style=\"display:none; visibility:hidden;\" data-gtmkit_product_id=\"56896\" data-gtmkit_product_data=\"{&quot;id&quot;:&quot;4040 0001&quot;,&quot;item_id&quot;:&quot;4040 0001&quot;,&quot;item_name&quot;:&quot;Leica Disto X1 \\u2013 f\\u00f6r avst\\u00e5nd upp till 100 meter&quot;,&quot;currency&quot;:&quot;SEK&quot;,&quot;price&quot;:1995,&quot;item_category&quot;:&quot;M\\u00e4tinstrument&quot;,&quot;item_category2&quot;:&quot;Avst\\u00e5ndsm\\u00e4tare&quot;,&quot;item_list_name&quot;:&quot;General Product List&quot;,&quot;index&quot;:0}\"><\/span>\n\t\t\t\t<a href=\"https:\/\/stage.nordtec.se\/fi\/tuote\/matinstrument\/avstandsmatare\/leica-disto-x1-for-avstand-upp-till-100-meter\/\" class=\"wc-block-grid__product-link\">\n\t\t\t\t\t\n\t\t\t\t\t<div class=\"wc-block-grid__product-image\"><img loading=\"lazy\" decoding=\"async\" width=\"324\" height=\"324\" src=\"https:\/\/stage.nordtec.se\/wp-content\/uploads\/2025\/12\/Leica-Disto-x1-011025100_grande_800px-324x324.png\" class=\"attachment-woocommerce_thumbnail size-woocommerce_thumbnail\" alt=\"Leica Disto X1 avst\u00e5ndsm\u00e4tare framifr\u00e5n\" srcset=\"https:\/\/stage.nordtec.se\/wp-content\/uploads\/2025\/12\/Leica-Disto-x1-011025100_grande_800px-324x324.png 324w, https:\/\/stage.nordtec.se\/wp-content\/uploads\/2025\/12\/Leica-Disto-x1-011025100_grande_800px-100x100.png 100w, https:\/\/stage.nordtec.se\/wp-content\/uploads\/2025\/12\/Leica-Disto-x1-011025100_grande_800px-416x416.png 416w, https:\/\/stage.nordtec.se\/wp-content\/uploads\/2025\/12\/Leica-Disto-x1-011025100_grande_800px-300x300.png 300w, https:\/\/stage.nordtec.se\/wp-content\/uploads\/2025\/12\/Leica-Disto-x1-011025100_grande_800px-150x150.png 150w, https:\/\/stage.nordtec.se\/wp-content\/uploads\/2025\/12\/Leica-Disto-x1-011025100_grande_800px-768x768.png 768w, https:\/\/stage.nordtec.se\/wp-content\/uploads\/2025\/12\/Leica-Disto-x1-011025100_grande_800px-50x50.png 50w, https:\/\/stage.nordtec.se\/wp-content\/uploads\/2025\/12\/Leica-Disto-x1-011025100_grande_800px-64x64.png 64w, https:\/\/stage.nordtec.se\/wp-content\/uploads\/2025\/12\/Leica-Disto-x1-011025100_grande_800px.png 800w\" sizes=\"auto, (max-width: 324px) 100vw, 324px\" \/><\/div>\n\t\t\t\t\t<div class=\"wc-block-grid__product-title\">Leica Disto X1 \u2013 f\u00f6r avst\u00e5nd upp till 100 meter<\/div>\n\t\t\t\t<\/a>\n\t\t\t\t<div class=\"wc-block-grid__product-price price\"><span class=\"priset\"><span class=\"woocommerce-Price-amount amount\"><span class=\"woocommerce-Price-currencySymbol\"><\/span>&nbsp;1 995<\/span><span class=\"fnuttar\">:-<\/span><\/span><\/div>\n\t\t\t\t\n\t\t\t\t<div class=\"wp-block-button wc-block-grid__product-add-to-cart\"><a href=\"\/fi\/wp-json\/wp\/v2\/pages\/57210?add-to-cart=56896\" aria-label=\"Lis\u00e4\u00e4 ostoskoriin: &ldquo;Leica Disto X1 \u2013 f\u00f6r avst\u00e5nd upp till 100 meter&rdquo;\" data-quantity=\"1\" data-product_id=\"56896\" data-product_sku=\"4040 0001\" data-price=\"1995\" rel=\"nofollow\" class=\"wp-block-button__link  add_to_cart_button ajax_add_to_cart\">\uf07a<\/a><\/div>\n\t\t\t<\/li><li class=\"wc-block-grid__product\"><span class=\"gtmkit_product_data\" style=\"display:none; visibility:hidden;\" data-gtmkit_product_id=\"56883\" data-gtmkit_product_data=\"{&quot;id&quot;:&quot;4040 0022&quot;,&quot;item_id&quot;:&quot;4040 0022&quot;,&quot;item_name&quot;:&quot;Leica Disto D2 (Gen 2) \\u2013 f\\u00f6r avst\\u00e5nd upp till 150 meter&quot;,&quot;currency&quot;:&quot;SEK&quot;,&quot;price&quot;:2550,&quot;item_category&quot;:&quot;M\\u00e4tinstrument&quot;,&quot;item_category2&quot;:&quot;Avst\\u00e5ndsm\\u00e4tare&quot;,&quot;item_list_name&quot;:&quot;General Product List&quot;,&quot;index&quot;:0}\"><\/span>\n\t\t\t\t<a href=\"https:\/\/stage.nordtec.se\/fi\/tuote\/matinstrument\/avstandsmatare\/leica-disto-d2-gen2-for-avstand-upp-till-150-meter\/\" class=\"wc-block-grid__product-link\">\n\t\t\t\t\t\n\t\t\t\t\t<div class=\"wc-block-grid__product-image\"><img loading=\"lazy\" decoding=\"async\" width=\"324\" height=\"324\" src=\"https:\/\/stage.nordtec.se\/wp-content\/uploads\/2025\/12\/Leica-Disto-D2-011025101_grande_800px-324x324.png\" class=\"attachment-woocommerce_thumbnail size-woocommerce_thumbnail\" alt=\"Leica Disto D2 Gen 2 avst\u00e5ndsm\u00e4tare framifr\u00e5n\" srcset=\"https:\/\/stage.nordtec.se\/wp-content\/uploads\/2025\/12\/Leica-Disto-D2-011025101_grande_800px-324x324.png 324w, https:\/\/stage.nordtec.se\/wp-content\/uploads\/2025\/12\/Leica-Disto-D2-011025101_grande_800px-100x100.png 100w, https:\/\/stage.nordtec.se\/wp-content\/uploads\/2025\/12\/Leica-Disto-D2-011025101_grande_800px-416x416.png 416w, https:\/\/stage.nordtec.se\/wp-content\/uploads\/2025\/12\/Leica-Disto-D2-011025101_grande_800px-300x300.png 300w, https:\/\/stage.nordtec.se\/wp-content\/uploads\/2025\/12\/Leica-Disto-D2-011025101_grande_800px-150x150.png 150w, https:\/\/stage.nordtec.se\/wp-content\/uploads\/2025\/12\/Leica-Disto-D2-011025101_grande_800px-768x768.png 768w, https:\/\/stage.nordtec.se\/wp-content\/uploads\/2025\/12\/Leica-Disto-D2-011025101_grande_800px-50x50.png 50w, https:\/\/stage.nordtec.se\/wp-content\/uploads\/2025\/12\/Leica-Disto-D2-011025101_grande_800px-64x64.png 64w, https:\/\/stage.nordtec.se\/wp-content\/uploads\/2025\/12\/Leica-Disto-D2-011025101_grande_800px.png 800w\" sizes=\"auto, (max-width: 324px) 100vw, 324px\" \/><\/div>\n\t\t\t\t\t<div class=\"wc-block-grid__product-title\">Leica Disto D2 (Gen 2) \u2013 f\u00f6r avst\u00e5nd upp till 150 meter<\/div>\n\t\t\t\t<\/a>\n\t\t\t\t<div class=\"wc-block-grid__product-price price\"><span class=\"priset\"><span class=\"woocommerce-Price-amount amount\"><span class=\"woocommerce-Price-currencySymbol\"><\/span>&nbsp;2 550<\/span><span class=\"fnuttar\">:-<\/span><\/span><\/div>\n\t\t\t\t\n\t\t\t\t<div class=\"wp-block-button wc-block-grid__product-add-to-cart\"><a href=\"\/fi\/wp-json\/wp\/v2\/pages\/57210?add-to-cart=56883\" aria-label=\"Lis\u00e4\u00e4 ostoskoriin: &ldquo;Leica Disto D2 (Gen 2) \u2013 f\u00f6r avst\u00e5nd upp till 150 meter&rdquo;\" data-quantity=\"1\" data-product_id=\"56883\" data-product_sku=\"4040 0022\" data-price=\"2550\" rel=\"nofollow\" class=\"wp-block-button__link  add_to_cart_button ajax_add_to_cart\">\uf07a<\/a><\/div>\n\t\t\t<\/li><li class=\"wc-block-grid__product\"><span class=\"gtmkit_product_data\" style=\"display:none; visibility:hidden;\" data-gtmkit_product_id=\"56437\" data-gtmkit_product_data=\"{&quot;id&quot;:&quot;5660 0104&quot;,&quot;item_id&quot;:&quot;5660 0104&quot;,&quot;item_name&quot;:&quot;Kabel Protimeter \\u2013 Bollmann&quot;,&quot;currency&quot;:&quot;SEK&quot;,&quot;price&quot;:725,&quot;item_category&quot;:&quot;Tillbeh\\u00f6r&quot;,&quot;item_list_name&quot;:&quot;General Product List&quot;,&quot;index&quot;:0}\"><\/span>\n\t\t\t\t<a href=\"https:\/\/stage.nordtec.se\/fi\/tuote\/tillbehor\/kabel-protimeter-bollmann\/\" class=\"wc-block-grid__product-link\">\n\t\t\t\t\t\n\t\t\t\t\t<div class=\"wc-block-grid__product-image\"><img loading=\"lazy\" decoding=\"async\" width=\"324\" height=\"324\" src=\"https:\/\/stage.nordtec.se\/wp-content\/uploads\/2025\/11\/5660-0104-Kabel-protimeter-Bollmann-602d1c9232283_750px-324x324.png\" class=\"attachment-woocommerce_thumbnail size-woocommerce_thumbnail\" alt=\"Kabel Protimeter \u2013 Bollmann\" srcset=\"https:\/\/stage.nordtec.se\/wp-content\/uploads\/2025\/11\/5660-0104-Kabel-protimeter-Bollmann-602d1c9232283_750px-324x324.png 324w, https:\/\/stage.nordtec.se\/wp-content\/uploads\/2025\/11\/5660-0104-Kabel-protimeter-Bollmann-602d1c9232283_750px-100x100.png 100w, https:\/\/stage.nordtec.se\/wp-content\/uploads\/2025\/11\/5660-0104-Kabel-protimeter-Bollmann-602d1c9232283_750px-416x416.png 416w, https:\/\/stage.nordtec.se\/wp-content\/uploads\/2025\/11\/5660-0104-Kabel-protimeter-Bollmann-602d1c9232283_750px-64x64.png 64w, https:\/\/stage.nordtec.se\/wp-content\/uploads\/2025\/11\/5660-0104-Kabel-protimeter-Bollmann-602d1c9232283_750px-300x300.png 300w, https:\/\/stage.nordtec.se\/wp-content\/uploads\/2025\/11\/5660-0104-Kabel-protimeter-Bollmann-602d1c9232283_750px-150x150.png 150w, https:\/\/stage.nordtec.se\/wp-content\/uploads\/2025\/11\/5660-0104-Kabel-protimeter-Bollmann-602d1c9232283_750px-50x50.png 50w, https:\/\/stage.nordtec.se\/wp-content\/uploads\/2025\/11\/5660-0104-Kabel-protimeter-Bollmann-602d1c9232283_750px.png 750w\" sizes=\"auto, (max-width: 324px) 100vw, 324px\" \/><\/div>\n\t\t\t\t\t<div class=\"wc-block-grid__product-title\">Kabel Protimeter \u2013 Bollmann<\/div>\n\t\t\t\t<\/a>\n\t\t\t\t<div class=\"wc-block-grid__product-price price\"><span class=\"priset\"><span class=\"woocommerce-Price-amount amount\"><span class=\"woocommerce-Price-currencySymbol\"><\/span>&nbsp;725<\/span><span class=\"fnuttar\">:-<\/span><\/span><\/div>\n\t\t\t\t\n\t\t\t\t<div class=\"wp-block-button wc-block-grid__product-add-to-cart\"><a href=\"\/fi\/wp-json\/wp\/v2\/pages\/57210?add-to-cart=56437\" aria-label=\"Lis\u00e4\u00e4 ostoskoriin: &ldquo;Kabel Protimeter \u2013 Bollmann&rdquo;\" data-quantity=\"1\" data-product_id=\"56437\" data-product_sku=\"5660 0104\" data-price=\"725\" rel=\"nofollow\" class=\"wp-block-button__link  add_to_cart_button ajax_add_to_cart\">\uf07a<\/a><\/div>\n\t\t\t<\/li><li class=\"wc-block-grid__product\"><span class=\"gtmkit_product_data\" style=\"display:none; visibility:hidden;\" data-gtmkit_product_id=\"56340\" data-gtmkit_product_data=\"{&quot;id&quot;:&quot;0564 2550 DEMO&quot;,&quot;item_id&quot;:&quot;0564 2550 DEMO&quot;,&quot;item_name&quot;:&quot;testo 550i \\u2013 app-styrt manometerst\\u00e4ll med Bluetooth (demo)&quot;,&quot;currency&quot;:&quot;SEK&quot;,&quot;price&quot;:2990,&quot;item_category&quot;:&quot;Fyndhyllan&quot;,&quot;item_list_name&quot;:&quot;General Product List&quot;,&quot;index&quot;:0}\"><\/span>\n\t\t\t\t<a href=\"https:\/\/stage.nordtec.se\/fi\/tuote\/fyndhyllan\/testo-550i-app-styrt-manometerstall-med-bluetooth-demo\/\" class=\"wc-block-grid__product-link\">\n\t\t\t\t\t<div class=\"wc-block-grid__product-onsale\">\n\t\t\t<span aria-hidden=\"true\">Alennus<\/span>\n\t\t\t<span class=\"screen-reader-text\">Tuote alennuksessa<\/span>\n\t\t<\/div>\n\t\t\t\t\t<div class=\"wc-block-grid__product-image\"><img loading=\"lazy\" decoding=\"async\" width=\"324\" height=\"324\" src=\"https:\/\/stage.nordtec.se\/wp-content\/uploads\/2022\/03\/testo-550i-front_800px-324x324.png\" class=\"attachment-woocommerce_thumbnail size-woocommerce_thumbnail\" alt=\"Manometerst\u00e4ll testo 550i fram\" srcset=\"https:\/\/stage.nordtec.se\/wp-content\/uploads\/2022\/03\/testo-550i-front_800px-324x324.png 324w, https:\/\/stage.nordtec.se\/wp-content\/uploads\/2022\/03\/testo-550i-front_800px-100x100.png 100w, https:\/\/stage.nordtec.se\/wp-content\/uploads\/2022\/03\/testo-550i-front_800px-416x416.png 416w, https:\/\/stage.nordtec.se\/wp-content\/uploads\/2022\/03\/testo-550i-front_800px-64x64.png 64w, https:\/\/stage.nordtec.se\/wp-content\/uploads\/2022\/03\/testo-550i-front_800px-300x300.png 300w, https:\/\/stage.nordtec.se\/wp-content\/uploads\/2022\/03\/testo-550i-front_800px-150x150.png 150w, https:\/\/stage.nordtec.se\/wp-content\/uploads\/2022\/03\/testo-550i-front_800px-768x768.png 768w, https:\/\/stage.nordtec.se\/wp-content\/uploads\/2022\/03\/testo-550i-front_800px.png 800w\" sizes=\"auto, (max-width: 324px) 100vw, 324px\" \/><\/div>\n\t\t\t\t\t<div class=\"wc-block-grid__product-title\">testo 550i \u2013 app-styrt manometerst\u00e4ll med Bluetooth (demo)<\/div>\n\t\t\t\t<\/a>\n\t\t\t\t<div class=\"wc-block-grid__product-price price\"><span class=\"priset\"><del aria-hidden=\"true\"><span class=\"woocommerce-Price-amount amount\"><span class=\"woocommerce-Price-currencySymbol\"><\/span>&nbsp;3 480<\/span><\/del> <span class=\"screen-reader-text\">Alkuper\u00e4inen hinta oli: &nbsp;3 480.<\/span><ins aria-hidden=\"true\"><span class=\"woocommerce-Price-amount amount\"><span class=\"woocommerce-Price-currencySymbol\"><\/span>&nbsp;2 990<\/span><\/ins><span class=\"screen-reader-text\">Nykyinen hinta on: &nbsp;2 990.<\/span><span class=\"fnuttar\">:-<\/span><\/span><\/div>\n\t\t\t\t\n\t\t\t\t<div class=\"wp-block-button wc-block-grid__product-add-to-cart\"><a href=\"\/fi\/wp-json\/wp\/v2\/pages\/57210?add-to-cart=56340\" aria-label=\"Lis\u00e4\u00e4 ostoskoriin: &ldquo;testo 550i \u2013 app-styrt manometerst\u00e4ll med Bluetooth (demo)&rdquo;\" data-quantity=\"1\" data-product_id=\"56340\" data-product_sku=\"0564 2550 DEMO\" data-price=\"2990\" rel=\"nofollow\" class=\"wp-block-button__link  add_to_cart_button ajax_add_to_cart\">\uf07a<\/a><\/div>\n\t\t\t<\/li><\/ul><\/div><\/div>\n<\/div>\n","protected":false},"excerpt":{"rendered":"","protected":false},"author":16499,"featured_media":0,"parent":0,"menu_order":0,"comment_status":"closed","ping_status":"closed","template":"","meta":{"_kad_blocks_custom_css":"","_kad_blocks_head_custom_js":"","_kad_blocks_body_custom_js":"","_kad_blocks_footer_custom_js":"","footnotes":""},"class_list":["post-57210","page","type-page","status-publish","hentry"],"yoast_head":"<!-- This site is optimized with the Yoast SEO Premium plugin v25.8 (Yoast SEO v27.4) - https:\/\/yoast.com\/product\/yoast-seo-premium-wordpress\/ -->\n<title>Ostoskori | Nordtec<\/title>\n<meta name=\"robots\" content=\"noindex, follow, max-snippet:-1, max-image-preview:large, max-video-preview:-1\" \/>\n<meta property=\"og:locale\" content=\"fi_FI\" \/>\n<meta property=\"og:type\" content=\"article\" \/>\n<meta property=\"og:title\" content=\"Ostoskori\" \/>\n<meta property=\"og:url\" content=\"https:\/\/stage.nordtec.se\/fi\/ostoskori\/\" \/>\n<meta property=\"og:site_name\" content=\"Nordtec\" \/>\n<meta property=\"article:publisher\" content=\"https:\/\/www.facebook.com\/nordtecinstrument\" \/>\n<meta property=\"article:modified_time\" content=\"2026-04-08T23:44:07+00:00\" \/>\n<meta property=\"og:image\" content=\"https:\/\/stage.nordtec.se\/wp-content\/uploads\/2022\/03\/testo-905-T1_close-up_800px.png\" \/>\n\t<meta property=\"og:image:width\" content=\"800\" \/>\n\t<meta property=\"og:image:height\" content=\"799\" \/>\n\t<meta property=\"og:image:type\" content=\"image\/png\" \/>\n<meta name=\"twitter:card\" content=\"summary_large_image\" \/>\n<script type=\"application\/ld+json\" class=\"yoast-schema-graph\">{\"@context\":\"https:\\\/\\\/schema.org\",\"@graph\":[{\"@type\":\"WebPage\",\"@id\":\"https:\\\/\\\/stage.nordtec.se\\\/fi\\\/ostoskori\\\/\",\"url\":\"https:\\\/\\\/stage.nordtec.se\\\/fi\\\/ostoskori\\\/\",\"name\":\"Ostoskori | Nordtec\",\"isPartOf\":{\"@id\":\"https:\\\/\\\/stage.nordtec.se\\\/fi\\\/#website\"},\"datePublished\":\"2021-08-11T12:13:26+00:00\",\"dateModified\":\"2026-04-08T23:44:07+00:00\",\"breadcrumb\":{\"@id\":\"https:\\\/\\\/stage.nordtec.se\\\/fi\\\/ostoskori\\\/#breadcrumb\"},\"inLanguage\":\"fi\",\"potentialAction\":[{\"@type\":\"ReadAction\",\"target\":[\"https:\\\/\\\/stage.nordtec.se\\\/fi\\\/ostoskori\\\/\"]}]},{\"@type\":\"BreadcrumbList\",\"@id\":\"https:\\\/\\\/stage.nordtec.se\\\/fi\\\/ostoskori\\\/#breadcrumb\",\"itemListElement\":[{\"@type\":\"ListItem\",\"position\":1,\"name\":\"Hem\",\"item\":\"https:\\\/\\\/stage.nordtec.se\\\/fi\\\/\"},{\"@type\":\"ListItem\",\"position\":2,\"name\":\"Ostoskori\"}]},{\"@type\":\"WebSite\",\"@id\":\"https:\\\/\\\/stage.nordtec.se\\\/fi\\\/#website\",\"url\":\"https:\\\/\\\/stage.nordtec.se\\\/fi\\\/\",\"name\":\"Nordtec\",\"description\":\"Din partner inom m\u00e4tteknik\",\"publisher\":{\"@id\":\"https:\\\/\\\/stage.nordtec.se\\\/fi\\\/#organization\"},\"potentialAction\":[{\"@type\":\"SearchAction\",\"target\":{\"@type\":\"EntryPoint\",\"urlTemplate\":\"https:\\\/\\\/stage.nordtec.se\\\/fi\\\/?s={search_term_string}\"},\"query-input\":{\"@type\":\"PropertyValueSpecification\",\"valueRequired\":true,\"valueName\":\"search_term_string\"}}],\"inLanguage\":\"fi\"},{\"@type\":\"Organization\",\"@id\":\"https:\\\/\\\/stage.nordtec.se\\\/fi\\\/#organization\",\"name\":\"Nordtec Instrument AB\",\"url\":\"https:\\\/\\\/stage.nordtec.se\\\/fi\\\/\",\"logo\":{\"@type\":\"ImageObject\",\"inLanguage\":\"fi\",\"@id\":\"https:\\\/\\\/stage.nordtec.se\\\/fi\\\/#\\\/schema\\\/logo\\\/image\\\/\",\"url\":\"https:\\\/\\\/stage.nordtec.se\\\/wp-content\\\/uploads\\\/2021\\\/08\\\/nordtec_logo_rgb-340px.png\",\"contentUrl\":\"https:\\\/\\\/stage.nordtec.se\\\/wp-content\\\/uploads\\\/2021\\\/08\\\/nordtec_logo_rgb-340px.png\",\"width\":340,\"height\":75,\"caption\":\"Nordtec Instrument AB\"},\"image\":{\"@id\":\"https:\\\/\\\/stage.nordtec.se\\\/fi\\\/#\\\/schema\\\/logo\\\/image\\\/\"},\"sameAs\":[\"https:\\\/\\\/www.facebook.com\\\/nordtecinstrument\",\"https:\\\/\\\/www.instagram.com\\\/nordtec_instrument\\\/\",\"https:\\\/\\\/www.linkedin.com\\\/company\\\/nordtec-instrument-ab\\\/\",\"https:\\\/\\\/www.youtube.com\\\/channel\\\/UCbmAq3ZmfBKOGg7_igFURng\"]}]}<\/script>\n<!-- \/ Yoast SEO Premium plugin. -->","yoast_head_json":{"title":"Ostoskori | Nordtec","robots":{"index":"noindex","follow":"follow","max-snippet":"max-snippet:-1","max-image-preview":"max-image-preview:large","max-video-preview":"max-video-preview:-1"},"og_locale":"fi_FI","og_type":"article","og_title":"Ostoskori","og_url":"https:\/\/stage.nordtec.se\/fi\/ostoskori\/","og_site_name":"Nordtec","article_publisher":"https:\/\/www.facebook.com\/nordtecinstrument","article_modified_time":"2026-04-08T23:44:07+00:00","og_image":[{"width":800,"height":799,"url":"https:\/\/stage.nordtec.se\/wp-content\/uploads\/2022\/03\/testo-905-T1_close-up_800px.png","type":"image\/png"}],"twitter_card":"summary_large_image","schema":{"@context":"https:\/\/schema.org","@graph":[{"@type":"WebPage","@id":"https:\/\/stage.nordtec.se\/fi\/ostoskori\/","url":"https:\/\/stage.nordtec.se\/fi\/ostoskori\/","name":"Ostoskori | Nordtec","isPartOf":{"@id":"https:\/\/stage.nordtec.se\/fi\/#website"},"datePublished":"2021-08-11T12:13:26+00:00","dateModified":"2026-04-08T23:44:07+00:00","breadcrumb":{"@id":"https:\/\/stage.nordtec.se\/fi\/ostoskori\/#breadcrumb"},"inLanguage":"fi","potentialAction":[{"@type":"ReadAction","target":["https:\/\/stage.nordtec.se\/fi\/ostoskori\/"]}]},{"@type":"BreadcrumbList","@id":"https:\/\/stage.nordtec.se\/fi\/ostoskori\/#breadcrumb","itemListElement":[{"@type":"ListItem","position":1,"name":"Hem","item":"https:\/\/stage.nordtec.se\/fi\/"},{"@type":"ListItem","position":2,"name":"Ostoskori"}]},{"@type":"WebSite","@id":"https:\/\/stage.nordtec.se\/fi\/#website","url":"https:\/\/stage.nordtec.se\/fi\/","name":"Nordtec","description":"Din partner inom m\u00e4tteknik","publisher":{"@id":"https:\/\/stage.nordtec.se\/fi\/#organization"},"potentialAction":[{"@type":"SearchAction","target":{"@type":"EntryPoint","urlTemplate":"https:\/\/stage.nordtec.se\/fi\/?s={search_term_string}"},"query-input":{"@type":"PropertyValueSpecification","valueRequired":true,"valueName":"search_term_string"}}],"inLanguage":"fi"},{"@type":"Organization","@id":"https:\/\/stage.nordtec.se\/fi\/#organization","name":"Nordtec Instrument AB","url":"https:\/\/stage.nordtec.se\/fi\/","logo":{"@type":"ImageObject","inLanguage":"fi","@id":"https:\/\/stage.nordtec.se\/fi\/#\/schema\/logo\/image\/","url":"https:\/\/stage.nordtec.se\/wp-content\/uploads\/2021\/08\/nordtec_logo_rgb-340px.png","contentUrl":"https:\/\/stage.nordtec.se\/wp-content\/uploads\/2021\/08\/nordtec_logo_rgb-340px.png","width":340,"height":75,"caption":"Nordtec Instrument AB"},"image":{"@id":"https:\/\/stage.nordtec.se\/fi\/#\/schema\/logo\/image\/"},"sameAs":["https:\/\/www.facebook.com\/nordtecinstrument","https:\/\/www.instagram.com\/nordtec_instrument\/","https:\/\/www.linkedin.com\/company\/nordtec-instrument-ab\/","https:\/\/www.youtube.com\/channel\/UCbmAq3ZmfBKOGg7_igFURng"]}]}},"taxonomy_info":[],"featured_image_src_large":false,"author_info":{"display_name":"hello@wpml.org","author_link":"https:\/\/stage.nordtec.se\/fi\/author\/hellowpml-org\/"},"comment_info":0,"_links":{"self":[{"href":"https:\/\/stage.nordtec.se\/fi\/wp-json\/wp\/v2\/pages\/57210","targetHints":{"allow":["GET"]}}],"collection":[{"href":"https:\/\/stage.nordtec.se\/fi\/wp-json\/wp\/v2\/pages"}],"about":[{"href":"https:\/\/stage.nordtec.se\/fi\/wp-json\/wp\/v2\/types\/page"}],"author":[{"embeddable":true,"href":"https:\/\/stage.nordtec.se\/fi\/wp-json\/wp\/v2\/users\/16499"}],"replies":[{"embeddable":true,"href":"https:\/\/stage.nordtec.se\/fi\/wp-json\/wp\/v2\/comments?post=57210"}],"version-history":[{"count":1,"href":"https:\/\/stage.nordtec.se\/fi\/wp-json\/wp\/v2\/pages\/57210\/revisions"}],"predecessor-version":[{"id":57213,"href":"https:\/\/stage.nordtec.se\/fi\/wp-json\/wp\/v2\/pages\/57210\/revisions\/57213"}],"wp:attachment":[{"href":"https:\/\/stage.nordtec.se\/fi\/wp-json\/wp\/v2\/media?parent=57210"}],"curies":[{"name":"wp","href":"https:\/\/api.w.org\/{rel}","templated":true}]}}