{"id":54882,"date":"2025-09-24T15:29:54","date_gmt":"2025-09-24T13:29:54","guid":{"rendered":"https:\/\/stage.nordtec.se\/?post_type=product&#038;p=54882"},"modified":"2025-11-26T17:55:56","modified_gmt":"2025-11-26T15:55:56","slug":"testo-770-3-clamp-ammeter-with-power-measurement-kopia-2","status":"publish","type":"product","link":"https:\/\/stage.nordtec.se\/en\/product\/measuring-instruments\/electrical-measuring-instruments\/testo-770-3-clamp-ammeter-with-power-measurement-kopia-2\/","title":{"rendered":"testo 770-3 &#8211; clamp ammeter with power measurement (set)"},"content":{"rendered":"<h2>Multi-functional current measurement<\/h2>\n<p>The testo 770-3 current clamp is ideal for demanding measurement tasks in confined spaces. The movable gripping claw can be fully retracted into the instrument, making it possible to grip tightly bundled cables.<\/p>\n<p>Thanks to improved resolution, highly accurate results are obtained even in the lower current range. The new testo 770-3 also has an extended voltage measurement range of up to 1000 V.<\/p>\n<p>In addition, more specialized applications can be handled with the current clamp, such as starting current, power and \u03bcA measurements. An optional thermocouple sensor adapter is available, which can be used to measure both electrical parameters and temperatures (compatible type K sensor ordered separately).<\/p>\n<p>The clamp ammeter automatically detects and selects AC\/DC and other parameters, such as resistance, continuity, diode and capacitance. This makes handling easier and more reliable than ever before.<\/p>\n<p>The measured values can be clearly shown on the display of the current clamp and in the testo Smart app. testo 770-3 can be quickly and easily connected to the testo Smart app and other Testo instruments via Bluetooth. In the app, you can display the measurement curve as a graph on your smartphone\/tablet and save and send the measurement values directly in a report.<\/p>\n<h2>Advantages of the testo 770-3<\/h2>\n<ul>\n<li>Increased accuracy in the lower current range thanks to improved resolution<\/li>\n<li>TRMS measurement<\/li>\n<li>Automatic AC\/DC for voltage and large two-line display<\/li>\n<li>Bluetooth connection to testo Smart app and other Testo instruments<\/li>\n<li>Easy to use thanks to the retractable claw<\/li>\n<\/ul>\n<h2>Included in delivery<\/h2>\n<p>Testo 770-3 current clamp with Bluetooth, 1 set of measuring cables, case, 3 pcs. AAA batteries and factory protocol<\/p>\n<p><span class=\"ui-provider ed ayd aye ayf ayg ayh ayi ayj ayk ayl aym ayn ayo ayp ayq ayr ays ayt ayu ayv ayw ayx ayy ayz aza azb azc azd aze azf azg azh azi azj azk\" dir=\"ltr\"><strong>Fabriksprotokoll:<\/strong>\u00a0utf\u00e4rdas p\u00e5 fabriken efter en kontroll av att produkten fungerar och uppfyller angiven m\u00e4tnoggrannhet. L\u00e4s om <a href=\"https:\/\/stage.nordtec.se\/kalibrering\/iso-9001-kraver-kalibrerad-matutrustning\/\"><u>skillnaden mellan fabriksprotokoll och ackrediterad kalibrering<\/u><\/a>.<\/span><\/p>\n","protected":false},"excerpt":{"rendered":"<p style=\"text-align: left;\">Current clamp ammeter with power measurement and Bluetooth<\/p>\n<ul>\n<li>Increased accuracy in the lower current range thanks to improved resolution<\/li>\n<li>TRMS measurement<\/li>\n<li>Automatic AC\/DC for voltage and large two-line display<\/li>\n<\/ul>\n","protected":false},"featured_media":54899,"template":"","meta":{"_kad_blocks_custom_css":"","_kad_blocks_head_custom_js":"","_kad_blocks_body_custom_js":"","_kad_blocks_footer_custom_js":"","footnotes":""},"product_brand":[1435],"product_cat":[801,768,1426],"product_tag":[850,928],"class_list":{"0":"post-54882","1":"product","2":"type-product","3":"status-publish","4":"has-post-thumbnail","6":"product_brand-testo","7":"product_cat-electrical-measuring-instruments","8":"product_cat-measuring-instruments","9":"product_cat-testo-smart-app","10":"product_tag-bluetooth-en","11":"product_tag-tangamperemetrar-en","13":"first","14":"instock","15":"taxable","16":"shipping-taxable","17":"purchasable","18":"product-type-simple"},"yoast_head":"<!-- This site is optimized with the Yoast SEO Premium plugin v27.3 (Yoast SEO v27.5) - https:\/\/yoast.com\/product\/yoast-seo-premium-wordpress\/ -->\n<title>testo 770-3 - clamp ammeter with power measurement (set) | Nordtec<\/title>\n<meta name=\"description\" content=\"Order the clamp ammeter testo 770-3 with us! \u1405 Power measurement \u2713 Bluetooth \u2713 testo Smart app \u2713 TRMS \u2713 Auto AC\/DC \u2713 Maximum flexibility \u2713\" \/>\n<meta name=\"robots\" content=\"noindex, follow, max-snippet:-1, max-image-preview:large, max-video-preview:-1\" \/>\n<meta property=\"og:locale\" content=\"en_US\" \/>\n<meta property=\"og:type\" content=\"article\" \/>\n<meta property=\"og:title\" content=\"testo 770-3 - clamp ammeter with power measurement (set)\" \/>\n<meta property=\"og:description\" content=\"Order the clamp ammeter testo 770-3 with us! \u1405 Power measurement \u2713 Bluetooth \u2713 testo Smart app \u2713 TRMS \u2713 Auto AC\/DC \u2713 Maximum flexibility \u2713\" \/>\n<meta property=\"og:url\" content=\"https:\/\/stage.nordtec.se\/en\/product\/measuring-instruments\/electrical-measuring-instruments\/testo-770-3-clamp-ammeter-with-power-measurement-kopia-2\/\" \/>\n<meta property=\"og:site_name\" content=\"Nordtec\" \/>\n<meta property=\"article:publisher\" content=\"https:\/\/www.facebook.com\/nordtecinstrument\" \/>\n<meta property=\"article:modified_time\" content=\"2025-11-26T15:55:56+00:00\" \/>\n<meta property=\"og:image\" content=\"https:\/\/stage.nordtec.se\/wp-content\/uploads\/2025\/09\/0590-7703-02_matset.png\" \/>\n\t<meta property=\"og:image:width\" content=\"800\" \/>\n\t<meta property=\"og:image:height\" content=\"800\" \/>\n\t<meta property=\"og:image:type\" content=\"image\/png\" \/>\n<meta name=\"twitter:card\" content=\"summary_large_image\" \/>\n<meta name=\"twitter:label1\" content=\"Est. reading time\" \/>\n\t<meta name=\"twitter:data1\" content=\"2 minutes\" \/>\n<script type=\"application\/ld+json\" class=\"yoast-schema-graph\">{\"@context\":\"https:\\\/\\\/schema.org\",\"@graph\":[{\"@type\":[\"WebPage\",\"ItemPage\"],\"@id\":\"https:\\\/\\\/stage.nordtec.se\\\/en\\\/product\\\/measuring-instruments\\\/electrical-measuring-instruments\\\/testo-770-3-clamp-ammeter-with-power-measurement-kopia-2\\\/\",\"url\":\"https:\\\/\\\/stage.nordtec.se\\\/en\\\/product\\\/measuring-instruments\\\/electrical-measuring-instruments\\\/testo-770-3-clamp-ammeter-with-power-measurement-kopia-2\\\/\",\"name\":\"testo 770-3 - clamp ammeter with power measurement (set) | Nordtec\",\"isPartOf\":{\"@id\":\"https:\\\/\\\/stage.nordtec.se\\\/en\\\/#website\"},\"primaryImageOfPage\":{\"@id\":\"https:\\\/\\\/stage.nordtec.se\\\/en\\\/product\\\/measuring-instruments\\\/electrical-measuring-instruments\\\/testo-770-3-clamp-ammeter-with-power-measurement-kopia-2\\\/#primaryimage\"},\"image\":{\"@id\":\"https:\\\/\\\/stage.nordtec.se\\\/en\\\/product\\\/measuring-instruments\\\/electrical-measuring-instruments\\\/testo-770-3-clamp-ammeter-with-power-measurement-kopia-2\\\/#primaryimage\"},\"thumbnailUrl\":\"https:\\\/\\\/stage.nordtec.se\\\/wp-content\\\/uploads\\\/2025\\\/09\\\/0590-7703-02_matset.png\",\"datePublished\":\"2025-09-24T13:29:54+00:00\",\"dateModified\":\"2025-11-26T15:55:56+00:00\",\"description\":\"Order the clamp ammeter testo 770-3 with us! \u1405 Power measurement \u2713 Bluetooth \u2713 testo Smart app \u2713 TRMS \u2713 Auto AC\\\/DC \u2713 Maximum flexibility \u2713\",\"breadcrumb\":{\"@id\":\"https:\\\/\\\/stage.nordtec.se\\\/en\\\/product\\\/measuring-instruments\\\/electrical-measuring-instruments\\\/testo-770-3-clamp-ammeter-with-power-measurement-kopia-2\\\/#breadcrumb\"},\"inLanguage\":\"en-US\",\"potentialAction\":[{\"@type\":\"ReadAction\",\"target\":[\"https:\\\/\\\/stage.nordtec.se\\\/en\\\/product\\\/measuring-instruments\\\/electrical-measuring-instruments\\\/testo-770-3-clamp-ammeter-with-power-measurement-kopia-2\\\/\"]}]},{\"@type\":\"ImageObject\",\"inLanguage\":\"en-US\",\"@id\":\"https:\\\/\\\/stage.nordtec.se\\\/en\\\/product\\\/measuring-instruments\\\/electrical-measuring-instruments\\\/testo-770-3-clamp-ammeter-with-power-measurement-kopia-2\\\/#primaryimage\",\"url\":\"https:\\\/\\\/stage.nordtec.se\\\/wp-content\\\/uploads\\\/2025\\\/09\\\/0590-7703-02_matset.png\",\"contentUrl\":\"https:\\\/\\\/stage.nordtec.se\\\/wp-content\\\/uploads\\\/2025\\\/09\\\/0590-7703-02_matset.png\",\"width\":800,\"height\":800,\"caption\":\"testo 770-3 in measuring set\"},{\"@type\":\"BreadcrumbList\",\"@id\":\"https:\\\/\\\/stage.nordtec.se\\\/en\\\/product\\\/measuring-instruments\\\/electrical-measuring-instruments\\\/testo-770-3-clamp-ammeter-with-power-measurement-kopia-2\\\/#breadcrumb\",\"itemListElement\":[{\"@type\":\"ListItem\",\"position\":1,\"name\":\"Hem\",\"item\":\"https:\\\/\\\/stage.nordtec.se\\\/en\\\/\"},{\"@type\":\"ListItem\",\"position\":2,\"name\":\"Shop\",\"item\":\"https:\\\/\\\/stage.nordtec.se\\\/shop\\\/?lang=en\"},{\"@type\":\"ListItem\",\"position\":3,\"name\":\"testo 770-3 &#8211; clamp ammeter with power measurement (set)\"}]},{\"@type\":\"WebSite\",\"@id\":\"https:\\\/\\\/stage.nordtec.se\\\/en\\\/#website\",\"url\":\"https:\\\/\\\/stage.nordtec.se\\\/en\\\/\",\"name\":\"Nordtec\",\"description\":\"Din partner inom m\u00e4tteknik\",\"publisher\":{\"@id\":\"https:\\\/\\\/stage.nordtec.se\\\/en\\\/#organization\"},\"potentialAction\":[{\"@type\":\"SearchAction\",\"target\":{\"@type\":\"EntryPoint\",\"urlTemplate\":\"https:\\\/\\\/stage.nordtec.se\\\/en\\\/?s={search_term_string}\"},\"query-input\":{\"@type\":\"PropertyValueSpecification\",\"valueRequired\":true,\"valueName\":\"search_term_string\"}}],\"inLanguage\":\"en-US\"},{\"@type\":\"Organization\",\"@id\":\"https:\\\/\\\/stage.nordtec.se\\\/en\\\/#organization\",\"name\":\"Nordtec Instrument AB\",\"url\":\"https:\\\/\\\/stage.nordtec.se\\\/en\\\/\",\"logo\":{\"@type\":\"ImageObject\",\"inLanguage\":\"en-US\",\"@id\":\"https:\\\/\\\/stage.nordtec.se\\\/en\\\/#\\\/schema\\\/logo\\\/image\\\/\",\"url\":\"https:\\\/\\\/stage.nordtec.se\\\/wp-content\\\/uploads\\\/2021\\\/08\\\/nordtec_logo_rgb-340px.png\",\"contentUrl\":\"https:\\\/\\\/stage.nordtec.se\\\/wp-content\\\/uploads\\\/2021\\\/08\\\/nordtec_logo_rgb-340px.png\",\"width\":340,\"height\":75,\"caption\":\"Nordtec Instrument AB\"},\"image\":{\"@id\":\"https:\\\/\\\/stage.nordtec.se\\\/en\\\/#\\\/schema\\\/logo\\\/image\\\/\"},\"sameAs\":[\"https:\\\/\\\/www.facebook.com\\\/nordtecinstrument\",\"https:\\\/\\\/www.instagram.com\\\/nordtec_instrument\\\/\",\"https:\\\/\\\/www.linkedin.com\\\/company\\\/nordtec-instrument-ab\\\/\",\"https:\\\/\\\/www.youtube.com\\\/channel\\\/UCbmAq3ZmfBKOGg7_igFURng\"]}]}<\/script>\n<!-- \/ Yoast SEO Premium plugin. -->","yoast_head_json":{"title":"testo 770-3 - clamp ammeter with power measurement (set) | Nordtec","description":"Order the clamp ammeter testo 770-3 with us! \u1405 Power measurement \u2713 Bluetooth \u2713 testo Smart app \u2713 TRMS \u2713 Auto AC\/DC \u2713 Maximum flexibility \u2713","robots":{"index":"noindex","follow":"follow","max-snippet":"max-snippet:-1","max-image-preview":"max-image-preview:large","max-video-preview":"max-video-preview:-1"},"og_locale":"en_US","og_type":"article","og_title":"testo 770-3 - clamp ammeter with power measurement (set)","og_description":"Order the clamp ammeter testo 770-3 with us! \u1405 Power measurement \u2713 Bluetooth \u2713 testo Smart app \u2713 TRMS \u2713 Auto AC\/DC \u2713 Maximum flexibility \u2713","og_url":"https:\/\/stage.nordtec.se\/en\/product\/measuring-instruments\/electrical-measuring-instruments\/testo-770-3-clamp-ammeter-with-power-measurement-kopia-2\/","og_site_name":"Nordtec","article_publisher":"https:\/\/www.facebook.com\/nordtecinstrument","article_modified_time":"2025-11-26T15:55:56+00:00","og_image":[{"width":800,"height":800,"url":"https:\/\/stage.nordtec.se\/wp-content\/uploads\/2025\/09\/0590-7703-02_matset.png","type":"image\/png"}],"twitter_card":"summary_large_image","twitter_misc":{"Est. reading time":"2 minutes"},"schema":{"@context":"https:\/\/schema.org","@graph":[{"@type":["WebPage","ItemPage"],"@id":"https:\/\/stage.nordtec.se\/en\/product\/measuring-instruments\/electrical-measuring-instruments\/testo-770-3-clamp-ammeter-with-power-measurement-kopia-2\/","url":"https:\/\/stage.nordtec.se\/en\/product\/measuring-instruments\/electrical-measuring-instruments\/testo-770-3-clamp-ammeter-with-power-measurement-kopia-2\/","name":"testo 770-3 - clamp ammeter with power measurement (set) | Nordtec","isPartOf":{"@id":"https:\/\/stage.nordtec.se\/en\/#website"},"primaryImageOfPage":{"@id":"https:\/\/stage.nordtec.se\/en\/product\/measuring-instruments\/electrical-measuring-instruments\/testo-770-3-clamp-ammeter-with-power-measurement-kopia-2\/#primaryimage"},"image":{"@id":"https:\/\/stage.nordtec.se\/en\/product\/measuring-instruments\/electrical-measuring-instruments\/testo-770-3-clamp-ammeter-with-power-measurement-kopia-2\/#primaryimage"},"thumbnailUrl":"https:\/\/stage.nordtec.se\/wp-content\/uploads\/2025\/09\/0590-7703-02_matset.png","datePublished":"2025-09-24T13:29:54+00:00","dateModified":"2025-11-26T15:55:56+00:00","description":"Order the clamp ammeter testo 770-3 with us! \u1405 Power measurement \u2713 Bluetooth \u2713 testo Smart app \u2713 TRMS \u2713 Auto AC\/DC \u2713 Maximum flexibility \u2713","breadcrumb":{"@id":"https:\/\/stage.nordtec.se\/en\/product\/measuring-instruments\/electrical-measuring-instruments\/testo-770-3-clamp-ammeter-with-power-measurement-kopia-2\/#breadcrumb"},"inLanguage":"en-US","potentialAction":[{"@type":"ReadAction","target":["https:\/\/stage.nordtec.se\/en\/product\/measuring-instruments\/electrical-measuring-instruments\/testo-770-3-clamp-ammeter-with-power-measurement-kopia-2\/"]}]},{"@type":"ImageObject","inLanguage":"en-US","@id":"https:\/\/stage.nordtec.se\/en\/product\/measuring-instruments\/electrical-measuring-instruments\/testo-770-3-clamp-ammeter-with-power-measurement-kopia-2\/#primaryimage","url":"https:\/\/stage.nordtec.se\/wp-content\/uploads\/2025\/09\/0590-7703-02_matset.png","contentUrl":"https:\/\/stage.nordtec.se\/wp-content\/uploads\/2025\/09\/0590-7703-02_matset.png","width":800,"height":800,"caption":"testo 770-3 in measuring set"},{"@type":"BreadcrumbList","@id":"https:\/\/stage.nordtec.se\/en\/product\/measuring-instruments\/electrical-measuring-instruments\/testo-770-3-clamp-ammeter-with-power-measurement-kopia-2\/#breadcrumb","itemListElement":[{"@type":"ListItem","position":1,"name":"Hem","item":"https:\/\/stage.nordtec.se\/en\/"},{"@type":"ListItem","position":2,"name":"Shop","item":"https:\/\/stage.nordtec.se\/shop\/?lang=en"},{"@type":"ListItem","position":3,"name":"testo 770-3 &#8211; clamp ammeter with power measurement (set)"}]},{"@type":"WebSite","@id":"https:\/\/stage.nordtec.se\/en\/#website","url":"https:\/\/stage.nordtec.se\/en\/","name":"Nordtec","description":"Din partner inom m\u00e4tteknik","publisher":{"@id":"https:\/\/stage.nordtec.se\/en\/#organization"},"potentialAction":[{"@type":"SearchAction","target":{"@type":"EntryPoint","urlTemplate":"https:\/\/stage.nordtec.se\/en\/?s={search_term_string}"},"query-input":{"@type":"PropertyValueSpecification","valueRequired":true,"valueName":"search_term_string"}}],"inLanguage":"en-US"},{"@type":"Organization","@id":"https:\/\/stage.nordtec.se\/en\/#organization","name":"Nordtec Instrument AB","url":"https:\/\/stage.nordtec.se\/en\/","logo":{"@type":"ImageObject","inLanguage":"en-US","@id":"https:\/\/stage.nordtec.se\/en\/#\/schema\/logo\/image\/","url":"https:\/\/stage.nordtec.se\/wp-content\/uploads\/2021\/08\/nordtec_logo_rgb-340px.png","contentUrl":"https:\/\/stage.nordtec.se\/wp-content\/uploads\/2021\/08\/nordtec_logo_rgb-340px.png","width":340,"height":75,"caption":"Nordtec Instrument AB"},"image":{"@id":"https:\/\/stage.nordtec.se\/en\/#\/schema\/logo\/image\/"},"sameAs":["https:\/\/www.facebook.com\/nordtecinstrument","https:\/\/www.instagram.com\/nordtec_instrument\/","https:\/\/www.linkedin.com\/company\/nordtec-instrument-ab\/","https:\/\/www.youtube.com\/channel\/UCbmAq3ZmfBKOGg7_igFURng"]}]}},"taxonomy_info":{"product_brand":[{"value":1435,"label":"Testo"}],"product_cat":[{"value":801,"label":"Electrical measuring instruments"},{"value":768,"label":"Measuring instruments"},{"value":1426,"label":"testo Smart App"}],"product_tag":[{"value":850,"label":"Bluetooth"},{"value":928,"label":"T\u00e5ngamperemetrar"}]},"featured_image_src_large":["https:\/\/stage.nordtec.se\/wp-content\/uploads\/2025\/09\/0590-7703-02_matset.png",800,800,false],"author_info":[],"comment_info":"","_links":{"self":[{"href":"https:\/\/stage.nordtec.se\/en\/wp-json\/wp\/v2\/product\/54882","targetHints":{"allow":["GET"]}}],"collection":[{"href":"https:\/\/stage.nordtec.se\/en\/wp-json\/wp\/v2\/product"}],"about":[{"href":"https:\/\/stage.nordtec.se\/en\/wp-json\/wp\/v2\/types\/product"}],"version-history":[{"count":6,"href":"https:\/\/stage.nordtec.se\/en\/wp-json\/wp\/v2\/product\/54882\/revisions"}],"predecessor-version":[{"id":56656,"href":"https:\/\/stage.nordtec.se\/en\/wp-json\/wp\/v2\/product\/54882\/revisions\/56656"}],"wp:featuredmedia":[{"embeddable":true,"href":"https:\/\/stage.nordtec.se\/en\/wp-json\/wp\/v2\/media\/54899"}],"wp:attachment":[{"href":"https:\/\/stage.nordtec.se\/en\/wp-json\/wp\/v2\/media?parent=54882"}],"wp:term":[{"taxonomy":"product_brand","embeddable":true,"href":"https:\/\/stage.nordtec.se\/en\/wp-json\/wp\/v2\/product_brand?post=54882"},{"taxonomy":"product_cat","embeddable":true,"href":"https:\/\/stage.nordtec.se\/en\/wp-json\/wp\/v2\/product_cat?post=54882"},{"taxonomy":"product_tag","embeddable":true,"href":"https:\/\/stage.nordtec.se\/en\/wp-json\/wp\/v2\/product_tag?post=54882"}],"curies":[{"name":"wp","href":"https:\/\/api.w.org\/{rel}","templated":true}]}}