{"id":54664,"date":"2025-09-18T16:11:18","date_gmt":"2025-09-18T14:11:18","guid":{"rendered":"https:\/\/stage.nordtec.se\/?post_type=product&#038;p=54664"},"modified":"2026-04-28T12:41:34","modified_gmt":"2026-04-28T10:41:34","slug":"testo-164-dc-mini-door-contact-logger","status":"publish","type":"product","link":"https:\/\/stage.nordtec.se\/en\/product\/measurement-systems\/testo-smart-connect-en\/testo-164-dc-mini-door-contact-logger\/","title":{"rendered":"testo 164 DC &#8211; Mini door contact logger"},"content":{"rendered":"<h2>testo 164 DC &#8211; Mini door contact logger<\/h2>\n<p data-start=\"133\" data-end=\"431\">This data logger records whether a door is open or closed and automatically sends the information to the testo Smart Connect cloud service. testo 164 DC is used together with the testo 164 GW gateway, which is available in two variants: with WiFi connection or Ethernet connection. The door contact logger is ideal for monitoring refrigerators and freezers, server rooms, warehouses and other sensitive areas where door status affects safety and quality.  <\/p>\n<p data-start=\"133\" data-end=\"431\">Since the data logger can be connected to a dedicated gateway with Ethernet, it is possible to use it even in places without WiFi. The logger and gateway are easily connected at the push of a button and communicate wirelessly via radio signal. <\/p>\n<ul>\n<li>Easy installation and discreet design<\/li>\n<li>Real-time monitoring via mobile, tablet or computer<\/li>\n<li>Automatic logging and documentation of door openings and closings<\/li>\n<li>Direct alert of anomalies via push notification or email<\/li>\n<li>Can be combined with other data loggers for a complete cloud-based climate monitoring of your premises<\/li>\n<\/ul>\n<h2>testo Smart Connect &#8211; for easy climate monitoring<\/h2>\n<p>All data from your connected data loggers is automatically transferred to the cloud and can be followed in real time via mobile, tablet or computer. The platform brings all measuring points together in one place and gives you a clear overview of the climate conditions. If you also link your account to <a href=\"https:\/\/stage.nordtec.se\/en\/testo-smart-apps\/\">the testo Smart app<\/a>, you get more smart features such as quick configuration, easy access to measurement data and push notifications for alarms. You can also link WiFi loggers from the testo 160 and 162 series to the same account, creating a flexible and fully integrated monitoring solution.   <\/p>\n<p><strong><a class=\"poppers\">L\u00e4s det h\u00e4r innan du skapar ett konto &gt;&gt;<\/a><\/strong><\/p>\r\n<div id=\"poptext\">\r\n<p>Vid registrering av molnkonto i testo Smart Connect kr\u00e4vs en e-postadress f\u00f6r registrering. Vi rekommenderar att du inte v\u00e4ljer en \"personlig\u201d e-postadress. Det \u00e4r b\u00e4ttre att skapa en \u201dallm\u00e4n adress\u201d som inte \u00e4r kopplad till en specifik person. Ett f\u00f6rslag kan vara \u201dinfo@exempel.com\u201d eller liknande.\u00a0<\/p>\r\n<\/div>\r\n<p><a class=\"button\" href=\"http:\/\/www.smartconnect.testo.com\/\" target=\"_blank\" rel=\"noopener\">Logga in i molntj\u00e4nsten<\/a><\/p>\r\n<p><a href=\"http:\/\/www.smartconnect.testo.com\/\" target=\"_blank\" rel=\"noopener\"><img loading=\"lazy\" decoding=\"async\" class=\"alignleft wp-image-60498\" src=\"https:\/\/stage.nordtec.se\/wp-content\/uploads\/2026\/04\/testo-smart-connect-logo-300x300.png\" alt=\"testo Smart Connect\" width=\"68\" height=\"68\" srcset=\"https:\/\/stage.nordtec.se\/wp-content\/uploads\/2026\/04\/testo-smart-connect-logo-300x300.png 300w, https:\/\/stage.nordtec.se\/wp-content\/uploads\/2026\/04\/testo-smart-connect-logo-150x150.png 150w, https:\/\/stage.nordtec.se\/wp-content\/uploads\/2026\/04\/testo-smart-connect-logo-768x768.png 768w, https:\/\/stage.nordtec.se\/wp-content\/uploads\/2026\/04\/testo-smart-connect-logo-50x50.png 50w, https:\/\/stage.nordtec.se\/wp-content\/uploads\/2026\/04\/testo-smart-connect-logo-324x324.png 324w, https:\/\/stage.nordtec.se\/wp-content\/uploads\/2026\/04\/testo-smart-connect-logo-416x416.png 416w, https:\/\/stage.nordtec.se\/wp-content\/uploads\/2026\/04\/testo-smart-connect-logo-100x100.png 100w, https:\/\/stage.nordtec.se\/wp-content\/uploads\/2026\/04\/testo-smart-connect-logo-64x64.png 64w, https:\/\/stage.nordtec.se\/wp-content\/uploads\/2026\/04\/testo-smart-connect-logo.png 800w\" sizes=\"auto, (max-width: 68px) 100vw, 68px\" \/><\/a><a href=\"https:\/\/stage.nordtec.se\/testo-smart-appen\/\" target=\"_blank\" rel=\"noopener\"><img loading=\"lazy\" decoding=\"async\" class=\"alignnone  wp-image-33549 alignleft\" src=\"https:\/\/stage.nordtec.se\/wp-content\/uploads\/2023\/06\/App-Icon-testo-Smart-round_800px-300x300.png\" alt=\"Logga f\u00f6r testo Smart-appen\" width=\"68\" height=\"68\" srcset=\"https:\/\/stage.nordtec.se\/wp-content\/uploads\/2023\/06\/App-Icon-testo-Smart-round_800px-300x300.png 300w, https:\/\/stage.nordtec.se\/wp-content\/uploads\/2023\/06\/App-Icon-testo-Smart-round_800px-150x150.png 150w, https:\/\/stage.nordtec.se\/wp-content\/uploads\/2023\/06\/App-Icon-testo-Smart-round_800px-768x768.png 768w, https:\/\/stage.nordtec.se\/wp-content\/uploads\/2023\/06\/App-Icon-testo-Smart-round_800px-324x324.png 324w, https:\/\/stage.nordtec.se\/wp-content\/uploads\/2023\/06\/App-Icon-testo-Smart-round_800px-416x416.png 416w, https:\/\/stage.nordtec.se\/wp-content\/uploads\/2023\/06\/App-Icon-testo-Smart-round_800px-100x100.png 100w, https:\/\/stage.nordtec.se\/wp-content\/uploads\/2023\/06\/App-Icon-testo-Smart-round_800px-64x64.png 64w, https:\/\/stage.nordtec.se\/wp-content\/uploads\/2023\/06\/App-Icon-testo-Smart-round_800px.png 800w\" sizes=\"auto, (max-width: 68px) 100vw, 68px\" \/><\/a><\/p>\r\n<p>&nbsp;<\/p>\r\n<p>&nbsp;<\/p>\n<p>&nbsp;<\/p>\n<h2>Included in delivery<\/h2>\n<p>Door contact testo 164 DC, wall bracket, barcode sticker (QR), brief instructions for use.<\/p>\n<p><strong>ATTENTION! To use this data logger, a <a href=\"https:\/\/stage.nordtec.se\/en\/product\/measurement-systems\/testo-smart-connect-en\/testo-164-gw-ethernet-gateway\/\">testo 164 Ethernet gateway<\/a> or <a href=\"https:\/\/stage.nordtec.se\/en\/product\/measurement-systems\/testo-smart-connect-en\/testo-164-gw-wifi-gateway-for-mini-loggers\/\">testo 164 WiFi gateway<\/a> is required.<\/strong><\/p>\n<p>&nbsp;<\/p>\n","protected":false},"excerpt":{"rendered":"<p>Easy monitoring of door status<\/p>\n<ul>\n<li>Door contact that connects to a testo 164 GW gateway (WiFi or Ethernet)<\/li>\n<li>Real-time monitoring via mobile, tablet or computer<\/li>\n<li>Direct alert of anomalies via push notification or email<\/li>\n<\/ul>\n","protected":false},"featured_media":54666,"template":"","meta":{"_kad_blocks_custom_css":"","_kad_blocks_head_custom_js":"","_kad_blocks_body_custom_js":"","_kad_blocks_footer_custom_js":"","footnotes":""},"product_brand":[],"product_cat":[769,783,841,768,1404,1426,1402,843],"product_tag":[914,940],"class_list":{"0":"post-54664","1":"product","2":"type-product","3":"status-publish","4":"has-post-thumbnail","6":"product_cat-data-loggers","7":"product_cat-indoor-climate-working-environment","8":"product_cat-measurement-systems","9":"product_cat-measuring-instruments","10":"product_cat-testo-164-en","11":"product_cat-testo-smart-app","12":"product_cat-testo-smart-connect-en","13":"product_cat-wifi-loggers","14":"product_tag-temperatur-en","15":"product_tag-wifi-en","17":"first","18":"onbackorder","19":"taxable","20":"shipping-taxable","21":"purchasable","22":"product-type-simple"},"yoast_head":"<!-- This site is optimized with the Yoast SEO Premium plugin v27.3 (Yoast SEO v27.5) - https:\/\/yoast.com\/product\/yoast-seo-premium-wordpress\/ -->\n<title>testo 164 DC - Mini door contact logger | Nordtec<\/title>\n<meta name=\"description\" content=\"Cloud-based monitoring of door status via WiFi or LAN \u1405 testo 164 DC \u2713 connects to gateway for connected measurement \u2713 Direct alarm in case of anomalies\" \/>\n<meta name=\"robots\" content=\"noindex, follow, max-snippet:-1, max-image-preview:large, max-video-preview:-1\" \/>\n<meta property=\"og:locale\" content=\"en_US\" \/>\n<meta property=\"og:type\" content=\"article\" \/>\n<meta property=\"og:title\" content=\"testo 164 DC - Mini door contact logger\" \/>\n<meta property=\"og:description\" content=\"Cloud-based monitoring of door status via WiFi or LAN \u1405 testo 164 DC \u2713 connects to gateway for connected measurement \u2713 Direct alarm in case of anomalies\" \/>\n<meta property=\"og:url\" content=\"https:\/\/stage.nordtec.se\/en\/product\/measurement-systems\/testo-smart-connect-en\/testo-164-dc-mini-door-contact-logger\/\" \/>\n<meta property=\"og:site_name\" content=\"Nordtec\" \/>\n<meta property=\"article:publisher\" content=\"https:\/\/www.facebook.com\/nordtecinstrument\" \/>\n<meta property=\"article:modified_time\" content=\"2026-04-28T10:41:34+00:00\" \/>\n<meta property=\"og:image\" content=\"https:\/\/stage.nordtec.se\/wp-content\/uploads\/2025\/09\/testo-164-dc-door-contact-solo-front_800px.png\" \/>\n\t<meta property=\"og:image:width\" content=\"800\" \/>\n\t<meta property=\"og:image:height\" content=\"800\" \/>\n\t<meta property=\"og:image:type\" content=\"image\/png\" \/>\n<meta name=\"twitter:card\" content=\"summary_large_image\" \/>\n<meta name=\"twitter:label1\" content=\"Est. reading time\" \/>\n\t<meta name=\"twitter:data1\" content=\"2 minutes\" \/>\n<script type=\"application\/ld+json\" class=\"yoast-schema-graph\">{\"@context\":\"https:\\\/\\\/schema.org\",\"@graph\":[{\"@type\":[\"WebPage\",\"ItemPage\"],\"@id\":\"https:\\\/\\\/stage.nordtec.se\\\/en\\\/product\\\/measurement-systems\\\/testo-smart-connect-en\\\/testo-164-dc-mini-door-contact-logger\\\/\",\"url\":\"https:\\\/\\\/stage.nordtec.se\\\/en\\\/product\\\/measurement-systems\\\/testo-smart-connect-en\\\/testo-164-dc-mini-door-contact-logger\\\/\",\"name\":\"testo 164 DC - Mini door contact logger | Nordtec\",\"isPartOf\":{\"@id\":\"https:\\\/\\\/stage.nordtec.se\\\/en\\\/#website\"},\"primaryImageOfPage\":{\"@id\":\"https:\\\/\\\/stage.nordtec.se\\\/en\\\/product\\\/measurement-systems\\\/testo-smart-connect-en\\\/testo-164-dc-mini-door-contact-logger\\\/#primaryimage\"},\"image\":{\"@id\":\"https:\\\/\\\/stage.nordtec.se\\\/en\\\/product\\\/measurement-systems\\\/testo-smart-connect-en\\\/testo-164-dc-mini-door-contact-logger\\\/#primaryimage\"},\"thumbnailUrl\":\"https:\\\/\\\/stage.nordtec.se\\\/wp-content\\\/uploads\\\/2025\\\/09\\\/testo-164-dc-door-contact-solo-front_800px.png\",\"datePublished\":\"2025-09-18T14:11:18+00:00\",\"dateModified\":\"2026-04-28T10:41:34+00:00\",\"description\":\"Cloud-based monitoring of door status via WiFi or LAN \u1405 testo 164 DC \u2713 connects to gateway for connected measurement \u2713 Direct alarm in case of anomalies\",\"breadcrumb\":{\"@id\":\"https:\\\/\\\/stage.nordtec.se\\\/en\\\/product\\\/measurement-systems\\\/testo-smart-connect-en\\\/testo-164-dc-mini-door-contact-logger\\\/#breadcrumb\"},\"inLanguage\":\"en-US\",\"potentialAction\":[{\"@type\":\"ReadAction\",\"target\":[\"https:\\\/\\\/stage.nordtec.se\\\/en\\\/product\\\/measurement-systems\\\/testo-smart-connect-en\\\/testo-164-dc-mini-door-contact-logger\\\/\"]}]},{\"@type\":\"ImageObject\",\"inLanguage\":\"en-US\",\"@id\":\"https:\\\/\\\/stage.nordtec.se\\\/en\\\/product\\\/measurement-systems\\\/testo-smart-connect-en\\\/testo-164-dc-mini-door-contact-logger\\\/#primaryimage\",\"url\":\"https:\\\/\\\/stage.nordtec.se\\\/wp-content\\\/uploads\\\/2025\\\/09\\\/testo-164-dc-door-contact-solo-front_800px.png\",\"contentUrl\":\"https:\\\/\\\/stage.nordtec.se\\\/wp-content\\\/uploads\\\/2025\\\/09\\\/testo-164-dc-door-contact-solo-front_800px.png\",\"width\":800,\"height\":800,\"caption\":\"testo 164 DC door contact from the front\"},{\"@type\":\"BreadcrumbList\",\"@id\":\"https:\\\/\\\/stage.nordtec.se\\\/en\\\/product\\\/measurement-systems\\\/testo-smart-connect-en\\\/testo-164-dc-mini-door-contact-logger\\\/#breadcrumb\",\"itemListElement\":[{\"@type\":\"ListItem\",\"position\":1,\"name\":\"Hem\",\"item\":\"https:\\\/\\\/stage.nordtec.se\\\/en\\\/\"},{\"@type\":\"ListItem\",\"position\":2,\"name\":\"Shop\",\"item\":\"https:\\\/\\\/stage.nordtec.se\\\/shop\\\/?lang=en\"},{\"@type\":\"ListItem\",\"position\":3,\"name\":\"testo 164 DC &#8211; Mini door contact logger\"}]},{\"@type\":\"WebSite\",\"@id\":\"https:\\\/\\\/stage.nordtec.se\\\/en\\\/#website\",\"url\":\"https:\\\/\\\/stage.nordtec.se\\\/en\\\/\",\"name\":\"Nordtec\",\"description\":\"Din partner inom m\u00e4tteknik\",\"publisher\":{\"@id\":\"https:\\\/\\\/stage.nordtec.se\\\/en\\\/#organization\"},\"potentialAction\":[{\"@type\":\"SearchAction\",\"target\":{\"@type\":\"EntryPoint\",\"urlTemplate\":\"https:\\\/\\\/stage.nordtec.se\\\/en\\\/?s={search_term_string}\"},\"query-input\":{\"@type\":\"PropertyValueSpecification\",\"valueRequired\":true,\"valueName\":\"search_term_string\"}}],\"inLanguage\":\"en-US\"},{\"@type\":\"Organization\",\"@id\":\"https:\\\/\\\/stage.nordtec.se\\\/en\\\/#organization\",\"name\":\"Nordtec Instrument AB\",\"url\":\"https:\\\/\\\/stage.nordtec.se\\\/en\\\/\",\"logo\":{\"@type\":\"ImageObject\",\"inLanguage\":\"en-US\",\"@id\":\"https:\\\/\\\/stage.nordtec.se\\\/en\\\/#\\\/schema\\\/logo\\\/image\\\/\",\"url\":\"https:\\\/\\\/stage.nordtec.se\\\/wp-content\\\/uploads\\\/2021\\\/08\\\/nordtec_logo_rgb-340px.png\",\"contentUrl\":\"https:\\\/\\\/stage.nordtec.se\\\/wp-content\\\/uploads\\\/2021\\\/08\\\/nordtec_logo_rgb-340px.png\",\"width\":340,\"height\":75,\"caption\":\"Nordtec Instrument AB\"},\"image\":{\"@id\":\"https:\\\/\\\/stage.nordtec.se\\\/en\\\/#\\\/schema\\\/logo\\\/image\\\/\"},\"sameAs\":[\"https:\\\/\\\/www.facebook.com\\\/nordtecinstrument\",\"https:\\\/\\\/www.instagram.com\\\/nordtec_instrument\\\/\",\"https:\\\/\\\/www.linkedin.com\\\/company\\\/nordtec-instrument-ab\\\/\",\"https:\\\/\\\/www.youtube.com\\\/channel\\\/UCbmAq3ZmfBKOGg7_igFURng\"]}]}<\/script>\n<!-- \/ Yoast SEO Premium plugin. -->","yoast_head_json":{"title":"testo 164 DC - Mini door contact logger | Nordtec","description":"Cloud-based monitoring of door status via WiFi or LAN \u1405 testo 164 DC \u2713 connects to gateway for connected measurement \u2713 Direct alarm in case of anomalies","robots":{"index":"noindex","follow":"follow","max-snippet":"max-snippet:-1","max-image-preview":"max-image-preview:large","max-video-preview":"max-video-preview:-1"},"og_locale":"en_US","og_type":"article","og_title":"testo 164 DC - Mini door contact logger","og_description":"Cloud-based monitoring of door status via WiFi or LAN \u1405 testo 164 DC \u2713 connects to gateway for connected measurement \u2713 Direct alarm in case of anomalies","og_url":"https:\/\/stage.nordtec.se\/en\/product\/measurement-systems\/testo-smart-connect-en\/testo-164-dc-mini-door-contact-logger\/","og_site_name":"Nordtec","article_publisher":"https:\/\/www.facebook.com\/nordtecinstrument","article_modified_time":"2026-04-28T10:41:34+00:00","og_image":[{"width":800,"height":800,"url":"https:\/\/stage.nordtec.se\/wp-content\/uploads\/2025\/09\/testo-164-dc-door-contact-solo-front_800px.png","type":"image\/png"}],"twitter_card":"summary_large_image","twitter_misc":{"Est. reading time":"2 minutes"},"schema":{"@context":"https:\/\/schema.org","@graph":[{"@type":["WebPage","ItemPage"],"@id":"https:\/\/stage.nordtec.se\/en\/product\/measurement-systems\/testo-smart-connect-en\/testo-164-dc-mini-door-contact-logger\/","url":"https:\/\/stage.nordtec.se\/en\/product\/measurement-systems\/testo-smart-connect-en\/testo-164-dc-mini-door-contact-logger\/","name":"testo 164 DC - Mini door contact logger | Nordtec","isPartOf":{"@id":"https:\/\/stage.nordtec.se\/en\/#website"},"primaryImageOfPage":{"@id":"https:\/\/stage.nordtec.se\/en\/product\/measurement-systems\/testo-smart-connect-en\/testo-164-dc-mini-door-contact-logger\/#primaryimage"},"image":{"@id":"https:\/\/stage.nordtec.se\/en\/product\/measurement-systems\/testo-smart-connect-en\/testo-164-dc-mini-door-contact-logger\/#primaryimage"},"thumbnailUrl":"https:\/\/stage.nordtec.se\/wp-content\/uploads\/2025\/09\/testo-164-dc-door-contact-solo-front_800px.png","datePublished":"2025-09-18T14:11:18+00:00","dateModified":"2026-04-28T10:41:34+00:00","description":"Cloud-based monitoring of door status via WiFi or LAN \u1405 testo 164 DC \u2713 connects to gateway for connected measurement \u2713 Direct alarm in case of anomalies","breadcrumb":{"@id":"https:\/\/stage.nordtec.se\/en\/product\/measurement-systems\/testo-smart-connect-en\/testo-164-dc-mini-door-contact-logger\/#breadcrumb"},"inLanguage":"en-US","potentialAction":[{"@type":"ReadAction","target":["https:\/\/stage.nordtec.se\/en\/product\/measurement-systems\/testo-smart-connect-en\/testo-164-dc-mini-door-contact-logger\/"]}]},{"@type":"ImageObject","inLanguage":"en-US","@id":"https:\/\/stage.nordtec.se\/en\/product\/measurement-systems\/testo-smart-connect-en\/testo-164-dc-mini-door-contact-logger\/#primaryimage","url":"https:\/\/stage.nordtec.se\/wp-content\/uploads\/2025\/09\/testo-164-dc-door-contact-solo-front_800px.png","contentUrl":"https:\/\/stage.nordtec.se\/wp-content\/uploads\/2025\/09\/testo-164-dc-door-contact-solo-front_800px.png","width":800,"height":800,"caption":"testo 164 DC door contact from the front"},{"@type":"BreadcrumbList","@id":"https:\/\/stage.nordtec.se\/en\/product\/measurement-systems\/testo-smart-connect-en\/testo-164-dc-mini-door-contact-logger\/#breadcrumb","itemListElement":[{"@type":"ListItem","position":1,"name":"Hem","item":"https:\/\/stage.nordtec.se\/en\/"},{"@type":"ListItem","position":2,"name":"Shop","item":"https:\/\/stage.nordtec.se\/shop\/?lang=en"},{"@type":"ListItem","position":3,"name":"testo 164 DC &#8211; Mini door contact logger"}]},{"@type":"WebSite","@id":"https:\/\/stage.nordtec.se\/en\/#website","url":"https:\/\/stage.nordtec.se\/en\/","name":"Nordtec","description":"Din partner inom m\u00e4tteknik","publisher":{"@id":"https:\/\/stage.nordtec.se\/en\/#organization"},"potentialAction":[{"@type":"SearchAction","target":{"@type":"EntryPoint","urlTemplate":"https:\/\/stage.nordtec.se\/en\/?s={search_term_string}"},"query-input":{"@type":"PropertyValueSpecification","valueRequired":true,"valueName":"search_term_string"}}],"inLanguage":"en-US"},{"@type":"Organization","@id":"https:\/\/stage.nordtec.se\/en\/#organization","name":"Nordtec Instrument AB","url":"https:\/\/stage.nordtec.se\/en\/","logo":{"@type":"ImageObject","inLanguage":"en-US","@id":"https:\/\/stage.nordtec.se\/en\/#\/schema\/logo\/image\/","url":"https:\/\/stage.nordtec.se\/wp-content\/uploads\/2021\/08\/nordtec_logo_rgb-340px.png","contentUrl":"https:\/\/stage.nordtec.se\/wp-content\/uploads\/2021\/08\/nordtec_logo_rgb-340px.png","width":340,"height":75,"caption":"Nordtec Instrument AB"},"image":{"@id":"https:\/\/stage.nordtec.se\/en\/#\/schema\/logo\/image\/"},"sameAs":["https:\/\/www.facebook.com\/nordtecinstrument","https:\/\/www.instagram.com\/nordtec_instrument\/","https:\/\/www.linkedin.com\/company\/nordtec-instrument-ab\/","https:\/\/www.youtube.com\/channel\/UCbmAq3ZmfBKOGg7_igFURng"]}]}},"taxonomy_info":{"product_cat":[{"value":769,"label":"Data loggers"},{"value":783,"label":"Indoor climate &amp; working environment"},{"value":841,"label":"Measurement systems"},{"value":768,"label":"Measuring instruments"},{"value":1404,"label":"testo 164"},{"value":1426,"label":"testo Smart App"},{"value":1402,"label":"testo Smart Connect"},{"value":843,"label":"Wifi loggers"}],"product_tag":[{"value":914,"label":"Temperatur"},{"value":940,"label":"Wifi"}]},"featured_image_src_large":["https:\/\/stage.nordtec.se\/wp-content\/uploads\/2025\/09\/testo-164-dc-door-contact-solo-front_800px.png",800,800,false],"author_info":[],"comment_info":"","_links":{"self":[{"href":"https:\/\/stage.nordtec.se\/en\/wp-json\/wp\/v2\/product\/54664","targetHints":{"allow":["GET"]}}],"collection":[{"href":"https:\/\/stage.nordtec.se\/en\/wp-json\/wp\/v2\/product"}],"about":[{"href":"https:\/\/stage.nordtec.se\/en\/wp-json\/wp\/v2\/types\/product"}],"version-history":[{"count":9,"href":"https:\/\/stage.nordtec.se\/en\/wp-json\/wp\/v2\/product\/54664\/revisions"}],"predecessor-version":[{"id":60694,"href":"https:\/\/stage.nordtec.se\/en\/wp-json\/wp\/v2\/product\/54664\/revisions\/60694"}],"wp:featuredmedia":[{"embeddable":true,"href":"https:\/\/stage.nordtec.se\/en\/wp-json\/wp\/v2\/media\/54666"}],"wp:attachment":[{"href":"https:\/\/stage.nordtec.se\/en\/wp-json\/wp\/v2\/media?parent=54664"}],"wp:term":[{"taxonomy":"product_brand","embeddable":true,"href":"https:\/\/stage.nordtec.se\/en\/wp-json\/wp\/v2\/product_brand?post=54664"},{"taxonomy":"product_cat","embeddable":true,"href":"https:\/\/stage.nordtec.se\/en\/wp-json\/wp\/v2\/product_cat?post=54664"},{"taxonomy":"product_tag","embeddable":true,"href":"https:\/\/stage.nordtec.se\/en\/wp-json\/wp\/v2\/product_tag?post=54664"}],"curies":[{"name":"wp","href":"https:\/\/api.w.org\/{rel}","templated":true}]}}