{"id":54645,"date":"2025-09-18T14:56:10","date_gmt":"2025-09-18T12:56:10","guid":{"rendered":"https:\/\/stage.nordtec.se\/?post_type=product&#038;p=54645"},"modified":"2026-04-21T14:39:34","modified_gmt":"2026-04-21T12:39:34","slug":"testo-164-gw-ethernet-gateway","status":"publish","type":"product","link":"https:\/\/stage.nordtec.se\/en\/product\/measurement-systems\/testo-smart-connect-en\/testo-164-gw-ethernet-gateway\/","title":{"rendered":"testo 164 GW &#8211; Gateway with Ethernet connection for mini loggers"},"content":{"rendered":"<h2>testo 164 GW &#8211; Gateway with Ethernet connection for mini loggers<\/h2>\n<p data-start=\"133\" data-end=\"431\">testo 164 GW is a gateway specially designed for the mini loggers of the testo 164 series. It connects to the network via Ethernet\/LAN and communicates with the loggers wirelessly via radio signal. Through direct connection to the network, the gateway also works in environments without WiFi, while enabling online transfer of measurement data to the cloud service.  <\/p>\n<p>The compact testo 164 data loggers together with the dedicated gateway with Ethernet provide a convenient and discreet solution for indoor climate monitoring. By using the gateway, the data loggers do not need their own WiFi connection, making them smaller, more energy-efficient and easier to place even in confined spaces or where they should not attract attention. At the same time, all measurement values can be sent automatically to the testo Smart Connect cloud service. This gives you access to real-time data, alarm management and analytics in one place, giving you full control over temperature and humidity in your premises.   <\/p>\n<h3 data-start=\"69\" data-end=\"417\">testo Smart Connect &#8211; simple and smart climate monitoring<\/h3>\n<p data-start=\"69\" data-end=\"417\">With testo Smart Connect, monitoring climate conditions is both easy and reliable. Create an account, connect your data loggers and set alarm limits &#8211; then the system takes care of the rest automatically. When limits are exceeded, you are alerted via push notifications from the testo Smart app or via email.  <\/p>\n<p data-start=\"419\" data-end=\"962\">All measurement data from all connected data loggers is continuously sent to the cloud and can be followed in real time via mobile, tablet or computer. The platform provides a clear overview of all measurement points in one place. By linking the service to <a href=\"https:\/\/stage.nordtec.se\/en\/testo-smart-apps\/\">the testo Smart app<\/a>, you also get extra features, such as quick configuration, easy access to data and push notifications in case of alarms. You can also connect WiFi loggers from the testo 160 and 162 series to the same account in the cloud, providing even greater flexibility and integrated monitoring.   <\/p>\n<p data-start=\"419\" data-end=\"962\"><p><strong><a class=\"poppers\">L\u00e4s det h\u00e4r innan du skapar ett konto &gt;&gt;<\/a><\/strong><\/p>\r\n<div id=\"poptext\">\r\n<p>Vid registrering av molnkonto i testo Smart Connect kr\u00e4vs en e-postadress f\u00f6r registrering. Vi rekommenderar att du inte v\u00e4ljer en \"personlig\u201d e-postadress. Det \u00e4r b\u00e4ttre att skapa en \u201dallm\u00e4n adress\u201d som inte \u00e4r kopplad till en specifik person. Ett f\u00f6rslag kan vara \u201dinfo@exempel.com\u201d eller liknande.\u00a0<\/p>\r\n<\/div>\r\n<p><a class=\"button\" href=\"http:\/\/www.smartconnect.testo.com\/\" target=\"_blank\" rel=\"noopener\">Logga in i molntj\u00e4nsten<\/a><\/p>\r\n<p><a href=\"http:\/\/www.smartconnect.testo.com\/\" target=\"_blank\" rel=\"noopener\"><img loading=\"lazy\" decoding=\"async\" class=\"alignleft wp-image-60498\" src=\"https:\/\/stage.nordtec.se\/wp-content\/uploads\/2026\/04\/testo-smart-connect-logo-300x300.png\" alt=\"testo Smart Connect\" width=\"68\" height=\"68\" srcset=\"https:\/\/stage.nordtec.se\/wp-content\/uploads\/2026\/04\/testo-smart-connect-logo-300x300.png 300w, https:\/\/stage.nordtec.se\/wp-content\/uploads\/2026\/04\/testo-smart-connect-logo-150x150.png 150w, https:\/\/stage.nordtec.se\/wp-content\/uploads\/2026\/04\/testo-smart-connect-logo-768x768.png 768w, https:\/\/stage.nordtec.se\/wp-content\/uploads\/2026\/04\/testo-smart-connect-logo-50x50.png 50w, https:\/\/stage.nordtec.se\/wp-content\/uploads\/2026\/04\/testo-smart-connect-logo-324x324.png 324w, https:\/\/stage.nordtec.se\/wp-content\/uploads\/2026\/04\/testo-smart-connect-logo-416x416.png 416w, https:\/\/stage.nordtec.se\/wp-content\/uploads\/2026\/04\/testo-smart-connect-logo-100x100.png 100w, https:\/\/stage.nordtec.se\/wp-content\/uploads\/2026\/04\/testo-smart-connect-logo-64x64.png 64w, https:\/\/stage.nordtec.se\/wp-content\/uploads\/2026\/04\/testo-smart-connect-logo.png 800w\" sizes=\"auto, (max-width: 68px) 100vw, 68px\" \/><\/a><a href=\"https:\/\/stage.nordtec.se\/testo-smart-appen\/\" target=\"_blank\" rel=\"noopener\"><img loading=\"lazy\" decoding=\"async\" class=\"alignnone  wp-image-33549 alignleft\" src=\"https:\/\/stage.nordtec.se\/wp-content\/uploads\/2023\/06\/App-Icon-testo-Smart-round_800px-300x300.png\" alt=\"Logga f\u00f6r testo Smart-appen\" width=\"68\" height=\"68\" srcset=\"https:\/\/stage.nordtec.se\/wp-content\/uploads\/2023\/06\/App-Icon-testo-Smart-round_800px-300x300.png 300w, https:\/\/stage.nordtec.se\/wp-content\/uploads\/2023\/06\/App-Icon-testo-Smart-round_800px-150x150.png 150w, https:\/\/stage.nordtec.se\/wp-content\/uploads\/2023\/06\/App-Icon-testo-Smart-round_800px-768x768.png 768w, https:\/\/stage.nordtec.se\/wp-content\/uploads\/2023\/06\/App-Icon-testo-Smart-round_800px-324x324.png 324w, https:\/\/stage.nordtec.se\/wp-content\/uploads\/2023\/06\/App-Icon-testo-Smart-round_800px-416x416.png 416w, https:\/\/stage.nordtec.se\/wp-content\/uploads\/2023\/06\/App-Icon-testo-Smart-round_800px-100x100.png 100w, https:\/\/stage.nordtec.se\/wp-content\/uploads\/2023\/06\/App-Icon-testo-Smart-round_800px-64x64.png 64w, https:\/\/stage.nordtec.se\/wp-content\/uploads\/2023\/06\/App-Icon-testo-Smart-round_800px.png 800w\" sizes=\"auto, (max-width: 68px) 100vw, 68px\" \/><\/a><\/p>\r\n<p>&nbsp;<\/p>\r\n<p>&nbsp;<\/p>\n<h2>Included in delivery<\/h2>\n<p>testo 164 GW Ethernet gateway, wall bracket, power supply unit with cable and brief user manual.<\/p>\n<p>&nbsp;<\/p>\n","protected":false},"excerpt":{"rendered":"<p>Ethernet gateway for cloud-based temperature and humidity monitoring<\/p>\n<ul>\n<li>Dedicated gateway for testo 164 data loggers<\/li>\n<li>Enables secure and continuous data logging in the cloud service<\/li>\n<li>Good in environments where WiFi is not available<\/li>\n<\/ul>\n<ul>\n<li style=\"list-style-type: none;\">\n<\/li>\n<\/ul>\n","protected":false},"featured_media":54648,"template":"","meta":{"_kad_blocks_custom_css":"","_kad_blocks_head_custom_js":"","_kad_blocks_body_custom_js":"","_kad_blocks_footer_custom_js":"","footnotes":""},"product_brand":[],"product_cat":[769,783,841,768,1404,1426,1402,843],"product_tag":[914,940],"class_list":{"0":"post-54645","1":"product","2":"type-product","3":"status-publish","4":"has-post-thumbnail","6":"product_cat-data-loggers","7":"product_cat-indoor-climate-working-environment","8":"product_cat-measurement-systems","9":"product_cat-measuring-instruments","10":"product_cat-testo-164-en","11":"product_cat-testo-smart-app","12":"product_cat-testo-smart-connect-en","13":"product_cat-wifi-loggers","14":"product_tag-temperatur-en","15":"product_tag-wifi-en","17":"first","18":"instock","19":"taxable","20":"shipping-taxable","21":"purchasable","22":"product-type-simple"},"yoast_head":"<!-- This site is optimized with the Yoast SEO Premium plugin v27.3 (Yoast SEO v27.5) - https:\/\/yoast.com\/product\/yoast-seo-premium-wordpress\/ -->\n<title>testo 164 GW - Gateway with Ethernet connection for mini loggers | Nordtec<\/title>\n<meta name=\"description\" content=\"Cloud-based and automatic temperature monitoring via LAN \u1405 testo 164 GW \u2713 gateway for mini data loggers \u2713 Stable and fast connection\" \/>\n<meta name=\"robots\" content=\"noindex, follow, max-snippet:-1, max-image-preview:large, max-video-preview:-1\" \/>\n<meta property=\"og:locale\" content=\"en_US\" \/>\n<meta property=\"og:type\" content=\"article\" \/>\n<meta property=\"og:title\" content=\"testo 164 GW - Gateway with Ethernet connection for mini loggers\" \/>\n<meta property=\"og:description\" content=\"Cloud-based and automatic temperature monitoring via LAN \u1405 testo 164 GW \u2713 gateway for mini data loggers \u2713 Stable and fast connection\" \/>\n<meta property=\"og:url\" content=\"https:\/\/stage.nordtec.se\/en\/product\/measurement-systems\/testo-smart-connect-en\/testo-164-gw-ethernet-gateway\/\" \/>\n<meta property=\"og:site_name\" content=\"Nordtec\" \/>\n<meta property=\"article:publisher\" content=\"https:\/\/www.facebook.com\/nordtecinstrument\" \/>\n<meta property=\"article:modified_time\" content=\"2026-04-21T12:39:34+00:00\" \/>\n<meta property=\"og:image\" content=\"https:\/\/stage.nordtec.se\/wp-content\/uploads\/2025\/09\/testo-164-gw-gateway-ethernet-antenna-front_800px.png\" \/>\n\t<meta property=\"og:image:width\" content=\"800\" \/>\n\t<meta property=\"og:image:height\" content=\"800\" \/>\n\t<meta property=\"og:image:type\" content=\"image\/png\" \/>\n<meta name=\"twitter:card\" content=\"summary_large_image\" \/>\n<meta name=\"twitter:label1\" content=\"Est. reading time\" \/>\n\t<meta name=\"twitter:data1\" content=\"3 minutes\" \/>\n<script type=\"application\/ld+json\" class=\"yoast-schema-graph\">{\"@context\":\"https:\\\/\\\/schema.org\",\"@graph\":[{\"@type\":[\"WebPage\",\"ItemPage\"],\"@id\":\"https:\\\/\\\/stage.nordtec.se\\\/en\\\/product\\\/measurement-systems\\\/testo-smart-connect-en\\\/testo-164-gw-ethernet-gateway\\\/\",\"url\":\"https:\\\/\\\/stage.nordtec.se\\\/en\\\/product\\\/measurement-systems\\\/testo-smart-connect-en\\\/testo-164-gw-ethernet-gateway\\\/\",\"name\":\"testo 164 GW - Gateway with Ethernet connection for mini loggers | Nordtec\",\"isPartOf\":{\"@id\":\"https:\\\/\\\/stage.nordtec.se\\\/en\\\/#website\"},\"primaryImageOfPage\":{\"@id\":\"https:\\\/\\\/stage.nordtec.se\\\/en\\\/product\\\/measurement-systems\\\/testo-smart-connect-en\\\/testo-164-gw-ethernet-gateway\\\/#primaryimage\"},\"image\":{\"@id\":\"https:\\\/\\\/stage.nordtec.se\\\/en\\\/product\\\/measurement-systems\\\/testo-smart-connect-en\\\/testo-164-gw-ethernet-gateway\\\/#primaryimage\"},\"thumbnailUrl\":\"https:\\\/\\\/stage.nordtec.se\\\/wp-content\\\/uploads\\\/2025\\\/09\\\/testo-164-gw-gateway-ethernet-antenna-front_800px.png\",\"datePublished\":\"2025-09-18T12:56:10+00:00\",\"dateModified\":\"2026-04-21T12:39:34+00:00\",\"description\":\"Cloud-based and automatic temperature monitoring via LAN \u1405 testo 164 GW \u2713 gateway for mini data loggers \u2713 Stable and fast connection\",\"breadcrumb\":{\"@id\":\"https:\\\/\\\/stage.nordtec.se\\\/en\\\/product\\\/measurement-systems\\\/testo-smart-connect-en\\\/testo-164-gw-ethernet-gateway\\\/#breadcrumb\"},\"inLanguage\":\"en-US\",\"potentialAction\":[{\"@type\":\"ReadAction\",\"target\":[\"https:\\\/\\\/stage.nordtec.se\\\/en\\\/product\\\/measurement-systems\\\/testo-smart-connect-en\\\/testo-164-gw-ethernet-gateway\\\/\"]}]},{\"@type\":\"ImageObject\",\"inLanguage\":\"en-US\",\"@id\":\"https:\\\/\\\/stage.nordtec.se\\\/en\\\/product\\\/measurement-systems\\\/testo-smart-connect-en\\\/testo-164-gw-ethernet-gateway\\\/#primaryimage\",\"url\":\"https:\\\/\\\/stage.nordtec.se\\\/wp-content\\\/uploads\\\/2025\\\/09\\\/testo-164-gw-gateway-ethernet-antenna-front_800px.png\",\"contentUrl\":\"https:\\\/\\\/stage.nordtec.se\\\/wp-content\\\/uploads\\\/2025\\\/09\\\/testo-164-gw-gateway-ethernet-antenna-front_800px.png\",\"width\":800,\"height\":800,\"caption\":\"testo 164 GW ethernet gateway for mini loggers\"},{\"@type\":\"BreadcrumbList\",\"@id\":\"https:\\\/\\\/stage.nordtec.se\\\/en\\\/product\\\/measurement-systems\\\/testo-smart-connect-en\\\/testo-164-gw-ethernet-gateway\\\/#breadcrumb\",\"itemListElement\":[{\"@type\":\"ListItem\",\"position\":1,\"name\":\"Hem\",\"item\":\"https:\\\/\\\/stage.nordtec.se\\\/en\\\/\"},{\"@type\":\"ListItem\",\"position\":2,\"name\":\"Shop\",\"item\":\"https:\\\/\\\/stage.nordtec.se\\\/shop\\\/?lang=en\"},{\"@type\":\"ListItem\",\"position\":3,\"name\":\"testo 164 GW &#8211; Gateway with Ethernet connection for mini loggers\"}]},{\"@type\":\"WebSite\",\"@id\":\"https:\\\/\\\/stage.nordtec.se\\\/en\\\/#website\",\"url\":\"https:\\\/\\\/stage.nordtec.se\\\/en\\\/\",\"name\":\"Nordtec\",\"description\":\"Din partner inom m\u00e4tteknik\",\"publisher\":{\"@id\":\"https:\\\/\\\/stage.nordtec.se\\\/en\\\/#organization\"},\"potentialAction\":[{\"@type\":\"SearchAction\",\"target\":{\"@type\":\"EntryPoint\",\"urlTemplate\":\"https:\\\/\\\/stage.nordtec.se\\\/en\\\/?s={search_term_string}\"},\"query-input\":{\"@type\":\"PropertyValueSpecification\",\"valueRequired\":true,\"valueName\":\"search_term_string\"}}],\"inLanguage\":\"en-US\"},{\"@type\":\"Organization\",\"@id\":\"https:\\\/\\\/stage.nordtec.se\\\/en\\\/#organization\",\"name\":\"Nordtec Instrument AB\",\"url\":\"https:\\\/\\\/stage.nordtec.se\\\/en\\\/\",\"logo\":{\"@type\":\"ImageObject\",\"inLanguage\":\"en-US\",\"@id\":\"https:\\\/\\\/stage.nordtec.se\\\/en\\\/#\\\/schema\\\/logo\\\/image\\\/\",\"url\":\"https:\\\/\\\/stage.nordtec.se\\\/wp-content\\\/uploads\\\/2021\\\/08\\\/nordtec_logo_rgb-340px.png\",\"contentUrl\":\"https:\\\/\\\/stage.nordtec.se\\\/wp-content\\\/uploads\\\/2021\\\/08\\\/nordtec_logo_rgb-340px.png\",\"width\":340,\"height\":75,\"caption\":\"Nordtec Instrument AB\"},\"image\":{\"@id\":\"https:\\\/\\\/stage.nordtec.se\\\/en\\\/#\\\/schema\\\/logo\\\/image\\\/\"},\"sameAs\":[\"https:\\\/\\\/www.facebook.com\\\/nordtecinstrument\",\"https:\\\/\\\/www.instagram.com\\\/nordtec_instrument\\\/\",\"https:\\\/\\\/www.linkedin.com\\\/company\\\/nordtec-instrument-ab\\\/\",\"https:\\\/\\\/www.youtube.com\\\/channel\\\/UCbmAq3ZmfBKOGg7_igFURng\"]}]}<\/script>\n<!-- \/ Yoast SEO Premium plugin. -->","yoast_head_json":{"title":"testo 164 GW - Gateway with Ethernet connection for mini loggers | Nordtec","description":"Cloud-based and automatic temperature monitoring via LAN \u1405 testo 164 GW \u2713 gateway for mini data loggers \u2713 Stable and fast connection","robots":{"index":"noindex","follow":"follow","max-snippet":"max-snippet:-1","max-image-preview":"max-image-preview:large","max-video-preview":"max-video-preview:-1"},"og_locale":"en_US","og_type":"article","og_title":"testo 164 GW - Gateway with Ethernet connection for mini loggers","og_description":"Cloud-based and automatic temperature monitoring via LAN \u1405 testo 164 GW \u2713 gateway for mini data loggers \u2713 Stable and fast connection","og_url":"https:\/\/stage.nordtec.se\/en\/product\/measurement-systems\/testo-smart-connect-en\/testo-164-gw-ethernet-gateway\/","og_site_name":"Nordtec","article_publisher":"https:\/\/www.facebook.com\/nordtecinstrument","article_modified_time":"2026-04-21T12:39:34+00:00","og_image":[{"width":800,"height":800,"url":"https:\/\/stage.nordtec.se\/wp-content\/uploads\/2025\/09\/testo-164-gw-gateway-ethernet-antenna-front_800px.png","type":"image\/png"}],"twitter_card":"summary_large_image","twitter_misc":{"Est. reading time":"3 minutes"},"schema":{"@context":"https:\/\/schema.org","@graph":[{"@type":["WebPage","ItemPage"],"@id":"https:\/\/stage.nordtec.se\/en\/product\/measurement-systems\/testo-smart-connect-en\/testo-164-gw-ethernet-gateway\/","url":"https:\/\/stage.nordtec.se\/en\/product\/measurement-systems\/testo-smart-connect-en\/testo-164-gw-ethernet-gateway\/","name":"testo 164 GW - Gateway with Ethernet connection for mini loggers | Nordtec","isPartOf":{"@id":"https:\/\/stage.nordtec.se\/en\/#website"},"primaryImageOfPage":{"@id":"https:\/\/stage.nordtec.se\/en\/product\/measurement-systems\/testo-smart-connect-en\/testo-164-gw-ethernet-gateway\/#primaryimage"},"image":{"@id":"https:\/\/stage.nordtec.se\/en\/product\/measurement-systems\/testo-smart-connect-en\/testo-164-gw-ethernet-gateway\/#primaryimage"},"thumbnailUrl":"https:\/\/stage.nordtec.se\/wp-content\/uploads\/2025\/09\/testo-164-gw-gateway-ethernet-antenna-front_800px.png","datePublished":"2025-09-18T12:56:10+00:00","dateModified":"2026-04-21T12:39:34+00:00","description":"Cloud-based and automatic temperature monitoring via LAN \u1405 testo 164 GW \u2713 gateway for mini data loggers \u2713 Stable and fast connection","breadcrumb":{"@id":"https:\/\/stage.nordtec.se\/en\/product\/measurement-systems\/testo-smart-connect-en\/testo-164-gw-ethernet-gateway\/#breadcrumb"},"inLanguage":"en-US","potentialAction":[{"@type":"ReadAction","target":["https:\/\/stage.nordtec.se\/en\/product\/measurement-systems\/testo-smart-connect-en\/testo-164-gw-ethernet-gateway\/"]}]},{"@type":"ImageObject","inLanguage":"en-US","@id":"https:\/\/stage.nordtec.se\/en\/product\/measurement-systems\/testo-smart-connect-en\/testo-164-gw-ethernet-gateway\/#primaryimage","url":"https:\/\/stage.nordtec.se\/wp-content\/uploads\/2025\/09\/testo-164-gw-gateway-ethernet-antenna-front_800px.png","contentUrl":"https:\/\/stage.nordtec.se\/wp-content\/uploads\/2025\/09\/testo-164-gw-gateway-ethernet-antenna-front_800px.png","width":800,"height":800,"caption":"testo 164 GW ethernet gateway for mini loggers"},{"@type":"BreadcrumbList","@id":"https:\/\/stage.nordtec.se\/en\/product\/measurement-systems\/testo-smart-connect-en\/testo-164-gw-ethernet-gateway\/#breadcrumb","itemListElement":[{"@type":"ListItem","position":1,"name":"Hem","item":"https:\/\/stage.nordtec.se\/en\/"},{"@type":"ListItem","position":2,"name":"Shop","item":"https:\/\/stage.nordtec.se\/shop\/?lang=en"},{"@type":"ListItem","position":3,"name":"testo 164 GW &#8211; Gateway with Ethernet connection for mini loggers"}]},{"@type":"WebSite","@id":"https:\/\/stage.nordtec.se\/en\/#website","url":"https:\/\/stage.nordtec.se\/en\/","name":"Nordtec","description":"Din partner inom m\u00e4tteknik","publisher":{"@id":"https:\/\/stage.nordtec.se\/en\/#organization"},"potentialAction":[{"@type":"SearchAction","target":{"@type":"EntryPoint","urlTemplate":"https:\/\/stage.nordtec.se\/en\/?s={search_term_string}"},"query-input":{"@type":"PropertyValueSpecification","valueRequired":true,"valueName":"search_term_string"}}],"inLanguage":"en-US"},{"@type":"Organization","@id":"https:\/\/stage.nordtec.se\/en\/#organization","name":"Nordtec Instrument AB","url":"https:\/\/stage.nordtec.se\/en\/","logo":{"@type":"ImageObject","inLanguage":"en-US","@id":"https:\/\/stage.nordtec.se\/en\/#\/schema\/logo\/image\/","url":"https:\/\/stage.nordtec.se\/wp-content\/uploads\/2021\/08\/nordtec_logo_rgb-340px.png","contentUrl":"https:\/\/stage.nordtec.se\/wp-content\/uploads\/2021\/08\/nordtec_logo_rgb-340px.png","width":340,"height":75,"caption":"Nordtec Instrument AB"},"image":{"@id":"https:\/\/stage.nordtec.se\/en\/#\/schema\/logo\/image\/"},"sameAs":["https:\/\/www.facebook.com\/nordtecinstrument","https:\/\/www.instagram.com\/nordtec_instrument\/","https:\/\/www.linkedin.com\/company\/nordtec-instrument-ab\/","https:\/\/www.youtube.com\/channel\/UCbmAq3ZmfBKOGg7_igFURng"]}]}},"taxonomy_info":{"product_cat":[{"value":769,"label":"Data loggers"},{"value":783,"label":"Indoor climate &amp; working environment"},{"value":841,"label":"Measurement systems"},{"value":768,"label":"Measuring instruments"},{"value":1404,"label":"testo 164"},{"value":1426,"label":"testo Smart App"},{"value":1402,"label":"testo Smart Connect"},{"value":843,"label":"Wifi loggers"}],"product_tag":[{"value":914,"label":"Temperatur"},{"value":940,"label":"Wifi"}]},"featured_image_src_large":["https:\/\/stage.nordtec.se\/wp-content\/uploads\/2025\/09\/testo-164-gw-gateway-ethernet-antenna-front_800px.png",800,800,false],"author_info":[],"comment_info":"","_links":{"self":[{"href":"https:\/\/stage.nordtec.se\/en\/wp-json\/wp\/v2\/product\/54645","targetHints":{"allow":["GET"]}}],"collection":[{"href":"https:\/\/stage.nordtec.se\/en\/wp-json\/wp\/v2\/product"}],"about":[{"href":"https:\/\/stage.nordtec.se\/en\/wp-json\/wp\/v2\/types\/product"}],"version-history":[{"count":6,"href":"https:\/\/stage.nordtec.se\/en\/wp-json\/wp\/v2\/product\/54645\/revisions"}],"predecessor-version":[{"id":60603,"href":"https:\/\/stage.nordtec.se\/en\/wp-json\/wp\/v2\/product\/54645\/revisions\/60603"}],"wp:featuredmedia":[{"embeddable":true,"href":"https:\/\/stage.nordtec.se\/en\/wp-json\/wp\/v2\/media\/54648"}],"wp:attachment":[{"href":"https:\/\/stage.nordtec.se\/en\/wp-json\/wp\/v2\/media?parent=54645"}],"wp:term":[{"taxonomy":"product_brand","embeddable":true,"href":"https:\/\/stage.nordtec.se\/en\/wp-json\/wp\/v2\/product_brand?post=54645"},{"taxonomy":"product_cat","embeddable":true,"href":"https:\/\/stage.nordtec.se\/en\/wp-json\/wp\/v2\/product_cat?post=54645"},{"taxonomy":"product_tag","embeddable":true,"href":"https:\/\/stage.nordtec.se\/en\/wp-json\/wp\/v2\/product_tag?post=54645"}],"curies":[{"name":"wp","href":"https:\/\/api.w.org\/{rel}","templated":true}]}}