{"id":54583,"date":"2025-09-17T11:35:44","date_gmt":"2025-09-17T09:35:44","guid":{"rendered":"https:\/\/stage.nordtec.se\/?post_type=product&#038;p=54583"},"modified":"2026-05-13T09:30:11","modified_gmt":"2026-05-13T07:30:11","slug":"testo-164-h1-mini-data-logger-temperature-humidity","status":"publish","type":"product","link":"https:\/\/stage.nordtec.se\/en\/product\/measurement-systems\/testo-164-en\/testo-164-h1-mini-data-logger-temperature-humidity\/","title":{"rendered":"testo 164 H1 &#8211; Mini data logger for temperature and humidity"},"content":{"rendered":"<h2>testo 164 H1 &#8211; Mini data logger for temperature and humidity<\/h2>\n<p data-start=\"129\" data-end=\"513\">The testo 164 H1 is a small and easy-to-use temperature and humidity data logger. It is used together with a testo 164 gateway, which is available in two versions: with WiFi or Ethernet connection. Via the gateway, measurement data is automatically sent to the testo Smart Connect cloud service, where you can access real-time data anytime, anywhere.<\/p>\n<p data-start=\"515\" data-end=\"734\">Since the data logger can be connected to an Ethernet gateway, it also works in environments without WiFi. Pairing between the logger and the gateway is done easily with the push of a button and communication is stable via radio signal.<\/p>\n<h2>Compact and powerful<\/h2>\n<p>The compact testo 164 data loggers together with a gateway (WiFi or Ethernet) form a flexible solution for discreet climate monitoring. With its integrated digital sensors, the testo 164 H1 records temperatures between -10 \u00b0C and +50 \u00b0C and humidity in the range 0-100 % RH. Thanks to the long battery life of up to 8 years, you get reliable measurements for a long time. The small dimensions (62.6 \u00d7 38 \u00d7 17.5 mm) and discreet design make the loggers easy to place &#8211; for example in display cases, storage cabinets or premises &#8211; without attracting attention. A practical choice for environments where measurement must be reliable but invisible.<\/p>\n<h3>testo Smart Connect- simple and reliable climate monitoring<\/h3>\n<p>With testo Smart Connect, monitoring temperature, humidity and other climate parameters is both easy and safe. Simply create an account, connect your data loggers and define alarm limits &#8211; then the system works fully automatically. If a limit value is exceeded, you are alerted directly via push notification from the testo Smart app or email.<\/p>\n<p>All measurement data is continuously transferred to the cloud and is available in real time via mobile, tablet or computer. The platform gathers everything in one place and provides a clear overview of all measurement points. If the cloud service is also connected to <a href=\"https:\/\/stage.nordtec.se\/en\/testo-smart-apps\/\">the testo Smart app<\/a>, you get access to extra features such as fast commissioning, easy access to data and push notifications in case of alarms. You can also integrate WiFi loggers from the testo 160 and 162 series into the same account for an even more flexible and comprehensive monitoring solution.<\/p>\n<p><strong><a class=\"poppers\">Read this before creating an account &gt;&gt;<\/a><\/strong><\/p>\r\n<div id=\"poptext\">\r\n<p>When registering a cloud account in testo Smart Connect, an email address is required. We recommend that you do not use a \u201cpersonal\u201d email address. Instead, it is better to create a \u201cgeneral address\u201d that is not linked to a specific person. A suitable example could be \u201dinfo@exempel.com\u201d or similar.<\/p>\r\n<\/div>\r\n<p><a class=\"button\" href=\"http:\/\/www.smartconnect.testo.com\/\" target=\"_blank\" rel=\"noopener\">Log in to the cloud service<\/a><\/p>\r\n<p><a href=\"https:\/\/stage.nordtec.se\/en\/presentation-of-measurement-systems\/testo-smart-connect\/\" target=\"_blank\" rel=\"noopener\"><img loading=\"lazy\" decoding=\"async\" class=\"alignleft wp-image-60498\" src=\"https:\/\/stage.nordtec.se\/wp-content\/uploads\/2026\/04\/testo-smart-connect-logo-300x300.png\" alt=\"testo Smart Connect\" width=\"68\" height=\"68\" srcset=\"https:\/\/stage.nordtec.se\/wp-content\/uploads\/2026\/04\/testo-smart-connect-logo-300x300.png 300w, https:\/\/stage.nordtec.se\/wp-content\/uploads\/2026\/04\/testo-smart-connect-logo-150x150.png 150w, https:\/\/stage.nordtec.se\/wp-content\/uploads\/2026\/04\/testo-smart-connect-logo-768x768.png 768w, https:\/\/stage.nordtec.se\/wp-content\/uploads\/2026\/04\/testo-smart-connect-logo-50x50.png 50w, https:\/\/stage.nordtec.se\/wp-content\/uploads\/2026\/04\/testo-smart-connect-logo-324x324.png 324w, https:\/\/stage.nordtec.se\/wp-content\/uploads\/2026\/04\/testo-smart-connect-logo-416x416.png 416w, https:\/\/stage.nordtec.se\/wp-content\/uploads\/2026\/04\/testo-smart-connect-logo-100x100.png 100w, https:\/\/stage.nordtec.se\/wp-content\/uploads\/2026\/04\/testo-smart-connect-logo-64x64.png 64w, https:\/\/stage.nordtec.se\/wp-content\/uploads\/2026\/04\/testo-smart-connect-logo.png 800w\" sizes=\"auto, (max-width: 68px) 100vw, 68px\" \/><\/a><a href=\"https:\/\/stage.nordtec.se\/en\/testo-smart-apps\/\" target=\"_blank\" rel=\"noopener\"><img loading=\"lazy\" decoding=\"async\" class=\"alignleft wp-image-33549\" src=\"https:\/\/stage.nordtec.se\/wp-content\/uploads\/2023\/06\/App-Icon-testo-Smart-round_800px-300x300.png\" alt=\"Logga f\u00f6r testo Smart-appen\" width=\"68\" height=\"68\" srcset=\"https:\/\/stage.nordtec.se\/wp-content\/uploads\/2023\/06\/App-Icon-testo-Smart-round_800px-300x300.png 300w, https:\/\/stage.nordtec.se\/wp-content\/uploads\/2023\/06\/App-Icon-testo-Smart-round_800px-150x150.png 150w, https:\/\/stage.nordtec.se\/wp-content\/uploads\/2023\/06\/App-Icon-testo-Smart-round_800px-768x768.png 768w, https:\/\/stage.nordtec.se\/wp-content\/uploads\/2023\/06\/App-Icon-testo-Smart-round_800px-324x324.png 324w, https:\/\/stage.nordtec.se\/wp-content\/uploads\/2023\/06\/App-Icon-testo-Smart-round_800px-416x416.png 416w, https:\/\/stage.nordtec.se\/wp-content\/uploads\/2023\/06\/App-Icon-testo-Smart-round_800px-100x100.png 100w, https:\/\/stage.nordtec.se\/wp-content\/uploads\/2023\/06\/App-Icon-testo-Smart-round_800px-64x64.png 64w, https:\/\/stage.nordtec.se\/wp-content\/uploads\/2023\/06\/App-Icon-testo-Smart-round_800px.png 800w\" sizes=\"auto, (max-width: 68px) 100vw, 68px\" \/><\/a><\/p>\r\n<p>&nbsp;<\/p>\r\n<p>&nbsp;<\/p>\n<p>&nbsp;<\/p>\n<h2>Included in delivery<\/h2>\n<p>WiFi data logger testo 164 H1, wall bracket, barcode sticker (QR), factory protocol and brief user manual.<\/p>\n<p><strong>ATTENTION! To use this data logger, a <a href=\"https:\/\/stage.nordtec.se\/en\/product\/measurement-systems\/testo-smart-connect-en\/testo-164-gw-ethernet-gateway\/\">testo 164 Ethernet gateway<\/a> or <a href=\"https:\/\/stage.nordtec.se\/en\/product\/measurement-systems\/testo-smart-connect-en\/testo-164-gw-wifi-gateway-for-mini-loggers\/\">testo 164 WiFi gateway<\/a> is required.<\/strong><\/p>\n<p>&nbsp;<\/p>\n<p><span class=\"ui-provider ed ayd aye ayf ayg ayh ayi ayj ayk ayl aym ayn ayo ayp ayq ayr ays ayt ayu ayv ayw ayx ayy ayz aza azb azc azd aze azf azg azh azi azj azk\" dir=\"ltr\"><strong>Fabriksprotokoll:<\/strong>\u00a0utf\u00e4rdas p\u00e5 fabriken efter en kontroll av att produkten fungerar och uppfyller angiven m\u00e4tnoggrannhet. L\u00e4s om <a href=\"https:\/\/stage.nordtec.se\/kalibrering\/iso-9001-kraver-kalibrerad-matutrustning\/\"><u>skillnaden mellan fabriksprotokoll och ackrediterad kalibrering<\/u><\/a>.<\/span><\/p>\n<p>&nbsp;<\/p>\n","protected":false},"excerpt":{"rendered":"<p>Flexible data logger that connects to WiFi or Ethernet gateway<\/p>\n<ul>\n<li>Mini-logger that connects to a dedicated gateway<\/li>\n<li>-10 &#8230; +50 \u00b0C<\/li>\n<li>0 &#8230; 100 % RH<\/li>\n<li>Measurement data is automatically stored in the cloud service via the testo 164 gateway (WiFi or Ethernet)<\/li>\n<\/ul>\n","protected":false},"featured_media":54589,"template":"","meta":{"_kad_blocks_custom_css":"","_kad_blocks_head_custom_js":"","_kad_blocks_body_custom_js":"","_kad_blocks_footer_custom_js":"","footnotes":""},"product_brand":[],"product_cat":[769,783,841,768,824,1404,1426,1402,843],"product_tag":[867,914,940],"class_list":{"0":"post-54583","1":"product","2":"type-product","3":"status-publish","4":"has-post-thumbnail","6":"product_cat-data-loggers","7":"product_cat-indoor-climate-working-environment","8":"product_cat-measurement-systems","9":"product_cat-measuring-instruments","10":"product_cat-moisture-loggers","11":"product_cat-testo-164-en","12":"product_cat-testo-smart-app","13":"product_cat-testo-smart-connect-en","14":"product_cat-wifi-loggers","15":"product_tag-fukt-en","16":"product_tag-temperatur-en","17":"product_tag-wifi-en","19":"first","20":"onbackorder","21":"taxable","22":"shipping-taxable","23":"purchasable","24":"product-type-simple"},"yoast_head":"<!-- This site is optimized with the Yoast SEO Premium plugin v27.3 (Yoast SEO v27.6) - https:\/\/yoast.com\/product\/yoast-seo-premium-wordpress\/ -->\n<title>testo 164 H1 - Mini data logger for temperature and humidity | Nordtec<\/title>\n<meta name=\"description\" content=\"Cloud-based and automatic temperature monitoring via WiFi or LAN \u1405 testo 164 H1 \u2713 connected mini data logger for temperature and humidity\" \/>\n<meta name=\"robots\" content=\"noindex, follow, max-snippet:-1, max-image-preview:large, max-video-preview:-1\" \/>\n<meta property=\"og:locale\" content=\"en_US\" \/>\n<meta property=\"og:type\" content=\"article\" \/>\n<meta property=\"og:title\" content=\"testo 164 H1 - Mini data logger for temperature and humidity\" \/>\n<meta property=\"og:description\" content=\"Cloud-based and automatic temperature monitoring via WiFi or LAN \u1405 testo 164 H1 \u2713 connected mini data logger for temperature and humidity\" \/>\n<meta property=\"og:url\" content=\"https:\/\/stage.nordtec.se\/en\/product\/measurement-systems\/testo-164-en\/testo-164-h1-mini-data-logger-temperature-humidity\/\" \/>\n<meta property=\"og:site_name\" content=\"Nordtec\" \/>\n<meta property=\"article:publisher\" content=\"https:\/\/www.facebook.com\/nordtecinstrument\" \/>\n<meta property=\"article:modified_time\" content=\"2026-05-13T07:30:11+00:00\" \/>\n<meta property=\"og:image\" content=\"https:\/\/stage.nordtec.se\/wp-content\/uploads\/2025\/09\/testo-164-h-1-measuring-humidity-value-front_800px.png\" \/>\n\t<meta property=\"og:image:width\" content=\"800\" \/>\n\t<meta property=\"og:image:height\" content=\"800\" \/>\n\t<meta property=\"og:image:type\" content=\"image\/png\" \/>\n<meta name=\"twitter:card\" content=\"summary_large_image\" \/>\n<meta name=\"twitter:label1\" content=\"Est. reading time\" \/>\n\t<meta name=\"twitter:data1\" content=\"3 minutes\" \/>\n<script type=\"application\/ld+json\" class=\"yoast-schema-graph\">{\"@context\":\"https:\\\/\\\/schema.org\",\"@graph\":[{\"@type\":[\"WebPage\",\"ItemPage\"],\"@id\":\"https:\\\/\\\/stage.nordtec.se\\\/en\\\/product\\\/measurement-systems\\\/testo-164-en\\\/testo-164-h1-mini-data-logger-temperature-humidity\\\/\",\"url\":\"https:\\\/\\\/stage.nordtec.se\\\/en\\\/product\\\/measurement-systems\\\/testo-164-en\\\/testo-164-h1-mini-data-logger-temperature-humidity\\\/\",\"name\":\"testo 164 H1 - Mini data logger for temperature and humidity | Nordtec\",\"isPartOf\":{\"@id\":\"https:\\\/\\\/stage.nordtec.se\\\/en\\\/#website\"},\"primaryImageOfPage\":{\"@id\":\"https:\\\/\\\/stage.nordtec.se\\\/en\\\/product\\\/measurement-systems\\\/testo-164-en\\\/testo-164-h1-mini-data-logger-temperature-humidity\\\/#primaryimage\"},\"image\":{\"@id\":\"https:\\\/\\\/stage.nordtec.se\\\/en\\\/product\\\/measurement-systems\\\/testo-164-en\\\/testo-164-h1-mini-data-logger-temperature-humidity\\\/#primaryimage\"},\"thumbnailUrl\":\"https:\\\/\\\/stage.nordtec.se\\\/wp-content\\\/uploads\\\/2025\\\/09\\\/testo-164-h-1-measuring-humidity-value-front_800px.png\",\"datePublished\":\"2025-09-17T09:35:44+00:00\",\"dateModified\":\"2026-05-13T07:30:11+00:00\",\"description\":\"Cloud-based and automatic temperature monitoring via WiFi or LAN \u1405 testo 164 H1 \u2713 connected mini data logger for temperature and humidity\",\"breadcrumb\":{\"@id\":\"https:\\\/\\\/stage.nordtec.se\\\/en\\\/product\\\/measurement-systems\\\/testo-164-en\\\/testo-164-h1-mini-data-logger-temperature-humidity\\\/#breadcrumb\"},\"inLanguage\":\"en-US\",\"potentialAction\":[{\"@type\":\"ReadAction\",\"target\":[\"https:\\\/\\\/stage.nordtec.se\\\/en\\\/product\\\/measurement-systems\\\/testo-164-en\\\/testo-164-h1-mini-data-logger-temperature-humidity\\\/\"]}]},{\"@type\":\"ImageObject\",\"inLanguage\":\"en-US\",\"@id\":\"https:\\\/\\\/stage.nordtec.se\\\/en\\\/product\\\/measurement-systems\\\/testo-164-en\\\/testo-164-h1-mini-data-logger-temperature-humidity\\\/#primaryimage\",\"url\":\"https:\\\/\\\/stage.nordtec.se\\\/wp-content\\\/uploads\\\/2025\\\/09\\\/testo-164-h-1-measuring-humidity-value-front_800px.png\",\"contentUrl\":\"https:\\\/\\\/stage.nordtec.se\\\/wp-content\\\/uploads\\\/2025\\\/09\\\/testo-164-h-1-measuring-humidity-value-front_800px.png\",\"width\":800,\"height\":800,\"caption\":\"testo 164 H1 from the front\"},{\"@type\":\"BreadcrumbList\",\"@id\":\"https:\\\/\\\/stage.nordtec.se\\\/en\\\/product\\\/measurement-systems\\\/testo-164-en\\\/testo-164-h1-mini-data-logger-temperature-humidity\\\/#breadcrumb\",\"itemListElement\":[{\"@type\":\"ListItem\",\"position\":1,\"name\":\"Hem\",\"item\":\"https:\\\/\\\/stage.nordtec.se\\\/en\\\/\"},{\"@type\":\"ListItem\",\"position\":2,\"name\":\"Shop\",\"item\":\"https:\\\/\\\/stage.nordtec.se\\\/shop\\\/?lang=en\"},{\"@type\":\"ListItem\",\"position\":3,\"name\":\"testo 164 H1 &#8211; Mini data logger for temperature and humidity\"}]},{\"@type\":\"WebSite\",\"@id\":\"https:\\\/\\\/stage.nordtec.se\\\/en\\\/#website\",\"url\":\"https:\\\/\\\/stage.nordtec.se\\\/en\\\/\",\"name\":\"Nordtec\",\"description\":\"Din partner inom m\u00e4tteknik\",\"publisher\":{\"@id\":\"https:\\\/\\\/stage.nordtec.se\\\/en\\\/#organization\"},\"potentialAction\":[{\"@type\":\"SearchAction\",\"target\":{\"@type\":\"EntryPoint\",\"urlTemplate\":\"https:\\\/\\\/stage.nordtec.se\\\/en\\\/?s={search_term_string}\"},\"query-input\":{\"@type\":\"PropertyValueSpecification\",\"valueRequired\":true,\"valueName\":\"search_term_string\"}}],\"inLanguage\":\"en-US\"},{\"@type\":\"Organization\",\"@id\":\"https:\\\/\\\/stage.nordtec.se\\\/en\\\/#organization\",\"name\":\"Nordtec Instrument AB\",\"url\":\"https:\\\/\\\/stage.nordtec.se\\\/en\\\/\",\"logo\":{\"@type\":\"ImageObject\",\"inLanguage\":\"en-US\",\"@id\":\"https:\\\/\\\/stage.nordtec.se\\\/en\\\/#\\\/schema\\\/logo\\\/image\\\/\",\"url\":\"https:\\\/\\\/stage.nordtec.se\\\/wp-content\\\/uploads\\\/2021\\\/08\\\/nordtec_logo_rgb-340px.png\",\"contentUrl\":\"https:\\\/\\\/stage.nordtec.se\\\/wp-content\\\/uploads\\\/2021\\\/08\\\/nordtec_logo_rgb-340px.png\",\"width\":340,\"height\":75,\"caption\":\"Nordtec Instrument AB\"},\"image\":{\"@id\":\"https:\\\/\\\/stage.nordtec.se\\\/en\\\/#\\\/schema\\\/logo\\\/image\\\/\"},\"sameAs\":[\"https:\\\/\\\/www.facebook.com\\\/nordtecinstrument\",\"https:\\\/\\\/www.instagram.com\\\/nordtec_instrument\\\/\",\"https:\\\/\\\/www.linkedin.com\\\/company\\\/nordtec-instrument-ab\\\/\",\"https:\\\/\\\/www.youtube.com\\\/channel\\\/UCbmAq3ZmfBKOGg7_igFURng\"]}]}<\/script>\n<!-- \/ Yoast SEO Premium plugin. -->","yoast_head_json":{"title":"testo 164 H1 - Mini data logger for temperature and humidity | Nordtec","description":"Cloud-based and automatic temperature monitoring via WiFi or LAN \u1405 testo 164 H1 \u2713 connected mini data logger for temperature and humidity","robots":{"index":"noindex","follow":"follow","max-snippet":"max-snippet:-1","max-image-preview":"max-image-preview:large","max-video-preview":"max-video-preview:-1"},"og_locale":"en_US","og_type":"article","og_title":"testo 164 H1 - Mini data logger for temperature and humidity","og_description":"Cloud-based and automatic temperature monitoring via WiFi or LAN \u1405 testo 164 H1 \u2713 connected mini data logger for temperature and humidity","og_url":"https:\/\/stage.nordtec.se\/en\/product\/measurement-systems\/testo-164-en\/testo-164-h1-mini-data-logger-temperature-humidity\/","og_site_name":"Nordtec","article_publisher":"https:\/\/www.facebook.com\/nordtecinstrument","article_modified_time":"2026-05-13T07:30:11+00:00","og_image":[{"width":800,"height":800,"url":"https:\/\/stage.nordtec.se\/wp-content\/uploads\/2025\/09\/testo-164-h-1-measuring-humidity-value-front_800px.png","type":"image\/png"}],"twitter_card":"summary_large_image","twitter_misc":{"Est. reading time":"3 minutes"},"schema":{"@context":"https:\/\/schema.org","@graph":[{"@type":["WebPage","ItemPage"],"@id":"https:\/\/stage.nordtec.se\/en\/product\/measurement-systems\/testo-164-en\/testo-164-h1-mini-data-logger-temperature-humidity\/","url":"https:\/\/stage.nordtec.se\/en\/product\/measurement-systems\/testo-164-en\/testo-164-h1-mini-data-logger-temperature-humidity\/","name":"testo 164 H1 - Mini data logger for temperature and humidity | Nordtec","isPartOf":{"@id":"https:\/\/stage.nordtec.se\/en\/#website"},"primaryImageOfPage":{"@id":"https:\/\/stage.nordtec.se\/en\/product\/measurement-systems\/testo-164-en\/testo-164-h1-mini-data-logger-temperature-humidity\/#primaryimage"},"image":{"@id":"https:\/\/stage.nordtec.se\/en\/product\/measurement-systems\/testo-164-en\/testo-164-h1-mini-data-logger-temperature-humidity\/#primaryimage"},"thumbnailUrl":"https:\/\/stage.nordtec.se\/wp-content\/uploads\/2025\/09\/testo-164-h-1-measuring-humidity-value-front_800px.png","datePublished":"2025-09-17T09:35:44+00:00","dateModified":"2026-05-13T07:30:11+00:00","description":"Cloud-based and automatic temperature monitoring via WiFi or LAN \u1405 testo 164 H1 \u2713 connected mini data logger for temperature and humidity","breadcrumb":{"@id":"https:\/\/stage.nordtec.se\/en\/product\/measurement-systems\/testo-164-en\/testo-164-h1-mini-data-logger-temperature-humidity\/#breadcrumb"},"inLanguage":"en-US","potentialAction":[{"@type":"ReadAction","target":["https:\/\/stage.nordtec.se\/en\/product\/measurement-systems\/testo-164-en\/testo-164-h1-mini-data-logger-temperature-humidity\/"]}]},{"@type":"ImageObject","inLanguage":"en-US","@id":"https:\/\/stage.nordtec.se\/en\/product\/measurement-systems\/testo-164-en\/testo-164-h1-mini-data-logger-temperature-humidity\/#primaryimage","url":"https:\/\/stage.nordtec.se\/wp-content\/uploads\/2025\/09\/testo-164-h-1-measuring-humidity-value-front_800px.png","contentUrl":"https:\/\/stage.nordtec.se\/wp-content\/uploads\/2025\/09\/testo-164-h-1-measuring-humidity-value-front_800px.png","width":800,"height":800,"caption":"testo 164 H1 from the front"},{"@type":"BreadcrumbList","@id":"https:\/\/stage.nordtec.se\/en\/product\/measurement-systems\/testo-164-en\/testo-164-h1-mini-data-logger-temperature-humidity\/#breadcrumb","itemListElement":[{"@type":"ListItem","position":1,"name":"Hem","item":"https:\/\/stage.nordtec.se\/en\/"},{"@type":"ListItem","position":2,"name":"Shop","item":"https:\/\/stage.nordtec.se\/shop\/?lang=en"},{"@type":"ListItem","position":3,"name":"testo 164 H1 &#8211; Mini data logger for temperature and humidity"}]},{"@type":"WebSite","@id":"https:\/\/stage.nordtec.se\/en\/#website","url":"https:\/\/stage.nordtec.se\/en\/","name":"Nordtec","description":"Din partner inom m\u00e4tteknik","publisher":{"@id":"https:\/\/stage.nordtec.se\/en\/#organization"},"potentialAction":[{"@type":"SearchAction","target":{"@type":"EntryPoint","urlTemplate":"https:\/\/stage.nordtec.se\/en\/?s={search_term_string}"},"query-input":{"@type":"PropertyValueSpecification","valueRequired":true,"valueName":"search_term_string"}}],"inLanguage":"en-US"},{"@type":"Organization","@id":"https:\/\/stage.nordtec.se\/en\/#organization","name":"Nordtec Instrument AB","url":"https:\/\/stage.nordtec.se\/en\/","logo":{"@type":"ImageObject","inLanguage":"en-US","@id":"https:\/\/stage.nordtec.se\/en\/#\/schema\/logo\/image\/","url":"https:\/\/stage.nordtec.se\/wp-content\/uploads\/2021\/08\/nordtec_logo_rgb-340px.png","contentUrl":"https:\/\/stage.nordtec.se\/wp-content\/uploads\/2021\/08\/nordtec_logo_rgb-340px.png","width":340,"height":75,"caption":"Nordtec Instrument AB"},"image":{"@id":"https:\/\/stage.nordtec.se\/en\/#\/schema\/logo\/image\/"},"sameAs":["https:\/\/www.facebook.com\/nordtecinstrument","https:\/\/www.instagram.com\/nordtec_instrument\/","https:\/\/www.linkedin.com\/company\/nordtec-instrument-ab\/","https:\/\/www.youtube.com\/channel\/UCbmAq3ZmfBKOGg7_igFURng"]}]}},"taxonomy_info":{"product_cat":[{"value":769,"label":"Data loggers"},{"value":783,"label":"Indoor climate &amp; working environment"},{"value":841,"label":"Measurement systems"},{"value":768,"label":"Measuring instruments"},{"value":824,"label":"Moisture loggers"},{"value":1404,"label":"testo 164"},{"value":1426,"label":"testo Smart App"},{"value":1402,"label":"testo Smart Connect"},{"value":843,"label":"Wifi loggers"}],"product_tag":[{"value":867,"label":"Fukt"},{"value":914,"label":"Temperatur"},{"value":940,"label":"Wifi"}]},"featured_image_src_large":["https:\/\/stage.nordtec.se\/wp-content\/uploads\/2025\/09\/testo-164-h-1-measuring-humidity-value-front_800px.png",800,800,false],"author_info":[],"comment_info":"","_links":{"self":[{"href":"https:\/\/stage.nordtec.se\/en\/wp-json\/wp\/v2\/product\/54583","targetHints":{"allow":["GET"]}}],"collection":[{"href":"https:\/\/stage.nordtec.se\/en\/wp-json\/wp\/v2\/product"}],"about":[{"href":"https:\/\/stage.nordtec.se\/en\/wp-json\/wp\/v2\/types\/product"}],"version-history":[{"count":11,"href":"https:\/\/stage.nordtec.se\/en\/wp-json\/wp\/v2\/product\/54583\/revisions"}],"predecessor-version":[{"id":62821,"href":"https:\/\/stage.nordtec.se\/en\/wp-json\/wp\/v2\/product\/54583\/revisions\/62821"}],"wp:featuredmedia":[{"embeddable":true,"href":"https:\/\/stage.nordtec.se\/en\/wp-json\/wp\/v2\/media\/54589"}],"wp:attachment":[{"href":"https:\/\/stage.nordtec.se\/en\/wp-json\/wp\/v2\/media?parent=54583"}],"wp:term":[{"taxonomy":"product_brand","embeddable":true,"href":"https:\/\/stage.nordtec.se\/en\/wp-json\/wp\/v2\/product_brand?post=54583"},{"taxonomy":"product_cat","embeddable":true,"href":"https:\/\/stage.nordtec.se\/en\/wp-json\/wp\/v2\/product_cat?post=54583"},{"taxonomy":"product_tag","embeddable":true,"href":"https:\/\/stage.nordtec.se\/en\/wp-json\/wp\/v2\/product_tag?post=54583"}],"curies":[{"name":"wp","href":"https:\/\/api.w.org\/{rel}","templated":true}]}}