{"id":54569,"date":"2025-09-17T11:16:53","date_gmt":"2025-09-17T09:16:53","guid":{"rendered":"https:\/\/stage.nordtec.se\/?post_type=product&#038;p=54569"},"modified":"2026-05-13T09:29:28","modified_gmt":"2026-05-13T07:29:28","slug":"testo-164-t1-mini-data-logger-temperature","status":"publish","type":"product","link":"https:\/\/stage.nordtec.se\/en\/product\/measurement-systems\/testo-164-en\/testo-164-t1-mini-data-logger-temperature\/","title":{"rendered":"testo 164 T1 &#8211; Mini data logger for temperature"},"content":{"rendered":"<h2>testo 164 T1 &#8211; Mini data logger for temperature<\/h2>\n<p data-start=\"133\" data-end=\"431\">The testo 164 T1 is a compact and user-friendly temperature data logger, designed to be used with a testo 164 gateway. You can choose between two different gateway options: WiFi connection or Ethernet connection. Through the gateway, the loggers are connected to the testo Smart Connect cloud service, where all measurement data is automatically collected and can be accessed in real time &#8211; no matter where you are. Thanks to the fact that the data logger can be connected to a dedicated gateway with Ethernet connection, it also works in premises without WiFi. Pairing between the logger and the gateway is easy at the touch of a button and they communicate with each other via radio signal.<\/p>\n<h2>Small but impressive<\/h2>\n<p>The small testo 164 data loggers and the matching gateway with WiFi or Ethernet are a perfect team for discreet monitoring of your indoor climate.<\/p>\n<p>The testo 164 T1 measures temperature with an integrated digital sensor in the range -30 \u00b0C to +70 \u00b0C and has an impressive battery life of 8 years. With its compact dimensions (62.6 \u00d7 38 \u00d7 17.5 mm) and unobtrusive design, it is easily placed in rooms or storage and display cabinets without taking up much space &#8211; ideal, for example, in exhibition environments where the loggers should do their job without being seen.<\/p>\n<h2>testo Smart Connect &#8211; smart and easy climate monitoring<\/h2>\n<p>With testo Smart Connect, climate monitoring is both simple and reliable. You simply create an account, connect your data loggers and set alarm limits &#8211; then the system takes care of everything automatically. When limits are exceeded, you&#8217;ll receive instant alerts via push notifications from the testo Smart app or email.<\/p>\n<p>All measurement data from all connected data loggers is continuously transferred to the cloud and can be followed in real time via mobile, tablet or computer. The platform provides a clear overview of all measurement points in one place. If you also connect the service to <a href=\"https:\/\/stage.nordtec.se\/en\/testo-smart-apps\/\">the testo Smart app<\/a>, you get access to additional features, such as quick configuration, easy access to data and alarms via push notifications. You can also connect WiFi loggers from the testo 160 and 162 series to the same account in the cloud &#8211; for even more flexible and integrated monitoring options.<\/p>\n<p><strong><a class=\"poppers\">Read this before creating an account &gt;&gt;<\/a><\/strong><\/p>\r\n<div id=\"poptext\">\r\n<p>When registering a cloud account in testo Smart Connect, an email address is required. We recommend that you do not use a \u201cpersonal\u201d email address. Instead, it is better to create a \u201cgeneral address\u201d that is not linked to a specific person. A suitable example could be \u201dinfo@exempel.com\u201d or similar.<\/p>\r\n<\/div>\r\n<p><a class=\"button\" href=\"http:\/\/www.smartconnect.testo.com\/\" target=\"_blank\" rel=\"noopener\">Log in to the cloud service<\/a><\/p>\r\n<p><a href=\"https:\/\/stage.nordtec.se\/en\/presentation-of-measurement-systems\/testo-smart-connect\/\" target=\"_blank\" rel=\"noopener\"><img loading=\"lazy\" decoding=\"async\" class=\"alignleft wp-image-60498\" src=\"https:\/\/stage.nordtec.se\/wp-content\/uploads\/2026\/04\/testo-smart-connect-logo-300x300.png\" alt=\"testo Smart Connect\" width=\"68\" height=\"68\" srcset=\"https:\/\/stage.nordtec.se\/wp-content\/uploads\/2026\/04\/testo-smart-connect-logo-300x300.png 300w, https:\/\/stage.nordtec.se\/wp-content\/uploads\/2026\/04\/testo-smart-connect-logo-150x150.png 150w, https:\/\/stage.nordtec.se\/wp-content\/uploads\/2026\/04\/testo-smart-connect-logo-768x768.png 768w, https:\/\/stage.nordtec.se\/wp-content\/uploads\/2026\/04\/testo-smart-connect-logo-50x50.png 50w, https:\/\/stage.nordtec.se\/wp-content\/uploads\/2026\/04\/testo-smart-connect-logo-324x324.png 324w, https:\/\/stage.nordtec.se\/wp-content\/uploads\/2026\/04\/testo-smart-connect-logo-416x416.png 416w, https:\/\/stage.nordtec.se\/wp-content\/uploads\/2026\/04\/testo-smart-connect-logo-100x100.png 100w, https:\/\/stage.nordtec.se\/wp-content\/uploads\/2026\/04\/testo-smart-connect-logo-64x64.png 64w, https:\/\/stage.nordtec.se\/wp-content\/uploads\/2026\/04\/testo-smart-connect-logo.png 800w\" sizes=\"auto, (max-width: 68px) 100vw, 68px\" \/><\/a><a href=\"https:\/\/stage.nordtec.se\/en\/testo-smart-apps\/\" target=\"_blank\" rel=\"noopener\"><img loading=\"lazy\" decoding=\"async\" class=\"alignleft wp-image-33549\" src=\"https:\/\/stage.nordtec.se\/wp-content\/uploads\/2023\/06\/App-Icon-testo-Smart-round_800px-300x300.png\" alt=\"Logga f\u00f6r testo Smart-appen\" width=\"68\" height=\"68\" srcset=\"https:\/\/stage.nordtec.se\/wp-content\/uploads\/2023\/06\/App-Icon-testo-Smart-round_800px-300x300.png 300w, https:\/\/stage.nordtec.se\/wp-content\/uploads\/2023\/06\/App-Icon-testo-Smart-round_800px-150x150.png 150w, https:\/\/stage.nordtec.se\/wp-content\/uploads\/2023\/06\/App-Icon-testo-Smart-round_800px-768x768.png 768w, https:\/\/stage.nordtec.se\/wp-content\/uploads\/2023\/06\/App-Icon-testo-Smart-round_800px-324x324.png 324w, https:\/\/stage.nordtec.se\/wp-content\/uploads\/2023\/06\/App-Icon-testo-Smart-round_800px-416x416.png 416w, https:\/\/stage.nordtec.se\/wp-content\/uploads\/2023\/06\/App-Icon-testo-Smart-round_800px-100x100.png 100w, https:\/\/stage.nordtec.se\/wp-content\/uploads\/2023\/06\/App-Icon-testo-Smart-round_800px-64x64.png 64w, https:\/\/stage.nordtec.se\/wp-content\/uploads\/2023\/06\/App-Icon-testo-Smart-round_800px.png 800w\" sizes=\"auto, (max-width: 68px) 100vw, 68px\" \/><\/a><\/p>\r\n<p>&nbsp;<\/p>\r\n<p>&nbsp;<\/p>\n<p>&nbsp;<\/p>\n<h2>Included in delivery<\/h2>\n<p>Mini data logger testo 164 T1, wall bracket, QR code, factory protocol and brief user manual.<\/p>\n<p><strong>ATTENTION! To use this data logger, a <a href=\"https:\/\/stage.nordtec.se\/en\/product\/measurement-systems\/testo-smart-connect-en\/testo-164-gw-ethernet-gateway\/\">testo 164 Ethernet gateway<\/a> or <a href=\"https:\/\/stage.nordtec.se\/en\/product\/measurement-systems\/testo-smart-connect-en\/testo-164-gw-wifi-gateway-for-mini-loggers\/\">testo 164 WiFi gateway<\/a> is required.<\/strong><\/p>\n<p>&nbsp;<\/p>\n<p><span class=\"ui-provider ed ayd aye ayf ayg ayh ayi ayj ayk ayl aym ayn ayo ayp ayq ayr ays ayt ayu ayv ayw ayx ayy ayz aza azb azc azd aze azf azg azh azi azj azk\" dir=\"ltr\"><strong>Fabriksprotokoll:<\/strong>\u00a0utf\u00e4rdas p\u00e5 fabriken efter en kontroll av att produkten fungerar och uppfyller angiven m\u00e4tnoggrannhet. L\u00e4s om <a href=\"https:\/\/stage.nordtec.se\/kalibrering\/iso-9001-kraver-kalibrerad-matutrustning\/\"><u>skillnaden mellan fabriksprotokoll och ackrediterad kalibrering<\/u><\/a>.<\/span><\/p>\n<p>&nbsp;<\/p>\n","protected":false},"excerpt":{"rendered":"<p>Flexible temperature logger that connects to WiFi or Ethernet gateway<\/p>\n<ul>\n<li>Mini data logger that connects to a dedicated gateway<\/li>\n<li>-30 &#8230; +70 \u00b0C<\/li>\n<li>Battery life of 8 years<\/li>\n<li>Measurement data is automatically stored in the cloud service via the testo 164 gateway (WiFi or Ethernet)<\/li>\n<\/ul>\n","protected":false},"featured_media":55258,"template":"","meta":{"_kad_blocks_custom_css":"","_kad_blocks_head_custom_js":"","_kad_blocks_body_custom_js":"","_kad_blocks_footer_custom_js":"","footnotes":""},"product_brand":[],"product_cat":[769,783,841,768,778,828,1404,1426,1402,843],"product_tag":[914,940],"class_list":{"0":"post-54569","1":"product","2":"type-product","3":"status-publish","4":"has-post-thumbnail","6":"product_cat-data-loggers","7":"product_cat-indoor-climate-working-environment","8":"product_cat-measurement-systems","9":"product_cat-measuring-instruments","10":"product_cat-temperature-gauges","11":"product_cat-temperature-loggers","12":"product_cat-testo-164-en","13":"product_cat-testo-smart-app","14":"product_cat-testo-smart-connect-en","15":"product_cat-wifi-loggers","16":"product_tag-temperatur-en","17":"product_tag-wifi-en","19":"first","20":"instock","21":"taxable","22":"shipping-taxable","23":"purchasable","24":"product-type-simple"},"yoast_head":"<!-- This site is optimized with the Yoast SEO Premium plugin v27.3 (Yoast SEO v27.6) - https:\/\/yoast.com\/product\/yoast-seo-premium-wordpress\/ -->\n<title>testo 164 T1 - Mini data logger for temperature | Nordtec<\/title>\n<meta name=\"description\" content=\"Cloud-based temperature monitoring via WiFi or LAN \u1405 Mini temperature data logger connected to gateway for connected measurement \u2713 -30 ... +70\u00b0C\" \/>\n<meta name=\"robots\" content=\"noindex, follow, max-snippet:-1, max-image-preview:large, max-video-preview:-1\" \/>\n<meta property=\"og:locale\" content=\"en_US\" \/>\n<meta property=\"og:type\" content=\"article\" \/>\n<meta property=\"og:title\" content=\"testo 164 T1 - Mini data logger for temperature\" \/>\n<meta property=\"og:description\" content=\"Cloud-based temperature monitoring via WiFi or LAN \u1405 Mini temperature data logger connected to gateway for connected measurement \u2713 -30 ... +70\u00b0C\" \/>\n<meta property=\"og:url\" content=\"https:\/\/stage.nordtec.se\/en\/product\/measurement-systems\/testo-164-en\/testo-164-t1-mini-data-logger-temperature\/\" \/>\n<meta property=\"og:site_name\" content=\"Nordtec\" \/>\n<meta property=\"article:publisher\" content=\"https:\/\/www.facebook.com\/nordtecinstrument\" \/>\n<meta property=\"article:modified_time\" content=\"2026-05-13T07:29:28+00:00\" \/>\n<meta property=\"og:image\" content=\"https:\/\/stage.nordtec.se\/wp-content\/uploads\/2025\/09\/testo-164-t-1-measuring-humidity_800px.png\" \/>\n\t<meta property=\"og:image:width\" content=\"800\" \/>\n\t<meta property=\"og:image:height\" content=\"800\" \/>\n\t<meta property=\"og:image:type\" content=\"image\/png\" \/>\n<meta name=\"twitter:card\" content=\"summary_large_image\" \/>\n<meta name=\"twitter:label1\" content=\"Est. reading time\" \/>\n\t<meta name=\"twitter:data1\" content=\"3 minutes\" \/>\n<script type=\"application\/ld+json\" class=\"yoast-schema-graph\">{\"@context\":\"https:\\\/\\\/schema.org\",\"@graph\":[{\"@type\":[\"WebPage\",\"ItemPage\"],\"@id\":\"https:\\\/\\\/stage.nordtec.se\\\/en\\\/product\\\/measurement-systems\\\/testo-164-en\\\/testo-164-t1-mini-data-logger-temperature\\\/\",\"url\":\"https:\\\/\\\/stage.nordtec.se\\\/en\\\/product\\\/measurement-systems\\\/testo-164-en\\\/testo-164-t1-mini-data-logger-temperature\\\/\",\"name\":\"testo 164 T1 - Mini data logger for temperature | Nordtec\",\"isPartOf\":{\"@id\":\"https:\\\/\\\/stage.nordtec.se\\\/en\\\/#website\"},\"primaryImageOfPage\":{\"@id\":\"https:\\\/\\\/stage.nordtec.se\\\/en\\\/product\\\/measurement-systems\\\/testo-164-en\\\/testo-164-t1-mini-data-logger-temperature\\\/#primaryimage\"},\"image\":{\"@id\":\"https:\\\/\\\/stage.nordtec.se\\\/en\\\/product\\\/measurement-systems\\\/testo-164-en\\\/testo-164-t1-mini-data-logger-temperature\\\/#primaryimage\"},\"thumbnailUrl\":\"https:\\\/\\\/stage.nordtec.se\\\/wp-content\\\/uploads\\\/2025\\\/09\\\/testo-164-t-1-measuring-humidity_800px.png\",\"datePublished\":\"2025-09-17T09:16:53+00:00\",\"dateModified\":\"2026-05-13T07:29:28+00:00\",\"description\":\"Cloud-based temperature monitoring via WiFi or LAN \u1405 Mini temperature data logger connected to gateway for connected measurement \u2713 -30 ... +70\u00b0C\",\"breadcrumb\":{\"@id\":\"https:\\\/\\\/stage.nordtec.se\\\/en\\\/product\\\/measurement-systems\\\/testo-164-en\\\/testo-164-t1-mini-data-logger-temperature\\\/#breadcrumb\"},\"inLanguage\":\"en-US\",\"potentialAction\":[{\"@type\":\"ReadAction\",\"target\":[\"https:\\\/\\\/stage.nordtec.se\\\/en\\\/product\\\/measurement-systems\\\/testo-164-en\\\/testo-164-t1-mini-data-logger-temperature\\\/\"]}]},{\"@type\":\"ImageObject\",\"inLanguage\":\"en-US\",\"@id\":\"https:\\\/\\\/stage.nordtec.se\\\/en\\\/product\\\/measurement-systems\\\/testo-164-en\\\/testo-164-t1-mini-data-logger-temperature\\\/#primaryimage\",\"url\":\"https:\\\/\\\/stage.nordtec.se\\\/wp-content\\\/uploads\\\/2025\\\/09\\\/testo-164-t-1-measuring-humidity_800px.png\",\"contentUrl\":\"https:\\\/\\\/stage.nordtec.se\\\/wp-content\\\/uploads\\\/2025\\\/09\\\/testo-164-t-1-measuring-humidity_800px.png\",\"width\":800,\"height\":800,\"caption\":\"testo 164 T1- mini data logger\"},{\"@type\":\"BreadcrumbList\",\"@id\":\"https:\\\/\\\/stage.nordtec.se\\\/en\\\/product\\\/measurement-systems\\\/testo-164-en\\\/testo-164-t1-mini-data-logger-temperature\\\/#breadcrumb\",\"itemListElement\":[{\"@type\":\"ListItem\",\"position\":1,\"name\":\"Hem\",\"item\":\"https:\\\/\\\/stage.nordtec.se\\\/en\\\/\"},{\"@type\":\"ListItem\",\"position\":2,\"name\":\"Shop\",\"item\":\"https:\\\/\\\/stage.nordtec.se\\\/shop\\\/?lang=en\"},{\"@type\":\"ListItem\",\"position\":3,\"name\":\"testo 164 T1 &#8211; Mini data logger for temperature\"}]},{\"@type\":\"WebSite\",\"@id\":\"https:\\\/\\\/stage.nordtec.se\\\/en\\\/#website\",\"url\":\"https:\\\/\\\/stage.nordtec.se\\\/en\\\/\",\"name\":\"Nordtec\",\"description\":\"Din partner inom m\u00e4tteknik\",\"publisher\":{\"@id\":\"https:\\\/\\\/stage.nordtec.se\\\/en\\\/#organization\"},\"potentialAction\":[{\"@type\":\"SearchAction\",\"target\":{\"@type\":\"EntryPoint\",\"urlTemplate\":\"https:\\\/\\\/stage.nordtec.se\\\/en\\\/?s={search_term_string}\"},\"query-input\":{\"@type\":\"PropertyValueSpecification\",\"valueRequired\":true,\"valueName\":\"search_term_string\"}}],\"inLanguage\":\"en-US\"},{\"@type\":\"Organization\",\"@id\":\"https:\\\/\\\/stage.nordtec.se\\\/en\\\/#organization\",\"name\":\"Nordtec Instrument AB\",\"url\":\"https:\\\/\\\/stage.nordtec.se\\\/en\\\/\",\"logo\":{\"@type\":\"ImageObject\",\"inLanguage\":\"en-US\",\"@id\":\"https:\\\/\\\/stage.nordtec.se\\\/en\\\/#\\\/schema\\\/logo\\\/image\\\/\",\"url\":\"https:\\\/\\\/stage.nordtec.se\\\/wp-content\\\/uploads\\\/2021\\\/08\\\/nordtec_logo_rgb-340px.png\",\"contentUrl\":\"https:\\\/\\\/stage.nordtec.se\\\/wp-content\\\/uploads\\\/2021\\\/08\\\/nordtec_logo_rgb-340px.png\",\"width\":340,\"height\":75,\"caption\":\"Nordtec Instrument AB\"},\"image\":{\"@id\":\"https:\\\/\\\/stage.nordtec.se\\\/en\\\/#\\\/schema\\\/logo\\\/image\\\/\"},\"sameAs\":[\"https:\\\/\\\/www.facebook.com\\\/nordtecinstrument\",\"https:\\\/\\\/www.instagram.com\\\/nordtec_instrument\\\/\",\"https:\\\/\\\/www.linkedin.com\\\/company\\\/nordtec-instrument-ab\\\/\",\"https:\\\/\\\/www.youtube.com\\\/channel\\\/UCbmAq3ZmfBKOGg7_igFURng\"]}]}<\/script>\n<!-- \/ Yoast SEO Premium plugin. -->","yoast_head_json":{"title":"testo 164 T1 - Mini data logger for temperature | Nordtec","description":"Cloud-based temperature monitoring via WiFi or LAN \u1405 Mini temperature data logger connected to gateway for connected measurement \u2713 -30 ... +70\u00b0C","robots":{"index":"noindex","follow":"follow","max-snippet":"max-snippet:-1","max-image-preview":"max-image-preview:large","max-video-preview":"max-video-preview:-1"},"og_locale":"en_US","og_type":"article","og_title":"testo 164 T1 - Mini data logger for temperature","og_description":"Cloud-based temperature monitoring via WiFi or LAN \u1405 Mini temperature data logger connected to gateway for connected measurement \u2713 -30 ... +70\u00b0C","og_url":"https:\/\/stage.nordtec.se\/en\/product\/measurement-systems\/testo-164-en\/testo-164-t1-mini-data-logger-temperature\/","og_site_name":"Nordtec","article_publisher":"https:\/\/www.facebook.com\/nordtecinstrument","article_modified_time":"2026-05-13T07:29:28+00:00","og_image":[{"width":800,"height":800,"url":"https:\/\/stage.nordtec.se\/wp-content\/uploads\/2025\/09\/testo-164-t-1-measuring-humidity_800px.png","type":"image\/png"}],"twitter_card":"summary_large_image","twitter_misc":{"Est. reading time":"3 minutes"},"schema":{"@context":"https:\/\/schema.org","@graph":[{"@type":["WebPage","ItemPage"],"@id":"https:\/\/stage.nordtec.se\/en\/product\/measurement-systems\/testo-164-en\/testo-164-t1-mini-data-logger-temperature\/","url":"https:\/\/stage.nordtec.se\/en\/product\/measurement-systems\/testo-164-en\/testo-164-t1-mini-data-logger-temperature\/","name":"testo 164 T1 - Mini data logger for temperature | Nordtec","isPartOf":{"@id":"https:\/\/stage.nordtec.se\/en\/#website"},"primaryImageOfPage":{"@id":"https:\/\/stage.nordtec.se\/en\/product\/measurement-systems\/testo-164-en\/testo-164-t1-mini-data-logger-temperature\/#primaryimage"},"image":{"@id":"https:\/\/stage.nordtec.se\/en\/product\/measurement-systems\/testo-164-en\/testo-164-t1-mini-data-logger-temperature\/#primaryimage"},"thumbnailUrl":"https:\/\/stage.nordtec.se\/wp-content\/uploads\/2025\/09\/testo-164-t-1-measuring-humidity_800px.png","datePublished":"2025-09-17T09:16:53+00:00","dateModified":"2026-05-13T07:29:28+00:00","description":"Cloud-based temperature monitoring via WiFi or LAN \u1405 Mini temperature data logger connected to gateway for connected measurement \u2713 -30 ... +70\u00b0C","breadcrumb":{"@id":"https:\/\/stage.nordtec.se\/en\/product\/measurement-systems\/testo-164-en\/testo-164-t1-mini-data-logger-temperature\/#breadcrumb"},"inLanguage":"en-US","potentialAction":[{"@type":"ReadAction","target":["https:\/\/stage.nordtec.se\/en\/product\/measurement-systems\/testo-164-en\/testo-164-t1-mini-data-logger-temperature\/"]}]},{"@type":"ImageObject","inLanguage":"en-US","@id":"https:\/\/stage.nordtec.se\/en\/product\/measurement-systems\/testo-164-en\/testo-164-t1-mini-data-logger-temperature\/#primaryimage","url":"https:\/\/stage.nordtec.se\/wp-content\/uploads\/2025\/09\/testo-164-t-1-measuring-humidity_800px.png","contentUrl":"https:\/\/stage.nordtec.se\/wp-content\/uploads\/2025\/09\/testo-164-t-1-measuring-humidity_800px.png","width":800,"height":800,"caption":"testo 164 T1- mini data logger"},{"@type":"BreadcrumbList","@id":"https:\/\/stage.nordtec.se\/en\/product\/measurement-systems\/testo-164-en\/testo-164-t1-mini-data-logger-temperature\/#breadcrumb","itemListElement":[{"@type":"ListItem","position":1,"name":"Hem","item":"https:\/\/stage.nordtec.se\/en\/"},{"@type":"ListItem","position":2,"name":"Shop","item":"https:\/\/stage.nordtec.se\/shop\/?lang=en"},{"@type":"ListItem","position":3,"name":"testo 164 T1 &#8211; Mini data logger for temperature"}]},{"@type":"WebSite","@id":"https:\/\/stage.nordtec.se\/en\/#website","url":"https:\/\/stage.nordtec.se\/en\/","name":"Nordtec","description":"Din partner inom m\u00e4tteknik","publisher":{"@id":"https:\/\/stage.nordtec.se\/en\/#organization"},"potentialAction":[{"@type":"SearchAction","target":{"@type":"EntryPoint","urlTemplate":"https:\/\/stage.nordtec.se\/en\/?s={search_term_string}"},"query-input":{"@type":"PropertyValueSpecification","valueRequired":true,"valueName":"search_term_string"}}],"inLanguage":"en-US"},{"@type":"Organization","@id":"https:\/\/stage.nordtec.se\/en\/#organization","name":"Nordtec Instrument AB","url":"https:\/\/stage.nordtec.se\/en\/","logo":{"@type":"ImageObject","inLanguage":"en-US","@id":"https:\/\/stage.nordtec.se\/en\/#\/schema\/logo\/image\/","url":"https:\/\/stage.nordtec.se\/wp-content\/uploads\/2021\/08\/nordtec_logo_rgb-340px.png","contentUrl":"https:\/\/stage.nordtec.se\/wp-content\/uploads\/2021\/08\/nordtec_logo_rgb-340px.png","width":340,"height":75,"caption":"Nordtec Instrument AB"},"image":{"@id":"https:\/\/stage.nordtec.se\/en\/#\/schema\/logo\/image\/"},"sameAs":["https:\/\/www.facebook.com\/nordtecinstrument","https:\/\/www.instagram.com\/nordtec_instrument\/","https:\/\/www.linkedin.com\/company\/nordtec-instrument-ab\/","https:\/\/www.youtube.com\/channel\/UCbmAq3ZmfBKOGg7_igFURng"]}]}},"taxonomy_info":{"product_cat":[{"value":769,"label":"Data loggers"},{"value":783,"label":"Indoor climate &amp; working environment"},{"value":841,"label":"Measurement systems"},{"value":768,"label":"Measuring instruments"},{"value":778,"label":"Temperature gauges"},{"value":828,"label":"Temperature loggers"},{"value":1404,"label":"testo 164"},{"value":1426,"label":"testo Smart App"},{"value":1402,"label":"testo Smart Connect"},{"value":843,"label":"Wifi loggers"}],"product_tag":[{"value":914,"label":"Temperatur"},{"value":940,"label":"Wifi"}]},"featured_image_src_large":["https:\/\/stage.nordtec.se\/wp-content\/uploads\/2025\/09\/testo-164-t-1-measuring-humidity_800px.png",800,800,false],"author_info":[],"comment_info":"","_links":{"self":[{"href":"https:\/\/stage.nordtec.se\/en\/wp-json\/wp\/v2\/product\/54569","targetHints":{"allow":["GET"]}}],"collection":[{"href":"https:\/\/stage.nordtec.se\/en\/wp-json\/wp\/v2\/product"}],"about":[{"href":"https:\/\/stage.nordtec.se\/en\/wp-json\/wp\/v2\/types\/product"}],"version-history":[{"count":10,"href":"https:\/\/stage.nordtec.se\/en\/wp-json\/wp\/v2\/product\/54569\/revisions"}],"predecessor-version":[{"id":62820,"href":"https:\/\/stage.nordtec.se\/en\/wp-json\/wp\/v2\/product\/54569\/revisions\/62820"}],"wp:featuredmedia":[{"embeddable":true,"href":"https:\/\/stage.nordtec.se\/en\/wp-json\/wp\/v2\/media\/55258"}],"wp:attachment":[{"href":"https:\/\/stage.nordtec.se\/en\/wp-json\/wp\/v2\/media?parent=54569"}],"wp:term":[{"taxonomy":"product_brand","embeddable":true,"href":"https:\/\/stage.nordtec.se\/en\/wp-json\/wp\/v2\/product_brand?post=54569"},{"taxonomy":"product_cat","embeddable":true,"href":"https:\/\/stage.nordtec.se\/en\/wp-json\/wp\/v2\/product_cat?post=54569"},{"taxonomy":"product_tag","embeddable":true,"href":"https:\/\/stage.nordtec.se\/en\/wp-json\/wp\/v2\/product_tag?post=54569"}],"curies":[{"name":"wp","href":"https:\/\/api.w.org\/{rel}","templated":true}]}}