{"id":54517,"date":"2025-09-16T14:29:26","date_gmt":"2025-09-16T12:29:26","guid":{"rendered":"https:\/\/stage.nordtec.se\/?post_type=product&#038;p=54517"},"modified":"2025-11-27T10:23:25","modified_gmt":"2025-11-27T08:23:25","slug":"testo-162-h1-wifi-data-logger-temperature-and-humidity","status":"publish","type":"product","link":"https:\/\/stage.nordtec.se\/en\/product\/measurement-systems\/testo-saveris-cloud-en\/testo-162-h1-wifi-data-logger-temperature-and-humidity\/","title":{"rendered":"testo 162 H1 &#8211; WiFi data logger for temperature and humidity"},"content":{"rendered":"<h2>testo 162 H1 &#8211; WiFi data logger for temperature and humidity with integrated sensor<\/h2>\n<p>The WiFi data logger testo 162 H1 is the simple solution for measuring, logging and monitoring humidity and temperature values. You can see the current measured values, limit value violations and remaining battery life on the display of the connected data logger. At the same time, all measurement data is automatically sent to the cloud service testo Saveris Cloud via WiFi connection. For an even more flexible measurement system, you can also connect data loggers from the testo 160 and 164 series to the same cloud account.<\/p>\n<h3>Smart monitoring of humidity and temperature<\/h3>\n<p>The testo 162 H1 is part of the versatile testo 162 data logger series, designed to meet the challenges of sensitive indoor environments. Thanks to the fact that loggers with internal sensors can be combined with loggers using different external sensors, the measurement system can be easily adapted to many different types of tasks &#8211; whether it is monitoring the climate in offices, exhibition halls, warehouses or in the transportation of sensitive goods.<\/p>\n<p>When the loggers are connected to the testo Saveris Cloud, all measurement data is automatically collected in one place and accessible in real time via smartphone, tablet or PC &#8211; always available, wherever you are. Temperature and humidity levels are monitored, alarms are sent out when limits are exceeded and documentation is done completely without manual work. This way you can keep full control of all your premises, while saving valuable time.<\/p>\n<h3>testo Saveris Cloud &#8211; simple and intelligent monitoring<\/h3>\n<p>With the Testo Saveris Cloud service, the whole monitoring process becomes smooth and automated. Connect all your connected loggers to the cloud and all measurement data is automatically sent to the same place and accessible in real time via an internet-connected smartphone, tablet or PC. You just need to create an account, configure your WiFi logs and set alarm limits. Once that&#8217;s done, the system takes care of the rest &#8211; completely automatically. By connecting to the testo Smart app, you also get extra features, such as simple commissioning, easy access to measurement data and instant push notifications in case of alarms.<\/p>\n<p><strong><a class=\"poppers\">L\u00e4s det h\u00e4r innan du skapar ett konto &gt;&gt;<\/a><\/strong><\/p>\r\n<div id=\"poptext\">\r\n<p>Vid registrering av molnkonto f\u00f6r testo Saveris Cloud kr\u00e4vs en e-postadress f\u00f6r registrering. Vi rekommenderar att du inte v\u00e4ljer en \"personlig\u201d e-postadress. Det \u00e4r b\u00e4ttre att skapa en \u201dallm\u00e4n adress\u201d som inte \u00e4r kopplad till en specifik person. Ett f\u00f6rslag kan vara \u201dinfo@exempel.com\u201d eller liknande.\u00a0<\/p>\r\n<\/div>\r\n<p><a class=\"button\" href=\"https:\/\/www.eu.saveris.testo.com\" target=\"_blank\" rel=\"noopener\">Logga in i molntj\u00e4nsten<\/a><\/p>\r\n<p><a href=\"https:\/\/www.eu.saveris.testo.com\" target=\"_blank\" rel=\"noopener\"><img loading=\"lazy\" decoding=\"async\" class=\"wp-image-55388 alignleft\" src=\"https:\/\/stage.nordtec.se\/wp-content\/uploads\/2025\/09\/Testo_App_Icon_Cloud_512x512-300x300.png\" alt=\"testo Saveris Cloud icon\" width=\"68\" height=\"68\" srcset=\"https:\/\/stage.nordtec.se\/wp-content\/uploads\/2025\/09\/Testo_App_Icon_Cloud_512x512-300x300.png 300w, https:\/\/stage.nordtec.se\/wp-content\/uploads\/2025\/09\/Testo_App_Icon_Cloud_512x512-324x324.png 324w, https:\/\/stage.nordtec.se\/wp-content\/uploads\/2025\/09\/Testo_App_Icon_Cloud_512x512-100x100.png 100w, https:\/\/stage.nordtec.se\/wp-content\/uploads\/2025\/09\/Testo_App_Icon_Cloud_512x512-416x416.png 416w, https:\/\/stage.nordtec.se\/wp-content\/uploads\/2025\/09\/Testo_App_Icon_Cloud_512x512-64x64.png 64w, https:\/\/stage.nordtec.se\/wp-content\/uploads\/2025\/09\/Testo_App_Icon_Cloud_512x512-150x150.png 150w, https:\/\/stage.nordtec.se\/wp-content\/uploads\/2025\/09\/Testo_App_Icon_Cloud_512x512-50x50.png 50w, https:\/\/stage.nordtec.se\/wp-content\/uploads\/2025\/09\/Testo_App_Icon_Cloud_512x512.png 603w\" sizes=\"auto, (max-width: 68px) 100vw, 68px\" \/><\/a><a href=\"https:\/\/stage.nordtec.se\/testo-smart-appen\/\" target=\"_blank\" rel=\"noopener\"><img loading=\"lazy\" decoding=\"async\" class=\"alignnone  wp-image-33549 alignleft\" src=\"https:\/\/stage.nordtec.se\/wp-content\/uploads\/2023\/06\/App-Icon-testo-Smart-round_800px-300x300.png\" alt=\"Logga f\u00f6r testo Smart-appen\" width=\"68\" height=\"68\" srcset=\"https:\/\/stage.nordtec.se\/wp-content\/uploads\/2023\/06\/App-Icon-testo-Smart-round_800px-300x300.png 300w, https:\/\/stage.nordtec.se\/wp-content\/uploads\/2023\/06\/App-Icon-testo-Smart-round_800px-324x324.png 324w, https:\/\/stage.nordtec.se\/wp-content\/uploads\/2023\/06\/App-Icon-testo-Smart-round_800px-100x100.png 100w, https:\/\/stage.nordtec.se\/wp-content\/uploads\/2023\/06\/App-Icon-testo-Smart-round_800px-416x416.png 416w, https:\/\/stage.nordtec.se\/wp-content\/uploads\/2023\/06\/App-Icon-testo-Smart-round_800px-64x64.png 64w, https:\/\/stage.nordtec.se\/wp-content\/uploads\/2023\/06\/App-Icon-testo-Smart-round_800px-150x150.png 150w, https:\/\/stage.nordtec.se\/wp-content\/uploads\/2023\/06\/App-Icon-testo-Smart-round_800px-768x768.png 768w, https:\/\/stage.nordtec.se\/wp-content\/uploads\/2023\/06\/App-Icon-testo-Smart-round_800px.png 800w\" sizes=\"auto, (max-width: 68px) 100vw, 68px\" \/><\/a><\/p>\r\n<p>&nbsp;<\/p>\r\n<p>&nbsp;<\/p>\n<p>&nbsp;<\/p>\n<h3>Included in delivery<\/h3>\n<p>WiFi data logger testo 162 H1, batteries, micro USB cable, wall bracket, factory protocol and brief user manual.<\/p>\n<p><span class=\"ui-provider ed ayd aye ayf ayg ayh ayi ayj ayk ayl aym ayn ayo ayp ayq ayr ays ayt ayu ayv ayw ayx ayy ayz aza azb azc azd aze azf azg azh azi azj azk\" dir=\"ltr\"><strong>Fabriksprotokoll:<\/strong>\u00a0utf\u00e4rdas p\u00e5 fabriken efter en kontroll av att produkten fungerar och uppfyller angiven m\u00e4tnoggrannhet. L\u00e4s om <a href=\"https:\/\/stage.nordtec.se\/kalibrering\/iso-9001-kraver-kalibrerad-matutrustning\/\"><u>skillnaden mellan fabriksprotokoll och ackrediterad kalibrering<\/u><\/a>.<\/span><\/p>\n<p>&nbsp;<\/p>\n","protected":false},"excerpt":{"rendered":"<p>Automatic monitoring of humidity and temperature via WiFi connection (replaces testo Saveris 2 H1)<\/p>\n<ul>\n<li>Internal sensor for humidity and temperature<\/li>\n<li>Measuring range: -30 &#8230; +50 \u00b0C and 0 &#8230; 100 % RH<\/li>\n<li>Exceeded limits are reported immediately via pushnotis or e-mail<\/li>\n<li>Storing measurement data in the cloud service &#8211; accessible anytime, anywhere<\/li>\n<\/ul>\n","protected":false},"featured_media":54519,"template":"","meta":{"_kad_blocks_custom_css":"","_kad_blocks_head_custom_js":"","_kad_blocks_body_custom_js":"","_kad_blocks_footer_custom_js":"","footnotes":""},"product_brand":[1435],"product_cat":[769,783,841,768,779,778,1403,1402,1426,843],"product_tag":[867,914,940],"class_list":{"0":"post-54517","1":"product","2":"type-product","3":"status-publish","4":"has-post-thumbnail","6":"product_brand-testo","7":"product_cat-data-loggers","8":"product_cat-indoor-climate-working-environment","9":"product_cat-measurement-systems","10":"product_cat-measuring-instruments","11":"product_cat-moisture-meters","12":"product_cat-temperature-gauges","13":"product_cat-testo-162-en","14":"product_cat-testo-saveris-cloud-en","15":"product_cat-testo-smart-app","16":"product_cat-wifi-loggers","17":"product_tag-fukt-en","18":"product_tag-temperatur-en","19":"product_tag-wifi-en","21":"first","22":"instock","23":"taxable","24":"shipping-taxable","25":"purchasable","26":"product-type-simple"},"yoast_head":"<!-- This site is optimized with the Yoast SEO Premium plugin v25.8 (Yoast SEO v27.4) - https:\/\/yoast.com\/product\/yoast-seo-premium-wordpress\/ -->\n<title>testo 162 H1 - WiFi data logger for temperature and humidity | Nordtec<\/title>\n<meta name=\"description\" content=\"Cloud-based and automatic humidity and temperature monitoring via WiFi connection \u1405 WiFi data logger for temperature and humidity \u2713 -30 ... +50\u00b0C \u2713 0 ... 100 % RH\" \/>\n<meta name=\"robots\" content=\"noindex, follow, max-snippet:-1, max-image-preview:large, max-video-preview:-1\" \/>\n<meta property=\"og:locale\" content=\"en_US\" \/>\n<meta property=\"og:type\" content=\"article\" \/>\n<meta property=\"og:title\" content=\"testo 162 H1 - WiFi data logger for temperature and humidity\" \/>\n<meta property=\"og:description\" content=\"Cloud-based and automatic humidity and temperature monitoring via WiFi connection \u1405 WiFi data logger for temperature and humidity \u2713 -30 ... +50\u00b0C \u2713 0 ... 100 % RH\" \/>\n<meta property=\"og:url\" content=\"https:\/\/stage.nordtec.se\/en\/product\/measurement-systems\/testo-saveris-cloud-en\/testo-162-h1-wifi-data-logger-temperature-and-humidity\/\" \/>\n<meta property=\"og:site_name\" content=\"Nordtec\" \/>\n<meta property=\"article:publisher\" content=\"https:\/\/www.facebook.com\/nordtecinstrument\" \/>\n<meta property=\"article:modified_time\" content=\"2025-11-27T08:23:25+00:00\" \/>\n<meta property=\"og:image\" content=\"https:\/\/stage.nordtec.se\/wp-content\/uploads\/2025\/09\/testo-162-h1-measuring-humidity-value-front_800px.png\" \/>\n\t<meta property=\"og:image:width\" content=\"800\" \/>\n\t<meta property=\"og:image:height\" content=\"800\" \/>\n\t<meta property=\"og:image:type\" content=\"image\/png\" \/>\n<meta name=\"twitter:card\" content=\"summary_large_image\" \/>\n<meta name=\"twitter:label1\" content=\"Est. reading time\" \/>\n\t<meta name=\"twitter:data1\" content=\"3 minutes\" \/>\n<script type=\"application\/ld+json\" class=\"yoast-schema-graph\">{\"@context\":\"https:\\\/\\\/schema.org\",\"@graph\":[{\"@type\":[\"WebPage\",\"ItemPage\"],\"@id\":\"https:\\\/\\\/stage.nordtec.se\\\/en\\\/product\\\/measurement-systems\\\/testo-saveris-cloud-en\\\/testo-162-h1-wifi-data-logger-temperature-and-humidity\\\/\",\"url\":\"https:\\\/\\\/stage.nordtec.se\\\/en\\\/product\\\/measurement-systems\\\/testo-saveris-cloud-en\\\/testo-162-h1-wifi-data-logger-temperature-and-humidity\\\/\",\"name\":\"testo 162 H1 - WiFi data logger for temperature and humidity | Nordtec\",\"isPartOf\":{\"@id\":\"https:\\\/\\\/stage.nordtec.se\\\/en\\\/#website\"},\"primaryImageOfPage\":{\"@id\":\"https:\\\/\\\/stage.nordtec.se\\\/en\\\/product\\\/measurement-systems\\\/testo-saveris-cloud-en\\\/testo-162-h1-wifi-data-logger-temperature-and-humidity\\\/#primaryimage\"},\"image\":{\"@id\":\"https:\\\/\\\/stage.nordtec.se\\\/en\\\/product\\\/measurement-systems\\\/testo-saveris-cloud-en\\\/testo-162-h1-wifi-data-logger-temperature-and-humidity\\\/#primaryimage\"},\"thumbnailUrl\":\"https:\\\/\\\/stage.nordtec.se\\\/wp-content\\\/uploads\\\/2025\\\/09\\\/testo-162-h1-measuring-humidity-value-front_800px.png\",\"datePublished\":\"2025-09-16T12:29:26+00:00\",\"dateModified\":\"2025-11-27T08:23:25+00:00\",\"description\":\"Cloud-based and automatic humidity and temperature monitoring via WiFi connection \u1405 WiFi data logger for temperature and humidity \u2713 -30 ... +50\u00b0C \u2713 0 ... 100 % RH\",\"breadcrumb\":{\"@id\":\"https:\\\/\\\/stage.nordtec.se\\\/en\\\/product\\\/measurement-systems\\\/testo-saveris-cloud-en\\\/testo-162-h1-wifi-data-logger-temperature-and-humidity\\\/#breadcrumb\"},\"inLanguage\":\"en-US\",\"potentialAction\":[{\"@type\":\"ReadAction\",\"target\":[\"https:\\\/\\\/stage.nordtec.se\\\/en\\\/product\\\/measurement-systems\\\/testo-saveris-cloud-en\\\/testo-162-h1-wifi-data-logger-temperature-and-humidity\\\/\"]}]},{\"@type\":\"ImageObject\",\"inLanguage\":\"en-US\",\"@id\":\"https:\\\/\\\/stage.nordtec.se\\\/en\\\/product\\\/measurement-systems\\\/testo-saveris-cloud-en\\\/testo-162-h1-wifi-data-logger-temperature-and-humidity\\\/#primaryimage\",\"url\":\"https:\\\/\\\/stage.nordtec.se\\\/wp-content\\\/uploads\\\/2025\\\/09\\\/testo-162-h1-measuring-humidity-value-front_800px.png\",\"contentUrl\":\"https:\\\/\\\/stage.nordtec.se\\\/wp-content\\\/uploads\\\/2025\\\/09\\\/testo-162-h1-measuring-humidity-value-front_800px.png\",\"width\":800,\"height\":800,\"caption\":\"testo 162 H1 - WiFi data logger for temperature and humidity\"},{\"@type\":\"BreadcrumbList\",\"@id\":\"https:\\\/\\\/stage.nordtec.se\\\/en\\\/product\\\/measurement-systems\\\/testo-saveris-cloud-en\\\/testo-162-h1-wifi-data-logger-temperature-and-humidity\\\/#breadcrumb\",\"itemListElement\":[{\"@type\":\"ListItem\",\"position\":1,\"name\":\"Hem\",\"item\":\"https:\\\/\\\/stage.nordtec.se\\\/en\\\/?lang=en\"},{\"@type\":\"ListItem\",\"position\":2,\"name\":\"Shop\",\"item\":\"https:\\\/\\\/stage.nordtec.se\\\/shop\\\/?lang=en\"},{\"@type\":\"ListItem\",\"position\":3,\"name\":\"testo 162 H1 &#8211; WiFi data logger for temperature and humidity\"}]},{\"@type\":\"WebSite\",\"@id\":\"https:\\\/\\\/stage.nordtec.se\\\/en\\\/#website\",\"url\":\"https:\\\/\\\/stage.nordtec.se\\\/en\\\/\",\"name\":\"Nordtec\",\"description\":\"Din partner inom m\u00e4tteknik\",\"publisher\":{\"@id\":\"https:\\\/\\\/stage.nordtec.se\\\/en\\\/#organization\"},\"potentialAction\":[{\"@type\":\"SearchAction\",\"target\":{\"@type\":\"EntryPoint\",\"urlTemplate\":\"https:\\\/\\\/stage.nordtec.se\\\/en\\\/?s={search_term_string}\"},\"query-input\":{\"@type\":\"PropertyValueSpecification\",\"valueRequired\":true,\"valueName\":\"search_term_string\"}}],\"inLanguage\":\"en-US\"},{\"@type\":\"Organization\",\"@id\":\"https:\\\/\\\/stage.nordtec.se\\\/en\\\/#organization\",\"name\":\"Nordtec Instrument AB\",\"url\":\"https:\\\/\\\/stage.nordtec.se\\\/en\\\/\",\"logo\":{\"@type\":\"ImageObject\",\"inLanguage\":\"en-US\",\"@id\":\"https:\\\/\\\/stage.nordtec.se\\\/en\\\/#\\\/schema\\\/logo\\\/image\\\/\",\"url\":\"https:\\\/\\\/stage.nordtec.se\\\/wp-content\\\/uploads\\\/2021\\\/08\\\/nordtec_logo_rgb-340px.png\",\"contentUrl\":\"https:\\\/\\\/stage.nordtec.se\\\/wp-content\\\/uploads\\\/2021\\\/08\\\/nordtec_logo_rgb-340px.png\",\"width\":340,\"height\":75,\"caption\":\"Nordtec Instrument AB\"},\"image\":{\"@id\":\"https:\\\/\\\/stage.nordtec.se\\\/en\\\/#\\\/schema\\\/logo\\\/image\\\/\"},\"sameAs\":[\"https:\\\/\\\/www.facebook.com\\\/nordtecinstrument\",\"https:\\\/\\\/www.instagram.com\\\/nordtec_instrument\\\/\",\"https:\\\/\\\/www.linkedin.com\\\/company\\\/nordtec-instrument-ab\\\/\",\"https:\\\/\\\/www.youtube.com\\\/channel\\\/UCbmAq3ZmfBKOGg7_igFURng\"]}]}<\/script>\n<!-- \/ Yoast SEO Premium plugin. -->","yoast_head_json":{"title":"testo 162 H1 - WiFi data logger for temperature and humidity | Nordtec","description":"Cloud-based and automatic humidity and temperature monitoring via WiFi connection \u1405 WiFi data logger for temperature and humidity \u2713 -30 ... +50\u00b0C \u2713 0 ... 100 % RH","robots":{"index":"noindex","follow":"follow","max-snippet":"max-snippet:-1","max-image-preview":"max-image-preview:large","max-video-preview":"max-video-preview:-1"},"og_locale":"en_US","og_type":"article","og_title":"testo 162 H1 - WiFi data logger for temperature and humidity","og_description":"Cloud-based and automatic humidity and temperature monitoring via WiFi connection \u1405 WiFi data logger for temperature and humidity \u2713 -30 ... +50\u00b0C \u2713 0 ... 100 % RH","og_url":"https:\/\/stage.nordtec.se\/en\/product\/measurement-systems\/testo-saveris-cloud-en\/testo-162-h1-wifi-data-logger-temperature-and-humidity\/","og_site_name":"Nordtec","article_publisher":"https:\/\/www.facebook.com\/nordtecinstrument","article_modified_time":"2025-11-27T08:23:25+00:00","og_image":[{"width":800,"height":800,"url":"https:\/\/stage.nordtec.se\/wp-content\/uploads\/2025\/09\/testo-162-h1-measuring-humidity-value-front_800px.png","type":"image\/png"}],"twitter_card":"summary_large_image","twitter_misc":{"Est. reading time":"3 minutes"},"schema":{"@context":"https:\/\/schema.org","@graph":[{"@type":["WebPage","ItemPage"],"@id":"https:\/\/stage.nordtec.se\/en\/product\/measurement-systems\/testo-saveris-cloud-en\/testo-162-h1-wifi-data-logger-temperature-and-humidity\/","url":"https:\/\/stage.nordtec.se\/en\/product\/measurement-systems\/testo-saveris-cloud-en\/testo-162-h1-wifi-data-logger-temperature-and-humidity\/","name":"testo 162 H1 - WiFi data logger for temperature and humidity | Nordtec","isPartOf":{"@id":"https:\/\/stage.nordtec.se\/en\/#website"},"primaryImageOfPage":{"@id":"https:\/\/stage.nordtec.se\/en\/product\/measurement-systems\/testo-saveris-cloud-en\/testo-162-h1-wifi-data-logger-temperature-and-humidity\/#primaryimage"},"image":{"@id":"https:\/\/stage.nordtec.se\/en\/product\/measurement-systems\/testo-saveris-cloud-en\/testo-162-h1-wifi-data-logger-temperature-and-humidity\/#primaryimage"},"thumbnailUrl":"https:\/\/stage.nordtec.se\/wp-content\/uploads\/2025\/09\/testo-162-h1-measuring-humidity-value-front_800px.png","datePublished":"2025-09-16T12:29:26+00:00","dateModified":"2025-11-27T08:23:25+00:00","description":"Cloud-based and automatic humidity and temperature monitoring via WiFi connection \u1405 WiFi data logger for temperature and humidity \u2713 -30 ... +50\u00b0C \u2713 0 ... 100 % RH","breadcrumb":{"@id":"https:\/\/stage.nordtec.se\/en\/product\/measurement-systems\/testo-saveris-cloud-en\/testo-162-h1-wifi-data-logger-temperature-and-humidity\/#breadcrumb"},"inLanguage":"en-US","potentialAction":[{"@type":"ReadAction","target":["https:\/\/stage.nordtec.se\/en\/product\/measurement-systems\/testo-saveris-cloud-en\/testo-162-h1-wifi-data-logger-temperature-and-humidity\/"]}]},{"@type":"ImageObject","inLanguage":"en-US","@id":"https:\/\/stage.nordtec.se\/en\/product\/measurement-systems\/testo-saveris-cloud-en\/testo-162-h1-wifi-data-logger-temperature-and-humidity\/#primaryimage","url":"https:\/\/stage.nordtec.se\/wp-content\/uploads\/2025\/09\/testo-162-h1-measuring-humidity-value-front_800px.png","contentUrl":"https:\/\/stage.nordtec.se\/wp-content\/uploads\/2025\/09\/testo-162-h1-measuring-humidity-value-front_800px.png","width":800,"height":800,"caption":"testo 162 H1 - WiFi data logger for temperature and humidity"},{"@type":"BreadcrumbList","@id":"https:\/\/stage.nordtec.se\/en\/product\/measurement-systems\/testo-saveris-cloud-en\/testo-162-h1-wifi-data-logger-temperature-and-humidity\/#breadcrumb","itemListElement":[{"@type":"ListItem","position":1,"name":"Hem","item":"https:\/\/stage.nordtec.se\/en\/?lang=en"},{"@type":"ListItem","position":2,"name":"Shop","item":"https:\/\/stage.nordtec.se\/shop\/?lang=en"},{"@type":"ListItem","position":3,"name":"testo 162 H1 &#8211; WiFi data logger for temperature and humidity"}]},{"@type":"WebSite","@id":"https:\/\/stage.nordtec.se\/en\/#website","url":"https:\/\/stage.nordtec.se\/en\/","name":"Nordtec","description":"Din partner inom m\u00e4tteknik","publisher":{"@id":"https:\/\/stage.nordtec.se\/en\/#organization"},"potentialAction":[{"@type":"SearchAction","target":{"@type":"EntryPoint","urlTemplate":"https:\/\/stage.nordtec.se\/en\/?s={search_term_string}"},"query-input":{"@type":"PropertyValueSpecification","valueRequired":true,"valueName":"search_term_string"}}],"inLanguage":"en-US"},{"@type":"Organization","@id":"https:\/\/stage.nordtec.se\/en\/#organization","name":"Nordtec Instrument AB","url":"https:\/\/stage.nordtec.se\/en\/","logo":{"@type":"ImageObject","inLanguage":"en-US","@id":"https:\/\/stage.nordtec.se\/en\/#\/schema\/logo\/image\/","url":"https:\/\/stage.nordtec.se\/wp-content\/uploads\/2021\/08\/nordtec_logo_rgb-340px.png","contentUrl":"https:\/\/stage.nordtec.se\/wp-content\/uploads\/2021\/08\/nordtec_logo_rgb-340px.png","width":340,"height":75,"caption":"Nordtec Instrument AB"},"image":{"@id":"https:\/\/stage.nordtec.se\/en\/#\/schema\/logo\/image\/"},"sameAs":["https:\/\/www.facebook.com\/nordtecinstrument","https:\/\/www.instagram.com\/nordtec_instrument\/","https:\/\/www.linkedin.com\/company\/nordtec-instrument-ab\/","https:\/\/www.youtube.com\/channel\/UCbmAq3ZmfBKOGg7_igFURng"]}]}},"taxonomy_info":{"product_brand":[{"value":1435,"label":"Testo"}],"product_cat":[{"value":769,"label":"Data loggers"},{"value":783,"label":"Indoor climate &amp; working environment"},{"value":841,"label":"Measurement systems"},{"value":768,"label":"Measuring instruments"},{"value":779,"label":"Moisture meters"},{"value":778,"label":"Temperature gauges"},{"value":1403,"label":"testo 162"},{"value":1402,"label":"testo Saveris Cloud"},{"value":1426,"label":"testo Smart App"},{"value":843,"label":"Wifi loggers"}],"product_tag":[{"value":867,"label":"Fukt"},{"value":914,"label":"Temperatur"},{"value":940,"label":"Wifi"}]},"featured_image_src_large":["https:\/\/stage.nordtec.se\/wp-content\/uploads\/2025\/09\/testo-162-h1-measuring-humidity-value-front_800px.png",800,800,false],"author_info":[],"comment_info":"","_links":{"self":[{"href":"https:\/\/stage.nordtec.se\/en\/wp-json\/wp\/v2\/product\/54517","targetHints":{"allow":["GET"]}}],"collection":[{"href":"https:\/\/stage.nordtec.se\/en\/wp-json\/wp\/v2\/product"}],"about":[{"href":"https:\/\/stage.nordtec.se\/en\/wp-json\/wp\/v2\/types\/product"}],"version-history":[{"count":5,"href":"https:\/\/stage.nordtec.se\/en\/wp-json\/wp\/v2\/product\/54517\/revisions"}],"predecessor-version":[{"id":56663,"href":"https:\/\/stage.nordtec.se\/en\/wp-json\/wp\/v2\/product\/54517\/revisions\/56663"}],"wp:featuredmedia":[{"embeddable":true,"href":"https:\/\/stage.nordtec.se\/en\/wp-json\/wp\/v2\/media\/54519"}],"wp:attachment":[{"href":"https:\/\/stage.nordtec.se\/en\/wp-json\/wp\/v2\/media?parent=54517"}],"wp:term":[{"taxonomy":"product_brand","embeddable":true,"href":"https:\/\/stage.nordtec.se\/en\/wp-json\/wp\/v2\/product_brand?post=54517"},{"taxonomy":"product_cat","embeddable":true,"href":"https:\/\/stage.nordtec.se\/en\/wp-json\/wp\/v2\/product_cat?post=54517"},{"taxonomy":"product_tag","embeddable":true,"href":"https:\/\/stage.nordtec.se\/en\/wp-json\/wp\/v2\/product_tag?post=54517"}],"curies":[{"name":"wp","href":"https:\/\/api.w.org\/{rel}","templated":true}]}}