{"id":54503,"date":"2025-09-16T12:58:51","date_gmt":"2025-09-16T10:58:51","guid":{"rendered":"https:\/\/stage.nordtec.se\/?post_type=product&#038;p=54503"},"modified":"2026-05-13T09:26:39","modified_gmt":"2026-05-13T07:26:39","slug":"testo-162-t3-wifi-data-logger-te-temperature","status":"publish","type":"product","link":"https:\/\/stage.nordtec.se\/en\/product\/measuring-instruments\/temperature-gauges\/temperature-loggers\/testo-162-t3-wifi-data-logger-te-temperature\/","title":{"rendered":"testo 162 T3 &#8211; WiFi data logger for 2 TE temperature sensors"},"content":{"rendered":"<h2>testo 162 T3 &#8211; WiFi data logger for temperature with connections for 2 external TE sensors<\/h2>\n<p>The testo 162 T3 is part of the testo 162 data logger series, created to provide 100% control over sensitive indoor environments. The series offers a wide range of variants of connected data loggers, both with internal sensors and external sensors, which can be combined to form a complete measurement system. A flexible overall solution that fits in a variety of different types of premises &#8211; from office and exhibition environments to cold rooms, warehouses and the transport of sensitive goods. All measured values are sent via WiFi connection to testo Smart Connect, where you can analyze the data on your internet-connected mobile, tablet or computer. If a limit value is exceeded, you are notified directly via push notification or e-mail. Monitoring, alarms and documentation are fully automated, to protect your products, ensure the highest quality and save you valuable time. You can also connect online data loggers from the testo 160 and 164 series to the same measuring system for even greater flexibility.<\/p>\n<h3>Flexible temperature monitoring with the testo 162 T3 connected data logger<\/h3>\n<p>A clear display and two inputs for external TE temperature sensors of types K, J and T make the testo 162 T3 very flexible. It can measure temperatures between -200 \u00b0C and +1350 \u00b0C, depending on the sensor you use &#8211; making it useful in a wide range of spaces. For example, the ability to connect two separate sensors allows you to monitor the temperature of both the room itself and a display or storage cabinet simultaneously. In this way, the WiFi data logger contributes to full control over sensitive environments and products.<\/p>\n<p>The internal data storage capacity of the WiFi data logger is 10,000 readings\/channel and the instrument housing has IP65 protection. The standard batteries have a lifetime of 12 months.<\/p>\n<h3 data-start=\"85\" data-end=\"354\">With testo Smart Connect, monitoring is simple and fully automated<\/h3>\n<p data-start=\"85\" data-end=\"354\">All you need to do is create an account and perform a one-time installation: configure your WiFi logs and set alarm limits. After that, the system takes care of the rest on its own. The cloud service acts as a central platform for your monitoring, collecting real-time data from all connected data loggers in one place. Connect to <a href=\"https:\/\/stage.nordtec.se\/en\/testo-smart-apps\/\">the testo Smart app<\/a> for access to extra smart features, such as smooth commissioning, clear display of measurement data and push notifications in case of alarms.<\/p>\n<p data-start=\"85\" data-end=\"354\"><p><strong><a class=\"poppers\">Read this before creating an account &gt;&gt;<\/a><\/strong><\/p>\r\n<div id=\"poptext\">\r\n<p>When registering a cloud account in testo Smart Connect, an email address is required. We recommend that you do not use a \u201cpersonal\u201d email address. Instead, it is better to create a \u201cgeneral address\u201d that is not linked to a specific person. A suitable example could be \u201dinfo@exempel.com\u201d or similar.<\/p>\r\n<\/div>\r\n<p><a class=\"button\" href=\"http:\/\/www.smartconnect.testo.com\/\" target=\"_blank\" rel=\"noopener\">Log in to the cloud service<\/a><\/p>\r\n<p><a href=\"https:\/\/stage.nordtec.se\/en\/presentation-of-measurement-systems\/testo-smart-connect\/\" target=\"_blank\" rel=\"noopener\"><img loading=\"lazy\" decoding=\"async\" class=\"alignleft wp-image-60498\" src=\"https:\/\/stage.nordtec.se\/wp-content\/uploads\/2026\/04\/testo-smart-connect-logo-300x300.png\" alt=\"testo Smart Connect\" width=\"68\" height=\"68\" srcset=\"https:\/\/stage.nordtec.se\/wp-content\/uploads\/2026\/04\/testo-smart-connect-logo-300x300.png 300w, https:\/\/stage.nordtec.se\/wp-content\/uploads\/2026\/04\/testo-smart-connect-logo-150x150.png 150w, https:\/\/stage.nordtec.se\/wp-content\/uploads\/2026\/04\/testo-smart-connect-logo-768x768.png 768w, https:\/\/stage.nordtec.se\/wp-content\/uploads\/2026\/04\/testo-smart-connect-logo-50x50.png 50w, https:\/\/stage.nordtec.se\/wp-content\/uploads\/2026\/04\/testo-smart-connect-logo-324x324.png 324w, https:\/\/stage.nordtec.se\/wp-content\/uploads\/2026\/04\/testo-smart-connect-logo-416x416.png 416w, https:\/\/stage.nordtec.se\/wp-content\/uploads\/2026\/04\/testo-smart-connect-logo-100x100.png 100w, https:\/\/stage.nordtec.se\/wp-content\/uploads\/2026\/04\/testo-smart-connect-logo-64x64.png 64w, https:\/\/stage.nordtec.se\/wp-content\/uploads\/2026\/04\/testo-smart-connect-logo.png 800w\" sizes=\"auto, (max-width: 68px) 100vw, 68px\" \/><\/a><a href=\"https:\/\/stage.nordtec.se\/en\/testo-smart-apps\/\" target=\"_blank\" rel=\"noopener\"><img loading=\"lazy\" decoding=\"async\" class=\"alignleft wp-image-33549\" src=\"https:\/\/stage.nordtec.se\/wp-content\/uploads\/2023\/06\/App-Icon-testo-Smart-round_800px-300x300.png\" alt=\"Logga f\u00f6r testo Smart-appen\" width=\"68\" height=\"68\" srcset=\"https:\/\/stage.nordtec.se\/wp-content\/uploads\/2023\/06\/App-Icon-testo-Smart-round_800px-300x300.png 300w, https:\/\/stage.nordtec.se\/wp-content\/uploads\/2023\/06\/App-Icon-testo-Smart-round_800px-150x150.png 150w, https:\/\/stage.nordtec.se\/wp-content\/uploads\/2023\/06\/App-Icon-testo-Smart-round_800px-768x768.png 768w, https:\/\/stage.nordtec.se\/wp-content\/uploads\/2023\/06\/App-Icon-testo-Smart-round_800px-324x324.png 324w, https:\/\/stage.nordtec.se\/wp-content\/uploads\/2023\/06\/App-Icon-testo-Smart-round_800px-416x416.png 416w, https:\/\/stage.nordtec.se\/wp-content\/uploads\/2023\/06\/App-Icon-testo-Smart-round_800px-100x100.png 100w, https:\/\/stage.nordtec.se\/wp-content\/uploads\/2023\/06\/App-Icon-testo-Smart-round_800px-64x64.png 64w, https:\/\/stage.nordtec.se\/wp-content\/uploads\/2023\/06\/App-Icon-testo-Smart-round_800px.png 800w\" sizes=\"auto, (max-width: 68px) 100vw, 68px\" \/><\/a><\/p>\r\n<p>&nbsp;<\/p>\r\n<p>&nbsp;<\/p>\n<h3><\/h3>\n<h3>Included in delivery<\/h3>\n<ul>\n<li>WiFi data logger testo 162 T3<\/li>\n<li>Micro USB cable<\/li>\n<li>Wall mount with lock<\/li>\n<li>Batteries (4 x AA)<\/li>\n<li>Short instructions<\/li>\n<li>Factory protocol<\/li>\n<\/ul>\n<p><span class=\"ui-provider ed ayd aye ayf ayg ayh ayi ayj ayk ayl aym ayn ayo ayp ayq ayr ays ayt ayu ayv ayw ayx ayy ayz aza azb azc azd aze azf azg azh azi azj azk\" dir=\"ltr\"><strong>Fabriksprotokoll:<\/strong>\u00a0utf\u00e4rdas p\u00e5 fabriken efter en kontroll av att produkten fungerar och uppfyller angiven m\u00e4tnoggrannhet. L\u00e4s om <a href=\"https:\/\/stage.nordtec.se\/kalibrering\/iso-9001-kraver-kalibrerad-matutrustning\/\"><u>skillnaden mellan fabriksprotokoll och ackrediterad kalibrering<\/u><\/a>.<\/span><\/p>\n","protected":false},"excerpt":{"rendered":"<p>Cloud-based and automatic temperature monitoring via WiFi connection (replaces testo Saveris 2 T3)<\/p>\n<ul>\n<li style=\"list-style-type: none;\">\n<ul>\n<li>Connection possibility for 2 external TE temperature sensors (type K, J, T)<\/li>\n<li>Measuring range: -195 \u00b0C to +1 350 \u00b0C with TE temperature gauge type K<\/li>\n<li>Exceeded limits are reported immediately via pushnotis or e-mail<\/li>\n<li>Storing measurement data in the cloud service &#8211; accessible anytime, anywhere<\/li>\n<\/ul>\n<\/li>\n<\/ul>\n","protected":false},"featured_media":54509,"template":"","meta":{"_kad_blocks_custom_css":"","_kad_blocks_head_custom_js":"","_kad_blocks_body_custom_js":"","_kad_blocks_footer_custom_js":"","footnotes":""},"product_brand":[],"product_cat":[769,783,841,768,778,828,1403,1426,1402,843],"product_tag":[914,940],"class_list":{"0":"post-54503","1":"product","2":"type-product","3":"status-publish","4":"has-post-thumbnail","6":"product_cat-data-loggers","7":"product_cat-indoor-climate-working-environment","8":"product_cat-measurement-systems","9":"product_cat-measuring-instruments","10":"product_cat-temperature-gauges","11":"product_cat-temperature-loggers","12":"product_cat-testo-162-en","13":"product_cat-testo-smart-app","14":"product_cat-testo-smart-connect-en","15":"product_cat-wifi-loggers","16":"product_tag-temperatur-en","17":"product_tag-wifi-en","19":"first","20":"instock","21":"taxable","22":"shipping-taxable","23":"purchasable","24":"product-type-simple"},"yoast_head":"<!-- This site is optimized with the Yoast SEO Premium plugin v27.3 (Yoast SEO v27.6) - https:\/\/yoast.com\/product\/yoast-seo-premium-wordpress\/ -->\n<title>testo 162 T3 - WiFi data logger for 2 TE temperature sensors | Nordtec<\/title>\n<meta name=\"description\" content=\"Cloud-based and automatic temperature monitoring via WiFi connection \u1405 WiFi data logger for temperature sensors \u2713 -195 ... +1350\u00b0C \u2713 for 2 TE sensors\" \/>\n<meta name=\"robots\" content=\"noindex, follow, max-snippet:-1, max-image-preview:large, max-video-preview:-1\" \/>\n<meta property=\"og:locale\" content=\"en_US\" \/>\n<meta property=\"og:type\" content=\"article\" \/>\n<meta property=\"og:title\" content=\"testo 162 T3 - WiFi data logger for 2 TE temperature sensors\" \/>\n<meta property=\"og:description\" content=\"Cloud-based and automatic temperature monitoring via WiFi connection \u1405 WiFi data logger for temperature sensors \u2713 -195 ... +1350\u00b0C \u2713 for 2 TE sensors\" \/>\n<meta property=\"og:url\" content=\"https:\/\/stage.nordtec.se\/en\/product\/measuring-instruments\/temperature-gauges\/temperature-loggers\/testo-162-t3-wifi-data-logger-te-temperature\/\" \/>\n<meta property=\"og:site_name\" content=\"Nordtec\" \/>\n<meta property=\"article:publisher\" content=\"https:\/\/www.facebook.com\/nordtecinstrument\" \/>\n<meta property=\"article:modified_time\" content=\"2026-05-13T07:26:39+00:00\" \/>\n<meta property=\"og:image\" content=\"https:\/\/stage.nordtec.se\/wp-content\/uploads\/2025\/09\/testo-162-t-3-measuring-temperature-value-front_800px.png\" \/>\n\t<meta property=\"og:image:width\" content=\"800\" \/>\n\t<meta property=\"og:image:height\" content=\"800\" \/>\n\t<meta property=\"og:image:type\" content=\"image\/png\" \/>\n<meta name=\"twitter:card\" content=\"summary_large_image\" \/>\n<meta name=\"twitter:label1\" content=\"Est. reading time\" \/>\n\t<meta name=\"twitter:data1\" content=\"3 minutes\" \/>\n<script type=\"application\/ld+json\" class=\"yoast-schema-graph\">{\"@context\":\"https:\\\/\\\/schema.org\",\"@graph\":[{\"@type\":[\"WebPage\",\"ItemPage\"],\"@id\":\"https:\\\/\\\/stage.nordtec.se\\\/en\\\/product\\\/measuring-instruments\\\/temperature-gauges\\\/temperature-loggers\\\/testo-162-t3-wifi-data-logger-te-temperature\\\/\",\"url\":\"https:\\\/\\\/stage.nordtec.se\\\/en\\\/product\\\/measuring-instruments\\\/temperature-gauges\\\/temperature-loggers\\\/testo-162-t3-wifi-data-logger-te-temperature\\\/\",\"name\":\"testo 162 T3 - WiFi data logger for 2 TE temperature sensors | Nordtec\",\"isPartOf\":{\"@id\":\"https:\\\/\\\/stage.nordtec.se\\\/en\\\/#website\"},\"primaryImageOfPage\":{\"@id\":\"https:\\\/\\\/stage.nordtec.se\\\/en\\\/product\\\/measuring-instruments\\\/temperature-gauges\\\/temperature-loggers\\\/testo-162-t3-wifi-data-logger-te-temperature\\\/#primaryimage\"},\"image\":{\"@id\":\"https:\\\/\\\/stage.nordtec.se\\\/en\\\/product\\\/measuring-instruments\\\/temperature-gauges\\\/temperature-loggers\\\/testo-162-t3-wifi-data-logger-te-temperature\\\/#primaryimage\"},\"thumbnailUrl\":\"https:\\\/\\\/stage.nordtec.se\\\/wp-content\\\/uploads\\\/2025\\\/09\\\/testo-162-t-3-measuring-temperature-value-front_800px.png\",\"datePublished\":\"2025-09-16T10:58:51+00:00\",\"dateModified\":\"2026-05-13T07:26:39+00:00\",\"description\":\"Cloud-based and automatic temperature monitoring via WiFi connection \u1405 WiFi data logger for temperature sensors \u2713 -195 ... +1350\u00b0C \u2713 for 2 TE sensors\",\"breadcrumb\":{\"@id\":\"https:\\\/\\\/stage.nordtec.se\\\/en\\\/product\\\/measuring-instruments\\\/temperature-gauges\\\/temperature-loggers\\\/testo-162-t3-wifi-data-logger-te-temperature\\\/#breadcrumb\"},\"inLanguage\":\"en-US\",\"potentialAction\":[{\"@type\":\"ReadAction\",\"target\":[\"https:\\\/\\\/stage.nordtec.se\\\/en\\\/product\\\/measuring-instruments\\\/temperature-gauges\\\/temperature-loggers\\\/testo-162-t3-wifi-data-logger-te-temperature\\\/\"]}]},{\"@type\":\"ImageObject\",\"inLanguage\":\"en-US\",\"@id\":\"https:\\\/\\\/stage.nordtec.se\\\/en\\\/product\\\/measuring-instruments\\\/temperature-gauges\\\/temperature-loggers\\\/testo-162-t3-wifi-data-logger-te-temperature\\\/#primaryimage\",\"url\":\"https:\\\/\\\/stage.nordtec.se\\\/wp-content\\\/uploads\\\/2025\\\/09\\\/testo-162-t-3-measuring-temperature-value-front_800px.png\",\"contentUrl\":\"https:\\\/\\\/stage.nordtec.se\\\/wp-content\\\/uploads\\\/2025\\\/09\\\/testo-162-t-3-measuring-temperature-value-front_800px.png\",\"width\":800,\"height\":800,\"caption\":\"testo 162 T3- Wifi data logger for temperature sensors\"},{\"@type\":\"BreadcrumbList\",\"@id\":\"https:\\\/\\\/stage.nordtec.se\\\/en\\\/product\\\/measuring-instruments\\\/temperature-gauges\\\/temperature-loggers\\\/testo-162-t3-wifi-data-logger-te-temperature\\\/#breadcrumb\",\"itemListElement\":[{\"@type\":\"ListItem\",\"position\":1,\"name\":\"Hem\",\"item\":\"https:\\\/\\\/stage.nordtec.se\\\/en\\\/\"},{\"@type\":\"ListItem\",\"position\":2,\"name\":\"Shop\",\"item\":\"https:\\\/\\\/stage.nordtec.se\\\/shop\\\/?lang=en\"},{\"@type\":\"ListItem\",\"position\":3,\"name\":\"testo 162 T3 &#8211; WiFi data logger for 2 TE temperature sensors\"}]},{\"@type\":\"WebSite\",\"@id\":\"https:\\\/\\\/stage.nordtec.se\\\/en\\\/#website\",\"url\":\"https:\\\/\\\/stage.nordtec.se\\\/en\\\/\",\"name\":\"Nordtec\",\"description\":\"Din partner inom m\u00e4tteknik\",\"publisher\":{\"@id\":\"https:\\\/\\\/stage.nordtec.se\\\/en\\\/#organization\"},\"potentialAction\":[{\"@type\":\"SearchAction\",\"target\":{\"@type\":\"EntryPoint\",\"urlTemplate\":\"https:\\\/\\\/stage.nordtec.se\\\/en\\\/?s={search_term_string}\"},\"query-input\":{\"@type\":\"PropertyValueSpecification\",\"valueRequired\":true,\"valueName\":\"search_term_string\"}}],\"inLanguage\":\"en-US\"},{\"@type\":\"Organization\",\"@id\":\"https:\\\/\\\/stage.nordtec.se\\\/en\\\/#organization\",\"name\":\"Nordtec Instrument AB\",\"url\":\"https:\\\/\\\/stage.nordtec.se\\\/en\\\/\",\"logo\":{\"@type\":\"ImageObject\",\"inLanguage\":\"en-US\",\"@id\":\"https:\\\/\\\/stage.nordtec.se\\\/en\\\/#\\\/schema\\\/logo\\\/image\\\/\",\"url\":\"https:\\\/\\\/stage.nordtec.se\\\/wp-content\\\/uploads\\\/2021\\\/08\\\/nordtec_logo_rgb-340px.png\",\"contentUrl\":\"https:\\\/\\\/stage.nordtec.se\\\/wp-content\\\/uploads\\\/2021\\\/08\\\/nordtec_logo_rgb-340px.png\",\"width\":340,\"height\":75,\"caption\":\"Nordtec Instrument AB\"},\"image\":{\"@id\":\"https:\\\/\\\/stage.nordtec.se\\\/en\\\/#\\\/schema\\\/logo\\\/image\\\/\"},\"sameAs\":[\"https:\\\/\\\/www.facebook.com\\\/nordtecinstrument\",\"https:\\\/\\\/www.instagram.com\\\/nordtec_instrument\\\/\",\"https:\\\/\\\/www.linkedin.com\\\/company\\\/nordtec-instrument-ab\\\/\",\"https:\\\/\\\/www.youtube.com\\\/channel\\\/UCbmAq3ZmfBKOGg7_igFURng\"]}]}<\/script>\n<!-- \/ Yoast SEO Premium plugin. -->","yoast_head_json":{"title":"testo 162 T3 - WiFi data logger for 2 TE temperature sensors | Nordtec","description":"Cloud-based and automatic temperature monitoring via WiFi connection \u1405 WiFi data logger for temperature sensors \u2713 -195 ... +1350\u00b0C \u2713 for 2 TE sensors","robots":{"index":"noindex","follow":"follow","max-snippet":"max-snippet:-1","max-image-preview":"max-image-preview:large","max-video-preview":"max-video-preview:-1"},"og_locale":"en_US","og_type":"article","og_title":"testo 162 T3 - WiFi data logger for 2 TE temperature sensors","og_description":"Cloud-based and automatic temperature monitoring via WiFi connection \u1405 WiFi data logger for temperature sensors \u2713 -195 ... +1350\u00b0C \u2713 for 2 TE sensors","og_url":"https:\/\/stage.nordtec.se\/en\/product\/measuring-instruments\/temperature-gauges\/temperature-loggers\/testo-162-t3-wifi-data-logger-te-temperature\/","og_site_name":"Nordtec","article_publisher":"https:\/\/www.facebook.com\/nordtecinstrument","article_modified_time":"2026-05-13T07:26:39+00:00","og_image":[{"width":800,"height":800,"url":"https:\/\/stage.nordtec.se\/wp-content\/uploads\/2025\/09\/testo-162-t-3-measuring-temperature-value-front_800px.png","type":"image\/png"}],"twitter_card":"summary_large_image","twitter_misc":{"Est. reading time":"3 minutes"},"schema":{"@context":"https:\/\/schema.org","@graph":[{"@type":["WebPage","ItemPage"],"@id":"https:\/\/stage.nordtec.se\/en\/product\/measuring-instruments\/temperature-gauges\/temperature-loggers\/testo-162-t3-wifi-data-logger-te-temperature\/","url":"https:\/\/stage.nordtec.se\/en\/product\/measuring-instruments\/temperature-gauges\/temperature-loggers\/testo-162-t3-wifi-data-logger-te-temperature\/","name":"testo 162 T3 - WiFi data logger for 2 TE temperature sensors | Nordtec","isPartOf":{"@id":"https:\/\/stage.nordtec.se\/en\/#website"},"primaryImageOfPage":{"@id":"https:\/\/stage.nordtec.se\/en\/product\/measuring-instruments\/temperature-gauges\/temperature-loggers\/testo-162-t3-wifi-data-logger-te-temperature\/#primaryimage"},"image":{"@id":"https:\/\/stage.nordtec.se\/en\/product\/measuring-instruments\/temperature-gauges\/temperature-loggers\/testo-162-t3-wifi-data-logger-te-temperature\/#primaryimage"},"thumbnailUrl":"https:\/\/stage.nordtec.se\/wp-content\/uploads\/2025\/09\/testo-162-t-3-measuring-temperature-value-front_800px.png","datePublished":"2025-09-16T10:58:51+00:00","dateModified":"2026-05-13T07:26:39+00:00","description":"Cloud-based and automatic temperature monitoring via WiFi connection \u1405 WiFi data logger for temperature sensors \u2713 -195 ... +1350\u00b0C \u2713 for 2 TE sensors","breadcrumb":{"@id":"https:\/\/stage.nordtec.se\/en\/product\/measuring-instruments\/temperature-gauges\/temperature-loggers\/testo-162-t3-wifi-data-logger-te-temperature\/#breadcrumb"},"inLanguage":"en-US","potentialAction":[{"@type":"ReadAction","target":["https:\/\/stage.nordtec.se\/en\/product\/measuring-instruments\/temperature-gauges\/temperature-loggers\/testo-162-t3-wifi-data-logger-te-temperature\/"]}]},{"@type":"ImageObject","inLanguage":"en-US","@id":"https:\/\/stage.nordtec.se\/en\/product\/measuring-instruments\/temperature-gauges\/temperature-loggers\/testo-162-t3-wifi-data-logger-te-temperature\/#primaryimage","url":"https:\/\/stage.nordtec.se\/wp-content\/uploads\/2025\/09\/testo-162-t-3-measuring-temperature-value-front_800px.png","contentUrl":"https:\/\/stage.nordtec.se\/wp-content\/uploads\/2025\/09\/testo-162-t-3-measuring-temperature-value-front_800px.png","width":800,"height":800,"caption":"testo 162 T3- Wifi data logger for temperature sensors"},{"@type":"BreadcrumbList","@id":"https:\/\/stage.nordtec.se\/en\/product\/measuring-instruments\/temperature-gauges\/temperature-loggers\/testo-162-t3-wifi-data-logger-te-temperature\/#breadcrumb","itemListElement":[{"@type":"ListItem","position":1,"name":"Hem","item":"https:\/\/stage.nordtec.se\/en\/"},{"@type":"ListItem","position":2,"name":"Shop","item":"https:\/\/stage.nordtec.se\/shop\/?lang=en"},{"@type":"ListItem","position":3,"name":"testo 162 T3 &#8211; WiFi data logger for 2 TE temperature sensors"}]},{"@type":"WebSite","@id":"https:\/\/stage.nordtec.se\/en\/#website","url":"https:\/\/stage.nordtec.se\/en\/","name":"Nordtec","description":"Din partner inom m\u00e4tteknik","publisher":{"@id":"https:\/\/stage.nordtec.se\/en\/#organization"},"potentialAction":[{"@type":"SearchAction","target":{"@type":"EntryPoint","urlTemplate":"https:\/\/stage.nordtec.se\/en\/?s={search_term_string}"},"query-input":{"@type":"PropertyValueSpecification","valueRequired":true,"valueName":"search_term_string"}}],"inLanguage":"en-US"},{"@type":"Organization","@id":"https:\/\/stage.nordtec.se\/en\/#organization","name":"Nordtec Instrument AB","url":"https:\/\/stage.nordtec.se\/en\/","logo":{"@type":"ImageObject","inLanguage":"en-US","@id":"https:\/\/stage.nordtec.se\/en\/#\/schema\/logo\/image\/","url":"https:\/\/stage.nordtec.se\/wp-content\/uploads\/2021\/08\/nordtec_logo_rgb-340px.png","contentUrl":"https:\/\/stage.nordtec.se\/wp-content\/uploads\/2021\/08\/nordtec_logo_rgb-340px.png","width":340,"height":75,"caption":"Nordtec Instrument AB"},"image":{"@id":"https:\/\/stage.nordtec.se\/en\/#\/schema\/logo\/image\/"},"sameAs":["https:\/\/www.facebook.com\/nordtecinstrument","https:\/\/www.instagram.com\/nordtec_instrument\/","https:\/\/www.linkedin.com\/company\/nordtec-instrument-ab\/","https:\/\/www.youtube.com\/channel\/UCbmAq3ZmfBKOGg7_igFURng"]}]}},"taxonomy_info":{"product_cat":[{"value":769,"label":"Data loggers"},{"value":783,"label":"Indoor climate &amp; working environment"},{"value":841,"label":"Measurement systems"},{"value":768,"label":"Measuring instruments"},{"value":778,"label":"Temperature gauges"},{"value":828,"label":"Temperature loggers"},{"value":1403,"label":"testo 162"},{"value":1426,"label":"testo Smart App"},{"value":1402,"label":"testo Smart Connect"},{"value":843,"label":"Wifi loggers"}],"product_tag":[{"value":914,"label":"Temperatur"},{"value":940,"label":"Wifi"}]},"featured_image_src_large":["https:\/\/stage.nordtec.se\/wp-content\/uploads\/2025\/09\/testo-162-t-3-measuring-temperature-value-front_800px.png",800,800,false],"author_info":[],"comment_info":"","_links":{"self":[{"href":"https:\/\/stage.nordtec.se\/en\/wp-json\/wp\/v2\/product\/54503","targetHints":{"allow":["GET"]}}],"collection":[{"href":"https:\/\/stage.nordtec.se\/en\/wp-json\/wp\/v2\/product"}],"about":[{"href":"https:\/\/stage.nordtec.se\/en\/wp-json\/wp\/v2\/types\/product"}],"version-history":[{"count":9,"href":"https:\/\/stage.nordtec.se\/en\/wp-json\/wp\/v2\/product\/54503\/revisions"}],"predecessor-version":[{"id":62818,"href":"https:\/\/stage.nordtec.se\/en\/wp-json\/wp\/v2\/product\/54503\/revisions\/62818"}],"wp:featuredmedia":[{"embeddable":true,"href":"https:\/\/stage.nordtec.se\/en\/wp-json\/wp\/v2\/media\/54509"}],"wp:attachment":[{"href":"https:\/\/stage.nordtec.se\/en\/wp-json\/wp\/v2\/media?parent=54503"}],"wp:term":[{"taxonomy":"product_brand","embeddable":true,"href":"https:\/\/stage.nordtec.se\/en\/wp-json\/wp\/v2\/product_brand?post=54503"},{"taxonomy":"product_cat","embeddable":true,"href":"https:\/\/stage.nordtec.se\/en\/wp-json\/wp\/v2\/product_cat?post=54503"},{"taxonomy":"product_tag","embeddable":true,"href":"https:\/\/stage.nordtec.se\/en\/wp-json\/wp\/v2\/product_tag?post=54503"}],"curies":[{"name":"wp","href":"https:\/\/api.w.org\/{rel}","templated":true}]}}