{"id":48872,"date":"2024-10-28T10:22:39","date_gmt":"2024-10-28T08:22:39","guid":{"rendered":"https:\/\/stage.nordtec.se\/produkt\/uncategorized\/testo-270-bt-fryer-oil-meter-with-app-connection\/"},"modified":"2026-04-21T13:43:21","modified_gmt":"2026-04-21T11:43:21","slug":"testo-270-bt-fryer-oil-meter-with-app-connection","status":"publish","type":"product","link":"https:\/\/stage.nordtec.se\/en\/product\/measuring-instruments\/food-instruments\/frying-oil-meter\/testo-270-bt-fryer-oil-meter-with-app-connection\/","title":{"rendered":"testo 270 BT &#8211; fryer oil meter with app connection"},"content":{"rendered":"<h3>Change your frying oil at the right time, save money and document seamlessly:<\/h3>\n<p>The testo 270 BT fryer oil meter enables even easier, faster and more reliable monitoring of fryer oil quality thanks to the connection to the testo Smart app. With this new version, you can keep an even better eye on the TPM values and view and analyze all relevant data directly on your mobile. <\/p>\n<p>The testo 270 BT reliably measures the percentage of &#8220;Total Polar Materials&#8221; (TPM) in the frying oil and displays the result as a percentage. Thanks to the app connection, you can seamlessly transfer your measurement results to your smartphone or tablet to ensure error-free and digital documentation. Get instant alerts and recommendations based on your TPM measurements to optimize the quality of your frying oil.  <\/p>\n<p>The colored display illumination* clearly indicates the status of the oil: <strong>green <\/strong>for a passing result, <strong>orange<\/strong> for a critical value and <strong>red<\/strong> for exceeded limits. Define individual TPM limits and secure key instrument configurations with a PIN code to prevent accidental changes. <\/p>\n<h3>testo 270 BT maintains its proven characteristics:<\/h3>\n<ul>\n<li>The <b>ergonomic design<\/b> protects you from direct contact with the hot oil<\/li>\n<li>The <b>robust construction<\/b>: the fiberglass instrument housing is extremely impact-resistant. In addition, the oil sensor is embedded in a metal holder and therefore very well protected. <\/li>\n<li>The <b>easy cleaning <\/b>under running water (protection class IP65)<\/li>\n<li>Possibility of <b>self-calibration*<\/b><\/li>\n<\/ul>\n<p>Optimize your cooking processes with the new testo 270 BT and make it even easier to monitor and maintain your high product quality while reducing your oil consumption.<\/p>\n<p>A visual or odor check is not enough to verify if the quality of the frying oil is still good. With the testo 270 BT frying oil meter, restaurant staff only need to change the oil when critical TPM values have been reached. This saves unnecessary frying oil changes and the associated costs, while ensuring consistently high quality. Thanks to the testo Smart app connection, everything is even easier, including paperless documentation.   <\/p>\n<p>*Additional features are available after app registration<\/p>\n<h2>S\u00e5 h\u00e4r underl\u00e4ttar testo Smart-appen f\u00f6r dig:<\/h2>\r\n<ul>\r\n<li>Enkel inst\u00e4llning av m\u00e4tinstrumentet<\/li>\r\n<li>Effektiv kund- och m\u00e4tplatshantering<\/li>\r\n<li>P\u00e5litlig lagring av alla m\u00e4tdata<\/li>\r\n<li>F\u00f6rvandlar mobilen till en andra sk\u00e4rm<\/li>\r\n<li>Visning av grafiska m\u00e4tv\u00e4rdeskurvor<\/li>\r\n<li>Enkel dokumentering av allt arbete<\/li>\r\n<li>Skicka rapporter direkt fr\u00e5n m\u00e4tplatsen via e-post<\/li>\r\n<\/ul>\r\n<p><a href=\"https:\/\/stage.nordtec.se\/testo-smart-appen\/\">testo Smart-appen<\/a> finns p\u00e5 Google Play och App Store. Den \u00e4r gratis att b\u00e5de ladda ned och anv\u00e4nda.<\/p>\r\n<p><a href=\"https:\/\/play.google.com\/store\/apps\/details?id=de.testo.smartprobesappgen2\" target=\"_blank\" rel=\"noopener\"><img loading=\"lazy\" decoding=\"async\" class=\"alignleft wp-image-30738\" title=\"testo Smart App - Google Play\" src=\"https:\/\/stage.nordtec.se\/wp-content\/uploads\/2023\/01\/google-play-badge-300x116.png\" alt=\"google play badge\" width=\"120\" height=\"46\" srcset=\"https:\/\/stage.nordtec.se\/wp-content\/uploads\/2023\/01\/google-play-badge-300x116.png 300w, https:\/\/stage.nordtec.se\/wp-content\/uploads\/2023\/01\/google-play-badge-416x161.png 416w, https:\/\/stage.nordtec.se\/wp-content\/uploads\/2023\/01\/google-play-badge-64x25.png 64w, https:\/\/stage.nordtec.se\/wp-content\/uploads\/2023\/01\/google-play-badge.png 646w\" sizes=\"auto, (max-width: 120px) 100vw, 120px\" \/><\/a><\/p>\r\n<p><a href=\"https:\/\/apps.apple.com\/se\/app\/testo-smart\/id1482139629\" target=\"_blank\" rel=\"noopener\"><img loading=\"lazy\" decoding=\"async\" class=\"alignleft wp-image-30740\" title=\"testo Smart app - App Store\" src=\"https:\/\/stage.nordtec.se\/wp-content\/uploads\/2023\/01\/app-store-badge-300x116.png\" alt=\"App Store Badge\" width=\"120\" height=\"46\" srcset=\"https:\/\/stage.nordtec.se\/wp-content\/uploads\/2023\/01\/app-store-badge-300x116.png 300w, https:\/\/stage.nordtec.se\/wp-content\/uploads\/2023\/01\/app-store-badge-416x161.png 416w, https:\/\/stage.nordtec.se\/wp-content\/uploads\/2023\/01\/app-store-badge-64x25.png 64w, https:\/\/stage.nordtec.se\/wp-content\/uploads\/2023\/01\/app-store-badge.png 646w\" sizes=\"auto, (max-width: 120px) 100vw, 120px\" \/><\/a><\/p>\r\n<p>&nbsp;<\/p>\n<p>&nbsp;<\/p>\n<h3>Included in the delivery<\/h3>\n<ul>\n<li>testo 270 BT freezer oil meter with Bluetooth<\/li>\n<li>Plastic bag<\/li>\n<li>Reference oil<\/li>\n<li>Quick guide<\/li>\n<li>Instructions for use<\/li>\n<li>Factory protocol<\/li>\n<li>Training cards<\/li>\n<li>Batteries<\/li>\n<\/ul>\n","protected":false},"excerpt":{"rendered":"<p>For measuring fryer oil quality, with seamless documentation via <a href=\"https:\/\/stage.nordtec.se\/en\/testo-smart-apps\/\">the testo Smart app<\/a><\/p>\n<ul>\n<li>Measurement possible with or without app. The app&#8217;s frying oil measurement program helps you with the measurement and ensures error-free, digital documentation <\/li>\n<li>Measurement data tracking: CSV data export or professional reports in PDF format (incl. signature &amp; comment function) for regulatory requirements and internal quality assurance<\/li>\n<li>Measuring directly in hot oil<\/li>\n<li>Independent on-site calibration with reference oil, via the testo Smart app<\/li>\n<\/ul>\n","protected":false},"featured_media":50047,"template":"","meta":{"_kad_blocks_custom_css":"","_kad_blocks_head_custom_js":"","_kad_blocks_body_custom_js":"","_kad_blocks_footer_custom_js":"","footnotes":""},"product_brand":[],"product_cat":[784,818,768,1426],"product_tag":[],"class_list":{"0":"post-48872","1":"product","2":"type-product","3":"status-publish","4":"has-post-thumbnail","6":"product_cat-food-instruments","7":"product_cat-frying-oil-meter","8":"product_cat-measuring-instruments","9":"product_cat-testo-smart-app","11":"first","12":"instock","13":"taxable","14":"shipping-taxable","15":"purchasable","16":"product-type-simple"},"yoast_head":"<!-- This site is optimized with the Yoast SEO Premium plugin v27.3 (Yoast SEO v27.6) - https:\/\/yoast.com\/product\/yoast-seo-premium-wordpress\/ -->\n<title>testo 270 BT - fryer oil meter with app connection | Nordtec<\/title>\n<meta name=\"description\" content=\"Ideal for monitoring frying oil: the testo 270 BT frying oil meter allows you to change frying oil at the right time and save money.\" \/>\n<meta name=\"robots\" content=\"noindex, follow, max-snippet:-1, max-image-preview:large, max-video-preview:-1\" \/>\n<meta property=\"og:locale\" content=\"en_US\" \/>\n<meta property=\"og:type\" content=\"article\" \/>\n<meta property=\"og:title\" content=\"testo 270 BT - fryer oil meter with app connection\" \/>\n<meta property=\"og:description\" content=\"Ideal for monitoring frying oil: the testo 270 BT frying oil meter allows you to change frying oil at the right time and save money.\" \/>\n<meta property=\"og:url\" content=\"https:\/\/stage.nordtec.se\/en\/product\/measuring-instruments\/food-instruments\/frying-oil-meter\/testo-270-bt-fryer-oil-meter-with-app-connection\/\" \/>\n<meta property=\"og:site_name\" content=\"Nordtec\" \/>\n<meta property=\"article:publisher\" content=\"https:\/\/www.facebook.com\/nordtecinstrument\" \/>\n<meta property=\"article:modified_time\" content=\"2026-04-21T11:43:21+00:00\" \/>\n<meta property=\"og:image\" content=\"https:\/\/stage.nordtec.se\/wp-content\/uploads\/2024\/10\/testo-270-bt-0563-2750-green-display-perspective-3-NSF-800x800-1.png\" \/>\n\t<meta property=\"og:image:width\" content=\"800\" \/>\n\t<meta property=\"og:image:height\" content=\"800\" \/>\n\t<meta property=\"og:image:type\" content=\"image\/png\" \/>\n<meta name=\"twitter:card\" content=\"summary_large_image\" \/>\n<meta name=\"twitter:label1\" content=\"Est. reading time\" \/>\n\t<meta name=\"twitter:data1\" content=\"3 minutes\" \/>\n<script type=\"application\/ld+json\" class=\"yoast-schema-graph\">{\"@context\":\"https:\\\/\\\/schema.org\",\"@graph\":[{\"@type\":[\"WebPage\",\"ItemPage\"],\"@id\":\"https:\\\/\\\/stage.nordtec.se\\\/en\\\/product\\\/measuring-instruments\\\/food-instruments\\\/frying-oil-meter\\\/testo-270-bt-fryer-oil-meter-with-app-connection\\\/\",\"url\":\"https:\\\/\\\/stage.nordtec.se\\\/en\\\/product\\\/measuring-instruments\\\/food-instruments\\\/frying-oil-meter\\\/testo-270-bt-fryer-oil-meter-with-app-connection\\\/\",\"name\":\"testo 270 BT - fryer oil meter with app connection | Nordtec\",\"isPartOf\":{\"@id\":\"https:\\\/\\\/stage.nordtec.se\\\/en\\\/#website\"},\"primaryImageOfPage\":{\"@id\":\"https:\\\/\\\/stage.nordtec.se\\\/en\\\/product\\\/measuring-instruments\\\/food-instruments\\\/frying-oil-meter\\\/testo-270-bt-fryer-oil-meter-with-app-connection\\\/#primaryimage\"},\"image\":{\"@id\":\"https:\\\/\\\/stage.nordtec.se\\\/en\\\/product\\\/measuring-instruments\\\/food-instruments\\\/frying-oil-meter\\\/testo-270-bt-fryer-oil-meter-with-app-connection\\\/#primaryimage\"},\"thumbnailUrl\":\"https:\\\/\\\/stage.nordtec.se\\\/wp-content\\\/uploads\\\/2024\\\/10\\\/testo-270-bt-0563-2750-green-display-perspective-3-NSF-800x800-1.png\",\"datePublished\":\"2024-10-28T08:22:39+00:00\",\"dateModified\":\"2026-04-21T11:43:21+00:00\",\"description\":\"Ideal for monitoring frying oil: the testo 270 BT frying oil meter allows you to change frying oil at the right time and save money.\",\"breadcrumb\":{\"@id\":\"https:\\\/\\\/stage.nordtec.se\\\/en\\\/product\\\/measuring-instruments\\\/food-instruments\\\/frying-oil-meter\\\/testo-270-bt-fryer-oil-meter-with-app-connection\\\/#breadcrumb\"},\"inLanguage\":\"en-US\",\"potentialAction\":[{\"@type\":\"ReadAction\",\"target\":[\"https:\\\/\\\/stage.nordtec.se\\\/en\\\/product\\\/measuring-instruments\\\/food-instruments\\\/frying-oil-meter\\\/testo-270-bt-fryer-oil-meter-with-app-connection\\\/\"]}]},{\"@type\":\"ImageObject\",\"inLanguage\":\"en-US\",\"@id\":\"https:\\\/\\\/stage.nordtec.se\\\/en\\\/product\\\/measuring-instruments\\\/food-instruments\\\/frying-oil-meter\\\/testo-270-bt-fryer-oil-meter-with-app-connection\\\/#primaryimage\",\"url\":\"https:\\\/\\\/stage.nordtec.se\\\/wp-content\\\/uploads\\\/2024\\\/10\\\/testo-270-bt-0563-2750-green-display-perspective-3-NSF-800x800-1.png\",\"contentUrl\":\"https:\\\/\\\/stage.nordtec.se\\\/wp-content\\\/uploads\\\/2024\\\/10\\\/testo-270-bt-0563-2750-green-display-perspective-3-NSF-800x800-1.png\",\"width\":800,\"height\":800,\"caption\":\"testo 270 BT fryer oil meter with app connection\"},{\"@type\":\"BreadcrumbList\",\"@id\":\"https:\\\/\\\/stage.nordtec.se\\\/en\\\/product\\\/measuring-instruments\\\/food-instruments\\\/frying-oil-meter\\\/testo-270-bt-fryer-oil-meter-with-app-connection\\\/#breadcrumb\",\"itemListElement\":[{\"@type\":\"ListItem\",\"position\":1,\"name\":\"Hem\",\"item\":\"https:\\\/\\\/stage.nordtec.se\\\/en\\\/\"},{\"@type\":\"ListItem\",\"position\":2,\"name\":\"Shop\",\"item\":\"https:\\\/\\\/stage.nordtec.se\\\/shop\\\/?lang=en\"},{\"@type\":\"ListItem\",\"position\":3,\"name\":\"testo 270 BT &#8211; fryer oil meter with app connection\"}]},{\"@type\":\"WebSite\",\"@id\":\"https:\\\/\\\/stage.nordtec.se\\\/en\\\/#website\",\"url\":\"https:\\\/\\\/stage.nordtec.se\\\/en\\\/\",\"name\":\"Nordtec\",\"description\":\"Din partner inom m\u00e4tteknik\",\"publisher\":{\"@id\":\"https:\\\/\\\/stage.nordtec.se\\\/en\\\/#organization\"},\"potentialAction\":[{\"@type\":\"SearchAction\",\"target\":{\"@type\":\"EntryPoint\",\"urlTemplate\":\"https:\\\/\\\/stage.nordtec.se\\\/en\\\/?s={search_term_string}\"},\"query-input\":{\"@type\":\"PropertyValueSpecification\",\"valueRequired\":true,\"valueName\":\"search_term_string\"}}],\"inLanguage\":\"en-US\"},{\"@type\":\"Organization\",\"@id\":\"https:\\\/\\\/stage.nordtec.se\\\/en\\\/#organization\",\"name\":\"Nordtec Instrument AB\",\"url\":\"https:\\\/\\\/stage.nordtec.se\\\/en\\\/\",\"logo\":{\"@type\":\"ImageObject\",\"inLanguage\":\"en-US\",\"@id\":\"https:\\\/\\\/stage.nordtec.se\\\/en\\\/#\\\/schema\\\/logo\\\/image\\\/\",\"url\":\"https:\\\/\\\/stage.nordtec.se\\\/wp-content\\\/uploads\\\/2021\\\/08\\\/nordtec_logo_rgb-340px.png\",\"contentUrl\":\"https:\\\/\\\/stage.nordtec.se\\\/wp-content\\\/uploads\\\/2021\\\/08\\\/nordtec_logo_rgb-340px.png\",\"width\":340,\"height\":75,\"caption\":\"Nordtec Instrument AB\"},\"image\":{\"@id\":\"https:\\\/\\\/stage.nordtec.se\\\/en\\\/#\\\/schema\\\/logo\\\/image\\\/\"},\"sameAs\":[\"https:\\\/\\\/www.facebook.com\\\/nordtecinstrument\",\"https:\\\/\\\/www.instagram.com\\\/nordtec_instrument\\\/\",\"https:\\\/\\\/www.linkedin.com\\\/company\\\/nordtec-instrument-ab\\\/\",\"https:\\\/\\\/www.youtube.com\\\/channel\\\/UCbmAq3ZmfBKOGg7_igFURng\"]}]}<\/script>\n<!-- \/ Yoast SEO Premium plugin. -->","yoast_head_json":{"title":"testo 270 BT - fryer oil meter with app connection | Nordtec","description":"Ideal for monitoring frying oil: the testo 270 BT frying oil meter allows you to change frying oil at the right time and save money.","robots":{"index":"noindex","follow":"follow","max-snippet":"max-snippet:-1","max-image-preview":"max-image-preview:large","max-video-preview":"max-video-preview:-1"},"og_locale":"en_US","og_type":"article","og_title":"testo 270 BT - fryer oil meter with app connection","og_description":"Ideal for monitoring frying oil: the testo 270 BT frying oil meter allows you to change frying oil at the right time and save money.","og_url":"https:\/\/stage.nordtec.se\/en\/product\/measuring-instruments\/food-instruments\/frying-oil-meter\/testo-270-bt-fryer-oil-meter-with-app-connection\/","og_site_name":"Nordtec","article_publisher":"https:\/\/www.facebook.com\/nordtecinstrument","article_modified_time":"2026-04-21T11:43:21+00:00","og_image":[{"width":800,"height":800,"url":"https:\/\/stage.nordtec.se\/wp-content\/uploads\/2024\/10\/testo-270-bt-0563-2750-green-display-perspective-3-NSF-800x800-1.png","type":"image\/png"}],"twitter_card":"summary_large_image","twitter_misc":{"Est. reading time":"3 minutes"},"schema":{"@context":"https:\/\/schema.org","@graph":[{"@type":["WebPage","ItemPage"],"@id":"https:\/\/stage.nordtec.se\/en\/product\/measuring-instruments\/food-instruments\/frying-oil-meter\/testo-270-bt-fryer-oil-meter-with-app-connection\/","url":"https:\/\/stage.nordtec.se\/en\/product\/measuring-instruments\/food-instruments\/frying-oil-meter\/testo-270-bt-fryer-oil-meter-with-app-connection\/","name":"testo 270 BT - fryer oil meter with app connection | Nordtec","isPartOf":{"@id":"https:\/\/stage.nordtec.se\/en\/#website"},"primaryImageOfPage":{"@id":"https:\/\/stage.nordtec.se\/en\/product\/measuring-instruments\/food-instruments\/frying-oil-meter\/testo-270-bt-fryer-oil-meter-with-app-connection\/#primaryimage"},"image":{"@id":"https:\/\/stage.nordtec.se\/en\/product\/measuring-instruments\/food-instruments\/frying-oil-meter\/testo-270-bt-fryer-oil-meter-with-app-connection\/#primaryimage"},"thumbnailUrl":"https:\/\/stage.nordtec.se\/wp-content\/uploads\/2024\/10\/testo-270-bt-0563-2750-green-display-perspective-3-NSF-800x800-1.png","datePublished":"2024-10-28T08:22:39+00:00","dateModified":"2026-04-21T11:43:21+00:00","description":"Ideal for monitoring frying oil: the testo 270 BT frying oil meter allows you to change frying oil at the right time and save money.","breadcrumb":{"@id":"https:\/\/stage.nordtec.se\/en\/product\/measuring-instruments\/food-instruments\/frying-oil-meter\/testo-270-bt-fryer-oil-meter-with-app-connection\/#breadcrumb"},"inLanguage":"en-US","potentialAction":[{"@type":"ReadAction","target":["https:\/\/stage.nordtec.se\/en\/product\/measuring-instruments\/food-instruments\/frying-oil-meter\/testo-270-bt-fryer-oil-meter-with-app-connection\/"]}]},{"@type":"ImageObject","inLanguage":"en-US","@id":"https:\/\/stage.nordtec.se\/en\/product\/measuring-instruments\/food-instruments\/frying-oil-meter\/testo-270-bt-fryer-oil-meter-with-app-connection\/#primaryimage","url":"https:\/\/stage.nordtec.se\/wp-content\/uploads\/2024\/10\/testo-270-bt-0563-2750-green-display-perspective-3-NSF-800x800-1.png","contentUrl":"https:\/\/stage.nordtec.se\/wp-content\/uploads\/2024\/10\/testo-270-bt-0563-2750-green-display-perspective-3-NSF-800x800-1.png","width":800,"height":800,"caption":"testo 270 BT fryer oil meter with app connection"},{"@type":"BreadcrumbList","@id":"https:\/\/stage.nordtec.se\/en\/product\/measuring-instruments\/food-instruments\/frying-oil-meter\/testo-270-bt-fryer-oil-meter-with-app-connection\/#breadcrumb","itemListElement":[{"@type":"ListItem","position":1,"name":"Hem","item":"https:\/\/stage.nordtec.se\/en\/"},{"@type":"ListItem","position":2,"name":"Shop","item":"https:\/\/stage.nordtec.se\/shop\/?lang=en"},{"@type":"ListItem","position":3,"name":"testo 270 BT &#8211; fryer oil meter with app connection"}]},{"@type":"WebSite","@id":"https:\/\/stage.nordtec.se\/en\/#website","url":"https:\/\/stage.nordtec.se\/en\/","name":"Nordtec","description":"Din partner inom m\u00e4tteknik","publisher":{"@id":"https:\/\/stage.nordtec.se\/en\/#organization"},"potentialAction":[{"@type":"SearchAction","target":{"@type":"EntryPoint","urlTemplate":"https:\/\/stage.nordtec.se\/en\/?s={search_term_string}"},"query-input":{"@type":"PropertyValueSpecification","valueRequired":true,"valueName":"search_term_string"}}],"inLanguage":"en-US"},{"@type":"Organization","@id":"https:\/\/stage.nordtec.se\/en\/#organization","name":"Nordtec Instrument AB","url":"https:\/\/stage.nordtec.se\/en\/","logo":{"@type":"ImageObject","inLanguage":"en-US","@id":"https:\/\/stage.nordtec.se\/en\/#\/schema\/logo\/image\/","url":"https:\/\/stage.nordtec.se\/wp-content\/uploads\/2021\/08\/nordtec_logo_rgb-340px.png","contentUrl":"https:\/\/stage.nordtec.se\/wp-content\/uploads\/2021\/08\/nordtec_logo_rgb-340px.png","width":340,"height":75,"caption":"Nordtec Instrument AB"},"image":{"@id":"https:\/\/stage.nordtec.se\/en\/#\/schema\/logo\/image\/"},"sameAs":["https:\/\/www.facebook.com\/nordtecinstrument","https:\/\/www.instagram.com\/nordtec_instrument\/","https:\/\/www.linkedin.com\/company\/nordtec-instrument-ab\/","https:\/\/www.youtube.com\/channel\/UCbmAq3ZmfBKOGg7_igFURng"]}]}},"taxonomy_info":{"product_cat":[{"value":784,"label":"Food instruments"},{"value":818,"label":"Frying oil meter"},{"value":768,"label":"Measuring instruments"},{"value":1426,"label":"testo Smart App"}]},"featured_image_src_large":["https:\/\/stage.nordtec.se\/wp-content\/uploads\/2024\/10\/testo-270-bt-0563-2750-green-display-perspective-3-NSF-800x800-1.png",800,800,false],"author_info":[],"comment_info":"","_links":{"self":[{"href":"https:\/\/stage.nordtec.se\/en\/wp-json\/wp\/v2\/product\/48872","targetHints":{"allow":["GET"]}}],"collection":[{"href":"https:\/\/stage.nordtec.se\/en\/wp-json\/wp\/v2\/product"}],"about":[{"href":"https:\/\/stage.nordtec.se\/en\/wp-json\/wp\/v2\/types\/product"}],"version-history":[{"count":8,"href":"https:\/\/stage.nordtec.se\/en\/wp-json\/wp\/v2\/product\/48872\/revisions"}],"predecessor-version":[{"id":60566,"href":"https:\/\/stage.nordtec.se\/en\/wp-json\/wp\/v2\/product\/48872\/revisions\/60566"}],"wp:featuredmedia":[{"embeddable":true,"href":"https:\/\/stage.nordtec.se\/en\/wp-json\/wp\/v2\/media\/50047"}],"wp:attachment":[{"href":"https:\/\/stage.nordtec.se\/en\/wp-json\/wp\/v2\/media?parent=48872"}],"wp:term":[{"taxonomy":"product_brand","embeddable":true,"href":"https:\/\/stage.nordtec.se\/en\/wp-json\/wp\/v2\/product_brand?post=48872"},{"taxonomy":"product_cat","embeddable":true,"href":"https:\/\/stage.nordtec.se\/en\/wp-json\/wp\/v2\/product_cat?post=48872"},{"taxonomy":"product_tag","embeddable":true,"href":"https:\/\/stage.nordtec.se\/en\/wp-json\/wp\/v2\/product_tag?post=48872"}],"curies":[{"name":"wp","href":"https:\/\/api.w.org\/{rel}","templated":true}]}}