{"id":48871,"date":"2024-10-28T10:25:02","date_gmt":"2024-10-28T08:25:02","guid":{"rendered":"https:\/\/stage.nordtec.se\/produkt\/uncategorized\/testo-104-ir-bt-ir-insertion-thermometer-with-app-connection\/"},"modified":"2026-04-21T13:52:19","modified_gmt":"2026-04-21T11:52:19","slug":"testo-104-ir-bt-ir-insertion-thermometer-with-app-connection","status":"publish","type":"product","link":"https:\/\/stage.nordtec.se\/en\/product\/measuring-instruments\/temperature-gauges\/ir-thermometers\/testo-104-ir-bt-ir-insertion-thermometer-with-app-connection\/","title":{"rendered":"testo 104-IR BT &#8211; IR insertion thermometer with app connection"},"content":{"rendered":"<p><strong>The testo 104-IR BT insertion thermometer<\/strong> with integrated IR sensor is a versatile measuring instrument for quick and reliable temperature checks. It is particularly suitable for HACCP controls and has a testo Smart app connection that makes digital documentation and especially monitoring of temperature limits (CP\/CCP) easier than ever.<\/p>\n<div style=\"background-color: #f4f3f1; border: 1px solid #e8e6e3; border-top-left-radius: 16px; border-top-right-radius: 16px; padding: 1rem; margin: 0 -1rem 1.5rem;\"><b>Do you not need to document your measurements via the testo Smart app? Then read on here: <a href=\"https:\/\/stage.nordtec.se\/en\/product\/measuring-instruments\/temperature-gauges\/ir-thermometers\/testo-104-ir-food-thermometer-with-ir-and-insertion-sensor\/\">testo 104-IR &#8211; food thermometer with IR and insertion sensor<\/a> <\/b><\/div>\n<p>The testo 104-IR BT enables non-contact measurement of surface temperatures and also offers the option of measuring core temperature to check whether upper or lower limit values are exceeded. All measured values are automatically transferred to the testo Smart app via Bluetooth &#8211; reliably and safely. <\/p>\n<h3>The use of the testo 104-IR BT is simple and intuitive:<\/h3>\n<p>The compact instrument&#8217;s insertion sensor is stored safely in the housing. The instrument is activated as soon as the sensor is unfolded. The infrared measurement starts immediately at the touch of a button. The measurement results are very easy to read on the large display and the few buttons are self-explanatory and easy to use.<br \/>\nAnother practical advantage: the insertion\/IR thermometer is waterproof (IP65).   <\/p>\n<h2>S\u00e5 h\u00e4r underl\u00e4ttar testo Smart-appen f\u00f6r dig:<\/h2>\r\n<ul>\r\n<li>Enkel inst\u00e4llning av m\u00e4tinstrumentet<\/li>\r\n<li>Effektiv kund- och m\u00e4tplatshantering<\/li>\r\n<li>P\u00e5litlig lagring av alla m\u00e4tdata<\/li>\r\n<li>F\u00f6rvandlar mobilen till en andra sk\u00e4rm<\/li>\r\n<li>Visning av grafiska m\u00e4tv\u00e4rdeskurvor<\/li>\r\n<li>Enkel dokumentering av allt arbete<\/li>\r\n<li>Skicka rapporter direkt fr\u00e5n m\u00e4tplatsen via e-post<\/li>\r\n<\/ul>\r\n<p><a href=\"https:\/\/stage.nordtec.se\/testo-smart-appen\/\">testo Smart-appen<\/a> finns p\u00e5 Google Play och App Store. Den \u00e4r gratis att b\u00e5de ladda ned och anv\u00e4nda.<\/p>\r\n<p><a href=\"https:\/\/play.google.com\/store\/apps\/details?id=de.testo.smartprobesappgen2\" target=\"_blank\" rel=\"noopener\"><img loading=\"lazy\" decoding=\"async\" class=\"alignleft wp-image-30738\" title=\"testo Smart App - Google Play\" src=\"https:\/\/stage.nordtec.se\/wp-content\/uploads\/2023\/01\/google-play-badge-300x116.png\" alt=\"google play badge\" width=\"120\" height=\"46\" srcset=\"https:\/\/stage.nordtec.se\/wp-content\/uploads\/2023\/01\/google-play-badge-300x116.png 300w, https:\/\/stage.nordtec.se\/wp-content\/uploads\/2023\/01\/google-play-badge-416x161.png 416w, https:\/\/stage.nordtec.se\/wp-content\/uploads\/2023\/01\/google-play-badge-64x25.png 64w, https:\/\/stage.nordtec.se\/wp-content\/uploads\/2023\/01\/google-play-badge.png 646w\" sizes=\"auto, (max-width: 120px) 100vw, 120px\" \/><\/a><\/p>\r\n<p><a href=\"https:\/\/apps.apple.com\/se\/app\/testo-smart\/id1482139629\" target=\"_blank\" rel=\"noopener\"><img loading=\"lazy\" decoding=\"async\" class=\"alignleft wp-image-30740\" title=\"testo Smart app - App Store\" src=\"https:\/\/stage.nordtec.se\/wp-content\/uploads\/2023\/01\/app-store-badge-300x116.png\" alt=\"App Store Badge\" width=\"120\" height=\"46\" srcset=\"https:\/\/stage.nordtec.se\/wp-content\/uploads\/2023\/01\/app-store-badge-300x116.png 300w, https:\/\/stage.nordtec.se\/wp-content\/uploads\/2023\/01\/app-store-badge-416x161.png 416w, https:\/\/stage.nordtec.se\/wp-content\/uploads\/2023\/01\/app-store-badge-64x25.png 64w, https:\/\/stage.nordtec.se\/wp-content\/uploads\/2023\/01\/app-store-badge.png 646w\" sizes=\"auto, (max-width: 120px) 100vw, 120px\" \/><\/a><\/p>\r\n<p>&nbsp;<\/p>\n<p>&nbsp;<\/p>\n<h3>Included in the delivery<\/h3>\n<p>The waterproof IR immersion thermometer with Bluetooth &#8211; testo 104-IR BT &#8211; including retractable sensor, batteries, quick guide and factory protocol.<\/p>\n","protected":false},"excerpt":{"rendered":"<p>The testo 104-IR BT insertion thermometer with integrated IR sensor is a versatile measuring instrument for quick and reliable temperature checks.<\/p>\n<ul>\n<li>Measure surface and core temperature with intuitive functions and seamless documentation via <a href=\"https:\/\/stage.nordtec.se\/en\/testo-smart-apps\/\">the testo Smart app<\/a><\/li>\n<li>The app helps you with the measurement, especially of (critical) control points (CP\/CCP), but you can also measure without the app<\/li>\n<li>Flawless documentation via the testo Smart app<\/li>\n<li>Traceable measurement data for regulatory requirements and internal quality assurance<\/li>\n<\/ul>\n<p>&nbsp;<\/p>\n","protected":false},"featured_media":48028,"template":"","meta":{"_kad_blocks_custom_css":"","_kad_blocks_head_custom_js":"","_kad_blocks_body_custom_js":"","_kad_blocks_footer_custom_js":"","footnotes":""},"product_brand":[],"product_cat":[784,786,768,778,1426,830],"product_tag":[],"class_list":{"0":"post-48871","1":"product","2":"type-product","3":"status-publish","4":"has-post-thumbnail","6":"product_cat-food-instruments","7":"product_cat-ir-thermometers","8":"product_cat-measuring-instruments","9":"product_cat-temperature-gauges","10":"product_cat-testo-smart-app","11":"product_cat-thermometers","13":"first","14":"instock","15":"taxable","16":"shipping-taxable","17":"purchasable","18":"product-type-simple"},"yoast_head":"<!-- This site is optimized with the Yoast SEO Premium plugin v27.3 (Yoast SEO v27.6) - https:\/\/yoast.com\/product\/yoast-seo-premium-wordpress\/ -->\n<title>testo 104-IR BT - IR insertion thermometer with app connection | Nordtec<\/title>\n<meta name=\"description\" content=\"Incoming goods, refrigerated counters, storage: the testo 104-IR BT IR insertion thermometer is ideal for fast, reliable temperature monitoring with seamless documentation.\" \/>\n<meta name=\"robots\" content=\"noindex, follow, max-snippet:-1, max-image-preview:large, max-video-preview:-1\" \/>\n<meta property=\"og:locale\" content=\"en_US\" \/>\n<meta property=\"og:type\" content=\"article\" \/>\n<meta property=\"og:title\" content=\"testo 104-IR BT - IR insertion thermometer with app connection\" \/>\n<meta property=\"og:description\" content=\"Incoming goods, refrigerated counters, storage: the testo 104-IR BT IR insertion thermometer is ideal for fast, reliable temperature monitoring with seamless documentation.\" \/>\n<meta property=\"og:url\" content=\"https:\/\/stage.nordtec.se\/en\/product\/measuring-instruments\/temperature-gauges\/ir-thermometers\/testo-104-ir-bt-ir-insertion-thermometer-with-app-connection\/\" \/>\n<meta property=\"og:site_name\" content=\"Nordtec\" \/>\n<meta property=\"article:publisher\" content=\"https:\/\/www.facebook.com\/nordtecinstrument\" \/>\n<meta property=\"article:modified_time\" content=\"2026-04-21T11:52:19+00:00\" \/>\n<meta property=\"og:image\" content=\"https:\/\/stage.nordtec.se\/wp-content\/uploads\/2024\/09\/testo-104-ir-bt-0560-1045-front-motion-800x800-1.png\" \/>\n\t<meta property=\"og:image:width\" content=\"800\" \/>\n\t<meta property=\"og:image:height\" content=\"800\" \/>\n\t<meta property=\"og:image:type\" content=\"image\/png\" \/>\n<meta name=\"twitter:card\" content=\"summary_large_image\" \/>\n<meta name=\"twitter:label1\" content=\"Est. reading time\" \/>\n\t<meta name=\"twitter:data1\" content=\"2 minutes\" \/>\n<script type=\"application\/ld+json\" class=\"yoast-schema-graph\">{\"@context\":\"https:\\\/\\\/schema.org\",\"@graph\":[{\"@type\":[\"WebPage\",\"ItemPage\"],\"@id\":\"https:\\\/\\\/stage.nordtec.se\\\/en\\\/product\\\/measuring-instruments\\\/temperature-gauges\\\/ir-thermometers\\\/testo-104-ir-bt-ir-insertion-thermometer-with-app-connection\\\/\",\"url\":\"https:\\\/\\\/stage.nordtec.se\\\/en\\\/product\\\/measuring-instruments\\\/temperature-gauges\\\/ir-thermometers\\\/testo-104-ir-bt-ir-insertion-thermometer-with-app-connection\\\/\",\"name\":\"testo 104-IR BT - IR insertion thermometer with app connection | Nordtec\",\"isPartOf\":{\"@id\":\"https:\\\/\\\/stage.nordtec.se\\\/en\\\/#website\"},\"primaryImageOfPage\":{\"@id\":\"https:\\\/\\\/stage.nordtec.se\\\/en\\\/product\\\/measuring-instruments\\\/temperature-gauges\\\/ir-thermometers\\\/testo-104-ir-bt-ir-insertion-thermometer-with-app-connection\\\/#primaryimage\"},\"image\":{\"@id\":\"https:\\\/\\\/stage.nordtec.se\\\/en\\\/product\\\/measuring-instruments\\\/temperature-gauges\\\/ir-thermometers\\\/testo-104-ir-bt-ir-insertion-thermometer-with-app-connection\\\/#primaryimage\"},\"thumbnailUrl\":\"https:\\\/\\\/stage.nordtec.se\\\/wp-content\\\/uploads\\\/2024\\\/09\\\/testo-104-ir-bt-0560-1045-front-motion-800x800-1.png\",\"datePublished\":\"2024-10-28T08:25:02+00:00\",\"dateModified\":\"2026-04-21T11:52:19+00:00\",\"description\":\"Incoming goods, refrigerated counters, storage: the testo 104-IR BT IR insertion thermometer is ideal for fast, reliable temperature monitoring with seamless documentation.\",\"breadcrumb\":{\"@id\":\"https:\\\/\\\/stage.nordtec.se\\\/en\\\/product\\\/measuring-instruments\\\/temperature-gauges\\\/ir-thermometers\\\/testo-104-ir-bt-ir-insertion-thermometer-with-app-connection\\\/#breadcrumb\"},\"inLanguage\":\"en-US\",\"potentialAction\":[{\"@type\":\"ReadAction\",\"target\":[\"https:\\\/\\\/stage.nordtec.se\\\/en\\\/product\\\/measuring-instruments\\\/temperature-gauges\\\/ir-thermometers\\\/testo-104-ir-bt-ir-insertion-thermometer-with-app-connection\\\/\"]}]},{\"@type\":\"ImageObject\",\"inLanguage\":\"en-US\",\"@id\":\"https:\\\/\\\/stage.nordtec.se\\\/en\\\/product\\\/measuring-instruments\\\/temperature-gauges\\\/ir-thermometers\\\/testo-104-ir-bt-ir-insertion-thermometer-with-app-connection\\\/#primaryimage\",\"url\":\"https:\\\/\\\/stage.nordtec.se\\\/wp-content\\\/uploads\\\/2024\\\/09\\\/testo-104-ir-bt-0560-1045-front-motion-800x800-1.png\",\"contentUrl\":\"https:\\\/\\\/stage.nordtec.se\\\/wp-content\\\/uploads\\\/2024\\\/09\\\/testo-104-ir-bt-0560-1045-front-motion-800x800-1.png\",\"width\":800,\"height\":800,\"caption\":\"testo 104-IR BT with app connection\"},{\"@type\":\"BreadcrumbList\",\"@id\":\"https:\\\/\\\/stage.nordtec.se\\\/en\\\/product\\\/measuring-instruments\\\/temperature-gauges\\\/ir-thermometers\\\/testo-104-ir-bt-ir-insertion-thermometer-with-app-connection\\\/#breadcrumb\",\"itemListElement\":[{\"@type\":\"ListItem\",\"position\":1,\"name\":\"Hem\",\"item\":\"https:\\\/\\\/stage.nordtec.se\\\/en\\\/\"},{\"@type\":\"ListItem\",\"position\":2,\"name\":\"Shop\",\"item\":\"https:\\\/\\\/stage.nordtec.se\\\/shop\\\/?lang=en\"},{\"@type\":\"ListItem\",\"position\":3,\"name\":\"testo 104-IR BT &#8211; IR insertion thermometer with app connection\"}]},{\"@type\":\"WebSite\",\"@id\":\"https:\\\/\\\/stage.nordtec.se\\\/en\\\/#website\",\"url\":\"https:\\\/\\\/stage.nordtec.se\\\/en\\\/\",\"name\":\"Nordtec\",\"description\":\"Din partner inom m\u00e4tteknik\",\"publisher\":{\"@id\":\"https:\\\/\\\/stage.nordtec.se\\\/en\\\/#organization\"},\"potentialAction\":[{\"@type\":\"SearchAction\",\"target\":{\"@type\":\"EntryPoint\",\"urlTemplate\":\"https:\\\/\\\/stage.nordtec.se\\\/en\\\/?s={search_term_string}\"},\"query-input\":{\"@type\":\"PropertyValueSpecification\",\"valueRequired\":true,\"valueName\":\"search_term_string\"}}],\"inLanguage\":\"en-US\"},{\"@type\":\"Organization\",\"@id\":\"https:\\\/\\\/stage.nordtec.se\\\/en\\\/#organization\",\"name\":\"Nordtec Instrument AB\",\"url\":\"https:\\\/\\\/stage.nordtec.se\\\/en\\\/\",\"logo\":{\"@type\":\"ImageObject\",\"inLanguage\":\"en-US\",\"@id\":\"https:\\\/\\\/stage.nordtec.se\\\/en\\\/#\\\/schema\\\/logo\\\/image\\\/\",\"url\":\"https:\\\/\\\/stage.nordtec.se\\\/wp-content\\\/uploads\\\/2021\\\/08\\\/nordtec_logo_rgb-340px.png\",\"contentUrl\":\"https:\\\/\\\/stage.nordtec.se\\\/wp-content\\\/uploads\\\/2021\\\/08\\\/nordtec_logo_rgb-340px.png\",\"width\":340,\"height\":75,\"caption\":\"Nordtec Instrument AB\"},\"image\":{\"@id\":\"https:\\\/\\\/stage.nordtec.se\\\/en\\\/#\\\/schema\\\/logo\\\/image\\\/\"},\"sameAs\":[\"https:\\\/\\\/www.facebook.com\\\/nordtecinstrument\",\"https:\\\/\\\/www.instagram.com\\\/nordtec_instrument\\\/\",\"https:\\\/\\\/www.linkedin.com\\\/company\\\/nordtec-instrument-ab\\\/\",\"https:\\\/\\\/www.youtube.com\\\/channel\\\/UCbmAq3ZmfBKOGg7_igFURng\"]}]}<\/script>\n<!-- \/ Yoast SEO Premium plugin. -->","yoast_head_json":{"title":"testo 104-IR BT - IR insertion thermometer with app connection | Nordtec","description":"Incoming goods, refrigerated counters, storage: the testo 104-IR BT IR insertion thermometer is ideal for fast, reliable temperature monitoring with seamless documentation.","robots":{"index":"noindex","follow":"follow","max-snippet":"max-snippet:-1","max-image-preview":"max-image-preview:large","max-video-preview":"max-video-preview:-1"},"og_locale":"en_US","og_type":"article","og_title":"testo 104-IR BT - IR insertion thermometer with app connection","og_description":"Incoming goods, refrigerated counters, storage: the testo 104-IR BT IR insertion thermometer is ideal for fast, reliable temperature monitoring with seamless documentation.","og_url":"https:\/\/stage.nordtec.se\/en\/product\/measuring-instruments\/temperature-gauges\/ir-thermometers\/testo-104-ir-bt-ir-insertion-thermometer-with-app-connection\/","og_site_name":"Nordtec","article_publisher":"https:\/\/www.facebook.com\/nordtecinstrument","article_modified_time":"2026-04-21T11:52:19+00:00","og_image":[{"width":800,"height":800,"url":"https:\/\/stage.nordtec.se\/wp-content\/uploads\/2024\/09\/testo-104-ir-bt-0560-1045-front-motion-800x800-1.png","type":"image\/png"}],"twitter_card":"summary_large_image","twitter_misc":{"Est. reading time":"2 minutes"},"schema":{"@context":"https:\/\/schema.org","@graph":[{"@type":["WebPage","ItemPage"],"@id":"https:\/\/stage.nordtec.se\/en\/product\/measuring-instruments\/temperature-gauges\/ir-thermometers\/testo-104-ir-bt-ir-insertion-thermometer-with-app-connection\/","url":"https:\/\/stage.nordtec.se\/en\/product\/measuring-instruments\/temperature-gauges\/ir-thermometers\/testo-104-ir-bt-ir-insertion-thermometer-with-app-connection\/","name":"testo 104-IR BT - IR insertion thermometer with app connection | Nordtec","isPartOf":{"@id":"https:\/\/stage.nordtec.se\/en\/#website"},"primaryImageOfPage":{"@id":"https:\/\/stage.nordtec.se\/en\/product\/measuring-instruments\/temperature-gauges\/ir-thermometers\/testo-104-ir-bt-ir-insertion-thermometer-with-app-connection\/#primaryimage"},"image":{"@id":"https:\/\/stage.nordtec.se\/en\/product\/measuring-instruments\/temperature-gauges\/ir-thermometers\/testo-104-ir-bt-ir-insertion-thermometer-with-app-connection\/#primaryimage"},"thumbnailUrl":"https:\/\/stage.nordtec.se\/wp-content\/uploads\/2024\/09\/testo-104-ir-bt-0560-1045-front-motion-800x800-1.png","datePublished":"2024-10-28T08:25:02+00:00","dateModified":"2026-04-21T11:52:19+00:00","description":"Incoming goods, refrigerated counters, storage: the testo 104-IR BT IR insertion thermometer is ideal for fast, reliable temperature monitoring with seamless documentation.","breadcrumb":{"@id":"https:\/\/stage.nordtec.se\/en\/product\/measuring-instruments\/temperature-gauges\/ir-thermometers\/testo-104-ir-bt-ir-insertion-thermometer-with-app-connection\/#breadcrumb"},"inLanguage":"en-US","potentialAction":[{"@type":"ReadAction","target":["https:\/\/stage.nordtec.se\/en\/product\/measuring-instruments\/temperature-gauges\/ir-thermometers\/testo-104-ir-bt-ir-insertion-thermometer-with-app-connection\/"]}]},{"@type":"ImageObject","inLanguage":"en-US","@id":"https:\/\/stage.nordtec.se\/en\/product\/measuring-instruments\/temperature-gauges\/ir-thermometers\/testo-104-ir-bt-ir-insertion-thermometer-with-app-connection\/#primaryimage","url":"https:\/\/stage.nordtec.se\/wp-content\/uploads\/2024\/09\/testo-104-ir-bt-0560-1045-front-motion-800x800-1.png","contentUrl":"https:\/\/stage.nordtec.se\/wp-content\/uploads\/2024\/09\/testo-104-ir-bt-0560-1045-front-motion-800x800-1.png","width":800,"height":800,"caption":"testo 104-IR BT with app connection"},{"@type":"BreadcrumbList","@id":"https:\/\/stage.nordtec.se\/en\/product\/measuring-instruments\/temperature-gauges\/ir-thermometers\/testo-104-ir-bt-ir-insertion-thermometer-with-app-connection\/#breadcrumb","itemListElement":[{"@type":"ListItem","position":1,"name":"Hem","item":"https:\/\/stage.nordtec.se\/en\/"},{"@type":"ListItem","position":2,"name":"Shop","item":"https:\/\/stage.nordtec.se\/shop\/?lang=en"},{"@type":"ListItem","position":3,"name":"testo 104-IR BT &#8211; IR insertion thermometer with app connection"}]},{"@type":"WebSite","@id":"https:\/\/stage.nordtec.se\/en\/#website","url":"https:\/\/stage.nordtec.se\/en\/","name":"Nordtec","description":"Din partner inom m\u00e4tteknik","publisher":{"@id":"https:\/\/stage.nordtec.se\/en\/#organization"},"potentialAction":[{"@type":"SearchAction","target":{"@type":"EntryPoint","urlTemplate":"https:\/\/stage.nordtec.se\/en\/?s={search_term_string}"},"query-input":{"@type":"PropertyValueSpecification","valueRequired":true,"valueName":"search_term_string"}}],"inLanguage":"en-US"},{"@type":"Organization","@id":"https:\/\/stage.nordtec.se\/en\/#organization","name":"Nordtec Instrument AB","url":"https:\/\/stage.nordtec.se\/en\/","logo":{"@type":"ImageObject","inLanguage":"en-US","@id":"https:\/\/stage.nordtec.se\/en\/#\/schema\/logo\/image\/","url":"https:\/\/stage.nordtec.se\/wp-content\/uploads\/2021\/08\/nordtec_logo_rgb-340px.png","contentUrl":"https:\/\/stage.nordtec.se\/wp-content\/uploads\/2021\/08\/nordtec_logo_rgb-340px.png","width":340,"height":75,"caption":"Nordtec Instrument AB"},"image":{"@id":"https:\/\/stage.nordtec.se\/en\/#\/schema\/logo\/image\/"},"sameAs":["https:\/\/www.facebook.com\/nordtecinstrument","https:\/\/www.instagram.com\/nordtec_instrument\/","https:\/\/www.linkedin.com\/company\/nordtec-instrument-ab\/","https:\/\/www.youtube.com\/channel\/UCbmAq3ZmfBKOGg7_igFURng"]}]}},"taxonomy_info":{"product_cat":[{"value":784,"label":"Food instruments"},{"value":786,"label":"IR thermometers"},{"value":768,"label":"Measuring instruments"},{"value":778,"label":"Temperature gauges"},{"value":1426,"label":"testo Smart App"},{"value":830,"label":"Thermometers"}]},"featured_image_src_large":["https:\/\/stage.nordtec.se\/wp-content\/uploads\/2024\/09\/testo-104-ir-bt-0560-1045-front-motion-800x800-1.png",800,800,false],"author_info":[],"comment_info":"","_links":{"self":[{"href":"https:\/\/stage.nordtec.se\/en\/wp-json\/wp\/v2\/product\/48871","targetHints":{"allow":["GET"]}}],"collection":[{"href":"https:\/\/stage.nordtec.se\/en\/wp-json\/wp\/v2\/product"}],"about":[{"href":"https:\/\/stage.nordtec.se\/en\/wp-json\/wp\/v2\/types\/product"}],"version-history":[{"count":4,"href":"https:\/\/stage.nordtec.se\/en\/wp-json\/wp\/v2\/product\/48871\/revisions"}],"predecessor-version":[{"id":60572,"href":"https:\/\/stage.nordtec.se\/en\/wp-json\/wp\/v2\/product\/48871\/revisions\/60572"}],"wp:featuredmedia":[{"embeddable":true,"href":"https:\/\/stage.nordtec.se\/en\/wp-json\/wp\/v2\/media\/48028"}],"wp:attachment":[{"href":"https:\/\/stage.nordtec.se\/en\/wp-json\/wp\/v2\/media?parent=48871"}],"wp:term":[{"taxonomy":"product_brand","embeddable":true,"href":"https:\/\/stage.nordtec.se\/en\/wp-json\/wp\/v2\/product_brand?post=48871"},{"taxonomy":"product_cat","embeddable":true,"href":"https:\/\/stage.nordtec.se\/en\/wp-json\/wp\/v2\/product_cat?post=48871"},{"taxonomy":"product_tag","embeddable":true,"href":"https:\/\/stage.nordtec.se\/en\/wp-json\/wp\/v2\/product_tag?post=48871"}],"curies":[{"name":"wp","href":"https:\/\/api.w.org\/{rel}","templated":true}]}}