{"id":41214,"date":"2022-03-08T16:52:03","date_gmt":"2022-03-08T14:52:03","guid":{"rendered":"https:\/\/stage.nordtec.se\/produkt\/uncategorized\/testo-915i-wireless-air-temperature-sensor\/"},"modified":"2025-11-27T10:13:03","modified_gmt":"2025-11-27T08:13:03","slug":"testo-915i-wireless-air-temperature-sensor","status":"publish","type":"product","link":"https:\/\/stage.nordtec.se\/en\/product\/measuring-instruments\/temperature-gauges\/thermometers\/testo-915i-wireless-air-temperature-sensor\/","title":{"rendered":"testo 915i &#8211; wireless air temperature sensor"},"content":{"rendered":"<h2>testo 915i &#8211; wireless air temperature sensor<\/h2>\n<p>The wireless Bluetooth thermometer testo 915i can be used with your mobile or tablet and is part of the popular testo SmartProbes series. The thermometer delivers fast, reliable measurements and is versatile and easy to use thanks to its robust sensor &#8211; making it ideal for applications such as food processing. ambient temperatures and air temperatures in ducts and vents.<\/p>\n<ul>\n<li>Robust, fast air temperature sensor (TE type K, class 1), measuring range -50 &#8230; +400 \u00b0C<\/li>\n<li>High measurement accuracy up to \u00b1 1.0 \u00b0C thanks to factory system calibration<\/li>\n<li>For fast, wireless temperature measurements in ambient air and in ducts and vents.<\/li>\n<li>Innovative locking mechanism on the handle for easy, secure attachment of plug-in sensors<\/li>\n<li>Versatile in all temperature applications: compatible with all type K thermocouple sensors, both Testo and other brands of standard sensors.<\/li>\n<li>The testo Smart app has a clear display of measurement values, a graphical presentation of temperature curves, it is possible to create reports on the spot and send as a PDF or CSV files.<\/li>\n<li>Automatic Bluetooth connection to your mobile phone, tablet or compatible Testo measuring instruments.<\/li>\n<li>Bluetooth with a range of up to 100 m<\/li>\n<li>Practical, robust instrument housing<\/li>\n<li>Thanks to its proven quality and high durability, you can rely on your testo SmartProbe in all conditions.<\/li>\n<li>Do you need to measure higher temperatures? In the Sensor tab (see above) there are more options up to +1,000 \u00b0C.<\/li>\n<\/ul>\n<h2>Included in the delivery<\/h2>\n<p>The wireless SmartProbe thermometer testo 915i with air sensor (TE type K), including batteries and factory protocol.<\/p>\n<p><span class=\"ui-provider ed ayd aye ayf ayg ayh ayi ayj ayk ayl aym ayn ayo ayp ayq ayr ays ayt ayu ayv ayw ayx ayy ayz aza azb azc azd aze azf azg azh azi azj azk\" dir=\"ltr\"><strong>Fabriksprotokoll:<\/strong>\u00a0utf\u00e4rdas p\u00e5 fabriken efter en kontroll av att produkten fungerar och uppfyller angiven m\u00e4tnoggrannhet. L\u00e4s om <a href=\"https:\/\/stage.nordtec.se\/kalibrering\/iso-9001-kraver-kalibrerad-matutrustning\/\"><u>skillnaden mellan fabriksprotokoll och ackrediterad kalibrering<\/u><\/a>.<\/span><\/p>\n","protected":false},"excerpt":{"rendered":"<p style=\"text-align: left;\">Wireless thermometer with air sensor<\/p>\n<ul>\n<li style=\"text-align: left;\">-50 &#8230; +400 \u00b0C<\/li>\n<li style=\"text-align: left;\">For use with type K thermocouple sensors<\/li>\n<li style=\"text-align: left;\">Air temperature measurement in surroundings, ducts or vents<\/li>\n<\/ul>\n","protected":false},"featured_media":37817,"template":"","meta":{"_kad_blocks_custom_css":"","_kad_blocks_head_custom_js":"","_kad_blocks_body_custom_js":"","_kad_blocks_footer_custom_js":"","footnotes":""},"product_brand":[1435],"product_cat":[768,835,778,1426,830],"product_tag":[850,866,887,965,964,912,930],"class_list":{"0":"post-41214","1":"product","2":"type-product","3":"status-publish","4":"has-post-thumbnail","6":"product_brand-testo","7":"product_cat-measuring-instruments","8":"product_cat-smartprobes-en","9":"product_cat-temperature-gauges","10":"product_cat-testo-smart-app","11":"product_cat-thermometers","12":"product_tag-bluetooth-en","13":"product_tag-fastighet-en","14":"product_tag-luft-en","15":"product_tag-over-200-grader-en","16":"product_tag-over-50-grader-en","17":"product_tag-tek-en","18":"product_tag-under-minus-20-grader-en","20":"first","21":"instock","22":"taxable","23":"shipping-taxable","24":"purchasable","25":"product-type-simple"},"yoast_head":"<!-- This site is optimized with the Yoast SEO Premium plugin v27.3 (Yoast SEO v27.5) - https:\/\/yoast.com\/product\/yoast-seo-premium-wordpress\/ -->\n<title>testo 915i - wireless air temperature sensor | Nordtec<\/title>\n<meta name=\"description\" content=\"Bluetooth thermometer with air temperature sensor \u1405 testo 915i \u2713 -50 ... +400 \u00b0C \u2713 Thermocouple sensor type K \u2713 For ambient air, ducts or donos\" \/>\n<meta name=\"robots\" content=\"noindex, follow, max-snippet:-1, max-image-preview:large, max-video-preview:-1\" \/>\n<meta property=\"og:locale\" content=\"en_US\" \/>\n<meta property=\"og:type\" content=\"article\" \/>\n<meta property=\"og:title\" content=\"testo 915i - wireless air temperature sensor\" \/>\n<meta property=\"og:description\" content=\"Bluetooth thermometer with air temperature sensor \u1405 testo 915i \u2713 -50 ... +400 \u00b0C \u2713 Thermocouple sensor type K \u2713 For ambient air, ducts or donos\" \/>\n<meta property=\"og:url\" content=\"https:\/\/stage.nordtec.se\/en\/product\/measuring-instruments\/temperature-gauges\/thermometers\/testo-915i-wireless-air-temperature-sensor\/\" \/>\n<meta property=\"og:site_name\" content=\"Nordtec\" \/>\n<meta property=\"article:publisher\" content=\"https:\/\/www.facebook.com\/nordtecinstrument\" \/>\n<meta property=\"article:modified_time\" content=\"2025-11-27T08:13:03+00:00\" \/>\n<meta property=\"og:image\" content=\"https:\/\/stage.nordtec.se\/wp-content\/uploads\/2022\/03\/testo-915i-0602-3093-front_800px.png\" \/>\n\t<meta property=\"og:image:width\" content=\"800\" \/>\n\t<meta property=\"og:image:height\" content=\"800\" \/>\n\t<meta property=\"og:image:type\" content=\"image\/png\" \/>\n<meta name=\"twitter:card\" content=\"summary_large_image\" \/>\n<meta name=\"twitter:label1\" content=\"Est. reading time\" \/>\n\t<meta name=\"twitter:data1\" content=\"2 minutes\" \/>\n<script type=\"application\/ld+json\" class=\"yoast-schema-graph\">{\"@context\":\"https:\\\/\\\/schema.org\",\"@graph\":[{\"@type\":[\"WebPage\",\"ItemPage\"],\"@id\":\"https:\\\/\\\/stage.nordtec.se\\\/en\\\/product\\\/measuring-instruments\\\/temperature-gauges\\\/thermometers\\\/testo-915i-wireless-air-temperature-sensor\\\/\",\"url\":\"https:\\\/\\\/stage.nordtec.se\\\/en\\\/product\\\/measuring-instruments\\\/temperature-gauges\\\/thermometers\\\/testo-915i-wireless-air-temperature-sensor\\\/\",\"name\":\"testo 915i - wireless air temperature sensor | Nordtec\",\"isPartOf\":{\"@id\":\"https:\\\/\\\/stage.nordtec.se\\\/en\\\/#website\"},\"primaryImageOfPage\":{\"@id\":\"https:\\\/\\\/stage.nordtec.se\\\/en\\\/product\\\/measuring-instruments\\\/temperature-gauges\\\/thermometers\\\/testo-915i-wireless-air-temperature-sensor\\\/#primaryimage\"},\"image\":{\"@id\":\"https:\\\/\\\/stage.nordtec.se\\\/en\\\/product\\\/measuring-instruments\\\/temperature-gauges\\\/thermometers\\\/testo-915i-wireless-air-temperature-sensor\\\/#primaryimage\"},\"thumbnailUrl\":\"https:\\\/\\\/stage.nordtec.se\\\/wp-content\\\/uploads\\\/2022\\\/03\\\/testo-915i-0602-3093-front_800px.png\",\"datePublished\":\"2022-03-08T14:52:03+00:00\",\"dateModified\":\"2025-11-27T08:13:03+00:00\",\"description\":\"Bluetooth thermometer with air temperature sensor \u1405 testo 915i \u2713 -50 ... +400 \u00b0C \u2713 Thermocouple sensor type K \u2713 For ambient air, ducts or donos\",\"breadcrumb\":{\"@id\":\"https:\\\/\\\/stage.nordtec.se\\\/en\\\/product\\\/measuring-instruments\\\/temperature-gauges\\\/thermometers\\\/testo-915i-wireless-air-temperature-sensor\\\/#breadcrumb\"},\"inLanguage\":\"en-US\",\"potentialAction\":[{\"@type\":\"ReadAction\",\"target\":[\"https:\\\/\\\/stage.nordtec.se\\\/en\\\/product\\\/measuring-instruments\\\/temperature-gauges\\\/thermometers\\\/testo-915i-wireless-air-temperature-sensor\\\/\"]}]},{\"@type\":\"ImageObject\",\"inLanguage\":\"en-US\",\"@id\":\"https:\\\/\\\/stage.nordtec.se\\\/en\\\/product\\\/measuring-instruments\\\/temperature-gauges\\\/thermometers\\\/testo-915i-wireless-air-temperature-sensor\\\/#primaryimage\",\"url\":\"https:\\\/\\\/stage.nordtec.se\\\/wp-content\\\/uploads\\\/2022\\\/03\\\/testo-915i-0602-3093-front_800px.png\",\"contentUrl\":\"https:\\\/\\\/stage.nordtec.se\\\/wp-content\\\/uploads\\\/2022\\\/03\\\/testo-915i-0602-3093-front_800px.png\",\"width\":800,\"height\":800,\"caption\":\"Bluetooth thermometer testo 915i air sensor\"},{\"@type\":\"BreadcrumbList\",\"@id\":\"https:\\\/\\\/stage.nordtec.se\\\/en\\\/product\\\/measuring-instruments\\\/temperature-gauges\\\/thermometers\\\/testo-915i-wireless-air-temperature-sensor\\\/#breadcrumb\",\"itemListElement\":[{\"@type\":\"ListItem\",\"position\":1,\"name\":\"Hem\",\"item\":\"https:\\\/\\\/stage.nordtec.se\\\/en\\\/\"},{\"@type\":\"ListItem\",\"position\":2,\"name\":\"Shop\",\"item\":\"https:\\\/\\\/stage.nordtec.se\\\/shop\\\/?lang=en\"},{\"@type\":\"ListItem\",\"position\":3,\"name\":\"testo 915i &#8211; wireless air temperature sensor\"}]},{\"@type\":\"WebSite\",\"@id\":\"https:\\\/\\\/stage.nordtec.se\\\/en\\\/#website\",\"url\":\"https:\\\/\\\/stage.nordtec.se\\\/en\\\/\",\"name\":\"Nordtec\",\"description\":\"Din partner inom m\u00e4tteknik\",\"publisher\":{\"@id\":\"https:\\\/\\\/stage.nordtec.se\\\/en\\\/#organization\"},\"potentialAction\":[{\"@type\":\"SearchAction\",\"target\":{\"@type\":\"EntryPoint\",\"urlTemplate\":\"https:\\\/\\\/stage.nordtec.se\\\/en\\\/?s={search_term_string}\"},\"query-input\":{\"@type\":\"PropertyValueSpecification\",\"valueRequired\":true,\"valueName\":\"search_term_string\"}}],\"inLanguage\":\"en-US\"},{\"@type\":\"Organization\",\"@id\":\"https:\\\/\\\/stage.nordtec.se\\\/en\\\/#organization\",\"name\":\"Nordtec Instrument AB\",\"url\":\"https:\\\/\\\/stage.nordtec.se\\\/en\\\/\",\"logo\":{\"@type\":\"ImageObject\",\"inLanguage\":\"en-US\",\"@id\":\"https:\\\/\\\/stage.nordtec.se\\\/en\\\/#\\\/schema\\\/logo\\\/image\\\/\",\"url\":\"https:\\\/\\\/stage.nordtec.se\\\/wp-content\\\/uploads\\\/2021\\\/08\\\/nordtec_logo_rgb-340px.png\",\"contentUrl\":\"https:\\\/\\\/stage.nordtec.se\\\/wp-content\\\/uploads\\\/2021\\\/08\\\/nordtec_logo_rgb-340px.png\",\"width\":340,\"height\":75,\"caption\":\"Nordtec Instrument AB\"},\"image\":{\"@id\":\"https:\\\/\\\/stage.nordtec.se\\\/en\\\/#\\\/schema\\\/logo\\\/image\\\/\"},\"sameAs\":[\"https:\\\/\\\/www.facebook.com\\\/nordtecinstrument\",\"https:\\\/\\\/www.instagram.com\\\/nordtec_instrument\\\/\",\"https:\\\/\\\/www.linkedin.com\\\/company\\\/nordtec-instrument-ab\\\/\",\"https:\\\/\\\/www.youtube.com\\\/channel\\\/UCbmAq3ZmfBKOGg7_igFURng\"]}]}<\/script>\n<!-- \/ Yoast SEO Premium plugin. -->","yoast_head_json":{"title":"testo 915i - wireless air temperature sensor | Nordtec","description":"Bluetooth thermometer with air temperature sensor \u1405 testo 915i \u2713 -50 ... +400 \u00b0C \u2713 Thermocouple sensor type K \u2713 For ambient air, ducts or donos","robots":{"index":"noindex","follow":"follow","max-snippet":"max-snippet:-1","max-image-preview":"max-image-preview:large","max-video-preview":"max-video-preview:-1"},"og_locale":"en_US","og_type":"article","og_title":"testo 915i - wireless air temperature sensor","og_description":"Bluetooth thermometer with air temperature sensor \u1405 testo 915i \u2713 -50 ... +400 \u00b0C \u2713 Thermocouple sensor type K \u2713 For ambient air, ducts or donos","og_url":"https:\/\/stage.nordtec.se\/en\/product\/measuring-instruments\/temperature-gauges\/thermometers\/testo-915i-wireless-air-temperature-sensor\/","og_site_name":"Nordtec","article_publisher":"https:\/\/www.facebook.com\/nordtecinstrument","article_modified_time":"2025-11-27T08:13:03+00:00","og_image":[{"width":800,"height":800,"url":"https:\/\/stage.nordtec.se\/wp-content\/uploads\/2022\/03\/testo-915i-0602-3093-front_800px.png","type":"image\/png"}],"twitter_card":"summary_large_image","twitter_misc":{"Est. reading time":"2 minutes"},"schema":{"@context":"https:\/\/schema.org","@graph":[{"@type":["WebPage","ItemPage"],"@id":"https:\/\/stage.nordtec.se\/en\/product\/measuring-instruments\/temperature-gauges\/thermometers\/testo-915i-wireless-air-temperature-sensor\/","url":"https:\/\/stage.nordtec.se\/en\/product\/measuring-instruments\/temperature-gauges\/thermometers\/testo-915i-wireless-air-temperature-sensor\/","name":"testo 915i - wireless air temperature sensor | Nordtec","isPartOf":{"@id":"https:\/\/stage.nordtec.se\/en\/#website"},"primaryImageOfPage":{"@id":"https:\/\/stage.nordtec.se\/en\/product\/measuring-instruments\/temperature-gauges\/thermometers\/testo-915i-wireless-air-temperature-sensor\/#primaryimage"},"image":{"@id":"https:\/\/stage.nordtec.se\/en\/product\/measuring-instruments\/temperature-gauges\/thermometers\/testo-915i-wireless-air-temperature-sensor\/#primaryimage"},"thumbnailUrl":"https:\/\/stage.nordtec.se\/wp-content\/uploads\/2022\/03\/testo-915i-0602-3093-front_800px.png","datePublished":"2022-03-08T14:52:03+00:00","dateModified":"2025-11-27T08:13:03+00:00","description":"Bluetooth thermometer with air temperature sensor \u1405 testo 915i \u2713 -50 ... +400 \u00b0C \u2713 Thermocouple sensor type K \u2713 For ambient air, ducts or donos","breadcrumb":{"@id":"https:\/\/stage.nordtec.se\/en\/product\/measuring-instruments\/temperature-gauges\/thermometers\/testo-915i-wireless-air-temperature-sensor\/#breadcrumb"},"inLanguage":"en-US","potentialAction":[{"@type":"ReadAction","target":["https:\/\/stage.nordtec.se\/en\/product\/measuring-instruments\/temperature-gauges\/thermometers\/testo-915i-wireless-air-temperature-sensor\/"]}]},{"@type":"ImageObject","inLanguage":"en-US","@id":"https:\/\/stage.nordtec.se\/en\/product\/measuring-instruments\/temperature-gauges\/thermometers\/testo-915i-wireless-air-temperature-sensor\/#primaryimage","url":"https:\/\/stage.nordtec.se\/wp-content\/uploads\/2022\/03\/testo-915i-0602-3093-front_800px.png","contentUrl":"https:\/\/stage.nordtec.se\/wp-content\/uploads\/2022\/03\/testo-915i-0602-3093-front_800px.png","width":800,"height":800,"caption":"Bluetooth thermometer testo 915i air sensor"},{"@type":"BreadcrumbList","@id":"https:\/\/stage.nordtec.se\/en\/product\/measuring-instruments\/temperature-gauges\/thermometers\/testo-915i-wireless-air-temperature-sensor\/#breadcrumb","itemListElement":[{"@type":"ListItem","position":1,"name":"Hem","item":"https:\/\/stage.nordtec.se\/en\/"},{"@type":"ListItem","position":2,"name":"Shop","item":"https:\/\/stage.nordtec.se\/shop\/?lang=en"},{"@type":"ListItem","position":3,"name":"testo 915i &#8211; wireless air temperature sensor"}]},{"@type":"WebSite","@id":"https:\/\/stage.nordtec.se\/en\/#website","url":"https:\/\/stage.nordtec.se\/en\/","name":"Nordtec","description":"Din partner inom m\u00e4tteknik","publisher":{"@id":"https:\/\/stage.nordtec.se\/en\/#organization"},"potentialAction":[{"@type":"SearchAction","target":{"@type":"EntryPoint","urlTemplate":"https:\/\/stage.nordtec.se\/en\/?s={search_term_string}"},"query-input":{"@type":"PropertyValueSpecification","valueRequired":true,"valueName":"search_term_string"}}],"inLanguage":"en-US"},{"@type":"Organization","@id":"https:\/\/stage.nordtec.se\/en\/#organization","name":"Nordtec Instrument AB","url":"https:\/\/stage.nordtec.se\/en\/","logo":{"@type":"ImageObject","inLanguage":"en-US","@id":"https:\/\/stage.nordtec.se\/en\/#\/schema\/logo\/image\/","url":"https:\/\/stage.nordtec.se\/wp-content\/uploads\/2021\/08\/nordtec_logo_rgb-340px.png","contentUrl":"https:\/\/stage.nordtec.se\/wp-content\/uploads\/2021\/08\/nordtec_logo_rgb-340px.png","width":340,"height":75,"caption":"Nordtec Instrument AB"},"image":{"@id":"https:\/\/stage.nordtec.se\/en\/#\/schema\/logo\/image\/"},"sameAs":["https:\/\/www.facebook.com\/nordtecinstrument","https:\/\/www.instagram.com\/nordtec_instrument\/","https:\/\/www.linkedin.com\/company\/nordtec-instrument-ab\/","https:\/\/www.youtube.com\/channel\/UCbmAq3ZmfBKOGg7_igFURng"]}]}},"taxonomy_info":{"product_brand":[{"value":1435,"label":"Testo"}],"product_cat":[{"value":768,"label":"Measuring instruments"},{"value":835,"label":"SmartProbes"},{"value":778,"label":"Temperature gauges"},{"value":1426,"label":"testo Smart App"},{"value":830,"label":"Thermometers"}],"product_tag":[{"value":850,"label":"Bluetooth"},{"value":866,"label":"Fastighet"},{"value":887,"label":"Luft"},{"value":965,"label":"\u00d6ver +200 \u00b0C"},{"value":964,"label":"\u00d6ver +50 \u00b0C"},{"value":912,"label":"TE typ K"},{"value":930,"label":"Under -20 \u00b0C"}]},"featured_image_src_large":["https:\/\/stage.nordtec.se\/wp-content\/uploads\/2022\/03\/testo-915i-0602-3093-front_800px.png",800,800,false],"author_info":[],"comment_info":"","_links":{"self":[{"href":"https:\/\/stage.nordtec.se\/en\/wp-json\/wp\/v2\/product\/41214","targetHints":{"allow":["GET"]}}],"collection":[{"href":"https:\/\/stage.nordtec.se\/en\/wp-json\/wp\/v2\/product"}],"about":[{"href":"https:\/\/stage.nordtec.se\/en\/wp-json\/wp\/v2\/types\/product"}],"version-history":[{"count":1,"href":"https:\/\/stage.nordtec.se\/en\/wp-json\/wp\/v2\/product\/41214\/revisions"}],"predecessor-version":[{"id":43819,"href":"https:\/\/stage.nordtec.se\/en\/wp-json\/wp\/v2\/product\/41214\/revisions\/43819"}],"wp:featuredmedia":[{"embeddable":true,"href":"https:\/\/stage.nordtec.se\/en\/wp-json\/wp\/v2\/media\/37817"}],"wp:attachment":[{"href":"https:\/\/stage.nordtec.se\/en\/wp-json\/wp\/v2\/media?parent=41214"}],"wp:term":[{"taxonomy":"product_brand","embeddable":true,"href":"https:\/\/stage.nordtec.se\/en\/wp-json\/wp\/v2\/product_brand?post=41214"},{"taxonomy":"product_cat","embeddable":true,"href":"https:\/\/stage.nordtec.se\/en\/wp-json\/wp\/v2\/product_cat?post=41214"},{"taxonomy":"product_tag","embeddable":true,"href":"https:\/\/stage.nordtec.se\/en\/wp-json\/wp\/v2\/product_tag?post=41214"}],"curies":[{"name":"wp","href":"https:\/\/api.w.org\/{rel}","templated":true}]}}