{"id":41213,"date":"2022-03-08T16:52:03","date_gmt":"2022-03-08T14:52:03","guid":{"rendered":"https:\/\/stage.nordtec.se\/produkt\/uncategorized\/testo-805i-wireless-thermometer-for-ir-measurement\/"},"modified":"2025-11-27T10:21:26","modified_gmt":"2025-11-27T08:21:26","slug":"testo-805i-wireless-thermometer-for-ir-measurement","status":"publish","type":"product","link":"https:\/\/stage.nordtec.se\/en\/product\/measuring-instruments\/temperature-gauges\/ir-thermometers\/testo-805i-wireless-thermometer-for-ir-measurement\/","title":{"rendered":"testo 805i &#8211; wireless thermometer for IR measurement"},"content":{"rendered":"<h2>Blueooth thermometer for IR measurement<\/h2>\n<p>The testo 805i IR temperature sensor turns your smartphone or tablet into an instrument for surface temperature measurement. You can also use it to measure the temperature of fuses and components in ventilation systems. The measurement spot is clearly marked with a circle thanks to an 8-point laser sight.<\/p>\n<h2>Quick overview &#8211; features and benefits<\/h2>\n<p>Users can conveniently read their measurements in the free app, which you download to your smartphone or tablet. The app also allows you to create and document images with temperature values. A special menu also makes it easier to detect areas at risk of moisture damage. Send measurement results directly as PDF or Excel files.<\/p>\n<ul>\n<li>Measuring range -30 &#8230; +250 \u00b0C<\/li>\n<li>Non-contact IR measurement of surface temperatures<\/li>\n<li>Simple pictorial documentation incl. measurement values<\/li>\n<li>Marking a measurement spot with an 8-point laser sight<\/li>\n<li>Free Bluetooth app<\/li>\n<li>Read the measurements on your phone<\/li>\n<\/ul>\n<h2>System requirements<\/h2>\n<ul>\n<li>iOS 8.3 or later<\/li>\n<li>Android 4.3 or later<\/li>\n<li>Bluetooth 4.0 or later<\/li>\n<\/ul>\n<h2>Included in delivery<\/h2>\n<p>The testo 805i IR temperature sensor is supplied with batteries and factory protocol.<\/p>\n<p><span class=\"ui-provider ed ayd aye ayf ayg ayh ayi ayj ayk ayl aym ayn ayo ayp ayq ayr ays ayt ayu ayv ayw ayx ayy ayz aza azb azc azd aze azf azg azh azi azj azk\" dir=\"ltr\"><strong>Fabriksprotokoll:<\/strong>\u00a0utf\u00e4rdas p\u00e5 fabriken efter en kontroll av att produkten fungerar och uppfyller angiven m\u00e4tnoggrannhet. L\u00e4s om <a href=\"https:\/\/stage.nordtec.se\/kalibrering\/iso-9001-kraver-kalibrerad-matutrustning\/\"><u>skillnaden mellan fabriksprotokoll och ackrediterad kalibrering<\/u><\/a>.<\/span><\/p>\n","protected":false},"excerpt":{"rendered":"<p style=\"text-align: left;\">Bluetooth thermometer for non-contact temperature measurement<\/p>\n<ul>\n<li style=\"text-align: left;\">Measuring range -30 &#8230; +250 \u00b0C<\/li>\n<li style=\"text-align: left;\">Non-contact IR measurement of surface temperatures<\/li>\n<li style=\"text-align: left;\">Simple pictorial documentation incl. measurement values<\/li>\n<\/ul>\n","protected":false},"featured_media":38238,"template":"","meta":{"_kad_blocks_custom_css":"","_kad_blocks_head_custom_js":"","_kad_blocks_body_custom_js":"","_kad_blocks_footer_custom_js":"","footnotes":""},"product_brand":[1435],"product_cat":[787,782,786,768,835,778,1426],"product_tag":[850,878,965,964,930],"class_list":{"0":"post-41213","1":"product","2":"type-product","3":"status-publish","4":"has-post-thumbnail","6":"product_brand-testo","7":"product_cat-building-technology","8":"product_cat-hvac-property","9":"product_cat-ir-thermometers","10":"product_cat-measuring-instruments","11":"product_cat-smartprobes-en","12":"product_cat-temperature-gauges","13":"product_cat-testo-smart-app","14":"product_tag-bluetooth-en","15":"product_tag-infrared-en","16":"product_tag-over-200-grader-en","17":"product_tag-over-50-grader-en","18":"product_tag-under-minus-20-grader-en","20":"first","21":"instock","22":"taxable","23":"shipping-taxable","24":"purchasable","25":"product-type-simple"},"yoast_head":"<!-- This site is optimized with the Yoast SEO Premium plugin v27.3 (Yoast SEO v27.5) - https:\/\/yoast.com\/product\/yoast-seo-premium-wordpress\/ -->\n<title>testo 805i - wireless thermometer for IR measurement | Nordtec<\/title>\n<meta name=\"description\" content=\"Bluetooth thermometer for IR measurement \u1405 testo 805i \u2713 Measuring range -30 ... +250 \u00b0C \u2713 Non-contact surface temperature measurement \u2713 Simple image documentation incl. display. measurement value\" \/>\n<meta name=\"robots\" content=\"noindex, follow, max-snippet:-1, max-image-preview:large, max-video-preview:-1\" \/>\n<meta property=\"og:locale\" content=\"en_US\" \/>\n<meta property=\"og:type\" content=\"article\" \/>\n<meta property=\"og:title\" content=\"testo 805i - wireless thermometer for IR measurement\" \/>\n<meta property=\"og:description\" content=\"Bluetooth thermometer for IR measurement \u1405 testo 805i \u2713 Measuring range -30 ... +250 \u00b0C \u2713 Non-contact surface temperature measurement \u2713 Simple image documentation incl. display. measurement value\" \/>\n<meta property=\"og:url\" content=\"https:\/\/stage.nordtec.se\/en\/product\/measuring-instruments\/temperature-gauges\/ir-thermometers\/testo-805i-wireless-thermometer-for-ir-measurement\/\" \/>\n<meta property=\"og:site_name\" content=\"Nordtec\" \/>\n<meta property=\"article:publisher\" content=\"https:\/\/www.facebook.com\/nordtecinstrument\" \/>\n<meta property=\"article:modified_time\" content=\"2025-11-27T08:21:26+00:00\" \/>\n<meta property=\"og:image\" content=\"https:\/\/stage.nordtec.se\/wp-content\/uploads\/2022\/03\/testo-805i-temperature-front_800px.png\" \/>\n\t<meta property=\"og:image:width\" content=\"800\" \/>\n\t<meta property=\"og:image:height\" content=\"800\" \/>\n\t<meta property=\"og:image:type\" content=\"image\/png\" \/>\n<meta name=\"twitter:card\" content=\"summary_large_image\" \/>\n<meta name=\"twitter:label1\" content=\"Est. reading time\" \/>\n\t<meta name=\"twitter:data1\" content=\"2 minutes\" \/>\n<script type=\"application\/ld+json\" class=\"yoast-schema-graph\">{\"@context\":\"https:\\\/\\\/schema.org\",\"@graph\":[{\"@type\":[\"WebPage\",\"ItemPage\"],\"@id\":\"https:\\\/\\\/stage.nordtec.se\\\/en\\\/product\\\/measuring-instruments\\\/temperature-gauges\\\/ir-thermometers\\\/testo-805i-wireless-thermometer-for-ir-measurement\\\/\",\"url\":\"https:\\\/\\\/stage.nordtec.se\\\/en\\\/product\\\/measuring-instruments\\\/temperature-gauges\\\/ir-thermometers\\\/testo-805i-wireless-thermometer-for-ir-measurement\\\/\",\"name\":\"testo 805i - wireless thermometer for IR measurement | Nordtec\",\"isPartOf\":{\"@id\":\"https:\\\/\\\/stage.nordtec.se\\\/en\\\/#website\"},\"primaryImageOfPage\":{\"@id\":\"https:\\\/\\\/stage.nordtec.se\\\/en\\\/product\\\/measuring-instruments\\\/temperature-gauges\\\/ir-thermometers\\\/testo-805i-wireless-thermometer-for-ir-measurement\\\/#primaryimage\"},\"image\":{\"@id\":\"https:\\\/\\\/stage.nordtec.se\\\/en\\\/product\\\/measuring-instruments\\\/temperature-gauges\\\/ir-thermometers\\\/testo-805i-wireless-thermometer-for-ir-measurement\\\/#primaryimage\"},\"thumbnailUrl\":\"https:\\\/\\\/stage.nordtec.se\\\/wp-content\\\/uploads\\\/2022\\\/03\\\/testo-805i-temperature-front_800px.png\",\"datePublished\":\"2022-03-08T14:52:03+00:00\",\"dateModified\":\"2025-11-27T08:21:26+00:00\",\"description\":\"Bluetooth thermometer for IR measurement \u1405 testo 805i \u2713 Measuring range -30 ... +250 \u00b0C \u2713 Non-contact surface temperature measurement \u2713 Simple image documentation incl. display. measurement value\",\"breadcrumb\":{\"@id\":\"https:\\\/\\\/stage.nordtec.se\\\/en\\\/product\\\/measuring-instruments\\\/temperature-gauges\\\/ir-thermometers\\\/testo-805i-wireless-thermometer-for-ir-measurement\\\/#breadcrumb\"},\"inLanguage\":\"en-US\",\"potentialAction\":[{\"@type\":\"ReadAction\",\"target\":[\"https:\\\/\\\/stage.nordtec.se\\\/en\\\/product\\\/measuring-instruments\\\/temperature-gauges\\\/ir-thermometers\\\/testo-805i-wireless-thermometer-for-ir-measurement\\\/\"]}]},{\"@type\":\"ImageObject\",\"inLanguage\":\"en-US\",\"@id\":\"https:\\\/\\\/stage.nordtec.se\\\/en\\\/product\\\/measuring-instruments\\\/temperature-gauges\\\/ir-thermometers\\\/testo-805i-wireless-thermometer-for-ir-measurement\\\/#primaryimage\",\"url\":\"https:\\\/\\\/stage.nordtec.se\\\/wp-content\\\/uploads\\\/2022\\\/03\\\/testo-805i-temperature-front_800px.png\",\"contentUrl\":\"https:\\\/\\\/stage.nordtec.se\\\/wp-content\\\/uploads\\\/2022\\\/03\\\/testo-805i-temperature-front_800px.png\",\"width\":800,\"height\":800,\"caption\":\"SmartProbe testo 805i\"},{\"@type\":\"BreadcrumbList\",\"@id\":\"https:\\\/\\\/stage.nordtec.se\\\/en\\\/product\\\/measuring-instruments\\\/temperature-gauges\\\/ir-thermometers\\\/testo-805i-wireless-thermometer-for-ir-measurement\\\/#breadcrumb\",\"itemListElement\":[{\"@type\":\"ListItem\",\"position\":1,\"name\":\"Hem\",\"item\":\"https:\\\/\\\/stage.nordtec.se\\\/en\\\/\"},{\"@type\":\"ListItem\",\"position\":2,\"name\":\"Shop\",\"item\":\"https:\\\/\\\/stage.nordtec.se\\\/shop\\\/?lang=en\"},{\"@type\":\"ListItem\",\"position\":3,\"name\":\"testo 805i &#8211; wireless thermometer for IR measurement\"}]},{\"@type\":\"WebSite\",\"@id\":\"https:\\\/\\\/stage.nordtec.se\\\/en\\\/#website\",\"url\":\"https:\\\/\\\/stage.nordtec.se\\\/en\\\/\",\"name\":\"Nordtec\",\"description\":\"Din partner inom m\u00e4tteknik\",\"publisher\":{\"@id\":\"https:\\\/\\\/stage.nordtec.se\\\/en\\\/#organization\"},\"potentialAction\":[{\"@type\":\"SearchAction\",\"target\":{\"@type\":\"EntryPoint\",\"urlTemplate\":\"https:\\\/\\\/stage.nordtec.se\\\/en\\\/?s={search_term_string}\"},\"query-input\":{\"@type\":\"PropertyValueSpecification\",\"valueRequired\":true,\"valueName\":\"search_term_string\"}}],\"inLanguage\":\"en-US\"},{\"@type\":\"Organization\",\"@id\":\"https:\\\/\\\/stage.nordtec.se\\\/en\\\/#organization\",\"name\":\"Nordtec Instrument AB\",\"url\":\"https:\\\/\\\/stage.nordtec.se\\\/en\\\/\",\"logo\":{\"@type\":\"ImageObject\",\"inLanguage\":\"en-US\",\"@id\":\"https:\\\/\\\/stage.nordtec.se\\\/en\\\/#\\\/schema\\\/logo\\\/image\\\/\",\"url\":\"https:\\\/\\\/stage.nordtec.se\\\/wp-content\\\/uploads\\\/2021\\\/08\\\/nordtec_logo_rgb-340px.png\",\"contentUrl\":\"https:\\\/\\\/stage.nordtec.se\\\/wp-content\\\/uploads\\\/2021\\\/08\\\/nordtec_logo_rgb-340px.png\",\"width\":340,\"height\":75,\"caption\":\"Nordtec Instrument AB\"},\"image\":{\"@id\":\"https:\\\/\\\/stage.nordtec.se\\\/en\\\/#\\\/schema\\\/logo\\\/image\\\/\"},\"sameAs\":[\"https:\\\/\\\/www.facebook.com\\\/nordtecinstrument\",\"https:\\\/\\\/www.instagram.com\\\/nordtec_instrument\\\/\",\"https:\\\/\\\/www.linkedin.com\\\/company\\\/nordtec-instrument-ab\\\/\",\"https:\\\/\\\/www.youtube.com\\\/channel\\\/UCbmAq3ZmfBKOGg7_igFURng\"]}]}<\/script>\n<!-- \/ Yoast SEO Premium plugin. -->","yoast_head_json":{"title":"testo 805i - wireless thermometer for IR measurement | Nordtec","description":"Bluetooth thermometer for IR measurement \u1405 testo 805i \u2713 Measuring range -30 ... +250 \u00b0C \u2713 Non-contact surface temperature measurement \u2713 Simple image documentation incl. display. measurement value","robots":{"index":"noindex","follow":"follow","max-snippet":"max-snippet:-1","max-image-preview":"max-image-preview:large","max-video-preview":"max-video-preview:-1"},"og_locale":"en_US","og_type":"article","og_title":"testo 805i - wireless thermometer for IR measurement","og_description":"Bluetooth thermometer for IR measurement \u1405 testo 805i \u2713 Measuring range -30 ... +250 \u00b0C \u2713 Non-contact surface temperature measurement \u2713 Simple image documentation incl. display. measurement value","og_url":"https:\/\/stage.nordtec.se\/en\/product\/measuring-instruments\/temperature-gauges\/ir-thermometers\/testo-805i-wireless-thermometer-for-ir-measurement\/","og_site_name":"Nordtec","article_publisher":"https:\/\/www.facebook.com\/nordtecinstrument","article_modified_time":"2025-11-27T08:21:26+00:00","og_image":[{"width":800,"height":800,"url":"https:\/\/stage.nordtec.se\/wp-content\/uploads\/2022\/03\/testo-805i-temperature-front_800px.png","type":"image\/png"}],"twitter_card":"summary_large_image","twitter_misc":{"Est. reading time":"2 minutes"},"schema":{"@context":"https:\/\/schema.org","@graph":[{"@type":["WebPage","ItemPage"],"@id":"https:\/\/stage.nordtec.se\/en\/product\/measuring-instruments\/temperature-gauges\/ir-thermometers\/testo-805i-wireless-thermometer-for-ir-measurement\/","url":"https:\/\/stage.nordtec.se\/en\/product\/measuring-instruments\/temperature-gauges\/ir-thermometers\/testo-805i-wireless-thermometer-for-ir-measurement\/","name":"testo 805i - wireless thermometer for IR measurement | Nordtec","isPartOf":{"@id":"https:\/\/stage.nordtec.se\/en\/#website"},"primaryImageOfPage":{"@id":"https:\/\/stage.nordtec.se\/en\/product\/measuring-instruments\/temperature-gauges\/ir-thermometers\/testo-805i-wireless-thermometer-for-ir-measurement\/#primaryimage"},"image":{"@id":"https:\/\/stage.nordtec.se\/en\/product\/measuring-instruments\/temperature-gauges\/ir-thermometers\/testo-805i-wireless-thermometer-for-ir-measurement\/#primaryimage"},"thumbnailUrl":"https:\/\/stage.nordtec.se\/wp-content\/uploads\/2022\/03\/testo-805i-temperature-front_800px.png","datePublished":"2022-03-08T14:52:03+00:00","dateModified":"2025-11-27T08:21:26+00:00","description":"Bluetooth thermometer for IR measurement \u1405 testo 805i \u2713 Measuring range -30 ... +250 \u00b0C \u2713 Non-contact surface temperature measurement \u2713 Simple image documentation incl. display. measurement value","breadcrumb":{"@id":"https:\/\/stage.nordtec.se\/en\/product\/measuring-instruments\/temperature-gauges\/ir-thermometers\/testo-805i-wireless-thermometer-for-ir-measurement\/#breadcrumb"},"inLanguage":"en-US","potentialAction":[{"@type":"ReadAction","target":["https:\/\/stage.nordtec.se\/en\/product\/measuring-instruments\/temperature-gauges\/ir-thermometers\/testo-805i-wireless-thermometer-for-ir-measurement\/"]}]},{"@type":"ImageObject","inLanguage":"en-US","@id":"https:\/\/stage.nordtec.se\/en\/product\/measuring-instruments\/temperature-gauges\/ir-thermometers\/testo-805i-wireless-thermometer-for-ir-measurement\/#primaryimage","url":"https:\/\/stage.nordtec.se\/wp-content\/uploads\/2022\/03\/testo-805i-temperature-front_800px.png","contentUrl":"https:\/\/stage.nordtec.se\/wp-content\/uploads\/2022\/03\/testo-805i-temperature-front_800px.png","width":800,"height":800,"caption":"SmartProbe testo 805i"},{"@type":"BreadcrumbList","@id":"https:\/\/stage.nordtec.se\/en\/product\/measuring-instruments\/temperature-gauges\/ir-thermometers\/testo-805i-wireless-thermometer-for-ir-measurement\/#breadcrumb","itemListElement":[{"@type":"ListItem","position":1,"name":"Hem","item":"https:\/\/stage.nordtec.se\/en\/"},{"@type":"ListItem","position":2,"name":"Shop","item":"https:\/\/stage.nordtec.se\/shop\/?lang=en"},{"@type":"ListItem","position":3,"name":"testo 805i &#8211; wireless thermometer for IR measurement"}]},{"@type":"WebSite","@id":"https:\/\/stage.nordtec.se\/en\/#website","url":"https:\/\/stage.nordtec.se\/en\/","name":"Nordtec","description":"Din partner inom m\u00e4tteknik","publisher":{"@id":"https:\/\/stage.nordtec.se\/en\/#organization"},"potentialAction":[{"@type":"SearchAction","target":{"@type":"EntryPoint","urlTemplate":"https:\/\/stage.nordtec.se\/en\/?s={search_term_string}"},"query-input":{"@type":"PropertyValueSpecification","valueRequired":true,"valueName":"search_term_string"}}],"inLanguage":"en-US"},{"@type":"Organization","@id":"https:\/\/stage.nordtec.se\/en\/#organization","name":"Nordtec Instrument AB","url":"https:\/\/stage.nordtec.se\/en\/","logo":{"@type":"ImageObject","inLanguage":"en-US","@id":"https:\/\/stage.nordtec.se\/en\/#\/schema\/logo\/image\/","url":"https:\/\/stage.nordtec.se\/wp-content\/uploads\/2021\/08\/nordtec_logo_rgb-340px.png","contentUrl":"https:\/\/stage.nordtec.se\/wp-content\/uploads\/2021\/08\/nordtec_logo_rgb-340px.png","width":340,"height":75,"caption":"Nordtec Instrument AB"},"image":{"@id":"https:\/\/stage.nordtec.se\/en\/#\/schema\/logo\/image\/"},"sameAs":["https:\/\/www.facebook.com\/nordtecinstrument","https:\/\/www.instagram.com\/nordtec_instrument\/","https:\/\/www.linkedin.com\/company\/nordtec-instrument-ab\/","https:\/\/www.youtube.com\/channel\/UCbmAq3ZmfBKOGg7_igFURng"]}]}},"taxonomy_info":{"product_brand":[{"value":1435,"label":"Testo"}],"product_cat":[{"value":787,"label":"Building technology"},{"value":782,"label":"HVAC &amp; Property"},{"value":786,"label":"IR thermometers"},{"value":768,"label":"Measuring instruments"},{"value":835,"label":"SmartProbes"},{"value":778,"label":"Temperature gauges"},{"value":1426,"label":"testo Smart App"}],"product_tag":[{"value":850,"label":"Bluetooth"},{"value":878,"label":"IR-termometrar"},{"value":965,"label":"\u00d6ver +200 \u00b0C"},{"value":964,"label":"\u00d6ver +50 \u00b0C"},{"value":930,"label":"Under -20 \u00b0C"}]},"featured_image_src_large":["https:\/\/stage.nordtec.se\/wp-content\/uploads\/2022\/03\/testo-805i-temperature-front_800px.png",800,800,false],"author_info":[],"comment_info":"","_links":{"self":[{"href":"https:\/\/stage.nordtec.se\/en\/wp-json\/wp\/v2\/product\/41213","targetHints":{"allow":["GET"]}}],"collection":[{"href":"https:\/\/stage.nordtec.se\/en\/wp-json\/wp\/v2\/product"}],"about":[{"href":"https:\/\/stage.nordtec.se\/en\/wp-json\/wp\/v2\/types\/product"}],"version-history":[{"count":1,"href":"https:\/\/stage.nordtec.se\/en\/wp-json\/wp\/v2\/product\/41213\/revisions"}],"predecessor-version":[{"id":43872,"href":"https:\/\/stage.nordtec.se\/en\/wp-json\/wp\/v2\/product\/41213\/revisions\/43872"}],"wp:featuredmedia":[{"embeddable":true,"href":"https:\/\/stage.nordtec.se\/en\/wp-json\/wp\/v2\/media\/38238"}],"wp:attachment":[{"href":"https:\/\/stage.nordtec.se\/en\/wp-json\/wp\/v2\/media?parent=41213"}],"wp:term":[{"taxonomy":"product_brand","embeddable":true,"href":"https:\/\/stage.nordtec.se\/en\/wp-json\/wp\/v2\/product_brand?post=41213"},{"taxonomy":"product_cat","embeddable":true,"href":"https:\/\/stage.nordtec.se\/en\/wp-json\/wp\/v2\/product_cat?post=41213"},{"taxonomy":"product_tag","embeddable":true,"href":"https:\/\/stage.nordtec.se\/en\/wp-json\/wp\/v2\/product_tag?post=41213"}],"curies":[{"name":"wp","href":"https:\/\/api.w.org\/{rel}","templated":true}]}}