{"id":41206,"date":"2022-03-08T16:52:03","date_gmt":"2022-03-08T14:52:03","guid":{"rendered":"https:\/\/stage.nordtec.se\/produkt\/uncategorized\/wireless-measurement-kit-for-heating-technology\/"},"modified":"2025-11-27T10:40:29","modified_gmt":"2025-11-27T08:40:29","slug":"wireless-measurement-kit-for-heating-technology","status":"publish","type":"product","link":"https:\/\/stage.nordtec.se\/en\/product\/measuring-instruments\/smartprobes-en\/wireless-measurement-kit-for-heating-technology\/","title":{"rendered":"Wireless measurement kit for heating technology"},"content":{"rendered":"<h2>SmartProbe measurement kit for heating systems<\/h2>\n<p>The compact measuring set for thermal engineering contains the pipe temperature sensor testo 115i (with 100 meter Bluetooth range), the differential pressure sensor testo 510i and the IR temperature sensor testo 805i. It is ideal for all important measurement tasks performed by heating engineers.<\/p>\n<ul>\n<li>SmartProbes turn your phone into a measuring device<\/li>\n<li>-40 &#8230; +150 \u00b0C (testo 115i &#8211; pipe temperature sensor with 100 meters range)<\/li>\n<li>-150 &#8230; 150 hPa (testo 510i &#8211; differential pressure sensor)<\/li>\n<li>-30 &#8230; +250 \u00b0C (testo 805i &#8211; IR temperature sensor)<\/li>\n<li>Non-contact temperature measurement<\/li>\n<li>Measurement of supply and return temperature<\/li>\n<li>Measurement of gas flow pressure<\/li>\n<li>Analysis of measurement data<\/li>\n<li>Read measurements on your phone with the free Bluetooth app.<\/li>\n<li>SmartCase &#8211; a practical service case<\/li>\n<\/ul>\n<p>In combination with a smartphone or tablet, all temperature and pressure values can be measured and controlled in heating systems. Users can conveniently read their measurements in the app downloaded to a smartphone or tablet.<\/p>\n<p>When measuring IR temperature on, for example, underfloor heating systems, the app can be used to document the measurement with an image, temperature reading and marking of the measurement spot. It is also possible to quickly change which measurement parameters are displayed.<\/p>\n<p>With application-specific menus &#8211; such as. pressure drop test including alarm &#8211; heating engineers get a welcome support in their daily work.<\/p>\n<p>All measurement data are presented either as a graph or in tabular form. The measurement results can then be emailed directly as a PDF or Excel file. In the practical SmartCase, the sensors can be conveniently transported and are always at hand when needed.<\/p>\n<p>[show_related_featured_videos]<\/p>\n<h2>Included in delivery<\/h2>\n<p>testo 115i &#8211; pipe temperature sensor, testo 510i &#8211; differential pressure sensor, testo 805i &#8211; IR temperature sensor, hose set (\u00d8 4 mm and 5 mm), adapter, case, batteries and factory protocol.<\/p>\n<p><span class=\"ui-provider ed ayd aye ayf ayg ayh ayi ayj ayk ayl aym ayn ayo ayp ayq ayr ays ayt ayu ayv ayw ayx ayy ayz aza azb azc azd aze azf azg azh azi azj azk\" dir=\"ltr\"><strong>Fabriksprotokoll:<\/strong>\u00a0utf\u00e4rdas p\u00e5 fabriken efter en kontroll av att produkten fungerar och uppfyller angiven m\u00e4tnoggrannhet. L\u00e4s om <a href=\"https:\/\/stage.nordtec.se\/kalibrering\/iso-9001-kraver-kalibrerad-matutrustning\/\"><u>skillnaden mellan fabriksprotokoll och ackrediterad kalibrering<\/u><\/a>.<\/span><\/p>\n","protected":false},"excerpt":{"rendered":"<p style=\"text-align: left;\">Practical measuring kit for pressure and temperature measurement on heating systems<\/p>\n<ul>\n<li style=\"text-align: left;\">Non-contact temperature measurement<\/li>\n<li style=\"text-align: left;\">Measurement of supply and return temperatures<\/li>\n<li style=\"text-align: left;\">Measurement of gas flow pressure<\/li>\n<\/ul>\n","protected":false},"featured_media":40132,"template":"","meta":{"_kad_blocks_custom_css":"","_kad_blocks_head_custom_js":"","_kad_blocks_body_custom_js":"","_kad_blocks_footer_custom_js":"","footnotes":""},"product_brand":[],"product_cat":[782,783,781,768,835,1426],"product_tag":[850],"class_list":{"0":"post-41206","1":"product","2":"type-product","3":"status-publish","4":"has-post-thumbnail","6":"product_cat-hvac-property","7":"product_cat-indoor-climate-working-environment","8":"product_cat-industry","9":"product_cat-measuring-instruments","10":"product_cat-smartprobes-en","11":"product_cat-testo-smart-app","12":"product_tag-bluetooth-en","14":"first","15":"onbackorder","16":"taxable","17":"shipping-taxable","18":"purchasable","19":"product-type-simple"},"yoast_head":"<!-- This site is optimized with the Yoast SEO Premium plugin v27.3 (Yoast SEO v27.6) - https:\/\/yoast.com\/product\/yoast-seo-premium-wordpress\/ -->\n<title>Wireless measurement kit for heating technology | Nordtec<\/title>\n<meta name=\"description\" content=\"Practical measuring set for pressure and temperature measurement on heating systems \u1405 Measurement of supply and return temperature \u2713 Measurement of gas flow pressure\" \/>\n<meta name=\"robots\" content=\"noindex, follow, max-snippet:-1, max-image-preview:large, max-video-preview:-1\" \/>\n<meta property=\"og:locale\" content=\"en_US\" \/>\n<meta property=\"og:type\" content=\"article\" \/>\n<meta property=\"og:title\" content=\"Wireless measurement kit for heating technology\" \/>\n<meta property=\"og:description\" content=\"Practical measuring set for pressure and temperature measurement on heating systems \u1405 Measurement of supply and return temperature \u2713 Measurement of gas flow pressure\" \/>\n<meta property=\"og:url\" content=\"https:\/\/stage.nordtec.se\/en\/product\/measuring-instruments\/smartprobes-en\/wireless-measurement-kit-for-heating-technology\/\" \/>\n<meta property=\"og:site_name\" content=\"Nordtec\" \/>\n<meta property=\"article:publisher\" content=\"https:\/\/www.facebook.com\/nordtecinstrument\" \/>\n<meta property=\"article:modified_time\" content=\"2025-11-27T08:40:29+00:00\" \/>\n<meta property=\"og:image\" content=\"https:\/\/stage.nordtec.se\/wp-content\/uploads\/2023\/01\/0563-0004-10-testo-smart-probes-set_800px.png\" \/>\n\t<meta property=\"og:image:width\" content=\"800\" \/>\n\t<meta property=\"og:image:height\" content=\"800\" \/>\n\t<meta property=\"og:image:type\" content=\"image\/png\" \/>\n<meta name=\"twitter:card\" content=\"summary_large_image\" \/>\n<meta name=\"twitter:label1\" content=\"Est. reading time\" \/>\n\t<meta name=\"twitter:data1\" content=\"2 minutes\" \/>\n<script type=\"application\/ld+json\" class=\"yoast-schema-graph\">{\"@context\":\"https:\\\/\\\/schema.org\",\"@graph\":[{\"@type\":[\"WebPage\",\"ItemPage\"],\"@id\":\"https:\\\/\\\/stage.nordtec.se\\\/en\\\/product\\\/measuring-instruments\\\/smartprobes-en\\\/wireless-measurement-kit-for-heating-technology\\\/\",\"url\":\"https:\\\/\\\/stage.nordtec.se\\\/en\\\/product\\\/measuring-instruments\\\/smartprobes-en\\\/wireless-measurement-kit-for-heating-technology\\\/\",\"name\":\"Wireless measurement kit for heating technology | Nordtec\",\"isPartOf\":{\"@id\":\"https:\\\/\\\/stage.nordtec.se\\\/en\\\/#website\"},\"primaryImageOfPage\":{\"@id\":\"https:\\\/\\\/stage.nordtec.se\\\/en\\\/product\\\/measuring-instruments\\\/smartprobes-en\\\/wireless-measurement-kit-for-heating-technology\\\/#primaryimage\"},\"image\":{\"@id\":\"https:\\\/\\\/stage.nordtec.se\\\/en\\\/product\\\/measuring-instruments\\\/smartprobes-en\\\/wireless-measurement-kit-for-heating-technology\\\/#primaryimage\"},\"thumbnailUrl\":\"https:\\\/\\\/stage.nordtec.se\\\/wp-content\\\/uploads\\\/2023\\\/01\\\/0563-0004-10-testo-smart-probes-set_800px.png\",\"datePublished\":\"2022-03-08T14:52:03+00:00\",\"dateModified\":\"2025-11-27T08:40:29+00:00\",\"description\":\"Practical measuring set for pressure and temperature measurement on heating systems \u1405 Measurement of supply and return temperature \u2713 Measurement of gas flow pressure\",\"breadcrumb\":{\"@id\":\"https:\\\/\\\/stage.nordtec.se\\\/en\\\/product\\\/measuring-instruments\\\/smartprobes-en\\\/wireless-measurement-kit-for-heating-technology\\\/#breadcrumb\"},\"inLanguage\":\"en-US\",\"potentialAction\":[{\"@type\":\"ReadAction\",\"target\":[\"https:\\\/\\\/stage.nordtec.se\\\/en\\\/product\\\/measuring-instruments\\\/smartprobes-en\\\/wireless-measurement-kit-for-heating-technology\\\/\"]}]},{\"@type\":\"ImageObject\",\"inLanguage\":\"en-US\",\"@id\":\"https:\\\/\\\/stage.nordtec.se\\\/en\\\/product\\\/measuring-instruments\\\/smartprobes-en\\\/wireless-measurement-kit-for-heating-technology\\\/#primaryimage\",\"url\":\"https:\\\/\\\/stage.nordtec.se\\\/wp-content\\\/uploads\\\/2023\\\/01\\\/0563-0004-10-testo-smart-probes-set_800px.png\",\"contentUrl\":\"https:\\\/\\\/stage.nordtec.se\\\/wp-content\\\/uploads\\\/2023\\\/01\\\/0563-0004-10-testo-smart-probes-set_800px.png\",\"width\":800,\"height\":800},{\"@type\":\"BreadcrumbList\",\"@id\":\"https:\\\/\\\/stage.nordtec.se\\\/en\\\/product\\\/measuring-instruments\\\/smartprobes-en\\\/wireless-measurement-kit-for-heating-technology\\\/#breadcrumb\",\"itemListElement\":[{\"@type\":\"ListItem\",\"position\":1,\"name\":\"Hem\",\"item\":\"https:\\\/\\\/stage.nordtec.se\\\/en\\\/\"},{\"@type\":\"ListItem\",\"position\":2,\"name\":\"Shop\",\"item\":\"https:\\\/\\\/stage.nordtec.se\\\/shop\\\/?lang=en\"},{\"@type\":\"ListItem\",\"position\":3,\"name\":\"Wireless measurement kit for heating technology\"}]},{\"@type\":\"WebSite\",\"@id\":\"https:\\\/\\\/stage.nordtec.se\\\/en\\\/#website\",\"url\":\"https:\\\/\\\/stage.nordtec.se\\\/en\\\/\",\"name\":\"Nordtec\",\"description\":\"Din partner inom m\u00e4tteknik\",\"publisher\":{\"@id\":\"https:\\\/\\\/stage.nordtec.se\\\/en\\\/#organization\"},\"potentialAction\":[{\"@type\":\"SearchAction\",\"target\":{\"@type\":\"EntryPoint\",\"urlTemplate\":\"https:\\\/\\\/stage.nordtec.se\\\/en\\\/?s={search_term_string}\"},\"query-input\":{\"@type\":\"PropertyValueSpecification\",\"valueRequired\":true,\"valueName\":\"search_term_string\"}}],\"inLanguage\":\"en-US\"},{\"@type\":\"Organization\",\"@id\":\"https:\\\/\\\/stage.nordtec.se\\\/en\\\/#organization\",\"name\":\"Nordtec Instrument AB\",\"url\":\"https:\\\/\\\/stage.nordtec.se\\\/en\\\/\",\"logo\":{\"@type\":\"ImageObject\",\"inLanguage\":\"en-US\",\"@id\":\"https:\\\/\\\/stage.nordtec.se\\\/en\\\/#\\\/schema\\\/logo\\\/image\\\/\",\"url\":\"https:\\\/\\\/stage.nordtec.se\\\/wp-content\\\/uploads\\\/2021\\\/08\\\/nordtec_logo_rgb-340px.png\",\"contentUrl\":\"https:\\\/\\\/stage.nordtec.se\\\/wp-content\\\/uploads\\\/2021\\\/08\\\/nordtec_logo_rgb-340px.png\",\"width\":340,\"height\":75,\"caption\":\"Nordtec Instrument AB\"},\"image\":{\"@id\":\"https:\\\/\\\/stage.nordtec.se\\\/en\\\/#\\\/schema\\\/logo\\\/image\\\/\"},\"sameAs\":[\"https:\\\/\\\/www.facebook.com\\\/nordtecinstrument\",\"https:\\\/\\\/www.instagram.com\\\/nordtec_instrument\\\/\",\"https:\\\/\\\/www.linkedin.com\\\/company\\\/nordtec-instrument-ab\\\/\",\"https:\\\/\\\/www.youtube.com\\\/channel\\\/UCbmAq3ZmfBKOGg7_igFURng\"]}]}<\/script>\n<!-- \/ Yoast SEO Premium plugin. -->","yoast_head_json":{"title":"Wireless measurement kit for heating technology | Nordtec","description":"Practical measuring set for pressure and temperature measurement on heating systems \u1405 Measurement of supply and return temperature \u2713 Measurement of gas flow pressure","robots":{"index":"noindex","follow":"follow","max-snippet":"max-snippet:-1","max-image-preview":"max-image-preview:large","max-video-preview":"max-video-preview:-1"},"og_locale":"en_US","og_type":"article","og_title":"Wireless measurement kit for heating technology","og_description":"Practical measuring set for pressure and temperature measurement on heating systems \u1405 Measurement of supply and return temperature \u2713 Measurement of gas flow pressure","og_url":"https:\/\/stage.nordtec.se\/en\/product\/measuring-instruments\/smartprobes-en\/wireless-measurement-kit-for-heating-technology\/","og_site_name":"Nordtec","article_publisher":"https:\/\/www.facebook.com\/nordtecinstrument","article_modified_time":"2025-11-27T08:40:29+00:00","og_image":[{"width":800,"height":800,"url":"https:\/\/stage.nordtec.se\/wp-content\/uploads\/2023\/01\/0563-0004-10-testo-smart-probes-set_800px.png","type":"image\/png"}],"twitter_card":"summary_large_image","twitter_misc":{"Est. reading time":"2 minutes"},"schema":{"@context":"https:\/\/schema.org","@graph":[{"@type":["WebPage","ItemPage"],"@id":"https:\/\/stage.nordtec.se\/en\/product\/measuring-instruments\/smartprobes-en\/wireless-measurement-kit-for-heating-technology\/","url":"https:\/\/stage.nordtec.se\/en\/product\/measuring-instruments\/smartprobes-en\/wireless-measurement-kit-for-heating-technology\/","name":"Wireless measurement kit for heating technology | Nordtec","isPartOf":{"@id":"https:\/\/stage.nordtec.se\/en\/#website"},"primaryImageOfPage":{"@id":"https:\/\/stage.nordtec.se\/en\/product\/measuring-instruments\/smartprobes-en\/wireless-measurement-kit-for-heating-technology\/#primaryimage"},"image":{"@id":"https:\/\/stage.nordtec.se\/en\/product\/measuring-instruments\/smartprobes-en\/wireless-measurement-kit-for-heating-technology\/#primaryimage"},"thumbnailUrl":"https:\/\/stage.nordtec.se\/wp-content\/uploads\/2023\/01\/0563-0004-10-testo-smart-probes-set_800px.png","datePublished":"2022-03-08T14:52:03+00:00","dateModified":"2025-11-27T08:40:29+00:00","description":"Practical measuring set for pressure and temperature measurement on heating systems \u1405 Measurement of supply and return temperature \u2713 Measurement of gas flow pressure","breadcrumb":{"@id":"https:\/\/stage.nordtec.se\/en\/product\/measuring-instruments\/smartprobes-en\/wireless-measurement-kit-for-heating-technology\/#breadcrumb"},"inLanguage":"en-US","potentialAction":[{"@type":"ReadAction","target":["https:\/\/stage.nordtec.se\/en\/product\/measuring-instruments\/smartprobes-en\/wireless-measurement-kit-for-heating-technology\/"]}]},{"@type":"ImageObject","inLanguage":"en-US","@id":"https:\/\/stage.nordtec.se\/en\/product\/measuring-instruments\/smartprobes-en\/wireless-measurement-kit-for-heating-technology\/#primaryimage","url":"https:\/\/stage.nordtec.se\/wp-content\/uploads\/2023\/01\/0563-0004-10-testo-smart-probes-set_800px.png","contentUrl":"https:\/\/stage.nordtec.se\/wp-content\/uploads\/2023\/01\/0563-0004-10-testo-smart-probes-set_800px.png","width":800,"height":800},{"@type":"BreadcrumbList","@id":"https:\/\/stage.nordtec.se\/en\/product\/measuring-instruments\/smartprobes-en\/wireless-measurement-kit-for-heating-technology\/#breadcrumb","itemListElement":[{"@type":"ListItem","position":1,"name":"Hem","item":"https:\/\/stage.nordtec.se\/en\/"},{"@type":"ListItem","position":2,"name":"Shop","item":"https:\/\/stage.nordtec.se\/shop\/?lang=en"},{"@type":"ListItem","position":3,"name":"Wireless measurement kit for heating technology"}]},{"@type":"WebSite","@id":"https:\/\/stage.nordtec.se\/en\/#website","url":"https:\/\/stage.nordtec.se\/en\/","name":"Nordtec","description":"Din partner inom m\u00e4tteknik","publisher":{"@id":"https:\/\/stage.nordtec.se\/en\/#organization"},"potentialAction":[{"@type":"SearchAction","target":{"@type":"EntryPoint","urlTemplate":"https:\/\/stage.nordtec.se\/en\/?s={search_term_string}"},"query-input":{"@type":"PropertyValueSpecification","valueRequired":true,"valueName":"search_term_string"}}],"inLanguage":"en-US"},{"@type":"Organization","@id":"https:\/\/stage.nordtec.se\/en\/#organization","name":"Nordtec Instrument AB","url":"https:\/\/stage.nordtec.se\/en\/","logo":{"@type":"ImageObject","inLanguage":"en-US","@id":"https:\/\/stage.nordtec.se\/en\/#\/schema\/logo\/image\/","url":"https:\/\/stage.nordtec.se\/wp-content\/uploads\/2021\/08\/nordtec_logo_rgb-340px.png","contentUrl":"https:\/\/stage.nordtec.se\/wp-content\/uploads\/2021\/08\/nordtec_logo_rgb-340px.png","width":340,"height":75,"caption":"Nordtec Instrument AB"},"image":{"@id":"https:\/\/stage.nordtec.se\/en\/#\/schema\/logo\/image\/"},"sameAs":["https:\/\/www.facebook.com\/nordtecinstrument","https:\/\/www.instagram.com\/nordtec_instrument\/","https:\/\/www.linkedin.com\/company\/nordtec-instrument-ab\/","https:\/\/www.youtube.com\/channel\/UCbmAq3ZmfBKOGg7_igFURng"]}]}},"taxonomy_info":{"product_cat":[{"value":782,"label":"HVAC &amp; Property"},{"value":783,"label":"Indoor climate &amp; working environment"},{"value":781,"label":"Industry"},{"value":768,"label":"Measuring instruments"},{"value":835,"label":"SmartProbes"},{"value":1426,"label":"testo Smart App"}],"product_tag":[{"value":850,"label":"Bluetooth"}]},"featured_image_src_large":["https:\/\/stage.nordtec.se\/wp-content\/uploads\/2023\/01\/0563-0004-10-testo-smart-probes-set_800px.png",800,800,false],"author_info":[],"comment_info":"","_links":{"self":[{"href":"https:\/\/stage.nordtec.se\/en\/wp-json\/wp\/v2\/product\/41206","targetHints":{"allow":["GET"]}}],"collection":[{"href":"https:\/\/stage.nordtec.se\/en\/wp-json\/wp\/v2\/product"}],"about":[{"href":"https:\/\/stage.nordtec.se\/en\/wp-json\/wp\/v2\/types\/product"}],"version-history":[{"count":1,"href":"https:\/\/stage.nordtec.se\/en\/wp-json\/wp\/v2\/product\/41206\/revisions"}],"predecessor-version":[{"id":52989,"href":"https:\/\/stage.nordtec.se\/en\/wp-json\/wp\/v2\/product\/41206\/revisions\/52989"}],"wp:featuredmedia":[{"embeddable":true,"href":"https:\/\/stage.nordtec.se\/en\/wp-json\/wp\/v2\/media\/40132"}],"wp:attachment":[{"href":"https:\/\/stage.nordtec.se\/en\/wp-json\/wp\/v2\/media?parent=41206"}],"wp:term":[{"taxonomy":"product_brand","embeddable":true,"href":"https:\/\/stage.nordtec.se\/en\/wp-json\/wp\/v2\/product_brand?post=41206"},{"taxonomy":"product_cat","embeddable":true,"href":"https:\/\/stage.nordtec.se\/en\/wp-json\/wp\/v2\/product_cat?post=41206"},{"taxonomy":"product_tag","embeddable":true,"href":"https:\/\/stage.nordtec.se\/en\/wp-json\/wp\/v2\/product_tag?post=41206"}],"curies":[{"name":"wp","href":"https:\/\/api.w.org\/{rel}","templated":true}]}}