{"id":41205,"date":"2022-03-08T16:52:08","date_gmt":"2022-03-08T14:52:08","guid":{"rendered":"https:\/\/stage.nordtec.se\/produkt\/uncategorized\/testo-108-chef-thermometer-with-super-fast-needle-sensor\/"},"modified":"2025-05-06T14:25:41","modified_gmt":"2025-05-06T12:25:41","slug":"testo-108-chef-thermometer-with-super-fast-needle-sensor","status":"publish","type":"product","link":"https:\/\/stage.nordtec.se\/en\/product\/measuring-instruments\/temperature-gauges\/thermometers\/testo-108-chef-thermometer-with-super-fast-needle-sensor\/","title":{"rendered":"testo 108 &#8211; chef thermometer with super-fast needle sensor"},"content":{"rendered":"<h2>testo 108 &#8211; chef thermometer with super-fast needle sensor<\/h2>\n<p>The small mass of the sensor tip makes the response time very fast. The measurement of the internal temperature of a portion will simply be more accurate. An additional advantage is that there are normally no visible holes in the insertion measurement due to the small diameter.<\/p>\n<p>You can also connect other sensors from our wide range of sensors for all possible measurement tasks.<\/p>\n<p>The instrument is very durable and the included protective case (SoftCase) further increases its robustness and makes it almost completely waterproof.<\/p>\n<h2>Advantages of the testo 108 super-fast chef thermometer<\/h2>\n<ul>\n<li>Ideal for all sectors of the food industry. From production to storage, transport and cooking<\/li>\n<li>Super fast and accurate measurements<\/li>\n<li>Easy to use with self-explanatory buttons and a large easy-to-read display. No need for long instructions<\/li>\n<li>Hygienic: the soft case, thermometer and sensor can be easily cleaned.<\/li>\n<li>HACCP and EN 13485 compliant<\/li>\n<\/ul>\n<h2>Included on delivery<\/h2>\n<p>Professional thermometer testo 108, fast needle sensor, SoftCase, batteries, Swedish user manual and factory protocol.<\/p>\n<p><span class=\"ui-provider ed ayd aye ayf ayg ayh ayi ayj ayk ayl aym ayn ayo ayp ayq ayr ays ayt ayu ayv ayw ayx ayy ayz aza azb azc azd aze azf azg azh azi azj azk\" dir=\"ltr\"><strong>Fabriksprotokoll:<\/strong>\u00a0utf\u00e4rdas p\u00e5 fabriken efter en kontroll av att produkten fungerar och uppfyller angiven m\u00e4tnoggrannhet. L\u00e4s om <a href=\"https:\/\/stage.nordtec.se\/kalibrering\/iso-9001-kraver-kalibrerad-matutrustning\/\"><u>skillnaden mellan fabriksprotokoll och ackrediterad kalibrering<\/u><\/a>.<\/span><\/p>\n","protected":false},"excerpt":{"rendered":"<p style=\"text-align: left;\">Accurate and easy-to-use chef thermometer with super-fast thin needle sensor<\/p>\n<ul>\n<li style=\"text-align: left;\">Waterproof IP67 &#8211; both sensor and meter!<\/li>\n<li style=\"text-align: left;\">Adapted for HACCP and EN13485<\/li>\n<li style=\"text-align: left;\">Large and clear display<\/li>\n<\/ul>\n","protected":false},"featured_media":37726,"template":"","meta":{"_kad_blocks_custom_css":"","_kad_blocks_head_custom_js":"","_kad_blocks_body_custom_js":"","_kad_blocks_footer_custom_js":"","footnotes":""},"product_brand":[1435],"product_cat":[784,768,778,830],"product_tag":[884,965,964,912,913,930],"class_list":{"0":"post-41205","1":"product","2":"type-product","3":"status-publish","4":"has-post-thumbnail","6":"product_brand-testo","7":"product_cat-food-instruments","8":"product_cat-measuring-instruments","9":"product_cat-temperature-gauges","10":"product_cat-thermometers","11":"product_tag-livs-en","12":"product_tag-over-200-grader-en","13":"product_tag-over-50-grader-en","14":"product_tag-tek-en","15":"product_tag-tet-en","16":"product_tag-under-minus-20-grader-en","18":"first","19":"onbackorder","20":"taxable","21":"shipping-taxable","22":"purchasable","23":"product-type-simple"},"yoast_head":"<!-- This site is optimized with the Yoast SEO Premium plugin v27.3 (Yoast SEO v27.5) - https:\/\/yoast.com\/product\/yoast-seo-premium-wordpress\/ -->\n<title>testo 108 - chef thermometer with super-fast needle sensor | Nordtec<\/title>\n<meta name=\"description\" content=\"Chef thermometer with super fast needle sensor \u1405 testo 108 \u2713 High accuracy \u2713 Barely visible measuring holes \u2713 Protective case included \u2713 HACCP and EN 13485 compliant\" \/>\n<meta name=\"robots\" content=\"noindex, follow, max-snippet:-1, max-image-preview:large, max-video-preview:-1\" \/>\n<meta property=\"og:locale\" content=\"en_US\" \/>\n<meta property=\"og:type\" content=\"article\" \/>\n<meta property=\"og:title\" content=\"testo 108 - chef thermometer with super-fast needle sensor\" \/>\n<meta property=\"og:description\" content=\"Chef thermometer with super fast needle sensor \u1405 testo 108 \u2713 High accuracy \u2713 Barely visible measuring holes \u2713 Protective case included \u2713 HACCP and EN 13485 compliant\" \/>\n<meta property=\"og:url\" content=\"https:\/\/stage.nordtec.se\/en\/product\/measuring-instruments\/temperature-gauges\/thermometers\/testo-108-chef-thermometer-with-super-fast-needle-sensor\/\" \/>\n<meta property=\"og:site_name\" content=\"Nordtec\" \/>\n<meta property=\"article:publisher\" content=\"https:\/\/www.facebook.com\/nordtecinstrument\" \/>\n<meta property=\"article:modified_time\" content=\"2025-05-06T12:25:41+00:00\" \/>\n<meta property=\"og:image\" content=\"https:\/\/stage.nordtec.se\/wp-content\/uploads\/2022\/03\/1080628-0027_FRI-2-ljusare-2.png\" \/>\n\t<meta property=\"og:image:width\" content=\"800\" \/>\n\t<meta property=\"og:image:height\" content=\"800\" \/>\n\t<meta property=\"og:image:type\" content=\"image\/png\" \/>\n<meta name=\"twitter:card\" content=\"summary_large_image\" \/>\n<meta name=\"twitter:label1\" content=\"Est. reading time\" \/>\n\t<meta name=\"twitter:data1\" content=\"2 minutes\" \/>\n<script type=\"application\/ld+json\" class=\"yoast-schema-graph\">{\"@context\":\"https:\\\/\\\/schema.org\",\"@graph\":[{\"@type\":[\"WebPage\",\"ItemPage\"],\"@id\":\"https:\\\/\\\/stage.nordtec.se\\\/en\\\/product\\\/measuring-instruments\\\/temperature-gauges\\\/thermometers\\\/testo-108-chef-thermometer-with-super-fast-needle-sensor\\\/\",\"url\":\"https:\\\/\\\/stage.nordtec.se\\\/en\\\/product\\\/measuring-instruments\\\/temperature-gauges\\\/thermometers\\\/testo-108-chef-thermometer-with-super-fast-needle-sensor\\\/\",\"name\":\"testo 108 - chef thermometer with super-fast needle sensor | Nordtec\",\"isPartOf\":{\"@id\":\"https:\\\/\\\/stage.nordtec.se\\\/en\\\/#website\"},\"primaryImageOfPage\":{\"@id\":\"https:\\\/\\\/stage.nordtec.se\\\/en\\\/product\\\/measuring-instruments\\\/temperature-gauges\\\/thermometers\\\/testo-108-chef-thermometer-with-super-fast-needle-sensor\\\/#primaryimage\"},\"image\":{\"@id\":\"https:\\\/\\\/stage.nordtec.se\\\/en\\\/product\\\/measuring-instruments\\\/temperature-gauges\\\/thermometers\\\/testo-108-chef-thermometer-with-super-fast-needle-sensor\\\/#primaryimage\"},\"thumbnailUrl\":\"https:\\\/\\\/stage.nordtec.se\\\/wp-content\\\/uploads\\\/2022\\\/03\\\/1080628-0027_FRI-2-ljusare-2.png\",\"datePublished\":\"2022-03-08T14:52:08+00:00\",\"dateModified\":\"2025-05-06T12:25:41+00:00\",\"description\":\"Chef thermometer with super fast needle sensor \u1405 testo 108 \u2713 High accuracy \u2713 Barely visible measuring holes \u2713 Protective case included \u2713 HACCP and EN 13485 compliant\",\"breadcrumb\":{\"@id\":\"https:\\\/\\\/stage.nordtec.se\\\/en\\\/product\\\/measuring-instruments\\\/temperature-gauges\\\/thermometers\\\/testo-108-chef-thermometer-with-super-fast-needle-sensor\\\/#breadcrumb\"},\"inLanguage\":\"en-US\",\"potentialAction\":[{\"@type\":\"ReadAction\",\"target\":[\"https:\\\/\\\/stage.nordtec.se\\\/en\\\/product\\\/measuring-instruments\\\/temperature-gauges\\\/thermometers\\\/testo-108-chef-thermometer-with-super-fast-needle-sensor\\\/\"]}]},{\"@type\":\"ImageObject\",\"inLanguage\":\"en-US\",\"@id\":\"https:\\\/\\\/stage.nordtec.se\\\/en\\\/product\\\/measuring-instruments\\\/temperature-gauges\\\/thermometers\\\/testo-108-chef-thermometer-with-super-fast-needle-sensor\\\/#primaryimage\",\"url\":\"https:\\\/\\\/stage.nordtec.se\\\/wp-content\\\/uploads\\\/2022\\\/03\\\/1080628-0027_FRI-2-ljusare-2.png\",\"contentUrl\":\"https:\\\/\\\/stage.nordtec.se\\\/wp-content\\\/uploads\\\/2022\\\/03\\\/1080628-0027_FRI-2-ljusare-2.png\",\"width\":800,\"height\":800,\"caption\":\"Chef thermometer testo 108 with super fast needle sensor\"},{\"@type\":\"BreadcrumbList\",\"@id\":\"https:\\\/\\\/stage.nordtec.se\\\/en\\\/product\\\/measuring-instruments\\\/temperature-gauges\\\/thermometers\\\/testo-108-chef-thermometer-with-super-fast-needle-sensor\\\/#breadcrumb\",\"itemListElement\":[{\"@type\":\"ListItem\",\"position\":1,\"name\":\"Hem\",\"item\":\"https:\\\/\\\/stage.nordtec.se\\\/en\\\/\"},{\"@type\":\"ListItem\",\"position\":2,\"name\":\"Shop\",\"item\":\"https:\\\/\\\/stage.nordtec.se\\\/shop\\\/?lang=en\"},{\"@type\":\"ListItem\",\"position\":3,\"name\":\"testo 108 &#8211; chef thermometer with super-fast needle sensor\"}]},{\"@type\":\"WebSite\",\"@id\":\"https:\\\/\\\/stage.nordtec.se\\\/en\\\/#website\",\"url\":\"https:\\\/\\\/stage.nordtec.se\\\/en\\\/\",\"name\":\"Nordtec\",\"description\":\"Din partner inom m\u00e4tteknik\",\"publisher\":{\"@id\":\"https:\\\/\\\/stage.nordtec.se\\\/en\\\/#organization\"},\"potentialAction\":[{\"@type\":\"SearchAction\",\"target\":{\"@type\":\"EntryPoint\",\"urlTemplate\":\"https:\\\/\\\/stage.nordtec.se\\\/en\\\/?s={search_term_string}\"},\"query-input\":{\"@type\":\"PropertyValueSpecification\",\"valueRequired\":true,\"valueName\":\"search_term_string\"}}],\"inLanguage\":\"en-US\"},{\"@type\":\"Organization\",\"@id\":\"https:\\\/\\\/stage.nordtec.se\\\/en\\\/#organization\",\"name\":\"Nordtec Instrument AB\",\"url\":\"https:\\\/\\\/stage.nordtec.se\\\/en\\\/\",\"logo\":{\"@type\":\"ImageObject\",\"inLanguage\":\"en-US\",\"@id\":\"https:\\\/\\\/stage.nordtec.se\\\/en\\\/#\\\/schema\\\/logo\\\/image\\\/\",\"url\":\"https:\\\/\\\/stage.nordtec.se\\\/wp-content\\\/uploads\\\/2021\\\/08\\\/nordtec_logo_rgb-340px.png\",\"contentUrl\":\"https:\\\/\\\/stage.nordtec.se\\\/wp-content\\\/uploads\\\/2021\\\/08\\\/nordtec_logo_rgb-340px.png\",\"width\":340,\"height\":75,\"caption\":\"Nordtec Instrument AB\"},\"image\":{\"@id\":\"https:\\\/\\\/stage.nordtec.se\\\/en\\\/#\\\/schema\\\/logo\\\/image\\\/\"},\"sameAs\":[\"https:\\\/\\\/www.facebook.com\\\/nordtecinstrument\",\"https:\\\/\\\/www.instagram.com\\\/nordtec_instrument\\\/\",\"https:\\\/\\\/www.linkedin.com\\\/company\\\/nordtec-instrument-ab\\\/\",\"https:\\\/\\\/www.youtube.com\\\/channel\\\/UCbmAq3ZmfBKOGg7_igFURng\"]}]}<\/script>\n<!-- \/ Yoast SEO Premium plugin. -->","yoast_head_json":{"title":"testo 108 - chef thermometer with super-fast needle sensor | Nordtec","description":"Chef thermometer with super fast needle sensor \u1405 testo 108 \u2713 High accuracy \u2713 Barely visible measuring holes \u2713 Protective case included \u2713 HACCP and EN 13485 compliant","robots":{"index":"noindex","follow":"follow","max-snippet":"max-snippet:-1","max-image-preview":"max-image-preview:large","max-video-preview":"max-video-preview:-1"},"og_locale":"en_US","og_type":"article","og_title":"testo 108 - chef thermometer with super-fast needle sensor","og_description":"Chef thermometer with super fast needle sensor \u1405 testo 108 \u2713 High accuracy \u2713 Barely visible measuring holes \u2713 Protective case included \u2713 HACCP and EN 13485 compliant","og_url":"https:\/\/stage.nordtec.se\/en\/product\/measuring-instruments\/temperature-gauges\/thermometers\/testo-108-chef-thermometer-with-super-fast-needle-sensor\/","og_site_name":"Nordtec","article_publisher":"https:\/\/www.facebook.com\/nordtecinstrument","article_modified_time":"2025-05-06T12:25:41+00:00","og_image":[{"width":800,"height":800,"url":"https:\/\/stage.nordtec.se\/wp-content\/uploads\/2022\/03\/1080628-0027_FRI-2-ljusare-2.png","type":"image\/png"}],"twitter_card":"summary_large_image","twitter_misc":{"Est. reading time":"2 minutes"},"schema":{"@context":"https:\/\/schema.org","@graph":[{"@type":["WebPage","ItemPage"],"@id":"https:\/\/stage.nordtec.se\/en\/product\/measuring-instruments\/temperature-gauges\/thermometers\/testo-108-chef-thermometer-with-super-fast-needle-sensor\/","url":"https:\/\/stage.nordtec.se\/en\/product\/measuring-instruments\/temperature-gauges\/thermometers\/testo-108-chef-thermometer-with-super-fast-needle-sensor\/","name":"testo 108 - chef thermometer with super-fast needle sensor | Nordtec","isPartOf":{"@id":"https:\/\/stage.nordtec.se\/en\/#website"},"primaryImageOfPage":{"@id":"https:\/\/stage.nordtec.se\/en\/product\/measuring-instruments\/temperature-gauges\/thermometers\/testo-108-chef-thermometer-with-super-fast-needle-sensor\/#primaryimage"},"image":{"@id":"https:\/\/stage.nordtec.se\/en\/product\/measuring-instruments\/temperature-gauges\/thermometers\/testo-108-chef-thermometer-with-super-fast-needle-sensor\/#primaryimage"},"thumbnailUrl":"https:\/\/stage.nordtec.se\/wp-content\/uploads\/2022\/03\/1080628-0027_FRI-2-ljusare-2.png","datePublished":"2022-03-08T14:52:08+00:00","dateModified":"2025-05-06T12:25:41+00:00","description":"Chef thermometer with super fast needle sensor \u1405 testo 108 \u2713 High accuracy \u2713 Barely visible measuring holes \u2713 Protective case included \u2713 HACCP and EN 13485 compliant","breadcrumb":{"@id":"https:\/\/stage.nordtec.se\/en\/product\/measuring-instruments\/temperature-gauges\/thermometers\/testo-108-chef-thermometer-with-super-fast-needle-sensor\/#breadcrumb"},"inLanguage":"en-US","potentialAction":[{"@type":"ReadAction","target":["https:\/\/stage.nordtec.se\/en\/product\/measuring-instruments\/temperature-gauges\/thermometers\/testo-108-chef-thermometer-with-super-fast-needle-sensor\/"]}]},{"@type":"ImageObject","inLanguage":"en-US","@id":"https:\/\/stage.nordtec.se\/en\/product\/measuring-instruments\/temperature-gauges\/thermometers\/testo-108-chef-thermometer-with-super-fast-needle-sensor\/#primaryimage","url":"https:\/\/stage.nordtec.se\/wp-content\/uploads\/2022\/03\/1080628-0027_FRI-2-ljusare-2.png","contentUrl":"https:\/\/stage.nordtec.se\/wp-content\/uploads\/2022\/03\/1080628-0027_FRI-2-ljusare-2.png","width":800,"height":800,"caption":"Chef thermometer testo 108 with super fast needle sensor"},{"@type":"BreadcrumbList","@id":"https:\/\/stage.nordtec.se\/en\/product\/measuring-instruments\/temperature-gauges\/thermometers\/testo-108-chef-thermometer-with-super-fast-needle-sensor\/#breadcrumb","itemListElement":[{"@type":"ListItem","position":1,"name":"Hem","item":"https:\/\/stage.nordtec.se\/en\/"},{"@type":"ListItem","position":2,"name":"Shop","item":"https:\/\/stage.nordtec.se\/shop\/?lang=en"},{"@type":"ListItem","position":3,"name":"testo 108 &#8211; chef thermometer with super-fast needle sensor"}]},{"@type":"WebSite","@id":"https:\/\/stage.nordtec.se\/en\/#website","url":"https:\/\/stage.nordtec.se\/en\/","name":"Nordtec","description":"Din partner inom m\u00e4tteknik","publisher":{"@id":"https:\/\/stage.nordtec.se\/en\/#organization"},"potentialAction":[{"@type":"SearchAction","target":{"@type":"EntryPoint","urlTemplate":"https:\/\/stage.nordtec.se\/en\/?s={search_term_string}"},"query-input":{"@type":"PropertyValueSpecification","valueRequired":true,"valueName":"search_term_string"}}],"inLanguage":"en-US"},{"@type":"Organization","@id":"https:\/\/stage.nordtec.se\/en\/#organization","name":"Nordtec Instrument AB","url":"https:\/\/stage.nordtec.se\/en\/","logo":{"@type":"ImageObject","inLanguage":"en-US","@id":"https:\/\/stage.nordtec.se\/en\/#\/schema\/logo\/image\/","url":"https:\/\/stage.nordtec.se\/wp-content\/uploads\/2021\/08\/nordtec_logo_rgb-340px.png","contentUrl":"https:\/\/stage.nordtec.se\/wp-content\/uploads\/2021\/08\/nordtec_logo_rgb-340px.png","width":340,"height":75,"caption":"Nordtec Instrument AB"},"image":{"@id":"https:\/\/stage.nordtec.se\/en\/#\/schema\/logo\/image\/"},"sameAs":["https:\/\/www.facebook.com\/nordtecinstrument","https:\/\/www.instagram.com\/nordtec_instrument\/","https:\/\/www.linkedin.com\/company\/nordtec-instrument-ab\/","https:\/\/www.youtube.com\/channel\/UCbmAq3ZmfBKOGg7_igFURng"]}]}},"taxonomy_info":{"product_brand":[{"value":1435,"label":"Testo"}],"product_cat":[{"value":784,"label":"Food instruments"},{"value":768,"label":"Measuring instruments"},{"value":778,"label":"Temperature gauges"},{"value":830,"label":"Thermometers"}],"product_tag":[{"value":884,"label":"Livsmedel"},{"value":965,"label":"\u00d6ver +200 \u00b0C"},{"value":964,"label":"\u00d6ver +50 \u00b0C"},{"value":912,"label":"TE typ K"},{"value":913,"label":"TE typ T"},{"value":930,"label":"Under -20 \u00b0C"}]},"featured_image_src_large":["https:\/\/stage.nordtec.se\/wp-content\/uploads\/2022\/03\/1080628-0027_FRI-2-ljusare-2.png",800,800,false],"author_info":[],"comment_info":"","_links":{"self":[{"href":"https:\/\/stage.nordtec.se\/en\/wp-json\/wp\/v2\/product\/41205","targetHints":{"allow":["GET"]}}],"collection":[{"href":"https:\/\/stage.nordtec.se\/en\/wp-json\/wp\/v2\/product"}],"about":[{"href":"https:\/\/stage.nordtec.se\/en\/wp-json\/wp\/v2\/types\/product"}],"version-history":[{"count":1,"href":"https:\/\/stage.nordtec.se\/en\/wp-json\/wp\/v2\/product\/41205\/revisions"}],"predecessor-version":[{"id":43796,"href":"https:\/\/stage.nordtec.se\/en\/wp-json\/wp\/v2\/product\/41205\/revisions\/43796"}],"wp:featuredmedia":[{"embeddable":true,"href":"https:\/\/stage.nordtec.se\/en\/wp-json\/wp\/v2\/media\/37726"}],"wp:attachment":[{"href":"https:\/\/stage.nordtec.se\/en\/wp-json\/wp\/v2\/media?parent=41205"}],"wp:term":[{"taxonomy":"product_brand","embeddable":true,"href":"https:\/\/stage.nordtec.se\/en\/wp-json\/wp\/v2\/product_brand?post=41205"},{"taxonomy":"product_cat","embeddable":true,"href":"https:\/\/stage.nordtec.se\/en\/wp-json\/wp\/v2\/product_cat?post=41205"},{"taxonomy":"product_tag","embeddable":true,"href":"https:\/\/stage.nordtec.se\/en\/wp-json\/wp\/v2\/product_tag?post=41205"}],"curies":[{"name":"wp","href":"https:\/\/api.w.org\/{rel}","templated":true}]}}