{"id":41184,"date":"2022-03-08T16:52:13","date_gmt":"2022-03-08T14:52:13","guid":{"rendered":"https:\/\/stage.nordtec.se\/produkt\/uncategorized\/mini-immersion-thermometer\/"},"modified":"2025-05-06T14:30:06","modified_gmt":"2025-05-06T12:30:06","slug":"mini-immersion-thermometer","status":"publish","type":"product","link":"https:\/\/stage.nordtec.se\/en\/product\/measuring-instruments\/temperature-gauges\/thermometers\/mini-immersion-thermometer\/","title":{"rendered":"Mini immersion thermometer"},"content":{"rendered":"<h2>Mini immersion thermometer<\/h2>\n<p>Small but very reliable immersion thermometer: the minitermometer from Testo is perfect for measuring liquid temperatures &#8211; e.g., water, oil, gas, etc. in the laboratory &#8211; or air temperatures in heating and ventilation technology. It can also be used as a food thermometer. Its plug-in probe is excellent for measuring the core temperature of food products during e.g. cooking. food controls.<\/p>\n<p>Whether for food testing or laboratory testing, the minitermometer offers great accuracy in all measurements and is easy to use. A handy all-round thermometer, the small size allows you to take this insertion thermometer anywhere.<\/p>\n<ul>\n<li>124mm insertion probe for measurements up to +150\u00b0C<\/li>\n<li>Measures air and core temperatures quickly and reliably<\/li>\n<li>For different applications &#8211; in the laboratory, heating and ventilation sector, etc.<\/li>\n<li>Includes protective tube with fixing clamp<\/li>\n<\/ul>\n<h2>Practical features of the plug-in thermometer<\/h2>\n<p>The exact measured value is easy to read on the digital display of the insertion thermometer; (unlike analog mat thermometers where you always risk reading errors). The display also has a battery status indicator and the ability to display the temperature in \u00b0 C or \u00b0 F. The included protective tube for the insertion probe can also be used as a holder to attach the minitermometer to your pocket using the clip. This allows you to easily take the insertion thermometer to any measurement location.<\/p>\n<h2>Included in delivery<\/h2>\n<p>Mini plug-in thermometer, including protective tube with integrated clamp, batteries and factory protocol.<\/p>\n<p><span class=\"ui-provider ed ayd aye ayf ayg ayh ayi ayj ayk ayl aym ayn ayo ayp ayq ayr ays ayt ayu ayv ayw ayx ayy ayz aza azb azc azd aze azf azg azh azi azj azk\" dir=\"ltr\"><strong>Fabriksprotokoll:<\/strong>\u00a0utf\u00e4rdas p\u00e5 fabriken efter en kontroll av att produkten fungerar och uppfyller angiven m\u00e4tnoggrannhet. L\u00e4s om <a href=\"https:\/\/stage.nordtec.se\/kalibrering\/iso-9001-kraver-kalibrerad-matutrustning\/\"><u>skillnaden mellan fabriksprotokoll och ackrediterad kalibrering<\/u><\/a>.<\/span><\/p>\n","protected":false},"excerpt":{"rendered":"<p style=\"text-align: left;\">Mini temperature gauge for insertion measurement<\/p>\n<ul>\n<li style=\"text-align: left;\">124 mm insertion probe for measurements up to +150\u00b0C<\/li>\n<li style=\"text-align: left;\">Measures air and core temperatures quickly and reliably<\/li>\n<li style=\"text-align: left;\">For the laboratory, heating and ventilation sector, etc.<\/li>\n<\/ul>\n","protected":false},"featured_media":37772,"template":"","meta":{"_kad_blocks_custom_css":"","_kad_blocks_head_custom_js":"","_kad_blocks_body_custom_js":"","_kad_blocks_footer_custom_js":"","footnotes":""},"product_brand":[],"product_cat":[784,768,778,830],"product_tag":[863,964,930],"class_list":{"0":"post-41184","1":"product","2":"type-product","3":"status-publish","4":"has-post-thumbnail","6":"product_cat-food-instruments","7":"product_cat-measuring-instruments","8":"product_cat-temperature-gauges","9":"product_cat-thermometers","10":"product_tag-dopp-instick-en","11":"product_tag-over-50-grader-en","12":"product_tag-under-minus-20-grader-en","14":"first","15":"instock","16":"taxable","17":"shipping-taxable","18":"purchasable","19":"product-type-simple"},"yoast_head":"<!-- This site is optimized with the Yoast SEO Premium plugin v25.8 (Yoast SEO v27.4) - https:\/\/yoast.com\/product\/yoast-seo-premium-wordpress\/ -->\n<title>Mini immersion thermometer | Nordtec<\/title>\n<meta name=\"description\" content=\"\u2713 124 mm insertion probe \u2713 Up to +150 \u00b0C \u2713 Measures air and core temperature \u2713 Protective tube with integrated clamp \u2713 Practical all-round thermometer\" \/>\n<meta name=\"robots\" content=\"noindex, follow, max-snippet:-1, max-image-preview:large, max-video-preview:-1\" \/>\n<meta property=\"og:locale\" content=\"en_US\" \/>\n<meta property=\"og:type\" content=\"article\" \/>\n<meta property=\"og:title\" content=\"Mini immersion thermometer\" \/>\n<meta property=\"og:description\" content=\"\u2713 124 mm insertion probe \u2713 Up to +150 \u00b0C \u2713 Measures air and core temperature \u2713 Protective tube with integrated clamp \u2713 Practical all-round thermometer\" \/>\n<meta property=\"og:url\" content=\"https:\/\/stage.nordtec.se\/en\/product\/measuring-instruments\/temperature-gauges\/thermometers\/mini-immersion-thermometer\/\" \/>\n<meta property=\"og:site_name\" content=\"Nordtec\" \/>\n<meta property=\"article:publisher\" content=\"https:\/\/www.facebook.com\/nordtecinstrument\" \/>\n<meta property=\"article:modified_time\" content=\"2025-05-06T12:30:06+00:00\" \/>\n<meta property=\"og:image\" content=\"https:\/\/stage.nordtec.se\/wp-content\/uploads\/2022\/03\/testo-mini-thermometer-0560-1110-INT_800px.png\" \/>\n\t<meta property=\"og:image:width\" content=\"800\" \/>\n\t<meta property=\"og:image:height\" content=\"800\" \/>\n\t<meta property=\"og:image:type\" content=\"image\/png\" \/>\n<meta name=\"twitter:card\" content=\"summary_large_image\" \/>\n<meta name=\"twitter:label1\" content=\"Est. reading time\" \/>\n\t<meta name=\"twitter:data1\" content=\"2 minutes\" \/>\n<script type=\"application\/ld+json\" class=\"yoast-schema-graph\">{\"@context\":\"https:\\\/\\\/schema.org\",\"@graph\":[{\"@type\":[\"WebPage\",\"ItemPage\"],\"@id\":\"https:\\\/\\\/stage.nordtec.se\\\/en\\\/product\\\/measuring-instruments\\\/temperature-gauges\\\/thermometers\\\/mini-immersion-thermometer\\\/\",\"url\":\"https:\\\/\\\/stage.nordtec.se\\\/en\\\/product\\\/measuring-instruments\\\/temperature-gauges\\\/thermometers\\\/mini-immersion-thermometer\\\/\",\"name\":\"Mini immersion thermometer | Nordtec\",\"isPartOf\":{\"@id\":\"https:\\\/\\\/stage.nordtec.se\\\/en\\\/#website\"},\"primaryImageOfPage\":{\"@id\":\"https:\\\/\\\/stage.nordtec.se\\\/en\\\/product\\\/measuring-instruments\\\/temperature-gauges\\\/thermometers\\\/mini-immersion-thermometer\\\/#primaryimage\"},\"image\":{\"@id\":\"https:\\\/\\\/stage.nordtec.se\\\/en\\\/product\\\/measuring-instruments\\\/temperature-gauges\\\/thermometers\\\/mini-immersion-thermometer\\\/#primaryimage\"},\"thumbnailUrl\":\"https:\\\/\\\/stage.nordtec.se\\\/wp-content\\\/uploads\\\/2022\\\/03\\\/testo-mini-thermometer-0560-1110-INT_800px.png\",\"datePublished\":\"2022-03-08T14:52:13+00:00\",\"dateModified\":\"2025-05-06T12:30:06+00:00\",\"description\":\"\u2713 124 mm insertion probe \u2713 Up to +150 \u00b0C \u2713 Measures air and core temperature \u2713 Protective tube with integrated clamp \u2713 Practical all-round thermometer\",\"breadcrumb\":{\"@id\":\"https:\\\/\\\/stage.nordtec.se\\\/en\\\/product\\\/measuring-instruments\\\/temperature-gauges\\\/thermometers\\\/mini-immersion-thermometer\\\/#breadcrumb\"},\"inLanguage\":\"en-US\",\"potentialAction\":[{\"@type\":\"ReadAction\",\"target\":[\"https:\\\/\\\/stage.nordtec.se\\\/en\\\/product\\\/measuring-instruments\\\/temperature-gauges\\\/thermometers\\\/mini-immersion-thermometer\\\/\"]}]},{\"@type\":\"ImageObject\",\"inLanguage\":\"en-US\",\"@id\":\"https:\\\/\\\/stage.nordtec.se\\\/en\\\/product\\\/measuring-instruments\\\/temperature-gauges\\\/thermometers\\\/mini-immersion-thermometer\\\/#primaryimage\",\"url\":\"https:\\\/\\\/stage.nordtec.se\\\/wp-content\\\/uploads\\\/2022\\\/03\\\/testo-mini-thermometer-0560-1110-INT_800px.png\",\"contentUrl\":\"https:\\\/\\\/stage.nordtec.se\\\/wp-content\\\/uploads\\\/2022\\\/03\\\/testo-mini-thermometer-0560-1110-INT_800px.png\",\"width\":800,\"height\":800,\"caption\":\"testo mini thermometer 1110\"},{\"@type\":\"BreadcrumbList\",\"@id\":\"https:\\\/\\\/stage.nordtec.se\\\/en\\\/product\\\/measuring-instruments\\\/temperature-gauges\\\/thermometers\\\/mini-immersion-thermometer\\\/#breadcrumb\",\"itemListElement\":[{\"@type\":\"ListItem\",\"position\":1,\"name\":\"Hem\",\"item\":\"https:\\\/\\\/stage.nordtec.se\\\/en\\\/?lang=en\"},{\"@type\":\"ListItem\",\"position\":2,\"name\":\"Shop\",\"item\":\"https:\\\/\\\/stage.nordtec.se\\\/shop\\\/?lang=en\"},{\"@type\":\"ListItem\",\"position\":3,\"name\":\"Mini immersion thermometer\"}]},{\"@type\":\"WebSite\",\"@id\":\"https:\\\/\\\/stage.nordtec.se\\\/en\\\/#website\",\"url\":\"https:\\\/\\\/stage.nordtec.se\\\/en\\\/\",\"name\":\"Nordtec\",\"description\":\"Din partner inom m\u00e4tteknik\",\"publisher\":{\"@id\":\"https:\\\/\\\/stage.nordtec.se\\\/en\\\/#organization\"},\"potentialAction\":[{\"@type\":\"SearchAction\",\"target\":{\"@type\":\"EntryPoint\",\"urlTemplate\":\"https:\\\/\\\/stage.nordtec.se\\\/en\\\/?s={search_term_string}\"},\"query-input\":{\"@type\":\"PropertyValueSpecification\",\"valueRequired\":true,\"valueName\":\"search_term_string\"}}],\"inLanguage\":\"en-US\"},{\"@type\":\"Organization\",\"@id\":\"https:\\\/\\\/stage.nordtec.se\\\/en\\\/#organization\",\"name\":\"Nordtec Instrument AB\",\"url\":\"https:\\\/\\\/stage.nordtec.se\\\/en\\\/\",\"logo\":{\"@type\":\"ImageObject\",\"inLanguage\":\"en-US\",\"@id\":\"https:\\\/\\\/stage.nordtec.se\\\/en\\\/#\\\/schema\\\/logo\\\/image\\\/\",\"url\":\"https:\\\/\\\/stage.nordtec.se\\\/wp-content\\\/uploads\\\/2021\\\/08\\\/nordtec_logo_rgb-340px.png\",\"contentUrl\":\"https:\\\/\\\/stage.nordtec.se\\\/wp-content\\\/uploads\\\/2021\\\/08\\\/nordtec_logo_rgb-340px.png\",\"width\":340,\"height\":75,\"caption\":\"Nordtec Instrument AB\"},\"image\":{\"@id\":\"https:\\\/\\\/stage.nordtec.se\\\/en\\\/#\\\/schema\\\/logo\\\/image\\\/\"},\"sameAs\":[\"https:\\\/\\\/www.facebook.com\\\/nordtecinstrument\",\"https:\\\/\\\/www.instagram.com\\\/nordtec_instrument\\\/\",\"https:\\\/\\\/www.linkedin.com\\\/company\\\/nordtec-instrument-ab\\\/\",\"https:\\\/\\\/www.youtube.com\\\/channel\\\/UCbmAq3ZmfBKOGg7_igFURng\"]}]}<\/script>\n<!-- \/ Yoast SEO Premium plugin. -->","yoast_head_json":{"title":"Mini immersion thermometer | Nordtec","description":"\u2713 124 mm insertion probe \u2713 Up to +150 \u00b0C \u2713 Measures air and core temperature \u2713 Protective tube with integrated clamp \u2713 Practical all-round thermometer","robots":{"index":"noindex","follow":"follow","max-snippet":"max-snippet:-1","max-image-preview":"max-image-preview:large","max-video-preview":"max-video-preview:-1"},"og_locale":"en_US","og_type":"article","og_title":"Mini immersion thermometer","og_description":"\u2713 124 mm insertion probe \u2713 Up to +150 \u00b0C \u2713 Measures air and core temperature \u2713 Protective tube with integrated clamp \u2713 Practical all-round thermometer","og_url":"https:\/\/stage.nordtec.se\/en\/product\/measuring-instruments\/temperature-gauges\/thermometers\/mini-immersion-thermometer\/","og_site_name":"Nordtec","article_publisher":"https:\/\/www.facebook.com\/nordtecinstrument","article_modified_time":"2025-05-06T12:30:06+00:00","og_image":[{"width":800,"height":800,"url":"https:\/\/stage.nordtec.se\/wp-content\/uploads\/2022\/03\/testo-mini-thermometer-0560-1110-INT_800px.png","type":"image\/png"}],"twitter_card":"summary_large_image","twitter_misc":{"Est. reading time":"2 minutes"},"schema":{"@context":"https:\/\/schema.org","@graph":[{"@type":["WebPage","ItemPage"],"@id":"https:\/\/stage.nordtec.se\/en\/product\/measuring-instruments\/temperature-gauges\/thermometers\/mini-immersion-thermometer\/","url":"https:\/\/stage.nordtec.se\/en\/product\/measuring-instruments\/temperature-gauges\/thermometers\/mini-immersion-thermometer\/","name":"Mini immersion thermometer | Nordtec","isPartOf":{"@id":"https:\/\/stage.nordtec.se\/en\/#website"},"primaryImageOfPage":{"@id":"https:\/\/stage.nordtec.se\/en\/product\/measuring-instruments\/temperature-gauges\/thermometers\/mini-immersion-thermometer\/#primaryimage"},"image":{"@id":"https:\/\/stage.nordtec.se\/en\/product\/measuring-instruments\/temperature-gauges\/thermometers\/mini-immersion-thermometer\/#primaryimage"},"thumbnailUrl":"https:\/\/stage.nordtec.se\/wp-content\/uploads\/2022\/03\/testo-mini-thermometer-0560-1110-INT_800px.png","datePublished":"2022-03-08T14:52:13+00:00","dateModified":"2025-05-06T12:30:06+00:00","description":"\u2713 124 mm insertion probe \u2713 Up to +150 \u00b0C \u2713 Measures air and core temperature \u2713 Protective tube with integrated clamp \u2713 Practical all-round thermometer","breadcrumb":{"@id":"https:\/\/stage.nordtec.se\/en\/product\/measuring-instruments\/temperature-gauges\/thermometers\/mini-immersion-thermometer\/#breadcrumb"},"inLanguage":"en-US","potentialAction":[{"@type":"ReadAction","target":["https:\/\/stage.nordtec.se\/en\/product\/measuring-instruments\/temperature-gauges\/thermometers\/mini-immersion-thermometer\/"]}]},{"@type":"ImageObject","inLanguage":"en-US","@id":"https:\/\/stage.nordtec.se\/en\/product\/measuring-instruments\/temperature-gauges\/thermometers\/mini-immersion-thermometer\/#primaryimage","url":"https:\/\/stage.nordtec.se\/wp-content\/uploads\/2022\/03\/testo-mini-thermometer-0560-1110-INT_800px.png","contentUrl":"https:\/\/stage.nordtec.se\/wp-content\/uploads\/2022\/03\/testo-mini-thermometer-0560-1110-INT_800px.png","width":800,"height":800,"caption":"testo mini thermometer 1110"},{"@type":"BreadcrumbList","@id":"https:\/\/stage.nordtec.se\/en\/product\/measuring-instruments\/temperature-gauges\/thermometers\/mini-immersion-thermometer\/#breadcrumb","itemListElement":[{"@type":"ListItem","position":1,"name":"Hem","item":"https:\/\/stage.nordtec.se\/en\/?lang=en"},{"@type":"ListItem","position":2,"name":"Shop","item":"https:\/\/stage.nordtec.se\/shop\/?lang=en"},{"@type":"ListItem","position":3,"name":"Mini immersion thermometer"}]},{"@type":"WebSite","@id":"https:\/\/stage.nordtec.se\/en\/#website","url":"https:\/\/stage.nordtec.se\/en\/","name":"Nordtec","description":"Din partner inom m\u00e4tteknik","publisher":{"@id":"https:\/\/stage.nordtec.se\/en\/#organization"},"potentialAction":[{"@type":"SearchAction","target":{"@type":"EntryPoint","urlTemplate":"https:\/\/stage.nordtec.se\/en\/?s={search_term_string}"},"query-input":{"@type":"PropertyValueSpecification","valueRequired":true,"valueName":"search_term_string"}}],"inLanguage":"en-US"},{"@type":"Organization","@id":"https:\/\/stage.nordtec.se\/en\/#organization","name":"Nordtec Instrument AB","url":"https:\/\/stage.nordtec.se\/en\/","logo":{"@type":"ImageObject","inLanguage":"en-US","@id":"https:\/\/stage.nordtec.se\/en\/#\/schema\/logo\/image\/","url":"https:\/\/stage.nordtec.se\/wp-content\/uploads\/2021\/08\/nordtec_logo_rgb-340px.png","contentUrl":"https:\/\/stage.nordtec.se\/wp-content\/uploads\/2021\/08\/nordtec_logo_rgb-340px.png","width":340,"height":75,"caption":"Nordtec Instrument AB"},"image":{"@id":"https:\/\/stage.nordtec.se\/en\/#\/schema\/logo\/image\/"},"sameAs":["https:\/\/www.facebook.com\/nordtecinstrument","https:\/\/www.instagram.com\/nordtec_instrument\/","https:\/\/www.linkedin.com\/company\/nordtec-instrument-ab\/","https:\/\/www.youtube.com\/channel\/UCbmAq3ZmfBKOGg7_igFURng"]}]}},"taxonomy_info":{"product_cat":[{"value":784,"label":"Food instruments"},{"value":768,"label":"Measuring instruments"},{"value":778,"label":"Temperature gauges"},{"value":830,"label":"Thermometers"}],"product_tag":[{"value":863,"label":"Dopp\/instick"},{"value":964,"label":"\u00d6ver +50 \u00b0C"},{"value":930,"label":"Under -20 \u00b0C"}]},"featured_image_src_large":["https:\/\/stage.nordtec.se\/wp-content\/uploads\/2022\/03\/testo-mini-thermometer-0560-1110-INT_800px.png",800,800,false],"author_info":[],"comment_info":"","_links":{"self":[{"href":"https:\/\/stage.nordtec.se\/en\/wp-json\/wp\/v2\/product\/41184","targetHints":{"allow":["GET"]}}],"collection":[{"href":"https:\/\/stage.nordtec.se\/en\/wp-json\/wp\/v2\/product"}],"about":[{"href":"https:\/\/stage.nordtec.se\/en\/wp-json\/wp\/v2\/types\/product"}],"version-history":[{"count":1,"href":"https:\/\/stage.nordtec.se\/en\/wp-json\/wp\/v2\/product\/41184\/revisions"}],"predecessor-version":[{"id":44888,"href":"https:\/\/stage.nordtec.se\/en\/wp-json\/wp\/v2\/product\/41184\/revisions\/44888"}],"wp:featuredmedia":[{"embeddable":true,"href":"https:\/\/stage.nordtec.se\/en\/wp-json\/wp\/v2\/media\/37772"}],"wp:attachment":[{"href":"https:\/\/stage.nordtec.se\/en\/wp-json\/wp\/v2\/media?parent=41184"}],"wp:term":[{"taxonomy":"product_brand","embeddable":true,"href":"https:\/\/stage.nordtec.se\/en\/wp-json\/wp\/v2\/product_brand?post=41184"},{"taxonomy":"product_cat","embeddable":true,"href":"https:\/\/stage.nordtec.se\/en\/wp-json\/wp\/v2\/product_cat?post=41184"},{"taxonomy":"product_tag","embeddable":true,"href":"https:\/\/stage.nordtec.se\/en\/wp-json\/wp\/v2\/product_tag?post=41184"}],"curies":[{"name":"wp","href":"https:\/\/api.w.org\/{rel}","templated":true}]}}