{"id":40913,"date":"2022-03-30T15:55:22","date_gmt":"2022-03-30T13:55:22","guid":{"rendered":"https:\/\/stage.nordtec.se\/produkt\/uncategorized\/testo-616-moisture-indicator-and-moisture-ratio-meter\/"},"modified":"2025-05-06T14:30:43","modified_gmt":"2025-05-06T12:30:43","slug":"testo-616-moisture-indicator-and-moisture-ratio-meter","status":"publish","type":"product","link":"https:\/\/stage.nordtec.se\/en\/product\/measuring-instruments\/moisture-meters\/moisture-indicators\/testo-616-moisture-indicator-and-moisture-ratio-meter\/","title":{"rendered":"testo 616 &#8211; moisture indicator and moisture ratio meter"},"content":{"rendered":"<h2>testo 616 as a moisture indicator when examining moisture damage<\/h2>\n<p>The moisture meter is a convenient and reliable instrument for non-destructive measurement and determination of moisture in materials. The instrument measures with a dielectric field that penetrates materials to a depth of between 30 and 50 mm, depending on the material. Clear changes in measurement values allow you to easily localize moisture damage, even through dry surface materials such as plastic carpets, wallpaper, etc.<\/p>\n<p>testo 616 is particularly suitable for moisture damage surveys where moisture is present but not visible. It saves time and money by precisely locating the extent of the moisture damage. It is also very helpful in following the progress of a dehumidification process.<\/p>\n<h2>testo 616 as a moisture meter<\/h2>\n<p>The instrument can also act as a moisture ratio meter, showing the moisture content of a material in weight percent compared to dry weight. This measurement only works on homogeneous (not mixed) materials. Ideal for moisture content measurement in e.g. carpentry, timber drying etc. To perform this type of measurement, the instrument is calibrated against a setting table containing a large number of different materials:<\/p>\n<ul>\n<li>Softwoods such as spruce, larch, cherry, pine, poplar, meranti, etc.<\/li>\n<li>Hardwoods such as beech, oak, maple, ash, walnut, birch, etc.<\/li>\n<li>Chipboard<\/li>\n<li>Cement plasters<\/li>\n<li>Anhydrite filler<\/li>\n<li>Concrete<\/li>\n<li>Solid brick<\/li>\n<li>Highly insulating bricks<\/li>\n<li>Limestone<\/li>\n<li>Aerated concrete<\/li>\n<\/ul>\n<p>[show_related_featured_videos]<\/p>\n<h2>Included in delivery<\/h2>\n<p>Moisture meter testo 616, manual, factory protocol and batteries<\/p>\n<p><span class=\"ui-provider ed ayd aye ayf ayg ayh ayi ayj ayk ayl aym ayn ayo ayp ayq ayr ays ayt ayu ayv ayw ayx ayy ayz aza azb azc azd aze azf azg azh azi azj azk\" dir=\"ltr\"><strong>Fabriksprotokoll:<\/strong>\u00a0utf\u00e4rdas p\u00e5 fabriken efter en kontroll av att produkten fungerar och uppfyller angiven m\u00e4tnoggrannhet. L\u00e4s om <a href=\"https:\/\/stage.nordtec.se\/kalibrering\/iso-9001-kraver-kalibrerad-matutrustning\/\"><u>skillnaden mellan fabriksprotokoll och ackrediterad kalibrering<\/u><\/a>.<\/span><\/p>\n","protected":false},"excerpt":{"rendered":"<p>Moisture indicator that measures non-destructively with clear differences in readings<\/p>\n<ul>\n<li>Measurement depth down to 50 mm<\/li>\n<li>Fast measurement results<\/li>\n<li>Can also measure moisture content non-destructively<\/li>\n<li>Adjustable for different materials<\/li>\n<\/ul>\n","protected":false},"featured_media":39531,"template":"","meta":{"_kad_blocks_custom_css":"","_kad_blocks_head_custom_js":"","_kad_blocks_body_custom_js":"","_kad_blocks_footer_custom_js":"","footnotes":""},"product_brand":[1435],"product_cat":[787,782,768,834,779],"product_tag":[],"class_list":{"0":"post-40913","1":"product","2":"type-product","3":"status-publish","4":"has-post-thumbnail","6":"product_brand-testo","7":"product_cat-building-technology","8":"product_cat-hvac-property","9":"product_cat-measuring-instruments","10":"product_cat-moisture-indicators","11":"product_cat-moisture-meters","13":"first","14":"instock","15":"taxable","16":"shipping-taxable","17":"purchasable","18":"product-type-simple"},"yoast_head":"<!-- This site is optimized with the Yoast SEO Premium plugin v27.3 (Yoast SEO v27.5) - https:\/\/yoast.com\/product\/yoast-seo-premium-wordpress\/ -->\n<title>testo 616 - moisture indicator and moisture ratio meter | Nordtec<\/title>\n<meta name=\"description\" content=\"Moisture indicator that measures non-destructively with clear differences in readings \u1405 testo 616 \u2713 Measurement depth down to 50 mm \u2713 Fast measurement results \u2713 Can also measure moisture ratio\" \/>\n<meta name=\"robots\" content=\"noindex, follow, max-snippet:-1, max-image-preview:large, max-video-preview:-1\" \/>\n<meta property=\"og:locale\" content=\"en_US\" \/>\n<meta property=\"og:type\" content=\"article\" \/>\n<meta property=\"og:title\" content=\"testo 616 - moisture indicator and moisture ratio meter\" \/>\n<meta property=\"og:description\" content=\"Moisture indicator that measures non-destructively with clear differences in readings \u1405 testo 616 \u2713 Measurement depth down to 50 mm \u2713 Fast measurement results \u2713 Can also measure moisture ratio\" \/>\n<meta property=\"og:url\" content=\"https:\/\/stage.nordtec.se\/en\/product\/measuring-instruments\/moisture-meters\/moisture-indicators\/testo-616-moisture-indicator-and-moisture-ratio-meter\/\" \/>\n<meta property=\"og:site_name\" content=\"Nordtec\" \/>\n<meta property=\"article:publisher\" content=\"https:\/\/www.facebook.com\/nordtecinstrument\" \/>\n<meta property=\"article:modified_time\" content=\"2025-05-06T12:30:43+00:00\" \/>\n<meta property=\"og:image\" content=\"https:\/\/stage.nordtec.se\/wp-content\/uploads\/2022\/03\/testo-616_p_in_hum_002723_800px.png\" \/>\n\t<meta property=\"og:image:width\" content=\"800\" \/>\n\t<meta property=\"og:image:height\" content=\"800\" \/>\n\t<meta property=\"og:image:type\" content=\"image\/png\" \/>\n<meta name=\"twitter:card\" content=\"summary_large_image\" \/>\n<meta name=\"twitter:label1\" content=\"Est. reading time\" \/>\n\t<meta name=\"twitter:data1\" content=\"2 minutes\" \/>\n<script type=\"application\/ld+json\" class=\"yoast-schema-graph\">{\"@context\":\"https:\\\/\\\/schema.org\",\"@graph\":[{\"@type\":[\"WebPage\",\"ItemPage\"],\"@id\":\"https:\\\/\\\/stage.nordtec.se\\\/en\\\/product\\\/measuring-instruments\\\/moisture-meters\\\/moisture-indicators\\\/testo-616-moisture-indicator-and-moisture-ratio-meter\\\/\",\"url\":\"https:\\\/\\\/stage.nordtec.se\\\/en\\\/product\\\/measuring-instruments\\\/moisture-meters\\\/moisture-indicators\\\/testo-616-moisture-indicator-and-moisture-ratio-meter\\\/\",\"name\":\"testo 616 - moisture indicator and moisture ratio meter | Nordtec\",\"isPartOf\":{\"@id\":\"https:\\\/\\\/stage.nordtec.se\\\/en\\\/#website\"},\"primaryImageOfPage\":{\"@id\":\"https:\\\/\\\/stage.nordtec.se\\\/en\\\/product\\\/measuring-instruments\\\/moisture-meters\\\/moisture-indicators\\\/testo-616-moisture-indicator-and-moisture-ratio-meter\\\/#primaryimage\"},\"image\":{\"@id\":\"https:\\\/\\\/stage.nordtec.se\\\/en\\\/product\\\/measuring-instruments\\\/moisture-meters\\\/moisture-indicators\\\/testo-616-moisture-indicator-and-moisture-ratio-meter\\\/#primaryimage\"},\"thumbnailUrl\":\"https:\\\/\\\/stage.nordtec.se\\\/wp-content\\\/uploads\\\/2022\\\/03\\\/testo-616_p_in_hum_002723_800px.png\",\"datePublished\":\"2022-03-30T13:55:22+00:00\",\"dateModified\":\"2025-05-06T12:30:43+00:00\",\"description\":\"Moisture indicator that measures non-destructively with clear differences in readings \u1405 testo 616 \u2713 Measurement depth down to 50 mm \u2713 Fast measurement results \u2713 Can also measure moisture ratio\",\"breadcrumb\":{\"@id\":\"https:\\\/\\\/stage.nordtec.se\\\/en\\\/product\\\/measuring-instruments\\\/moisture-meters\\\/moisture-indicators\\\/testo-616-moisture-indicator-and-moisture-ratio-meter\\\/#breadcrumb\"},\"inLanguage\":\"en-US\",\"potentialAction\":[{\"@type\":\"ReadAction\",\"target\":[\"https:\\\/\\\/stage.nordtec.se\\\/en\\\/product\\\/measuring-instruments\\\/moisture-meters\\\/moisture-indicators\\\/testo-616-moisture-indicator-and-moisture-ratio-meter\\\/\"]}]},{\"@type\":\"ImageObject\",\"inLanguage\":\"en-US\",\"@id\":\"https:\\\/\\\/stage.nordtec.se\\\/en\\\/product\\\/measuring-instruments\\\/moisture-meters\\\/moisture-indicators\\\/testo-616-moisture-indicator-and-moisture-ratio-meter\\\/#primaryimage\",\"url\":\"https:\\\/\\\/stage.nordtec.se\\\/wp-content\\\/uploads\\\/2022\\\/03\\\/testo-616_p_in_hum_002723_800px.png\",\"contentUrl\":\"https:\\\/\\\/stage.nordtec.se\\\/wp-content\\\/uploads\\\/2022\\\/03\\\/testo-616_p_in_hum_002723_800px.png\",\"width\":800,\"height\":800,\"caption\":\"0560 6160 testo 616 front\"},{\"@type\":\"BreadcrumbList\",\"@id\":\"https:\\\/\\\/stage.nordtec.se\\\/en\\\/product\\\/measuring-instruments\\\/moisture-meters\\\/moisture-indicators\\\/testo-616-moisture-indicator-and-moisture-ratio-meter\\\/#breadcrumb\",\"itemListElement\":[{\"@type\":\"ListItem\",\"position\":1,\"name\":\"Hem\",\"item\":\"https:\\\/\\\/stage.nordtec.se\\\/en\\\/\"},{\"@type\":\"ListItem\",\"position\":2,\"name\":\"Shop\",\"item\":\"https:\\\/\\\/stage.nordtec.se\\\/shop\\\/?lang=en\"},{\"@type\":\"ListItem\",\"position\":3,\"name\":\"testo 616 &#8211; moisture indicator and moisture ratio meter\"}]},{\"@type\":\"WebSite\",\"@id\":\"https:\\\/\\\/stage.nordtec.se\\\/en\\\/#website\",\"url\":\"https:\\\/\\\/stage.nordtec.se\\\/en\\\/\",\"name\":\"Nordtec\",\"description\":\"Din partner inom m\u00e4tteknik\",\"publisher\":{\"@id\":\"https:\\\/\\\/stage.nordtec.se\\\/en\\\/#organization\"},\"potentialAction\":[{\"@type\":\"SearchAction\",\"target\":{\"@type\":\"EntryPoint\",\"urlTemplate\":\"https:\\\/\\\/stage.nordtec.se\\\/en\\\/?s={search_term_string}\"},\"query-input\":{\"@type\":\"PropertyValueSpecification\",\"valueRequired\":true,\"valueName\":\"search_term_string\"}}],\"inLanguage\":\"en-US\"},{\"@type\":\"Organization\",\"@id\":\"https:\\\/\\\/stage.nordtec.se\\\/en\\\/#organization\",\"name\":\"Nordtec Instrument AB\",\"url\":\"https:\\\/\\\/stage.nordtec.se\\\/en\\\/\",\"logo\":{\"@type\":\"ImageObject\",\"inLanguage\":\"en-US\",\"@id\":\"https:\\\/\\\/stage.nordtec.se\\\/en\\\/#\\\/schema\\\/logo\\\/image\\\/\",\"url\":\"https:\\\/\\\/stage.nordtec.se\\\/wp-content\\\/uploads\\\/2021\\\/08\\\/nordtec_logo_rgb-340px.png\",\"contentUrl\":\"https:\\\/\\\/stage.nordtec.se\\\/wp-content\\\/uploads\\\/2021\\\/08\\\/nordtec_logo_rgb-340px.png\",\"width\":340,\"height\":75,\"caption\":\"Nordtec Instrument AB\"},\"image\":{\"@id\":\"https:\\\/\\\/stage.nordtec.se\\\/en\\\/#\\\/schema\\\/logo\\\/image\\\/\"},\"sameAs\":[\"https:\\\/\\\/www.facebook.com\\\/nordtecinstrument\",\"https:\\\/\\\/www.instagram.com\\\/nordtec_instrument\\\/\",\"https:\\\/\\\/www.linkedin.com\\\/company\\\/nordtec-instrument-ab\\\/\",\"https:\\\/\\\/www.youtube.com\\\/channel\\\/UCbmAq3ZmfBKOGg7_igFURng\"]}]}<\/script>\n<!-- \/ Yoast SEO Premium plugin. -->","yoast_head_json":{"title":"testo 616 - moisture indicator and moisture ratio meter | Nordtec","description":"Moisture indicator that measures non-destructively with clear differences in readings \u1405 testo 616 \u2713 Measurement depth down to 50 mm \u2713 Fast measurement results \u2713 Can also measure moisture ratio","robots":{"index":"noindex","follow":"follow","max-snippet":"max-snippet:-1","max-image-preview":"max-image-preview:large","max-video-preview":"max-video-preview:-1"},"og_locale":"en_US","og_type":"article","og_title":"testo 616 - moisture indicator and moisture ratio meter","og_description":"Moisture indicator that measures non-destructively with clear differences in readings \u1405 testo 616 \u2713 Measurement depth down to 50 mm \u2713 Fast measurement results \u2713 Can also measure moisture ratio","og_url":"https:\/\/stage.nordtec.se\/en\/product\/measuring-instruments\/moisture-meters\/moisture-indicators\/testo-616-moisture-indicator-and-moisture-ratio-meter\/","og_site_name":"Nordtec","article_publisher":"https:\/\/www.facebook.com\/nordtecinstrument","article_modified_time":"2025-05-06T12:30:43+00:00","og_image":[{"width":800,"height":800,"url":"https:\/\/stage.nordtec.se\/wp-content\/uploads\/2022\/03\/testo-616_p_in_hum_002723_800px.png","type":"image\/png"}],"twitter_card":"summary_large_image","twitter_misc":{"Est. reading time":"2 minutes"},"schema":{"@context":"https:\/\/schema.org","@graph":[{"@type":["WebPage","ItemPage"],"@id":"https:\/\/stage.nordtec.se\/en\/product\/measuring-instruments\/moisture-meters\/moisture-indicators\/testo-616-moisture-indicator-and-moisture-ratio-meter\/","url":"https:\/\/stage.nordtec.se\/en\/product\/measuring-instruments\/moisture-meters\/moisture-indicators\/testo-616-moisture-indicator-and-moisture-ratio-meter\/","name":"testo 616 - moisture indicator and moisture ratio meter | Nordtec","isPartOf":{"@id":"https:\/\/stage.nordtec.se\/en\/#website"},"primaryImageOfPage":{"@id":"https:\/\/stage.nordtec.se\/en\/product\/measuring-instruments\/moisture-meters\/moisture-indicators\/testo-616-moisture-indicator-and-moisture-ratio-meter\/#primaryimage"},"image":{"@id":"https:\/\/stage.nordtec.se\/en\/product\/measuring-instruments\/moisture-meters\/moisture-indicators\/testo-616-moisture-indicator-and-moisture-ratio-meter\/#primaryimage"},"thumbnailUrl":"https:\/\/stage.nordtec.se\/wp-content\/uploads\/2022\/03\/testo-616_p_in_hum_002723_800px.png","datePublished":"2022-03-30T13:55:22+00:00","dateModified":"2025-05-06T12:30:43+00:00","description":"Moisture indicator that measures non-destructively with clear differences in readings \u1405 testo 616 \u2713 Measurement depth down to 50 mm \u2713 Fast measurement results \u2713 Can also measure moisture ratio","breadcrumb":{"@id":"https:\/\/stage.nordtec.se\/en\/product\/measuring-instruments\/moisture-meters\/moisture-indicators\/testo-616-moisture-indicator-and-moisture-ratio-meter\/#breadcrumb"},"inLanguage":"en-US","potentialAction":[{"@type":"ReadAction","target":["https:\/\/stage.nordtec.se\/en\/product\/measuring-instruments\/moisture-meters\/moisture-indicators\/testo-616-moisture-indicator-and-moisture-ratio-meter\/"]}]},{"@type":"ImageObject","inLanguage":"en-US","@id":"https:\/\/stage.nordtec.se\/en\/product\/measuring-instruments\/moisture-meters\/moisture-indicators\/testo-616-moisture-indicator-and-moisture-ratio-meter\/#primaryimage","url":"https:\/\/stage.nordtec.se\/wp-content\/uploads\/2022\/03\/testo-616_p_in_hum_002723_800px.png","contentUrl":"https:\/\/stage.nordtec.se\/wp-content\/uploads\/2022\/03\/testo-616_p_in_hum_002723_800px.png","width":800,"height":800,"caption":"0560 6160 testo 616 front"},{"@type":"BreadcrumbList","@id":"https:\/\/stage.nordtec.se\/en\/product\/measuring-instruments\/moisture-meters\/moisture-indicators\/testo-616-moisture-indicator-and-moisture-ratio-meter\/#breadcrumb","itemListElement":[{"@type":"ListItem","position":1,"name":"Hem","item":"https:\/\/stage.nordtec.se\/en\/"},{"@type":"ListItem","position":2,"name":"Shop","item":"https:\/\/stage.nordtec.se\/shop\/?lang=en"},{"@type":"ListItem","position":3,"name":"testo 616 &#8211; moisture indicator and moisture ratio meter"}]},{"@type":"WebSite","@id":"https:\/\/stage.nordtec.se\/en\/#website","url":"https:\/\/stage.nordtec.se\/en\/","name":"Nordtec","description":"Din partner inom m\u00e4tteknik","publisher":{"@id":"https:\/\/stage.nordtec.se\/en\/#organization"},"potentialAction":[{"@type":"SearchAction","target":{"@type":"EntryPoint","urlTemplate":"https:\/\/stage.nordtec.se\/en\/?s={search_term_string}"},"query-input":{"@type":"PropertyValueSpecification","valueRequired":true,"valueName":"search_term_string"}}],"inLanguage":"en-US"},{"@type":"Organization","@id":"https:\/\/stage.nordtec.se\/en\/#organization","name":"Nordtec Instrument AB","url":"https:\/\/stage.nordtec.se\/en\/","logo":{"@type":"ImageObject","inLanguage":"en-US","@id":"https:\/\/stage.nordtec.se\/en\/#\/schema\/logo\/image\/","url":"https:\/\/stage.nordtec.se\/wp-content\/uploads\/2021\/08\/nordtec_logo_rgb-340px.png","contentUrl":"https:\/\/stage.nordtec.se\/wp-content\/uploads\/2021\/08\/nordtec_logo_rgb-340px.png","width":340,"height":75,"caption":"Nordtec Instrument AB"},"image":{"@id":"https:\/\/stage.nordtec.se\/en\/#\/schema\/logo\/image\/"},"sameAs":["https:\/\/www.facebook.com\/nordtecinstrument","https:\/\/www.instagram.com\/nordtec_instrument\/","https:\/\/www.linkedin.com\/company\/nordtec-instrument-ab\/","https:\/\/www.youtube.com\/channel\/UCbmAq3ZmfBKOGg7_igFURng"]}]}},"taxonomy_info":{"product_brand":[{"value":1435,"label":"Testo"}],"product_cat":[{"value":787,"label":"Building technology"},{"value":782,"label":"HVAC &amp; Property"},{"value":768,"label":"Measuring instruments"},{"value":834,"label":"Moisture indicators"},{"value":779,"label":"Moisture meters"}]},"featured_image_src_large":["https:\/\/stage.nordtec.se\/wp-content\/uploads\/2022\/03\/testo-616_p_in_hum_002723_800px.png",800,800,false],"author_info":[],"comment_info":"","_links":{"self":[{"href":"https:\/\/stage.nordtec.se\/en\/wp-json\/wp\/v2\/product\/40913","targetHints":{"allow":["GET"]}}],"collection":[{"href":"https:\/\/stage.nordtec.se\/en\/wp-json\/wp\/v2\/product"}],"about":[{"href":"https:\/\/stage.nordtec.se\/en\/wp-json\/wp\/v2\/types\/product"}],"version-history":[{"count":1,"href":"https:\/\/stage.nordtec.se\/en\/wp-json\/wp\/v2\/product\/40913\/revisions"}],"predecessor-version":[{"id":44084,"href":"https:\/\/stage.nordtec.se\/en\/wp-json\/wp\/v2\/product\/40913\/revisions\/44084"}],"wp:featuredmedia":[{"embeddable":true,"href":"https:\/\/stage.nordtec.se\/en\/wp-json\/wp\/v2\/media\/39531"}],"wp:attachment":[{"href":"https:\/\/stage.nordtec.se\/en\/wp-json\/wp\/v2\/media?parent=40913"}],"wp:term":[{"taxonomy":"product_brand","embeddable":true,"href":"https:\/\/stage.nordtec.se\/en\/wp-json\/wp\/v2\/product_brand?post=40913"},{"taxonomy":"product_cat","embeddable":true,"href":"https:\/\/stage.nordtec.se\/en\/wp-json\/wp\/v2\/product_cat?post=40913"},{"taxonomy":"product_tag","embeddable":true,"href":"https:\/\/stage.nordtec.se\/en\/wp-json\/wp\/v2\/product_tag?post=40913"}],"curies":[{"name":"wp","href":"https:\/\/api.w.org\/{rel}","templated":true}]}}