{"id":40912,"date":"2022-03-30T15:54:35","date_gmt":"2022-03-30T13:54:35","guid":{"rendered":"https:\/\/stage.nordtec.se\/produkt\/uncategorized\/testo-610-pocket-sized-moisture-meter\/"},"modified":"2025-05-06T14:29:54","modified_gmt":"2025-05-06T12:29:54","slug":"testo-610-pocket-sized-moisture-meter","status":"publish","type":"product","link":"https:\/\/stage.nordtec.se\/en\/product\/measuring-instruments\/moisture-meters\/humidity-meter\/testo-610-pocket-sized-moisture-meter\/","title":{"rendered":"testo 610 &#8211; pocket-sized moisture meter"},"content":{"rendered":"<h2>testo 610 &#8211; For measuring humidity and temperature<\/h2>\n<p>The testo 610 is an instrument in the PocketLine series that is characterized by professional measurement technology in true pocket size. The testo 610 moisture meter enables fast, accurate measurement of temperature and humidity. In addition, the user-friendly measuring instrument can calculate dew point and wet bulb temperature. Both measurements allow conclusions to be drawn about the relationship between temperature and humidity and are important factors in assessing indoor climate.<\/p>\n<h2>Reliable technology, easy to use: the testo 610 moisture meter<\/h2>\n<p>With the built-in NTC temperature sensor, the testo 610 moisture meter offers high accuracy in terms of temperature measurement. The moisture meter measures air humidity with a capacitive moisture sensor characterized by high accuracy and long-term stability. The two sensors make the testo 610 a reliable and safe instrument for moisture and temperature measurement.<\/p>\n<p>testo 610 is easy to use: the current temperature and humidity values are easily readable on the illuminated display. In addition, it can display the calculated dew point and wet bulb temperature and min\/max values. With a protective cover, wrist strap and belt holder, the handy moisture meter can be safely stored and easily taken to any measurement site.<\/p>\n<h2>Included in delivery<\/h2>\n<p>The testo 610 moisture meter, protective cover, wrist strap, belt holder, factory protocol and instructions for use.<\/p>\n<p><span class=\"ui-provider ed ayd aye ayf ayg ayh ayi ayj ayk ayl aym ayn ayo ayp ayq ayr ays ayt ayu ayv ayw ayx ayy ayz aza azb azc azd aze azf azg azh azi azj azk\" dir=\"ltr\"><strong>Fabriksprotokoll:<\/strong>\u00a0utf\u00e4rdas p\u00e5 fabriken efter en kontroll av att produkten fungerar och uppfyller angiven m\u00e4tnoggrannhet. L\u00e4s om <a href=\"https:\/\/stage.nordtec.se\/kalibrering\/iso-9001-kraver-kalibrerad-matutrustning\/\"><u>skillnaden mellan fabriksprotokoll och ackrediterad kalibrering<\/u><\/a>.<\/span><\/p>\n","protected":false},"excerpt":{"rendered":"<p>Measures humidity with long term stable humidity sensor from Testo.<\/p>\n<ul>\n<li>Accuracy of 2,5 %RH<\/li>\n<li>Calculation of dew point and wet bulb temperature<\/li>\n<li>Hold function and max\/min values<\/li>\n<\/ul>\n","protected":false},"featured_media":38049,"template":"","meta":{"_kad_blocks_custom_css":"","_kad_blocks_head_custom_js":"","_kad_blocks_body_custom_js":"","_kad_blocks_footer_custom_js":"","footnotes":""},"product_brand":[1435],"product_cat":[831,782,783,768,779],"product_tag":[],"class_list":{"0":"post-40912","1":"product","2":"type-product","3":"status-publish","4":"has-post-thumbnail","6":"product_brand-testo","7":"product_cat-humidity-meter","8":"product_cat-hvac-property","9":"product_cat-indoor-climate-working-environment","10":"product_cat-measuring-instruments","11":"product_cat-moisture-meters","13":"first","14":"onbackorder","15":"taxable","16":"shipping-taxable","17":"purchasable","18":"product-type-simple"},"yoast_head":"<!-- This site is optimized with the Yoast SEO Premium plugin v27.3 (Yoast SEO v27.5) - https:\/\/yoast.com\/product\/yoast-seo-premium-wordpress\/ -->\n<title>testo 610 - pocket-sized moisture meter | Nordtec<\/title>\n<meta name=\"description\" content=\"Pocket-sized moisture meter with long-term stable moisture sensor \u1405 testo 610 \u2713 Accuracy of 2.5% RH \u2713 Calculation of dew point and wet bulb temperature \u2713\" \/>\n<meta name=\"robots\" content=\"noindex, follow, max-snippet:-1, max-image-preview:large, max-video-preview:-1\" \/>\n<meta property=\"og:locale\" content=\"en_US\" \/>\n<meta property=\"og:type\" content=\"article\" \/>\n<meta property=\"og:title\" content=\"testo 610 - pocket-sized moisture meter\" \/>\n<meta property=\"og:description\" content=\"Pocket-sized moisture meter with long-term stable moisture sensor \u1405 testo 610 \u2713 Accuracy of 2.5% RH \u2713 Calculation of dew point and wet bulb temperature \u2713\" \/>\n<meta property=\"og:url\" content=\"https:\/\/stage.nordtec.se\/en\/product\/measuring-instruments\/moisture-meters\/humidity-meter\/testo-610-pocket-sized-moisture-meter\/\" \/>\n<meta property=\"og:site_name\" content=\"Nordtec\" \/>\n<meta property=\"article:publisher\" content=\"https:\/\/www.facebook.com\/nordtecinstrument\" \/>\n<meta property=\"article:modified_time\" content=\"2025-05-06T12:29:54+00:00\" \/>\n<meta property=\"og:image\" content=\"https:\/\/stage.nordtec.se\/wp-content\/uploads\/2022\/03\/testo-610_p_in_hum_002767_800px.png\" \/>\n\t<meta property=\"og:image:width\" content=\"800\" \/>\n\t<meta property=\"og:image:height\" content=\"800\" \/>\n\t<meta property=\"og:image:type\" content=\"image\/png\" \/>\n<meta name=\"twitter:card\" content=\"summary_large_image\" \/>\n<meta name=\"twitter:label1\" content=\"Est. reading time\" \/>\n\t<meta name=\"twitter:data1\" content=\"2 minutes\" \/>\n<script type=\"application\/ld+json\" class=\"yoast-schema-graph\">{\"@context\":\"https:\\\/\\\/schema.org\",\"@graph\":[{\"@type\":[\"WebPage\",\"ItemPage\"],\"@id\":\"https:\\\/\\\/stage.nordtec.se\\\/en\\\/product\\\/measuring-instruments\\\/moisture-meters\\\/humidity-meter\\\/testo-610-pocket-sized-moisture-meter\\\/\",\"url\":\"https:\\\/\\\/stage.nordtec.se\\\/en\\\/product\\\/measuring-instruments\\\/moisture-meters\\\/humidity-meter\\\/testo-610-pocket-sized-moisture-meter\\\/\",\"name\":\"testo 610 - pocket-sized moisture meter | Nordtec\",\"isPartOf\":{\"@id\":\"https:\\\/\\\/stage.nordtec.se\\\/en\\\/#website\"},\"primaryImageOfPage\":{\"@id\":\"https:\\\/\\\/stage.nordtec.se\\\/en\\\/product\\\/measuring-instruments\\\/moisture-meters\\\/humidity-meter\\\/testo-610-pocket-sized-moisture-meter\\\/#primaryimage\"},\"image\":{\"@id\":\"https:\\\/\\\/stage.nordtec.se\\\/en\\\/product\\\/measuring-instruments\\\/moisture-meters\\\/humidity-meter\\\/testo-610-pocket-sized-moisture-meter\\\/#primaryimage\"},\"thumbnailUrl\":\"https:\\\/\\\/stage.nordtec.se\\\/wp-content\\\/uploads\\\/2022\\\/03\\\/testo-610_p_in_hum_002767_800px.png\",\"datePublished\":\"2022-03-30T13:54:35+00:00\",\"dateModified\":\"2025-05-06T12:29:54+00:00\",\"description\":\"Pocket-sized moisture meter with long-term stable moisture sensor \u1405 testo 610 \u2713 Accuracy of 2.5% RH \u2713 Calculation of dew point and wet bulb temperature \u2713\",\"breadcrumb\":{\"@id\":\"https:\\\/\\\/stage.nordtec.se\\\/en\\\/product\\\/measuring-instruments\\\/moisture-meters\\\/humidity-meter\\\/testo-610-pocket-sized-moisture-meter\\\/#breadcrumb\"},\"inLanguage\":\"en-US\",\"potentialAction\":[{\"@type\":\"ReadAction\",\"target\":[\"https:\\\/\\\/stage.nordtec.se\\\/en\\\/product\\\/measuring-instruments\\\/moisture-meters\\\/humidity-meter\\\/testo-610-pocket-sized-moisture-meter\\\/\"]}]},{\"@type\":\"ImageObject\",\"inLanguage\":\"en-US\",\"@id\":\"https:\\\/\\\/stage.nordtec.se\\\/en\\\/product\\\/measuring-instruments\\\/moisture-meters\\\/humidity-meter\\\/testo-610-pocket-sized-moisture-meter\\\/#primaryimage\",\"url\":\"https:\\\/\\\/stage.nordtec.se\\\/wp-content\\\/uploads\\\/2022\\\/03\\\/testo-610_p_in_hum_002767_800px.png\",\"contentUrl\":\"https:\\\/\\\/stage.nordtec.se\\\/wp-content\\\/uploads\\\/2022\\\/03\\\/testo-610_p_in_hum_002767_800px.png\",\"width\":800,\"height\":800,\"caption\":\"Thermohygrometer testo 610\"},{\"@type\":\"BreadcrumbList\",\"@id\":\"https:\\\/\\\/stage.nordtec.se\\\/en\\\/product\\\/measuring-instruments\\\/moisture-meters\\\/humidity-meter\\\/testo-610-pocket-sized-moisture-meter\\\/#breadcrumb\",\"itemListElement\":[{\"@type\":\"ListItem\",\"position\":1,\"name\":\"Hem\",\"item\":\"https:\\\/\\\/stage.nordtec.se\\\/en\\\/\"},{\"@type\":\"ListItem\",\"position\":2,\"name\":\"Shop\",\"item\":\"https:\\\/\\\/stage.nordtec.se\\\/shop\\\/?lang=en\"},{\"@type\":\"ListItem\",\"position\":3,\"name\":\"testo 610 &#8211; pocket-sized moisture meter\"}]},{\"@type\":\"WebSite\",\"@id\":\"https:\\\/\\\/stage.nordtec.se\\\/en\\\/#website\",\"url\":\"https:\\\/\\\/stage.nordtec.se\\\/en\\\/\",\"name\":\"Nordtec\",\"description\":\"Din partner inom m\u00e4tteknik\",\"publisher\":{\"@id\":\"https:\\\/\\\/stage.nordtec.se\\\/en\\\/#organization\"},\"potentialAction\":[{\"@type\":\"SearchAction\",\"target\":{\"@type\":\"EntryPoint\",\"urlTemplate\":\"https:\\\/\\\/stage.nordtec.se\\\/en\\\/?s={search_term_string}\"},\"query-input\":{\"@type\":\"PropertyValueSpecification\",\"valueRequired\":true,\"valueName\":\"search_term_string\"}}],\"inLanguage\":\"en-US\"},{\"@type\":\"Organization\",\"@id\":\"https:\\\/\\\/stage.nordtec.se\\\/en\\\/#organization\",\"name\":\"Nordtec Instrument AB\",\"url\":\"https:\\\/\\\/stage.nordtec.se\\\/en\\\/\",\"logo\":{\"@type\":\"ImageObject\",\"inLanguage\":\"en-US\",\"@id\":\"https:\\\/\\\/stage.nordtec.se\\\/en\\\/#\\\/schema\\\/logo\\\/image\\\/\",\"url\":\"https:\\\/\\\/stage.nordtec.se\\\/wp-content\\\/uploads\\\/2021\\\/08\\\/nordtec_logo_rgb-340px.png\",\"contentUrl\":\"https:\\\/\\\/stage.nordtec.se\\\/wp-content\\\/uploads\\\/2021\\\/08\\\/nordtec_logo_rgb-340px.png\",\"width\":340,\"height\":75,\"caption\":\"Nordtec Instrument AB\"},\"image\":{\"@id\":\"https:\\\/\\\/stage.nordtec.se\\\/en\\\/#\\\/schema\\\/logo\\\/image\\\/\"},\"sameAs\":[\"https:\\\/\\\/www.facebook.com\\\/nordtecinstrument\",\"https:\\\/\\\/www.instagram.com\\\/nordtec_instrument\\\/\",\"https:\\\/\\\/www.linkedin.com\\\/company\\\/nordtec-instrument-ab\\\/\",\"https:\\\/\\\/www.youtube.com\\\/channel\\\/UCbmAq3ZmfBKOGg7_igFURng\"]}]}<\/script>\n<!-- \/ Yoast SEO Premium plugin. -->","yoast_head_json":{"title":"testo 610 - pocket-sized moisture meter | Nordtec","description":"Pocket-sized moisture meter with long-term stable moisture sensor \u1405 testo 610 \u2713 Accuracy of 2.5% RH \u2713 Calculation of dew point and wet bulb temperature \u2713","robots":{"index":"noindex","follow":"follow","max-snippet":"max-snippet:-1","max-image-preview":"max-image-preview:large","max-video-preview":"max-video-preview:-1"},"og_locale":"en_US","og_type":"article","og_title":"testo 610 - pocket-sized moisture meter","og_description":"Pocket-sized moisture meter with long-term stable moisture sensor \u1405 testo 610 \u2713 Accuracy of 2.5% RH \u2713 Calculation of dew point and wet bulb temperature \u2713","og_url":"https:\/\/stage.nordtec.se\/en\/product\/measuring-instruments\/moisture-meters\/humidity-meter\/testo-610-pocket-sized-moisture-meter\/","og_site_name":"Nordtec","article_publisher":"https:\/\/www.facebook.com\/nordtecinstrument","article_modified_time":"2025-05-06T12:29:54+00:00","og_image":[{"width":800,"height":800,"url":"https:\/\/stage.nordtec.se\/wp-content\/uploads\/2022\/03\/testo-610_p_in_hum_002767_800px.png","type":"image\/png"}],"twitter_card":"summary_large_image","twitter_misc":{"Est. reading time":"2 minutes"},"schema":{"@context":"https:\/\/schema.org","@graph":[{"@type":["WebPage","ItemPage"],"@id":"https:\/\/stage.nordtec.se\/en\/product\/measuring-instruments\/moisture-meters\/humidity-meter\/testo-610-pocket-sized-moisture-meter\/","url":"https:\/\/stage.nordtec.se\/en\/product\/measuring-instruments\/moisture-meters\/humidity-meter\/testo-610-pocket-sized-moisture-meter\/","name":"testo 610 - pocket-sized moisture meter | Nordtec","isPartOf":{"@id":"https:\/\/stage.nordtec.se\/en\/#website"},"primaryImageOfPage":{"@id":"https:\/\/stage.nordtec.se\/en\/product\/measuring-instruments\/moisture-meters\/humidity-meter\/testo-610-pocket-sized-moisture-meter\/#primaryimage"},"image":{"@id":"https:\/\/stage.nordtec.se\/en\/product\/measuring-instruments\/moisture-meters\/humidity-meter\/testo-610-pocket-sized-moisture-meter\/#primaryimage"},"thumbnailUrl":"https:\/\/stage.nordtec.se\/wp-content\/uploads\/2022\/03\/testo-610_p_in_hum_002767_800px.png","datePublished":"2022-03-30T13:54:35+00:00","dateModified":"2025-05-06T12:29:54+00:00","description":"Pocket-sized moisture meter with long-term stable moisture sensor \u1405 testo 610 \u2713 Accuracy of 2.5% RH \u2713 Calculation of dew point and wet bulb temperature \u2713","breadcrumb":{"@id":"https:\/\/stage.nordtec.se\/en\/product\/measuring-instruments\/moisture-meters\/humidity-meter\/testo-610-pocket-sized-moisture-meter\/#breadcrumb"},"inLanguage":"en-US","potentialAction":[{"@type":"ReadAction","target":["https:\/\/stage.nordtec.se\/en\/product\/measuring-instruments\/moisture-meters\/humidity-meter\/testo-610-pocket-sized-moisture-meter\/"]}]},{"@type":"ImageObject","inLanguage":"en-US","@id":"https:\/\/stage.nordtec.se\/en\/product\/measuring-instruments\/moisture-meters\/humidity-meter\/testo-610-pocket-sized-moisture-meter\/#primaryimage","url":"https:\/\/stage.nordtec.se\/wp-content\/uploads\/2022\/03\/testo-610_p_in_hum_002767_800px.png","contentUrl":"https:\/\/stage.nordtec.se\/wp-content\/uploads\/2022\/03\/testo-610_p_in_hum_002767_800px.png","width":800,"height":800,"caption":"Thermohygrometer testo 610"},{"@type":"BreadcrumbList","@id":"https:\/\/stage.nordtec.se\/en\/product\/measuring-instruments\/moisture-meters\/humidity-meter\/testo-610-pocket-sized-moisture-meter\/#breadcrumb","itemListElement":[{"@type":"ListItem","position":1,"name":"Hem","item":"https:\/\/stage.nordtec.se\/en\/"},{"@type":"ListItem","position":2,"name":"Shop","item":"https:\/\/stage.nordtec.se\/shop\/?lang=en"},{"@type":"ListItem","position":3,"name":"testo 610 &#8211; pocket-sized moisture meter"}]},{"@type":"WebSite","@id":"https:\/\/stage.nordtec.se\/en\/#website","url":"https:\/\/stage.nordtec.se\/en\/","name":"Nordtec","description":"Din partner inom m\u00e4tteknik","publisher":{"@id":"https:\/\/stage.nordtec.se\/en\/#organization"},"potentialAction":[{"@type":"SearchAction","target":{"@type":"EntryPoint","urlTemplate":"https:\/\/stage.nordtec.se\/en\/?s={search_term_string}"},"query-input":{"@type":"PropertyValueSpecification","valueRequired":true,"valueName":"search_term_string"}}],"inLanguage":"en-US"},{"@type":"Organization","@id":"https:\/\/stage.nordtec.se\/en\/#organization","name":"Nordtec Instrument AB","url":"https:\/\/stage.nordtec.se\/en\/","logo":{"@type":"ImageObject","inLanguage":"en-US","@id":"https:\/\/stage.nordtec.se\/en\/#\/schema\/logo\/image\/","url":"https:\/\/stage.nordtec.se\/wp-content\/uploads\/2021\/08\/nordtec_logo_rgb-340px.png","contentUrl":"https:\/\/stage.nordtec.se\/wp-content\/uploads\/2021\/08\/nordtec_logo_rgb-340px.png","width":340,"height":75,"caption":"Nordtec Instrument AB"},"image":{"@id":"https:\/\/stage.nordtec.se\/en\/#\/schema\/logo\/image\/"},"sameAs":["https:\/\/www.facebook.com\/nordtecinstrument","https:\/\/www.instagram.com\/nordtec_instrument\/","https:\/\/www.linkedin.com\/company\/nordtec-instrument-ab\/","https:\/\/www.youtube.com\/channel\/UCbmAq3ZmfBKOGg7_igFURng"]}]}},"taxonomy_info":{"product_brand":[{"value":1435,"label":"Testo"}],"product_cat":[{"value":831,"label":"Humidity meters"},{"value":782,"label":"HVAC &amp; Property"},{"value":783,"label":"Indoor climate &amp; working environment"},{"value":768,"label":"Measuring instruments"},{"value":779,"label":"Moisture meters"}]},"featured_image_src_large":["https:\/\/stage.nordtec.se\/wp-content\/uploads\/2022\/03\/testo-610_p_in_hum_002767_800px.png",800,800,false],"author_info":[],"comment_info":"","_links":{"self":[{"href":"https:\/\/stage.nordtec.se\/en\/wp-json\/wp\/v2\/product\/40912","targetHints":{"allow":["GET"]}}],"collection":[{"href":"https:\/\/stage.nordtec.se\/en\/wp-json\/wp\/v2\/product"}],"about":[{"href":"https:\/\/stage.nordtec.se\/en\/wp-json\/wp\/v2\/types\/product"}],"version-history":[{"count":1,"href":"https:\/\/stage.nordtec.se\/en\/wp-json\/wp\/v2\/product\/40912\/revisions"}],"predecessor-version":[{"id":44033,"href":"https:\/\/stage.nordtec.se\/en\/wp-json\/wp\/v2\/product\/40912\/revisions\/44033"}],"wp:featuredmedia":[{"embeddable":true,"href":"https:\/\/stage.nordtec.se\/en\/wp-json\/wp\/v2\/media\/38049"}],"wp:attachment":[{"href":"https:\/\/stage.nordtec.se\/en\/wp-json\/wp\/v2\/media?parent=40912"}],"wp:term":[{"taxonomy":"product_brand","embeddable":true,"href":"https:\/\/stage.nordtec.se\/en\/wp-json\/wp\/v2\/product_brand?post=40912"},{"taxonomy":"product_cat","embeddable":true,"href":"https:\/\/stage.nordtec.se\/en\/wp-json\/wp\/v2\/product_cat?post=40912"},{"taxonomy":"product_tag","embeddable":true,"href":"https:\/\/stage.nordtec.se\/en\/wp-json\/wp\/v2\/product_tag?post=40912"}],"curies":[{"name":"wp","href":"https:\/\/api.w.org\/{rel}","templated":true}]}}