{"id":40900,"date":"2022-03-30T15:55:22","date_gmt":"2022-03-30T13:55:22","guid":{"rendered":"https:\/\/stage.nordtec.se\/produkt\/uncategorized\/testo-608-h1-hygrometer-for-the-indoor-climate\/"},"modified":"2025-05-15T09:35:30","modified_gmt":"2025-05-15T07:35:30","slug":"testo-608-h1-hygrometer-for-the-indoor-climate","status":"publish","type":"product","link":"https:\/\/stage.nordtec.se\/en\/product\/measuring-instruments\/moisture-meters\/humidity-meter\/testo-608-h1-hygrometer-for-the-indoor-climate\/","title":{"rendered":"testo 608-H1 &#8211; hygrometer for the indoor climate"},"content":{"rendered":"<h2>testo 608-H1 &#8211; hygrometer for humidity, temperature and dew point<\/h2>\n<p>The hygrometer is ideal for continuous measurement of the indoor climate. You can therefore use the measuring instrument in places such as offices, warehouses, laboratories, garden centers or homes to determine temperature, humidity and dew point.<\/p>\n<ul>\n<li>Continuous measurement and display of temperature and humidity.<\/li>\n<li>5&#8230;95%RH, 0&#8230; 50\u00b0C<\/li>\n<li>With dew point calculation (td) and display of max\/min values<\/li>\n<li>Long-term stable moisture sensor that resists condensation<\/li>\n<li>Large easy-to-read display<\/li>\n<\/ul>\n<h2>You can easily keep an eye on the indoor climate &#8211; with the testo 608-H1 hygrometer.<\/h2>\n<p>Thanks to the large and clear display, the hygrometer is easy to read even from a distance, which means that the measured values are always close at hand. The hygrometer has an NTC sensor that provides very accurate temperature values and relative humidity is measured with a long-term stable and accurate capacitive humidity sensor. This makes the testo 608-H1 hygrometer a reliable and durable partner for constantly monitoring the indoor climate.<\/p>\n<p>The battery life of the hygrometer is about one year. When the battery is at the end of its life, the display indicates this in good time.<\/p>\n<h2>Included in delivery<\/h2>\n<p>Hygrometer testo 608-H1, factory protocol, battery and user manual<\/p>\n<p><span class=\"ui-provider ed ayd aye ayf ayg ayh ayi ayj ayk ayl aym ayn ayo ayp ayq ayr ays ayt ayu ayv ayw ayx ayy ayz aza azb azc azd aze azf azg azh azi azj azk\" dir=\"ltr\"><strong>Fabriksprotokoll:<\/strong>\u00a0utf\u00e4rdas p\u00e5 fabriken efter en kontroll av att produkten fungerar och uppfyller angiven m\u00e4tnoggrannhet. L\u00e4s om <a href=\"https:\/\/stage.nordtec.se\/kalibrering\/iso-9001-kraver-kalibrerad-matutrustning\/\"><u>skillnaden mellan fabriksprotokoll och ackrediterad kalibrering<\/u><\/a>.<\/span><\/p>\n","protected":false},"excerpt":{"rendered":"<p style=\"text-align: left;\">Hygrometer for humidity, temperature and dew point<\/p>\n<ul>\n<li style=\"text-align: left;\">Continuous measurement and display of temperature and humidity.<\/li>\n<li style=\"text-align: left;\">5&#8230;95%RH, 0&#8230; 50\u00b0C<\/li>\n<li style=\"text-align: left;\">With dew point calculation (td) and display of max\/min values<\/li>\n<\/ul>\n","protected":false},"featured_media":38044,"template":"","meta":{"_kad_blocks_custom_css":"","_kad_blocks_head_custom_js":"","_kad_blocks_body_custom_js":"","_kad_blocks_footer_custom_js":"","footnotes":""},"product_brand":[1435],"product_cat":[787,831,782,783,768,785,779],"product_tag":[],"class_list":{"0":"post-40900","1":"product","2":"type-product","3":"status-publish","4":"has-post-thumbnail","6":"product_brand-testo","7":"product_cat-building-technology","8":"product_cat-humidity-meter","9":"product_cat-hvac-property","10":"product_cat-indoor-climate-working-environment","11":"product_cat-measuring-instruments","12":"product_cat-medicines","13":"product_cat-moisture-meters","15":"first","16":"onbackorder","17":"taxable","18":"shipping-taxable","19":"purchasable","20":"product-type-simple"},"yoast_head":"<!-- This site is optimized with the Yoast SEO Premium plugin v27.3 (Yoast SEO v27.5) - https:\/\/yoast.com\/product\/yoast-seo-premium-wordpress\/ -->\n<title>testo 608-H1 - hygrometer for the indoor climate | Nordtec<\/title>\n<meta name=\"description\" content=\"Hygrometer for humidity, temperature and dew point \u1405 testo 608-H1 \u2713 Continuous display of temperature and humidity \u2713 5...95 %RH, 0... 50\u00b0C\" \/>\n<meta name=\"robots\" content=\"noindex, follow, max-snippet:-1, max-image-preview:large, max-video-preview:-1\" \/>\n<meta property=\"og:locale\" content=\"en_US\" \/>\n<meta property=\"og:type\" content=\"article\" \/>\n<meta property=\"og:title\" content=\"testo 608-H1 - hygrometer for the indoor climate\" \/>\n<meta property=\"og:description\" content=\"Hygrometer for humidity, temperature and dew point \u1405 testo 608-H1 \u2713 Continuous display of temperature and humidity \u2713 5...95 %RH, 0... 50\u00b0C\" \/>\n<meta property=\"og:url\" content=\"https:\/\/stage.nordtec.se\/en\/product\/measuring-instruments\/moisture-meters\/humidity-meter\/testo-608-h1-hygrometer-for-the-indoor-climate\/\" \/>\n<meta property=\"og:site_name\" content=\"Nordtec\" \/>\n<meta property=\"article:publisher\" content=\"https:\/\/www.facebook.com\/nordtecinstrument\" \/>\n<meta property=\"article:modified_time\" content=\"2025-05-15T07:35:30+00:00\" \/>\n<meta property=\"og:image\" content=\"https:\/\/stage.nordtec.se\/wp-content\/uploads\/2022\/03\/testo-608-H1_p_in_hum_002765_800px.png\" \/>\n\t<meta property=\"og:image:width\" content=\"800\" \/>\n\t<meta property=\"og:image:height\" content=\"800\" \/>\n\t<meta property=\"og:image:type\" content=\"image\/png\" \/>\n<meta name=\"twitter:card\" content=\"summary_large_image\" \/>\n<meta name=\"twitter:label1\" content=\"Est. reading time\" \/>\n\t<meta name=\"twitter:data1\" content=\"2 minutes\" \/>\n<script type=\"application\/ld+json\" class=\"yoast-schema-graph\">{\"@context\":\"https:\\\/\\\/schema.org\",\"@graph\":[{\"@type\":[\"WebPage\",\"ItemPage\"],\"@id\":\"https:\\\/\\\/stage.nordtec.se\\\/en\\\/product\\\/measuring-instruments\\\/moisture-meters\\\/humidity-meter\\\/testo-608-h1-hygrometer-for-the-indoor-climate\\\/\",\"url\":\"https:\\\/\\\/stage.nordtec.se\\\/en\\\/product\\\/measuring-instruments\\\/moisture-meters\\\/humidity-meter\\\/testo-608-h1-hygrometer-for-the-indoor-climate\\\/\",\"name\":\"testo 608-H1 - hygrometer for the indoor climate | Nordtec\",\"isPartOf\":{\"@id\":\"https:\\\/\\\/stage.nordtec.se\\\/en\\\/#website\"},\"primaryImageOfPage\":{\"@id\":\"https:\\\/\\\/stage.nordtec.se\\\/en\\\/product\\\/measuring-instruments\\\/moisture-meters\\\/humidity-meter\\\/testo-608-h1-hygrometer-for-the-indoor-climate\\\/#primaryimage\"},\"image\":{\"@id\":\"https:\\\/\\\/stage.nordtec.se\\\/en\\\/product\\\/measuring-instruments\\\/moisture-meters\\\/humidity-meter\\\/testo-608-h1-hygrometer-for-the-indoor-climate\\\/#primaryimage\"},\"thumbnailUrl\":\"https:\\\/\\\/stage.nordtec.se\\\/wp-content\\\/uploads\\\/2022\\\/03\\\/testo-608-H1_p_in_hum_002765_800px.png\",\"datePublished\":\"2022-03-30T13:55:22+00:00\",\"dateModified\":\"2025-05-15T07:35:30+00:00\",\"description\":\"Hygrometer for humidity, temperature and dew point \u1405 testo 608-H1 \u2713 Continuous display of temperature and humidity \u2713 5...95 %RH, 0... 50\u00b0C\",\"breadcrumb\":{\"@id\":\"https:\\\/\\\/stage.nordtec.se\\\/en\\\/product\\\/measuring-instruments\\\/moisture-meters\\\/humidity-meter\\\/testo-608-h1-hygrometer-for-the-indoor-climate\\\/#breadcrumb\"},\"inLanguage\":\"en-US\",\"potentialAction\":[{\"@type\":\"ReadAction\",\"target\":[\"https:\\\/\\\/stage.nordtec.se\\\/en\\\/product\\\/measuring-instruments\\\/moisture-meters\\\/humidity-meter\\\/testo-608-h1-hygrometer-for-the-indoor-climate\\\/\"]}]},{\"@type\":\"ImageObject\",\"inLanguage\":\"en-US\",\"@id\":\"https:\\\/\\\/stage.nordtec.se\\\/en\\\/product\\\/measuring-instruments\\\/moisture-meters\\\/humidity-meter\\\/testo-608-h1-hygrometer-for-the-indoor-climate\\\/#primaryimage\",\"url\":\"https:\\\/\\\/stage.nordtec.se\\\/wp-content\\\/uploads\\\/2022\\\/03\\\/testo-608-H1_p_in_hum_002765_800px.png\",\"contentUrl\":\"https:\\\/\\\/stage.nordtec.se\\\/wp-content\\\/uploads\\\/2022\\\/03\\\/testo-608-H1_p_in_hum_002765_800px.png\",\"width\":800,\"height\":800,\"caption\":\"Thermohygrometer testo 608-H1\"},{\"@type\":\"BreadcrumbList\",\"@id\":\"https:\\\/\\\/stage.nordtec.se\\\/en\\\/product\\\/measuring-instruments\\\/moisture-meters\\\/humidity-meter\\\/testo-608-h1-hygrometer-for-the-indoor-climate\\\/#breadcrumb\",\"itemListElement\":[{\"@type\":\"ListItem\",\"position\":1,\"name\":\"Hem\",\"item\":\"https:\\\/\\\/stage.nordtec.se\\\/en\\\/\"},{\"@type\":\"ListItem\",\"position\":2,\"name\":\"Shop\",\"item\":\"https:\\\/\\\/stage.nordtec.se\\\/shop\\\/?lang=en\"},{\"@type\":\"ListItem\",\"position\":3,\"name\":\"testo 608-H1 &#8211; hygrometer for the indoor climate\"}]},{\"@type\":\"WebSite\",\"@id\":\"https:\\\/\\\/stage.nordtec.se\\\/en\\\/#website\",\"url\":\"https:\\\/\\\/stage.nordtec.se\\\/en\\\/\",\"name\":\"Nordtec\",\"description\":\"Din partner inom m\u00e4tteknik\",\"publisher\":{\"@id\":\"https:\\\/\\\/stage.nordtec.se\\\/en\\\/#organization\"},\"potentialAction\":[{\"@type\":\"SearchAction\",\"target\":{\"@type\":\"EntryPoint\",\"urlTemplate\":\"https:\\\/\\\/stage.nordtec.se\\\/en\\\/?s={search_term_string}\"},\"query-input\":{\"@type\":\"PropertyValueSpecification\",\"valueRequired\":true,\"valueName\":\"search_term_string\"}}],\"inLanguage\":\"en-US\"},{\"@type\":\"Organization\",\"@id\":\"https:\\\/\\\/stage.nordtec.se\\\/en\\\/#organization\",\"name\":\"Nordtec Instrument AB\",\"url\":\"https:\\\/\\\/stage.nordtec.se\\\/en\\\/\",\"logo\":{\"@type\":\"ImageObject\",\"inLanguage\":\"en-US\",\"@id\":\"https:\\\/\\\/stage.nordtec.se\\\/en\\\/#\\\/schema\\\/logo\\\/image\\\/\",\"url\":\"https:\\\/\\\/stage.nordtec.se\\\/wp-content\\\/uploads\\\/2021\\\/08\\\/nordtec_logo_rgb-340px.png\",\"contentUrl\":\"https:\\\/\\\/stage.nordtec.se\\\/wp-content\\\/uploads\\\/2021\\\/08\\\/nordtec_logo_rgb-340px.png\",\"width\":340,\"height\":75,\"caption\":\"Nordtec Instrument AB\"},\"image\":{\"@id\":\"https:\\\/\\\/stage.nordtec.se\\\/en\\\/#\\\/schema\\\/logo\\\/image\\\/\"},\"sameAs\":[\"https:\\\/\\\/www.facebook.com\\\/nordtecinstrument\",\"https:\\\/\\\/www.instagram.com\\\/nordtec_instrument\\\/\",\"https:\\\/\\\/www.linkedin.com\\\/company\\\/nordtec-instrument-ab\\\/\",\"https:\\\/\\\/www.youtube.com\\\/channel\\\/UCbmAq3ZmfBKOGg7_igFURng\"]}]}<\/script>\n<!-- \/ Yoast SEO Premium plugin. -->","yoast_head_json":{"title":"testo 608-H1 - hygrometer for the indoor climate | Nordtec","description":"Hygrometer for humidity, temperature and dew point \u1405 testo 608-H1 \u2713 Continuous display of temperature and humidity \u2713 5...95 %RH, 0... 50\u00b0C","robots":{"index":"noindex","follow":"follow","max-snippet":"max-snippet:-1","max-image-preview":"max-image-preview:large","max-video-preview":"max-video-preview:-1"},"og_locale":"en_US","og_type":"article","og_title":"testo 608-H1 - hygrometer for the indoor climate","og_description":"Hygrometer for humidity, temperature and dew point \u1405 testo 608-H1 \u2713 Continuous display of temperature and humidity \u2713 5...95 %RH, 0... 50\u00b0C","og_url":"https:\/\/stage.nordtec.se\/en\/product\/measuring-instruments\/moisture-meters\/humidity-meter\/testo-608-h1-hygrometer-for-the-indoor-climate\/","og_site_name":"Nordtec","article_publisher":"https:\/\/www.facebook.com\/nordtecinstrument","article_modified_time":"2025-05-15T07:35:30+00:00","og_image":[{"width":800,"height":800,"url":"https:\/\/stage.nordtec.se\/wp-content\/uploads\/2022\/03\/testo-608-H1_p_in_hum_002765_800px.png","type":"image\/png"}],"twitter_card":"summary_large_image","twitter_misc":{"Est. reading time":"2 minutes"},"schema":{"@context":"https:\/\/schema.org","@graph":[{"@type":["WebPage","ItemPage"],"@id":"https:\/\/stage.nordtec.se\/en\/product\/measuring-instruments\/moisture-meters\/humidity-meter\/testo-608-h1-hygrometer-for-the-indoor-climate\/","url":"https:\/\/stage.nordtec.se\/en\/product\/measuring-instruments\/moisture-meters\/humidity-meter\/testo-608-h1-hygrometer-for-the-indoor-climate\/","name":"testo 608-H1 - hygrometer for the indoor climate | Nordtec","isPartOf":{"@id":"https:\/\/stage.nordtec.se\/en\/#website"},"primaryImageOfPage":{"@id":"https:\/\/stage.nordtec.se\/en\/product\/measuring-instruments\/moisture-meters\/humidity-meter\/testo-608-h1-hygrometer-for-the-indoor-climate\/#primaryimage"},"image":{"@id":"https:\/\/stage.nordtec.se\/en\/product\/measuring-instruments\/moisture-meters\/humidity-meter\/testo-608-h1-hygrometer-for-the-indoor-climate\/#primaryimage"},"thumbnailUrl":"https:\/\/stage.nordtec.se\/wp-content\/uploads\/2022\/03\/testo-608-H1_p_in_hum_002765_800px.png","datePublished":"2022-03-30T13:55:22+00:00","dateModified":"2025-05-15T07:35:30+00:00","description":"Hygrometer for humidity, temperature and dew point \u1405 testo 608-H1 \u2713 Continuous display of temperature and humidity \u2713 5...95 %RH, 0... 50\u00b0C","breadcrumb":{"@id":"https:\/\/stage.nordtec.se\/en\/product\/measuring-instruments\/moisture-meters\/humidity-meter\/testo-608-h1-hygrometer-for-the-indoor-climate\/#breadcrumb"},"inLanguage":"en-US","potentialAction":[{"@type":"ReadAction","target":["https:\/\/stage.nordtec.se\/en\/product\/measuring-instruments\/moisture-meters\/humidity-meter\/testo-608-h1-hygrometer-for-the-indoor-climate\/"]}]},{"@type":"ImageObject","inLanguage":"en-US","@id":"https:\/\/stage.nordtec.se\/en\/product\/measuring-instruments\/moisture-meters\/humidity-meter\/testo-608-h1-hygrometer-for-the-indoor-climate\/#primaryimage","url":"https:\/\/stage.nordtec.se\/wp-content\/uploads\/2022\/03\/testo-608-H1_p_in_hum_002765_800px.png","contentUrl":"https:\/\/stage.nordtec.se\/wp-content\/uploads\/2022\/03\/testo-608-H1_p_in_hum_002765_800px.png","width":800,"height":800,"caption":"Thermohygrometer testo 608-H1"},{"@type":"BreadcrumbList","@id":"https:\/\/stage.nordtec.se\/en\/product\/measuring-instruments\/moisture-meters\/humidity-meter\/testo-608-h1-hygrometer-for-the-indoor-climate\/#breadcrumb","itemListElement":[{"@type":"ListItem","position":1,"name":"Hem","item":"https:\/\/stage.nordtec.se\/en\/"},{"@type":"ListItem","position":2,"name":"Shop","item":"https:\/\/stage.nordtec.se\/shop\/?lang=en"},{"@type":"ListItem","position":3,"name":"testo 608-H1 &#8211; hygrometer for the indoor climate"}]},{"@type":"WebSite","@id":"https:\/\/stage.nordtec.se\/en\/#website","url":"https:\/\/stage.nordtec.se\/en\/","name":"Nordtec","description":"Din partner inom m\u00e4tteknik","publisher":{"@id":"https:\/\/stage.nordtec.se\/en\/#organization"},"potentialAction":[{"@type":"SearchAction","target":{"@type":"EntryPoint","urlTemplate":"https:\/\/stage.nordtec.se\/en\/?s={search_term_string}"},"query-input":{"@type":"PropertyValueSpecification","valueRequired":true,"valueName":"search_term_string"}}],"inLanguage":"en-US"},{"@type":"Organization","@id":"https:\/\/stage.nordtec.se\/en\/#organization","name":"Nordtec Instrument AB","url":"https:\/\/stage.nordtec.se\/en\/","logo":{"@type":"ImageObject","inLanguage":"en-US","@id":"https:\/\/stage.nordtec.se\/en\/#\/schema\/logo\/image\/","url":"https:\/\/stage.nordtec.se\/wp-content\/uploads\/2021\/08\/nordtec_logo_rgb-340px.png","contentUrl":"https:\/\/stage.nordtec.se\/wp-content\/uploads\/2021\/08\/nordtec_logo_rgb-340px.png","width":340,"height":75,"caption":"Nordtec Instrument AB"},"image":{"@id":"https:\/\/stage.nordtec.se\/en\/#\/schema\/logo\/image\/"},"sameAs":["https:\/\/www.facebook.com\/nordtecinstrument","https:\/\/www.instagram.com\/nordtec_instrument\/","https:\/\/www.linkedin.com\/company\/nordtec-instrument-ab\/","https:\/\/www.youtube.com\/channel\/UCbmAq3ZmfBKOGg7_igFURng"]}]}},"taxonomy_info":{"product_brand":[{"value":1435,"label":"Testo"}],"product_cat":[{"value":787,"label":"Building technology"},{"value":831,"label":"Humidity meters"},{"value":782,"label":"HVAC &amp; Property"},{"value":783,"label":"Indoor climate &amp; working environment"},{"value":768,"label":"Measuring instruments"},{"value":785,"label":"Medicines"},{"value":779,"label":"Moisture meters"}]},"featured_image_src_large":["https:\/\/stage.nordtec.se\/wp-content\/uploads\/2022\/03\/testo-608-H1_p_in_hum_002765_800px.png",800,800,false],"author_info":[],"comment_info":"","_links":{"self":[{"href":"https:\/\/stage.nordtec.se\/en\/wp-json\/wp\/v2\/product\/40900","targetHints":{"allow":["GET"]}}],"collection":[{"href":"https:\/\/stage.nordtec.se\/en\/wp-json\/wp\/v2\/product"}],"about":[{"href":"https:\/\/stage.nordtec.se\/en\/wp-json\/wp\/v2\/types\/product"}],"version-history":[{"count":1,"href":"https:\/\/stage.nordtec.se\/en\/wp-json\/wp\/v2\/product\/40900\/revisions"}],"predecessor-version":[{"id":44076,"href":"https:\/\/stage.nordtec.se\/en\/wp-json\/wp\/v2\/product\/40900\/revisions\/44076"}],"wp:featuredmedia":[{"embeddable":true,"href":"https:\/\/stage.nordtec.se\/en\/wp-json\/wp\/v2\/media\/38044"}],"wp:attachment":[{"href":"https:\/\/stage.nordtec.se\/en\/wp-json\/wp\/v2\/media?parent=40900"}],"wp:term":[{"taxonomy":"product_brand","embeddable":true,"href":"https:\/\/stage.nordtec.se\/en\/wp-json\/wp\/v2\/product_brand?post=40900"},{"taxonomy":"product_cat","embeddable":true,"href":"https:\/\/stage.nordtec.se\/en\/wp-json\/wp\/v2\/product_cat?post=40900"},{"taxonomy":"product_tag","embeddable":true,"href":"https:\/\/stage.nordtec.se\/en\/wp-json\/wp\/v2\/product_tag?post=40900"}],"curies":[{"name":"wp","href":"https:\/\/api.w.org\/{rel}","templated":true}]}}