{"id":40895,"date":"2022-03-30T16:14:55","date_gmt":"2022-03-30T14:14:55","guid":{"rendered":"https:\/\/stage.nordtec.se\/produkt\/uncategorized\/wireless-measurement-kit-for-ventilation-technology\/"},"modified":"2025-11-27T10:50:29","modified_gmt":"2025-11-27T08:50:29","slug":"wireless-measurement-kit-for-ventilation-technology","status":"publish","type":"product","link":"https:\/\/stage.nordtec.se\/en\/product\/measuring-instruments\/ventilation-instruments\/air-flow-meters\/wireless-measurement-kit-for-ventilation-technology\/","title":{"rendered":"Wireless measurement kit for ventilation technology"},"content":{"rendered":"<h2>SmartProbes measurement kit for servicing ventilation systems<\/h2>\n<p>In <strong>combination with a smartphone<\/strong> or tablet, the kit can be used to measure air and surface temperature, humidity, air speed and air flow, in and around ventilation systems. Users can easily view their measurements via the dedicated app that needs to be downloaded first. In the app, measurement parameters (such as humidity or temperature) can be deleted, added, or sorted in a different order, with just one click.<\/p>\n<p>It is also possible to quickly change which measurement parameters are displayed. In addition, the app has application-specific menus incl. identification of areas at risk of moisture damage, automatic calculation of airflow through air vents\/ducts, by simply setting the dimensions of the air vent and the cross-sectional area of the duct (dimensions and geometry). The measurement results can then be emailed directly as a PDF or Excel file.<\/p>\n<p>The practical bag allows the sensors to be conveniently transported and is always at hand when needed.<\/p>\n<h2>Advantages of this SmartProbe measurement kit<\/h2>\n<ul>\n<li>Measurement of air and surface temperature, humidity, air velocity and air flow.<\/li>\n<li>Application-specific menus<\/li>\n<li>Free Bluetooth app<\/li>\n<li>Read out measurements on your phone<\/li>\n<li>SmartCase &#8211; a practical service case<\/li>\n<\/ul>\n<h2>Included in the measurement set<\/h2>\n<ul>\n<li>The testo 405i hot wire sensor<\/li>\n<li>Flywheel sensor testo 410i<\/li>\n<li>The testo 605i humidity\/temperature sensor<\/li>\n<li>IR temperature sensor testo 805i<\/li>\n<li>SmartCase service bag<\/li>\n<li>Batteries<\/li>\n<li>Factory protocol<\/li>\n<\/ul>\n<p><span class=\"ui-provider ed ayd aye ayf ayg ayh ayi ayj ayk ayl aym ayn ayo ayp ayq ayr ays ayt ayu ayv ayw ayx ayy ayz aza azb azc azd aze azf azg azh azi azj azk\" dir=\"ltr\"><strong>Fabriksprotokoll:<\/strong>\u00a0utf\u00e4rdas p\u00e5 fabriken efter en kontroll av att produkten fungerar och uppfyller angiven m\u00e4tnoggrannhet. L\u00e4s om <a href=\"https:\/\/stage.nordtec.se\/kalibrering\/iso-9001-kraver-kalibrerad-matutrustning\/\"><u>skillnaden mellan fabriksprotokoll och ackrediterad kalibrering<\/u><\/a>.<\/span><\/p>\n<p><strong>Important info!<\/strong> testo SmartProbes require Android 4.3 or later \/ IOS 8.3 or later and Bluetooth 4.0 (iPad 1 \/ iPad 2 \/ iPhone 3 unfortunately does not have Bluetooth 4.0).<\/p>\n","protected":false},"excerpt":{"rendered":"<p style=\"text-align: left;\">Measurement of air and surface temperature, humidity, air velocity and air flow.<\/p>\n<ul>\n<li style=\"text-align: left;\">Application-specific menus<\/li>\n<li style=\"text-align: left;\">Free Bluetooth app<\/li>\n<li style=\"text-align: left;\">Read out measurements on your phone<\/li>\n<\/ul>\n","protected":false},"featured_media":40136,"template":"","meta":{"_kad_blocks_custom_css":"","_kad_blocks_head_custom_js":"","_kad_blocks_body_custom_js":"","_kad_blocks_footer_custom_js":"","footnotes":""},"product_brand":[],"product_cat":[795,768,835,1426,829],"product_tag":[850,937,938,939],"class_list":{"0":"post-40895","1":"product","2":"type-product","3":"status-publish","4":"has-post-thumbnail","6":"product_cat-air-flow-meters","7":"product_cat-measuring-instruments","8":"product_cat-smartprobes-en","9":"product_cat-testo-smart-app","10":"product_cat-ventilation-instruments","11":"product_tag-bluetooth-en","12":"product_tag-varmtrad-en","13":"product_tag-ventilation-en","14":"product_tag-vinghjul-en","16":"first","17":"onbackorder","18":"taxable","19":"shipping-taxable","20":"purchasable","21":"product-type-simple"},"yoast_head":"<!-- This site is optimized with the Yoast SEO Premium plugin v27.3 (Yoast SEO v27.5) - https:\/\/yoast.com\/product\/yoast-seo-premium-wordpress\/ -->\n<title>Wireless measurement kit for ventilation technology | Nordtec<\/title>\n<meta name=\"description\" content=\"Measurement of air and surface temperature, humidity, air velocity and air flow \u1405 Measurement kit for ventilation technology \u2713 Application-specific menus\" \/>\n<meta name=\"robots\" content=\"noindex, follow, max-snippet:-1, max-image-preview:large, max-video-preview:-1\" \/>\n<meta property=\"og:locale\" content=\"en_US\" \/>\n<meta property=\"og:type\" content=\"article\" \/>\n<meta property=\"og:title\" content=\"Wireless measurement kit for ventilation technology\" \/>\n<meta property=\"og:description\" content=\"Measurement of air and surface temperature, humidity, air velocity and air flow \u1405 Measurement kit for ventilation technology \u2713 Application-specific menus\" \/>\n<meta property=\"og:url\" content=\"https:\/\/stage.nordtec.se\/en\/product\/measuring-instruments\/ventilation-instruments\/air-flow-meters\/wireless-measurement-kit-for-ventilation-technology\/\" \/>\n<meta property=\"og:site_name\" content=\"Nordtec\" \/>\n<meta property=\"article:publisher\" content=\"https:\/\/www.facebook.com\/nordtecinstrument\" \/>\n<meta property=\"article:modified_time\" content=\"2025-11-27T08:50:29+00:00\" \/>\n<meta property=\"og:image\" content=\"https:\/\/stage.nordtec.se\/wp-content\/uploads\/2022\/03\/0563-0003-10-testo-smart-probes-set_800px-1.png\" \/>\n\t<meta property=\"og:image:width\" content=\"800\" \/>\n\t<meta property=\"og:image:height\" content=\"800\" \/>\n\t<meta property=\"og:image:type\" content=\"image\/png\" \/>\n<meta name=\"twitter:card\" content=\"summary_large_image\" \/>\n<meta name=\"twitter:label1\" content=\"Est. reading time\" \/>\n\t<meta name=\"twitter:data1\" content=\"2 minutes\" \/>\n<script type=\"application\/ld+json\" class=\"yoast-schema-graph\">{\"@context\":\"https:\\\/\\\/schema.org\",\"@graph\":[{\"@type\":[\"WebPage\",\"ItemPage\"],\"@id\":\"https:\\\/\\\/stage.nordtec.se\\\/en\\\/product\\\/measuring-instruments\\\/ventilation-instruments\\\/air-flow-meters\\\/wireless-measurement-kit-for-ventilation-technology\\\/\",\"url\":\"https:\\\/\\\/stage.nordtec.se\\\/en\\\/product\\\/measuring-instruments\\\/ventilation-instruments\\\/air-flow-meters\\\/wireless-measurement-kit-for-ventilation-technology\\\/\",\"name\":\"Wireless measurement kit for ventilation technology | Nordtec\",\"isPartOf\":{\"@id\":\"https:\\\/\\\/stage.nordtec.se\\\/en\\\/#website\"},\"primaryImageOfPage\":{\"@id\":\"https:\\\/\\\/stage.nordtec.se\\\/en\\\/product\\\/measuring-instruments\\\/ventilation-instruments\\\/air-flow-meters\\\/wireless-measurement-kit-for-ventilation-technology\\\/#primaryimage\"},\"image\":{\"@id\":\"https:\\\/\\\/stage.nordtec.se\\\/en\\\/product\\\/measuring-instruments\\\/ventilation-instruments\\\/air-flow-meters\\\/wireless-measurement-kit-for-ventilation-technology\\\/#primaryimage\"},\"thumbnailUrl\":\"https:\\\/\\\/stage.nordtec.se\\\/wp-content\\\/uploads\\\/2022\\\/03\\\/0563-0003-10-testo-smart-probes-set_800px-1.png\",\"datePublished\":\"2022-03-30T14:14:55+00:00\",\"dateModified\":\"2025-11-27T08:50:29+00:00\",\"description\":\"Measurement of air and surface temperature, humidity, air velocity and air flow \u1405 Measurement kit for ventilation technology \u2713 Application-specific menus\",\"breadcrumb\":{\"@id\":\"https:\\\/\\\/stage.nordtec.se\\\/en\\\/product\\\/measuring-instruments\\\/ventilation-instruments\\\/air-flow-meters\\\/wireless-measurement-kit-for-ventilation-technology\\\/#breadcrumb\"},\"inLanguage\":\"en-US\",\"potentialAction\":[{\"@type\":\"ReadAction\",\"target\":[\"https:\\\/\\\/stage.nordtec.se\\\/en\\\/product\\\/measuring-instruments\\\/ventilation-instruments\\\/air-flow-meters\\\/wireless-measurement-kit-for-ventilation-technology\\\/\"]}]},{\"@type\":\"ImageObject\",\"inLanguage\":\"en-US\",\"@id\":\"https:\\\/\\\/stage.nordtec.se\\\/en\\\/product\\\/measuring-instruments\\\/ventilation-instruments\\\/air-flow-meters\\\/wireless-measurement-kit-for-ventilation-technology\\\/#primaryimage\",\"url\":\"https:\\\/\\\/stage.nordtec.se\\\/wp-content\\\/uploads\\\/2022\\\/03\\\/0563-0003-10-testo-smart-probes-set_800px-1.png\",\"contentUrl\":\"https:\\\/\\\/stage.nordtec.se\\\/wp-content\\\/uploads\\\/2022\\\/03\\\/0563-0003-10-testo-smart-probes-set_800px-1.png\",\"width\":800,\"height\":800,\"caption\":\"testo SmartProbes measurement kit 0563 0003 10\"},{\"@type\":\"BreadcrumbList\",\"@id\":\"https:\\\/\\\/stage.nordtec.se\\\/en\\\/product\\\/measuring-instruments\\\/ventilation-instruments\\\/air-flow-meters\\\/wireless-measurement-kit-for-ventilation-technology\\\/#breadcrumb\",\"itemListElement\":[{\"@type\":\"ListItem\",\"position\":1,\"name\":\"Hem\",\"item\":\"https:\\\/\\\/stage.nordtec.se\\\/en\\\/\"},{\"@type\":\"ListItem\",\"position\":2,\"name\":\"Shop\",\"item\":\"https:\\\/\\\/stage.nordtec.se\\\/shop\\\/?lang=en\"},{\"@type\":\"ListItem\",\"position\":3,\"name\":\"Wireless measurement kit for ventilation technology\"}]},{\"@type\":\"WebSite\",\"@id\":\"https:\\\/\\\/stage.nordtec.se\\\/en\\\/#website\",\"url\":\"https:\\\/\\\/stage.nordtec.se\\\/en\\\/\",\"name\":\"Nordtec\",\"description\":\"Din partner inom m\u00e4tteknik\",\"publisher\":{\"@id\":\"https:\\\/\\\/stage.nordtec.se\\\/en\\\/#organization\"},\"potentialAction\":[{\"@type\":\"SearchAction\",\"target\":{\"@type\":\"EntryPoint\",\"urlTemplate\":\"https:\\\/\\\/stage.nordtec.se\\\/en\\\/?s={search_term_string}\"},\"query-input\":{\"@type\":\"PropertyValueSpecification\",\"valueRequired\":true,\"valueName\":\"search_term_string\"}}],\"inLanguage\":\"en-US\"},{\"@type\":\"Organization\",\"@id\":\"https:\\\/\\\/stage.nordtec.se\\\/en\\\/#organization\",\"name\":\"Nordtec Instrument AB\",\"url\":\"https:\\\/\\\/stage.nordtec.se\\\/en\\\/\",\"logo\":{\"@type\":\"ImageObject\",\"inLanguage\":\"en-US\",\"@id\":\"https:\\\/\\\/stage.nordtec.se\\\/en\\\/#\\\/schema\\\/logo\\\/image\\\/\",\"url\":\"https:\\\/\\\/stage.nordtec.se\\\/wp-content\\\/uploads\\\/2021\\\/08\\\/nordtec_logo_rgb-340px.png\",\"contentUrl\":\"https:\\\/\\\/stage.nordtec.se\\\/wp-content\\\/uploads\\\/2021\\\/08\\\/nordtec_logo_rgb-340px.png\",\"width\":340,\"height\":75,\"caption\":\"Nordtec Instrument AB\"},\"image\":{\"@id\":\"https:\\\/\\\/stage.nordtec.se\\\/en\\\/#\\\/schema\\\/logo\\\/image\\\/\"},\"sameAs\":[\"https:\\\/\\\/www.facebook.com\\\/nordtecinstrument\",\"https:\\\/\\\/www.instagram.com\\\/nordtec_instrument\\\/\",\"https:\\\/\\\/www.linkedin.com\\\/company\\\/nordtec-instrument-ab\\\/\",\"https:\\\/\\\/www.youtube.com\\\/channel\\\/UCbmAq3ZmfBKOGg7_igFURng\"]}]}<\/script>\n<!-- \/ Yoast SEO Premium plugin. -->","yoast_head_json":{"title":"Wireless measurement kit for ventilation technology | Nordtec","description":"Measurement of air and surface temperature, humidity, air velocity and air flow \u1405 Measurement kit for ventilation technology \u2713 Application-specific menus","robots":{"index":"noindex","follow":"follow","max-snippet":"max-snippet:-1","max-image-preview":"max-image-preview:large","max-video-preview":"max-video-preview:-1"},"og_locale":"en_US","og_type":"article","og_title":"Wireless measurement kit for ventilation technology","og_description":"Measurement of air and surface temperature, humidity, air velocity and air flow \u1405 Measurement kit for ventilation technology \u2713 Application-specific menus","og_url":"https:\/\/stage.nordtec.se\/en\/product\/measuring-instruments\/ventilation-instruments\/air-flow-meters\/wireless-measurement-kit-for-ventilation-technology\/","og_site_name":"Nordtec","article_publisher":"https:\/\/www.facebook.com\/nordtecinstrument","article_modified_time":"2025-11-27T08:50:29+00:00","og_image":[{"width":800,"height":800,"url":"https:\/\/stage.nordtec.se\/wp-content\/uploads\/2022\/03\/0563-0003-10-testo-smart-probes-set_800px-1.png","type":"image\/png"}],"twitter_card":"summary_large_image","twitter_misc":{"Est. reading time":"2 minutes"},"schema":{"@context":"https:\/\/schema.org","@graph":[{"@type":["WebPage","ItemPage"],"@id":"https:\/\/stage.nordtec.se\/en\/product\/measuring-instruments\/ventilation-instruments\/air-flow-meters\/wireless-measurement-kit-for-ventilation-technology\/","url":"https:\/\/stage.nordtec.se\/en\/product\/measuring-instruments\/ventilation-instruments\/air-flow-meters\/wireless-measurement-kit-for-ventilation-technology\/","name":"Wireless measurement kit for ventilation technology | Nordtec","isPartOf":{"@id":"https:\/\/stage.nordtec.se\/en\/#website"},"primaryImageOfPage":{"@id":"https:\/\/stage.nordtec.se\/en\/product\/measuring-instruments\/ventilation-instruments\/air-flow-meters\/wireless-measurement-kit-for-ventilation-technology\/#primaryimage"},"image":{"@id":"https:\/\/stage.nordtec.se\/en\/product\/measuring-instruments\/ventilation-instruments\/air-flow-meters\/wireless-measurement-kit-for-ventilation-technology\/#primaryimage"},"thumbnailUrl":"https:\/\/stage.nordtec.se\/wp-content\/uploads\/2022\/03\/0563-0003-10-testo-smart-probes-set_800px-1.png","datePublished":"2022-03-30T14:14:55+00:00","dateModified":"2025-11-27T08:50:29+00:00","description":"Measurement of air and surface temperature, humidity, air velocity and air flow \u1405 Measurement kit for ventilation technology \u2713 Application-specific menus","breadcrumb":{"@id":"https:\/\/stage.nordtec.se\/en\/product\/measuring-instruments\/ventilation-instruments\/air-flow-meters\/wireless-measurement-kit-for-ventilation-technology\/#breadcrumb"},"inLanguage":"en-US","potentialAction":[{"@type":"ReadAction","target":["https:\/\/stage.nordtec.se\/en\/product\/measuring-instruments\/ventilation-instruments\/air-flow-meters\/wireless-measurement-kit-for-ventilation-technology\/"]}]},{"@type":"ImageObject","inLanguage":"en-US","@id":"https:\/\/stage.nordtec.se\/en\/product\/measuring-instruments\/ventilation-instruments\/air-flow-meters\/wireless-measurement-kit-for-ventilation-technology\/#primaryimage","url":"https:\/\/stage.nordtec.se\/wp-content\/uploads\/2022\/03\/0563-0003-10-testo-smart-probes-set_800px-1.png","contentUrl":"https:\/\/stage.nordtec.se\/wp-content\/uploads\/2022\/03\/0563-0003-10-testo-smart-probes-set_800px-1.png","width":800,"height":800,"caption":"testo SmartProbes measurement kit 0563 0003 10"},{"@type":"BreadcrumbList","@id":"https:\/\/stage.nordtec.se\/en\/product\/measuring-instruments\/ventilation-instruments\/air-flow-meters\/wireless-measurement-kit-for-ventilation-technology\/#breadcrumb","itemListElement":[{"@type":"ListItem","position":1,"name":"Hem","item":"https:\/\/stage.nordtec.se\/en\/"},{"@type":"ListItem","position":2,"name":"Shop","item":"https:\/\/stage.nordtec.se\/shop\/?lang=en"},{"@type":"ListItem","position":3,"name":"Wireless measurement kit for ventilation technology"}]},{"@type":"WebSite","@id":"https:\/\/stage.nordtec.se\/en\/#website","url":"https:\/\/stage.nordtec.se\/en\/","name":"Nordtec","description":"Din partner inom m\u00e4tteknik","publisher":{"@id":"https:\/\/stage.nordtec.se\/en\/#organization"},"potentialAction":[{"@type":"SearchAction","target":{"@type":"EntryPoint","urlTemplate":"https:\/\/stage.nordtec.se\/en\/?s={search_term_string}"},"query-input":{"@type":"PropertyValueSpecification","valueRequired":true,"valueName":"search_term_string"}}],"inLanguage":"en-US"},{"@type":"Organization","@id":"https:\/\/stage.nordtec.se\/en\/#organization","name":"Nordtec Instrument AB","url":"https:\/\/stage.nordtec.se\/en\/","logo":{"@type":"ImageObject","inLanguage":"en-US","@id":"https:\/\/stage.nordtec.se\/en\/#\/schema\/logo\/image\/","url":"https:\/\/stage.nordtec.se\/wp-content\/uploads\/2021\/08\/nordtec_logo_rgb-340px.png","contentUrl":"https:\/\/stage.nordtec.se\/wp-content\/uploads\/2021\/08\/nordtec_logo_rgb-340px.png","width":340,"height":75,"caption":"Nordtec Instrument AB"},"image":{"@id":"https:\/\/stage.nordtec.se\/en\/#\/schema\/logo\/image\/"},"sameAs":["https:\/\/www.facebook.com\/nordtecinstrument","https:\/\/www.instagram.com\/nordtec_instrument\/","https:\/\/www.linkedin.com\/company\/nordtec-instrument-ab\/","https:\/\/www.youtube.com\/channel\/UCbmAq3ZmfBKOGg7_igFURng"]}]}},"taxonomy_info":{"product_cat":[{"value":795,"label":"Air flow meters"},{"value":768,"label":"Measuring instruments"},{"value":835,"label":"SmartProbes"},{"value":1426,"label":"testo Smart App"},{"value":829,"label":"Ventilation instruments"}],"product_tag":[{"value":850,"label":"Bluetooth"},{"value":937,"label":"Varmtr\u00e5d"},{"value":938,"label":"Ventilation"},{"value":939,"label":"Vinghjul"}]},"featured_image_src_large":["https:\/\/stage.nordtec.se\/wp-content\/uploads\/2022\/03\/0563-0003-10-testo-smart-probes-set_800px-1.png",800,800,false],"author_info":[],"comment_info":"","_links":{"self":[{"href":"https:\/\/stage.nordtec.se\/en\/wp-json\/wp\/v2\/product\/40895","targetHints":{"allow":["GET"]}}],"collection":[{"href":"https:\/\/stage.nordtec.se\/en\/wp-json\/wp\/v2\/product"}],"about":[{"href":"https:\/\/stage.nordtec.se\/en\/wp-json\/wp\/v2\/types\/product"}],"version-history":[{"count":1,"href":"https:\/\/stage.nordtec.se\/en\/wp-json\/wp\/v2\/product\/40895\/revisions"}],"predecessor-version":[{"id":44780,"href":"https:\/\/stage.nordtec.se\/en\/wp-json\/wp\/v2\/product\/40895\/revisions\/44780"}],"wp:featuredmedia":[{"embeddable":true,"href":"https:\/\/stage.nordtec.se\/en\/wp-json\/wp\/v2\/media\/40136"}],"wp:attachment":[{"href":"https:\/\/stage.nordtec.se\/en\/wp-json\/wp\/v2\/media?parent=40895"}],"wp:term":[{"taxonomy":"product_brand","embeddable":true,"href":"https:\/\/stage.nordtec.se\/en\/wp-json\/wp\/v2\/product_brand?post=40895"},{"taxonomy":"product_cat","embeddable":true,"href":"https:\/\/stage.nordtec.se\/en\/wp-json\/wp\/v2\/product_cat?post=40895"},{"taxonomy":"product_tag","embeddable":true,"href":"https:\/\/stage.nordtec.se\/en\/wp-json\/wp\/v2\/product_tag?post=40895"}],"curies":[{"name":"wp","href":"https:\/\/api.w.org\/{rel}","templated":true}]}}