{"id":40892,"date":"2022-03-30T16:00:09","date_gmt":"2022-03-30T14:00:09","guid":{"rendered":"https:\/\/stage.nordtec.se\/produkt\/uncategorized\/testo-883-1-with-standard-lens\/"},"modified":"2026-05-07T13:28:43","modified_gmt":"2026-05-07T11:28:43","slug":"testo-883-1-with-standard-lens","status":"publish","type":"product","link":"https:\/\/stage.nordtec.se\/en\/product\/measuring-instruments\/testo-883-1-with-standard-lens\/","title":{"rendered":"testo 883-1 &#8211; with standard lens"},"content":{"rendered":"<h2>All the important information about the testo 883-1 thermal imaging camera<\/h2>\n<p>This thermal imaging camera is designed for service technicians, building technicians and energy consultants. testo 883-1 is a reliable partner on your thermography assignments. The excellent image quality and practical functions allow you to save time and perform accurate jobs.  <\/p>\n<ul>\n<li>IR resolution of 320 x 240 pixels (640 x 480 pixels with SuperResolution), manual focus and excellent NETD of 40 mK ensure the very best image quality &#8211; so you can easily and reliably detect anomalies in installations and buildings<\/li>\n<li>testo SiteRecognition offers intelligent image management. The thermal images are automatically linked to the correct measurement object, thanks to QR codes at the measurement site &#8211; you don&#8217;t have to copy image by image into the right folder yourself <\/li>\n<li>testo IRSoft &#8211; analyze the IR images with the intuitive PC professional software and quickly create impressive reports<\/li>\n<li>testo ScaleAssist gives you automatic contrast adjustment to create objectively comparable IT images and more easily detect weak points in the design<\/li>\n<li>With the testo Thermography app, you can use your smartphone\/tablet as a second monitor and as a remote control for your thermal imaging camera. You can quickly create, send or save reports directly at the measurement site <\/li>\n<li>An interchangeable telephoto lens (optional) for remote measurement objects and outdoor thermography<\/li>\n<li>Manual focus delivers sharp IR images from 10 cm<\/li>\n<li>Can be controlled via touchscreen and joystick<\/li>\n<li>Wireless transmission of readings from the seaweed ammeter or moisture sensor directly into the IR image via Bluetooth\u00ae<\/li>\n<\/ul>\n<p><a href=\"https:\/\/stage.nordtec.se\/en\/sectors-and-areas\/presentation-of-thermal-cameras\/\" target=\"_blank\" rel=\"noopener\">Read more about Testo thermal imaging cameras  &gt;&gt;<\/a><\/p>\n<h2>Included in the delivery<\/h2>\n<ul>\n<li>Thermal imaging camera testo 883-1 with standard optics 30\u00b0 x 23\u00b0<\/li>\n<li>Robust bag<\/li>\n<li>IRSoft professional software (free download)<\/li>\n<li>USB-C cable<\/li>\n<li>USB power supply unit<\/li>\n<li>Lithium-ion battery<\/li>\n<li>Carrying strap for the thermal imaging camera<\/li>\n<li>Brief instructions for use<\/li>\n<li>Factory protocol<\/li>\n<\/ul>\n<p><span class=\"ui-provider ed ayd aye ayf ayg ayh ayi ayj ayk ayl aym ayn ayo ayp ayq ayr ays ayt ayu ayv ayw ayx ayy ayz aza azb azc azd aze azf azg azh azi azj azk\" dir=\"ltr\"><strong>Fabriksprotokoll:<\/strong>\u00a0utf\u00e4rdas p\u00e5 fabriken efter en kontroll av att produkten fungerar och uppfyller angiven m\u00e4tnoggrannhet. L\u00e4s om <a href=\"https:\/\/stage.nordtec.se\/kalibrering\/iso-9001-kraver-kalibrerad-matutrustning\/\"><u>skillnaden mellan fabriksprotokoll och ackrediterad kalibrering<\/u><\/a>.<\/span><\/p>\n<p><strong>Dessutom ing\u00e5r en kvalificerad termografikurs v\u00e4rde 3 950:-<\/strong><\/p>\n<p><a class=\"button\" href=\"https:\/\/stage.nordtec.se\/en\/courses\/thermography-basic-course\/\">Book a course<\/a><\/p>\n<h2>More benefits for energy consultants<\/h2>\n<ul>\n<li>Produce professional reports quickly and easily. The Report Wizard guides you step by step through the reporting process thanks to standard templates. You can also create your own templates  <\/li>\n<li>The moisture function allows you to visualize the risk of moisture damage in weak points directly in the thermal image using the traffic light principle (red, yellow, green)<\/li>\n<li>Thermography and live streaming &#8211; with the testo Thermography app, your customer can easily follow the measurement on a smartphone or tablet<\/li>\n<li>Wireless transmission of measurement values from an external humidity sensor (testo 605i &#8211; to be ordered separately) in humidity measurement mode &#8211; measurement values are always up-to-date, e.g. when moving from one room to another <\/li>\n<li>Interchangeable optics and manual focus provide sharper images and more accurate results from different distances.<\/li>\n<\/ul>\n<h2>More benefits for service technicians and building technicians<\/h2>\n<ul>\n<li>Easy to handle &#8211; smart image and data management thanks to testo SiteRecognition. The IR images are automatically linked to the correct measurement object thanks to QR codes, data matrix codes, barcodes or Testo 2D codes. Transfer of measurement locations from existing lists and export of measurement results (in .xls format) allows further processing in third-party programs  <\/li>\n<li>Perform quick analysis directly at the measurement site with the testo Thermography app and share the IR images directly with your colleagues<\/li>\n<li>Wireless transmission of measured values from the testo 770-3 Testo current clamp directly in the thermal image &#8211; thanks to this, you can document the load directly in the IR image, for example, when checking control cabinets and assessing the overall status of the electrical system.<\/li>\n<li>Intuitive operation via touchscreen and joystick<\/li>\n<\/ul>\n","protected":false},"excerpt":{"rendered":"<p style=\"text-align: left;\">This thermal imaging camera is designed for service technicians, building technicians and energy consultants.<\/p>\n<ul>\n<li style=\"text-align: left;\">IR resolution of 320 x 240 pixels<\/li>\n<li style=\"text-align: left;\">Incl. standard optics 30\u00b0 x 23\u00b0<\/li>\n<li style=\"text-align: left;\">Full control with manual focus and interchangeable optics<\/li>\n<li><a href=\"https:\/\/stage.nordtec.se\/en\/courses\/thermography-basic-course\/\">Thermography &#8211; basic course included!<\/a><\/li>\n<\/ul>\n","protected":false},"featured_media":38423,"template":"","meta":{"_kad_blocks_custom_css":"","_kad_blocks_head_custom_js":"","_kad_blocks_body_custom_js":"","_kad_blocks_footer_custom_js":"","footnotes":""},"product_brand":[],"product_cat":[768,794],"product_tag":[850],"class_list":{"0":"post-40892","1":"product","2":"type-product","3":"status-publish","4":"has-post-thumbnail","6":"product_cat-measuring-instruments","7":"product_cat-thermal-imagers","8":"product_tag-bluetooth-en","10":"first","11":"onbackorder","12":"taxable","13":"shipping-taxable","14":"purchasable","15":"product-type-simple"},"yoast_head":"<!-- This site is optimized with the Yoast SEO Premium plugin v27.3 (Yoast SEO v27.6) - https:\/\/yoast.com\/product\/yoast-seo-premium-wordpress\/ -->\n<title>testo 883-1 - with standard lens | Nordtec<\/title>\n<meta name=\"description\" content=\"Developed for service technicians, building technicians and energy consultants, this thermal imaging camera has a high resolution of 320x240 pixels.\" \/>\n<meta name=\"robots\" content=\"noindex, follow, max-snippet:-1, max-image-preview:large, max-video-preview:-1\" \/>\n<meta property=\"og:locale\" content=\"en_US\" \/>\n<meta property=\"og:type\" content=\"article\" \/>\n<meta property=\"og:title\" content=\"testo 883-1 - with standard lens\" \/>\n<meta property=\"og:description\" content=\"Developed for service technicians, building technicians and energy consultants, this thermal imaging camera has a high resolution of 320x240 pixels.\" \/>\n<meta property=\"og:url\" content=\"https:\/\/stage.nordtec.se\/en\/product\/measuring-instruments\/testo-883-1-with-standard-lens\/\" \/>\n<meta property=\"og:site_name\" content=\"Nordtec\" \/>\n<meta property=\"article:publisher\" content=\"https:\/\/www.facebook.com\/nordtecinstrument\" \/>\n<meta property=\"article:modified_time\" content=\"2026-05-07T11:28:43+00:00\" \/>\n<meta property=\"og:image\" content=\"https:\/\/stage.nordtec.se\/wp-content\/uploads\/2022\/03\/testo-883-front-left_800px.png\" \/>\n\t<meta property=\"og:image:width\" content=\"800\" \/>\n\t<meta property=\"og:image:height\" content=\"800\" \/>\n\t<meta property=\"og:image:type\" content=\"image\/png\" \/>\n<meta name=\"twitter:card\" content=\"summary_large_image\" \/>\n<meta name=\"twitter:label1\" content=\"Est. reading time\" \/>\n\t<meta name=\"twitter:data1\" content=\"4 minutes\" \/>\n<script type=\"application\/ld+json\" class=\"yoast-schema-graph\">{\"@context\":\"https:\\\/\\\/schema.org\",\"@graph\":[{\"@type\":[\"WebPage\",\"ItemPage\"],\"@id\":\"https:\\\/\\\/stage.nordtec.se\\\/en\\\/product\\\/measuring-instruments\\\/testo-883-1-with-standard-lens\\\/\",\"url\":\"https:\\\/\\\/stage.nordtec.se\\\/en\\\/product\\\/measuring-instruments\\\/testo-883-1-with-standard-lens\\\/\",\"name\":\"testo 883-1 - with standard lens | Nordtec\",\"isPartOf\":{\"@id\":\"https:\\\/\\\/stage.nordtec.se\\\/en\\\/#website\"},\"primaryImageOfPage\":{\"@id\":\"https:\\\/\\\/stage.nordtec.se\\\/en\\\/product\\\/measuring-instruments\\\/testo-883-1-with-standard-lens\\\/#primaryimage\"},\"image\":{\"@id\":\"https:\\\/\\\/stage.nordtec.se\\\/en\\\/product\\\/measuring-instruments\\\/testo-883-1-with-standard-lens\\\/#primaryimage\"},\"thumbnailUrl\":\"https:\\\/\\\/stage.nordtec.se\\\/wp-content\\\/uploads\\\/2022\\\/03\\\/testo-883-front-left_800px.png\",\"datePublished\":\"2022-03-30T14:00:09+00:00\",\"dateModified\":\"2026-05-07T11:28:43+00:00\",\"description\":\"Developed for service technicians, building technicians and energy consultants, this thermal imaging camera has a high resolution of 320x240 pixels.\",\"breadcrumb\":{\"@id\":\"https:\\\/\\\/stage.nordtec.se\\\/en\\\/product\\\/measuring-instruments\\\/testo-883-1-with-standard-lens\\\/#breadcrumb\"},\"inLanguage\":\"en-US\",\"potentialAction\":[{\"@type\":\"ReadAction\",\"target\":[\"https:\\\/\\\/stage.nordtec.se\\\/en\\\/product\\\/measuring-instruments\\\/testo-883-1-with-standard-lens\\\/\"]}]},{\"@type\":\"ImageObject\",\"inLanguage\":\"en-US\",\"@id\":\"https:\\\/\\\/stage.nordtec.se\\\/en\\\/product\\\/measuring-instruments\\\/testo-883-1-with-standard-lens\\\/#primaryimage\",\"url\":\"https:\\\/\\\/stage.nordtec.se\\\/wp-content\\\/uploads\\\/2022\\\/03\\\/testo-883-front-left_800px.png\",\"contentUrl\":\"https:\\\/\\\/stage.nordtec.se\\\/wp-content\\\/uploads\\\/2022\\\/03\\\/testo-883-front-left_800px.png\",\"width\":800,\"height\":800,\"caption\":\"Thermal imaging camera testo 883 left\"},{\"@type\":\"BreadcrumbList\",\"@id\":\"https:\\\/\\\/stage.nordtec.se\\\/en\\\/product\\\/measuring-instruments\\\/testo-883-1-with-standard-lens\\\/#breadcrumb\",\"itemListElement\":[{\"@type\":\"ListItem\",\"position\":1,\"name\":\"Hem\",\"item\":\"https:\\\/\\\/stage.nordtec.se\\\/en\\\/\"},{\"@type\":\"ListItem\",\"position\":2,\"name\":\"Shop\",\"item\":\"https:\\\/\\\/stage.nordtec.se\\\/shop\\\/?lang=en\"},{\"@type\":\"ListItem\",\"position\":3,\"name\":\"testo 883-1 &#8211; with standard lens\"}]},{\"@type\":\"WebSite\",\"@id\":\"https:\\\/\\\/stage.nordtec.se\\\/en\\\/#website\",\"url\":\"https:\\\/\\\/stage.nordtec.se\\\/en\\\/\",\"name\":\"Nordtec\",\"description\":\"Din partner inom m\u00e4tteknik\",\"publisher\":{\"@id\":\"https:\\\/\\\/stage.nordtec.se\\\/en\\\/#organization\"},\"potentialAction\":[{\"@type\":\"SearchAction\",\"target\":{\"@type\":\"EntryPoint\",\"urlTemplate\":\"https:\\\/\\\/stage.nordtec.se\\\/en\\\/?s={search_term_string}\"},\"query-input\":{\"@type\":\"PropertyValueSpecification\",\"valueRequired\":true,\"valueName\":\"search_term_string\"}}],\"inLanguage\":\"en-US\"},{\"@type\":\"Organization\",\"@id\":\"https:\\\/\\\/stage.nordtec.se\\\/en\\\/#organization\",\"name\":\"Nordtec Instrument AB\",\"url\":\"https:\\\/\\\/stage.nordtec.se\\\/en\\\/\",\"logo\":{\"@type\":\"ImageObject\",\"inLanguage\":\"en-US\",\"@id\":\"https:\\\/\\\/stage.nordtec.se\\\/en\\\/#\\\/schema\\\/logo\\\/image\\\/\",\"url\":\"https:\\\/\\\/stage.nordtec.se\\\/wp-content\\\/uploads\\\/2021\\\/08\\\/nordtec_logo_rgb-340px.png\",\"contentUrl\":\"https:\\\/\\\/stage.nordtec.se\\\/wp-content\\\/uploads\\\/2021\\\/08\\\/nordtec_logo_rgb-340px.png\",\"width\":340,\"height\":75,\"caption\":\"Nordtec Instrument AB\"},\"image\":{\"@id\":\"https:\\\/\\\/stage.nordtec.se\\\/en\\\/#\\\/schema\\\/logo\\\/image\\\/\"},\"sameAs\":[\"https:\\\/\\\/www.facebook.com\\\/nordtecinstrument\",\"https:\\\/\\\/www.instagram.com\\\/nordtec_instrument\\\/\",\"https:\\\/\\\/www.linkedin.com\\\/company\\\/nordtec-instrument-ab\\\/\",\"https:\\\/\\\/www.youtube.com\\\/channel\\\/UCbmAq3ZmfBKOGg7_igFURng\"]}]}<\/script>\n<!-- \/ Yoast SEO Premium plugin. -->","yoast_head_json":{"title":"testo 883-1 - with standard lens | Nordtec","description":"Developed for service technicians, building technicians and energy consultants, this thermal imaging camera has a high resolution of 320x240 pixels.","robots":{"index":"noindex","follow":"follow","max-snippet":"max-snippet:-1","max-image-preview":"max-image-preview:large","max-video-preview":"max-video-preview:-1"},"og_locale":"en_US","og_type":"article","og_title":"testo 883-1 - with standard lens","og_description":"Developed for service technicians, building technicians and energy consultants, this thermal imaging camera has a high resolution of 320x240 pixels.","og_url":"https:\/\/stage.nordtec.se\/en\/product\/measuring-instruments\/testo-883-1-with-standard-lens\/","og_site_name":"Nordtec","article_publisher":"https:\/\/www.facebook.com\/nordtecinstrument","article_modified_time":"2026-05-07T11:28:43+00:00","og_image":[{"width":800,"height":800,"url":"https:\/\/stage.nordtec.se\/wp-content\/uploads\/2022\/03\/testo-883-front-left_800px.png","type":"image\/png"}],"twitter_card":"summary_large_image","twitter_misc":{"Est. reading time":"4 minutes"},"schema":{"@context":"https:\/\/schema.org","@graph":[{"@type":["WebPage","ItemPage"],"@id":"https:\/\/stage.nordtec.se\/en\/product\/measuring-instruments\/testo-883-1-with-standard-lens\/","url":"https:\/\/stage.nordtec.se\/en\/product\/measuring-instruments\/testo-883-1-with-standard-lens\/","name":"testo 883-1 - with standard lens | Nordtec","isPartOf":{"@id":"https:\/\/stage.nordtec.se\/en\/#website"},"primaryImageOfPage":{"@id":"https:\/\/stage.nordtec.se\/en\/product\/measuring-instruments\/testo-883-1-with-standard-lens\/#primaryimage"},"image":{"@id":"https:\/\/stage.nordtec.se\/en\/product\/measuring-instruments\/testo-883-1-with-standard-lens\/#primaryimage"},"thumbnailUrl":"https:\/\/stage.nordtec.se\/wp-content\/uploads\/2022\/03\/testo-883-front-left_800px.png","datePublished":"2022-03-30T14:00:09+00:00","dateModified":"2026-05-07T11:28:43+00:00","description":"Developed for service technicians, building technicians and energy consultants, this thermal imaging camera has a high resolution of 320x240 pixels.","breadcrumb":{"@id":"https:\/\/stage.nordtec.se\/en\/product\/measuring-instruments\/testo-883-1-with-standard-lens\/#breadcrumb"},"inLanguage":"en-US","potentialAction":[{"@type":"ReadAction","target":["https:\/\/stage.nordtec.se\/en\/product\/measuring-instruments\/testo-883-1-with-standard-lens\/"]}]},{"@type":"ImageObject","inLanguage":"en-US","@id":"https:\/\/stage.nordtec.se\/en\/product\/measuring-instruments\/testo-883-1-with-standard-lens\/#primaryimage","url":"https:\/\/stage.nordtec.se\/wp-content\/uploads\/2022\/03\/testo-883-front-left_800px.png","contentUrl":"https:\/\/stage.nordtec.se\/wp-content\/uploads\/2022\/03\/testo-883-front-left_800px.png","width":800,"height":800,"caption":"Thermal imaging camera testo 883 left"},{"@type":"BreadcrumbList","@id":"https:\/\/stage.nordtec.se\/en\/product\/measuring-instruments\/testo-883-1-with-standard-lens\/#breadcrumb","itemListElement":[{"@type":"ListItem","position":1,"name":"Hem","item":"https:\/\/stage.nordtec.se\/en\/"},{"@type":"ListItem","position":2,"name":"Shop","item":"https:\/\/stage.nordtec.se\/shop\/?lang=en"},{"@type":"ListItem","position":3,"name":"testo 883-1 &#8211; with standard lens"}]},{"@type":"WebSite","@id":"https:\/\/stage.nordtec.se\/en\/#website","url":"https:\/\/stage.nordtec.se\/en\/","name":"Nordtec","description":"Din partner inom m\u00e4tteknik","publisher":{"@id":"https:\/\/stage.nordtec.se\/en\/#organization"},"potentialAction":[{"@type":"SearchAction","target":{"@type":"EntryPoint","urlTemplate":"https:\/\/stage.nordtec.se\/en\/?s={search_term_string}"},"query-input":{"@type":"PropertyValueSpecification","valueRequired":true,"valueName":"search_term_string"}}],"inLanguage":"en-US"},{"@type":"Organization","@id":"https:\/\/stage.nordtec.se\/en\/#organization","name":"Nordtec Instrument AB","url":"https:\/\/stage.nordtec.se\/en\/","logo":{"@type":"ImageObject","inLanguage":"en-US","@id":"https:\/\/stage.nordtec.se\/en\/#\/schema\/logo\/image\/","url":"https:\/\/stage.nordtec.se\/wp-content\/uploads\/2021\/08\/nordtec_logo_rgb-340px.png","contentUrl":"https:\/\/stage.nordtec.se\/wp-content\/uploads\/2021\/08\/nordtec_logo_rgb-340px.png","width":340,"height":75,"caption":"Nordtec Instrument AB"},"image":{"@id":"https:\/\/stage.nordtec.se\/en\/#\/schema\/logo\/image\/"},"sameAs":["https:\/\/www.facebook.com\/nordtecinstrument","https:\/\/www.instagram.com\/nordtec_instrument\/","https:\/\/www.linkedin.com\/company\/nordtec-instrument-ab\/","https:\/\/www.youtube.com\/channel\/UCbmAq3ZmfBKOGg7_igFURng"]}]}},"taxonomy_info":{"product_cat":[{"value":768,"label":"Measuring instruments"},{"value":794,"label":"Thermal imagers"}],"product_tag":[{"value":850,"label":"Bluetooth"}]},"featured_image_src_large":["https:\/\/stage.nordtec.se\/wp-content\/uploads\/2022\/03\/testo-883-front-left_800px.png",800,800,false],"author_info":[],"comment_info":"","_links":{"self":[{"href":"https:\/\/stage.nordtec.se\/en\/wp-json\/wp\/v2\/product\/40892","targetHints":{"allow":["GET"]}}],"collection":[{"href":"https:\/\/stage.nordtec.se\/en\/wp-json\/wp\/v2\/product"}],"about":[{"href":"https:\/\/stage.nordtec.se\/en\/wp-json\/wp\/v2\/types\/product"}],"version-history":[{"count":9,"href":"https:\/\/stage.nordtec.se\/en\/wp-json\/wp\/v2\/product\/40892\/revisions"}],"predecessor-version":[{"id":60884,"href":"https:\/\/stage.nordtec.se\/en\/wp-json\/wp\/v2\/product\/40892\/revisions\/60884"}],"wp:featuredmedia":[{"embeddable":true,"href":"https:\/\/stage.nordtec.se\/en\/wp-json\/wp\/v2\/media\/38423"}],"wp:attachment":[{"href":"https:\/\/stage.nordtec.se\/en\/wp-json\/wp\/v2\/media?parent=40892"}],"wp:term":[{"taxonomy":"product_brand","embeddable":true,"href":"https:\/\/stage.nordtec.se\/en\/wp-json\/wp\/v2\/product_brand?post=40892"},{"taxonomy":"product_cat","embeddable":true,"href":"https:\/\/stage.nordtec.se\/en\/wp-json\/wp\/v2\/product_cat?post=40892"},{"taxonomy":"product_tag","embeddable":true,"href":"https:\/\/stage.nordtec.se\/en\/wp-json\/wp\/v2\/product_tag?post=40892"}],"curies":[{"name":"wp","href":"https:\/\/api.w.org\/{rel}","templated":true}]}}