{"id":40891,"date":"2022-03-30T16:14:55","date_gmt":"2022-03-30T14:14:55","guid":{"rendered":"https:\/\/stage.nordtec.se\/produkt\/uncategorized\/testo-400-measurement-kit-for-ventilation\/"},"modified":"2025-05-06T14:25:05","modified_gmt":"2025-05-06T12:25:05","slug":"testo-400-measurement-kit-for-ventilation","status":"publish","type":"product","link":"https:\/\/stage.nordtec.se\/en\/product\/measuring-instruments\/ventilation-instruments\/air-flow-meters\/testo-400-measurement-kit-for-ventilation\/","title":{"rendered":"testo 400 &#8211; measurement kit for ventilation"},"content":{"rendered":"<h2>testo 400 &#8211; Measurement kit for ventilation measurements<\/h2>\n<p>The new generation of climate instruments.  <strong>Smarter. Faster. Better.<\/strong><\/p>\n<p><strong>Smarter<\/strong><br \/>\nThe versatile testo 400 climate instrument and the wide range of precision sensors were developed with a single goal in mind: to make all measurement tasks in the field of ventilation easier and less complicated than ever before.<\/p>\n<p><strong>Faster<\/strong><br \/>\nWith testo 400 you can perform tasks that were previously only possible with a PC and software &#8211; directly on site with just one measuring instrument!<\/p>\n<p><strong>Better<\/strong><br \/>\nWith the testo 400 you always have your own personal assistant with you. The more demanding the measurement, the more support you get from the help functions in setting, measuring and evaluating the results.<\/p>\n<h2>Advantages of this testo 400 measuring set<\/h2>\n<ul>\n<li>Ready-made measurement menus for airflow and grid measurements according to current standards.<\/li>\n<li>You can finish the work with a final report to the client directly on site.<\/li>\n<li>The measurement set can be expanded at any time with a wide range of digital sensors.<\/li>\n<li>The handy service bag provided includes molded slots for specific sensors and accessories.<\/li>\n<\/ul>\n<p>This measuring set is for those who work with measuring and adjusting ventilation systems. The instrument assists you with ready-made measurement menus and evaluates the measurement results with the traffic light principle &#8211; for error-free measurements. You can manage all relevant customer data, including measuring points, directly in the instrument and can thus work efficiently, directly at the measuring site. The sensors can be changed quickly and easily without having to restart the instrument. Sensor calibration is completely independent of the measuring instrument, which means you can continue to use the instrument with other sensors.<\/p>\n<h2>Maximum airflow measurement<\/h2>\n<ul>\n<li><strong>If you want to see the air flow rate in l\/s or m3\/h<\/strong>, the instrument can easily calculate and display this according to current standards.<\/li>\n<li>You always have all measuring points with you, ready to use.<\/li>\n<li>Bluetooth wireless sensors for maximum freedom of movement at work.<\/li>\n<li>You can easily finish with a completed report directly on site.<\/li>\n<\/ul>\n<h2>Maximized measurement in laboratories, cleanrooms and industry<\/h2>\n<ul>\n<li>Auxiliary function for PMV\/PPD measurements and determination of draft levels.<\/li>\n<li>IAQ data logger (optional) for long-term measurement of the indoor climate, independent of the instrument.<\/li>\n<li>Complete the report either directly on site or later on a PC.<\/li>\n<\/ul>\n<h2>Maximum comfort level measurement<\/h2>\n<ul>\n<li>Highest precision, especially for pressure and temperature measurements.<\/li>\n<li>View all measurements in table and chart format.<\/li>\n<li>Zero error adjustment in the instrument for even more accurate measurements.<\/li>\n<\/ul>\n<h2>Common sensor range with testo 440<\/h2>\n<p>The sensor range of the versatile indoor climate meter testo 400 is common to the testo 440. This means you can add to your toolbox as you go along and don&#8217;t need to buy new sensors if you invest in both instruments.<\/p>\n<h2>The delivery includes<\/h2>\n<ul>\n<li>Multi-instrument testo 400, PC program testo DataControl, silicone hoses, power supply with USB cable and factory protocol<\/li>\n<li>Hot-wire sensor (\u00d8 7.5 mm), with fixed cable and telescope, incl. antenna. temperature sensor<\/li>\n<li>Pitot tube (prandtl tube), length 350 mm, \u00d8 7 mm, nickel-plated brass<\/li>\n<li>Calibration certificate for differential pressure: 10 points in the measuring range 0 &#8230; 500 Pa<\/li>\n<li>Hot wire anemometer calibration certificate: 1\/2\/3\/5\/8\/10 m\/s<\/li>\n<li>Service bag for ventilation measurements<\/li>\n<\/ul>\n<p><span class=\"ui-provider ed ayd aye ayf ayg ayh ayi ayj ayk ayl aym ayn ayo ayp ayq ayr ays ayt ayu ayv ayw ayx ayy ayz aza azb azc azd aze azf azg azh azi azj azk\" dir=\"ltr\"><strong>Fabriksprotokoll:<\/strong>\u00a0utf\u00e4rdas p\u00e5 fabriken efter en kontroll av att produkten fungerar och uppfyller angiven m\u00e4tnoggrannhet. L\u00e4s om <a href=\"https:\/\/stage.nordtec.se\/kalibrering\/iso-9001-kraver-kalibrerad-matutrustning\/\"><u>skillnaden mellan fabriksprotokoll och ackrediterad kalibrering<\/u><\/a>.<\/span><\/p>\n<!-- Shortcode [ventilationskampanj] does not exist -->\n<h2>testo DataControl for testo 400<\/h2>\n<p>testo DataControl for testo 400 can be used for customer and measurement site management and has advanced analysis and archiving functions. If you already have an existing version installed on your PC, it will be updated to the latest version.<\/p>\n<p>The PC program DataControl can be downloaded from the<strong>&#8220;<\/strong>Download&#8221; tab.<\/p>\n","protected":false},"excerpt":{"rendered":"<p data-block-type=\"core\">Measurement set with the testo 400 climate instrument for ventilation professionals.<\/p>\n<ul>\n<li>Measurement of air velocity and air flow on diffusers and in ducts<\/li>\n<li>Display airflow in l\/s or m3\/h<\/li>\n<li>Hot wire sensor (\u00d8 7.5 mm) with telescope and fixed cable included<\/li>\n<\/ul>\n","protected":false},"featured_media":39816,"template":"","meta":{"_kad_blocks_custom_css":"","_kad_blocks_head_custom_js":"","_kad_blocks_body_custom_js":"","_kad_blocks_footer_custom_js":"","footnotes":""},"product_brand":[1435],"product_cat":[795,796,782,768,829],"product_tag":[896,937,938],"class_list":{"0":"post-40891","1":"product","2":"type-product","3":"status-publish","4":"has-post-thumbnail","6":"product_brand-testo","7":"product_cat-air-flow-meters","8":"product_cat-climate-instrument","9":"product_cat-hvac-property","10":"product_cat-measuring-instruments","11":"product_cat-ventilation-instruments","12":"product_tag-pitotror-en","13":"product_tag-varmtrad-en","14":"product_tag-ventilation-en","16":"first","17":"onbackorder","18":"taxable","19":"shipping-taxable","20":"purchasable","21":"product-type-simple"},"yoast_head":"<!-- This site is optimized with the Yoast SEO Premium plugin v25.8 (Yoast SEO v27.4) - https:\/\/yoast.com\/product\/yoast-seo-premium-wordpress\/ -->\n<title>testo 400 - measurement kit for ventilation | Nordtec<\/title>\n<meta name=\"description\" content=\"Measurement set with the testo 400 climate instrument for ventilation professionals \u2713 Measurement on diffusers and in ducts \u2713 Display airflow in l\/s or m3\/h\" \/>\n<meta name=\"robots\" content=\"noindex, follow, max-snippet:-1, max-image-preview:large, max-video-preview:-1\" \/>\n<meta property=\"og:locale\" content=\"en_US\" \/>\n<meta property=\"og:type\" content=\"article\" \/>\n<meta property=\"og:title\" content=\"testo 400 - measurement kit for ventilation\" \/>\n<meta property=\"og:description\" content=\"Measurement set with the testo 400 climate instrument for ventilation professionals \u2713 Measurement on diffusers and in ducts \u2713 Display airflow in l\/s or m3\/h\" \/>\n<meta property=\"og:url\" content=\"https:\/\/stage.nordtec.se\/en\/product\/measuring-instruments\/ventilation-instruments\/air-flow-meters\/testo-400-measurement-kit-for-ventilation\/\" \/>\n<meta property=\"og:site_name\" content=\"Nordtec\" \/>\n<meta property=\"article:publisher\" content=\"https:\/\/www.facebook.com\/nordtecinstrument\" \/>\n<meta property=\"article:modified_time\" content=\"2025-05-06T12:25:05+00:00\" \/>\n<meta property=\"og:image\" content=\"https:\/\/stage.nordtec.se\/wp-content\/uploads\/2022\/03\/testo-400-kit-Ventilation-0140-0400_800px-1.png\" \/>\n\t<meta property=\"og:image:width\" content=\"800\" \/>\n\t<meta property=\"og:image:height\" content=\"800\" \/>\n\t<meta property=\"og:image:type\" content=\"image\/png\" \/>\n<meta name=\"twitter:card\" content=\"summary_large_image\" \/>\n<meta name=\"twitter:label1\" content=\"Est. reading time\" \/>\n\t<meta name=\"twitter:data1\" content=\"4 minutes\" \/>\n<script type=\"application\/ld+json\" class=\"yoast-schema-graph\">{\"@context\":\"https:\\\/\\\/schema.org\",\"@graph\":[{\"@type\":[\"WebPage\",\"ItemPage\"],\"@id\":\"https:\\\/\\\/stage.nordtec.se\\\/en\\\/product\\\/measuring-instruments\\\/ventilation-instruments\\\/air-flow-meters\\\/testo-400-measurement-kit-for-ventilation\\\/\",\"url\":\"https:\\\/\\\/stage.nordtec.se\\\/en\\\/product\\\/measuring-instruments\\\/ventilation-instruments\\\/air-flow-meters\\\/testo-400-measurement-kit-for-ventilation\\\/\",\"name\":\"testo 400 - measurement kit for ventilation | Nordtec\",\"isPartOf\":{\"@id\":\"https:\\\/\\\/stage.nordtec.se\\\/en\\\/#website\"},\"primaryImageOfPage\":{\"@id\":\"https:\\\/\\\/stage.nordtec.se\\\/en\\\/product\\\/measuring-instruments\\\/ventilation-instruments\\\/air-flow-meters\\\/testo-400-measurement-kit-for-ventilation\\\/#primaryimage\"},\"image\":{\"@id\":\"https:\\\/\\\/stage.nordtec.se\\\/en\\\/product\\\/measuring-instruments\\\/ventilation-instruments\\\/air-flow-meters\\\/testo-400-measurement-kit-for-ventilation\\\/#primaryimage\"},\"thumbnailUrl\":\"https:\\\/\\\/stage.nordtec.se\\\/wp-content\\\/uploads\\\/2022\\\/03\\\/testo-400-kit-Ventilation-0140-0400_800px-1.png\",\"datePublished\":\"2022-03-30T14:14:55+00:00\",\"dateModified\":\"2025-05-06T12:25:05+00:00\",\"description\":\"Measurement set with the testo 400 climate instrument for ventilation professionals \u2713 Measurement on diffusers and in ducts \u2713 Display airflow in l\\\/s or m3\\\/h\",\"breadcrumb\":{\"@id\":\"https:\\\/\\\/stage.nordtec.se\\\/en\\\/product\\\/measuring-instruments\\\/ventilation-instruments\\\/air-flow-meters\\\/testo-400-measurement-kit-for-ventilation\\\/#breadcrumb\"},\"inLanguage\":\"en-US\",\"potentialAction\":[{\"@type\":\"ReadAction\",\"target\":[\"https:\\\/\\\/stage.nordtec.se\\\/en\\\/product\\\/measuring-instruments\\\/ventilation-instruments\\\/air-flow-meters\\\/testo-400-measurement-kit-for-ventilation\\\/\"]}]},{\"@type\":\"ImageObject\",\"inLanguage\":\"en-US\",\"@id\":\"https:\\\/\\\/stage.nordtec.se\\\/en\\\/product\\\/measuring-instruments\\\/ventilation-instruments\\\/air-flow-meters\\\/testo-400-measurement-kit-for-ventilation\\\/#primaryimage\",\"url\":\"https:\\\/\\\/stage.nordtec.se\\\/wp-content\\\/uploads\\\/2022\\\/03\\\/testo-400-kit-Ventilation-0140-0400_800px-1.png\",\"contentUrl\":\"https:\\\/\\\/stage.nordtec.se\\\/wp-content\\\/uploads\\\/2022\\\/03\\\/testo-400-kit-Ventilation-0140-0400_800px-1.png\",\"width\":800,\"height\":800,\"caption\":\"testo 400 measurement set Ventilation 0140 0400\"},{\"@type\":\"BreadcrumbList\",\"@id\":\"https:\\\/\\\/stage.nordtec.se\\\/en\\\/product\\\/measuring-instruments\\\/ventilation-instruments\\\/air-flow-meters\\\/testo-400-measurement-kit-for-ventilation\\\/#breadcrumb\",\"itemListElement\":[{\"@type\":\"ListItem\",\"position\":1,\"name\":\"Hem\",\"item\":\"https:\\\/\\\/stage.nordtec.se\\\/en\\\/?lang=en\"},{\"@type\":\"ListItem\",\"position\":2,\"name\":\"Shop\",\"item\":\"https:\\\/\\\/stage.nordtec.se\\\/shop\\\/?lang=en\"},{\"@type\":\"ListItem\",\"position\":3,\"name\":\"testo 400 &#8211; measurement kit for ventilation\"}]},{\"@type\":\"WebSite\",\"@id\":\"https:\\\/\\\/stage.nordtec.se\\\/en\\\/#website\",\"url\":\"https:\\\/\\\/stage.nordtec.se\\\/en\\\/\",\"name\":\"Nordtec\",\"description\":\"Din partner inom m\u00e4tteknik\",\"publisher\":{\"@id\":\"https:\\\/\\\/stage.nordtec.se\\\/en\\\/#organization\"},\"potentialAction\":[{\"@type\":\"SearchAction\",\"target\":{\"@type\":\"EntryPoint\",\"urlTemplate\":\"https:\\\/\\\/stage.nordtec.se\\\/en\\\/?s={search_term_string}\"},\"query-input\":{\"@type\":\"PropertyValueSpecification\",\"valueRequired\":true,\"valueName\":\"search_term_string\"}}],\"inLanguage\":\"en-US\"},{\"@type\":\"Organization\",\"@id\":\"https:\\\/\\\/stage.nordtec.se\\\/en\\\/#organization\",\"name\":\"Nordtec Instrument AB\",\"url\":\"https:\\\/\\\/stage.nordtec.se\\\/en\\\/\",\"logo\":{\"@type\":\"ImageObject\",\"inLanguage\":\"en-US\",\"@id\":\"https:\\\/\\\/stage.nordtec.se\\\/en\\\/#\\\/schema\\\/logo\\\/image\\\/\",\"url\":\"https:\\\/\\\/stage.nordtec.se\\\/wp-content\\\/uploads\\\/2021\\\/08\\\/nordtec_logo_rgb-340px.png\",\"contentUrl\":\"https:\\\/\\\/stage.nordtec.se\\\/wp-content\\\/uploads\\\/2021\\\/08\\\/nordtec_logo_rgb-340px.png\",\"width\":340,\"height\":75,\"caption\":\"Nordtec Instrument AB\"},\"image\":{\"@id\":\"https:\\\/\\\/stage.nordtec.se\\\/en\\\/#\\\/schema\\\/logo\\\/image\\\/\"},\"sameAs\":[\"https:\\\/\\\/www.facebook.com\\\/nordtecinstrument\",\"https:\\\/\\\/www.instagram.com\\\/nordtec_instrument\\\/\",\"https:\\\/\\\/www.linkedin.com\\\/company\\\/nordtec-instrument-ab\\\/\",\"https:\\\/\\\/www.youtube.com\\\/channel\\\/UCbmAq3ZmfBKOGg7_igFURng\"]}]}<\/script>\n<!-- \/ Yoast SEO Premium plugin. -->","yoast_head_json":{"title":"testo 400 - measurement kit for ventilation | Nordtec","description":"Measurement set with the testo 400 climate instrument for ventilation professionals \u2713 Measurement on diffusers and in ducts \u2713 Display airflow in l\/s or m3\/h","robots":{"index":"noindex","follow":"follow","max-snippet":"max-snippet:-1","max-image-preview":"max-image-preview:large","max-video-preview":"max-video-preview:-1"},"og_locale":"en_US","og_type":"article","og_title":"testo 400 - measurement kit for ventilation","og_description":"Measurement set with the testo 400 climate instrument for ventilation professionals \u2713 Measurement on diffusers and in ducts \u2713 Display airflow in l\/s or m3\/h","og_url":"https:\/\/stage.nordtec.se\/en\/product\/measuring-instruments\/ventilation-instruments\/air-flow-meters\/testo-400-measurement-kit-for-ventilation\/","og_site_name":"Nordtec","article_publisher":"https:\/\/www.facebook.com\/nordtecinstrument","article_modified_time":"2025-05-06T12:25:05+00:00","og_image":[{"width":800,"height":800,"url":"https:\/\/stage.nordtec.se\/wp-content\/uploads\/2022\/03\/testo-400-kit-Ventilation-0140-0400_800px-1.png","type":"image\/png"}],"twitter_card":"summary_large_image","twitter_misc":{"Est. reading time":"4 minutes"},"schema":{"@context":"https:\/\/schema.org","@graph":[{"@type":["WebPage","ItemPage"],"@id":"https:\/\/stage.nordtec.se\/en\/product\/measuring-instruments\/ventilation-instruments\/air-flow-meters\/testo-400-measurement-kit-for-ventilation\/","url":"https:\/\/stage.nordtec.se\/en\/product\/measuring-instruments\/ventilation-instruments\/air-flow-meters\/testo-400-measurement-kit-for-ventilation\/","name":"testo 400 - measurement kit for ventilation | Nordtec","isPartOf":{"@id":"https:\/\/stage.nordtec.se\/en\/#website"},"primaryImageOfPage":{"@id":"https:\/\/stage.nordtec.se\/en\/product\/measuring-instruments\/ventilation-instruments\/air-flow-meters\/testo-400-measurement-kit-for-ventilation\/#primaryimage"},"image":{"@id":"https:\/\/stage.nordtec.se\/en\/product\/measuring-instruments\/ventilation-instruments\/air-flow-meters\/testo-400-measurement-kit-for-ventilation\/#primaryimage"},"thumbnailUrl":"https:\/\/stage.nordtec.se\/wp-content\/uploads\/2022\/03\/testo-400-kit-Ventilation-0140-0400_800px-1.png","datePublished":"2022-03-30T14:14:55+00:00","dateModified":"2025-05-06T12:25:05+00:00","description":"Measurement set with the testo 400 climate instrument for ventilation professionals \u2713 Measurement on diffusers and in ducts \u2713 Display airflow in l\/s or m3\/h","breadcrumb":{"@id":"https:\/\/stage.nordtec.se\/en\/product\/measuring-instruments\/ventilation-instruments\/air-flow-meters\/testo-400-measurement-kit-for-ventilation\/#breadcrumb"},"inLanguage":"en-US","potentialAction":[{"@type":"ReadAction","target":["https:\/\/stage.nordtec.se\/en\/product\/measuring-instruments\/ventilation-instruments\/air-flow-meters\/testo-400-measurement-kit-for-ventilation\/"]}]},{"@type":"ImageObject","inLanguage":"en-US","@id":"https:\/\/stage.nordtec.se\/en\/product\/measuring-instruments\/ventilation-instruments\/air-flow-meters\/testo-400-measurement-kit-for-ventilation\/#primaryimage","url":"https:\/\/stage.nordtec.se\/wp-content\/uploads\/2022\/03\/testo-400-kit-Ventilation-0140-0400_800px-1.png","contentUrl":"https:\/\/stage.nordtec.se\/wp-content\/uploads\/2022\/03\/testo-400-kit-Ventilation-0140-0400_800px-1.png","width":800,"height":800,"caption":"testo 400 measurement set Ventilation 0140 0400"},{"@type":"BreadcrumbList","@id":"https:\/\/stage.nordtec.se\/en\/product\/measuring-instruments\/ventilation-instruments\/air-flow-meters\/testo-400-measurement-kit-for-ventilation\/#breadcrumb","itemListElement":[{"@type":"ListItem","position":1,"name":"Hem","item":"https:\/\/stage.nordtec.se\/en\/?lang=en"},{"@type":"ListItem","position":2,"name":"Shop","item":"https:\/\/stage.nordtec.se\/shop\/?lang=en"},{"@type":"ListItem","position":3,"name":"testo 400 &#8211; measurement kit for ventilation"}]},{"@type":"WebSite","@id":"https:\/\/stage.nordtec.se\/en\/#website","url":"https:\/\/stage.nordtec.se\/en\/","name":"Nordtec","description":"Din partner inom m\u00e4tteknik","publisher":{"@id":"https:\/\/stage.nordtec.se\/en\/#organization"},"potentialAction":[{"@type":"SearchAction","target":{"@type":"EntryPoint","urlTemplate":"https:\/\/stage.nordtec.se\/en\/?s={search_term_string}"},"query-input":{"@type":"PropertyValueSpecification","valueRequired":true,"valueName":"search_term_string"}}],"inLanguage":"en-US"},{"@type":"Organization","@id":"https:\/\/stage.nordtec.se\/en\/#organization","name":"Nordtec Instrument AB","url":"https:\/\/stage.nordtec.se\/en\/","logo":{"@type":"ImageObject","inLanguage":"en-US","@id":"https:\/\/stage.nordtec.se\/en\/#\/schema\/logo\/image\/","url":"https:\/\/stage.nordtec.se\/wp-content\/uploads\/2021\/08\/nordtec_logo_rgb-340px.png","contentUrl":"https:\/\/stage.nordtec.se\/wp-content\/uploads\/2021\/08\/nordtec_logo_rgb-340px.png","width":340,"height":75,"caption":"Nordtec Instrument AB"},"image":{"@id":"https:\/\/stage.nordtec.se\/en\/#\/schema\/logo\/image\/"},"sameAs":["https:\/\/www.facebook.com\/nordtecinstrument","https:\/\/www.instagram.com\/nordtec_instrument\/","https:\/\/www.linkedin.com\/company\/nordtec-instrument-ab\/","https:\/\/www.youtube.com\/channel\/UCbmAq3ZmfBKOGg7_igFURng"]}]}},"taxonomy_info":{"product_brand":[{"value":1435,"label":"Testo"}],"product_cat":[{"value":795,"label":"Air flow meters"},{"value":796,"label":"Climate instrument"},{"value":782,"label":"HVAC &amp; Property"},{"value":768,"label":"Measuring instruments"},{"value":829,"label":"Ventilation instruments"}],"product_tag":[{"value":896,"label":"Pitotr\u00f6r"},{"value":937,"label":"Varmtr\u00e5d"},{"value":938,"label":"Ventilation"}]},"featured_image_src_large":["https:\/\/stage.nordtec.se\/wp-content\/uploads\/2022\/03\/testo-400-kit-Ventilation-0140-0400_800px-1.png",800,800,false],"author_info":[],"comment_info":"","_links":{"self":[{"href":"https:\/\/stage.nordtec.se\/en\/wp-json\/wp\/v2\/product\/40891","targetHints":{"allow":["GET"]}}],"collection":[{"href":"https:\/\/stage.nordtec.se\/en\/wp-json\/wp\/v2\/product"}],"about":[{"href":"https:\/\/stage.nordtec.se\/en\/wp-json\/wp\/v2\/types\/product"}],"version-history":[{"count":5,"href":"https:\/\/stage.nordtec.se\/en\/wp-json\/wp\/v2\/product\/40891\/revisions"}],"predecessor-version":[{"id":51364,"href":"https:\/\/stage.nordtec.se\/en\/wp-json\/wp\/v2\/product\/40891\/revisions\/51364"}],"wp:featuredmedia":[{"embeddable":true,"href":"https:\/\/stage.nordtec.se\/en\/wp-json\/wp\/v2\/media\/39816"}],"wp:attachment":[{"href":"https:\/\/stage.nordtec.se\/en\/wp-json\/wp\/v2\/media?parent=40891"}],"wp:term":[{"taxonomy":"product_brand","embeddable":true,"href":"https:\/\/stage.nordtec.se\/en\/wp-json\/wp\/v2\/product_brand?post=40891"},{"taxonomy":"product_cat","embeddable":true,"href":"https:\/\/stage.nordtec.se\/en\/wp-json\/wp\/v2\/product_cat?post=40891"},{"taxonomy":"product_tag","embeddable":true,"href":"https:\/\/stage.nordtec.se\/en\/wp-json\/wp\/v2\/product_tag?post=40891"}],"curies":[{"name":"wp","href":"https:\/\/api.w.org\/{rel}","templated":true}]}}