{"id":40888,"date":"2022-03-30T16:00:09","date_gmt":"2022-03-30T14:00:09","guid":{"rendered":"https:\/\/stage.nordtec.se\/produkt\/uncategorized\/testo-872s-thermal-imaging-camera-with-320x240-pixels\/"},"modified":"2026-01-28T10:31:53","modified_gmt":"2026-01-28T08:31:53","slug":"testo-872s-thermal-imaging-camera-with-320x240-pixels","status":"publish","type":"product","link":"https:\/\/stage.nordtec.se\/en\/product\/measuring-instruments\/thermal-imagers\/testo-872s-thermal-imaging-camera-with-320x240-pixels\/","title":{"rendered":"testo 872s &#8211; thermal imaging camera with 320&#215;240 pixels"},"content":{"rendered":"<h2>Thermal imaging camera testo 872s<\/h2>\n<p>The testo 872s thermal imaging camera gives you the best possible support in professional industrial and real estate thermography. It takes thermal images quickly, reliably and smartly with the highest image quality and has very good thermal sensitivity and innovative features. The handy bag included means you can easily transport your camera and keep it close at hand.<\/p>\n<h2>The testo 872s thermal imaging camera &#8211; smart and connected<\/h2>\n<p>The testo 872s thermal imaging camera communicates wirelessly via WiFi with your mobile devices. The Testo thermography app for iOS and Android allows you to create and send reports directly from the measurement site, or save them online. You can also use your smartphone or tablet as a second display or to control the camera remotely.<\/p>\n<p>In combination with the compatible current clamp testo 770-3 and moisture meter testo 605i, the testo 872s can give you even more information in the thermal images. Both can be ordered separately &#8211; just order them together with the testo 872s thermal imaging camera. The readings from both these instruments can be easily transferred via Bluetooth. The additional current and voltage values from the testo 770-3 current clamp allow a better interpretation of the measured temperatures. The air temperature and humidity measured by the testo 605i indicates whether there is a risk of moisture damage (with traffic light indication), thanks to the special moisture palette in the thermal imaging camera.<\/p>\n<h2>Applications for the thermal imaging camera testo 872s<\/h2>\n<p>Detect areas at risk of moisture damage, find thermal bridges, detect faults in the building structure or identify overheated connections. The testo 872s thermal imaging camera is ideal for use in daily maintenance and installation work in both small and large businesses. Fast, simple and reliable for maintenance and defect detection.<\/p>\n<h2>Advantages and features of the testo 872s thermal imaging camera<\/h2>\n<p>Very easy handling with impressive thermal imaging technology. The testo 872s thermal imaging camera has the following impressive features:<\/p>\n<ul>\n<li>Very good image quality thanks to high resolution: 76,800 temperature measurement points ensure accurate thermography. IR resolution of 320 x 240 pixels &#8211; which can be extended to 640 x 480 pixels via the integrated SuperResolution technology.<\/li>\n<li>Detects temperature differences from 0.05 \u00b0C<\/li>\n<li>With the testo thermography app for IOS and Android, you can create and send reports directly from the measurement site as well as save them online and you can use your mobile devices as a second screen or for remote control of the thermal imaging camera<\/li>\n<li>Wireless communication via Bluetooth, which means you can integrate measurements from the testo 770-3 current probe and the testo 605i moisture meter.<\/li>\n<li>The built-in digital camera takes a &#8220;normal&#8221; picture in parallel with the thermal image.<\/li>\n<li>Critical temperature conditions are directly displayed via automatic &#8220;Hot Spot\/Cold Spot detection&#8221;.<\/li>\n<li>The testo ScaleAssist function automatically ensures that the thermal image scale is optimally adjusted, allowing you to create objectively comparable and error-free thermal images, e.g. of the insulation capacity of buildings.<\/li>\n<li>testo \u025b-Assist ensures accurate measurements by automatically setting the emission factor and the reflected temperature.<\/li>\n<li>The IFOV warning means that the relationship between the distance to the measurement object and the size of the measurement spot is determined and the measurement spot is shown on the display &#8211; you therefore avoid measurement errors because the thermal imaging camera shows you exactly where you can measure.<\/li>\n<li>Professional software for image analysis on your PC<\/li>\n<li>You can choose to save thermography images in JPEG format.<\/li>\n<\/ul>\n<p><a href=\"https:\/\/stage.nordtec.se\/en\/sectors-and-areas\/presentation-of-thermal-cameras\/?lang=en\" target=\"_blank\" rel=\"noopener\">Read more about Testo thermal imagers &gt;&gt;<\/a><\/p>\n<h2>Included in delivery<\/h2>\n<p>The thermal imaging camera testo 872s comes with Bluetooth \/ wireless LAN, USB cable, power supply, lithium-ion battery, professional software, 3 pcs. \u03b5 markers, quick start guide, guidebook, factory protocol and case.<\/p>\n<p><span class=\"ui-provider ed ayd aye ayf ayg ayh ayi ayj ayk ayl aym ayn ayo ayp ayq ayr ays ayt ayu ayv ayw ayx ayy ayz aza azb azc azd aze azf azg azh azi azj azk\" dir=\"ltr\"><strong>Fabriksprotokoll:<\/strong>\u00a0utf\u00e4rdas p\u00e5 fabriken efter en kontroll av att produkten fungerar och uppfyller angiven m\u00e4tnoggrannhet. L\u00e4s om <a href=\"https:\/\/stage.nordtec.se\/kalibrering\/iso-9001-kraver-kalibrerad-matutrustning\/\"><u>skillnaden mellan fabriksprotokoll och ackrediterad kalibrering<\/u><\/a>.<\/span><\/p>\n<p><strong>Also included is a qualified thermography course worth 3,950:-<\/strong><\/p>\n<p><a class=\"button\" href=\"https:\/\/stage.nordtec.se\/en\/courses\/thermography-basic-course\/?lang=en\">Book a course<\/a><\/p>\n<p>&nbsp;<\/p>\n","protected":false},"excerpt":{"rendered":"<p style=\"text-align: left;\">The testo 872s thermal imaging camera gives you the best possible support in professional industrial and real estate thermography.<\/p>\n<ul>\n<li style=\"text-align: left;\">IR resolution 320 x 240 pixels<\/li>\n<li style=\"text-align: left;\">3.5&#8243; monitor<\/li>\n<li style=\"text-align: left;\">Measurement range: -30&#8230;+650 \u00b0C<\/li>\n<li><a href=\"https:\/\/stage.nordtec.se\/en\/courses\/thermography-basic-course\/?lang=en\">Thermography &#8211; basic course included!<\/a><\/li>\n<\/ul>\n","protected":false},"featured_media":38417,"template":"","meta":{"_kad_blocks_custom_css":"","_kad_blocks_head_custom_js":"","_kad_blocks_body_custom_js":"","_kad_blocks_footer_custom_js":"","footnotes":""},"product_brand":[1435],"product_cat":[787,782,781,768,794],"product_tag":[850],"class_list":{"0":"post-40888","1":"product","2":"type-product","3":"status-publish","4":"has-post-thumbnail","6":"product_brand-testo","7":"product_cat-building-technology","8":"product_cat-hvac-property","9":"product_cat-industry","10":"product_cat-measuring-instruments","11":"product_cat-thermal-imagers","12":"product_tag-bluetooth-en","14":"first","15":"onbackorder","16":"taxable","17":"shipping-taxable","18":"purchasable","19":"product-type-simple"},"yoast_head":"<!-- This site is optimized with the Yoast SEO Premium plugin v27.3 (Yoast SEO v27.5) - https:\/\/yoast.com\/product\/yoast-seo-premium-wordpress\/ -->\n<title>testo 872s - thermal imaging camera with 320x240 pixels | Nordtec<\/title>\n<meta name=\"description\" content=\"Thermal camera that gives you the best possible support in professional industrial and real estate thermography \u1405 testo 872s \u2713 IR resolution 320 x 240 pixels\" \/>\n<meta name=\"robots\" content=\"noindex, follow, max-snippet:-1, max-image-preview:large, max-video-preview:-1\" \/>\n<meta property=\"og:locale\" content=\"en_US\" \/>\n<meta property=\"og:type\" content=\"article\" \/>\n<meta property=\"og:title\" content=\"testo 872s - thermal imaging camera with 320x240 pixels\" \/>\n<meta property=\"og:description\" content=\"Thermal camera that gives you the best possible support in professional industrial and real estate thermography \u1405 testo 872s \u2713 IR resolution 320 x 240 pixels\" \/>\n<meta property=\"og:url\" content=\"https:\/\/stage.nordtec.se\/en\/product\/measuring-instruments\/thermal-imagers\/testo-872s-thermal-imaging-camera-with-320x240-pixels\/\" \/>\n<meta property=\"og:site_name\" content=\"Nordtec\" \/>\n<meta property=\"article:publisher\" content=\"https:\/\/www.facebook.com\/nordtecinstrument\" \/>\n<meta property=\"article:modified_time\" content=\"2026-01-28T08:31:53+00:00\" \/>\n<meta property=\"og:image\" content=\"https:\/\/stage.nordtec.se\/wp-content\/uploads\/2022\/03\/testo-872s-right-EN_800px.png\" \/>\n\t<meta property=\"og:image:width\" content=\"800\" \/>\n\t<meta property=\"og:image:height\" content=\"800\" \/>\n\t<meta property=\"og:image:type\" content=\"image\/png\" \/>\n<meta name=\"twitter:card\" content=\"summary_large_image\" \/>\n<meta name=\"twitter:label1\" content=\"Est. reading time\" \/>\n\t<meta name=\"twitter:data1\" content=\"4 minutes\" \/>\n<script type=\"application\/ld+json\" class=\"yoast-schema-graph\">{\"@context\":\"https:\\\/\\\/schema.org\",\"@graph\":[{\"@type\":[\"WebPage\",\"ItemPage\"],\"@id\":\"https:\\\/\\\/stage.nordtec.se\\\/en\\\/product\\\/measuring-instruments\\\/thermal-imagers\\\/testo-872s-thermal-imaging-camera-with-320x240-pixels\\\/\",\"url\":\"https:\\\/\\\/stage.nordtec.se\\\/en\\\/product\\\/measuring-instruments\\\/thermal-imagers\\\/testo-872s-thermal-imaging-camera-with-320x240-pixels\\\/\",\"name\":\"testo 872s - thermal imaging camera with 320x240 pixels | Nordtec\",\"isPartOf\":{\"@id\":\"https:\\\/\\\/stage.nordtec.se\\\/en\\\/#website\"},\"primaryImageOfPage\":{\"@id\":\"https:\\\/\\\/stage.nordtec.se\\\/en\\\/product\\\/measuring-instruments\\\/thermal-imagers\\\/testo-872s-thermal-imaging-camera-with-320x240-pixels\\\/#primaryimage\"},\"image\":{\"@id\":\"https:\\\/\\\/stage.nordtec.se\\\/en\\\/product\\\/measuring-instruments\\\/thermal-imagers\\\/testo-872s-thermal-imaging-camera-with-320x240-pixels\\\/#primaryimage\"},\"thumbnailUrl\":\"https:\\\/\\\/stage.nordtec.se\\\/wp-content\\\/uploads\\\/2022\\\/03\\\/testo-872s-right-EN_800px.png\",\"datePublished\":\"2022-03-30T14:00:09+00:00\",\"dateModified\":\"2026-01-28T08:31:53+00:00\",\"description\":\"Thermal camera that gives you the best possible support in professional industrial and real estate thermography \u1405 testo 872s \u2713 IR resolution 320 x 240 pixels\",\"breadcrumb\":{\"@id\":\"https:\\\/\\\/stage.nordtec.se\\\/en\\\/product\\\/measuring-instruments\\\/thermal-imagers\\\/testo-872s-thermal-imaging-camera-with-320x240-pixels\\\/#breadcrumb\"},\"inLanguage\":\"en-US\",\"potentialAction\":[{\"@type\":\"ReadAction\",\"target\":[\"https:\\\/\\\/stage.nordtec.se\\\/en\\\/product\\\/measuring-instruments\\\/thermal-imagers\\\/testo-872s-thermal-imaging-camera-with-320x240-pixels\\\/\"]}]},{\"@type\":\"ImageObject\",\"inLanguage\":\"en-US\",\"@id\":\"https:\\\/\\\/stage.nordtec.se\\\/en\\\/product\\\/measuring-instruments\\\/thermal-imagers\\\/testo-872s-thermal-imaging-camera-with-320x240-pixels\\\/#primaryimage\",\"url\":\"https:\\\/\\\/stage.nordtec.se\\\/wp-content\\\/uploads\\\/2022\\\/03\\\/testo-872s-right-EN_800px.png\",\"contentUrl\":\"https:\\\/\\\/stage.nordtec.se\\\/wp-content\\\/uploads\\\/2022\\\/03\\\/testo-872s-right-EN_800px.png\",\"width\":800,\"height\":800,\"caption\":\"Thermal imaging camera testo 872s right\"},{\"@type\":\"BreadcrumbList\",\"@id\":\"https:\\\/\\\/stage.nordtec.se\\\/en\\\/product\\\/measuring-instruments\\\/thermal-imagers\\\/testo-872s-thermal-imaging-camera-with-320x240-pixels\\\/#breadcrumb\",\"itemListElement\":[{\"@type\":\"ListItem\",\"position\":1,\"name\":\"Hem\",\"item\":\"https:\\\/\\\/stage.nordtec.se\\\/en\\\/\"},{\"@type\":\"ListItem\",\"position\":2,\"name\":\"Shop\",\"item\":\"https:\\\/\\\/stage.nordtec.se\\\/shop\\\/?lang=en\"},{\"@type\":\"ListItem\",\"position\":3,\"name\":\"testo 872s &#8211; thermal imaging camera with 320&#215;240 pixels\"}]},{\"@type\":\"WebSite\",\"@id\":\"https:\\\/\\\/stage.nordtec.se\\\/en\\\/#website\",\"url\":\"https:\\\/\\\/stage.nordtec.se\\\/en\\\/\",\"name\":\"Nordtec\",\"description\":\"Din partner inom m\u00e4tteknik\",\"publisher\":{\"@id\":\"https:\\\/\\\/stage.nordtec.se\\\/en\\\/#organization\"},\"potentialAction\":[{\"@type\":\"SearchAction\",\"target\":{\"@type\":\"EntryPoint\",\"urlTemplate\":\"https:\\\/\\\/stage.nordtec.se\\\/en\\\/?s={search_term_string}\"},\"query-input\":{\"@type\":\"PropertyValueSpecification\",\"valueRequired\":true,\"valueName\":\"search_term_string\"}}],\"inLanguage\":\"en-US\"},{\"@type\":\"Organization\",\"@id\":\"https:\\\/\\\/stage.nordtec.se\\\/en\\\/#organization\",\"name\":\"Nordtec Instrument AB\",\"url\":\"https:\\\/\\\/stage.nordtec.se\\\/en\\\/\",\"logo\":{\"@type\":\"ImageObject\",\"inLanguage\":\"en-US\",\"@id\":\"https:\\\/\\\/stage.nordtec.se\\\/en\\\/#\\\/schema\\\/logo\\\/image\\\/\",\"url\":\"https:\\\/\\\/stage.nordtec.se\\\/wp-content\\\/uploads\\\/2021\\\/08\\\/nordtec_logo_rgb-340px.png\",\"contentUrl\":\"https:\\\/\\\/stage.nordtec.se\\\/wp-content\\\/uploads\\\/2021\\\/08\\\/nordtec_logo_rgb-340px.png\",\"width\":340,\"height\":75,\"caption\":\"Nordtec Instrument AB\"},\"image\":{\"@id\":\"https:\\\/\\\/stage.nordtec.se\\\/en\\\/#\\\/schema\\\/logo\\\/image\\\/\"},\"sameAs\":[\"https:\\\/\\\/www.facebook.com\\\/nordtecinstrument\",\"https:\\\/\\\/www.instagram.com\\\/nordtec_instrument\\\/\",\"https:\\\/\\\/www.linkedin.com\\\/company\\\/nordtec-instrument-ab\\\/\",\"https:\\\/\\\/www.youtube.com\\\/channel\\\/UCbmAq3ZmfBKOGg7_igFURng\"]}]}<\/script>\n<!-- \/ Yoast SEO Premium plugin. -->","yoast_head_json":{"title":"testo 872s - thermal imaging camera with 320x240 pixels | Nordtec","description":"Thermal camera that gives you the best possible support in professional industrial and real estate thermography \u1405 testo 872s \u2713 IR resolution 320 x 240 pixels","robots":{"index":"noindex","follow":"follow","max-snippet":"max-snippet:-1","max-image-preview":"max-image-preview:large","max-video-preview":"max-video-preview:-1"},"og_locale":"en_US","og_type":"article","og_title":"testo 872s - thermal imaging camera with 320x240 pixels","og_description":"Thermal camera that gives you the best possible support in professional industrial and real estate thermography \u1405 testo 872s \u2713 IR resolution 320 x 240 pixels","og_url":"https:\/\/stage.nordtec.se\/en\/product\/measuring-instruments\/thermal-imagers\/testo-872s-thermal-imaging-camera-with-320x240-pixels\/","og_site_name":"Nordtec","article_publisher":"https:\/\/www.facebook.com\/nordtecinstrument","article_modified_time":"2026-01-28T08:31:53+00:00","og_image":[{"width":800,"height":800,"url":"https:\/\/stage.nordtec.se\/wp-content\/uploads\/2022\/03\/testo-872s-right-EN_800px.png","type":"image\/png"}],"twitter_card":"summary_large_image","twitter_misc":{"Est. reading time":"4 minutes"},"schema":{"@context":"https:\/\/schema.org","@graph":[{"@type":["WebPage","ItemPage"],"@id":"https:\/\/stage.nordtec.se\/en\/product\/measuring-instruments\/thermal-imagers\/testo-872s-thermal-imaging-camera-with-320x240-pixels\/","url":"https:\/\/stage.nordtec.se\/en\/product\/measuring-instruments\/thermal-imagers\/testo-872s-thermal-imaging-camera-with-320x240-pixels\/","name":"testo 872s - thermal imaging camera with 320x240 pixels | Nordtec","isPartOf":{"@id":"https:\/\/stage.nordtec.se\/en\/#website"},"primaryImageOfPage":{"@id":"https:\/\/stage.nordtec.se\/en\/product\/measuring-instruments\/thermal-imagers\/testo-872s-thermal-imaging-camera-with-320x240-pixels\/#primaryimage"},"image":{"@id":"https:\/\/stage.nordtec.se\/en\/product\/measuring-instruments\/thermal-imagers\/testo-872s-thermal-imaging-camera-with-320x240-pixels\/#primaryimage"},"thumbnailUrl":"https:\/\/stage.nordtec.se\/wp-content\/uploads\/2022\/03\/testo-872s-right-EN_800px.png","datePublished":"2022-03-30T14:00:09+00:00","dateModified":"2026-01-28T08:31:53+00:00","description":"Thermal camera that gives you the best possible support in professional industrial and real estate thermography \u1405 testo 872s \u2713 IR resolution 320 x 240 pixels","breadcrumb":{"@id":"https:\/\/stage.nordtec.se\/en\/product\/measuring-instruments\/thermal-imagers\/testo-872s-thermal-imaging-camera-with-320x240-pixels\/#breadcrumb"},"inLanguage":"en-US","potentialAction":[{"@type":"ReadAction","target":["https:\/\/stage.nordtec.se\/en\/product\/measuring-instruments\/thermal-imagers\/testo-872s-thermal-imaging-camera-with-320x240-pixels\/"]}]},{"@type":"ImageObject","inLanguage":"en-US","@id":"https:\/\/stage.nordtec.se\/en\/product\/measuring-instruments\/thermal-imagers\/testo-872s-thermal-imaging-camera-with-320x240-pixels\/#primaryimage","url":"https:\/\/stage.nordtec.se\/wp-content\/uploads\/2022\/03\/testo-872s-right-EN_800px.png","contentUrl":"https:\/\/stage.nordtec.se\/wp-content\/uploads\/2022\/03\/testo-872s-right-EN_800px.png","width":800,"height":800,"caption":"Thermal imaging camera testo 872s right"},{"@type":"BreadcrumbList","@id":"https:\/\/stage.nordtec.se\/en\/product\/measuring-instruments\/thermal-imagers\/testo-872s-thermal-imaging-camera-with-320x240-pixels\/#breadcrumb","itemListElement":[{"@type":"ListItem","position":1,"name":"Hem","item":"https:\/\/stage.nordtec.se\/en\/"},{"@type":"ListItem","position":2,"name":"Shop","item":"https:\/\/stage.nordtec.se\/shop\/?lang=en"},{"@type":"ListItem","position":3,"name":"testo 872s &#8211; thermal imaging camera with 320&#215;240 pixels"}]},{"@type":"WebSite","@id":"https:\/\/stage.nordtec.se\/en\/#website","url":"https:\/\/stage.nordtec.se\/en\/","name":"Nordtec","description":"Din partner inom m\u00e4tteknik","publisher":{"@id":"https:\/\/stage.nordtec.se\/en\/#organization"},"potentialAction":[{"@type":"SearchAction","target":{"@type":"EntryPoint","urlTemplate":"https:\/\/stage.nordtec.se\/en\/?s={search_term_string}"},"query-input":{"@type":"PropertyValueSpecification","valueRequired":true,"valueName":"search_term_string"}}],"inLanguage":"en-US"},{"@type":"Organization","@id":"https:\/\/stage.nordtec.se\/en\/#organization","name":"Nordtec Instrument AB","url":"https:\/\/stage.nordtec.se\/en\/","logo":{"@type":"ImageObject","inLanguage":"en-US","@id":"https:\/\/stage.nordtec.se\/en\/#\/schema\/logo\/image\/","url":"https:\/\/stage.nordtec.se\/wp-content\/uploads\/2021\/08\/nordtec_logo_rgb-340px.png","contentUrl":"https:\/\/stage.nordtec.se\/wp-content\/uploads\/2021\/08\/nordtec_logo_rgb-340px.png","width":340,"height":75,"caption":"Nordtec Instrument AB"},"image":{"@id":"https:\/\/stage.nordtec.se\/en\/#\/schema\/logo\/image\/"},"sameAs":["https:\/\/www.facebook.com\/nordtecinstrument","https:\/\/www.instagram.com\/nordtec_instrument\/","https:\/\/www.linkedin.com\/company\/nordtec-instrument-ab\/","https:\/\/www.youtube.com\/channel\/UCbmAq3ZmfBKOGg7_igFURng"]}]}},"taxonomy_info":{"product_brand":[{"value":1435,"label":"Testo"}],"product_cat":[{"value":787,"label":"Building technology"},{"value":782,"label":"HVAC &amp; Property"},{"value":781,"label":"Industry"},{"value":768,"label":"Measuring instruments"},{"value":794,"label":"Thermal imagers"}],"product_tag":[{"value":850,"label":"Bluetooth"}]},"featured_image_src_large":["https:\/\/stage.nordtec.se\/wp-content\/uploads\/2022\/03\/testo-872s-right-EN_800px.png",800,800,false],"author_info":[],"comment_info":"","_links":{"self":[{"href":"https:\/\/stage.nordtec.se\/en\/wp-json\/wp\/v2\/product\/40888","targetHints":{"allow":["GET"]}}],"collection":[{"href":"https:\/\/stage.nordtec.se\/en\/wp-json\/wp\/v2\/product"}],"about":[{"href":"https:\/\/stage.nordtec.se\/en\/wp-json\/wp\/v2\/types\/product"}],"version-history":[{"count":8,"href":"https:\/\/stage.nordtec.se\/en\/wp-json\/wp\/v2\/product\/40888\/revisions"}],"predecessor-version":[{"id":57682,"href":"https:\/\/stage.nordtec.se\/en\/wp-json\/wp\/v2\/product\/40888\/revisions\/57682"}],"wp:featuredmedia":[{"embeddable":true,"href":"https:\/\/stage.nordtec.se\/en\/wp-json\/wp\/v2\/media\/38417"}],"wp:attachment":[{"href":"https:\/\/stage.nordtec.se\/en\/wp-json\/wp\/v2\/media?parent=40888"}],"wp:term":[{"taxonomy":"product_brand","embeddable":true,"href":"https:\/\/stage.nordtec.se\/en\/wp-json\/wp\/v2\/product_brand?post=40888"},{"taxonomy":"product_cat","embeddable":true,"href":"https:\/\/stage.nordtec.se\/en\/wp-json\/wp\/v2\/product_cat?post=40888"},{"taxonomy":"product_tag","embeddable":true,"href":"https:\/\/stage.nordtec.se\/en\/wp-json\/wp\/v2\/product_tag?post=40888"}],"curies":[{"name":"wp","href":"https:\/\/api.w.org\/{rel}","templated":true}]}}