{"id":40885,"date":"2022-03-30T16:14:55","date_gmt":"2022-03-30T14:14:55","guid":{"rendered":"https:\/\/stage.nordtec.se\/produkt\/uncategorized\/testo-440-dp-multi-instrument-with-differential-pressure\/"},"modified":"2025-05-13T08:11:02","modified_gmt":"2025-05-13T06:11:02","slug":"testo-440-dp-multi-instrument-with-differential-pressure","status":"publish","type":"product","link":"https:\/\/stage.nordtec.se\/en\/product\/measuring-instruments\/ventilation-instruments\/air-flow-meters\/testo-440-dp-multi-instrument-with-differential-pressure\/","title":{"rendered":"testo 440 dP &#8211; multi-instrument with differential pressure"},"content":{"rendered":"<h2>testo 440 dP &#8211; Multi-instrument for ventilation \/ indoor climate with differential pressure<\/h2>\n<p>Use the testo 440 dP airflow and indoor climate meter in combination with high-quality sensors (and also testo SmartProbes) to measure and save all ventilation and indoor climate parameters (sensors ordered separately). Up to 3 sensors can be connected simultaneously: a Bluetooth sensor, a cable sensor and a temperature sensor with thermocouple connector type K. Thanks to automatic sensor detection and clearly structured measurement menus, the instrument is very easy to use and will make your daily measurement tasks much easier.<\/p>\n<p><strong>The testo 440 dP already has an integrated differential pressure sensor.<\/strong>  It allows you to perform measurements on filters and fans, as well as with pitot tubes (prandtl tubes) and with K-factor (measuring hook ordered separately).<\/p>\n<p><strong>Measure with just a few clicks<br \/>\n Measuring<\/strong>should be quick and easy &#8211; the testo 440 airflow and indoor climate meter automatically recognizes all connected sensors. This means that you never have to manually reset any measurement parameters when switching to another sensor. Clearly structured measurement menus for duct\/vent volume flow, k-factor, turbulence degree, cooling\/heating load, moisture damage risk indication and logging function. These menus allow you to complete measurement tasks faster, more efficiently and more reliably. Reports can be exported as Excel files via the USB interface or printed on site.<\/p>\n<p><strong>Wireless and compact &#8211; more applications, less equipment<br \/>\n<\/strong>Highly versatile: with a universal handle that can be connected to any transducer, you can handle more applications with less equipment, while taking up more space in your toolbox.<br \/>\nThe Bluetooth handle can transmit readings up to 20 meters, eliminating cable clutter and freeing up space in your toolbox. As a practical option, a cable handle is also available. This is a big advantage if Bluetooth signals are not allowed.<\/p>\n<p><strong>Practical data management<br \/>\n<\/strong>The multi-instrument can store up to a maximum of 7,500 measurement blocks which can be read out via a USB port and further processed as a CSV file on your computer (e.g. with Excel). With the Testo BLUETOOTH\/IRDA printer (ordered separately), you can print a report with your measurement data directly on site.<\/p>\n<p><strong>Intelligent calibration concept for maximum accuracy<br \/>\n<\/strong>You can rely on accurate measurement results when using our digital sensors, as the measurement uncertainty in the instrument is now eliminated. You only need to send in the sensor part for calibration and continue using the multi-instrument itself.<\/p>\n<h2>Advantages and features of the testo 440 airflow and indoor climate meter<\/h2>\n<p><strong>Accurate and reliable in channels and ducts<\/strong><\/p>\n<ul>\n<li>There is a wide range of sensors to choose from: hot wire and vane sensors for measurements in ducts, large \u00d8 100 mm vane sensors for measurements on wall and ceiling diffusers.<\/li>\n<li>Quick calculation of the airflow: in the measurement menu, simply enter the dimensions and shape of the duct. The airflow is shown directly on the instrument display in either l\/s or m3\/h.<\/li>\n<li>You will also discover how easy it is to measure on really big donors. That&#8217;s because the telescope on wire rope and flywheel sensors can be further extended with the telescope accessory &#8211; allowing you to extend the sensor to a total length of 2 meters.<\/li>\n<li>Take measurements at high altitude without using a ladder. Connect the extendable telescopic sensor at a 90\u00b0 angle to the sensor and, if necessary, also the telescopic accessory (both ordered separately).<\/li>\n<li>Use the wing wheels in combination with Testo measuring nozzles over air diffusers and ventilation grilles.<\/li>\n<li>Practical Bluetooth interface: use the airflow sensors without the hassle of cables. Simply press the button on the handle to, for example, start and stop a calculation of the time average at a particular measurement point.<\/li>\n<li>Use the handy magnets to attach the multi-instrument to a metal surface (e.g. a ventilation duct).<\/li>\n<\/ul>\n<p><strong>Long-term measurement of indoor air quality<\/strong><\/p>\n<ul>\n<li>The right sensor for your requirements: sensors for CO2, CO, air temperature and humidity are available with Bluetooth or with a fixed cable.<\/li>\n<li>Easy to use: enter the measurement time and interval in the long-term measurement menu and keep track throughout the day.<\/li>\n<li>Internal memory for 7 500 measuring blocks.<\/li>\n<\/ul>\n<p><strong>Turbulence measurement complying with EN ISO 7730 \/ ASHRAE 55<\/strong><\/p>\n<ul>\n<li>Achieve high accuracy with a turbulence sensor, even at low air speeds.<\/li>\n<li>Automatic calculation of drag and turbulence in accordance with EN ISO 7730\/ASHRAE 55.<\/li>\n<li>For practical measurements at different heights, we recommend our comfort level measurement stand. It makes it very easy to position the turbulence sensors in accordance with the applicable standards.<\/li>\n<\/ul>\n<p><strong>Sensors for cleanrooms and laboratories<\/strong><\/p>\n<ul>\n<li>Fume hood sensor for accurate measurements of air velocity in fume hoods<\/li>\n<li>Thanks to its low initial velocity of 0.1 m\/s, the high accuracy vane sensor (\u00d8 100 mm) is ideal for laminar flow measurements in clean rooms. The sensor is available with a fixed cable and with Bluetooth.<\/li>\n<li>Highly accurate humidity\/temperature sensor (0636 9771 or 0636 9772) with an accuracy of \u00b1(0,6 %RH + 0,7 % of mv) in the range 0 &#8230; 90 %RH for measurements in clean rooms.<\/li>\n<\/ul>\n<h2>Included in delivery<\/h2>\n<p>testo 440dP with integrated differential pressure sensor, connection hose, 3 pcs. AA batteries, USB cable and factory protocol.<\/p>\n<p><span class=\"ui-provider ed ayd aye ayf ayg ayh ayi ayj ayk ayl aym ayn ayo ayp ayq ayr ays ayt ayu ayv ayw ayx ayy ayz aza azb azc azd aze azf azg azh azi azj azk\" dir=\"ltr\"><strong>Fabriksprotokoll:<\/strong>\u00a0utf\u00e4rdas p\u00e5 fabriken efter en kontroll av att produkten fungerar och uppfyller angiven m\u00e4tnoggrannhet. L\u00e4s om <a href=\"https:\/\/stage.nordtec.se\/kalibrering\/iso-9001-kraver-kalibrerad-matutrustning\/\"><u>skillnaden mellan fabriksprotokoll och ackrediterad kalibrering<\/u><\/a>.<\/span><\/p>\n","protected":false},"excerpt":{"rendered":"<p>Multi-instrument with integrated differential pressure sensor<\/p>\n<ul>\n<li>Display airflow in l\/s or m3\/h<\/li>\n<li>Clearly structured measurement menus<\/li>\n<li>Report function<\/li>\n<li>Wide range of digital sensors, both wireless and wired.<\/li>\n<\/ul>\n","protected":false},"featured_media":39512,"template":"","meta":{"_kad_blocks_custom_css":"","_kad_blocks_head_custom_js":"","_kad_blocks_body_custom_js":"","_kad_blocks_footer_custom_js":"","footnotes":""},"product_brand":[1435],"product_cat":[795,787,796,847,831,782,783,781,768,797,830,829],"product_tag":[850,963,965,964,966,912,933,930,932],"class_list":{"0":"post-40885","1":"product","2":"type-product","3":"status-publish","4":"has-post-thumbnail","6":"product_brand-testo","7":"product_cat-air-flow-meters","8":"product_cat-building-technology","9":"product_cat-climate-instrument","10":"product_cat-differential-pressure-gauges","11":"product_cat-humidity-meter","12":"product_cat-hvac-property","13":"product_cat-indoor-climate-working-environment","14":"product_cat-industry","15":"product_cat-measuring-instruments","16":"product_cat-pressure-gauges","17":"product_cat-thermometers","18":"product_cat-ventilation-instruments","19":"product_tag-bluetooth-en","20":"product_tag-over-1000-grader-en","21":"product_tag-over-200-grader-en","22":"product_tag-over-50-grader-en","23":"product_tag-over-500-grader-en","24":"product_tag-tek-en","25":"product_tag-under-170-c-en","26":"product_tag-under-minus-20-grader-en","27":"product_tag-under-70-c-en","29":"first","30":"instock","31":"taxable","32":"shipping-taxable","33":"purchasable","34":"product-type-simple"},"yoast_head":"<!-- This site is optimized with the Yoast SEO Premium plugin v27.3 (Yoast SEO v27.5) - https:\/\/yoast.com\/product\/yoast-seo-premium-wordpress\/ -->\n<title>testo 440 dP - multi-instrument with differential pressure | Nordtec<\/title>\n<meta name=\"description\" content=\"Multi-instrument with Integrated differential pressure sensor \u1405 testo 440 dP \u2713 Display air flow in l\/s or m3\/h \u2713 Clearly structured measurement menus \u2713 Report function\" \/>\n<meta name=\"robots\" content=\"noindex, follow, max-snippet:-1, max-image-preview:large, max-video-preview:-1\" \/>\n<meta property=\"og:locale\" content=\"en_US\" \/>\n<meta property=\"og:type\" content=\"article\" \/>\n<meta property=\"og:title\" content=\"testo 440 dP - multi-instrument with differential pressure\" \/>\n<meta property=\"og:description\" content=\"Multi-instrument with Integrated differential pressure sensor \u1405 testo 440 dP \u2713 Display air flow in l\/s or m3\/h \u2713 Clearly structured measurement menus \u2713 Report function\" \/>\n<meta property=\"og:url\" content=\"https:\/\/stage.nordtec.se\/en\/product\/measuring-instruments\/ventilation-instruments\/air-flow-meters\/testo-440-dp-multi-instrument-with-differential-pressure\/\" \/>\n<meta property=\"og:site_name\" content=\"Nordtec\" \/>\n<meta property=\"article:publisher\" content=\"https:\/\/www.facebook.com\/nordtecinstrument\" \/>\n<meta property=\"article:modified_time\" content=\"2025-05-13T06:11:02+00:00\" \/>\n<meta property=\"og:image\" content=\"https:\/\/stage.nordtec.se\/wp-content\/uploads\/2022\/03\/testo-440-dP-svenska_800px.png\" \/>\n\t<meta property=\"og:image:width\" content=\"800\" \/>\n\t<meta property=\"og:image:height\" content=\"800\" \/>\n\t<meta property=\"og:image:type\" content=\"image\/png\" \/>\n<meta name=\"twitter:card\" content=\"summary_large_image\" \/>\n<meta name=\"twitter:label1\" content=\"Est. reading time\" \/>\n\t<meta name=\"twitter:data1\" content=\"5 minutes\" \/>\n<script type=\"application\/ld+json\" class=\"yoast-schema-graph\">{\"@context\":\"https:\\\/\\\/schema.org\",\"@graph\":[{\"@type\":[\"WebPage\",\"ItemPage\"],\"@id\":\"https:\\\/\\\/stage.nordtec.se\\\/en\\\/product\\\/measuring-instruments\\\/ventilation-instruments\\\/air-flow-meters\\\/testo-440-dp-multi-instrument-with-differential-pressure\\\/\",\"url\":\"https:\\\/\\\/stage.nordtec.se\\\/en\\\/product\\\/measuring-instruments\\\/ventilation-instruments\\\/air-flow-meters\\\/testo-440-dp-multi-instrument-with-differential-pressure\\\/\",\"name\":\"testo 440 dP - multi-instrument with differential pressure | Nordtec\",\"isPartOf\":{\"@id\":\"https:\\\/\\\/stage.nordtec.se\\\/en\\\/#website\"},\"primaryImageOfPage\":{\"@id\":\"https:\\\/\\\/stage.nordtec.se\\\/en\\\/product\\\/measuring-instruments\\\/ventilation-instruments\\\/air-flow-meters\\\/testo-440-dp-multi-instrument-with-differential-pressure\\\/#primaryimage\"},\"image\":{\"@id\":\"https:\\\/\\\/stage.nordtec.se\\\/en\\\/product\\\/measuring-instruments\\\/ventilation-instruments\\\/air-flow-meters\\\/testo-440-dp-multi-instrument-with-differential-pressure\\\/#primaryimage\"},\"thumbnailUrl\":\"https:\\\/\\\/stage.nordtec.se\\\/wp-content\\\/uploads\\\/2022\\\/03\\\/testo-440-dP-svenska_800px.png\",\"datePublished\":\"2022-03-30T14:14:55+00:00\",\"dateModified\":\"2025-05-13T06:11:02+00:00\",\"description\":\"Multi-instrument with Integrated differential pressure sensor \u1405 testo 440 dP \u2713 Display air flow in l\\\/s or m3\\\/h \u2713 Clearly structured measurement menus \u2713 Report function\",\"breadcrumb\":{\"@id\":\"https:\\\/\\\/stage.nordtec.se\\\/en\\\/product\\\/measuring-instruments\\\/ventilation-instruments\\\/air-flow-meters\\\/testo-440-dp-multi-instrument-with-differential-pressure\\\/#breadcrumb\"},\"inLanguage\":\"en-US\",\"potentialAction\":[{\"@type\":\"ReadAction\",\"target\":[\"https:\\\/\\\/stage.nordtec.se\\\/en\\\/product\\\/measuring-instruments\\\/ventilation-instruments\\\/air-flow-meters\\\/testo-440-dp-multi-instrument-with-differential-pressure\\\/\"]}]},{\"@type\":\"ImageObject\",\"inLanguage\":\"en-US\",\"@id\":\"https:\\\/\\\/stage.nordtec.se\\\/en\\\/product\\\/measuring-instruments\\\/ventilation-instruments\\\/air-flow-meters\\\/testo-440-dp-multi-instrument-with-differential-pressure\\\/#primaryimage\",\"url\":\"https:\\\/\\\/stage.nordtec.se\\\/wp-content\\\/uploads\\\/2022\\\/03\\\/testo-440-dP-svenska_800px.png\",\"contentUrl\":\"https:\\\/\\\/stage.nordtec.se\\\/wp-content\\\/uploads\\\/2022\\\/03\\\/testo-440-dP-svenska_800px.png\",\"width\":800,\"height\":800,\"caption\":\"testo 440 dp with Swedish display\"},{\"@type\":\"BreadcrumbList\",\"@id\":\"https:\\\/\\\/stage.nordtec.se\\\/en\\\/product\\\/measuring-instruments\\\/ventilation-instruments\\\/air-flow-meters\\\/testo-440-dp-multi-instrument-with-differential-pressure\\\/#breadcrumb\",\"itemListElement\":[{\"@type\":\"ListItem\",\"position\":1,\"name\":\"Hem\",\"item\":\"https:\\\/\\\/stage.nordtec.se\\\/en\\\/\"},{\"@type\":\"ListItem\",\"position\":2,\"name\":\"Shop\",\"item\":\"https:\\\/\\\/stage.nordtec.se\\\/shop\\\/?lang=en\"},{\"@type\":\"ListItem\",\"position\":3,\"name\":\"testo 440 dP &#8211; multi-instrument with differential pressure\"}]},{\"@type\":\"WebSite\",\"@id\":\"https:\\\/\\\/stage.nordtec.se\\\/en\\\/#website\",\"url\":\"https:\\\/\\\/stage.nordtec.se\\\/en\\\/\",\"name\":\"Nordtec\",\"description\":\"Din partner inom m\u00e4tteknik\",\"publisher\":{\"@id\":\"https:\\\/\\\/stage.nordtec.se\\\/en\\\/#organization\"},\"potentialAction\":[{\"@type\":\"SearchAction\",\"target\":{\"@type\":\"EntryPoint\",\"urlTemplate\":\"https:\\\/\\\/stage.nordtec.se\\\/en\\\/?s={search_term_string}\"},\"query-input\":{\"@type\":\"PropertyValueSpecification\",\"valueRequired\":true,\"valueName\":\"search_term_string\"}}],\"inLanguage\":\"en-US\"},{\"@type\":\"Organization\",\"@id\":\"https:\\\/\\\/stage.nordtec.se\\\/en\\\/#organization\",\"name\":\"Nordtec Instrument AB\",\"url\":\"https:\\\/\\\/stage.nordtec.se\\\/en\\\/\",\"logo\":{\"@type\":\"ImageObject\",\"inLanguage\":\"en-US\",\"@id\":\"https:\\\/\\\/stage.nordtec.se\\\/en\\\/#\\\/schema\\\/logo\\\/image\\\/\",\"url\":\"https:\\\/\\\/stage.nordtec.se\\\/wp-content\\\/uploads\\\/2021\\\/08\\\/nordtec_logo_rgb-340px.png\",\"contentUrl\":\"https:\\\/\\\/stage.nordtec.se\\\/wp-content\\\/uploads\\\/2021\\\/08\\\/nordtec_logo_rgb-340px.png\",\"width\":340,\"height\":75,\"caption\":\"Nordtec Instrument AB\"},\"image\":{\"@id\":\"https:\\\/\\\/stage.nordtec.se\\\/en\\\/#\\\/schema\\\/logo\\\/image\\\/\"},\"sameAs\":[\"https:\\\/\\\/www.facebook.com\\\/nordtecinstrument\",\"https:\\\/\\\/www.instagram.com\\\/nordtec_instrument\\\/\",\"https:\\\/\\\/www.linkedin.com\\\/company\\\/nordtec-instrument-ab\\\/\",\"https:\\\/\\\/www.youtube.com\\\/channel\\\/UCbmAq3ZmfBKOGg7_igFURng\"]}]}<\/script>\n<!-- \/ Yoast SEO Premium plugin. -->","yoast_head_json":{"title":"testo 440 dP - multi-instrument with differential pressure | Nordtec","description":"Multi-instrument with Integrated differential pressure sensor \u1405 testo 440 dP \u2713 Display air flow in l\/s or m3\/h \u2713 Clearly structured measurement menus \u2713 Report function","robots":{"index":"noindex","follow":"follow","max-snippet":"max-snippet:-1","max-image-preview":"max-image-preview:large","max-video-preview":"max-video-preview:-1"},"og_locale":"en_US","og_type":"article","og_title":"testo 440 dP - multi-instrument with differential pressure","og_description":"Multi-instrument with Integrated differential pressure sensor \u1405 testo 440 dP \u2713 Display air flow in l\/s or m3\/h \u2713 Clearly structured measurement menus \u2713 Report function","og_url":"https:\/\/stage.nordtec.se\/en\/product\/measuring-instruments\/ventilation-instruments\/air-flow-meters\/testo-440-dp-multi-instrument-with-differential-pressure\/","og_site_name":"Nordtec","article_publisher":"https:\/\/www.facebook.com\/nordtecinstrument","article_modified_time":"2025-05-13T06:11:02+00:00","og_image":[{"width":800,"height":800,"url":"https:\/\/stage.nordtec.se\/wp-content\/uploads\/2022\/03\/testo-440-dP-svenska_800px.png","type":"image\/png"}],"twitter_card":"summary_large_image","twitter_misc":{"Est. reading time":"5 minutes"},"schema":{"@context":"https:\/\/schema.org","@graph":[{"@type":["WebPage","ItemPage"],"@id":"https:\/\/stage.nordtec.se\/en\/product\/measuring-instruments\/ventilation-instruments\/air-flow-meters\/testo-440-dp-multi-instrument-with-differential-pressure\/","url":"https:\/\/stage.nordtec.se\/en\/product\/measuring-instruments\/ventilation-instruments\/air-flow-meters\/testo-440-dp-multi-instrument-with-differential-pressure\/","name":"testo 440 dP - multi-instrument with differential pressure | Nordtec","isPartOf":{"@id":"https:\/\/stage.nordtec.se\/en\/#website"},"primaryImageOfPage":{"@id":"https:\/\/stage.nordtec.se\/en\/product\/measuring-instruments\/ventilation-instruments\/air-flow-meters\/testo-440-dp-multi-instrument-with-differential-pressure\/#primaryimage"},"image":{"@id":"https:\/\/stage.nordtec.se\/en\/product\/measuring-instruments\/ventilation-instruments\/air-flow-meters\/testo-440-dp-multi-instrument-with-differential-pressure\/#primaryimage"},"thumbnailUrl":"https:\/\/stage.nordtec.se\/wp-content\/uploads\/2022\/03\/testo-440-dP-svenska_800px.png","datePublished":"2022-03-30T14:14:55+00:00","dateModified":"2025-05-13T06:11:02+00:00","description":"Multi-instrument with Integrated differential pressure sensor \u1405 testo 440 dP \u2713 Display air flow in l\/s or m3\/h \u2713 Clearly structured measurement menus \u2713 Report function","breadcrumb":{"@id":"https:\/\/stage.nordtec.se\/en\/product\/measuring-instruments\/ventilation-instruments\/air-flow-meters\/testo-440-dp-multi-instrument-with-differential-pressure\/#breadcrumb"},"inLanguage":"en-US","potentialAction":[{"@type":"ReadAction","target":["https:\/\/stage.nordtec.se\/en\/product\/measuring-instruments\/ventilation-instruments\/air-flow-meters\/testo-440-dp-multi-instrument-with-differential-pressure\/"]}]},{"@type":"ImageObject","inLanguage":"en-US","@id":"https:\/\/stage.nordtec.se\/en\/product\/measuring-instruments\/ventilation-instruments\/air-flow-meters\/testo-440-dp-multi-instrument-with-differential-pressure\/#primaryimage","url":"https:\/\/stage.nordtec.se\/wp-content\/uploads\/2022\/03\/testo-440-dP-svenska_800px.png","contentUrl":"https:\/\/stage.nordtec.se\/wp-content\/uploads\/2022\/03\/testo-440-dP-svenska_800px.png","width":800,"height":800,"caption":"testo 440 dp with Swedish display"},{"@type":"BreadcrumbList","@id":"https:\/\/stage.nordtec.se\/en\/product\/measuring-instruments\/ventilation-instruments\/air-flow-meters\/testo-440-dp-multi-instrument-with-differential-pressure\/#breadcrumb","itemListElement":[{"@type":"ListItem","position":1,"name":"Hem","item":"https:\/\/stage.nordtec.se\/en\/"},{"@type":"ListItem","position":2,"name":"Shop","item":"https:\/\/stage.nordtec.se\/shop\/?lang=en"},{"@type":"ListItem","position":3,"name":"testo 440 dP &#8211; multi-instrument with differential pressure"}]},{"@type":"WebSite","@id":"https:\/\/stage.nordtec.se\/en\/#website","url":"https:\/\/stage.nordtec.se\/en\/","name":"Nordtec","description":"Din partner inom m\u00e4tteknik","publisher":{"@id":"https:\/\/stage.nordtec.se\/en\/#organization"},"potentialAction":[{"@type":"SearchAction","target":{"@type":"EntryPoint","urlTemplate":"https:\/\/stage.nordtec.se\/en\/?s={search_term_string}"},"query-input":{"@type":"PropertyValueSpecification","valueRequired":true,"valueName":"search_term_string"}}],"inLanguage":"en-US"},{"@type":"Organization","@id":"https:\/\/stage.nordtec.se\/en\/#organization","name":"Nordtec Instrument AB","url":"https:\/\/stage.nordtec.se\/en\/","logo":{"@type":"ImageObject","inLanguage":"en-US","@id":"https:\/\/stage.nordtec.se\/en\/#\/schema\/logo\/image\/","url":"https:\/\/stage.nordtec.se\/wp-content\/uploads\/2021\/08\/nordtec_logo_rgb-340px.png","contentUrl":"https:\/\/stage.nordtec.se\/wp-content\/uploads\/2021\/08\/nordtec_logo_rgb-340px.png","width":340,"height":75,"caption":"Nordtec Instrument AB"},"image":{"@id":"https:\/\/stage.nordtec.se\/en\/#\/schema\/logo\/image\/"},"sameAs":["https:\/\/www.facebook.com\/nordtecinstrument","https:\/\/www.instagram.com\/nordtec_instrument\/","https:\/\/www.linkedin.com\/company\/nordtec-instrument-ab\/","https:\/\/www.youtube.com\/channel\/UCbmAq3ZmfBKOGg7_igFURng"]}]}},"taxonomy_info":{"product_brand":[{"value":1435,"label":"Testo"}],"product_cat":[{"value":795,"label":"Air flow meters"},{"value":787,"label":"Building technology"},{"value":796,"label":"Climate instrument"},{"value":847,"label":"Differential pressure gauges"},{"value":831,"label":"Humidity meters"},{"value":782,"label":"HVAC &amp; Property"},{"value":783,"label":"Indoor climate &amp; working environment"},{"value":781,"label":"Industry"},{"value":768,"label":"Measuring instruments"},{"value":797,"label":"Pressure gauges"},{"value":830,"label":"Thermometers"},{"value":829,"label":"Ventilation instruments"}],"product_tag":[{"value":850,"label":"Bluetooth"},{"value":963,"label":"\u00d6ver +1 000 \u00b0C"},{"value":965,"label":"\u00d6ver +200 \u00b0C"},{"value":964,"label":"\u00d6ver +50 \u00b0C"},{"value":966,"label":"\u00d6ver +500 \u00b0C"},{"value":912,"label":"TE typ K"},{"value":933,"label":"Under -170 \u00b0C"},{"value":930,"label":"Under -20 \u00b0C"},{"value":932,"label":"Under -70 \u00b0C"}]},"featured_image_src_large":["https:\/\/stage.nordtec.se\/wp-content\/uploads\/2022\/03\/testo-440-dP-svenska_800px.png",800,800,false],"author_info":[],"comment_info":"","_links":{"self":[{"href":"https:\/\/stage.nordtec.se\/en\/wp-json\/wp\/v2\/product\/40885","targetHints":{"allow":["GET"]}}],"collection":[{"href":"https:\/\/stage.nordtec.se\/en\/wp-json\/wp\/v2\/product"}],"about":[{"href":"https:\/\/stage.nordtec.se\/en\/wp-json\/wp\/v2\/types\/product"}],"version-history":[{"count":4,"href":"https:\/\/stage.nordtec.se\/en\/wp-json\/wp\/v2\/product\/40885\/revisions"}],"predecessor-version":[{"id":53290,"href":"https:\/\/stage.nordtec.se\/en\/wp-json\/wp\/v2\/product\/40885\/revisions\/53290"}],"wp:featuredmedia":[{"embeddable":true,"href":"https:\/\/stage.nordtec.se\/en\/wp-json\/wp\/v2\/media\/39512"}],"wp:attachment":[{"href":"https:\/\/stage.nordtec.se\/en\/wp-json\/wp\/v2\/media?parent=40885"}],"wp:term":[{"taxonomy":"product_brand","embeddable":true,"href":"https:\/\/stage.nordtec.se\/en\/wp-json\/wp\/v2\/product_brand?post=40885"},{"taxonomy":"product_cat","embeddable":true,"href":"https:\/\/stage.nordtec.se\/en\/wp-json\/wp\/v2\/product_cat?post=40885"},{"taxonomy":"product_tag","embeddable":true,"href":"https:\/\/stage.nordtec.se\/en\/wp-json\/wp\/v2\/product_tag?post=40885"}],"curies":[{"name":"wp","href":"https:\/\/api.w.org\/{rel}","templated":true}]}}