{"id":40883,"date":"2022-03-30T16:14:55","date_gmt":"2022-03-30T14:14:55","guid":{"rendered":"https:\/\/stage.nordtec.se\/produkt\/uncategorized\/testo-440-measuring-set-with-16-mm-wing-wheel-sensor\/"},"modified":"2025-05-06T14:32:28","modified_gmt":"2025-05-06T12:32:28","slug":"testo-440-measuring-set-with-16-mm-wing-wheel-sensor","status":"publish","type":"product","link":"https:\/\/stage.nordtec.se\/en\/product\/measuring-instruments\/ventilation-instruments\/air-flow-meters\/testo-440-measuring-set-with-16-mm-wing-wheel-sensor\/","title":{"rendered":"testo 440 &#8211; measuring set with 16 mm vane sensor"},"content":{"rendered":"<h2>Ventilation meter set with 16 mm vane sensor<\/h2>\n<p>This measurement kit includes the testo 440. It can be connected to a wide range of digital sensors, testo SmartProbes and many other temperature sensors. Clearly structured measurement menus for duct\/vent volume flow, k-factor, turbulence degree, cooling\/heating load, moisture damage risk indication and logging function. These menus allow you to complete measurement tasks faster, more efficiently and more reliably. Reports can be exported as Excel files via the USB interface or printed on site.<\/p>\n<p>This is a handy kit for measuring air speed and air flow in ducts. The instrument and vane sensor are easy to use and extremely handy when adjusting ventilation systems.<\/p>\n<p><strong>Included in the measurement set<\/strong><\/p>\n<ul>\n<li>The testo 400 ventilation and indoor climate meter<\/li>\n<li><a href=\"https:\/\/stage.nordtec.se\/en\/produkt\/measuring-instruments\/ventilation-instruments\/air-velocity\/impeller-sensor-o-16-mm-plug-in\/?lang=en\">Vane sensor with 16 mm diameter (0635 9570), fixed cable (1.8 m) and telescope (0.85 m).<\/a><\/li>\n<li>Base case for testo 440 and 1 transducer<\/li>\n<\/ul>\n<p><span class=\"ui-provider ed ayd aye ayf ayg ayh ayi ayj ayk ayl aym ayn ayo ayp ayq ayr ays ayt ayu ayv ayw ayx ayy ayz aza azb azc azd aze azf azg azh azi azj azk\" dir=\"ltr\"><strong>Fabriksprotokoll:<\/strong>\u00a0utf\u00e4rdas p\u00e5 fabriken efter en kontroll av att produkten fungerar och uppfyller angiven m\u00e4tnoggrannhet. L\u00e4s om <a href=\"https:\/\/stage.nordtec.se\/kalibrering\/iso-9001-kraver-kalibrerad-matutrustning\/\"><u>skillnaden mellan fabriksprotokoll och ackrediterad kalibrering<\/u><\/a>.<\/span><\/p>\n","protected":false},"excerpt":{"rendered":"<p>Measurement kit for measuring air speed, air flow and air temperature in ducts<\/p>\n<ul>\n<li>Vane sensor with 16 mm diameter<\/li>\n<li>Display airflow in l\/s or m3\/h<\/li>\n<li>Telescope<\/li>\n<\/ul>\n","protected":false},"featured_media":39578,"template":"","meta":{"_kad_blocks_custom_css":"","_kad_blocks_head_custom_js":"","_kad_blocks_body_custom_js":"","_kad_blocks_footer_custom_js":"","footnotes":""},"product_brand":[1435],"product_cat":[795,768,829],"product_tag":[850,938,939],"class_list":{"0":"post-40883","1":"product","2":"type-product","3":"status-publish","4":"has-post-thumbnail","6":"product_brand-testo","7":"product_cat-air-flow-meters","8":"product_cat-measuring-instruments","9":"product_cat-ventilation-instruments","10":"product_tag-bluetooth-en","11":"product_tag-ventilation-en","12":"product_tag-vinghjul-en","14":"first","15":"onbackorder","16":"taxable","17":"shipping-taxable","18":"purchasable","19":"product-type-simple"},"yoast_head":"<!-- This site is optimized with the Yoast SEO Premium plugin v27.3 (Yoast SEO v27.5) - https:\/\/yoast.com\/product\/yoast-seo-premium-wordpress\/ -->\n<title>testo 440 - measuring set with 16 mm vane sensor | Nordtec<\/title>\n<meta name=\"description\" content=\"Measurement set for measuring air velocity, air flow and air temperature in ducts \u1405 testo 440 \u2713 16 mm diameter vane sensor \u2713 Telescope\" \/>\n<meta name=\"robots\" content=\"noindex, follow, max-snippet:-1, max-image-preview:large, max-video-preview:-1\" \/>\n<meta property=\"og:locale\" content=\"en_US\" \/>\n<meta property=\"og:type\" content=\"article\" \/>\n<meta property=\"og:title\" content=\"testo 440 - measuring set with 16 mm vane sensor\" \/>\n<meta property=\"og:description\" content=\"Measurement set for measuring air velocity, air flow and air temperature in ducts \u1405 testo 440 \u2713 16 mm diameter vane sensor \u2713 Telescope\" \/>\n<meta property=\"og:url\" content=\"https:\/\/stage.nordtec.se\/en\/product\/measuring-instruments\/ventilation-instruments\/air-flow-meters\/testo-440-measuring-set-with-16-mm-wing-wheel-sensor\/\" \/>\n<meta property=\"og:site_name\" content=\"Nordtec\" \/>\n<meta property=\"article:publisher\" content=\"https:\/\/www.facebook.com\/nordtecinstrument\" \/>\n<meta property=\"article:modified_time\" content=\"2025-05-06T12:32:28+00:00\" \/>\n<meta property=\"og:image\" content=\"https:\/\/stage.nordtec.se\/wp-content\/uploads\/2022\/03\/Matset-med-varmtradsgivare-0563-4401.png\" \/>\n\t<meta property=\"og:image:width\" content=\"800\" \/>\n\t<meta property=\"og:image:height\" content=\"800\" \/>\n\t<meta property=\"og:image:type\" content=\"image\/png\" \/>\n<meta name=\"twitter:card\" content=\"summary_large_image\" \/>\n<meta name=\"twitter:label1\" content=\"Est. reading time\" \/>\n\t<meta name=\"twitter:data1\" content=\"2 minutes\" \/>\n<script type=\"application\/ld+json\" class=\"yoast-schema-graph\">{\"@context\":\"https:\\\/\\\/schema.org\",\"@graph\":[{\"@type\":[\"WebPage\",\"ItemPage\"],\"@id\":\"https:\\\/\\\/stage.nordtec.se\\\/en\\\/product\\\/measuring-instruments\\\/ventilation-instruments\\\/air-flow-meters\\\/testo-440-measuring-set-with-16-mm-wing-wheel-sensor\\\/\",\"url\":\"https:\\\/\\\/stage.nordtec.se\\\/en\\\/product\\\/measuring-instruments\\\/ventilation-instruments\\\/air-flow-meters\\\/testo-440-measuring-set-with-16-mm-wing-wheel-sensor\\\/\",\"name\":\"testo 440 - measuring set with 16 mm vane sensor | Nordtec\",\"isPartOf\":{\"@id\":\"https:\\\/\\\/stage.nordtec.se\\\/en\\\/#website\"},\"primaryImageOfPage\":{\"@id\":\"https:\\\/\\\/stage.nordtec.se\\\/en\\\/product\\\/measuring-instruments\\\/ventilation-instruments\\\/air-flow-meters\\\/testo-440-measuring-set-with-16-mm-wing-wheel-sensor\\\/#primaryimage\"},\"image\":{\"@id\":\"https:\\\/\\\/stage.nordtec.se\\\/en\\\/product\\\/measuring-instruments\\\/ventilation-instruments\\\/air-flow-meters\\\/testo-440-measuring-set-with-16-mm-wing-wheel-sensor\\\/#primaryimage\"},\"thumbnailUrl\":\"https:\\\/\\\/stage.nordtec.se\\\/wp-content\\\/uploads\\\/2022\\\/03\\\/Matset-med-varmtradsgivare-0563-4401.png\",\"datePublished\":\"2022-03-30T14:14:55+00:00\",\"dateModified\":\"2025-05-06T12:32:28+00:00\",\"description\":\"Measurement set for measuring air velocity, air flow and air temperature in ducts \u1405 testo 440 \u2713 16 mm diameter vane sensor \u2713 Telescope\",\"breadcrumb\":{\"@id\":\"https:\\\/\\\/stage.nordtec.se\\\/en\\\/product\\\/measuring-instruments\\\/ventilation-instruments\\\/air-flow-meters\\\/testo-440-measuring-set-with-16-mm-wing-wheel-sensor\\\/#breadcrumb\"},\"inLanguage\":\"en-US\",\"potentialAction\":[{\"@type\":\"ReadAction\",\"target\":[\"https:\\\/\\\/stage.nordtec.se\\\/en\\\/product\\\/measuring-instruments\\\/ventilation-instruments\\\/air-flow-meters\\\/testo-440-measuring-set-with-16-mm-wing-wheel-sensor\\\/\"]}]},{\"@type\":\"ImageObject\",\"inLanguage\":\"en-US\",\"@id\":\"https:\\\/\\\/stage.nordtec.se\\\/en\\\/product\\\/measuring-instruments\\\/ventilation-instruments\\\/air-flow-meters\\\/testo-440-measuring-set-with-16-mm-wing-wheel-sensor\\\/#primaryimage\",\"url\":\"https:\\\/\\\/stage.nordtec.se\\\/wp-content\\\/uploads\\\/2022\\\/03\\\/Matset-med-varmtradsgivare-0563-4401.png\",\"contentUrl\":\"https:\\\/\\\/stage.nordtec.se\\\/wp-content\\\/uploads\\\/2022\\\/03\\\/Matset-med-varmtradsgivare-0563-4401.png\",\"width\":800,\"height\":800,\"caption\":\"testo 440 measuring kit with vane sensor\"},{\"@type\":\"BreadcrumbList\",\"@id\":\"https:\\\/\\\/stage.nordtec.se\\\/en\\\/product\\\/measuring-instruments\\\/ventilation-instruments\\\/air-flow-meters\\\/testo-440-measuring-set-with-16-mm-wing-wheel-sensor\\\/#breadcrumb\",\"itemListElement\":[{\"@type\":\"ListItem\",\"position\":1,\"name\":\"Hem\",\"item\":\"https:\\\/\\\/stage.nordtec.se\\\/en\\\/\"},{\"@type\":\"ListItem\",\"position\":2,\"name\":\"Shop\",\"item\":\"https:\\\/\\\/stage.nordtec.se\\\/shop\\\/?lang=en\"},{\"@type\":\"ListItem\",\"position\":3,\"name\":\"testo 440 &#8211; measuring set with 16 mm vane sensor\"}]},{\"@type\":\"WebSite\",\"@id\":\"https:\\\/\\\/stage.nordtec.se\\\/en\\\/#website\",\"url\":\"https:\\\/\\\/stage.nordtec.se\\\/en\\\/\",\"name\":\"Nordtec\",\"description\":\"Din partner inom m\u00e4tteknik\",\"publisher\":{\"@id\":\"https:\\\/\\\/stage.nordtec.se\\\/en\\\/#organization\"},\"potentialAction\":[{\"@type\":\"SearchAction\",\"target\":{\"@type\":\"EntryPoint\",\"urlTemplate\":\"https:\\\/\\\/stage.nordtec.se\\\/en\\\/?s={search_term_string}\"},\"query-input\":{\"@type\":\"PropertyValueSpecification\",\"valueRequired\":true,\"valueName\":\"search_term_string\"}}],\"inLanguage\":\"en-US\"},{\"@type\":\"Organization\",\"@id\":\"https:\\\/\\\/stage.nordtec.se\\\/en\\\/#organization\",\"name\":\"Nordtec Instrument AB\",\"url\":\"https:\\\/\\\/stage.nordtec.se\\\/en\\\/\",\"logo\":{\"@type\":\"ImageObject\",\"inLanguage\":\"en-US\",\"@id\":\"https:\\\/\\\/stage.nordtec.se\\\/en\\\/#\\\/schema\\\/logo\\\/image\\\/\",\"url\":\"https:\\\/\\\/stage.nordtec.se\\\/wp-content\\\/uploads\\\/2021\\\/08\\\/nordtec_logo_rgb-340px.png\",\"contentUrl\":\"https:\\\/\\\/stage.nordtec.se\\\/wp-content\\\/uploads\\\/2021\\\/08\\\/nordtec_logo_rgb-340px.png\",\"width\":340,\"height\":75,\"caption\":\"Nordtec Instrument AB\"},\"image\":{\"@id\":\"https:\\\/\\\/stage.nordtec.se\\\/en\\\/#\\\/schema\\\/logo\\\/image\\\/\"},\"sameAs\":[\"https:\\\/\\\/www.facebook.com\\\/nordtecinstrument\",\"https:\\\/\\\/www.instagram.com\\\/nordtec_instrument\\\/\",\"https:\\\/\\\/www.linkedin.com\\\/company\\\/nordtec-instrument-ab\\\/\",\"https:\\\/\\\/www.youtube.com\\\/channel\\\/UCbmAq3ZmfBKOGg7_igFURng\"]}]}<\/script>\n<!-- \/ Yoast SEO Premium plugin. -->","yoast_head_json":{"title":"testo 440 - measuring set with 16 mm vane sensor | Nordtec","description":"Measurement set for measuring air velocity, air flow and air temperature in ducts \u1405 testo 440 \u2713 16 mm diameter vane sensor \u2713 Telescope","robots":{"index":"noindex","follow":"follow","max-snippet":"max-snippet:-1","max-image-preview":"max-image-preview:large","max-video-preview":"max-video-preview:-1"},"og_locale":"en_US","og_type":"article","og_title":"testo 440 - measuring set with 16 mm vane sensor","og_description":"Measurement set for measuring air velocity, air flow and air temperature in ducts \u1405 testo 440 \u2713 16 mm diameter vane sensor \u2713 Telescope","og_url":"https:\/\/stage.nordtec.se\/en\/product\/measuring-instruments\/ventilation-instruments\/air-flow-meters\/testo-440-measuring-set-with-16-mm-wing-wheel-sensor\/","og_site_name":"Nordtec","article_publisher":"https:\/\/www.facebook.com\/nordtecinstrument","article_modified_time":"2025-05-06T12:32:28+00:00","og_image":[{"width":800,"height":800,"url":"https:\/\/stage.nordtec.se\/wp-content\/uploads\/2022\/03\/Matset-med-varmtradsgivare-0563-4401.png","type":"image\/png"}],"twitter_card":"summary_large_image","twitter_misc":{"Est. reading time":"2 minutes"},"schema":{"@context":"https:\/\/schema.org","@graph":[{"@type":["WebPage","ItemPage"],"@id":"https:\/\/stage.nordtec.se\/en\/product\/measuring-instruments\/ventilation-instruments\/air-flow-meters\/testo-440-measuring-set-with-16-mm-wing-wheel-sensor\/","url":"https:\/\/stage.nordtec.se\/en\/product\/measuring-instruments\/ventilation-instruments\/air-flow-meters\/testo-440-measuring-set-with-16-mm-wing-wheel-sensor\/","name":"testo 440 - measuring set with 16 mm vane sensor | Nordtec","isPartOf":{"@id":"https:\/\/stage.nordtec.se\/en\/#website"},"primaryImageOfPage":{"@id":"https:\/\/stage.nordtec.se\/en\/product\/measuring-instruments\/ventilation-instruments\/air-flow-meters\/testo-440-measuring-set-with-16-mm-wing-wheel-sensor\/#primaryimage"},"image":{"@id":"https:\/\/stage.nordtec.se\/en\/product\/measuring-instruments\/ventilation-instruments\/air-flow-meters\/testo-440-measuring-set-with-16-mm-wing-wheel-sensor\/#primaryimage"},"thumbnailUrl":"https:\/\/stage.nordtec.se\/wp-content\/uploads\/2022\/03\/Matset-med-varmtradsgivare-0563-4401.png","datePublished":"2022-03-30T14:14:55+00:00","dateModified":"2025-05-06T12:32:28+00:00","description":"Measurement set for measuring air velocity, air flow and air temperature in ducts \u1405 testo 440 \u2713 16 mm diameter vane sensor \u2713 Telescope","breadcrumb":{"@id":"https:\/\/stage.nordtec.se\/en\/product\/measuring-instruments\/ventilation-instruments\/air-flow-meters\/testo-440-measuring-set-with-16-mm-wing-wheel-sensor\/#breadcrumb"},"inLanguage":"en-US","potentialAction":[{"@type":"ReadAction","target":["https:\/\/stage.nordtec.se\/en\/product\/measuring-instruments\/ventilation-instruments\/air-flow-meters\/testo-440-measuring-set-with-16-mm-wing-wheel-sensor\/"]}]},{"@type":"ImageObject","inLanguage":"en-US","@id":"https:\/\/stage.nordtec.se\/en\/product\/measuring-instruments\/ventilation-instruments\/air-flow-meters\/testo-440-measuring-set-with-16-mm-wing-wheel-sensor\/#primaryimage","url":"https:\/\/stage.nordtec.se\/wp-content\/uploads\/2022\/03\/Matset-med-varmtradsgivare-0563-4401.png","contentUrl":"https:\/\/stage.nordtec.se\/wp-content\/uploads\/2022\/03\/Matset-med-varmtradsgivare-0563-4401.png","width":800,"height":800,"caption":"testo 440 measuring kit with vane sensor"},{"@type":"BreadcrumbList","@id":"https:\/\/stage.nordtec.se\/en\/product\/measuring-instruments\/ventilation-instruments\/air-flow-meters\/testo-440-measuring-set-with-16-mm-wing-wheel-sensor\/#breadcrumb","itemListElement":[{"@type":"ListItem","position":1,"name":"Hem","item":"https:\/\/stage.nordtec.se\/en\/"},{"@type":"ListItem","position":2,"name":"Shop","item":"https:\/\/stage.nordtec.se\/shop\/?lang=en"},{"@type":"ListItem","position":3,"name":"testo 440 &#8211; measuring set with 16 mm vane sensor"}]},{"@type":"WebSite","@id":"https:\/\/stage.nordtec.se\/en\/#website","url":"https:\/\/stage.nordtec.se\/en\/","name":"Nordtec","description":"Din partner inom m\u00e4tteknik","publisher":{"@id":"https:\/\/stage.nordtec.se\/en\/#organization"},"potentialAction":[{"@type":"SearchAction","target":{"@type":"EntryPoint","urlTemplate":"https:\/\/stage.nordtec.se\/en\/?s={search_term_string}"},"query-input":{"@type":"PropertyValueSpecification","valueRequired":true,"valueName":"search_term_string"}}],"inLanguage":"en-US"},{"@type":"Organization","@id":"https:\/\/stage.nordtec.se\/en\/#organization","name":"Nordtec Instrument AB","url":"https:\/\/stage.nordtec.se\/en\/","logo":{"@type":"ImageObject","inLanguage":"en-US","@id":"https:\/\/stage.nordtec.se\/en\/#\/schema\/logo\/image\/","url":"https:\/\/stage.nordtec.se\/wp-content\/uploads\/2021\/08\/nordtec_logo_rgb-340px.png","contentUrl":"https:\/\/stage.nordtec.se\/wp-content\/uploads\/2021\/08\/nordtec_logo_rgb-340px.png","width":340,"height":75,"caption":"Nordtec Instrument AB"},"image":{"@id":"https:\/\/stage.nordtec.se\/en\/#\/schema\/logo\/image\/"},"sameAs":["https:\/\/www.facebook.com\/nordtecinstrument","https:\/\/www.instagram.com\/nordtec_instrument\/","https:\/\/www.linkedin.com\/company\/nordtec-instrument-ab\/","https:\/\/www.youtube.com\/channel\/UCbmAq3ZmfBKOGg7_igFURng"]}]}},"taxonomy_info":{"product_brand":[{"value":1435,"label":"Testo"}],"product_cat":[{"value":795,"label":"Air flow meters"},{"value":768,"label":"Measuring instruments"},{"value":829,"label":"Ventilation instruments"}],"product_tag":[{"value":850,"label":"Bluetooth"},{"value":938,"label":"Ventilation"},{"value":939,"label":"Vinghjul"}]},"featured_image_src_large":["https:\/\/stage.nordtec.se\/wp-content\/uploads\/2022\/03\/Matset-med-varmtradsgivare-0563-4401.png",800,800,false],"author_info":[],"comment_info":"","_links":{"self":[{"href":"https:\/\/stage.nordtec.se\/en\/wp-json\/wp\/v2\/product\/40883","targetHints":{"allow":["GET"]}}],"collection":[{"href":"https:\/\/stage.nordtec.se\/en\/wp-json\/wp\/v2\/product"}],"about":[{"href":"https:\/\/stage.nordtec.se\/en\/wp-json\/wp\/v2\/types\/product"}],"version-history":[{"count":6,"href":"https:\/\/stage.nordtec.se\/en\/wp-json\/wp\/v2\/product\/40883\/revisions"}],"predecessor-version":[{"id":51456,"href":"https:\/\/stage.nordtec.se\/en\/wp-json\/wp\/v2\/product\/40883\/revisions\/51456"}],"wp:featuredmedia":[{"embeddable":true,"href":"https:\/\/stage.nordtec.se\/en\/wp-json\/wp\/v2\/media\/39578"}],"wp:attachment":[{"href":"https:\/\/stage.nordtec.se\/en\/wp-json\/wp\/v2\/media?parent=40883"}],"wp:term":[{"taxonomy":"product_brand","embeddable":true,"href":"https:\/\/stage.nordtec.se\/en\/wp-json\/wp\/v2\/product_brand?post=40883"},{"taxonomy":"product_cat","embeddable":true,"href":"https:\/\/stage.nordtec.se\/en\/wp-json\/wp\/v2\/product_cat?post=40883"},{"taxonomy":"product_tag","embeddable":true,"href":"https:\/\/stage.nordtec.se\/en\/wp-json\/wp\/v2\/product_tag?post=40883"}],"curies":[{"name":"wp","href":"https:\/\/api.w.org\/{rel}","templated":true}]}}