{"id":40879,"date":"2022-03-30T16:14:55","date_gmt":"2022-03-30T14:14:55","guid":{"rendered":"https:\/\/stage.nordtec.se\/produkt\/uncategorized\/testo-400-climate-instrument-for-ventilation-and-indoor-climate\/"},"modified":"2025-07-29T13:19:37","modified_gmt":"2025-07-29T11:19:37","slug":"testo-400-climate-instrument-for-ventilation-and-indoor-climate","status":"publish","type":"product","link":"https:\/\/stage.nordtec.se\/en\/product\/measuring-instruments\/ventilation-instruments\/air-flow-meters\/testo-400-climate-instrument-for-ventilation-and-indoor-climate\/","title":{"rendered":"testo 400 &#8211; climate instrument for ventilation and indoor climate"},"content":{"rendered":"<h2>testo 400 &#8211; climate instrument for ventilation and indoor climate professionals<\/h2>\n<p>The new generation of climate instruments.  <strong>Smarter. Faster. Better.<\/strong><\/p>\n<p><strong>Smarter<\/strong><br \/>\nThe versatile testo 400 climate instrument and the wide range of precision sensors were developed with a single goal in mind: to make all measurement tasks in the field of ventilation easier and less complicated than ever before.<\/p>\n<p><strong>Faster<\/strong><br \/>\nWith testo 400 you can perform tasks that were previously only possible with a PC and software &#8211; directly on site with just one measuring instrument!<\/p>\n<p><strong>Better<\/strong><br \/>\nWith the testo 400 you always have your own personal assistant with you. The more demanding the measurement, the more support you get from the help functions in setting, measuring and evaluating the results.<\/p>\n<h2>Advantages of the testo 400<\/h2>\n<ul>\n<li>Smart user support with ready-made measurement menus and measurement value analysis with traffic light principle &#8211; for error-free measurements.<\/li>\n<li>Manage all relevant customer data including measurement points directly in the instrument &#8211; work efficiently and directly at the measurement site.<\/li>\n<li>Finish the assignment by creating a report with full documentation, including photos, comments and your own logo directly on the site &#8211; get to the next job faster.<\/li>\n<li>The sensor can be changed without restarting the instrument &#8211; easy handling without losing time.<\/li>\n<li>The digital sensors can be calibrated completely independently of the measuring instrument. This means that you can continue to use the instrument with other sensors.<\/li>\n<li>The handy service bag provided includes molded slots for specific sensors and accessories.<\/li>\n<\/ul>\n<p>So, as a consultant, expert or service technician in the ventilation sector, the testo 400 will help you carry out your measurement tasks quickly and efficiently. Relevant quality parameters in industrial production and manufacturing processes can also be checked reliably and accurately with the testo 400.<\/p>\n<h2>Maximum airflow measurement<\/h2>\n<ul>\n<li><strong>If you want to see the air flow rate in l\/s or m3\/h<\/strong>, the instrument can easily calculate and display this according to current standards.<\/li>\n<li>You always have all measurement sites with you, ready to use<\/li>\n<li>Bluetooth wireless sensors for maximum freedom of movement at work<\/li>\n<li>Easily conclude with a finished report directly on site<\/li>\n<\/ul>\n<h2>Maximized measurement in laboratories, cleanrooms and industry<\/h2>\n<ul>\n<li>Help function for PMV\/PPD measurements and determination of draft levels<\/li>\n<li>IAQ data logger (optional) for long-term measurement of indoor climate, independent of the instrument<\/li>\n<li>Complete the report either directly on site or later on a PC.<\/li>\n<\/ul>\n<h2>Maximum comfort level measurement<\/h2>\n<ul>\n<li>Highest precision, especially for pressure and temperature measurements<\/li>\n<li>View all measurements in table and chart format<\/li>\n<li>Zero error adjustment in the instrument for even more accurate measurements<\/li>\n<\/ul>\n<h2>Common sensor range with testo 440<\/h2>\n<p>The sensor range of the versatile <strong>testo 400<\/strong> climate instrument is shared with the <strong>testo 440<\/strong>. This means you can add to your toolbox as you go along and don&#8217;t need to buy new sensors if you invest in both instruments.<\/p>\n<h2>The delivery includes<\/h2>\n<p>Climate instrument testo 400 for ventilation and indoor climate, service bag for air flow measurement, PC program testo DataControl, connection hose, power supply unit with USB cable and factory protocol.<\/p>\n<p>Download the testo DataControl from the<strong>&#8220;Download<\/strong>&#8221; tab.<\/p>\n<p><span class=\"ui-provider ed ayd aye ayf ayg ayh ayi ayj ayk ayl aym ayn ayo ayp ayq ayr ays ayt ayu ayv ayw ayx ayy ayz aza azb azc azd aze azf azg azh azi azj azk\" dir=\"ltr\"><strong>Fabriksprotokoll:<\/strong>\u00a0utf\u00e4rdas p\u00e5 fabriken efter en kontroll av att produkten fungerar och uppfyller angiven m\u00e4tnoggrannhet. L\u00e4s om <a href=\"https:\/\/stage.nordtec.se\/kalibrering\/iso-9001-kraver-kalibrerad-matutrustning\/\"><u>skillnaden mellan fabriksprotokoll och ackrediterad kalibrering<\/u><\/a>.<\/span><\/p>\n<!-- Shortcode [ventilationskampanj] does not exist -->\n<p><strong>OBS!<\/strong> Givare ing\u00e5r inte. V\u00e4lj en givare som uppfyller dina krav fr\u00e5n v\u00e5rt breda sortiment under fliken \u201dGivare\u201d.<\/p>\n<p>&nbsp;<\/p>\n","protected":false},"excerpt":{"rendered":"<p>Climate instrument for all ventilation and indoor climate professionals with a large touch screen.<\/p>\n<ul>\n<li>Shows the air flow rate in l\/s or m3\/h<\/li>\n<li>Integrated rear\/front cameras (8 megapixel \/ 5 megapixel)<\/li>\n<li>Highly accurate and position-independent differential pressure sensor<\/li>\n<li>High quality digital sensors, both wireless and wired.<\/li>\n<\/ul>\n","protected":false},"featured_media":39469,"template":"","meta":{"_kad_blocks_custom_css":"","_kad_blocks_head_custom_js":"","_kad_blocks_body_custom_js":"","_kad_blocks_footer_custom_js":"","footnotes":""},"product_brand":[1435],"product_cat":[795,796,847,831,782,783,768,797,830,829],"product_tag":[850,963,965,964,966,912,933,930,932],"class_list":{"0":"post-40879","1":"product","2":"type-product","3":"status-publish","4":"has-post-thumbnail","6":"product_brand-testo","7":"product_cat-air-flow-meters","8":"product_cat-climate-instrument","9":"product_cat-differential-pressure-gauges","10":"product_cat-humidity-meter","11":"product_cat-hvac-property","12":"product_cat-indoor-climate-working-environment","13":"product_cat-measuring-instruments","14":"product_cat-pressure-gauges","15":"product_cat-thermometers","16":"product_cat-ventilation-instruments","17":"product_tag-bluetooth-en","18":"product_tag-over-1000-grader-en","19":"product_tag-over-200-grader-en","20":"product_tag-over-50-grader-en","21":"product_tag-over-500-grader-en","22":"product_tag-tek-en","23":"product_tag-under-170-c-en","24":"product_tag-under-minus-20-grader-en","25":"product_tag-under-70-c-en","27":"first","28":"instock","29":"taxable","30":"shipping-taxable","31":"purchasable","32":"product-type-simple"},"yoast_head":"<!-- This site is optimized with the Yoast SEO Premium plugin v25.8 (Yoast SEO v27.4) - https:\/\/yoast.com\/product\/yoast-seo-premium-wordpress\/ -->\n<title>testo 400 - climate instrument for ventilation and indoor climate | Nordtec<\/title>\n<meta name=\"description\" content=\"Climate instrument for professionals with large touch screen \u1405 testo 400 \u2713 Displays the air flow in l\/s or m3\/h \u2713 Highly accurate and position-independent differential pressure sensor.\" \/>\n<meta name=\"robots\" content=\"noindex, follow, max-snippet:-1, max-image-preview:large, max-video-preview:-1\" \/>\n<meta property=\"og:locale\" content=\"en_US\" \/>\n<meta property=\"og:type\" content=\"article\" \/>\n<meta property=\"og:title\" content=\"testo 400 - climate instrument for ventilation and indoor climate\" \/>\n<meta property=\"og:description\" content=\"Climate instrument for professionals with large touch screen \u1405 testo 400 \u2713 Displays the air flow in l\/s or m3\/h \u2713 Highly accurate and position-independent differential pressure sensor.\" \/>\n<meta property=\"og:url\" content=\"https:\/\/stage.nordtec.se\/en\/product\/measuring-instruments\/ventilation-instruments\/air-flow-meters\/testo-400-climate-instrument-for-ventilation-and-indoor-climate\/\" \/>\n<meta property=\"og:site_name\" content=\"Nordtec\" \/>\n<meta property=\"article:publisher\" content=\"https:\/\/www.facebook.com\/nordtecinstrument\" \/>\n<meta property=\"article:modified_time\" content=\"2025-07-29T11:19:37+00:00\" \/>\n<meta property=\"og:image\" content=\"https:\/\/stage.nordtec.se\/wp-content\/uploads\/2022\/03\/testo-400-front-svensk-text-800PX.png\" \/>\n\t<meta property=\"og:image:width\" content=\"800\" \/>\n\t<meta property=\"og:image:height\" content=\"800\" \/>\n\t<meta property=\"og:image:type\" content=\"image\/png\" \/>\n<meta name=\"twitter:card\" content=\"summary_large_image\" \/>\n<meta name=\"twitter:label1\" content=\"Est. reading time\" \/>\n\t<meta name=\"twitter:data1\" content=\"3 minutes\" \/>\n<script type=\"application\/ld+json\" class=\"yoast-schema-graph\">{\"@context\":\"https:\\\/\\\/schema.org\",\"@graph\":[{\"@type\":[\"WebPage\",\"ItemPage\"],\"@id\":\"https:\\\/\\\/stage.nordtec.se\\\/en\\\/product\\\/measuring-instruments\\\/ventilation-instruments\\\/air-flow-meters\\\/testo-400-climate-instrument-for-ventilation-and-indoor-climate\\\/\",\"url\":\"https:\\\/\\\/stage.nordtec.se\\\/en\\\/product\\\/measuring-instruments\\\/ventilation-instruments\\\/air-flow-meters\\\/testo-400-climate-instrument-for-ventilation-and-indoor-climate\\\/\",\"name\":\"testo 400 - climate instrument for ventilation and indoor climate | Nordtec\",\"isPartOf\":{\"@id\":\"https:\\\/\\\/stage.nordtec.se\\\/en\\\/#website\"},\"primaryImageOfPage\":{\"@id\":\"https:\\\/\\\/stage.nordtec.se\\\/en\\\/product\\\/measuring-instruments\\\/ventilation-instruments\\\/air-flow-meters\\\/testo-400-climate-instrument-for-ventilation-and-indoor-climate\\\/#primaryimage\"},\"image\":{\"@id\":\"https:\\\/\\\/stage.nordtec.se\\\/en\\\/product\\\/measuring-instruments\\\/ventilation-instruments\\\/air-flow-meters\\\/testo-400-climate-instrument-for-ventilation-and-indoor-climate\\\/#primaryimage\"},\"thumbnailUrl\":\"https:\\\/\\\/stage.nordtec.se\\\/wp-content\\\/uploads\\\/2022\\\/03\\\/testo-400-front-svensk-text-800PX.png\",\"datePublished\":\"2022-03-30T14:14:55+00:00\",\"dateModified\":\"2025-07-29T11:19:37+00:00\",\"description\":\"Climate instrument for professionals with large touch screen \u1405 testo 400 \u2713 Displays the air flow in l\\\/s or m3\\\/h \u2713 Highly accurate and position-independent differential pressure sensor.\",\"breadcrumb\":{\"@id\":\"https:\\\/\\\/stage.nordtec.se\\\/en\\\/product\\\/measuring-instruments\\\/ventilation-instruments\\\/air-flow-meters\\\/testo-400-climate-instrument-for-ventilation-and-indoor-climate\\\/#breadcrumb\"},\"inLanguage\":\"en-US\",\"potentialAction\":[{\"@type\":\"ReadAction\",\"target\":[\"https:\\\/\\\/stage.nordtec.se\\\/en\\\/product\\\/measuring-instruments\\\/ventilation-instruments\\\/air-flow-meters\\\/testo-400-climate-instrument-for-ventilation-and-indoor-climate\\\/\"]}]},{\"@type\":\"ImageObject\",\"inLanguage\":\"en-US\",\"@id\":\"https:\\\/\\\/stage.nordtec.se\\\/en\\\/product\\\/measuring-instruments\\\/ventilation-instruments\\\/air-flow-meters\\\/testo-400-climate-instrument-for-ventilation-and-indoor-climate\\\/#primaryimage\",\"url\":\"https:\\\/\\\/stage.nordtec.se\\\/wp-content\\\/uploads\\\/2022\\\/03\\\/testo-400-front-svensk-text-800PX.png\",\"contentUrl\":\"https:\\\/\\\/stage.nordtec.se\\\/wp-content\\\/uploads\\\/2022\\\/03\\\/testo-400-front-svensk-text-800PX.png\",\"width\":800,\"height\":800,\"caption\":\"testo 400 with Swedish display text\"},{\"@type\":\"BreadcrumbList\",\"@id\":\"https:\\\/\\\/stage.nordtec.se\\\/en\\\/product\\\/measuring-instruments\\\/ventilation-instruments\\\/air-flow-meters\\\/testo-400-climate-instrument-for-ventilation-and-indoor-climate\\\/#breadcrumb\",\"itemListElement\":[{\"@type\":\"ListItem\",\"position\":1,\"name\":\"Hem\",\"item\":\"https:\\\/\\\/stage.nordtec.se\\\/en\\\/?lang=en\"},{\"@type\":\"ListItem\",\"position\":2,\"name\":\"Shop\",\"item\":\"https:\\\/\\\/stage.nordtec.se\\\/shop\\\/?lang=en\"},{\"@type\":\"ListItem\",\"position\":3,\"name\":\"testo 400 &#8211; climate instrument for ventilation and indoor climate\"}]},{\"@type\":\"WebSite\",\"@id\":\"https:\\\/\\\/stage.nordtec.se\\\/en\\\/#website\",\"url\":\"https:\\\/\\\/stage.nordtec.se\\\/en\\\/\",\"name\":\"Nordtec\",\"description\":\"Din partner inom m\u00e4tteknik\",\"publisher\":{\"@id\":\"https:\\\/\\\/stage.nordtec.se\\\/en\\\/#organization\"},\"potentialAction\":[{\"@type\":\"SearchAction\",\"target\":{\"@type\":\"EntryPoint\",\"urlTemplate\":\"https:\\\/\\\/stage.nordtec.se\\\/en\\\/?s={search_term_string}\"},\"query-input\":{\"@type\":\"PropertyValueSpecification\",\"valueRequired\":true,\"valueName\":\"search_term_string\"}}],\"inLanguage\":\"en-US\"},{\"@type\":\"Organization\",\"@id\":\"https:\\\/\\\/stage.nordtec.se\\\/en\\\/#organization\",\"name\":\"Nordtec Instrument AB\",\"url\":\"https:\\\/\\\/stage.nordtec.se\\\/en\\\/\",\"logo\":{\"@type\":\"ImageObject\",\"inLanguage\":\"en-US\",\"@id\":\"https:\\\/\\\/stage.nordtec.se\\\/en\\\/#\\\/schema\\\/logo\\\/image\\\/\",\"url\":\"https:\\\/\\\/stage.nordtec.se\\\/wp-content\\\/uploads\\\/2021\\\/08\\\/nordtec_logo_rgb-340px.png\",\"contentUrl\":\"https:\\\/\\\/stage.nordtec.se\\\/wp-content\\\/uploads\\\/2021\\\/08\\\/nordtec_logo_rgb-340px.png\",\"width\":340,\"height\":75,\"caption\":\"Nordtec Instrument AB\"},\"image\":{\"@id\":\"https:\\\/\\\/stage.nordtec.se\\\/en\\\/#\\\/schema\\\/logo\\\/image\\\/\"},\"sameAs\":[\"https:\\\/\\\/www.facebook.com\\\/nordtecinstrument\",\"https:\\\/\\\/www.instagram.com\\\/nordtec_instrument\\\/\",\"https:\\\/\\\/www.linkedin.com\\\/company\\\/nordtec-instrument-ab\\\/\",\"https:\\\/\\\/www.youtube.com\\\/channel\\\/UCbmAq3ZmfBKOGg7_igFURng\"]}]}<\/script>\n<!-- \/ Yoast SEO Premium plugin. -->","yoast_head_json":{"title":"testo 400 - climate instrument for ventilation and indoor climate | Nordtec","description":"Climate instrument for professionals with large touch screen \u1405 testo 400 \u2713 Displays the air flow in l\/s or m3\/h \u2713 Highly accurate and position-independent differential pressure sensor.","robots":{"index":"noindex","follow":"follow","max-snippet":"max-snippet:-1","max-image-preview":"max-image-preview:large","max-video-preview":"max-video-preview:-1"},"og_locale":"en_US","og_type":"article","og_title":"testo 400 - climate instrument for ventilation and indoor climate","og_description":"Climate instrument for professionals with large touch screen \u1405 testo 400 \u2713 Displays the air flow in l\/s or m3\/h \u2713 Highly accurate and position-independent differential pressure sensor.","og_url":"https:\/\/stage.nordtec.se\/en\/product\/measuring-instruments\/ventilation-instruments\/air-flow-meters\/testo-400-climate-instrument-for-ventilation-and-indoor-climate\/","og_site_name":"Nordtec","article_publisher":"https:\/\/www.facebook.com\/nordtecinstrument","article_modified_time":"2025-07-29T11:19:37+00:00","og_image":[{"width":800,"height":800,"url":"https:\/\/stage.nordtec.se\/wp-content\/uploads\/2022\/03\/testo-400-front-svensk-text-800PX.png","type":"image\/png"}],"twitter_card":"summary_large_image","twitter_misc":{"Est. reading time":"3 minutes"},"schema":{"@context":"https:\/\/schema.org","@graph":[{"@type":["WebPage","ItemPage"],"@id":"https:\/\/stage.nordtec.se\/en\/product\/measuring-instruments\/ventilation-instruments\/air-flow-meters\/testo-400-climate-instrument-for-ventilation-and-indoor-climate\/","url":"https:\/\/stage.nordtec.se\/en\/product\/measuring-instruments\/ventilation-instruments\/air-flow-meters\/testo-400-climate-instrument-for-ventilation-and-indoor-climate\/","name":"testo 400 - climate instrument for ventilation and indoor climate | Nordtec","isPartOf":{"@id":"https:\/\/stage.nordtec.se\/en\/#website"},"primaryImageOfPage":{"@id":"https:\/\/stage.nordtec.se\/en\/product\/measuring-instruments\/ventilation-instruments\/air-flow-meters\/testo-400-climate-instrument-for-ventilation-and-indoor-climate\/#primaryimage"},"image":{"@id":"https:\/\/stage.nordtec.se\/en\/product\/measuring-instruments\/ventilation-instruments\/air-flow-meters\/testo-400-climate-instrument-for-ventilation-and-indoor-climate\/#primaryimage"},"thumbnailUrl":"https:\/\/stage.nordtec.se\/wp-content\/uploads\/2022\/03\/testo-400-front-svensk-text-800PX.png","datePublished":"2022-03-30T14:14:55+00:00","dateModified":"2025-07-29T11:19:37+00:00","description":"Climate instrument for professionals with large touch screen \u1405 testo 400 \u2713 Displays the air flow in l\/s or m3\/h \u2713 Highly accurate and position-independent differential pressure sensor.","breadcrumb":{"@id":"https:\/\/stage.nordtec.se\/en\/product\/measuring-instruments\/ventilation-instruments\/air-flow-meters\/testo-400-climate-instrument-for-ventilation-and-indoor-climate\/#breadcrumb"},"inLanguage":"en-US","potentialAction":[{"@type":"ReadAction","target":["https:\/\/stage.nordtec.se\/en\/product\/measuring-instruments\/ventilation-instruments\/air-flow-meters\/testo-400-climate-instrument-for-ventilation-and-indoor-climate\/"]}]},{"@type":"ImageObject","inLanguage":"en-US","@id":"https:\/\/stage.nordtec.se\/en\/product\/measuring-instruments\/ventilation-instruments\/air-flow-meters\/testo-400-climate-instrument-for-ventilation-and-indoor-climate\/#primaryimage","url":"https:\/\/stage.nordtec.se\/wp-content\/uploads\/2022\/03\/testo-400-front-svensk-text-800PX.png","contentUrl":"https:\/\/stage.nordtec.se\/wp-content\/uploads\/2022\/03\/testo-400-front-svensk-text-800PX.png","width":800,"height":800,"caption":"testo 400 with Swedish display text"},{"@type":"BreadcrumbList","@id":"https:\/\/stage.nordtec.se\/en\/product\/measuring-instruments\/ventilation-instruments\/air-flow-meters\/testo-400-climate-instrument-for-ventilation-and-indoor-climate\/#breadcrumb","itemListElement":[{"@type":"ListItem","position":1,"name":"Hem","item":"https:\/\/stage.nordtec.se\/en\/?lang=en"},{"@type":"ListItem","position":2,"name":"Shop","item":"https:\/\/stage.nordtec.se\/shop\/?lang=en"},{"@type":"ListItem","position":3,"name":"testo 400 &#8211; climate instrument for ventilation and indoor climate"}]},{"@type":"WebSite","@id":"https:\/\/stage.nordtec.se\/en\/#website","url":"https:\/\/stage.nordtec.se\/en\/","name":"Nordtec","description":"Din partner inom m\u00e4tteknik","publisher":{"@id":"https:\/\/stage.nordtec.se\/en\/#organization"},"potentialAction":[{"@type":"SearchAction","target":{"@type":"EntryPoint","urlTemplate":"https:\/\/stage.nordtec.se\/en\/?s={search_term_string}"},"query-input":{"@type":"PropertyValueSpecification","valueRequired":true,"valueName":"search_term_string"}}],"inLanguage":"en-US"},{"@type":"Organization","@id":"https:\/\/stage.nordtec.se\/en\/#organization","name":"Nordtec Instrument AB","url":"https:\/\/stage.nordtec.se\/en\/","logo":{"@type":"ImageObject","inLanguage":"en-US","@id":"https:\/\/stage.nordtec.se\/en\/#\/schema\/logo\/image\/","url":"https:\/\/stage.nordtec.se\/wp-content\/uploads\/2021\/08\/nordtec_logo_rgb-340px.png","contentUrl":"https:\/\/stage.nordtec.se\/wp-content\/uploads\/2021\/08\/nordtec_logo_rgb-340px.png","width":340,"height":75,"caption":"Nordtec Instrument AB"},"image":{"@id":"https:\/\/stage.nordtec.se\/en\/#\/schema\/logo\/image\/"},"sameAs":["https:\/\/www.facebook.com\/nordtecinstrument","https:\/\/www.instagram.com\/nordtec_instrument\/","https:\/\/www.linkedin.com\/company\/nordtec-instrument-ab\/","https:\/\/www.youtube.com\/channel\/UCbmAq3ZmfBKOGg7_igFURng"]}]}},"taxonomy_info":{"product_brand":[{"value":1435,"label":"Testo"}],"product_cat":[{"value":795,"label":"Air flow meters"},{"value":796,"label":"Climate instrument"},{"value":847,"label":"Differential pressure gauges"},{"value":831,"label":"Humidity meters"},{"value":782,"label":"HVAC &amp; Property"},{"value":783,"label":"Indoor climate &amp; working environment"},{"value":768,"label":"Measuring instruments"},{"value":797,"label":"Pressure gauges"},{"value":830,"label":"Thermometers"},{"value":829,"label":"Ventilation instruments"}],"product_tag":[{"value":850,"label":"Bluetooth"},{"value":963,"label":"\u00d6ver +1 000 \u00b0C"},{"value":965,"label":"\u00d6ver +200 \u00b0C"},{"value":964,"label":"\u00d6ver +50 \u00b0C"},{"value":966,"label":"\u00d6ver +500 \u00b0C"},{"value":912,"label":"TE typ K"},{"value":933,"label":"Under -170 \u00b0C"},{"value":930,"label":"Under -20 \u00b0C"},{"value":932,"label":"Under -70 \u00b0C"}]},"featured_image_src_large":["https:\/\/stage.nordtec.se\/wp-content\/uploads\/2022\/03\/testo-400-front-svensk-text-800PX.png",800,800,false],"author_info":[],"comment_info":"","_links":{"self":[{"href":"https:\/\/stage.nordtec.se\/en\/wp-json\/wp\/v2\/product\/40879","targetHints":{"allow":["GET"]}}],"collection":[{"href":"https:\/\/stage.nordtec.se\/en\/wp-json\/wp\/v2\/product"}],"about":[{"href":"https:\/\/stage.nordtec.se\/en\/wp-json\/wp\/v2\/types\/product"}],"version-history":[{"count":11,"href":"https:\/\/stage.nordtec.se\/en\/wp-json\/wp\/v2\/product\/40879\/revisions"}],"predecessor-version":[{"id":53981,"href":"https:\/\/stage.nordtec.se\/en\/wp-json\/wp\/v2\/product\/40879\/revisions\/53981"}],"wp:featuredmedia":[{"embeddable":true,"href":"https:\/\/stage.nordtec.se\/en\/wp-json\/wp\/v2\/media\/39469"}],"wp:attachment":[{"href":"https:\/\/stage.nordtec.se\/en\/wp-json\/wp\/v2\/media?parent=40879"}],"wp:term":[{"taxonomy":"product_brand","embeddable":true,"href":"https:\/\/stage.nordtec.se\/en\/wp-json\/wp\/v2\/product_brand?post=40879"},{"taxonomy":"product_cat","embeddable":true,"href":"https:\/\/stage.nordtec.se\/en\/wp-json\/wp\/v2\/product_cat?post=40879"},{"taxonomy":"product_tag","embeddable":true,"href":"https:\/\/stage.nordtec.se\/en\/wp-json\/wp\/v2\/product_tag?post=40879"}],"curies":[{"name":"wp","href":"https:\/\/api.w.org\/{rel}","templated":true}]}}